{"id":70746,"date":"2019-11-16T15:22:10","date_gmt":"2019-11-16T14:22:11","guid":{"rendered":"https:\/\/tourtravelandmore.com\/?post_type=product&#038;p=70746"},"modified":"2023-06-17T04:42:40","modified_gmt":"2023-06-17T02:42:40","slug":"tour-berchtesgaden-y-los-alpes-bavaros-desde-salzburgo-tour-privado","status":"publish","type":"product","link":"https:\/\/tourtravelandmore.com\/es\/tours\/austria-es\/salzburgo-es\/tour-berchtesgaden-y-los-alpes-bavaros-desde-salzburgo-tour-privado\/","title":{"rendered":"Excursi\u00f3n privada a la ciudad de Berchtesgaden y los Alpes B\u00e1varos desde Salzburgo"},"content":{"rendered":"<h2>Descripci\u00f3n de la Excursi\u00f3n\u00a0privada a la ciudad de Berchtesgaden y los Alpes B\u00e1varos desde Salzburgo<\/h2>\n<p>Disfrute de este<strong> tour <\/strong><strong>Berchtesgaden y los Alpes B\u00e1varos desde Salzburgo<\/strong> junto con su <strong>gu\u00eda oficial privado<\/strong> y <strong>vehiculo privado con ch\u00f3fer.<\/strong><\/p>\n<p>Nos reuniremos en su Hotel o lugar de su elecci\u00f3n en Salzburgo, donde su chofer privado lo recoger\u00e1 y lo llevar\u00e1 a su primer destino en <strong>Berchtesgaden.<\/strong> Una vez en Berchtesgaden, se encontrar\u00e1 con su gu\u00eda oficial que le mostrar\u00e1 lo mejor de la ciudad, sus lugares de inter\u00e9s y sus principales atracciones, como el pueblo de Berchtesgaden, la mina de sal y el nido del \u00e1guila de Hitler.<\/p>\n<p>La duraci\u00f3n de este tour <strong>tour <\/strong><strong>Berchtesgaden y los Alpes B\u00e1varos desde Salzburgo<\/strong>, es de 8 Horas. Al ser un tour privado pueden escoger la hora y lugar de comienzo.<\/p>\n<p><strong>Berchtesgaden<\/strong> es una localidad b\u00e1vara, que da nombre al \u00fanico parque nacional de los Alpes alemanes. Berchtesgaden es un lugar id\u00edlico con un pasado oscuro, algo que se pone de relieve en su Centro de Documentaci\u00f3n. A pesar de su situaci\u00f3n id\u00edlica, o precisamente por eso, la historia de Berchtesgaden tambi\u00e9n incluye un cap\u00edtulo terrible: Adolf Hitler, quien en los a\u00f1os 1920 ya hab\u00eda descubierto los encantos de Berchtesgaden, convirti\u00f3 el vecino pueblo de monta\u00f1a, Obersalzberg, en su n\u00facleo de poder m\u00e1s importante despu\u00e9s de Berl\u00edn.<\/p>\n<h2>Puntos de inter\u00e9s en la Excursi\u00f3n privada a la ciudad de Berchtesgaden y los Alpes B\u00e1varos desde Salzburgo<\/h2>\n<p>Durante su tour privado por Berchtesgaden descubrir\u00e1 algunos de los lugares m\u00e1s reconocidos de la ciudad.<\/p>\n<p>Ser\u00e1s testigo de su belleza rural \u00fanica.<\/p>\n<p>Entre los sitios que puede visitar a trav\u00e9s de este tour privado, ofrecemos:<\/p>\n<ul>\n<li><strong>El nido de las \u00e1guilas de Hitler<\/strong><\/li>\n<li><strong>El Lago del rey<\/strong><\/li>\n<li><strong>La Cumbre Kehlstein<\/strong><\/li>\n<li><strong>Mina de sal<\/strong><\/li>\n<li><strong>Rossfeld<\/strong><\/li>\n<li><strong>Poblado de Berchtesgaden<\/strong><\/li>\n<li><strong>Obersalzberg<\/strong><\/li>\n<li>Y muchos m\u00e1s lugares en esta excursi\u00f3n privada por <b>Berchtesgaden y los Alpes B\u00e1varos<\/b><\/li>\n<\/ul>\n<p>Si dispone de m\u00e1s d\u00edas, puedes consultar <a href=\"https:\/\/tourtravelandmore.com\/es\/ciudad\/austria-es\/salzburgo-es\/\"><strong>aqu\u00ed<\/strong><\/a>, el resto de tours privados de la ciudad <strong> Salzburgo<\/strong>.<\/p>\n<p>A trav\u00e9s del formulario de contacto, puedes contactar con nosotros y le enviaremos la informaci\u00f3n detallada.<\/p>\n","protected":false},"excerpt":{"rendered":"<p>Avent\u00farese en esta <strong>excursi\u00f3n <\/strong><strong>privada de 8 horas<\/strong>\u00a0<strong>totalmente\u00a0personalizada\u00a0<\/strong>por<strong> Berchtesgaden y los Alpes B\u00e1varos desde Salzburgo. <\/strong>Conozca sus calles y estructuras medievales donde podr\u00e1 admirar la belleza rural de sus paisajes y sus monumentos naturales.<\/p>\n","protected":false},"featured_media":65977,"comment_status":"open","ping_status":"closed","template":"","meta":{"_acf_changed":false},"product_brand":[],"product_cat":[1583,1422,1430,1429],"product_tag":[1393,4041,1392],"class_list":{"0":"post-70746","1":"product","2":"type-product","3":"status-publish","4":"has-post-thumbnail","6":"product_cat-austria-es","7":"product_cat-salzburgo-es","8":"product_cat-salzburgo-actividades-es","9":"product_cat-salzburgo-rutas-turisticas-privadas-es","10":"product_tag-city-tour-es","11":"product_tag-private-es","12":"product_tag-private-tour-es","14":"first","15":"instock","16":"shipping-taxable","17":"purchasable","18":"product-type-simple"},"acf":[],"yoast_head":"<!-- This site is optimized with the Yoast SEO Premium plugin v25.3.1 (Yoast SEO v25.3.1) - https:\/\/yoast.com\/wordpress\/plugins\/seo\/ -->\n<title>\u27a1\ufe0f Tour Berchtesgaden y los Alpes B\u00e1varos desde Salzburgo | Tour Travel &amp; More<\/title>\n<meta name=\"description\" content=\"Disfruta de este Tour Berchtesgaden y los Alpes B\u00e1varos desde Salzburgo, junto a su gu\u00eda oficial privado y vehiculo privado \u2705\" \/>\n<meta name=\"robots\" content=\"index, follow, max-snippet:-1, max-image-preview:large, max-video-preview:-1\" \/>\n<link rel=\"canonical\" href=\"https:\/\/tourtravelandmore.com\/es\/tours\/austria-es\/salzburgo-es\/tour-berchtesgaden-y-los-alpes-bavaros-desde-salzburgo-tour-privado\/\" \/>\n<meta property=\"og:locale\" content=\"es_ES\" \/>\n<meta property=\"og:type\" content=\"article\" \/>\n<meta property=\"og:title\" content=\"Excursi\u00f3n privada a la ciudad de Berchtesgaden y los Alpes B\u00e1varos desde Salzburgo\" \/>\n<meta property=\"og:description\" content=\"Disfruta de este Tour Berchtesgaden y los Alpes B\u00e1varos desde Salzburgo, junto a su gu\u00eda oficial privado y vehiculo privado \u2705\" \/>\n<meta property=\"og:url\" content=\"https:\/\/tourtravelandmore.com\/es\/tours\/austria-es\/salzburgo-es\/tour-berchtesgaden-y-los-alpes-bavaros-desde-salzburgo-tour-privado\/\" \/>\n<meta property=\"og:site_name\" content=\"Tour Travel And More\" \/>\n<meta property=\"article:publisher\" content=\"https:\/\/www.facebook.com\/tourtravelandmore\/\" \/>\n<meta property=\"article:modified_time\" content=\"2023-06-17T02:42:40+00:00\" \/>\n<meta property=\"og:image\" content=\"https:\/\/tourtravelandmore.com\/wp-content\/uploads\/2019\/09\/berchtesgaden.jpg\" \/>\n\t<meta property=\"og:image:width\" content=\"960\" \/>\n\t<meta property=\"og:image:height\" content=\"720\" \/>\n\t<meta property=\"og:image:type\" content=\"image\/jpeg\" \/>\n<meta name=\"twitter:card\" content=\"summary_large_image\" \/>\n<meta name=\"twitter:site\" content=\"@TourTravel_More\" \/>\n<meta name=\"twitter:label1\" content=\"Tiempo de lectura\" \/>\n\t<meta name=\"twitter:data1\" content=\"2 minutos\" \/>\n<script type=\"application\/ld+json\" class=\"yoast-schema-graph\">{\"@context\":\"https:\/\/schema.org\",\"@graph\":[{\"@type\":\"WebPage\",\"@id\":\"https:\/\/tourtravelandmore.com\/es\/tours\/austria-es\/salzburgo-es\/tour-berchtesgaden-y-los-alpes-bavaros-desde-salzburgo-tour-privado\/\",\"url\":\"https:\/\/tourtravelandmore.com\/es\/tours\/austria-es\/salzburgo-es\/tour-berchtesgaden-y-los-alpes-bavaros-desde-salzburgo-tour-privado\/\",\"name\":\"\u27a1\ufe0f Tour Berchtesgaden y los Alpes B\u00e1varos desde Salzburgo | Tour Travel & More\",\"isPartOf\":{\"@id\":\"https:\/\/tourtravelandmore.com\/es\/#website\"},\"primaryImageOfPage\":{\"@id\":\"https:\/\/tourtravelandmore.com\/es\/tours\/austria-es\/salzburgo-es\/tour-berchtesgaden-y-los-alpes-bavaros-desde-salzburgo-tour-privado\/#primaryimage\"},\"image\":{\"@id\":\"https:\/\/tourtravelandmore.com\/es\/tours\/austria-es\/salzburgo-es\/tour-berchtesgaden-y-los-alpes-bavaros-desde-salzburgo-tour-privado\/#primaryimage\"},\"thumbnailUrl\":\"https:\/\/tourtravelandmore.com\/wp-content\/uploads\/2019\/09\/berchtesgaden.jpg\",\"datePublished\":\"2019-11-16T14:22:11+00:00\",\"dateModified\":\"2023-06-17T02:42:40+00:00\",\"description\":\"Disfruta de este Tour Berchtesgaden y los Alpes B\u00e1varos desde Salzburgo, junto a su gu\u00eda oficial privado y vehiculo privado \u2705\",\"breadcrumb\":{\"@id\":\"https:\/\/tourtravelandmore.com\/es\/tours\/austria-es\/salzburgo-es\/tour-berchtesgaden-y-los-alpes-bavaros-desde-salzburgo-tour-privado\/#breadcrumb\"},\"inLanguage\":\"es\",\"potentialAction\":[{\"@type\":\"ReadAction\",\"target\":[\"https:\/\/tourtravelandmore.com\/es\/tours\/austria-es\/salzburgo-es\/tour-berchtesgaden-y-los-alpes-bavaros-desde-salzburgo-tour-privado\/\"]}]},{\"@type\":\"ImageObject\",\"inLanguage\":\"es\",\"@id\":\"https:\/\/tourtravelandmore.com\/es\/tours\/austria-es\/salzburgo-es\/tour-berchtesgaden-y-los-alpes-bavaros-desde-salzburgo-tour-privado\/#primaryimage\",\"url\":\"https:\/\/tourtravelandmore.com\/wp-content\/uploads\/2019\/09\/berchtesgaden.jpg\",\"contentUrl\":\"https:\/\/tourtravelandmore.com\/wp-content\/uploads\/2019\/09\/berchtesgaden.jpg\",\"width\":960,\"height\":720,\"caption\":\"eagle's nest\"},{\"@type\":\"BreadcrumbList\",\"@id\":\"https:\/\/tourtravelandmore.com\/es\/tours\/austria-es\/salzburgo-es\/tour-berchtesgaden-y-los-alpes-bavaros-desde-salzburgo-tour-privado\/#breadcrumb\",\"itemListElement\":[{\"@type\":\"ListItem\",\"position\":1,\"name\":\"Home\",\"item\":\"https:\/\/tourtravelandmore.com\/es\/\"},{\"@type\":\"ListItem\",\"position\":2,\"name\":\"Tours\",\"item\":\"https:\/\/tourtravelandmore.com\/es\/tours\/\"},{\"@type\":\"ListItem\",\"position\":3,\"name\":\"Excursi\u00f3n privada a la ciudad de Berchtesgaden y los Alpes B\u00e1varos desde Salzburgo\"}]},{\"@type\":\"WebSite\",\"@id\":\"https:\/\/tourtravelandmore.com\/es\/#website\",\"url\":\"https:\/\/tourtravelandmore.com\/es\/\",\"name\":\"Tour Travel And More\",\"description\":\"Private sightseeing tours and luxury transfers in Spain\",\"publisher\":{\"@id\":\"https:\/\/tourtravelandmore.com\/es\/#organization\"},\"potentialAction\":[{\"@type\":\"SearchAction\",\"target\":{\"@type\":\"EntryPoint\",\"urlTemplate\":\"https:\/\/tourtravelandmore.com\/es\/?s={search_term_string}\"},\"query-input\":{\"@type\":\"PropertyValueSpecification\",\"valueRequired\":true,\"valueName\":\"search_term_string\"}}],\"inLanguage\":\"es\"},{\"@type\":\"Organization\",\"@id\":\"https:\/\/tourtravelandmore.com\/es\/#organization\",\"name\":\"Tour Travel And More\",\"url\":\"https:\/\/tourtravelandmore.com\/es\/\",\"logo\":{\"@type\":\"ImageObject\",\"inLanguage\":\"es\",\"@id\":\"https:\/\/tourtravelandmore.com\/es\/#\/schema\/logo\/image\/\",\"url\":\"https:\/\/tourtravelandmore.com\/wp-content\/uploads\/2022\/12\/cropped-logo-cabecera-new.png\",\"contentUrl\":\"https:\/\/tourtravelandmore.com\/wp-content\/uploads\/2022\/12\/cropped-logo-cabecera-new.png\",\"width\":430,\"height\":61,\"caption\":\"Tour Travel And More\"},\"image\":{\"@id\":\"https:\/\/tourtravelandmore.com\/es\/#\/schema\/logo\/image\/\"},\"sameAs\":[\"https:\/\/www.facebook.com\/tourtravelandmore\/\",\"https:\/\/x.com\/TourTravel_More\"]}]}<\/script>\n<!-- \/ Yoast SEO Premium plugin. -->","yoast_head_json":{"title":"\u27a1\ufe0f Tour Berchtesgaden y los Alpes B\u00e1varos desde Salzburgo | Tour Travel & More","description":"Disfruta de este Tour Berchtesgaden y los Alpes B\u00e1varos desde Salzburgo, junto a su gu\u00eda oficial privado y vehiculo privado \u2705","robots":{"index":"index","follow":"follow","max-snippet":"max-snippet:-1","max-image-preview":"max-image-preview:large","max-video-preview":"max-video-preview:-1"},"canonical":"https:\/\/tourtravelandmore.com\/es\/tours\/austria-es\/salzburgo-es\/tour-berchtesgaden-y-los-alpes-bavaros-desde-salzburgo-tour-privado\/","og_locale":"es_ES","og_type":"article","og_title":"Excursi\u00f3n privada a la ciudad de Berchtesgaden y los Alpes B\u00e1varos desde Salzburgo","og_description":"Disfruta de este Tour Berchtesgaden y los Alpes B\u00e1varos desde Salzburgo, junto a su gu\u00eda oficial privado y vehiculo privado \u2705","og_url":"https:\/\/tourtravelandmore.com\/es\/tours\/austria-es\/salzburgo-es\/tour-berchtesgaden-y-los-alpes-bavaros-desde-salzburgo-tour-privado\/","og_site_name":"Tour Travel And More","article_publisher":"https:\/\/www.facebook.com\/tourtravelandmore\/","article_modified_time":"2023-06-17T02:42:40+00:00","og_image":[{"width":960,"height":720,"url":"https:\/\/tourtravelandmore.com\/wp-content\/uploads\/2019\/09\/berchtesgaden.jpg","type":"image\/jpeg"}],"twitter_card":"summary_large_image","twitter_site":"@TourTravel_More","twitter_misc":{"Tiempo de lectura":"2 minutos"},"schema":{"@context":"https:\/\/schema.org","@graph":[{"@type":"WebPage","@id":"https:\/\/tourtravelandmore.com\/es\/tours\/austria-es\/salzburgo-es\/tour-berchtesgaden-y-los-alpes-bavaros-desde-salzburgo-tour-privado\/","url":"https:\/\/tourtravelandmore.com\/es\/tours\/austria-es\/salzburgo-es\/tour-berchtesgaden-y-los-alpes-bavaros-desde-salzburgo-tour-privado\/","name":"\u27a1\ufe0f Tour Berchtesgaden y los Alpes B\u00e1varos desde Salzburgo | Tour Travel & More","isPartOf":{"@id":"https:\/\/tourtravelandmore.com\/es\/#website"},"primaryImageOfPage":{"@id":"https:\/\/tourtravelandmore.com\/es\/tours\/austria-es\/salzburgo-es\/tour-berchtesgaden-y-los-alpes-bavaros-desde-salzburgo-tour-privado\/#primaryimage"},"image":{"@id":"https:\/\/tourtravelandmore.com\/es\/tours\/austria-es\/salzburgo-es\/tour-berchtesgaden-y-los-alpes-bavaros-desde-salzburgo-tour-privado\/#primaryimage"},"thumbnailUrl":"https:\/\/tourtravelandmore.com\/wp-content\/uploads\/2019\/09\/berchtesgaden.jpg","datePublished":"2019-11-16T14:22:11+00:00","dateModified":"2023-06-17T02:42:40+00:00","description":"Disfruta de este Tour Berchtesgaden y los Alpes B\u00e1varos desde Salzburgo, junto a su gu\u00eda oficial privado y vehiculo privado \u2705","breadcrumb":{"@id":"https:\/\/tourtravelandmore.com\/es\/tours\/austria-es\/salzburgo-es\/tour-berchtesgaden-y-los-alpes-bavaros-desde-salzburgo-tour-privado\/#breadcrumb"},"inLanguage":"es","potentialAction":[{"@type":"ReadAction","target":["https:\/\/tourtravelandmore.com\/es\/tours\/austria-es\/salzburgo-es\/tour-berchtesgaden-y-los-alpes-bavaros-desde-salzburgo-tour-privado\/"]}]},{"@type":"ImageObject","inLanguage":"es","@id":"https:\/\/tourtravelandmore.com\/es\/tours\/austria-es\/salzburgo-es\/tour-berchtesgaden-y-los-alpes-bavaros-desde-salzburgo-tour-privado\/#primaryimage","url":"https:\/\/tourtravelandmore.com\/wp-content\/uploads\/2019\/09\/berchtesgaden.jpg","contentUrl":"https:\/\/tourtravelandmore.com\/wp-content\/uploads\/2019\/09\/berchtesgaden.jpg","width":960,"height":720,"caption":"eagle's nest"},{"@type":"BreadcrumbList","@id":"https:\/\/tourtravelandmore.com\/es\/tours\/austria-es\/salzburgo-es\/tour-berchtesgaden-y-los-alpes-bavaros-desde-salzburgo-tour-privado\/#breadcrumb","itemListElement":[{"@type":"ListItem","position":1,"name":"Home","item":"https:\/\/tourtravelandmore.com\/es\/"},{"@type":"ListItem","position":2,"name":"Tours","item":"https:\/\/tourtravelandmore.com\/es\/tours\/"},{"@type":"ListItem","position":3,"name":"Excursi\u00f3n privada a la ciudad de Berchtesgaden y los Alpes B\u00e1varos desde Salzburgo"}]},{"@type":"WebSite","@id":"https:\/\/tourtravelandmore.com\/es\/#website","url":"https:\/\/tourtravelandmore.com\/es\/","name":"Tour Travel And More","description":"Private sightseeing tours and luxury transfers in Spain","publisher":{"@id":"https:\/\/tourtravelandmore.com\/es\/#organization"},"potentialAction":[{"@type":"SearchAction","target":{"@type":"EntryPoint","urlTemplate":"https:\/\/tourtravelandmore.com\/es\/?s={search_term_string}"},"query-input":{"@type":"PropertyValueSpecification","valueRequired":true,"valueName":"search_term_string"}}],"inLanguage":"es"},{"@type":"Organization","@id":"https:\/\/tourtravelandmore.com\/es\/#organization","name":"Tour Travel And More","url":"https:\/\/tourtravelandmore.com\/es\/","logo":{"@type":"ImageObject","inLanguage":"es","@id":"https:\/\/tourtravelandmore.com\/es\/#\/schema\/logo\/image\/","url":"https:\/\/tourtravelandmore.com\/wp-content\/uploads\/2022\/12\/cropped-logo-cabecera-new.png","contentUrl":"https:\/\/tourtravelandmore.com\/wp-content\/uploads\/2022\/12\/cropped-logo-cabecera-new.png","width":430,"height":61,"caption":"Tour Travel And More"},"image":{"@id":"https:\/\/tourtravelandmore.com\/es\/#\/schema\/logo\/image\/"},"sameAs":["https:\/\/www.facebook.com\/tourtravelandmore\/","https:\/\/x.com\/TourTravel_More"]}]}},"_links":{"self":[{"href":"https:\/\/tourtravelandmore.com\/es\/wp-json\/wp\/v2\/product\/70746","targetHints":{"allow":["GET"]}}],"collection":[{"href":"https:\/\/tourtravelandmore.com\/es\/wp-json\/wp\/v2\/product"}],"about":[{"href":"https:\/\/tourtravelandmore.com\/es\/wp-json\/wp\/v2\/types\/product"}],"replies":[{"embeddable":true,"href":"https:\/\/tourtravelandmore.com\/es\/wp-json\/wp\/v2\/comments?post=70746"}],"wp:featuredmedia":[{"embeddable":true,"href":"https:\/\/tourtravelandmore.com\/es\/wp-json\/wp\/v2\/media\/65977"}],"wp:attachment":[{"href":"https:\/\/tourtravelandmore.com\/es\/wp-json\/wp\/v2\/media?parent=70746"}],"wp:term":[{"taxonomy":"product_brand","embeddable":true,"href":"https:\/\/tourtravelandmore.com\/es\/wp-json\/wp\/v2\/product_brand?post=70746"},{"taxonomy":"product_cat","embeddable":true,"href":"https:\/\/tourtravelandmore.com\/es\/wp-json\/wp\/v2\/product_cat?post=70746"},{"taxonomy":"product_tag","embeddable":true,"href":"https:\/\/tourtravelandmore.com\/es\/wp-json\/wp\/v2\/product_tag?post=70746"}],"curies":[{"name":"wp","href":"https:\/\/api.w.org\/{rel}","templated":true}]}}