{"id":70730,"date":"2019-11-16T15:21:58","date_gmt":"2019-11-16T14:21:58","guid":{"rendered":"https:\/\/tourtravelandmore.com\/?post_type=product&#038;p=70730"},"modified":"2023-12-15T11:48:06","modified_gmt":"2023-12-15T10:48:06","slug":"tour-privado-a-bogstad-gard","status":"publish","type":"product","link":"https:\/\/tourtravelandmore.com\/es\/tours\/noruega-es\/oslo-es\/tour-privado-a-bogstad-gard\/","title":{"rendered":"Tour Privado a Bogstad Gard desde Oslo"},"content":{"rendered":"<h2><strong>Descripci\u00f3n del Tour Privado a Bogstad Gard desde Oslo<\/strong><\/h2>\n<p>Disfrute de este<strong> tour privado a Bogstad Gard desde Oslo<\/strong>. Esto ser\u00e1 junto con su gu\u00eda oficial privado donde conocer\u00e1 lo mejor de lo que Bogstad tiene para ofrecer c\u00f3modamente en un veh\u00edculo privado de lujo.<\/p>\n<p>En primer lugar, nos reuniremos en un punto central en Oslo, donde su chofer privado lo llevar\u00e1 y lo llevar\u00e1 a su destino. En Bogstad, se encontrar\u00e1 con su gu\u00eda tur\u00edstico oficial que le mostrar\u00e1 lo mejor de la ciudad.<\/p>\n<p>En Bogstad daremos un paseo por su Granja, pasando por su lago y los hermosos paisajes de Bogstad Manor.<\/p>\n<p>Luego, conocer\u00e1 la Granja Bogstard y su casa. Est\u00e1 completamente amueblado con pinturas, candelabros y muebles del per\u00edodo 1750-1850 y el club de golf de Oslo.<\/p>\n<p>Puede personalizar cada recorrido con solo contactarnos. Aqu\u00ed hay un ejemplo de algunos de los lugares m\u00e1s importantes de Bogstad, pero su recorrido puede ajustarse completamente para satisfacer sus necesidades exactas. Te ayudaremos a organizar una experiencia \u00fanica y completamente privada.<\/p>\n<p>Este es un tour privado a Bogstad Gard de 3 horas. Siempre podemos ofrecer recorridos m\u00e1s largos si lo desea. El n\u00famero exacto de horas se puede modificar.<\/p>\n<h2>Puntos emblem\u00e1ticos y de inter\u00e9s en el Tour Privado a Bogstad Gard desde Oslo<\/h2>\n<p>En primer lugar, en este tour privado descubrir\u00e1s algunos de los lugares m\u00e1s reconocidos de tu destino. <span class=\"JLqJ4b ChMk0b\" data-language-for-alternatives=\"es\" data-language-to-translate-into=\"en\" data-phrase-index=\"1\">Ser\u00e1s testigo de su singular belleza rural. <\/span><\/p>\n<p><span class=\"JLqJ4b ChMk0b\" data-language-for-alternatives=\"es\" data-language-to-translate-into=\"en\" data-phrase-index=\"1\">Entre los sitios que puede visitar a trav\u00e9s de este tour privado, le ofrecemos:<\/span><\/p>\n<ul>\n<li><strong>Str\u00f8msdammen <\/strong><\/li>\n<li><strong><span class=\"JLqJ4b\" data-language-for-alternatives=\"es\" data-language-to-translate-into=\"en\" data-phrase-index=\"5\"><span class=\"JLqJ4b ChMk0b\" data-language-for-alternatives=\"es\" data-language-to-translate-into=\"en\" data-phrase-index=\"6\">S\u00f8rkedalen <\/span><\/span><\/strong><\/li>\n<li><strong><span class=\"JLqJ4b\" data-language-for-alternatives=\"es\" data-language-to-translate-into=\"en\" data-phrase-index=\"5\"><span class=\"JLqJ4b ChMk0b\" data-language-for-alternatives=\"es\" data-language-to-translate-into=\"en\" data-phrase-index=\"6\">El lago Bogstard <\/span><\/span><\/strong><\/li>\n<li><strong><span class=\"JLqJ4b\" data-language-for-alternatives=\"es\" data-language-to-translate-into=\"en\" data-phrase-index=\"5\"><span class=\"JLqJ4b ChMk0b\" data-language-for-alternatives=\"es\" data-language-to-translate-into=\"en\" data-phrase-index=\"6\">The Farm y Bogstad Manor<\/span><\/span><\/strong><\/li>\n<li><span class=\"JLqJ4b\" data-language-for-alternatives=\"es\" data-language-to-translate-into=\"en\" data-phrase-index=\"5\"><span class=\"JLqJ4b ChMk0b\" data-language-for-alternatives=\"es\" data-language-to-translate-into=\"en\" data-phrase-index=\"6\"> Y muchos m\u00e1s lugares!<\/span><\/span><\/li>\n<\/ul>\n<p>Su gu\u00eda es profesional y local, cuenta con un gran conocimiento sobre la historia del lugar.<\/p>\n<p>Disfrute al m\u00e1ximo sus vacaciones en Oslo y conozca los lugares m\u00e1s bellos e impresionantes de Noruega. Nuestro equipo de <strong>Tour Travel &amp; More<\/strong> estar\u00e1 a su entera disposici\u00f3n durante todo el tiempo de reserva.<\/p>\n<p>Al finalizar el tour, su chofer privado lo llevar\u00e1 de regreso a su hotel en Oslo.<\/p>\n<p>Puede descubrir todos nuestros tours privados en y desde Oslo con solo hacer clic <a href=\"https:\/\/tourtravelandmore.com\/es\/ciudad\/noruega-es\/oslo-es\/\">aqu\u00ed<\/a>.<\/p>\n","protected":false},"excerpt":{"rendered":"<p>Aproveche sus d\u00edas en <strong>Oslo<\/strong> y disfruta de este <strong>tour privado de 3 horas por Bogstad Gard desde Oslo<\/strong>, donde podr\u00e1s admirar la belleza rural de sus granjas y paisajes. En el camino, su gu\u00eda oficial privado le mostrar\u00e1 lugares como <strong>Str\u00f8msdammen<\/strong>, <strong>S\u00f8rkedalen<\/strong>, el <strong>lago Bogstard<\/strong> y muchos m\u00e1s sitios.<\/p>\n","protected":false},"featured_media":71263,"comment_status":"open","ping_status":"closed","template":"","meta":{"_acf_changed":false},"product_brand":[],"product_cat":[1611,1477,1510,1481],"product_tag":[1393,4041,1392],"class_list":{"0":"post-70730","1":"product","2":"type-product","3":"status-publish","4":"has-post-thumbnail","6":"product_cat-noruega-es","7":"product_cat-oslo-es","8":"product_cat-tromso-actividades-es","9":"product_cat-oslo-rutas-turisticas-privadas-es","10":"product_tag-city-tour-es","11":"product_tag-private-es","12":"product_tag-private-tour-es","14":"first","15":"instock","16":"shipping-taxable","17":"purchasable","18":"product-type-simple"},"acf":[],"yoast_head":"<!-- This site is optimized with the Yoast SEO Premium plugin v25.3.1 (Yoast SEO v25.3.1) - https:\/\/yoast.com\/wordpress\/plugins\/seo\/ -->\n<title>\u27a1\ufe0f Tour Privado a Bogstad Gard desde Oslo con chofer privado | Tour Travel &amp; More<\/title>\n<meta name=\"description\" content=\"Acomp\u00e1\u00f1enos en este Tour Privado a Bogstad Gard y conozca una hermosa granja llena de historia junto a un gu\u00eda profesional local \u2705\" \/>\n<meta name=\"robots\" content=\"index, follow, max-snippet:-1, max-image-preview:large, max-video-preview:-1\" \/>\n<link rel=\"canonical\" href=\"https:\/\/tourtravelandmore.com\/es\/tours\/noruega-es\/oslo-es\/tour-privado-a-bogstad-gard\/\" \/>\n<meta property=\"og:locale\" content=\"es_ES\" \/>\n<meta property=\"og:type\" content=\"article\" \/>\n<meta property=\"og:title\" content=\"Tour Privado a Bogstad Gard desde Oslo\" \/>\n<meta property=\"og:description\" content=\"Acomp\u00e1\u00f1enos en este Tour Privado a Bogstad Gard y conozca una hermosa granja llena de historia junto a un gu\u00eda profesional local \u2705\" \/>\n<meta property=\"og:url\" content=\"https:\/\/tourtravelandmore.com\/es\/tours\/noruega-es\/oslo-es\/tour-privado-a-bogstad-gard\/\" \/>\n<meta property=\"og:site_name\" content=\"Tour Travel And More\" \/>\n<meta property=\"article:publisher\" content=\"https:\/\/www.facebook.com\/tourtravelandmore\/\" \/>\n<meta property=\"article:modified_time\" content=\"2023-12-15T10:48:06+00:00\" \/>\n<meta property=\"og:image\" content=\"https:\/\/tourtravelandmore.com\/wp-content\/uploads\/2019\/11\/Bogstad_gaard-Granja-de-Bogstad-1024x768.jpg\" \/>\n\t<meta property=\"og:image:width\" content=\"1024\" \/>\n\t<meta property=\"og:image:height\" content=\"768\" \/>\n\t<meta property=\"og:image:type\" content=\"image\/jpeg\" \/>\n<meta name=\"twitter:card\" content=\"summary_large_image\" \/>\n<meta name=\"twitter:site\" content=\"@TourTravel_More\" \/>\n<meta name=\"twitter:label1\" content=\"Tiempo de lectura\" \/>\n\t<meta name=\"twitter:data1\" content=\"2 minutos\" \/>\n<script type=\"application\/ld+json\" class=\"yoast-schema-graph\">{\"@context\":\"https:\/\/schema.org\",\"@graph\":[{\"@type\":\"WebPage\",\"@id\":\"https:\/\/tourtravelandmore.com\/es\/tours\/noruega-es\/oslo-es\/tour-privado-a-bogstad-gard\/\",\"url\":\"https:\/\/tourtravelandmore.com\/es\/tours\/noruega-es\/oslo-es\/tour-privado-a-bogstad-gard\/\",\"name\":\"\u27a1\ufe0f Tour Privado a Bogstad Gard desde Oslo con chofer privado | Tour Travel & More\",\"isPartOf\":{\"@id\":\"https:\/\/tourtravelandmore.com\/es\/#website\"},\"primaryImageOfPage\":{\"@id\":\"https:\/\/tourtravelandmore.com\/es\/tours\/noruega-es\/oslo-es\/tour-privado-a-bogstad-gard\/#primaryimage\"},\"image\":{\"@id\":\"https:\/\/tourtravelandmore.com\/es\/tours\/noruega-es\/oslo-es\/tour-privado-a-bogstad-gard\/#primaryimage\"},\"thumbnailUrl\":\"https:\/\/tourtravelandmore.com\/wp-content\/uploads\/2019\/11\/Bogstad_gaard-Granja-de-Bogstad.jpg\",\"datePublished\":\"2019-11-16T14:21:58+00:00\",\"dateModified\":\"2023-12-15T10:48:06+00:00\",\"description\":\"Acomp\u00e1\u00f1enos en este Tour Privado a Bogstad Gard y conozca una hermosa granja llena de historia junto a un gu\u00eda profesional local \u2705\",\"breadcrumb\":{\"@id\":\"https:\/\/tourtravelandmore.com\/es\/tours\/noruega-es\/oslo-es\/tour-privado-a-bogstad-gard\/#breadcrumb\"},\"inLanguage\":\"es\",\"potentialAction\":[{\"@type\":\"ReadAction\",\"target\":[\"https:\/\/tourtravelandmore.com\/es\/tours\/noruega-es\/oslo-es\/tour-privado-a-bogstad-gard\/\"]}]},{\"@type\":\"ImageObject\",\"inLanguage\":\"es\",\"@id\":\"https:\/\/tourtravelandmore.com\/es\/tours\/noruega-es\/oslo-es\/tour-privado-a-bogstad-gard\/#primaryimage\",\"url\":\"https:\/\/tourtravelandmore.com\/wp-content\/uploads\/2019\/11\/Bogstad_gaard-Granja-de-Bogstad.jpg\",\"contentUrl\":\"https:\/\/tourtravelandmore.com\/wp-content\/uploads\/2019\/11\/Bogstad_gaard-Granja-de-Bogstad.jpg\",\"width\":4032,\"height\":3024},{\"@type\":\"BreadcrumbList\",\"@id\":\"https:\/\/tourtravelandmore.com\/es\/tours\/noruega-es\/oslo-es\/tour-privado-a-bogstad-gard\/#breadcrumb\",\"itemListElement\":[{\"@type\":\"ListItem\",\"position\":1,\"name\":\"Home\",\"item\":\"https:\/\/tourtravelandmore.com\/es\/\"},{\"@type\":\"ListItem\",\"position\":2,\"name\":\"Tours\",\"item\":\"https:\/\/tourtravelandmore.com\/es\/tours\/\"},{\"@type\":\"ListItem\",\"position\":3,\"name\":\"Tour Privado a Bogstad Gard desde Oslo\"}]},{\"@type\":\"WebSite\",\"@id\":\"https:\/\/tourtravelandmore.com\/es\/#website\",\"url\":\"https:\/\/tourtravelandmore.com\/es\/\",\"name\":\"Tour Travel And More\",\"description\":\"Private sightseeing tours and luxury transfers in Spain\",\"publisher\":{\"@id\":\"https:\/\/tourtravelandmore.com\/es\/#organization\"},\"potentialAction\":[{\"@type\":\"SearchAction\",\"target\":{\"@type\":\"EntryPoint\",\"urlTemplate\":\"https:\/\/tourtravelandmore.com\/es\/?s={search_term_string}\"},\"query-input\":{\"@type\":\"PropertyValueSpecification\",\"valueRequired\":true,\"valueName\":\"search_term_string\"}}],\"inLanguage\":\"es\"},{\"@type\":\"Organization\",\"@id\":\"https:\/\/tourtravelandmore.com\/es\/#organization\",\"name\":\"Tour Travel And More\",\"url\":\"https:\/\/tourtravelandmore.com\/es\/\",\"logo\":{\"@type\":\"ImageObject\",\"inLanguage\":\"es\",\"@id\":\"https:\/\/tourtravelandmore.com\/es\/#\/schema\/logo\/image\/\",\"url\":\"https:\/\/tourtravelandmore.com\/wp-content\/uploads\/2022\/12\/cropped-logo-cabecera-new.png\",\"contentUrl\":\"https:\/\/tourtravelandmore.com\/wp-content\/uploads\/2022\/12\/cropped-logo-cabecera-new.png\",\"width\":430,\"height\":61,\"caption\":\"Tour Travel And More\"},\"image\":{\"@id\":\"https:\/\/tourtravelandmore.com\/es\/#\/schema\/logo\/image\/\"},\"sameAs\":[\"https:\/\/www.facebook.com\/tourtravelandmore\/\",\"https:\/\/x.com\/TourTravel_More\"]}]}<\/script>\n<!-- \/ Yoast SEO Premium plugin. -->","yoast_head_json":{"title":"\u27a1\ufe0f Tour Privado a Bogstad Gard desde Oslo con chofer privado | Tour Travel & More","description":"Acomp\u00e1\u00f1enos en este Tour Privado a Bogstad Gard y conozca una hermosa granja llena de historia junto a un gu\u00eda profesional local \u2705","robots":{"index":"index","follow":"follow","max-snippet":"max-snippet:-1","max-image-preview":"max-image-preview:large","max-video-preview":"max-video-preview:-1"},"canonical":"https:\/\/tourtravelandmore.com\/es\/tours\/noruega-es\/oslo-es\/tour-privado-a-bogstad-gard\/","og_locale":"es_ES","og_type":"article","og_title":"Tour Privado a Bogstad Gard desde Oslo","og_description":"Acomp\u00e1\u00f1enos en este Tour Privado a Bogstad Gard y conozca una hermosa granja llena de historia junto a un gu\u00eda profesional local \u2705","og_url":"https:\/\/tourtravelandmore.com\/es\/tours\/noruega-es\/oslo-es\/tour-privado-a-bogstad-gard\/","og_site_name":"Tour Travel And More","article_publisher":"https:\/\/www.facebook.com\/tourtravelandmore\/","article_modified_time":"2023-12-15T10:48:06+00:00","og_image":[{"width":1024,"height":768,"url":"https:\/\/tourtravelandmore.com\/wp-content\/uploads\/2019\/11\/Bogstad_gaard-Granja-de-Bogstad-1024x768.jpg","type":"image\/jpeg"}],"twitter_card":"summary_large_image","twitter_site":"@TourTravel_More","twitter_misc":{"Tiempo de lectura":"2 minutos"},"schema":{"@context":"https:\/\/schema.org","@graph":[{"@type":"WebPage","@id":"https:\/\/tourtravelandmore.com\/es\/tours\/noruega-es\/oslo-es\/tour-privado-a-bogstad-gard\/","url":"https:\/\/tourtravelandmore.com\/es\/tours\/noruega-es\/oslo-es\/tour-privado-a-bogstad-gard\/","name":"\u27a1\ufe0f Tour Privado a Bogstad Gard desde Oslo con chofer privado | Tour Travel & More","isPartOf":{"@id":"https:\/\/tourtravelandmore.com\/es\/#website"},"primaryImageOfPage":{"@id":"https:\/\/tourtravelandmore.com\/es\/tours\/noruega-es\/oslo-es\/tour-privado-a-bogstad-gard\/#primaryimage"},"image":{"@id":"https:\/\/tourtravelandmore.com\/es\/tours\/noruega-es\/oslo-es\/tour-privado-a-bogstad-gard\/#primaryimage"},"thumbnailUrl":"https:\/\/tourtravelandmore.com\/wp-content\/uploads\/2019\/11\/Bogstad_gaard-Granja-de-Bogstad.jpg","datePublished":"2019-11-16T14:21:58+00:00","dateModified":"2023-12-15T10:48:06+00:00","description":"Acomp\u00e1\u00f1enos en este Tour Privado a Bogstad Gard y conozca una hermosa granja llena de historia junto a un gu\u00eda profesional local \u2705","breadcrumb":{"@id":"https:\/\/tourtravelandmore.com\/es\/tours\/noruega-es\/oslo-es\/tour-privado-a-bogstad-gard\/#breadcrumb"},"inLanguage":"es","potentialAction":[{"@type":"ReadAction","target":["https:\/\/tourtravelandmore.com\/es\/tours\/noruega-es\/oslo-es\/tour-privado-a-bogstad-gard\/"]}]},{"@type":"ImageObject","inLanguage":"es","@id":"https:\/\/tourtravelandmore.com\/es\/tours\/noruega-es\/oslo-es\/tour-privado-a-bogstad-gard\/#primaryimage","url":"https:\/\/tourtravelandmore.com\/wp-content\/uploads\/2019\/11\/Bogstad_gaard-Granja-de-Bogstad.jpg","contentUrl":"https:\/\/tourtravelandmore.com\/wp-content\/uploads\/2019\/11\/Bogstad_gaard-Granja-de-Bogstad.jpg","width":4032,"height":3024},{"@type":"BreadcrumbList","@id":"https:\/\/tourtravelandmore.com\/es\/tours\/noruega-es\/oslo-es\/tour-privado-a-bogstad-gard\/#breadcrumb","itemListElement":[{"@type":"ListItem","position":1,"name":"Home","item":"https:\/\/tourtravelandmore.com\/es\/"},{"@type":"ListItem","position":2,"name":"Tours","item":"https:\/\/tourtravelandmore.com\/es\/tours\/"},{"@type":"ListItem","position":3,"name":"Tour Privado a Bogstad Gard desde Oslo"}]},{"@type":"WebSite","@id":"https:\/\/tourtravelandmore.com\/es\/#website","url":"https:\/\/tourtravelandmore.com\/es\/","name":"Tour Travel And More","description":"Private sightseeing tours and luxury transfers in Spain","publisher":{"@id":"https:\/\/tourtravelandmore.com\/es\/#organization"},"potentialAction":[{"@type":"SearchAction","target":{"@type":"EntryPoint","urlTemplate":"https:\/\/tourtravelandmore.com\/es\/?s={search_term_string}"},"query-input":{"@type":"PropertyValueSpecification","valueRequired":true,"valueName":"search_term_string"}}],"inLanguage":"es"},{"@type":"Organization","@id":"https:\/\/tourtravelandmore.com\/es\/#organization","name":"Tour Travel And More","url":"https:\/\/tourtravelandmore.com\/es\/","logo":{"@type":"ImageObject","inLanguage":"es","@id":"https:\/\/tourtravelandmore.com\/es\/#\/schema\/logo\/image\/","url":"https:\/\/tourtravelandmore.com\/wp-content\/uploads\/2022\/12\/cropped-logo-cabecera-new.png","contentUrl":"https:\/\/tourtravelandmore.com\/wp-content\/uploads\/2022\/12\/cropped-logo-cabecera-new.png","width":430,"height":61,"caption":"Tour Travel And More"},"image":{"@id":"https:\/\/tourtravelandmore.com\/es\/#\/schema\/logo\/image\/"},"sameAs":["https:\/\/www.facebook.com\/tourtravelandmore\/","https:\/\/x.com\/TourTravel_More"]}]}},"_links":{"self":[{"href":"https:\/\/tourtravelandmore.com\/es\/wp-json\/wp\/v2\/product\/70730","targetHints":{"allow":["GET"]}}],"collection":[{"href":"https:\/\/tourtravelandmore.com\/es\/wp-json\/wp\/v2\/product"}],"about":[{"href":"https:\/\/tourtravelandmore.com\/es\/wp-json\/wp\/v2\/types\/product"}],"replies":[{"embeddable":true,"href":"https:\/\/tourtravelandmore.com\/es\/wp-json\/wp\/v2\/comments?post=70730"}],"wp:featuredmedia":[{"embeddable":true,"href":"https:\/\/tourtravelandmore.com\/es\/wp-json\/wp\/v2\/media\/71263"}],"wp:attachment":[{"href":"https:\/\/tourtravelandmore.com\/es\/wp-json\/wp\/v2\/media?parent=70730"}],"wp:term":[{"taxonomy":"product_brand","embeddable":true,"href":"https:\/\/tourtravelandmore.com\/es\/wp-json\/wp\/v2\/product_brand?post=70730"},{"taxonomy":"product_cat","embeddable":true,"href":"https:\/\/tourtravelandmore.com\/es\/wp-json\/wp\/v2\/product_cat?post=70730"},{"taxonomy":"product_tag","embeddable":true,"href":"https:\/\/tourtravelandmore.com\/es\/wp-json\/wp\/v2\/product_tag?post=70730"}],"curies":[{"name":"wp","href":"https:\/\/api.w.org\/{rel}","templated":true}]}}