{"id":70551,"date":"2019-11-14T23:34:40","date_gmt":"2019-11-14T22:34:41","guid":{"rendered":"https:\/\/tourtravelandmore.com\/?post_type=product&#038;p=70551"},"modified":"2023-06-17T04:41:27","modified_gmt":"2023-06-17T02:41:27","slug":"tour-hohenwerfen-desde-salzburgo-tour-privado-castillo-hohenwerfen","status":"publish","type":"product","link":"https:\/\/tourtravelandmore.com\/es\/tours\/austria-es\/salzburgo-es\/tour-hohenwerfen-desde-salzburgo-tour-privado-castillo-hohenwerfen\/","title":{"rendered":"Excursi\u00f3n privada a la Fortaleza Hohenwerfen desde Salzburgo"},"content":{"rendered":"<h2>Descripci\u00f3n de la Excursi\u00f3n\u00a0privada a la Fortaleza Hohenwerfen desde Salzburgo<\/h2>\n<p>Reserva este<strong> tour Hohenwerfen desde Salzburgo<\/strong> junto a tu <strong>gu\u00eda oficial privado y veh\u00edculo privado, <\/strong>descubre el pueblo de <strong>Werfen<\/strong> y el famoso <strong>Castillo de Hohenwerfen<\/strong>.<\/p>\n<p>Le recogeremos desde su Hotel o lugar de su elecci\u00f3n en Salzburgo, junto a su gu\u00eda privado y vehiculo para dirigirnos al <strong>Castillo de Hohenwerfen.<\/strong><\/p>\n<p>La duraci\u00f3n de este <strong>tour Hohenwerfen desde Salzburgo<\/strong> es de 8 Horas. Al ser un tour completamente privado, pueden escoger la hora y lugar de comienzo.<\/p>\n<p>A lo largo de los siglos, el <strong>Castillo de Hohenwerfen<\/strong> ha sido fortaleza y prisi\u00f3n sobre el valle de Salzach en su cono de 100 metros de altura. Tambi\u00e9n desempe\u00f1\u00f3 un papel importante durante las \u201cGuerras Campesinas de Salzburgo\u201d. Como uno de los edificios mejor conservados de la Baja Edad Media, ofrece una fascinante visi\u00f3n de la historia y la vida del castillo.<\/p>\n<p>El tour del Castillo, incluye una visita a la capilla del castillo y la cocina de campo, la c\u00e1mara de torturas, el calabozo y la gran armer\u00eda. A trav\u00e9s de la pasarela fortificada con vistas al patio del castillo subimos hasta el campanario con su campanario de m\u00e1s de 4.400 kilogramos, que a\u00fan hoy sigue sonando en importantes fiestas de la iglesia.<\/p>\n<p>A lo largo de este <strong>tour Hohenwerfen desde Salzburgo, <\/strong>podr\u00e1n parar a comer en un lugar t\u00edpico de la zona y descubrir la gastronom\u00eda de la regi\u00f3n.<\/p>\n<h2>Puntos de inter\u00e9s en la Excursi\u00f3n privada a la Fortaleza Hohenwerfen desde Salzburgo<\/h2>\n<p>Durante su excursi\u00f3n privada descubrir\u00e1 algunos de los lugares m\u00e1s reconocidos de la ciudad de <strong>Werfen<\/strong>.<\/p>\n<p>Ser\u00e1s testigo de su belleza arquitect\u00f3nica \u00fanica.<\/p>\n<p>Entre los sitios que puede visitar a trav\u00e9s de esta excursi\u00f3n privada, ofrecemos:<\/p>\n<ul>\n<li><strong>Ciudad de Werfen\u00a0<\/strong><\/li>\n<li><strong>Las cuevas naturales de hielo o la mina de sal Bad D\u00fcrrnberg.<\/strong><\/li>\n<li><strong>La fortaliza de Hohenwerfen<\/strong><\/li>\n<li><strong>La cetrer\u00eda en la Fortaleza de Hohenwerfen<\/strong><\/li>\n<li><strong>\u00a1Y mucho m\u00e1s en esta excursi\u00f3n privada!<\/strong><\/li>\n<\/ul>\n<p>Si dispone de m\u00e1s d\u00edas en la ciudad de Salzburgo, puedes consultar <a href=\"https:\/\/tourtravelandmore.com\/es\/ciudad\/austria-es\/salzburgo-es\/\"><strong>aqu\u00ed<\/strong><\/a> el resto de tours privados que ofrecemos.<\/p>\n","protected":false},"excerpt":{"rendered":"<p>Disfrute de esta <strong>excursi\u00f3n privada<\/strong> totalmente personalizada a la<strong> fortaleza de Hohenwerfen<\/strong> y conozca sus hermosos paisajes y los lugares de inter\u00e9s m\u00e1s importantes de <strong>Werfen<\/strong>. La ciudad de <strong>Werfen<\/strong>, en <strong>Austria<\/strong>, se caracteriza por su impresionante arquitectura y sus alucinantes vistas a las monta\u00f1as.<\/p>\n","protected":false},"featured_media":70880,"comment_status":"open","ping_status":"closed","template":"","meta":{"_acf_changed":false},"product_brand":[],"product_cat":[1583,1422,1430,1429],"product_tag":[1393,4041,1392],"class_list":{"0":"post-70551","1":"product","2":"type-product","3":"status-publish","4":"has-post-thumbnail","6":"product_cat-austria-es","7":"product_cat-salzburgo-es","8":"product_cat-salzburgo-actividades-es","9":"product_cat-salzburgo-rutas-turisticas-privadas-es","10":"product_tag-city-tour-es","11":"product_tag-private-es","12":"product_tag-private-tour-es","14":"first","15":"instock","16":"shipping-taxable","17":"purchasable","18":"product-type-simple"},"acf":[],"yoast_head":"<!-- This site is optimized with the Yoast SEO Premium plugin v25.3.1 (Yoast SEO v25.3.1) - https:\/\/yoast.com\/wordpress\/plugins\/seo\/ -->\n<title>\u27a1\ufe0f Tour hohenwerfen desde salzburgo | Tour Travel &amp; More<\/title>\n<meta name=\"description\" content=\"Disfruta de este tour hohenwerfen desde salzburgo y descubre uno de los Castillos m\u00e1s bonitos de Austria, junto a su gu\u00eda privado y vehiculo \u2705\" \/>\n<meta name=\"robots\" content=\"index, follow, max-snippet:-1, max-image-preview:large, max-video-preview:-1\" \/>\n<link rel=\"canonical\" href=\"https:\/\/tourtravelandmore.com\/es\/tours\/austria-es\/salzburgo-es\/tour-hohenwerfen-desde-salzburgo-tour-privado-castillo-hohenwerfen\/\" \/>\n<meta property=\"og:locale\" content=\"es_ES\" \/>\n<meta property=\"og:type\" content=\"article\" \/>\n<meta property=\"og:title\" content=\"Excursi\u00f3n privada a la Fortaleza Hohenwerfen desde Salzburgo\" \/>\n<meta property=\"og:description\" content=\"Disfruta de este tour hohenwerfen desde salzburgo y descubre uno de los Castillos m\u00e1s bonitos de Austria, junto a su gu\u00eda privado y vehiculo \u2705\" \/>\n<meta property=\"og:url\" content=\"https:\/\/tourtravelandmore.com\/es\/tours\/austria-es\/salzburgo-es\/tour-hohenwerfen-desde-salzburgo-tour-privado-castillo-hohenwerfen\/\" \/>\n<meta property=\"og:site_name\" content=\"Tour Travel And More\" \/>\n<meta property=\"article:publisher\" content=\"https:\/\/www.facebook.com\/tourtravelandmore\/\" \/>\n<meta property=\"article:modified_time\" content=\"2023-06-17T02:41:27+00:00\" \/>\n<meta property=\"og:image\" content=\"https:\/\/tourtravelandmore.com\/wp-content\/uploads\/2019\/11\/Burg_Hohenwerfen.jpg\" \/>\n\t<meta property=\"og:image:width\" content=\"1436\" \/>\n\t<meta property=\"og:image:height\" content=\"813\" \/>\n\t<meta property=\"og:image:type\" content=\"image\/jpeg\" \/>\n<meta name=\"twitter:card\" content=\"summary_large_image\" \/>\n<meta name=\"twitter:site\" content=\"@TourTravel_More\" \/>\n<meta name=\"twitter:label1\" content=\"Tiempo de lectura\" \/>\n\t<meta name=\"twitter:data1\" content=\"2 minutos\" \/>\n<script type=\"application\/ld+json\" class=\"yoast-schema-graph\">{\"@context\":\"https:\/\/schema.org\",\"@graph\":[{\"@type\":\"WebPage\",\"@id\":\"https:\/\/tourtravelandmore.com\/es\/tours\/austria-es\/salzburgo-es\/tour-hohenwerfen-desde-salzburgo-tour-privado-castillo-hohenwerfen\/\",\"url\":\"https:\/\/tourtravelandmore.com\/es\/tours\/austria-es\/salzburgo-es\/tour-hohenwerfen-desde-salzburgo-tour-privado-castillo-hohenwerfen\/\",\"name\":\"\u27a1\ufe0f Tour hohenwerfen desde salzburgo | Tour Travel & More\",\"isPartOf\":{\"@id\":\"https:\/\/tourtravelandmore.com\/es\/#website\"},\"primaryImageOfPage\":{\"@id\":\"https:\/\/tourtravelandmore.com\/es\/tours\/austria-es\/salzburgo-es\/tour-hohenwerfen-desde-salzburgo-tour-privado-castillo-hohenwerfen\/#primaryimage\"},\"image\":{\"@id\":\"https:\/\/tourtravelandmore.com\/es\/tours\/austria-es\/salzburgo-es\/tour-hohenwerfen-desde-salzburgo-tour-privado-castillo-hohenwerfen\/#primaryimage\"},\"thumbnailUrl\":\"https:\/\/tourtravelandmore.com\/wp-content\/uploads\/2019\/11\/Burg_Hohenwerfen.jpg\",\"datePublished\":\"2019-11-14T22:34:41+00:00\",\"dateModified\":\"2023-06-17T02:41:27+00:00\",\"description\":\"Disfruta de este tour hohenwerfen desde salzburgo y descubre uno de los Castillos m\u00e1s bonitos de Austria, junto a su gu\u00eda privado y vehiculo \u2705\",\"breadcrumb\":{\"@id\":\"https:\/\/tourtravelandmore.com\/es\/tours\/austria-es\/salzburgo-es\/tour-hohenwerfen-desde-salzburgo-tour-privado-castillo-hohenwerfen\/#breadcrumb\"},\"inLanguage\":\"es\",\"potentialAction\":[{\"@type\":\"ReadAction\",\"target\":[\"https:\/\/tourtravelandmore.com\/es\/tours\/austria-es\/salzburgo-es\/tour-hohenwerfen-desde-salzburgo-tour-privado-castillo-hohenwerfen\/\"]}]},{\"@type\":\"ImageObject\",\"inLanguage\":\"es\",\"@id\":\"https:\/\/tourtravelandmore.com\/es\/tours\/austria-es\/salzburgo-es\/tour-hohenwerfen-desde-salzburgo-tour-privado-castillo-hohenwerfen\/#primaryimage\",\"url\":\"https:\/\/tourtravelandmore.com\/wp-content\/uploads\/2019\/11\/Burg_Hohenwerfen.jpg\",\"contentUrl\":\"https:\/\/tourtravelandmore.com\/wp-content\/uploads\/2019\/11\/Burg_Hohenwerfen.jpg\",\"width\":1436,\"height\":813},{\"@type\":\"BreadcrumbList\",\"@id\":\"https:\/\/tourtravelandmore.com\/es\/tours\/austria-es\/salzburgo-es\/tour-hohenwerfen-desde-salzburgo-tour-privado-castillo-hohenwerfen\/#breadcrumb\",\"itemListElement\":[{\"@type\":\"ListItem\",\"position\":1,\"name\":\"Home\",\"item\":\"https:\/\/tourtravelandmore.com\/es\/\"},{\"@type\":\"ListItem\",\"position\":2,\"name\":\"Tours\",\"item\":\"https:\/\/tourtravelandmore.com\/es\/tours\/\"},{\"@type\":\"ListItem\",\"position\":3,\"name\":\"Excursi\u00f3n privada a la Fortaleza Hohenwerfen desde Salzburgo\"}]},{\"@type\":\"WebSite\",\"@id\":\"https:\/\/tourtravelandmore.com\/es\/#website\",\"url\":\"https:\/\/tourtravelandmore.com\/es\/\",\"name\":\"Tour Travel And More\",\"description\":\"Private sightseeing tours and luxury transfers in Spain\",\"publisher\":{\"@id\":\"https:\/\/tourtravelandmore.com\/es\/#organization\"},\"potentialAction\":[{\"@type\":\"SearchAction\",\"target\":{\"@type\":\"EntryPoint\",\"urlTemplate\":\"https:\/\/tourtravelandmore.com\/es\/?s={search_term_string}\"},\"query-input\":{\"@type\":\"PropertyValueSpecification\",\"valueRequired\":true,\"valueName\":\"search_term_string\"}}],\"inLanguage\":\"es\"},{\"@type\":\"Organization\",\"@id\":\"https:\/\/tourtravelandmore.com\/es\/#organization\",\"name\":\"Tour Travel And More\",\"url\":\"https:\/\/tourtravelandmore.com\/es\/\",\"logo\":{\"@type\":\"ImageObject\",\"inLanguage\":\"es\",\"@id\":\"https:\/\/tourtravelandmore.com\/es\/#\/schema\/logo\/image\/\",\"url\":\"https:\/\/tourtravelandmore.com\/wp-content\/uploads\/2022\/12\/cropped-logo-cabecera-new.png\",\"contentUrl\":\"https:\/\/tourtravelandmore.com\/wp-content\/uploads\/2022\/12\/cropped-logo-cabecera-new.png\",\"width\":430,\"height\":61,\"caption\":\"Tour Travel And More\"},\"image\":{\"@id\":\"https:\/\/tourtravelandmore.com\/es\/#\/schema\/logo\/image\/\"},\"sameAs\":[\"https:\/\/www.facebook.com\/tourtravelandmore\/\",\"https:\/\/x.com\/TourTravel_More\"]}]}<\/script>\n<!-- \/ Yoast SEO Premium plugin. -->","yoast_head_json":{"title":"\u27a1\ufe0f Tour hohenwerfen desde salzburgo | Tour Travel & More","description":"Disfruta de este tour hohenwerfen desde salzburgo y descubre uno de los Castillos m\u00e1s bonitos de Austria, junto a su gu\u00eda privado y vehiculo \u2705","robots":{"index":"index","follow":"follow","max-snippet":"max-snippet:-1","max-image-preview":"max-image-preview:large","max-video-preview":"max-video-preview:-1"},"canonical":"https:\/\/tourtravelandmore.com\/es\/tours\/austria-es\/salzburgo-es\/tour-hohenwerfen-desde-salzburgo-tour-privado-castillo-hohenwerfen\/","og_locale":"es_ES","og_type":"article","og_title":"Excursi\u00f3n privada a la Fortaleza Hohenwerfen desde Salzburgo","og_description":"Disfruta de este tour hohenwerfen desde salzburgo y descubre uno de los Castillos m\u00e1s bonitos de Austria, junto a su gu\u00eda privado y vehiculo \u2705","og_url":"https:\/\/tourtravelandmore.com\/es\/tours\/austria-es\/salzburgo-es\/tour-hohenwerfen-desde-salzburgo-tour-privado-castillo-hohenwerfen\/","og_site_name":"Tour Travel And More","article_publisher":"https:\/\/www.facebook.com\/tourtravelandmore\/","article_modified_time":"2023-06-17T02:41:27+00:00","og_image":[{"width":1436,"height":813,"url":"https:\/\/tourtravelandmore.com\/wp-content\/uploads\/2019\/11\/Burg_Hohenwerfen.jpg","type":"image\/jpeg"}],"twitter_card":"summary_large_image","twitter_site":"@TourTravel_More","twitter_misc":{"Tiempo de lectura":"2 minutos"},"schema":{"@context":"https:\/\/schema.org","@graph":[{"@type":"WebPage","@id":"https:\/\/tourtravelandmore.com\/es\/tours\/austria-es\/salzburgo-es\/tour-hohenwerfen-desde-salzburgo-tour-privado-castillo-hohenwerfen\/","url":"https:\/\/tourtravelandmore.com\/es\/tours\/austria-es\/salzburgo-es\/tour-hohenwerfen-desde-salzburgo-tour-privado-castillo-hohenwerfen\/","name":"\u27a1\ufe0f Tour hohenwerfen desde salzburgo | Tour Travel & More","isPartOf":{"@id":"https:\/\/tourtravelandmore.com\/es\/#website"},"primaryImageOfPage":{"@id":"https:\/\/tourtravelandmore.com\/es\/tours\/austria-es\/salzburgo-es\/tour-hohenwerfen-desde-salzburgo-tour-privado-castillo-hohenwerfen\/#primaryimage"},"image":{"@id":"https:\/\/tourtravelandmore.com\/es\/tours\/austria-es\/salzburgo-es\/tour-hohenwerfen-desde-salzburgo-tour-privado-castillo-hohenwerfen\/#primaryimage"},"thumbnailUrl":"https:\/\/tourtravelandmore.com\/wp-content\/uploads\/2019\/11\/Burg_Hohenwerfen.jpg","datePublished":"2019-11-14T22:34:41+00:00","dateModified":"2023-06-17T02:41:27+00:00","description":"Disfruta de este tour hohenwerfen desde salzburgo y descubre uno de los Castillos m\u00e1s bonitos de Austria, junto a su gu\u00eda privado y vehiculo \u2705","breadcrumb":{"@id":"https:\/\/tourtravelandmore.com\/es\/tours\/austria-es\/salzburgo-es\/tour-hohenwerfen-desde-salzburgo-tour-privado-castillo-hohenwerfen\/#breadcrumb"},"inLanguage":"es","potentialAction":[{"@type":"ReadAction","target":["https:\/\/tourtravelandmore.com\/es\/tours\/austria-es\/salzburgo-es\/tour-hohenwerfen-desde-salzburgo-tour-privado-castillo-hohenwerfen\/"]}]},{"@type":"ImageObject","inLanguage":"es","@id":"https:\/\/tourtravelandmore.com\/es\/tours\/austria-es\/salzburgo-es\/tour-hohenwerfen-desde-salzburgo-tour-privado-castillo-hohenwerfen\/#primaryimage","url":"https:\/\/tourtravelandmore.com\/wp-content\/uploads\/2019\/11\/Burg_Hohenwerfen.jpg","contentUrl":"https:\/\/tourtravelandmore.com\/wp-content\/uploads\/2019\/11\/Burg_Hohenwerfen.jpg","width":1436,"height":813},{"@type":"BreadcrumbList","@id":"https:\/\/tourtravelandmore.com\/es\/tours\/austria-es\/salzburgo-es\/tour-hohenwerfen-desde-salzburgo-tour-privado-castillo-hohenwerfen\/#breadcrumb","itemListElement":[{"@type":"ListItem","position":1,"name":"Home","item":"https:\/\/tourtravelandmore.com\/es\/"},{"@type":"ListItem","position":2,"name":"Tours","item":"https:\/\/tourtravelandmore.com\/es\/tours\/"},{"@type":"ListItem","position":3,"name":"Excursi\u00f3n privada a la Fortaleza Hohenwerfen desde Salzburgo"}]},{"@type":"WebSite","@id":"https:\/\/tourtravelandmore.com\/es\/#website","url":"https:\/\/tourtravelandmore.com\/es\/","name":"Tour Travel And More","description":"Private sightseeing tours and luxury transfers in Spain","publisher":{"@id":"https:\/\/tourtravelandmore.com\/es\/#organization"},"potentialAction":[{"@type":"SearchAction","target":{"@type":"EntryPoint","urlTemplate":"https:\/\/tourtravelandmore.com\/es\/?s={search_term_string}"},"query-input":{"@type":"PropertyValueSpecification","valueRequired":true,"valueName":"search_term_string"}}],"inLanguage":"es"},{"@type":"Organization","@id":"https:\/\/tourtravelandmore.com\/es\/#organization","name":"Tour Travel And More","url":"https:\/\/tourtravelandmore.com\/es\/","logo":{"@type":"ImageObject","inLanguage":"es","@id":"https:\/\/tourtravelandmore.com\/es\/#\/schema\/logo\/image\/","url":"https:\/\/tourtravelandmore.com\/wp-content\/uploads\/2022\/12\/cropped-logo-cabecera-new.png","contentUrl":"https:\/\/tourtravelandmore.com\/wp-content\/uploads\/2022\/12\/cropped-logo-cabecera-new.png","width":430,"height":61,"caption":"Tour Travel And More"},"image":{"@id":"https:\/\/tourtravelandmore.com\/es\/#\/schema\/logo\/image\/"},"sameAs":["https:\/\/www.facebook.com\/tourtravelandmore\/","https:\/\/x.com\/TourTravel_More"]}]}},"_links":{"self":[{"href":"https:\/\/tourtravelandmore.com\/es\/wp-json\/wp\/v2\/product\/70551","targetHints":{"allow":["GET"]}}],"collection":[{"href":"https:\/\/tourtravelandmore.com\/es\/wp-json\/wp\/v2\/product"}],"about":[{"href":"https:\/\/tourtravelandmore.com\/es\/wp-json\/wp\/v2\/types\/product"}],"replies":[{"embeddable":true,"href":"https:\/\/tourtravelandmore.com\/es\/wp-json\/wp\/v2\/comments?post=70551"}],"wp:featuredmedia":[{"embeddable":true,"href":"https:\/\/tourtravelandmore.com\/es\/wp-json\/wp\/v2\/media\/70880"}],"wp:attachment":[{"href":"https:\/\/tourtravelandmore.com\/es\/wp-json\/wp\/v2\/media?parent=70551"}],"wp:term":[{"taxonomy":"product_brand","embeddable":true,"href":"https:\/\/tourtravelandmore.com\/es\/wp-json\/wp\/v2\/product_brand?post=70551"},{"taxonomy":"product_cat","embeddable":true,"href":"https:\/\/tourtravelandmore.com\/es\/wp-json\/wp\/v2\/product_cat?post=70551"},{"taxonomy":"product_tag","embeddable":true,"href":"https:\/\/tourtravelandmore.com\/es\/wp-json\/wp\/v2\/product_tag?post=70551"}],"curies":[{"name":"wp","href":"https:\/\/api.w.org\/{rel}","templated":true}]}}