{"id":70532,"date":"2019-11-14T23:34:08","date_gmt":"2019-11-14T22:34:09","guid":{"rendered":"https:\/\/tourtravelandmore.com\/?post_type=product&#038;p=70532"},"modified":"2022-03-18T13:23:03","modified_gmt":"2022-03-18T12:23:03","slug":"tour-privado-bamberg-desde-nuremberg","status":"publish","type":"product","link":"https:\/\/tourtravelandmore.com\/es\/tours\/alemania-es\/nuremberg-es\/tour-privado-bamberg-desde-nuremberg\/","title":{"rendered":"Tour privado a Bamberg"},"content":{"rendered":"<h2><strong>Descripci\u00f3n del Tour privado a Bamberg<\/strong><\/h2>\n<p>Visita el maravilloso centro hist\u00f3rico de <b>Bamberg <\/b>desde\u00a0<strong>Nuremberg<\/strong> junto a un chofer\/gu\u00eda privado, licenciado en historia y cultura de Alemania. Explora este Patrimonio de la Humanidad declarado por Unesco en 1993 con nuestro tour a Bamberg desde N\u00faremberg.<\/p>\n<p>Para dar comienzo a su tour su chofer\/gu\u00eda le recoger\u00e1 en su hotel o sitio deseado. A continuaci\u00f3n ir\u00e1n hacia Bamberg, ubicado a 1 hora de N\u00faremberg. Una vez all\u00ed visitar\u00e1n la ciudad junto a su gu\u00eda oficial.<\/p>\n<p>Este tour es privado y adaptable a sus deseos e intereses personales. Cont\u00e1ctenos y nuestro equipo de expertos le ayudar\u00e1 a coordinar una experiencia privada a medida.<\/p>\n<h2><strong>Puntos de inter\u00e9s del Tour privado a Bamberg<\/strong><\/h2>\n<p>El centro hist\u00f3rico de Bamberg fue <a href=\"https:\/\/whc.unesco.org\/en\/list\/624\/\">declarado en 1993 Patrimonio de la humanidad por la UNESCO<\/a>. M\u00e1s de 2400 edificios e iglesias medievales fueron enlistados por Unesco. Estas edificaciones hacen a Bamberg una obra de arte de importante valor hist\u00f3rico. A finales del siglo XVIII, Bamberg se convirti\u00f3 en el foco principal de la Ilustraci\u00f3n del sur de Alemania. Cont\u00f3 entre sus ciudadanos a fil\u00f3sofos y escritores ilustres como Hegel y Hoffmann.<\/p>\n<p>Durante su tour a Bamberg desde N\u00faremberg podr\u00e1 usted visitar los sitios m\u00e1s emblem\u00e1ticos de la ciudad. Entre ellos:<\/p>\n<ul>\n<li><strong>Residencia Geyersw\u00f6rth<\/strong><\/li>\n<li><strong>Ayuntamiento Antiguo:<\/strong> Aprender\u00e1s la maravillosa historia detr\u00e1s de su construcci\u00f3n<\/li>\n<li><strong>Catedral de Bamberg: <\/strong>La catedral fue edificada en el Siglo 13, y es parte del conjunto de edificaciones que forman parte de la lista de Unesco.<\/li>\n<li><strong>Antigua residencia real<\/strong><\/li>\n<li><strong>Nueva residencia<\/strong><\/li>\n<li><strong>Abad\u00eda de Michaelsberg<\/strong><\/li>\n<li><strong>Castillo de Altenburg: <\/strong>El castillo se encuentra en la colina m\u00e1s alta de Bamberg\u2019s y es uno de los puntos m\u00e1s representativos de la ciudad.<\/li>\n<li>Mucho m\u00e1s!<\/li>\n<\/ul>\n<p>Su chofer\/gu\u00eda oficial estar\u00e1 a su entera disposici\u00f3n durante todo el tour. Todos nuestros gu\u00edas son oficiales y licenciados en historia, cultura y arte de Alemania.<\/p>\n","protected":false},"excerpt":{"rendered":"<p>Aprovecha al m\u00e1ximo tu visita a Nuremberg y disfruta una <strong>excursi\u00f3n con chofer\/gu\u00eda privado a la magn\u00edfica ciudad de Bamberg.<\/strong> Descubre su maravilloso centro hist\u00f3rico, declarado por UNESCO como patrimonio de la humanidad.<\/p>\n","protected":false},"featured_media":70709,"comment_status":"open","ping_status":"closed","template":"","meta":{"_acf_changed":false},"product_brand":[],"product_cat":[1339,1341,1340],"product_tag":[1393,4041,1392],"class_list":{"0":"post-70532","1":"product","2":"type-product","3":"status-publish","4":"has-post-thumbnail","6":"product_cat-nuremberg-es","7":"product_cat-nuremberg-rutas-turisticas-privadas-es-es","8":"product_cat-nuremberg-rutas-turisticas-privadas-es","9":"product_tag-city-tour-es","10":"product_tag-private-es","11":"product_tag-private-tour-es","13":"first","14":"instock","15":"shipping-taxable","16":"purchasable","17":"product-type-simple"},"acf":[],"yoast_head":"<!-- This site is optimized with the Yoast SEO Premium plugin v25.3.1 (Yoast SEO v25.3.1) - https:\/\/yoast.com\/wordpress\/plugins\/seo\/ -->\n<title>Tour a Bamberg desde Nuremberg con chofer\/gu\u00eda oficial privado | TTM<\/title>\n<meta name=\"description\" content=\"Disfruta de este tour a Bamberg desde Nuremberg con chofer\/gu\u00eda oficial privado y descubre su maravilloso centro hist\u00f3rico, patrimonio de la UNESCO \u2705\" \/>\n<meta name=\"robots\" content=\"index, follow, max-snippet:-1, max-image-preview:large, max-video-preview:-1\" \/>\n<link rel=\"canonical\" href=\"https:\/\/tourtravelandmore.com\/es\/tours\/alemania-es\/nuremberg-es\/tour-privado-bamberg-desde-nuremberg\/\" \/>\n<meta property=\"og:locale\" content=\"es_ES\" \/>\n<meta property=\"og:type\" content=\"article\" \/>\n<meta property=\"og:title\" content=\"Tour privado a Bamberg\" \/>\n<meta property=\"og:description\" content=\"Disfruta de este tour a Bamberg desde Nuremberg con chofer\/gu\u00eda oficial privado y descubre su maravilloso centro hist\u00f3rico, patrimonio de la UNESCO \u2705\" \/>\n<meta property=\"og:url\" content=\"https:\/\/tourtravelandmore.com\/es\/tours\/alemania-es\/nuremberg-es\/tour-privado-bamberg-desde-nuremberg\/\" \/>\n<meta property=\"og:site_name\" content=\"Tour Travel And More\" \/>\n<meta property=\"article:publisher\" content=\"https:\/\/www.facebook.com\/tourtravelandmore\/\" \/>\n<meta property=\"article:modified_time\" content=\"2022-03-18T12:23:03+00:00\" \/>\n<meta property=\"og:image\" content=\"https:\/\/tourtravelandmore.com\/wp-content\/uploads\/2019\/11\/Germany-Bamberg-View-from-Michaelsberg-abbey-Blick-vom-K-....jpg\" \/>\n\t<meta property=\"og:image:width\" content=\"1023\" \/>\n\t<meta property=\"og:image:height\" content=\"685\" \/>\n\t<meta property=\"og:image:type\" content=\"image\/jpeg\" \/>\n<meta name=\"twitter:card\" content=\"summary_large_image\" \/>\n<meta name=\"twitter:site\" content=\"@TourTravel_More\" \/>\n<meta name=\"twitter:label1\" content=\"Tiempo de lectura\" \/>\n\t<meta name=\"twitter:data1\" content=\"2 minutos\" \/>\n<script type=\"application\/ld+json\" class=\"yoast-schema-graph\">{\"@context\":\"https:\/\/schema.org\",\"@graph\":[{\"@type\":\"WebPage\",\"@id\":\"https:\/\/tourtravelandmore.com\/es\/tours\/alemania-es\/nuremberg-es\/tour-privado-bamberg-desde-nuremberg\/\",\"url\":\"https:\/\/tourtravelandmore.com\/es\/tours\/alemania-es\/nuremberg-es\/tour-privado-bamberg-desde-nuremberg\/\",\"name\":\"Tour a Bamberg desde Nuremberg con chofer\/gu\u00eda oficial privado | TTM\",\"isPartOf\":{\"@id\":\"https:\/\/tourtravelandmore.com\/es\/#website\"},\"primaryImageOfPage\":{\"@id\":\"https:\/\/tourtravelandmore.com\/es\/tours\/alemania-es\/nuremberg-es\/tour-privado-bamberg-desde-nuremberg\/#primaryimage\"},\"image\":{\"@id\":\"https:\/\/tourtravelandmore.com\/es\/tours\/alemania-es\/nuremberg-es\/tour-privado-bamberg-desde-nuremberg\/#primaryimage\"},\"thumbnailUrl\":\"https:\/\/tourtravelandmore.com\/wp-content\/uploads\/2019\/11\/Germany-Bamberg-View-from-Michaelsberg-abbey-Blick-vom-K-....jpg\",\"datePublished\":\"2019-11-14T22:34:09+00:00\",\"dateModified\":\"2022-03-18T12:23:03+00:00\",\"description\":\"Disfruta de este tour a Bamberg desde Nuremberg con chofer\/gu\u00eda oficial privado y descubre su maravilloso centro hist\u00f3rico, patrimonio de la UNESCO \u2705\",\"breadcrumb\":{\"@id\":\"https:\/\/tourtravelandmore.com\/es\/tours\/alemania-es\/nuremberg-es\/tour-privado-bamberg-desde-nuremberg\/#breadcrumb\"},\"inLanguage\":\"es\",\"potentialAction\":[{\"@type\":\"ReadAction\",\"target\":[\"https:\/\/tourtravelandmore.com\/es\/tours\/alemania-es\/nuremberg-es\/tour-privado-bamberg-desde-nuremberg\/\"]}]},{\"@type\":\"ImageObject\",\"inLanguage\":\"es\",\"@id\":\"https:\/\/tourtravelandmore.com\/es\/tours\/alemania-es\/nuremberg-es\/tour-privado-bamberg-desde-nuremberg\/#primaryimage\",\"url\":\"https:\/\/tourtravelandmore.com\/wp-content\/uploads\/2019\/11\/Germany-Bamberg-View-from-Michaelsberg-abbey-Blick-vom-K-....jpg\",\"contentUrl\":\"https:\/\/tourtravelandmore.com\/wp-content\/uploads\/2019\/11\/Germany-Bamberg-View-from-Michaelsberg-abbey-Blick-vom-K-....jpg\",\"width\":1023,\"height\":685},{\"@type\":\"BreadcrumbList\",\"@id\":\"https:\/\/tourtravelandmore.com\/es\/tours\/alemania-es\/nuremberg-es\/tour-privado-bamberg-desde-nuremberg\/#breadcrumb\",\"itemListElement\":[{\"@type\":\"ListItem\",\"position\":1,\"name\":\"Home\",\"item\":\"https:\/\/tourtravelandmore.com\/es\/\"},{\"@type\":\"ListItem\",\"position\":2,\"name\":\"Tours\",\"item\":\"https:\/\/tourtravelandmore.com\/es\/tours\/\"},{\"@type\":\"ListItem\",\"position\":3,\"name\":\"Tour privado a Bamberg\"}]},{\"@type\":\"WebSite\",\"@id\":\"https:\/\/tourtravelandmore.com\/es\/#website\",\"url\":\"https:\/\/tourtravelandmore.com\/es\/\",\"name\":\"Tour Travel And More\",\"description\":\"Private sightseeing tours and luxury transfers in Spain\",\"publisher\":{\"@id\":\"https:\/\/tourtravelandmore.com\/es\/#organization\"},\"potentialAction\":[{\"@type\":\"SearchAction\",\"target\":{\"@type\":\"EntryPoint\",\"urlTemplate\":\"https:\/\/tourtravelandmore.com\/es\/?s={search_term_string}\"},\"query-input\":{\"@type\":\"PropertyValueSpecification\",\"valueRequired\":true,\"valueName\":\"search_term_string\"}}],\"inLanguage\":\"es\"},{\"@type\":\"Organization\",\"@id\":\"https:\/\/tourtravelandmore.com\/es\/#organization\",\"name\":\"Tour Travel And More\",\"url\":\"https:\/\/tourtravelandmore.com\/es\/\",\"logo\":{\"@type\":\"ImageObject\",\"inLanguage\":\"es\",\"@id\":\"https:\/\/tourtravelandmore.com\/es\/#\/schema\/logo\/image\/\",\"url\":\"https:\/\/tourtravelandmore.com\/wp-content\/uploads\/2022\/12\/cropped-logo-cabecera-new.png\",\"contentUrl\":\"https:\/\/tourtravelandmore.com\/wp-content\/uploads\/2022\/12\/cropped-logo-cabecera-new.png\",\"width\":430,\"height\":61,\"caption\":\"Tour Travel And More\"},\"image\":{\"@id\":\"https:\/\/tourtravelandmore.com\/es\/#\/schema\/logo\/image\/\"},\"sameAs\":[\"https:\/\/www.facebook.com\/tourtravelandmore\/\",\"https:\/\/x.com\/TourTravel_More\"]}]}<\/script>\n<!-- \/ Yoast SEO Premium plugin. -->","yoast_head_json":{"title":"Tour a Bamberg desde Nuremberg con chofer\/gu\u00eda oficial privado | TTM","description":"Disfruta de este tour a Bamberg desde Nuremberg con chofer\/gu\u00eda oficial privado y descubre su maravilloso centro hist\u00f3rico, patrimonio de la UNESCO \u2705","robots":{"index":"index","follow":"follow","max-snippet":"max-snippet:-1","max-image-preview":"max-image-preview:large","max-video-preview":"max-video-preview:-1"},"canonical":"https:\/\/tourtravelandmore.com\/es\/tours\/alemania-es\/nuremberg-es\/tour-privado-bamberg-desde-nuremberg\/","og_locale":"es_ES","og_type":"article","og_title":"Tour privado a Bamberg","og_description":"Disfruta de este tour a Bamberg desde Nuremberg con chofer\/gu\u00eda oficial privado y descubre su maravilloso centro hist\u00f3rico, patrimonio de la UNESCO \u2705","og_url":"https:\/\/tourtravelandmore.com\/es\/tours\/alemania-es\/nuremberg-es\/tour-privado-bamberg-desde-nuremberg\/","og_site_name":"Tour Travel And More","article_publisher":"https:\/\/www.facebook.com\/tourtravelandmore\/","article_modified_time":"2022-03-18T12:23:03+00:00","og_image":[{"width":1023,"height":685,"url":"https:\/\/tourtravelandmore.com\/wp-content\/uploads\/2019\/11\/Germany-Bamberg-View-from-Michaelsberg-abbey-Blick-vom-K-....jpg","type":"image\/jpeg"}],"twitter_card":"summary_large_image","twitter_site":"@TourTravel_More","twitter_misc":{"Tiempo de lectura":"2 minutos"},"schema":{"@context":"https:\/\/schema.org","@graph":[{"@type":"WebPage","@id":"https:\/\/tourtravelandmore.com\/es\/tours\/alemania-es\/nuremberg-es\/tour-privado-bamberg-desde-nuremberg\/","url":"https:\/\/tourtravelandmore.com\/es\/tours\/alemania-es\/nuremberg-es\/tour-privado-bamberg-desde-nuremberg\/","name":"Tour a Bamberg desde Nuremberg con chofer\/gu\u00eda oficial privado | TTM","isPartOf":{"@id":"https:\/\/tourtravelandmore.com\/es\/#website"},"primaryImageOfPage":{"@id":"https:\/\/tourtravelandmore.com\/es\/tours\/alemania-es\/nuremberg-es\/tour-privado-bamberg-desde-nuremberg\/#primaryimage"},"image":{"@id":"https:\/\/tourtravelandmore.com\/es\/tours\/alemania-es\/nuremberg-es\/tour-privado-bamberg-desde-nuremberg\/#primaryimage"},"thumbnailUrl":"https:\/\/tourtravelandmore.com\/wp-content\/uploads\/2019\/11\/Germany-Bamberg-View-from-Michaelsberg-abbey-Blick-vom-K-....jpg","datePublished":"2019-11-14T22:34:09+00:00","dateModified":"2022-03-18T12:23:03+00:00","description":"Disfruta de este tour a Bamberg desde Nuremberg con chofer\/gu\u00eda oficial privado y descubre su maravilloso centro hist\u00f3rico, patrimonio de la UNESCO \u2705","breadcrumb":{"@id":"https:\/\/tourtravelandmore.com\/es\/tours\/alemania-es\/nuremberg-es\/tour-privado-bamberg-desde-nuremberg\/#breadcrumb"},"inLanguage":"es","potentialAction":[{"@type":"ReadAction","target":["https:\/\/tourtravelandmore.com\/es\/tours\/alemania-es\/nuremberg-es\/tour-privado-bamberg-desde-nuremberg\/"]}]},{"@type":"ImageObject","inLanguage":"es","@id":"https:\/\/tourtravelandmore.com\/es\/tours\/alemania-es\/nuremberg-es\/tour-privado-bamberg-desde-nuremberg\/#primaryimage","url":"https:\/\/tourtravelandmore.com\/wp-content\/uploads\/2019\/11\/Germany-Bamberg-View-from-Michaelsberg-abbey-Blick-vom-K-....jpg","contentUrl":"https:\/\/tourtravelandmore.com\/wp-content\/uploads\/2019\/11\/Germany-Bamberg-View-from-Michaelsberg-abbey-Blick-vom-K-....jpg","width":1023,"height":685},{"@type":"BreadcrumbList","@id":"https:\/\/tourtravelandmore.com\/es\/tours\/alemania-es\/nuremberg-es\/tour-privado-bamberg-desde-nuremberg\/#breadcrumb","itemListElement":[{"@type":"ListItem","position":1,"name":"Home","item":"https:\/\/tourtravelandmore.com\/es\/"},{"@type":"ListItem","position":2,"name":"Tours","item":"https:\/\/tourtravelandmore.com\/es\/tours\/"},{"@type":"ListItem","position":3,"name":"Tour privado a Bamberg"}]},{"@type":"WebSite","@id":"https:\/\/tourtravelandmore.com\/es\/#website","url":"https:\/\/tourtravelandmore.com\/es\/","name":"Tour Travel And More","description":"Private sightseeing tours and luxury transfers in Spain","publisher":{"@id":"https:\/\/tourtravelandmore.com\/es\/#organization"},"potentialAction":[{"@type":"SearchAction","target":{"@type":"EntryPoint","urlTemplate":"https:\/\/tourtravelandmore.com\/es\/?s={search_term_string}"},"query-input":{"@type":"PropertyValueSpecification","valueRequired":true,"valueName":"search_term_string"}}],"inLanguage":"es"},{"@type":"Organization","@id":"https:\/\/tourtravelandmore.com\/es\/#organization","name":"Tour Travel And More","url":"https:\/\/tourtravelandmore.com\/es\/","logo":{"@type":"ImageObject","inLanguage":"es","@id":"https:\/\/tourtravelandmore.com\/es\/#\/schema\/logo\/image\/","url":"https:\/\/tourtravelandmore.com\/wp-content\/uploads\/2022\/12\/cropped-logo-cabecera-new.png","contentUrl":"https:\/\/tourtravelandmore.com\/wp-content\/uploads\/2022\/12\/cropped-logo-cabecera-new.png","width":430,"height":61,"caption":"Tour Travel And More"},"image":{"@id":"https:\/\/tourtravelandmore.com\/es\/#\/schema\/logo\/image\/"},"sameAs":["https:\/\/www.facebook.com\/tourtravelandmore\/","https:\/\/x.com\/TourTravel_More"]}]}},"_links":{"self":[{"href":"https:\/\/tourtravelandmore.com\/es\/wp-json\/wp\/v2\/product\/70532","targetHints":{"allow":["GET"]}}],"collection":[{"href":"https:\/\/tourtravelandmore.com\/es\/wp-json\/wp\/v2\/product"}],"about":[{"href":"https:\/\/tourtravelandmore.com\/es\/wp-json\/wp\/v2\/types\/product"}],"replies":[{"embeddable":true,"href":"https:\/\/tourtravelandmore.com\/es\/wp-json\/wp\/v2\/comments?post=70532"}],"wp:featuredmedia":[{"embeddable":true,"href":"https:\/\/tourtravelandmore.com\/es\/wp-json\/wp\/v2\/media\/70709"}],"wp:attachment":[{"href":"https:\/\/tourtravelandmore.com\/es\/wp-json\/wp\/v2\/media?parent=70532"}],"wp:term":[{"taxonomy":"product_brand","embeddable":true,"href":"https:\/\/tourtravelandmore.com\/es\/wp-json\/wp\/v2\/product_brand?post=70532"},{"taxonomy":"product_cat","embeddable":true,"href":"https:\/\/tourtravelandmore.com\/es\/wp-json\/wp\/v2\/product_cat?post=70532"},{"taxonomy":"product_tag","embeddable":true,"href":"https:\/\/tourtravelandmore.com\/es\/wp-json\/wp\/v2\/product_tag?post=70532"}],"curies":[{"name":"wp","href":"https:\/\/api.w.org\/{rel}","templated":true}]}}