{"id":70524,"date":"2019-11-14T23:34:05","date_gmt":"2019-11-14T22:34:06","guid":{"rendered":"https:\/\/tourtravelandmore.com\/?post_type=product&#038;p=70524"},"modified":"2022-03-21T12:36:09","modified_gmt":"2022-03-21T11:36:09","slug":"excursion-privada-por-la-ciudad-de-lubeck-desde-hamburgo","status":"publish","type":"product","link":"https:\/\/tourtravelandmore.com\/es\/tours\/alemania-es\/hamburgo-es\/excursion-privada-por-la-ciudad-de-lubeck-desde-hamburgo\/","title":{"rendered":"Tour Privado a L\u00fcbeck desde Hamburgo"},"content":{"rendered":"<h2><strong>Descripci\u00f3n del Tour Privado a L\u00fcbeck desde Hamburgo<\/strong><\/h2>\n<p>Disfrute de este <strong>tour privado a L\u00fcbeck desde Hamburgo<\/strong> junto con su <strong>gu\u00eda oficial privado<\/strong>. Conozca lo mejor de lo que L\u00fcbeck tiene para ofrecer en este tour privado. El recorrido se centrar\u00e1 en el lado m\u00e1s antiguo de la ciudad de L\u00fcbeck.<\/p>\n<p>Nos reuniremos en su hotel o lugar deseado en Hamburgo, donde su <strong>chofer privado<\/strong> lo llevar\u00e1 a su destino. En L\u00fcbeck, se encontrar\u00e1 con su gu\u00eda tur\u00edstico oficial, que le mostrar\u00e1 lo mejor de la ciudad.<\/p>\n<p>L\u00fcbeck fue fundada en el siglo XII y prosper\u00f3 hasta el siglo XVI como el principal centro comercial del norte de Europa. Ha sido un centro de comercio mar\u00edtimo hasta el d\u00eda de hoy, particularmente con los pa\u00edses n\u00f3rdicos. A pesar de los da\u00f1os que sufri\u00f3 durante la Segunda Guerra Mundial, la estructura b\u00e1sica de la ciudad vieja, compuesta principalmente por residencias patricias de los siglos XV y XVI, monumentos p\u00fablicos (la famosa puerta de ladrillo de Holstentor), iglesias y almacenes de sal, permanece inalterada.<\/p>\n<p>Debajo hay un recorrido de 8 horas. Siempre podemos ofrecer recorridos m\u00e1s largos si lo desea. El n\u00famero exacto de horas se puede modificar. Estamos aqu\u00ed para hacer que su experiencia sea \u00fanica y memorable.<\/p>\n<p>Tenemos m\u00faltiples opciones de tours privados en y desde Hamburgo, eche un vistazo a nuestra lista de <a href=\"https:\/\/tourtravelandmore.com\/es\/ciudad\/alemania-es\/hamburgo-es\/\">tours privados aqu\u00ed.<\/a><\/p>\n<h2><strong>Puntos de inter\u00e9s en el Tour Privado a L\u00fcbeck desde Hamburgo<\/strong><\/h2>\n<p>En primer lugar, su conductor privado lo recoger\u00e1 en el lugar que elija en Hamburgo a la hora deseada por usted. Una vez en <strong>L\u00fcbeck<\/strong>, se encontrar\u00e1 con su gu\u00eda tur\u00edstico oficial privado para una visita guiada de 6 horas por la ciudad.<\/p>\n<p>Conoceremos muchos de los monumentos arquitect\u00f3nicos, culturales e hist\u00f3ricos m\u00e1s importantes de la ciudad de mediana edad de L\u00fcbeck.<\/p>\n<p>Durante su tour privado a L\u00fcbeck desde Hamburgo, descubrir\u00e1 algunos de los sitios m\u00e1s reconocidos de la ciudad. Ser\u00e1s testigo de su singular belleza arquitect\u00f3nica. Entre otros lugares, podr\u00e1s visitar:<\/p>\n<ul>\n<li><a href=\"https:\/\/st-marien-luebeck.de\">Iglesia de St. Marien<\/a><\/li>\n<li><strong>Centro hist\u00f3rico de la ciudad<\/strong><\/li>\n<li><strong>Museo de mazap\u00e1n<\/strong><\/li>\n<li><strong>Holstentor<\/strong><\/li>\n<li><strong>Lados de babor<\/strong><\/li>\n<li><strong>Ayuntamiento de L\u00fcbeck<\/strong><\/li>\n<li><strong>Museo de la Confiter\u00eda<\/strong><\/li>\n<li>Y muchos m\u00e1s lugares<\/li>\n<\/ul>\n<p>Podemos incluir entradas a cualquier monumento o museo que desee visitar. Si tiene algo en mente, h\u00e1ganoslo saber y lo arreglaremos por usted.<\/p>\n<p><strong>Cuando finalice la visita guiada, su conductor privado lo llevar\u00e1 de regreso a su hotel en Hamburgo. El servicio se llevar\u00e1 a cabo en un veh\u00edculo privado de lujo.<\/strong><\/p>\n","protected":false},"excerpt":{"rendered":"<p>Avent\u00farese en esta <strong>excursi\u00f3n <\/strong><strong>privada de 8 horas<\/strong>\u00a0<strong>totalmente personalizado<\/strong> por<strong> L\u00fcbeck desde Hamburgo<\/strong>, donde podr\u00e1 admirar la belleza urbana de sus calles, monumentos y edificios medievales m\u00e1s importantes. A lo largo del tour, su <strong>gu\u00eda oficial privado<\/strong> lo llevar\u00e1 a observar y apreciar la belleza que ofrece la ciudad, como el <strong>Centro hist\u00f3rico de la ciudad, <\/strong><strong>Museo de mazap\u00e1n, <\/strong><strong>Holstentor<\/strong> <strong>\u00a0<\/strong>y muchos lugares m\u00e1s.<\/p>\n","protected":false},"featured_media":70706,"comment_status":"open","ping_status":"closed","template":"","meta":{"_acf_changed":false},"product_brand":[],"product_cat":[1294,1295,1298],"product_tag":[1393,4041,1392],"class_list":{"0":"post-70524","1":"product","2":"type-product","3":"status-publish","4":"has-post-thumbnail","6":"product_cat-hamburgo-es","7":"product_cat-hamburgo-tours-privados-actividades-es","8":"product_cat-hamburgo-rutas-turisticas-privadas-es","9":"product_tag-city-tour-es","10":"product_tag-private-es","11":"product_tag-private-tour-es","13":"first","14":"instock","15":"shipping-taxable","16":"purchasable","17":"product-type-simple"},"acf":[],"yoast_head":"<!-- This site is optimized with the Yoast SEO Premium plugin v25.3.1 (Yoast SEO v25.3.1) - https:\/\/yoast.com\/wordpress\/plugins\/seo\/ -->\n<title>Tour Privado a L\u00fcbeck desde Hamburgo con gu\u00eda oficial local | TTM<\/title>\n<meta name=\"description\" content=\"\u2192 Disfrute de este tour privado personalizable y conozca L\u00fcbeck desde Hamburgo, una ciudad medieval llena de historia e impresionante arquitectura \u2705\" \/>\n<meta name=\"robots\" content=\"index, follow, max-snippet:-1, max-image-preview:large, max-video-preview:-1\" \/>\n<link rel=\"canonical\" href=\"https:\/\/tourtravelandmore.com\/es\/tours\/alemania-es\/hamburgo-es\/excursion-privada-por-la-ciudad-de-lubeck-desde-hamburgo\/\" \/>\n<meta property=\"og:locale\" content=\"es_ES\" \/>\n<meta property=\"og:type\" content=\"article\" \/>\n<meta property=\"og:title\" content=\"Tour Privado a L\u00fcbeck desde Hamburgo\" \/>\n<meta property=\"og:description\" content=\"\u2192 Disfrute de este tour privado personalizable y conozca L\u00fcbeck desde Hamburgo, una ciudad medieval llena de historia e impresionante arquitectura \u2705\" \/>\n<meta property=\"og:url\" content=\"https:\/\/tourtravelandmore.com\/es\/tours\/alemania-es\/hamburgo-es\/excursion-privada-por-la-ciudad-de-lubeck-desde-hamburgo\/\" \/>\n<meta property=\"og:site_name\" content=\"Tour Travel And More\" \/>\n<meta property=\"article:publisher\" content=\"https:\/\/www.facebook.com\/tourtravelandmore\/\" \/>\n<meta property=\"article:modified_time\" content=\"2022-03-21T11:36:09+00:00\" \/>\n<meta property=\"og:image\" content=\"https:\/\/tourtravelandmore.com\/wp-content\/uploads\/2019\/11\/lubeck-4087925_1280.jpg\" \/>\n\t<meta property=\"og:image:width\" content=\"1280\" \/>\n\t<meta property=\"og:image:height\" content=\"759\" \/>\n\t<meta property=\"og:image:type\" content=\"image\/jpeg\" \/>\n<meta name=\"twitter:card\" content=\"summary_large_image\" \/>\n<meta name=\"twitter:site\" content=\"@TourTravel_More\" \/>\n<meta name=\"twitter:label1\" content=\"Tiempo de lectura\" \/>\n\t<meta name=\"twitter:data1\" content=\"2 minutos\" \/>\n<script type=\"application\/ld+json\" class=\"yoast-schema-graph\">{\"@context\":\"https:\/\/schema.org\",\"@graph\":[{\"@type\":\"WebPage\",\"@id\":\"https:\/\/tourtravelandmore.com\/es\/tours\/alemania-es\/hamburgo-es\/excursion-privada-por-la-ciudad-de-lubeck-desde-hamburgo\/\",\"url\":\"https:\/\/tourtravelandmore.com\/es\/tours\/alemania-es\/hamburgo-es\/excursion-privada-por-la-ciudad-de-lubeck-desde-hamburgo\/\",\"name\":\"Tour Privado a L\u00fcbeck desde Hamburgo con gu\u00eda oficial local | TTM\",\"isPartOf\":{\"@id\":\"https:\/\/tourtravelandmore.com\/es\/#website\"},\"primaryImageOfPage\":{\"@id\":\"https:\/\/tourtravelandmore.com\/es\/tours\/alemania-es\/hamburgo-es\/excursion-privada-por-la-ciudad-de-lubeck-desde-hamburgo\/#primaryimage\"},\"image\":{\"@id\":\"https:\/\/tourtravelandmore.com\/es\/tours\/alemania-es\/hamburgo-es\/excursion-privada-por-la-ciudad-de-lubeck-desde-hamburgo\/#primaryimage\"},\"thumbnailUrl\":\"https:\/\/tourtravelandmore.com\/wp-content\/uploads\/2019\/11\/lubeck-4087925_1280.jpg\",\"datePublished\":\"2019-11-14T22:34:06+00:00\",\"dateModified\":\"2022-03-21T11:36:09+00:00\",\"description\":\"\u2192 Disfrute de este tour privado personalizable y conozca L\u00fcbeck desde Hamburgo, una ciudad medieval llena de historia e impresionante arquitectura \u2705\",\"breadcrumb\":{\"@id\":\"https:\/\/tourtravelandmore.com\/es\/tours\/alemania-es\/hamburgo-es\/excursion-privada-por-la-ciudad-de-lubeck-desde-hamburgo\/#breadcrumb\"},\"inLanguage\":\"es\",\"potentialAction\":[{\"@type\":\"ReadAction\",\"target\":[\"https:\/\/tourtravelandmore.com\/es\/tours\/alemania-es\/hamburgo-es\/excursion-privada-por-la-ciudad-de-lubeck-desde-hamburgo\/\"]}]},{\"@type\":\"ImageObject\",\"inLanguage\":\"es\",\"@id\":\"https:\/\/tourtravelandmore.com\/es\/tours\/alemania-es\/hamburgo-es\/excursion-privada-por-la-ciudad-de-lubeck-desde-hamburgo\/#primaryimage\",\"url\":\"https:\/\/tourtravelandmore.com\/wp-content\/uploads\/2019\/11\/lubeck-4087925_1280.jpg\",\"contentUrl\":\"https:\/\/tourtravelandmore.com\/wp-content\/uploads\/2019\/11\/lubeck-4087925_1280.jpg\",\"width\":1280,\"height\":759},{\"@type\":\"BreadcrumbList\",\"@id\":\"https:\/\/tourtravelandmore.com\/es\/tours\/alemania-es\/hamburgo-es\/excursion-privada-por-la-ciudad-de-lubeck-desde-hamburgo\/#breadcrumb\",\"itemListElement\":[{\"@type\":\"ListItem\",\"position\":1,\"name\":\"Home\",\"item\":\"https:\/\/tourtravelandmore.com\/es\/\"},{\"@type\":\"ListItem\",\"position\":2,\"name\":\"Tours\",\"item\":\"https:\/\/tourtravelandmore.com\/es\/tours\/\"},{\"@type\":\"ListItem\",\"position\":3,\"name\":\"Tour Privado a L\u00fcbeck desde Hamburgo\"}]},{\"@type\":\"WebSite\",\"@id\":\"https:\/\/tourtravelandmore.com\/es\/#website\",\"url\":\"https:\/\/tourtravelandmore.com\/es\/\",\"name\":\"Tour Travel And More\",\"description\":\"Private sightseeing tours and luxury transfers in Spain\",\"publisher\":{\"@id\":\"https:\/\/tourtravelandmore.com\/es\/#organization\"},\"potentialAction\":[{\"@type\":\"SearchAction\",\"target\":{\"@type\":\"EntryPoint\",\"urlTemplate\":\"https:\/\/tourtravelandmore.com\/es\/?s={search_term_string}\"},\"query-input\":{\"@type\":\"PropertyValueSpecification\",\"valueRequired\":true,\"valueName\":\"search_term_string\"}}],\"inLanguage\":\"es\"},{\"@type\":\"Organization\",\"@id\":\"https:\/\/tourtravelandmore.com\/es\/#organization\",\"name\":\"Tour Travel And More\",\"url\":\"https:\/\/tourtravelandmore.com\/es\/\",\"logo\":{\"@type\":\"ImageObject\",\"inLanguage\":\"es\",\"@id\":\"https:\/\/tourtravelandmore.com\/es\/#\/schema\/logo\/image\/\",\"url\":\"https:\/\/tourtravelandmore.com\/wp-content\/uploads\/2022\/12\/cropped-logo-cabecera-new.png\",\"contentUrl\":\"https:\/\/tourtravelandmore.com\/wp-content\/uploads\/2022\/12\/cropped-logo-cabecera-new.png\",\"width\":430,\"height\":61,\"caption\":\"Tour Travel And More\"},\"image\":{\"@id\":\"https:\/\/tourtravelandmore.com\/es\/#\/schema\/logo\/image\/\"},\"sameAs\":[\"https:\/\/www.facebook.com\/tourtravelandmore\/\",\"https:\/\/x.com\/TourTravel_More\"]}]}<\/script>\n<!-- \/ Yoast SEO Premium plugin. -->","yoast_head_json":{"title":"Tour Privado a L\u00fcbeck desde Hamburgo con gu\u00eda oficial local | TTM","description":"\u2192 Disfrute de este tour privado personalizable y conozca L\u00fcbeck desde Hamburgo, una ciudad medieval llena de historia e impresionante arquitectura \u2705","robots":{"index":"index","follow":"follow","max-snippet":"max-snippet:-1","max-image-preview":"max-image-preview:large","max-video-preview":"max-video-preview:-1"},"canonical":"https:\/\/tourtravelandmore.com\/es\/tours\/alemania-es\/hamburgo-es\/excursion-privada-por-la-ciudad-de-lubeck-desde-hamburgo\/","og_locale":"es_ES","og_type":"article","og_title":"Tour Privado a L\u00fcbeck desde Hamburgo","og_description":"\u2192 Disfrute de este tour privado personalizable y conozca L\u00fcbeck desde Hamburgo, una ciudad medieval llena de historia e impresionante arquitectura \u2705","og_url":"https:\/\/tourtravelandmore.com\/es\/tours\/alemania-es\/hamburgo-es\/excursion-privada-por-la-ciudad-de-lubeck-desde-hamburgo\/","og_site_name":"Tour Travel And More","article_publisher":"https:\/\/www.facebook.com\/tourtravelandmore\/","article_modified_time":"2022-03-21T11:36:09+00:00","og_image":[{"width":1280,"height":759,"url":"https:\/\/tourtravelandmore.com\/wp-content\/uploads\/2019\/11\/lubeck-4087925_1280.jpg","type":"image\/jpeg"}],"twitter_card":"summary_large_image","twitter_site":"@TourTravel_More","twitter_misc":{"Tiempo de lectura":"2 minutos"},"schema":{"@context":"https:\/\/schema.org","@graph":[{"@type":"WebPage","@id":"https:\/\/tourtravelandmore.com\/es\/tours\/alemania-es\/hamburgo-es\/excursion-privada-por-la-ciudad-de-lubeck-desde-hamburgo\/","url":"https:\/\/tourtravelandmore.com\/es\/tours\/alemania-es\/hamburgo-es\/excursion-privada-por-la-ciudad-de-lubeck-desde-hamburgo\/","name":"Tour Privado a L\u00fcbeck desde Hamburgo con gu\u00eda oficial local | TTM","isPartOf":{"@id":"https:\/\/tourtravelandmore.com\/es\/#website"},"primaryImageOfPage":{"@id":"https:\/\/tourtravelandmore.com\/es\/tours\/alemania-es\/hamburgo-es\/excursion-privada-por-la-ciudad-de-lubeck-desde-hamburgo\/#primaryimage"},"image":{"@id":"https:\/\/tourtravelandmore.com\/es\/tours\/alemania-es\/hamburgo-es\/excursion-privada-por-la-ciudad-de-lubeck-desde-hamburgo\/#primaryimage"},"thumbnailUrl":"https:\/\/tourtravelandmore.com\/wp-content\/uploads\/2019\/11\/lubeck-4087925_1280.jpg","datePublished":"2019-11-14T22:34:06+00:00","dateModified":"2022-03-21T11:36:09+00:00","description":"\u2192 Disfrute de este tour privado personalizable y conozca L\u00fcbeck desde Hamburgo, una ciudad medieval llena de historia e impresionante arquitectura \u2705","breadcrumb":{"@id":"https:\/\/tourtravelandmore.com\/es\/tours\/alemania-es\/hamburgo-es\/excursion-privada-por-la-ciudad-de-lubeck-desde-hamburgo\/#breadcrumb"},"inLanguage":"es","potentialAction":[{"@type":"ReadAction","target":["https:\/\/tourtravelandmore.com\/es\/tours\/alemania-es\/hamburgo-es\/excursion-privada-por-la-ciudad-de-lubeck-desde-hamburgo\/"]}]},{"@type":"ImageObject","inLanguage":"es","@id":"https:\/\/tourtravelandmore.com\/es\/tours\/alemania-es\/hamburgo-es\/excursion-privada-por-la-ciudad-de-lubeck-desde-hamburgo\/#primaryimage","url":"https:\/\/tourtravelandmore.com\/wp-content\/uploads\/2019\/11\/lubeck-4087925_1280.jpg","contentUrl":"https:\/\/tourtravelandmore.com\/wp-content\/uploads\/2019\/11\/lubeck-4087925_1280.jpg","width":1280,"height":759},{"@type":"BreadcrumbList","@id":"https:\/\/tourtravelandmore.com\/es\/tours\/alemania-es\/hamburgo-es\/excursion-privada-por-la-ciudad-de-lubeck-desde-hamburgo\/#breadcrumb","itemListElement":[{"@type":"ListItem","position":1,"name":"Home","item":"https:\/\/tourtravelandmore.com\/es\/"},{"@type":"ListItem","position":2,"name":"Tours","item":"https:\/\/tourtravelandmore.com\/es\/tours\/"},{"@type":"ListItem","position":3,"name":"Tour Privado a L\u00fcbeck desde Hamburgo"}]},{"@type":"WebSite","@id":"https:\/\/tourtravelandmore.com\/es\/#website","url":"https:\/\/tourtravelandmore.com\/es\/","name":"Tour Travel And More","description":"Private sightseeing tours and luxury transfers in Spain","publisher":{"@id":"https:\/\/tourtravelandmore.com\/es\/#organization"},"potentialAction":[{"@type":"SearchAction","target":{"@type":"EntryPoint","urlTemplate":"https:\/\/tourtravelandmore.com\/es\/?s={search_term_string}"},"query-input":{"@type":"PropertyValueSpecification","valueRequired":true,"valueName":"search_term_string"}}],"inLanguage":"es"},{"@type":"Organization","@id":"https:\/\/tourtravelandmore.com\/es\/#organization","name":"Tour Travel And More","url":"https:\/\/tourtravelandmore.com\/es\/","logo":{"@type":"ImageObject","inLanguage":"es","@id":"https:\/\/tourtravelandmore.com\/es\/#\/schema\/logo\/image\/","url":"https:\/\/tourtravelandmore.com\/wp-content\/uploads\/2022\/12\/cropped-logo-cabecera-new.png","contentUrl":"https:\/\/tourtravelandmore.com\/wp-content\/uploads\/2022\/12\/cropped-logo-cabecera-new.png","width":430,"height":61,"caption":"Tour Travel And More"},"image":{"@id":"https:\/\/tourtravelandmore.com\/es\/#\/schema\/logo\/image\/"},"sameAs":["https:\/\/www.facebook.com\/tourtravelandmore\/","https:\/\/x.com\/TourTravel_More"]}]}},"_links":{"self":[{"href":"https:\/\/tourtravelandmore.com\/es\/wp-json\/wp\/v2\/product\/70524","targetHints":{"allow":["GET"]}}],"collection":[{"href":"https:\/\/tourtravelandmore.com\/es\/wp-json\/wp\/v2\/product"}],"about":[{"href":"https:\/\/tourtravelandmore.com\/es\/wp-json\/wp\/v2\/types\/product"}],"replies":[{"embeddable":true,"href":"https:\/\/tourtravelandmore.com\/es\/wp-json\/wp\/v2\/comments?post=70524"}],"wp:featuredmedia":[{"embeddable":true,"href":"https:\/\/tourtravelandmore.com\/es\/wp-json\/wp\/v2\/media\/70706"}],"wp:attachment":[{"href":"https:\/\/tourtravelandmore.com\/es\/wp-json\/wp\/v2\/media?parent=70524"}],"wp:term":[{"taxonomy":"product_brand","embeddable":true,"href":"https:\/\/tourtravelandmore.com\/es\/wp-json\/wp\/v2\/product_brand?post=70524"},{"taxonomy":"product_cat","embeddable":true,"href":"https:\/\/tourtravelandmore.com\/es\/wp-json\/wp\/v2\/product_cat?post=70524"},{"taxonomy":"product_tag","embeddable":true,"href":"https:\/\/tourtravelandmore.com\/es\/wp-json\/wp\/v2\/product_tag?post=70524"}],"curies":[{"name":"wp","href":"https:\/\/api.w.org\/{rel}","templated":true}]}}