{"id":70443,"date":"2019-11-14T10:58:02","date_gmt":"2019-11-14T09:58:04","guid":{"rendered":"https:\/\/tourtravelandmore.com\/?post_type=product&#038;p=70443"},"modified":"2024-02-09T13:21:16","modified_gmt":"2024-02-09T12:21:16","slug":"tour-privado-a-pie-por-el-barrio-judio-de-praga","status":"publish","type":"product","link":"https:\/\/tourtravelandmore.com\/es\/tours\/republica-checa-es\/prague-es\/tour-privado-a-pie-por-el-barrio-judio-de-praga\/","title":{"rendered":"Tour Privado a pie por El Barrio Jud\u00edo de Praga"},"content":{"rendered":"<h2><b>Descripci\u00f3n del Tour Privado a pie por el Barrios jud\u00edo de Praga<\/b><\/h2>\n<p><span style=\"font-weight: 400;\">Realice este recorrido privado con su gu\u00eda, quien lo ayudar\u00e1 a explorar el barrio jud\u00edo de Praga para comprender algunas de las mejores atracciones.<\/span><\/p>\n<p><span style=\"font-weight: 400;\">El barrio jud\u00edo de Josefov alberga una historia rica y diversa. Su gu\u00eda privado se ocupar\u00e1 de todos los aspectos de su recorrido y le contar\u00e1 m\u00e1s sobre el patrimonio de la zona durante su estancia en Praga.<\/span><\/p>\n<p><span style=\"font-weight: 400;\">En su recorrido privado a pie en el Barrio Jud\u00edo de Praga, su gu\u00eda tur\u00edstico puede mostrarle los lugares m\u00e1s emblem\u00e1ticos e impresionantes, incluso los mejores lugares para tomar fotograf\u00edas. No solo le informar\u00e1n sobre la historia y la cultura de la ciudad, sino que tambi\u00e9n lo ayudar\u00e1n a organizar su itinerario para que se adapte al tama\u00f1o de su grupo y sus necesidades individuales. Este recorrido es totalmente personalizable y se puede organizar f\u00e1cilmente para satisfacer sus necesidades personales. P\u00f3ngase en contacto con nosotros si desea organizar otra aventura como esta!.<\/span><\/p>\n<p><span style=\"font-weight: 400;\">Se espera que el horario y la duraci\u00f3n del recorrido sea de 3 horas a trav\u00e9s de los sitios de inter\u00e9s m\u00e1s conocidos del Barrio Jud\u00edo de Praga. La duraci\u00f3n exacta del recorrido se puede cambiar o modificar, pero debe comunicarse con nosotros antes de reservarlo.<\/span><\/p>\n<h2><b>Puntos de inter\u00e9s en el tour privado a pie por el barrio jud\u00edo de Praga<\/b><\/h2>\n<p><span style=\"font-weight: 400;\">Este recorrido privado por el barrio jud\u00edo de Praga comenzar\u00e1 con le encuentro en su hotel o lugar c\u00e9ntrico de la ciudad. Su gu\u00eda le llevar\u00e1 por algunos de los puntos m\u00e1s emblem\u00e1ticos de Praga como el barrio jud\u00edo y le mostrar\u00e1 los mejores sitios.<\/span><\/p>\n<p><span style=\"font-weight: 400;\">Demos un paseo por esta bonita ciudad mientras descubres algunos de los puntos m\u00e1s bellos de Praga. Estos son solo algunos, \u00a1los reconocer\u00e1s cuando los veas!<\/span><\/p>\n<ul>\n<li style=\"font-weight: 400;\" aria-level=\"1\"><b>Reloj Astron\u00f3mico de Praga<\/b><\/li>\n<li style=\"font-weight: 400;\" aria-level=\"1\"><b>Museo Jud\u00edo de Praga<\/b><\/li>\n<li style=\"font-weight: 400;\" aria-level=\"1\"><b>Sinagoga Espa\u00f1ola<\/b><\/li>\n<li style=\"font-weight: 400;\" aria-level=\"1\"><b>Sinagoga de Klausen<\/b><\/li>\n<li style=\"font-weight: 400;\" aria-level=\"1\"><b>Sinagoga vieja\/nueva<\/b><\/li>\n<li style=\"font-weight: 400;\" aria-level=\"1\"><b>El antiguo cementerio jud\u00edo<\/b><\/li>\n<li style=\"font-weight: 400;\" aria-level=\"1\"><b>Sinagoga Pinkas<\/b><\/li>\n<li style=\"font-weight: 400;\" aria-level=\"1\"><b>Puente de Carlos (Karl\u016fv most)<\/b><\/li>\n<li style=\"font-weight: 400;\" aria-level=\"1\"><b>Y muchos m\u00e1s lugares en este tour privado por Praga.<\/b><\/li>\n<\/ul>\n<p><span style=\"font-weight: 400;\">Merece aprovechar al m\u00e1ximo su recorrido por Praga y es por eso que ofrecemos un recorrido privado. Puede agregar o eliminar cualquier monumento o sitio que le interese, \u00a1para que no tenga que preocuparse por marcarlos en una lista!<\/span><\/p>\n<p><span style=\"font-weight: 400;\">Cada experto local de Praga y no \u00fanicamente tiene licencia, sino que tambi\u00e9n es un gu\u00eda tur\u00edstico profesional con un gran conocimiento de la ciudad y su historia.<\/span><\/p>\n<p><span style=\"font-weight: 400;\">Cuando finalice el recorrido, su gu\u00eda tur\u00edstico oficial privado lo llevar\u00e1 de regreso a su hotel en el centro de la ciudad o al punto de su elecci\u00f3n.<\/span><\/p>\n<p><span style=\"font-weight: 400;\">\u00a1<\/span><a href=\"https:\/\/tourtravelandmore.com\/es\/ciudad\/republica-checa-es\/prague-es\/\"><span style=\"font-weight: 400;\">Eche un vistazo a otros tours privados en Praga<\/span><\/a><span style=\"font-weight: 400;\">!<\/span><\/p>\n","protected":false},"excerpt":{"rendered":"<p><span style=\"font-weight: 400;\">El Barrio Jud\u00edo de Praga es un recorrido privado. Este recorrido a pie lo llevar\u00e1 a trav\u00e9s de la historia de esta hermosa zona y su rica cultura. <\/span><span style=\"font-weight: 400;\">El Barrio Jud\u00edo de Praga es una de las zonas m\u00e1s populares de la ciudad tanto para turistas como para lugare\u00f1os. Es el hogar de algunas de las sinagogas m\u00e1s antiguas, incluida la Gran Sinagoga, que fue construida en <\/span><span style=\"font-weight: 400;\">1868<\/span><span style=\"font-weight: 400;\">.<\/span><\/p>\n<p>&nbsp;<\/p>\n","protected":false},"featured_media":70501,"comment_status":"open","ping_status":"closed","template":"","meta":{"_acf_changed":false},"product_brand":[],"product_cat":[1588,1356,1360,1358],"product_tag":[],"class_list":{"0":"post-70443","1":"product","2":"type-product","3":"status-publish","4":"has-post-thumbnail","6":"product_cat-republica-checa-es","7":"product_cat-prague-es","8":"product_cat-prague-rutas-turisticas-privadas-es-es","9":"product_cat-prague-rutas-turisticas-privadas-es","11":"first","12":"instock","13":"shipping-taxable","14":"purchasable","15":"product-type-simple"},"acf":[],"yoast_head":"<!-- This site is optimized with the Yoast SEO Premium plugin v25.3.1 (Yoast SEO v25.3.1) - https:\/\/yoast.com\/wordpress\/plugins\/seo\/ -->\n<title>\u27a1\ufe0f Tour Privado a pie por El Barrio Jud\u00edo de Praga | Tour Travel &amp; More<\/title>\n<meta name=\"description\" content=\"El recorrido privado a pie por el Barrio Jud\u00edo de Praga brinda una gran oportunidad para que los turistas exploren el Barrio Jud\u00edo, su historia y cultura a pie \u2705\" \/>\n<meta name=\"robots\" content=\"index, follow, max-snippet:-1, max-image-preview:large, max-video-preview:-1\" \/>\n<link rel=\"canonical\" href=\"https:\/\/tourtravelandmore.com\/es\/tours\/republica-checa-es\/prague-es\/tour-privado-a-pie-por-el-barrio-judio-de-praga\/\" \/>\n<meta property=\"og:locale\" content=\"es_ES\" \/>\n<meta property=\"og:type\" content=\"article\" \/>\n<meta property=\"og:title\" content=\"Tour Privado a pie por El Barrio Jud\u00edo de Praga\" \/>\n<meta property=\"og:description\" content=\"El recorrido privado a pie por el Barrio Jud\u00edo de Praga brinda una gran oportunidad para que los turistas exploren el Barrio Jud\u00edo, su historia y cultura a pie \u2705\" \/>\n<meta property=\"og:url\" content=\"https:\/\/tourtravelandmore.com\/es\/tours\/republica-checa-es\/prague-es\/tour-privado-a-pie-por-el-barrio-judio-de-praga\/\" \/>\n<meta property=\"og:site_name\" content=\"Tour Travel And More\" \/>\n<meta property=\"article:publisher\" content=\"https:\/\/www.facebook.com\/tourtravelandmore\/\" \/>\n<meta property=\"article:modified_time\" content=\"2024-02-09T12:21:16+00:00\" \/>\n<meta property=\"og:image\" content=\"https:\/\/tourtravelandmore.com\/wp-content\/uploads\/2019\/11\/jewish_quarter_prague.jpg\" \/>\n\t<meta property=\"og:image:width\" content=\"1024\" \/>\n\t<meta property=\"og:image:height\" content=\"819\" \/>\n\t<meta property=\"og:image:type\" content=\"image\/jpeg\" \/>\n<meta name=\"twitter:card\" content=\"summary_large_image\" \/>\n<meta name=\"twitter:site\" content=\"@TourTravel_More\" \/>\n<meta name=\"twitter:label1\" content=\"Tiempo de lectura\" \/>\n\t<meta name=\"twitter:data1\" content=\"3 minutos\" \/>\n<script type=\"application\/ld+json\" class=\"yoast-schema-graph\">{\"@context\":\"https:\/\/schema.org\",\"@graph\":[{\"@type\":\"WebPage\",\"@id\":\"https:\/\/tourtravelandmore.com\/es\/tours\/republica-checa-es\/prague-es\/tour-privado-a-pie-por-el-barrio-judio-de-praga\/\",\"url\":\"https:\/\/tourtravelandmore.com\/es\/tours\/republica-checa-es\/prague-es\/tour-privado-a-pie-por-el-barrio-judio-de-praga\/\",\"name\":\"\u27a1\ufe0f Tour Privado a pie por El Barrio Jud\u00edo de Praga | Tour Travel & More\",\"isPartOf\":{\"@id\":\"https:\/\/tourtravelandmore.com\/es\/#website\"},\"primaryImageOfPage\":{\"@id\":\"https:\/\/tourtravelandmore.com\/es\/tours\/republica-checa-es\/prague-es\/tour-privado-a-pie-por-el-barrio-judio-de-praga\/#primaryimage\"},\"image\":{\"@id\":\"https:\/\/tourtravelandmore.com\/es\/tours\/republica-checa-es\/prague-es\/tour-privado-a-pie-por-el-barrio-judio-de-praga\/#primaryimage\"},\"thumbnailUrl\":\"https:\/\/tourtravelandmore.com\/wp-content\/uploads\/2019\/11\/jewish_quarter_prague.jpg\",\"datePublished\":\"2019-11-14T09:58:04+00:00\",\"dateModified\":\"2024-02-09T12:21:16+00:00\",\"description\":\"El recorrido privado a pie por el Barrio Jud\u00edo de Praga brinda una gran oportunidad para que los turistas exploren el Barrio Jud\u00edo, su historia y cultura a pie \u2705\",\"breadcrumb\":{\"@id\":\"https:\/\/tourtravelandmore.com\/es\/tours\/republica-checa-es\/prague-es\/tour-privado-a-pie-por-el-barrio-judio-de-praga\/#breadcrumb\"},\"inLanguage\":\"es\",\"potentialAction\":[{\"@type\":\"ReadAction\",\"target\":[\"https:\/\/tourtravelandmore.com\/es\/tours\/republica-checa-es\/prague-es\/tour-privado-a-pie-por-el-barrio-judio-de-praga\/\"]}]},{\"@type\":\"ImageObject\",\"inLanguage\":\"es\",\"@id\":\"https:\/\/tourtravelandmore.com\/es\/tours\/republica-checa-es\/prague-es\/tour-privado-a-pie-por-el-barrio-judio-de-praga\/#primaryimage\",\"url\":\"https:\/\/tourtravelandmore.com\/wp-content\/uploads\/2019\/11\/jewish_quarter_prague.jpg\",\"contentUrl\":\"https:\/\/tourtravelandmore.com\/wp-content\/uploads\/2019\/11\/jewish_quarter_prague.jpg\",\"width\":1024,\"height\":819},{\"@type\":\"BreadcrumbList\",\"@id\":\"https:\/\/tourtravelandmore.com\/es\/tours\/republica-checa-es\/prague-es\/tour-privado-a-pie-por-el-barrio-judio-de-praga\/#breadcrumb\",\"itemListElement\":[{\"@type\":\"ListItem\",\"position\":1,\"name\":\"Home\",\"item\":\"https:\/\/tourtravelandmore.com\/es\/\"},{\"@type\":\"ListItem\",\"position\":2,\"name\":\"Tours\",\"item\":\"https:\/\/tourtravelandmore.com\/es\/tours\/\"},{\"@type\":\"ListItem\",\"position\":3,\"name\":\"Tour Privado a pie por El Barrio Jud\u00edo de Praga\"}]},{\"@type\":\"WebSite\",\"@id\":\"https:\/\/tourtravelandmore.com\/es\/#website\",\"url\":\"https:\/\/tourtravelandmore.com\/es\/\",\"name\":\"Tour Travel And More\",\"description\":\"Private sightseeing tours and luxury transfers in Spain\",\"publisher\":{\"@id\":\"https:\/\/tourtravelandmore.com\/es\/#organization\"},\"potentialAction\":[{\"@type\":\"SearchAction\",\"target\":{\"@type\":\"EntryPoint\",\"urlTemplate\":\"https:\/\/tourtravelandmore.com\/es\/?s={search_term_string}\"},\"query-input\":{\"@type\":\"PropertyValueSpecification\",\"valueRequired\":true,\"valueName\":\"search_term_string\"}}],\"inLanguage\":\"es\"},{\"@type\":\"Organization\",\"@id\":\"https:\/\/tourtravelandmore.com\/es\/#organization\",\"name\":\"Tour Travel And More\",\"url\":\"https:\/\/tourtravelandmore.com\/es\/\",\"logo\":{\"@type\":\"ImageObject\",\"inLanguage\":\"es\",\"@id\":\"https:\/\/tourtravelandmore.com\/es\/#\/schema\/logo\/image\/\",\"url\":\"https:\/\/tourtravelandmore.com\/wp-content\/uploads\/2022\/12\/cropped-logo-cabecera-new.png\",\"contentUrl\":\"https:\/\/tourtravelandmore.com\/wp-content\/uploads\/2022\/12\/cropped-logo-cabecera-new.png\",\"width\":430,\"height\":61,\"caption\":\"Tour Travel And More\"},\"image\":{\"@id\":\"https:\/\/tourtravelandmore.com\/es\/#\/schema\/logo\/image\/\"},\"sameAs\":[\"https:\/\/www.facebook.com\/tourtravelandmore\/\",\"https:\/\/x.com\/TourTravel_More\"]}]}<\/script>\n<!-- \/ Yoast SEO Premium plugin. -->","yoast_head_json":{"title":"\u27a1\ufe0f Tour Privado a pie por El Barrio Jud\u00edo de Praga | Tour Travel & More","description":"El recorrido privado a pie por el Barrio Jud\u00edo de Praga brinda una gran oportunidad para que los turistas exploren el Barrio Jud\u00edo, su historia y cultura a pie \u2705","robots":{"index":"index","follow":"follow","max-snippet":"max-snippet:-1","max-image-preview":"max-image-preview:large","max-video-preview":"max-video-preview:-1"},"canonical":"https:\/\/tourtravelandmore.com\/es\/tours\/republica-checa-es\/prague-es\/tour-privado-a-pie-por-el-barrio-judio-de-praga\/","og_locale":"es_ES","og_type":"article","og_title":"Tour Privado a pie por El Barrio Jud\u00edo de Praga","og_description":"El recorrido privado a pie por el Barrio Jud\u00edo de Praga brinda una gran oportunidad para que los turistas exploren el Barrio Jud\u00edo, su historia y cultura a pie \u2705","og_url":"https:\/\/tourtravelandmore.com\/es\/tours\/republica-checa-es\/prague-es\/tour-privado-a-pie-por-el-barrio-judio-de-praga\/","og_site_name":"Tour Travel And More","article_publisher":"https:\/\/www.facebook.com\/tourtravelandmore\/","article_modified_time":"2024-02-09T12:21:16+00:00","og_image":[{"width":1024,"height":819,"url":"https:\/\/tourtravelandmore.com\/wp-content\/uploads\/2019\/11\/jewish_quarter_prague.jpg","type":"image\/jpeg"}],"twitter_card":"summary_large_image","twitter_site":"@TourTravel_More","twitter_misc":{"Tiempo de lectura":"3 minutos"},"schema":{"@context":"https:\/\/schema.org","@graph":[{"@type":"WebPage","@id":"https:\/\/tourtravelandmore.com\/es\/tours\/republica-checa-es\/prague-es\/tour-privado-a-pie-por-el-barrio-judio-de-praga\/","url":"https:\/\/tourtravelandmore.com\/es\/tours\/republica-checa-es\/prague-es\/tour-privado-a-pie-por-el-barrio-judio-de-praga\/","name":"\u27a1\ufe0f Tour Privado a pie por El Barrio Jud\u00edo de Praga | Tour Travel & More","isPartOf":{"@id":"https:\/\/tourtravelandmore.com\/es\/#website"},"primaryImageOfPage":{"@id":"https:\/\/tourtravelandmore.com\/es\/tours\/republica-checa-es\/prague-es\/tour-privado-a-pie-por-el-barrio-judio-de-praga\/#primaryimage"},"image":{"@id":"https:\/\/tourtravelandmore.com\/es\/tours\/republica-checa-es\/prague-es\/tour-privado-a-pie-por-el-barrio-judio-de-praga\/#primaryimage"},"thumbnailUrl":"https:\/\/tourtravelandmore.com\/wp-content\/uploads\/2019\/11\/jewish_quarter_prague.jpg","datePublished":"2019-11-14T09:58:04+00:00","dateModified":"2024-02-09T12:21:16+00:00","description":"El recorrido privado a pie por el Barrio Jud\u00edo de Praga brinda una gran oportunidad para que los turistas exploren el Barrio Jud\u00edo, su historia y cultura a pie \u2705","breadcrumb":{"@id":"https:\/\/tourtravelandmore.com\/es\/tours\/republica-checa-es\/prague-es\/tour-privado-a-pie-por-el-barrio-judio-de-praga\/#breadcrumb"},"inLanguage":"es","potentialAction":[{"@type":"ReadAction","target":["https:\/\/tourtravelandmore.com\/es\/tours\/republica-checa-es\/prague-es\/tour-privado-a-pie-por-el-barrio-judio-de-praga\/"]}]},{"@type":"ImageObject","inLanguage":"es","@id":"https:\/\/tourtravelandmore.com\/es\/tours\/republica-checa-es\/prague-es\/tour-privado-a-pie-por-el-barrio-judio-de-praga\/#primaryimage","url":"https:\/\/tourtravelandmore.com\/wp-content\/uploads\/2019\/11\/jewish_quarter_prague.jpg","contentUrl":"https:\/\/tourtravelandmore.com\/wp-content\/uploads\/2019\/11\/jewish_quarter_prague.jpg","width":1024,"height":819},{"@type":"BreadcrumbList","@id":"https:\/\/tourtravelandmore.com\/es\/tours\/republica-checa-es\/prague-es\/tour-privado-a-pie-por-el-barrio-judio-de-praga\/#breadcrumb","itemListElement":[{"@type":"ListItem","position":1,"name":"Home","item":"https:\/\/tourtravelandmore.com\/es\/"},{"@type":"ListItem","position":2,"name":"Tours","item":"https:\/\/tourtravelandmore.com\/es\/tours\/"},{"@type":"ListItem","position":3,"name":"Tour Privado a pie por El Barrio Jud\u00edo de Praga"}]},{"@type":"WebSite","@id":"https:\/\/tourtravelandmore.com\/es\/#website","url":"https:\/\/tourtravelandmore.com\/es\/","name":"Tour Travel And More","description":"Private sightseeing tours and luxury transfers in Spain","publisher":{"@id":"https:\/\/tourtravelandmore.com\/es\/#organization"},"potentialAction":[{"@type":"SearchAction","target":{"@type":"EntryPoint","urlTemplate":"https:\/\/tourtravelandmore.com\/es\/?s={search_term_string}"},"query-input":{"@type":"PropertyValueSpecification","valueRequired":true,"valueName":"search_term_string"}}],"inLanguage":"es"},{"@type":"Organization","@id":"https:\/\/tourtravelandmore.com\/es\/#organization","name":"Tour Travel And More","url":"https:\/\/tourtravelandmore.com\/es\/","logo":{"@type":"ImageObject","inLanguage":"es","@id":"https:\/\/tourtravelandmore.com\/es\/#\/schema\/logo\/image\/","url":"https:\/\/tourtravelandmore.com\/wp-content\/uploads\/2022\/12\/cropped-logo-cabecera-new.png","contentUrl":"https:\/\/tourtravelandmore.com\/wp-content\/uploads\/2022\/12\/cropped-logo-cabecera-new.png","width":430,"height":61,"caption":"Tour Travel And More"},"image":{"@id":"https:\/\/tourtravelandmore.com\/es\/#\/schema\/logo\/image\/"},"sameAs":["https:\/\/www.facebook.com\/tourtravelandmore\/","https:\/\/x.com\/TourTravel_More"]}]}},"_links":{"self":[{"href":"https:\/\/tourtravelandmore.com\/es\/wp-json\/wp\/v2\/product\/70443","targetHints":{"allow":["GET"]}}],"collection":[{"href":"https:\/\/tourtravelandmore.com\/es\/wp-json\/wp\/v2\/product"}],"about":[{"href":"https:\/\/tourtravelandmore.com\/es\/wp-json\/wp\/v2\/types\/product"}],"replies":[{"embeddable":true,"href":"https:\/\/tourtravelandmore.com\/es\/wp-json\/wp\/v2\/comments?post=70443"}],"wp:featuredmedia":[{"embeddable":true,"href":"https:\/\/tourtravelandmore.com\/es\/wp-json\/wp\/v2\/media\/70501"}],"wp:attachment":[{"href":"https:\/\/tourtravelandmore.com\/es\/wp-json\/wp\/v2\/media?parent=70443"}],"wp:term":[{"taxonomy":"product_brand","embeddable":true,"href":"https:\/\/tourtravelandmore.com\/es\/wp-json\/wp\/v2\/product_brand?post=70443"},{"taxonomy":"product_cat","embeddable":true,"href":"https:\/\/tourtravelandmore.com\/es\/wp-json\/wp\/v2\/product_cat?post=70443"},{"taxonomy":"product_tag","embeddable":true,"href":"https:\/\/tourtravelandmore.com\/es\/wp-json\/wp\/v2\/product_tag?post=70443"}],"curies":[{"name":"wp","href":"https:\/\/api.w.org\/{rel}","templated":true}]}}