{"id":70037,"date":"2019-11-04T06:41:38","date_gmt":"2019-11-04T05:41:38","guid":{"rendered":"https:\/\/tourtravelandmore.com\/?post_type=product&#038;p=70037"},"modified":"2023-11-27T16:54:12","modified_gmt":"2023-11-27T15:54:12","slug":"excursion-privada-de-un-dia-a-salzburgo-desde-viena","status":"publish","type":"product","link":"https:\/\/tourtravelandmore.com\/es\/tours\/austria-es\/viena-es\/excursion-privada-de-un-dia-a-salzburgo-desde-viena\/","title":{"rendered":"Excursi\u00f3n privada de un d\u00eda a Salzburgo desde Viena"},"content":{"rendered":"<h2><b>Excursi\u00f3n privada de un d\u00eda a Salzburgo desde Viena Descripci\u00f3n<\/b><\/h2>\n<p><span style=\"font-weight: 400;\">El viaje a Salzburgo, ilustre cuna de Wolfgang Amadeus Mozart y escaparate de la arquitectura barroca, se desarrolla como un cuento encantador en nuestra excursi\u00f3n de un d\u00eda meticulosamente planificada.<\/span><\/p>\n<p><span style=\"font-weight: 400;\">Comience su aventura desde Viena rodeado de lujo. Nuestro servicio de coche privado le recoger\u00e1 c\u00f3modamente en su hotel (si est\u00e1 situado en el centro) o en cualquier otro punto c\u00e9ntrico de Viena. A medida que atraviese la fascinante campi\u00f1a austriaca, el viaje se convertir\u00e1 en una experiencia inolvidable.<\/span><\/p>\n<p><span style=\"font-weight: 400;\">Salzburgo, declarada Patrimonio de la Humanidad por la UNESCO, es un testimonio de la uni\u00f3n entre cultura y naturaleza. Enclavada a orillas del r\u00edo Salzach, la ciudad presume de maravillas arquitect\u00f3nicas y muchos la recuerdan con cari\u00f1o por la ic\u00f3nica pel\u00edcula &#8220;Sonrisas y l\u00e1grimas&#8221;. Durante este extenso recorrido, se sumergir\u00e1 en la historia, las tradiciones y el magn\u00edfico distrito de los lagos de Salzburgo. Un gu\u00eda local experto le acompa\u00f1ar\u00e1, enriqueciendo su experiencia con an\u00e9cdotas detalladas y conocimientos hist\u00f3ricos.<\/span><\/p>\n<p><span style=\"font-weight: 400;\">Las joyas de la corona de su visita a Salzburgo incluyen un paseo por los jardines del Palacio de Mirabell, un viaje en el tiempo en el Palacio de Hellbrunn y una mirada \u00edntima a la vida de Mozart en su casa natal. Deleite sus sentidos con los intrincados detalles de la Catedral de Salzburgo, marav\u00edllese ante la Fortaleza de Hohensalzburg, que monta guardia en lo alto de la ciudad, y recorra las encantadoras calles en las que resuenan historias del pasado.<\/span><\/p>\n<p><span style=\"font-weight: 400;\">Despu\u00e9s de un completo recorrido de 12 horas lleno de asombro y admiraci\u00f3n, si\u00e9ntese y rel\u00e1jese mientras nuestro coche le lleva serenamente de vuelta a Viena.<\/span><\/p>\n<h2><b>Lo m\u00e1s destacado de la excursi\u00f3n privada de un d\u00eda a Salzburgo desde Viena<\/b><\/h2>\n<ul>\n<li style=\"font-weight: 400;\" aria-level=\"1\"><b>Palacio Mirabel:<\/b><span style=\"font-weight: 400;\"> Una oda arquitect\u00f3nica al amor, erigido en 1606, hipnotiza con sus exuberantes jardines y sus intrincados matices g\u00f3ticos.<\/span><\/li>\n<li style=\"font-weight: 400;\" aria-level=\"1\"><b>Fortaleza de Hohensalzburg:<\/b><span style=\"font-weight: 400;\"> Erguida con orgullo, esta fortaleza exhibe una mezcla de arquitectura medieval y renacentista, que guarda historias del tumultuoso pasado de Salzburgo.<\/span><\/li>\n<li style=\"font-weight: 400;\" aria-level=\"1\"><b>Catedral de Salzburgo:<\/b><span style=\"font-weight: 400;\"> Esta joya barroca del siglo XVII, donde fue bautizado Mozart, exhibe obras maestras art\u00edsticas, incluidos frescos del Antiguo Testamento.<\/span><\/li>\n<li style=\"font-weight: 400;\" aria-level=\"1\"><b>Casa natal de Mozart: <\/b><span style=\"font-weight: 400;\">Entre en la casa donde el mundo de la m\u00fasica cambi\u00f3 para siempre. Este museo conserva instrumentos, composiciones originales y objetos personales del prodigioso compositor.<\/span><\/li>\n<li style=\"font-weight: 400;\" aria-level=\"1\"><b>Kapitelplatz:<\/b><span style=\"font-weight: 400;\"> Del\u00e9itese con el encanto de la popular plaza de Salzburgo, que alberga la emblem\u00e1tica esfera dorada y ofrece una vista panor\u00e1mica de la fortaleza y los monumentos arquitect\u00f3nicos de la ciudad.<\/span><\/li>\n<li style=\"font-weight: 400;\" aria-level=\"1\"><b>Festungsgasse: <\/b><span style=\"font-weight: 400;\">Un camino serpenteante que conduce a la Fortaleza de Hohensalzburg. A medida que asciende, podr\u00e1 contemplar las espl\u00e9ndidas vistas de la ciudad que se despliegan a sus pies, un regalo para los sentidos.<\/span><\/li>\n<li style=\"font-weight: 400;\" aria-level=\"1\"><b>Residenz de Salzburgo:<\/b><span style=\"font-weight: 400;\"> este gran palacio, anta\u00f1o epicentro del poder de los arzobispos de Salzburgo, es un ep\u00edtome de la brillantez barroca. La Galer\u00eda de la Residenz exhibe pinturas europeas de los siglos XVI al XIX, lo que la convierte en un para\u00edso para los amantes del arte.<\/span><\/li>\n<li style=\"font-weight: 400;\" aria-level=\"1\"><b>Abad\u00eda de San Pedro (Stift St. Peter):<\/b><span style=\"font-weight: 400;\"> Situada a los pies del M\u00f6nchsberg, es uno de los monasterios m\u00e1s antiguos del mundo germanohablante. Con un impresionante cementerio, catacumbas y una biblioteca que es un tesoro de manuscritos medievales, capta el fervor religioso y la inclinaci\u00f3n art\u00edstica de su \u00e9poca.<\/span><\/li>\n<\/ul>\n<h3><span style=\"font-weight: 400;\">Adem\u00e1s, sum\u00e9rjase en:<\/span><\/h3>\n<ul>\n<li style=\"font-weight: 400;\" aria-level=\"1\"><strong>Escenas ic\u00f3nicas de &#8220;Sonrisas y l\u00e1grimas&#8221;.<\/strong><\/li>\n<li style=\"font-weight: 400;\" aria-level=\"1\"><strong>Las galer\u00edas de arte Kovacek y Zetter<\/strong><\/li>\n<li style=\"font-weight: 400;\" aria-level=\"1\"><strong>El tranquilo r\u00edo Salzach<\/strong><\/li>\n<li style=\"font-weight: 400;\" aria-level=\"1\"><strong>La hist\u00f3rica iglesia de San Pedro<\/strong><\/li>\n<li style=\"font-weight: 400;\" aria-level=\"1\"><strong>La vibrante calle Getreidegasse<\/strong><\/li>\n<li style=\"font-weight: 400;\" aria-level=\"1\"><strong>El intemporal Uhrenmuseum<\/strong><\/li>\n<\/ul>\n<p><span style=\"font-weight: 400;\">Para concluir esta encantadora experiencia, deje que nuestro ch\u00f3fer le lleve de vuelta a Viena, mientras planea su pr\u00f3xima aventura austriaca. \u00bfPor qu\u00e9 no considerar nuestra Excursi\u00f3n Privada de un D\u00eda a Hallstatt desde Viena?<\/span> <a href=\"https:\/\/tourtravelandmore.com\/es\/ciudad\/austria-es\/viena-es\/\"><span style=\"font-weight: 400;\">Es otra pluma en la ilustre gorra de Europa.<\/span><\/a><\/p>\n","protected":false},"excerpt":{"rendered":"<p><span style=\"font-weight: 400;\">Descubra los innumerables tesoros de Salzburgo, desde los pasillos que un d\u00eda pis\u00f3 Mozart hasta los ic\u00f3nicos monumentos barrocos de la ciudad. Esta excursi\u00f3n privada de un d\u00eda desde Viena ofrece un enriquecedor viaje al coraz\u00f3n cultural de Austria, combinando a la perfecci\u00f3n historia, m\u00fasica y arquitectura. Asegure su plaza para una exploraci\u00f3n inolvidable.<\/span><\/p>\n","protected":false},"featured_media":66790,"comment_status":"open","ping_status":"closed","template":"","meta":{"_acf_changed":false},"product_brand":[],"product_cat":[1583,1380,1384,1383],"product_tag":[1393,4041,1392,4525],"class_list":{"0":"post-70037","1":"product","2":"type-product","3":"status-publish","4":"has-post-thumbnail","6":"product_cat-austria-es","7":"product_cat-viena-es","8":"product_cat-vienna-tours-privados-actividades-es","9":"product_cat-viena-rutas-turisticas-privadas-es","10":"product_tag-city-tour-es","11":"product_tag-private-es","12":"product_tag-private-tour-es","13":"product_tag-sightseeing-es","15":"first","16":"instock","17":"shipping-taxable","18":"purchasable","19":"product-type-simple"},"acf":[],"yoast_head":"<!-- This site is optimized with the Yoast SEO Premium plugin v25.3.1 (Yoast SEO v25.3.1) - https:\/\/yoast.com\/wordpress\/plugins\/seo\/ -->\n<title>Excursi\u00f3n privada de un d\u00eda a Salzburgo desde Viena | Tour Travel &amp; More<\/title>\n<meta name=\"description\" content=\"Descubra la grandeza de Salzburgo, desde el lugar de nacimiento de Mozart hasta los escenarios de Sonrisas y L\u00e1grimas, en una lujosa excursi\u00f3n de un d\u00eda desde Viena \u2705\" \/>\n<meta name=\"robots\" content=\"index, follow, max-snippet:-1, max-image-preview:large, max-video-preview:-1\" \/>\n<link rel=\"canonical\" href=\"https:\/\/tourtravelandmore.com\/es\/tours\/austria-es\/viena-es\/excursion-privada-de-un-dia-a-salzburgo-desde-viena\/\" \/>\n<meta property=\"og:locale\" content=\"es_ES\" \/>\n<meta property=\"og:type\" content=\"article\" \/>\n<meta property=\"og:title\" content=\"Excursi\u00f3n privada de un d\u00eda a Salzburgo desde Viena\" \/>\n<meta property=\"og:description\" content=\"Descubra la grandeza de Salzburgo, desde el lugar de nacimiento de Mozart hasta los escenarios de Sonrisas y L\u00e1grimas, en una lujosa excursi\u00f3n de un d\u00eda desde Viena \u2705\" \/>\n<meta property=\"og:url\" content=\"https:\/\/tourtravelandmore.com\/es\/tours\/austria-es\/viena-es\/excursion-privada-de-un-dia-a-salzburgo-desde-viena\/\" \/>\n<meta property=\"og:site_name\" content=\"Tour Travel And More\" \/>\n<meta property=\"article:publisher\" content=\"https:\/\/www.facebook.com\/tourtravelandmore\/\" \/>\n<meta property=\"article:modified_time\" content=\"2023-11-27T15:54:12+00:00\" \/>\n<meta property=\"og:image\" content=\"https:\/\/tourtravelandmore.com\/wp-content\/uploads\/2019\/09\/vienna-belvedere-palace.1.jpg\" \/>\n\t<meta property=\"og:image:width\" content=\"960\" \/>\n\t<meta property=\"og:image:height\" content=\"642\" \/>\n\t<meta property=\"og:image:type\" content=\"image\/jpeg\" \/>\n<meta name=\"twitter:card\" content=\"summary_large_image\" \/>\n<meta name=\"twitter:site\" content=\"@TourTravel_More\" \/>\n<meta name=\"twitter:label1\" content=\"Tiempo de lectura\" \/>\n\t<meta name=\"twitter:data1\" content=\"3 minutos\" \/>\n<script type=\"application\/ld+json\" class=\"yoast-schema-graph\">{\"@context\":\"https:\/\/schema.org\",\"@graph\":[{\"@type\":\"WebPage\",\"@id\":\"https:\/\/tourtravelandmore.com\/es\/tours\/austria-es\/viena-es\/excursion-privada-de-un-dia-a-salzburgo-desde-viena\/\",\"url\":\"https:\/\/tourtravelandmore.com\/es\/tours\/austria-es\/viena-es\/excursion-privada-de-un-dia-a-salzburgo-desde-viena\/\",\"name\":\"Excursi\u00f3n privada de un d\u00eda a Salzburgo desde Viena | Tour Travel & More\",\"isPartOf\":{\"@id\":\"https:\/\/tourtravelandmore.com\/es\/#website\"},\"primaryImageOfPage\":{\"@id\":\"https:\/\/tourtravelandmore.com\/es\/tours\/austria-es\/viena-es\/excursion-privada-de-un-dia-a-salzburgo-desde-viena\/#primaryimage\"},\"image\":{\"@id\":\"https:\/\/tourtravelandmore.com\/es\/tours\/austria-es\/viena-es\/excursion-privada-de-un-dia-a-salzburgo-desde-viena\/#primaryimage\"},\"thumbnailUrl\":\"https:\/\/tourtravelandmore.com\/wp-content\/uploads\/2019\/09\/vienna-belvedere-palace.1.jpg\",\"datePublished\":\"2019-11-04T05:41:38+00:00\",\"dateModified\":\"2023-11-27T15:54:12+00:00\",\"description\":\"Descubra la grandeza de Salzburgo, desde el lugar de nacimiento de Mozart hasta los escenarios de Sonrisas y L\u00e1grimas, en una lujosa excursi\u00f3n de un d\u00eda desde Viena \u2705\",\"breadcrumb\":{\"@id\":\"https:\/\/tourtravelandmore.com\/es\/tours\/austria-es\/viena-es\/excursion-privada-de-un-dia-a-salzburgo-desde-viena\/#breadcrumb\"},\"inLanguage\":\"es\",\"potentialAction\":[{\"@type\":\"ReadAction\",\"target\":[\"https:\/\/tourtravelandmore.com\/es\/tours\/austria-es\/viena-es\/excursion-privada-de-un-dia-a-salzburgo-desde-viena\/\"]}]},{\"@type\":\"ImageObject\",\"inLanguage\":\"es\",\"@id\":\"https:\/\/tourtravelandmore.com\/es\/tours\/austria-es\/viena-es\/excursion-privada-de-un-dia-a-salzburgo-desde-viena\/#primaryimage\",\"url\":\"https:\/\/tourtravelandmore.com\/wp-content\/uploads\/2019\/09\/vienna-belvedere-palace.1.jpg\",\"contentUrl\":\"https:\/\/tourtravelandmore.com\/wp-content\/uploads\/2019\/09\/vienna-belvedere-palace.1.jpg\",\"width\":960,\"height\":642},{\"@type\":\"BreadcrumbList\",\"@id\":\"https:\/\/tourtravelandmore.com\/es\/tours\/austria-es\/viena-es\/excursion-privada-de-un-dia-a-salzburgo-desde-viena\/#breadcrumb\",\"itemListElement\":[{\"@type\":\"ListItem\",\"position\":1,\"name\":\"Home\",\"item\":\"https:\/\/tourtravelandmore.com\/es\/\"},{\"@type\":\"ListItem\",\"position\":2,\"name\":\"Tours\",\"item\":\"https:\/\/tourtravelandmore.com\/es\/tours\/\"},{\"@type\":\"ListItem\",\"position\":3,\"name\":\"Excursi\u00f3n privada de un d\u00eda a Salzburgo desde Viena\"}]},{\"@type\":\"WebSite\",\"@id\":\"https:\/\/tourtravelandmore.com\/es\/#website\",\"url\":\"https:\/\/tourtravelandmore.com\/es\/\",\"name\":\"Tour Travel And More\",\"description\":\"Private sightseeing tours and luxury transfers in Spain\",\"publisher\":{\"@id\":\"https:\/\/tourtravelandmore.com\/es\/#organization\"},\"potentialAction\":[{\"@type\":\"SearchAction\",\"target\":{\"@type\":\"EntryPoint\",\"urlTemplate\":\"https:\/\/tourtravelandmore.com\/es\/?s={search_term_string}\"},\"query-input\":{\"@type\":\"PropertyValueSpecification\",\"valueRequired\":true,\"valueName\":\"search_term_string\"}}],\"inLanguage\":\"es\"},{\"@type\":\"Organization\",\"@id\":\"https:\/\/tourtravelandmore.com\/es\/#organization\",\"name\":\"Tour Travel And More\",\"url\":\"https:\/\/tourtravelandmore.com\/es\/\",\"logo\":{\"@type\":\"ImageObject\",\"inLanguage\":\"es\",\"@id\":\"https:\/\/tourtravelandmore.com\/es\/#\/schema\/logo\/image\/\",\"url\":\"https:\/\/tourtravelandmore.com\/wp-content\/uploads\/2022\/12\/cropped-logo-cabecera-new.png\",\"contentUrl\":\"https:\/\/tourtravelandmore.com\/wp-content\/uploads\/2022\/12\/cropped-logo-cabecera-new.png\",\"width\":430,\"height\":61,\"caption\":\"Tour Travel And More\"},\"image\":{\"@id\":\"https:\/\/tourtravelandmore.com\/es\/#\/schema\/logo\/image\/\"},\"sameAs\":[\"https:\/\/www.facebook.com\/tourtravelandmore\/\",\"https:\/\/x.com\/TourTravel_More\"]}]}<\/script>\n<!-- \/ Yoast SEO Premium plugin. -->","yoast_head_json":{"title":"Excursi\u00f3n privada de un d\u00eda a Salzburgo desde Viena | Tour Travel & More","description":"Descubra la grandeza de Salzburgo, desde el lugar de nacimiento de Mozart hasta los escenarios de Sonrisas y L\u00e1grimas, en una lujosa excursi\u00f3n de un d\u00eda desde Viena \u2705","robots":{"index":"index","follow":"follow","max-snippet":"max-snippet:-1","max-image-preview":"max-image-preview:large","max-video-preview":"max-video-preview:-1"},"canonical":"https:\/\/tourtravelandmore.com\/es\/tours\/austria-es\/viena-es\/excursion-privada-de-un-dia-a-salzburgo-desde-viena\/","og_locale":"es_ES","og_type":"article","og_title":"Excursi\u00f3n privada de un d\u00eda a Salzburgo desde Viena","og_description":"Descubra la grandeza de Salzburgo, desde el lugar de nacimiento de Mozart hasta los escenarios de Sonrisas y L\u00e1grimas, en una lujosa excursi\u00f3n de un d\u00eda desde Viena \u2705","og_url":"https:\/\/tourtravelandmore.com\/es\/tours\/austria-es\/viena-es\/excursion-privada-de-un-dia-a-salzburgo-desde-viena\/","og_site_name":"Tour Travel And More","article_publisher":"https:\/\/www.facebook.com\/tourtravelandmore\/","article_modified_time":"2023-11-27T15:54:12+00:00","og_image":[{"width":960,"height":642,"url":"https:\/\/tourtravelandmore.com\/wp-content\/uploads\/2019\/09\/vienna-belvedere-palace.1.jpg","type":"image\/jpeg"}],"twitter_card":"summary_large_image","twitter_site":"@TourTravel_More","twitter_misc":{"Tiempo de lectura":"3 minutos"},"schema":{"@context":"https:\/\/schema.org","@graph":[{"@type":"WebPage","@id":"https:\/\/tourtravelandmore.com\/es\/tours\/austria-es\/viena-es\/excursion-privada-de-un-dia-a-salzburgo-desde-viena\/","url":"https:\/\/tourtravelandmore.com\/es\/tours\/austria-es\/viena-es\/excursion-privada-de-un-dia-a-salzburgo-desde-viena\/","name":"Excursi\u00f3n privada de un d\u00eda a Salzburgo desde Viena | Tour Travel & More","isPartOf":{"@id":"https:\/\/tourtravelandmore.com\/es\/#website"},"primaryImageOfPage":{"@id":"https:\/\/tourtravelandmore.com\/es\/tours\/austria-es\/viena-es\/excursion-privada-de-un-dia-a-salzburgo-desde-viena\/#primaryimage"},"image":{"@id":"https:\/\/tourtravelandmore.com\/es\/tours\/austria-es\/viena-es\/excursion-privada-de-un-dia-a-salzburgo-desde-viena\/#primaryimage"},"thumbnailUrl":"https:\/\/tourtravelandmore.com\/wp-content\/uploads\/2019\/09\/vienna-belvedere-palace.1.jpg","datePublished":"2019-11-04T05:41:38+00:00","dateModified":"2023-11-27T15:54:12+00:00","description":"Descubra la grandeza de Salzburgo, desde el lugar de nacimiento de Mozart hasta los escenarios de Sonrisas y L\u00e1grimas, en una lujosa excursi\u00f3n de un d\u00eda desde Viena \u2705","breadcrumb":{"@id":"https:\/\/tourtravelandmore.com\/es\/tours\/austria-es\/viena-es\/excursion-privada-de-un-dia-a-salzburgo-desde-viena\/#breadcrumb"},"inLanguage":"es","potentialAction":[{"@type":"ReadAction","target":["https:\/\/tourtravelandmore.com\/es\/tours\/austria-es\/viena-es\/excursion-privada-de-un-dia-a-salzburgo-desde-viena\/"]}]},{"@type":"ImageObject","inLanguage":"es","@id":"https:\/\/tourtravelandmore.com\/es\/tours\/austria-es\/viena-es\/excursion-privada-de-un-dia-a-salzburgo-desde-viena\/#primaryimage","url":"https:\/\/tourtravelandmore.com\/wp-content\/uploads\/2019\/09\/vienna-belvedere-palace.1.jpg","contentUrl":"https:\/\/tourtravelandmore.com\/wp-content\/uploads\/2019\/09\/vienna-belvedere-palace.1.jpg","width":960,"height":642},{"@type":"BreadcrumbList","@id":"https:\/\/tourtravelandmore.com\/es\/tours\/austria-es\/viena-es\/excursion-privada-de-un-dia-a-salzburgo-desde-viena\/#breadcrumb","itemListElement":[{"@type":"ListItem","position":1,"name":"Home","item":"https:\/\/tourtravelandmore.com\/es\/"},{"@type":"ListItem","position":2,"name":"Tours","item":"https:\/\/tourtravelandmore.com\/es\/tours\/"},{"@type":"ListItem","position":3,"name":"Excursi\u00f3n privada de un d\u00eda a Salzburgo desde Viena"}]},{"@type":"WebSite","@id":"https:\/\/tourtravelandmore.com\/es\/#website","url":"https:\/\/tourtravelandmore.com\/es\/","name":"Tour Travel And More","description":"Private sightseeing tours and luxury transfers in Spain","publisher":{"@id":"https:\/\/tourtravelandmore.com\/es\/#organization"},"potentialAction":[{"@type":"SearchAction","target":{"@type":"EntryPoint","urlTemplate":"https:\/\/tourtravelandmore.com\/es\/?s={search_term_string}"},"query-input":{"@type":"PropertyValueSpecification","valueRequired":true,"valueName":"search_term_string"}}],"inLanguage":"es"},{"@type":"Organization","@id":"https:\/\/tourtravelandmore.com\/es\/#organization","name":"Tour Travel And More","url":"https:\/\/tourtravelandmore.com\/es\/","logo":{"@type":"ImageObject","inLanguage":"es","@id":"https:\/\/tourtravelandmore.com\/es\/#\/schema\/logo\/image\/","url":"https:\/\/tourtravelandmore.com\/wp-content\/uploads\/2022\/12\/cropped-logo-cabecera-new.png","contentUrl":"https:\/\/tourtravelandmore.com\/wp-content\/uploads\/2022\/12\/cropped-logo-cabecera-new.png","width":430,"height":61,"caption":"Tour Travel And More"},"image":{"@id":"https:\/\/tourtravelandmore.com\/es\/#\/schema\/logo\/image\/"},"sameAs":["https:\/\/www.facebook.com\/tourtravelandmore\/","https:\/\/x.com\/TourTravel_More"]}]}},"_links":{"self":[{"href":"https:\/\/tourtravelandmore.com\/es\/wp-json\/wp\/v2\/product\/70037","targetHints":{"allow":["GET"]}}],"collection":[{"href":"https:\/\/tourtravelandmore.com\/es\/wp-json\/wp\/v2\/product"}],"about":[{"href":"https:\/\/tourtravelandmore.com\/es\/wp-json\/wp\/v2\/types\/product"}],"replies":[{"embeddable":true,"href":"https:\/\/tourtravelandmore.com\/es\/wp-json\/wp\/v2\/comments?post=70037"}],"wp:featuredmedia":[{"embeddable":true,"href":"https:\/\/tourtravelandmore.com\/es\/wp-json\/wp\/v2\/media\/66790"}],"wp:attachment":[{"href":"https:\/\/tourtravelandmore.com\/es\/wp-json\/wp\/v2\/media?parent=70037"}],"wp:term":[{"taxonomy":"product_brand","embeddable":true,"href":"https:\/\/tourtravelandmore.com\/es\/wp-json\/wp\/v2\/product_brand?post=70037"},{"taxonomy":"product_cat","embeddable":true,"href":"https:\/\/tourtravelandmore.com\/es\/wp-json\/wp\/v2\/product_cat?post=70037"},{"taxonomy":"product_tag","embeddable":true,"href":"https:\/\/tourtravelandmore.com\/es\/wp-json\/wp\/v2\/product_tag?post=70037"}],"curies":[{"name":"wp","href":"https:\/\/api.w.org\/{rel}","templated":true}]}}