{"id":69969,"date":"2019-11-04T01:24:38","date_gmt":"2019-11-04T00:24:38","guid":{"rendered":"https:\/\/tourtravelandmore.com\/?post_type=product&#038;p=69969"},"modified":"2023-10-26T18:57:14","modified_gmt":"2023-10-26T16:57:14","slug":"excursion-privada-a-pie-del-palacio-schonbrunn-y-viena","status":"publish","type":"product","link":"https:\/\/tourtravelandmore.com\/es\/tours\/austria-es\/viena-es\/excursion-privada-a-pie-del-palacio-schonbrunn-y-viena\/","title":{"rendered":"Visita privada a pie del Palacio de Sch\u00f6nbrunn"},"content":{"rendered":"<h2><b>Tour privado a pie del Palacio de Sch\u00f6nbrunn Descripci\u00f3n<\/b><\/h2>\n<p><span style=\"font-weight: 400;\">El Palacio de Sch\u00f6nbrunn no es s\u00f3lo un monumento; es una sinfon\u00eda de arte, historia y arquitectura, que se unen en un coro armonioso que resuena con la grandeza de Austria. Cada ladrillo, cada seto y cada obra de arte cuentan una historia, una historia de imperios, emperadores y \u00e9pocas que dieron forma no s\u00f3lo a Austria, sino al tapiz de Europa. Nuestro exclusivo recorrido privado a pie pretende sumergirle en estas historias, permiti\u00e9ndole no s\u00f3lo ser testigo, sino vivir las narraciones que resuenan en estos pasillos hist\u00f3ricos.<\/span><\/p>\n<p><span style=\"font-weight: 400;\">Emb\u00e1rquese en un viaje que comienza en la majestuosa fachada del palacio, testimonio del apogeo del Imperio Austroh\u00fangaro. Mientras cruza las puertas doradas, nuestro gu\u00eda local profesional, profundo conocedor de la historia del palacio y del legado de Austria, le guiar\u00e1 a trav\u00e9s de la cronolog\u00eda del imperio. Del\u00e9itese con las historias que se entretejen a trav\u00e9s de guerras, historias de amor, traiciones y alianzas, haciendo que la historia cobre vida en la opulencia de las habitaciones de Sch\u00f6nbrunn y la tranquilidad de sus jardines.<\/span><\/p>\n<p><span style=\"font-weight: 400;\">Yendo m\u00e1s all\u00e1, el palacio de Sch\u00f6nbrunn no es s\u00f3lo una maravilla arquitect\u00f3nica, sino una c\u00e1psula que preserva \u00e9pocas. Cada habitaci\u00f3n que explore, cada artefacto que toque, reverbera con los ecos de secretos susurrados, decisiones de estado, romances reales y citas imperiales. Imag\u00ednese caminando por los mismos pasillos en los que una vez jugaron los j\u00f3venes miembros de la realeza, imag\u00ednese asistiendo a los mismos salones de baile en los que tuvieron lugar bailes hist\u00f3ricos y sienta el peso de las decisiones tomadas en c\u00e1maras estrat\u00e9gicas. Nuestro recorrido le invita a perderse en el encanto de Sch\u00f6nbrunn, trascendiendo la Viena actual y adentr\u00e1ndose en una \u00e9poca en la que cada decisi\u00f3n tomada entre estos muros desempe\u00f1\u00f3 un papel fundamental en la configuraci\u00f3n del mundo tal y como lo conocemos. Tanto si es usted un aficionado a la historia, un entusiasta de la arquitectura o simplemente alguien cautivado por las historias de la realeza, el palacio de Sch\u00f6nbrunn es el lugar perfecto para usted.<\/span><\/p>\n<h2><b>Lo m\u00e1s destacado de la visita privada a pie del palacio de Sch\u00f6nbrunn<\/b><\/h2>\n<ul>\n<li style=\"font-weight: 400;\" aria-level=\"1\"><b>La grandeza dentro de los muros del palacio:<\/b><span style=\"font-weight: 400;\"> Navegue por una selecci\u00f3n de las estancias m\u00e1s emblem\u00e1ticas entre las asombrosas 1441 habitaciones que alberga el palacio. Cada habitaci\u00f3n, adornada con sus galas originales, ofrece un espect\u00e1culo visual que refleja los gustos reales y la \u00e9tica de dise\u00f1o de la \u00e9poca. Descubra el arte que dio forma al imperio, desde muebles procedentes de artesanos de renombre mundial hasta pinturas que captan el esp\u00edritu de la \u00e9poca.<\/span><\/li>\n<li style=\"font-weight: 400;\" aria-level=\"1\"><b>La opulencia del Museo del Carruaje Imperial:<\/b><span style=\"font-weight: 400;\"> Ad\u00e9ntrese en el mundo de los viajes imperiales, donde cada trayecto era una declaraci\u00f3n de intenciones. Marav\u00edllese ante el reluciente carruaje dorado de Francisco I, cuyos intrincados detalles evocan historias de poder y prestigio. M\u00e1s all\u00e1 del espect\u00e1culo, cada carruaje, cada trineo de este museo, es un artefacto que narra historias de veladas reales, s\u00e9quitos imperiales y escapadas reales.<\/span><\/li>\n<li style=\"font-weight: 400;\" aria-level=\"1\"><b>Descanso hist\u00f3rico en el cementerio de Hietzing<\/b><span style=\"font-weight: 400;\">: M\u00e1s que un lugar de descanso, este cementerio es un tesoro hist\u00f3rico. Recorra los serenos senderos flanqueados por las l\u00e1pidas de legendarios austriacos que dieron forma al arte, la pol\u00edtica y el propio tejido del esp\u00edritu austriaco. Desde el genio art\u00edstico de Gustav Klimt hasta la brillantez arquitect\u00f3nica de Otto Wagner, rinda homenaje a las almas que dieron forma a una \u00e9poca.<\/span><\/li>\n<li style=\"font-weight: 400;\" aria-level=\"1\"><b>Los m\u00e1s peque\u00f1os de Sch\u00f6nbrunn &#8211; El Museo de los Ni\u00f1os:<\/b><span style=\"font-weight: 400;\"> Sum\u00e9rjase en un l\u00fadico viaje en el tiempo, perfecto para familias. Aqu\u00ed, los visitantes m\u00e1s j\u00f3venes pueden experimentar la vida como j\u00f3venes miembros de la realeza. Desde ponerse trajes hasta participar en juegos cortesanos, este museo ofrece un viaje encantador y envolvente al coraz\u00f3n de la infancia imperial.<\/span><\/li>\n<li style=\"font-weight: 400;\" aria-level=\"1\"><b>Un paseo por los jardines del palacio de Sch\u00f6nbrunn:<\/b><span style=\"font-weight: 400;\"> Experimente el paisajismo barroco en su m\u00e1xima expresi\u00f3n. Pasee por el laberinto de cuidados jardines, alt\u00edsimos setos e intrincados dise\u00f1os florales. Desde el extenso Gran Parterre, el intrigante Laberinto, la regia Fuente de Neptuno, hasta los exuberantes confines de Palmenhaus y W\u00fcstenhaus, cada segmento de esta extensi\u00f3n verde cuenta una historia.<\/span><\/li>\n<li style=\"font-weight: 400;\" aria-level=\"1\"><b>El misterioso laberinto de piedra:<\/b><span style=\"font-weight: 400;\"> Redescubra el asombro infantil mientras sigue sus pasos a trav\u00e9s de este cautivador laberinto de piedra, concebido por Mar\u00eda Teresa. Cada recodo, cada giro esconde un secreto que conduce a su n\u00facleo: una maravilla hist\u00f3rica y hort\u00edcola.<\/span><\/li>\n<\/ul>\n<p><span style=\"font-weight: 400;\">Si opta por nuestro recorrido privado, se sentir\u00e1 rodeado de lujo y exclusividad, lo que garantizar\u00e1 que su visita sea memorable.<\/span> <a href=\"https:\/\/tourtravelandmore.com\/es\/ciudad\/austria-es\/viena-es\/\"><span style=\"font-weight: 400;\">Viaje a trav\u00e9s del tiempo, sum\u00e9rjase en las historias que dieron forma a Europa<\/span><\/a> <span style=\"font-weight: 400;\">y deje que la grandeza del Palacio de Sch\u00f6nbrunn deje una huella indeleble en su coraz\u00f3n.<\/span><\/p>\n","protected":false},"excerpt":{"rendered":"<p><span style=\"font-weight: 400;\">Sea testigo directo de la elegancia real de Austria. Explore los lujosos interiores del Palacio de Sch\u00f6nbrunn, sus amplios jardines y su rica historia en nuestra visita privada a pie.<\/span><\/p>\n","protected":false},"featured_media":66778,"comment_status":"open","ping_status":"closed","template":"","meta":{"_acf_changed":false},"product_brand":[],"product_cat":[1583,1380,1384,1383,1382],"product_tag":[],"class_list":{"0":"post-69969","1":"product","2":"type-product","3":"status-publish","4":"has-post-thumbnail","6":"product_cat-austria-es","7":"product_cat-viena-es","8":"product_cat-vienna-tours-privados-actividades-es","9":"product_cat-viena-rutas-turisticas-privadas-es","10":"product_cat-viena-tours-privados-pie-es-es","12":"first","13":"instock","14":"shipping-taxable","15":"purchasable","16":"product-type-simple"},"acf":[],"yoast_head":"<!-- This site is optimized with the Yoast SEO Premium plugin v25.3.1 (Yoast SEO v25.3.1) - https:\/\/yoast.com\/wordpress\/plugins\/seo\/ -->\n<title>Palacio de Sch\u00f6nbrunn: Un viaje hist\u00f3rico privado<\/title>\n<meta name=\"description\" content=\"Sum\u00e9rjase en el coraz\u00f3n de Austria con un exclusivo recorrido por el Palacio de Sch\u00f6nbrunn. Desde salones imperiales hasta jardines inmaculados, sum\u00e9rjase en las historias de una \u00e9poca pasada.\" \/>\n<meta name=\"robots\" content=\"index, follow, max-snippet:-1, max-image-preview:large, max-video-preview:-1\" \/>\n<link rel=\"canonical\" href=\"https:\/\/tourtravelandmore.com\/es\/tours\/austria-es\/viena-es\/excursion-privada-a-pie-del-palacio-schonbrunn-y-viena\/\" \/>\n<meta property=\"og:locale\" content=\"es_ES\" \/>\n<meta property=\"og:type\" content=\"article\" \/>\n<meta property=\"og:title\" content=\"Visita privada a pie del Palacio de Sch\u00f6nbrunn\" \/>\n<meta property=\"og:description\" content=\"Sum\u00e9rjase en el coraz\u00f3n de Austria con un exclusivo recorrido por el Palacio de Sch\u00f6nbrunn. Desde salones imperiales hasta jardines inmaculados, sum\u00e9rjase en las historias de una \u00e9poca pasada.\" \/>\n<meta property=\"og:url\" content=\"https:\/\/tourtravelandmore.com\/es\/tours\/austria-es\/viena-es\/excursion-privada-a-pie-del-palacio-schonbrunn-y-viena\/\" \/>\n<meta property=\"og:site_name\" content=\"Tour Travel And More\" \/>\n<meta property=\"article:publisher\" content=\"https:\/\/www.facebook.com\/tourtravelandmore\/\" \/>\n<meta property=\"article:modified_time\" content=\"2023-10-26T16:57:14+00:00\" \/>\n<meta property=\"og:image\" content=\"https:\/\/tourtravelandmore.com\/wp-content\/uploads\/2019\/09\/vienna-sch\u00f6nbrunn.jpg\" \/>\n\t<meta property=\"og:image:width\" content=\"639\" \/>\n\t<meta property=\"og:image:height\" content=\"420\" \/>\n\t<meta property=\"og:image:type\" content=\"image\/jpeg\" \/>\n<meta name=\"twitter:card\" content=\"summary_large_image\" \/>\n<meta name=\"twitter:site\" content=\"@TourTravel_More\" \/>\n<meta name=\"twitter:label1\" content=\"Tiempo de lectura\" \/>\n\t<meta name=\"twitter:data1\" content=\"4 minutos\" \/>\n<script type=\"application\/ld+json\" class=\"yoast-schema-graph\">{\"@context\":\"https:\/\/schema.org\",\"@graph\":[{\"@type\":\"WebPage\",\"@id\":\"https:\/\/tourtravelandmore.com\/es\/tours\/austria-es\/viena-es\/excursion-privada-a-pie-del-palacio-schonbrunn-y-viena\/\",\"url\":\"https:\/\/tourtravelandmore.com\/es\/tours\/austria-es\/viena-es\/excursion-privada-a-pie-del-palacio-schonbrunn-y-viena\/\",\"name\":\"Palacio de Sch\u00f6nbrunn: Un viaje hist\u00f3rico privado\",\"isPartOf\":{\"@id\":\"https:\/\/tourtravelandmore.com\/es\/#website\"},\"primaryImageOfPage\":{\"@id\":\"https:\/\/tourtravelandmore.com\/es\/tours\/austria-es\/viena-es\/excursion-privada-a-pie-del-palacio-schonbrunn-y-viena\/#primaryimage\"},\"image\":{\"@id\":\"https:\/\/tourtravelandmore.com\/es\/tours\/austria-es\/viena-es\/excursion-privada-a-pie-del-palacio-schonbrunn-y-viena\/#primaryimage\"},\"thumbnailUrl\":\"https:\/\/tourtravelandmore.com\/wp-content\/uploads\/2019\/09\/vienna-sch\u00f6nbrunn.jpg\",\"datePublished\":\"2019-11-04T00:24:38+00:00\",\"dateModified\":\"2023-10-26T16:57:14+00:00\",\"description\":\"Sum\u00e9rjase en el coraz\u00f3n de Austria con un exclusivo recorrido por el Palacio de Sch\u00f6nbrunn. Desde salones imperiales hasta jardines inmaculados, sum\u00e9rjase en las historias de una \u00e9poca pasada.\",\"breadcrumb\":{\"@id\":\"https:\/\/tourtravelandmore.com\/es\/tours\/austria-es\/viena-es\/excursion-privada-a-pie-del-palacio-schonbrunn-y-viena\/#breadcrumb\"},\"inLanguage\":\"es\",\"potentialAction\":[{\"@type\":\"ReadAction\",\"target\":[\"https:\/\/tourtravelandmore.com\/es\/tours\/austria-es\/viena-es\/excursion-privada-a-pie-del-palacio-schonbrunn-y-viena\/\"]}]},{\"@type\":\"ImageObject\",\"inLanguage\":\"es\",\"@id\":\"https:\/\/tourtravelandmore.com\/es\/tours\/austria-es\/viena-es\/excursion-privada-a-pie-del-palacio-schonbrunn-y-viena\/#primaryimage\",\"url\":\"https:\/\/tourtravelandmore.com\/wp-content\/uploads\/2019\/09\/vienna-sch\u00f6nbrunn.jpg\",\"contentUrl\":\"https:\/\/tourtravelandmore.com\/wp-content\/uploads\/2019\/09\/vienna-sch\u00f6nbrunn.jpg\",\"width\":639,\"height\":420},{\"@type\":\"BreadcrumbList\",\"@id\":\"https:\/\/tourtravelandmore.com\/es\/tours\/austria-es\/viena-es\/excursion-privada-a-pie-del-palacio-schonbrunn-y-viena\/#breadcrumb\",\"itemListElement\":[{\"@type\":\"ListItem\",\"position\":1,\"name\":\"Home\",\"item\":\"https:\/\/tourtravelandmore.com\/es\/\"},{\"@type\":\"ListItem\",\"position\":2,\"name\":\"Tours\",\"item\":\"https:\/\/tourtravelandmore.com\/es\/tours\/\"},{\"@type\":\"ListItem\",\"position\":3,\"name\":\"Visita privada a pie del Palacio de Sch\u00f6nbrunn\"}]},{\"@type\":\"WebSite\",\"@id\":\"https:\/\/tourtravelandmore.com\/es\/#website\",\"url\":\"https:\/\/tourtravelandmore.com\/es\/\",\"name\":\"Tour Travel And More\",\"description\":\"Private sightseeing tours and luxury transfers in Spain\",\"publisher\":{\"@id\":\"https:\/\/tourtravelandmore.com\/es\/#organization\"},\"potentialAction\":[{\"@type\":\"SearchAction\",\"target\":{\"@type\":\"EntryPoint\",\"urlTemplate\":\"https:\/\/tourtravelandmore.com\/es\/?s={search_term_string}\"},\"query-input\":{\"@type\":\"PropertyValueSpecification\",\"valueRequired\":true,\"valueName\":\"search_term_string\"}}],\"inLanguage\":\"es\"},{\"@type\":\"Organization\",\"@id\":\"https:\/\/tourtravelandmore.com\/es\/#organization\",\"name\":\"Tour Travel And More\",\"url\":\"https:\/\/tourtravelandmore.com\/es\/\",\"logo\":{\"@type\":\"ImageObject\",\"inLanguage\":\"es\",\"@id\":\"https:\/\/tourtravelandmore.com\/es\/#\/schema\/logo\/image\/\",\"url\":\"https:\/\/tourtravelandmore.com\/wp-content\/uploads\/2022\/12\/cropped-logo-cabecera-new.png\",\"contentUrl\":\"https:\/\/tourtravelandmore.com\/wp-content\/uploads\/2022\/12\/cropped-logo-cabecera-new.png\",\"width\":430,\"height\":61,\"caption\":\"Tour Travel And More\"},\"image\":{\"@id\":\"https:\/\/tourtravelandmore.com\/es\/#\/schema\/logo\/image\/\"},\"sameAs\":[\"https:\/\/www.facebook.com\/tourtravelandmore\/\",\"https:\/\/x.com\/TourTravel_More\"]}]}<\/script>\n<!-- \/ Yoast SEO Premium plugin. -->","yoast_head_json":{"title":"Palacio de Sch\u00f6nbrunn: Un viaje hist\u00f3rico privado","description":"Sum\u00e9rjase en el coraz\u00f3n de Austria con un exclusivo recorrido por el Palacio de Sch\u00f6nbrunn. Desde salones imperiales hasta jardines inmaculados, sum\u00e9rjase en las historias de una \u00e9poca pasada.","robots":{"index":"index","follow":"follow","max-snippet":"max-snippet:-1","max-image-preview":"max-image-preview:large","max-video-preview":"max-video-preview:-1"},"canonical":"https:\/\/tourtravelandmore.com\/es\/tours\/austria-es\/viena-es\/excursion-privada-a-pie-del-palacio-schonbrunn-y-viena\/","og_locale":"es_ES","og_type":"article","og_title":"Visita privada a pie del Palacio de Sch\u00f6nbrunn","og_description":"Sum\u00e9rjase en el coraz\u00f3n de Austria con un exclusivo recorrido por el Palacio de Sch\u00f6nbrunn. Desde salones imperiales hasta jardines inmaculados, sum\u00e9rjase en las historias de una \u00e9poca pasada.","og_url":"https:\/\/tourtravelandmore.com\/es\/tours\/austria-es\/viena-es\/excursion-privada-a-pie-del-palacio-schonbrunn-y-viena\/","og_site_name":"Tour Travel And More","article_publisher":"https:\/\/www.facebook.com\/tourtravelandmore\/","article_modified_time":"2023-10-26T16:57:14+00:00","og_image":[{"width":639,"height":420,"url":"https:\/\/tourtravelandmore.com\/wp-content\/uploads\/2019\/09\/vienna-sch\u00f6nbrunn.jpg","type":"image\/jpeg"}],"twitter_card":"summary_large_image","twitter_site":"@TourTravel_More","twitter_misc":{"Tiempo de lectura":"4 minutos"},"schema":{"@context":"https:\/\/schema.org","@graph":[{"@type":"WebPage","@id":"https:\/\/tourtravelandmore.com\/es\/tours\/austria-es\/viena-es\/excursion-privada-a-pie-del-palacio-schonbrunn-y-viena\/","url":"https:\/\/tourtravelandmore.com\/es\/tours\/austria-es\/viena-es\/excursion-privada-a-pie-del-palacio-schonbrunn-y-viena\/","name":"Palacio de Sch\u00f6nbrunn: Un viaje hist\u00f3rico privado","isPartOf":{"@id":"https:\/\/tourtravelandmore.com\/es\/#website"},"primaryImageOfPage":{"@id":"https:\/\/tourtravelandmore.com\/es\/tours\/austria-es\/viena-es\/excursion-privada-a-pie-del-palacio-schonbrunn-y-viena\/#primaryimage"},"image":{"@id":"https:\/\/tourtravelandmore.com\/es\/tours\/austria-es\/viena-es\/excursion-privada-a-pie-del-palacio-schonbrunn-y-viena\/#primaryimage"},"thumbnailUrl":"https:\/\/tourtravelandmore.com\/wp-content\/uploads\/2019\/09\/vienna-sch\u00f6nbrunn.jpg","datePublished":"2019-11-04T00:24:38+00:00","dateModified":"2023-10-26T16:57:14+00:00","description":"Sum\u00e9rjase en el coraz\u00f3n de Austria con un exclusivo recorrido por el Palacio de Sch\u00f6nbrunn. Desde salones imperiales hasta jardines inmaculados, sum\u00e9rjase en las historias de una \u00e9poca pasada.","breadcrumb":{"@id":"https:\/\/tourtravelandmore.com\/es\/tours\/austria-es\/viena-es\/excursion-privada-a-pie-del-palacio-schonbrunn-y-viena\/#breadcrumb"},"inLanguage":"es","potentialAction":[{"@type":"ReadAction","target":["https:\/\/tourtravelandmore.com\/es\/tours\/austria-es\/viena-es\/excursion-privada-a-pie-del-palacio-schonbrunn-y-viena\/"]}]},{"@type":"ImageObject","inLanguage":"es","@id":"https:\/\/tourtravelandmore.com\/es\/tours\/austria-es\/viena-es\/excursion-privada-a-pie-del-palacio-schonbrunn-y-viena\/#primaryimage","url":"https:\/\/tourtravelandmore.com\/wp-content\/uploads\/2019\/09\/vienna-sch\u00f6nbrunn.jpg","contentUrl":"https:\/\/tourtravelandmore.com\/wp-content\/uploads\/2019\/09\/vienna-sch\u00f6nbrunn.jpg","width":639,"height":420},{"@type":"BreadcrumbList","@id":"https:\/\/tourtravelandmore.com\/es\/tours\/austria-es\/viena-es\/excursion-privada-a-pie-del-palacio-schonbrunn-y-viena\/#breadcrumb","itemListElement":[{"@type":"ListItem","position":1,"name":"Home","item":"https:\/\/tourtravelandmore.com\/es\/"},{"@type":"ListItem","position":2,"name":"Tours","item":"https:\/\/tourtravelandmore.com\/es\/tours\/"},{"@type":"ListItem","position":3,"name":"Visita privada a pie del Palacio de Sch\u00f6nbrunn"}]},{"@type":"WebSite","@id":"https:\/\/tourtravelandmore.com\/es\/#website","url":"https:\/\/tourtravelandmore.com\/es\/","name":"Tour Travel And More","description":"Private sightseeing tours and luxury transfers in Spain","publisher":{"@id":"https:\/\/tourtravelandmore.com\/es\/#organization"},"potentialAction":[{"@type":"SearchAction","target":{"@type":"EntryPoint","urlTemplate":"https:\/\/tourtravelandmore.com\/es\/?s={search_term_string}"},"query-input":{"@type":"PropertyValueSpecification","valueRequired":true,"valueName":"search_term_string"}}],"inLanguage":"es"},{"@type":"Organization","@id":"https:\/\/tourtravelandmore.com\/es\/#organization","name":"Tour Travel And More","url":"https:\/\/tourtravelandmore.com\/es\/","logo":{"@type":"ImageObject","inLanguage":"es","@id":"https:\/\/tourtravelandmore.com\/es\/#\/schema\/logo\/image\/","url":"https:\/\/tourtravelandmore.com\/wp-content\/uploads\/2022\/12\/cropped-logo-cabecera-new.png","contentUrl":"https:\/\/tourtravelandmore.com\/wp-content\/uploads\/2022\/12\/cropped-logo-cabecera-new.png","width":430,"height":61,"caption":"Tour Travel And More"},"image":{"@id":"https:\/\/tourtravelandmore.com\/es\/#\/schema\/logo\/image\/"},"sameAs":["https:\/\/www.facebook.com\/tourtravelandmore\/","https:\/\/x.com\/TourTravel_More"]}]}},"_links":{"self":[{"href":"https:\/\/tourtravelandmore.com\/es\/wp-json\/wp\/v2\/product\/69969","targetHints":{"allow":["GET"]}}],"collection":[{"href":"https:\/\/tourtravelandmore.com\/es\/wp-json\/wp\/v2\/product"}],"about":[{"href":"https:\/\/tourtravelandmore.com\/es\/wp-json\/wp\/v2\/types\/product"}],"replies":[{"embeddable":true,"href":"https:\/\/tourtravelandmore.com\/es\/wp-json\/wp\/v2\/comments?post=69969"}],"wp:featuredmedia":[{"embeddable":true,"href":"https:\/\/tourtravelandmore.com\/es\/wp-json\/wp\/v2\/media\/66778"}],"wp:attachment":[{"href":"https:\/\/tourtravelandmore.com\/es\/wp-json\/wp\/v2\/media?parent=69969"}],"wp:term":[{"taxonomy":"product_brand","embeddable":true,"href":"https:\/\/tourtravelandmore.com\/es\/wp-json\/wp\/v2\/product_brand?post=69969"},{"taxonomy":"product_cat","embeddable":true,"href":"https:\/\/tourtravelandmore.com\/es\/wp-json\/wp\/v2\/product_cat?post=69969"},{"taxonomy":"product_tag","embeddable":true,"href":"https:\/\/tourtravelandmore.com\/es\/wp-json\/wp\/v2\/product_tag?post=69969"}],"curies":[{"name":"wp","href":"https:\/\/api.w.org\/{rel}","templated":true}]}}