{"id":69959,"date":"2019-10-30T01:24:29","date_gmt":"2019-11-04T00:24:30","guid":{"rendered":"https:\/\/tourtravelandmore.com\/?post_type=product&#038;p=69959"},"modified":"2024-03-18T11:26:44","modified_gmt":"2024-03-18T10:26:44","slug":"tour-privado-a-pie-por-zurich","status":"publish","type":"product","link":"https:\/\/tourtravelandmore.com\/es\/tours\/suiza-es\/zurich-es\/zurich-tours-privados-pie-es-es\/tour-privado-a-pie-por-zurich\/","title":{"rendered":"Tour Privado a pie por Z\u00farich"},"content":{"rendered":"<h2 id=\"tw-target-text\" class=\"tw-data-text tw-text-large XcVN5d tw-ta\" dir=\"ltr\" data-placeholder=\"Traducci\u00f3n\"><span lang=\"es\">Descripci\u00f3n del Tour Privado a pie por Z\u00farich<\/span><\/h2>\n<p>Nos encantan los recorridos a pie porque son la verdadera forma de conocer una ciudad. Es por eso que nuestro gu\u00eda privado estar\u00e1 a su disposici\u00f3n para un excelente <strong>Tour Privado a pie por Z\u00farich<\/strong>. Disfrute de este recorrido a pie de 2-3 horas en la ciudad de Z\u00farich junto con su gu\u00eda oficial privado y conozca lo mejor de esta incre\u00edble ciudad. Este recorrido se centrar\u00e1 en el casco antiguo de Z\u00farich, el <strong>Altsadt<\/strong>.<\/p>\n<p>Nos reuniremos en un punto central en Z\u00farich. Si su hotel tiene una ubicaci\u00f3n c\u00e9ntrica, podemos organizar el encuentro desde all\u00ed. Durante este recorrido, visitaremos los monumentos y sitios m\u00e1s famosos de la ciudad. Caminaremos desde la estaci\u00f3n central de trenes hasta la calle Bahnhofstrasse, la calle principal del centro de Z\u00farich y una de las avenidas comerciales m\u00e1s caras y exclusivas del mundo. Luego continuamos hacia el Observatorio de Urano, la Paradeplatz, Fraum\u00fcnster y St. Peterskirche, la iglesia parroquial m\u00e1s antigua de Z\u00farich.<\/p>\n<p>Desde all\u00ed caminaremos hasta el Ayuntamiento de Z\u00farich, el Grossm\u00fcnster, la Wasserkirche o Iglesia del Agua y uno de los museos m\u00e1s importantes de Europa, el Kunsthaus.<\/p>\n<p>Despu\u00e9s de todo, nos tomaremos un descanso en uno de sus restaurantes en la calle de Niederdorfstrasse, la avenida principal del distrito de Niederdorf de Z\u00farich, que es una zona del casco antiguo, conocida por su animada vida nocturna, abundante escena comercial y hermosas callejuelas.<\/p>\n<h2>Puntos emblem\u00e1ticos y de inter\u00e9s en el Tour Privado a pie por Z\u00farich<\/h2>\n<p>Durante su tour privado a pie por Z\u00farich, descubrir\u00e1 algunos de los lugares m\u00e1s reconocidos de la ciudad. <span class=\"JLqJ4b ChMk0b\" data-language-for-alternatives=\"es\" data-language-to-translate-into=\"en\" data-phrase-index=\"1\">Ser\u00e1s testigo de su singular belleza arquitect\u00f3nica. <\/span><\/p>\n<p><span class=\"JLqJ4b ChMk0b\" data-language-for-alternatives=\"es\" data-language-to-translate-into=\"en\" data-phrase-index=\"1\">Entre los sitios que puede visitar a trav\u00e9s de este tour privado, le ofrecemos:<\/span><\/p>\n<ul>\n<li><strong>Hauptbahnhof (estaci\u00f3n central de trenes)<\/strong><\/li>\n<li><strong>Bahnhofstrasse<\/strong><\/li>\n<li><a href=\"http:\/\/www.urania-sternwarte.ch\">Observatorio de Urania<\/a><\/li>\n<li><strong>Escultura de Max Bill<\/strong><\/li>\n<li><strong>Paradeplatz (Plaza del Desfile)<\/strong><\/li>\n<li><strong>Mercado de B\u00fcrkliplatz<\/strong><\/li>\n<li><strong>Fraum\u00fcnster (Iglesia de Nuestra Se\u00f1ora)<\/strong><\/li>\n<li><strong>St. Peterskirche<\/strong><\/li>\n<li><strong>Rathaus (Ayuntamiento)<\/strong><\/li>\n<li><strong>Grossm\u00fcnster (Gran Iglesia de monasterio)<\/strong><\/li>\n<li><strong>Estatua del emperador Carolus Magnus<\/strong><\/li>\n<li><strong>Wasserkirche (Iglesia del agua)<\/strong><\/li>\n<li><strong>Kunsthaus Z\u00fcrich<\/strong><\/li>\n<li><strong>Niederdorfstrasse<\/strong><\/li>\n<li>Y muchos m\u00e1s lugares en este tour privado a pie por <strong>Z\u00farich<\/strong><\/li>\n<\/ul>\n<p>Echa un vistazo a nuestros tours privados de Z\u00farich haciendo clic <a href=\"https:\/\/tourtravelandmore.com\/es\/ciudad\/suiza-es\/zurich-es\/\">aqu\u00ed<\/a>.<\/p>\n","protected":false},"excerpt":{"rendered":"<p>Aproveche su estad\u00eda en <strong>Z\u00farich<\/strong> y disfrute de este <strong>recorrido a pie privado de 2-3 horas totalmente personalizado por las calles de Z\u00farich,<\/strong> donde podr\u00e1 admirar la belleza urbana de sus calles, monumentos y edificios renacentistas m\u00e1s importantes.<\/p>\n","protected":false},"featured_media":70034,"comment_status":"open","ping_status":"closed","template":"","meta":{"_acf_changed":false},"product_brand":[],"product_cat":[1697,1706,1726,1731,1724],"product_tag":[],"class_list":{"0":"post-69959","1":"product","2":"type-product","3":"status-publish","4":"has-post-thumbnail","6":"product_cat-suiza-es","7":"product_cat-zurich-es","8":"product_cat-zurich-actividades-es","9":"product_cat-zurich-rutas-turisticas-privadas-es","10":"product_cat-zurich-tours-privados-pie-es-es","12":"first","13":"instock","14":"shipping-taxable","15":"purchasable","16":"product-type-simple"},"acf":[],"yoast_head":"<!-- This site is optimized with the Yoast SEO Premium plugin v25.3.1 (Yoast SEO v25.3.1) - https:\/\/yoast.com\/wordpress\/plugins\/seo\/ -->\n<title>\u27a1\ufe0f Tour Privado a pie por Z\u00farich con gu\u00eda profesional local | Tour Travel &amp; More<\/title>\n<meta name=\"description\" content=\"Conozca una de las ciudades m\u00e1s exclusivas y unicas de Europa con nuestro tour privado a pie por Z\u00farich con gu\u00eda oficial local privado \u2705\" \/>\n<meta name=\"robots\" content=\"index, follow, max-snippet:-1, max-image-preview:large, max-video-preview:-1\" \/>\n<link rel=\"canonical\" href=\"https:\/\/tourtravelandmore.com\/es\/tours\/suiza-es\/zurich-es\/zurich-tours-privados-pie-es-es\/tour-privado-a-pie-por-zurich\/\" \/>\n<meta property=\"og:locale\" content=\"es_ES\" \/>\n<meta property=\"og:type\" content=\"article\" \/>\n<meta property=\"og:title\" content=\"Tour Privado a pie por Z\u00farich\" \/>\n<meta property=\"og:description\" content=\"Conozca una de las ciudades m\u00e1s exclusivas y unicas de Europa con nuestro tour privado a pie por Z\u00farich con gu\u00eda oficial local privado \u2705\" \/>\n<meta property=\"og:url\" content=\"https:\/\/tourtravelandmore.com\/es\/tours\/suiza-es\/zurich-es\/zurich-tours-privados-pie-es-es\/tour-privado-a-pie-por-zurich\/\" \/>\n<meta property=\"og:site_name\" content=\"Tour Travel And More\" \/>\n<meta property=\"article:publisher\" content=\"https:\/\/www.facebook.com\/tourtravelandmore\/\" \/>\n<meta property=\"article:modified_time\" content=\"2024-03-18T10:26:44+00:00\" \/>\n<meta property=\"og:image\" content=\"https:\/\/tourtravelandmore.com\/wp-content\/uploads\/2019\/11\/zurich-st_peter_kirche.jpg\" \/>\n\t<meta property=\"og:image:width\" content=\"960\" \/>\n\t<meta property=\"og:image:height\" content=\"640\" \/>\n\t<meta property=\"og:image:type\" content=\"image\/jpeg\" \/>\n<meta name=\"twitter:card\" content=\"summary_large_image\" \/>\n<meta name=\"twitter:site\" content=\"@TourTravel_More\" \/>\n<meta name=\"twitter:label1\" content=\"Tiempo de lectura\" \/>\n\t<meta name=\"twitter:data1\" content=\"2 minutos\" \/>\n<script type=\"application\/ld+json\" class=\"yoast-schema-graph\">{\"@context\":\"https:\/\/schema.org\",\"@graph\":[{\"@type\":\"WebPage\",\"@id\":\"https:\/\/tourtravelandmore.com\/es\/tours\/suiza-es\/zurich-es\/zurich-tours-privados-pie-es-es\/tour-privado-a-pie-por-zurich\/\",\"url\":\"https:\/\/tourtravelandmore.com\/es\/tours\/suiza-es\/zurich-es\/zurich-tours-privados-pie-es-es\/tour-privado-a-pie-por-zurich\/\",\"name\":\"\u27a1\ufe0f Tour Privado a pie por Z\u00farich con gu\u00eda profesional local | Tour Travel & More\",\"isPartOf\":{\"@id\":\"https:\/\/tourtravelandmore.com\/es\/#website\"},\"primaryImageOfPage\":{\"@id\":\"https:\/\/tourtravelandmore.com\/es\/tours\/suiza-es\/zurich-es\/zurich-tours-privados-pie-es-es\/tour-privado-a-pie-por-zurich\/#primaryimage\"},\"image\":{\"@id\":\"https:\/\/tourtravelandmore.com\/es\/tours\/suiza-es\/zurich-es\/zurich-tours-privados-pie-es-es\/tour-privado-a-pie-por-zurich\/#primaryimage\"},\"thumbnailUrl\":\"https:\/\/tourtravelandmore.com\/wp-content\/uploads\/2019\/11\/zurich-st_peter_kirche.jpg\",\"datePublished\":\"2019-11-04T00:24:30+00:00\",\"dateModified\":\"2024-03-18T10:26:44+00:00\",\"description\":\"Conozca una de las ciudades m\u00e1s exclusivas y unicas de Europa con nuestro tour privado a pie por Z\u00farich con gu\u00eda oficial local privado \u2705\",\"breadcrumb\":{\"@id\":\"https:\/\/tourtravelandmore.com\/es\/tours\/suiza-es\/zurich-es\/zurich-tours-privados-pie-es-es\/tour-privado-a-pie-por-zurich\/#breadcrumb\"},\"inLanguage\":\"es\",\"potentialAction\":[{\"@type\":\"ReadAction\",\"target\":[\"https:\/\/tourtravelandmore.com\/es\/tours\/suiza-es\/zurich-es\/zurich-tours-privados-pie-es-es\/tour-privado-a-pie-por-zurich\/\"]}]},{\"@type\":\"ImageObject\",\"inLanguage\":\"es\",\"@id\":\"https:\/\/tourtravelandmore.com\/es\/tours\/suiza-es\/zurich-es\/zurich-tours-privados-pie-es-es\/tour-privado-a-pie-por-zurich\/#primaryimage\",\"url\":\"https:\/\/tourtravelandmore.com\/wp-content\/uploads\/2019\/11\/zurich-st_peter_kirche.jpg\",\"contentUrl\":\"https:\/\/tourtravelandmore.com\/wp-content\/uploads\/2019\/11\/zurich-st_peter_kirche.jpg\",\"width\":960,\"height\":640},{\"@type\":\"BreadcrumbList\",\"@id\":\"https:\/\/tourtravelandmore.com\/es\/tours\/suiza-es\/zurich-es\/zurich-tours-privados-pie-es-es\/tour-privado-a-pie-por-zurich\/#breadcrumb\",\"itemListElement\":[{\"@type\":\"ListItem\",\"position\":1,\"name\":\"Home\",\"item\":\"https:\/\/tourtravelandmore.com\/es\/\"},{\"@type\":\"ListItem\",\"position\":2,\"name\":\"Tours\",\"item\":\"https:\/\/tourtravelandmore.com\/es\/tours\/\"},{\"@type\":\"ListItem\",\"position\":3,\"name\":\"Tour Privado a pie por Z\u00farich\"}]},{\"@type\":\"WebSite\",\"@id\":\"https:\/\/tourtravelandmore.com\/es\/#website\",\"url\":\"https:\/\/tourtravelandmore.com\/es\/\",\"name\":\"Tour Travel And More\",\"description\":\"Private sightseeing tours and luxury transfers in Spain\",\"publisher\":{\"@id\":\"https:\/\/tourtravelandmore.com\/es\/#organization\"},\"potentialAction\":[{\"@type\":\"SearchAction\",\"target\":{\"@type\":\"EntryPoint\",\"urlTemplate\":\"https:\/\/tourtravelandmore.com\/es\/?s={search_term_string}\"},\"query-input\":{\"@type\":\"PropertyValueSpecification\",\"valueRequired\":true,\"valueName\":\"search_term_string\"}}],\"inLanguage\":\"es\"},{\"@type\":\"Organization\",\"@id\":\"https:\/\/tourtravelandmore.com\/es\/#organization\",\"name\":\"Tour Travel And More\",\"url\":\"https:\/\/tourtravelandmore.com\/es\/\",\"logo\":{\"@type\":\"ImageObject\",\"inLanguage\":\"es\",\"@id\":\"https:\/\/tourtravelandmore.com\/es\/#\/schema\/logo\/image\/\",\"url\":\"https:\/\/tourtravelandmore.com\/wp-content\/uploads\/2022\/12\/cropped-logo-cabecera-new.png\",\"contentUrl\":\"https:\/\/tourtravelandmore.com\/wp-content\/uploads\/2022\/12\/cropped-logo-cabecera-new.png\",\"width\":430,\"height\":61,\"caption\":\"Tour Travel And More\"},\"image\":{\"@id\":\"https:\/\/tourtravelandmore.com\/es\/#\/schema\/logo\/image\/\"},\"sameAs\":[\"https:\/\/www.facebook.com\/tourtravelandmore\/\",\"https:\/\/x.com\/TourTravel_More\"]}]}<\/script>\n<!-- \/ Yoast SEO Premium plugin. -->","yoast_head_json":{"title":"\u27a1\ufe0f Tour Privado a pie por Z\u00farich con gu\u00eda profesional local | Tour Travel & More","description":"Conozca una de las ciudades m\u00e1s exclusivas y unicas de Europa con nuestro tour privado a pie por Z\u00farich con gu\u00eda oficial local privado \u2705","robots":{"index":"index","follow":"follow","max-snippet":"max-snippet:-1","max-image-preview":"max-image-preview:large","max-video-preview":"max-video-preview:-1"},"canonical":"https:\/\/tourtravelandmore.com\/es\/tours\/suiza-es\/zurich-es\/zurich-tours-privados-pie-es-es\/tour-privado-a-pie-por-zurich\/","og_locale":"es_ES","og_type":"article","og_title":"Tour Privado a pie por Z\u00farich","og_description":"Conozca una de las ciudades m\u00e1s exclusivas y unicas de Europa con nuestro tour privado a pie por Z\u00farich con gu\u00eda oficial local privado \u2705","og_url":"https:\/\/tourtravelandmore.com\/es\/tours\/suiza-es\/zurich-es\/zurich-tours-privados-pie-es-es\/tour-privado-a-pie-por-zurich\/","og_site_name":"Tour Travel And More","article_publisher":"https:\/\/www.facebook.com\/tourtravelandmore\/","article_modified_time":"2024-03-18T10:26:44+00:00","og_image":[{"width":960,"height":640,"url":"https:\/\/tourtravelandmore.com\/wp-content\/uploads\/2019\/11\/zurich-st_peter_kirche.jpg","type":"image\/jpeg"}],"twitter_card":"summary_large_image","twitter_site":"@TourTravel_More","twitter_misc":{"Tiempo de lectura":"2 minutos"},"schema":{"@context":"https:\/\/schema.org","@graph":[{"@type":"WebPage","@id":"https:\/\/tourtravelandmore.com\/es\/tours\/suiza-es\/zurich-es\/zurich-tours-privados-pie-es-es\/tour-privado-a-pie-por-zurich\/","url":"https:\/\/tourtravelandmore.com\/es\/tours\/suiza-es\/zurich-es\/zurich-tours-privados-pie-es-es\/tour-privado-a-pie-por-zurich\/","name":"\u27a1\ufe0f Tour Privado a pie por Z\u00farich con gu\u00eda profesional local | Tour Travel & More","isPartOf":{"@id":"https:\/\/tourtravelandmore.com\/es\/#website"},"primaryImageOfPage":{"@id":"https:\/\/tourtravelandmore.com\/es\/tours\/suiza-es\/zurich-es\/zurich-tours-privados-pie-es-es\/tour-privado-a-pie-por-zurich\/#primaryimage"},"image":{"@id":"https:\/\/tourtravelandmore.com\/es\/tours\/suiza-es\/zurich-es\/zurich-tours-privados-pie-es-es\/tour-privado-a-pie-por-zurich\/#primaryimage"},"thumbnailUrl":"https:\/\/tourtravelandmore.com\/wp-content\/uploads\/2019\/11\/zurich-st_peter_kirche.jpg","datePublished":"2019-11-04T00:24:30+00:00","dateModified":"2024-03-18T10:26:44+00:00","description":"Conozca una de las ciudades m\u00e1s exclusivas y unicas de Europa con nuestro tour privado a pie por Z\u00farich con gu\u00eda oficial local privado \u2705","breadcrumb":{"@id":"https:\/\/tourtravelandmore.com\/es\/tours\/suiza-es\/zurich-es\/zurich-tours-privados-pie-es-es\/tour-privado-a-pie-por-zurich\/#breadcrumb"},"inLanguage":"es","potentialAction":[{"@type":"ReadAction","target":["https:\/\/tourtravelandmore.com\/es\/tours\/suiza-es\/zurich-es\/zurich-tours-privados-pie-es-es\/tour-privado-a-pie-por-zurich\/"]}]},{"@type":"ImageObject","inLanguage":"es","@id":"https:\/\/tourtravelandmore.com\/es\/tours\/suiza-es\/zurich-es\/zurich-tours-privados-pie-es-es\/tour-privado-a-pie-por-zurich\/#primaryimage","url":"https:\/\/tourtravelandmore.com\/wp-content\/uploads\/2019\/11\/zurich-st_peter_kirche.jpg","contentUrl":"https:\/\/tourtravelandmore.com\/wp-content\/uploads\/2019\/11\/zurich-st_peter_kirche.jpg","width":960,"height":640},{"@type":"BreadcrumbList","@id":"https:\/\/tourtravelandmore.com\/es\/tours\/suiza-es\/zurich-es\/zurich-tours-privados-pie-es-es\/tour-privado-a-pie-por-zurich\/#breadcrumb","itemListElement":[{"@type":"ListItem","position":1,"name":"Home","item":"https:\/\/tourtravelandmore.com\/es\/"},{"@type":"ListItem","position":2,"name":"Tours","item":"https:\/\/tourtravelandmore.com\/es\/tours\/"},{"@type":"ListItem","position":3,"name":"Tour Privado a pie por Z\u00farich"}]},{"@type":"WebSite","@id":"https:\/\/tourtravelandmore.com\/es\/#website","url":"https:\/\/tourtravelandmore.com\/es\/","name":"Tour Travel And More","description":"Private sightseeing tours and luxury transfers in Spain","publisher":{"@id":"https:\/\/tourtravelandmore.com\/es\/#organization"},"potentialAction":[{"@type":"SearchAction","target":{"@type":"EntryPoint","urlTemplate":"https:\/\/tourtravelandmore.com\/es\/?s={search_term_string}"},"query-input":{"@type":"PropertyValueSpecification","valueRequired":true,"valueName":"search_term_string"}}],"inLanguage":"es"},{"@type":"Organization","@id":"https:\/\/tourtravelandmore.com\/es\/#organization","name":"Tour Travel And More","url":"https:\/\/tourtravelandmore.com\/es\/","logo":{"@type":"ImageObject","inLanguage":"es","@id":"https:\/\/tourtravelandmore.com\/es\/#\/schema\/logo\/image\/","url":"https:\/\/tourtravelandmore.com\/wp-content\/uploads\/2022\/12\/cropped-logo-cabecera-new.png","contentUrl":"https:\/\/tourtravelandmore.com\/wp-content\/uploads\/2022\/12\/cropped-logo-cabecera-new.png","width":430,"height":61,"caption":"Tour Travel And More"},"image":{"@id":"https:\/\/tourtravelandmore.com\/es\/#\/schema\/logo\/image\/"},"sameAs":["https:\/\/www.facebook.com\/tourtravelandmore\/","https:\/\/x.com\/TourTravel_More"]}]}},"_links":{"self":[{"href":"https:\/\/tourtravelandmore.com\/es\/wp-json\/wp\/v2\/product\/69959","targetHints":{"allow":["GET"]}}],"collection":[{"href":"https:\/\/tourtravelandmore.com\/es\/wp-json\/wp\/v2\/product"}],"about":[{"href":"https:\/\/tourtravelandmore.com\/es\/wp-json\/wp\/v2\/types\/product"}],"replies":[{"embeddable":true,"href":"https:\/\/tourtravelandmore.com\/es\/wp-json\/wp\/v2\/comments?post=69959"}],"wp:featuredmedia":[{"embeddable":true,"href":"https:\/\/tourtravelandmore.com\/es\/wp-json\/wp\/v2\/media\/70034"}],"wp:attachment":[{"href":"https:\/\/tourtravelandmore.com\/es\/wp-json\/wp\/v2\/media?parent=69959"}],"wp:term":[{"taxonomy":"product_brand","embeddable":true,"href":"https:\/\/tourtravelandmore.com\/es\/wp-json\/wp\/v2\/product_brand?post=69959"},{"taxonomy":"product_cat","embeddable":true,"href":"https:\/\/tourtravelandmore.com\/es\/wp-json\/wp\/v2\/product_cat?post=69959"},{"taxonomy":"product_tag","embeddable":true,"href":"https:\/\/tourtravelandmore.com\/es\/wp-json\/wp\/v2\/product_tag?post=69959"}],"curies":[{"name":"wp","href":"https:\/\/api.w.org\/{rel}","templated":true}]}}