{"id":69814,"date":"2019-11-01T01:53:34","date_gmt":"2019-11-01T00:53:35","guid":{"rendered":"https:\/\/tourtravelandmore.com\/?post_type=product&#038;p=69814"},"modified":"2023-10-29T12:27:46","modified_gmt":"2023-10-29T11:27:46","slug":"visita-privada-a-pie-al-museo-beldevere","status":"publish","type":"product","link":"https:\/\/tourtravelandmore.com\/es\/tours\/austria-es\/viena-es\/visita-privada-a-pie-al-museo-beldevere\/","title":{"rendered":"Visita privada a pie del Museo del Belvedere de Viena"},"content":{"rendered":"<h2><b>Tour privado a pie del Museo del Belvedere Descripci\u00f3n<\/b><\/h2>\n<p><span style=\"font-weight: 400;\">Enclavado en el coraz\u00f3n de Viena se encuentra una joya que representa el ep\u00edtome de la brillantez art\u00edstica y la magnificencia arquitect\u00f3nica: el Museo del Belvedere. A menudo apodado como la joya de la corona de la cultura vienesa, este museo es un s\u00edmbolo emblem\u00e1tico de la rica historia de Austria, que combina a la perfecci\u00f3n el fervor renacentista con la elegancia contempor\u00e1nea.<\/span><\/p>\n<p><span style=\"font-weight: 400;\">Concebido originalmente como residencia principesca de verano, el Museo del Belvedere es un testimonio de la grandiosa \u00e9poca barroca de Europa. Los intrincados dise\u00f1os, los extensos jardines y las asombrosas colecciones de arte narran historias de emperadores, artistas y \u00e9pocas, encapsulando el alma de Viena. Nuestro recorrido privado a pie, meticulosamente dise\u00f1ado, garantiza un viaje envolvente que trasciende las limitaciones del tiempo y le permite revivir la opulencia de una \u00e9poca pasada.<\/span><\/p>\n<p><span style=\"font-weight: 400;\">Comience su viaje de descubrimiento reuni\u00e9ndose con nuestro gu\u00eda erudito, un conocedor del arte y la historia de Viena, justo a la entrada del museo. Su gu\u00eda, armado con fascinantes relatos e intrigantes an\u00e9cdotas, se asegurar\u00e1 de que los tapices de la historia se desenreden ante sus ojos, haciendo que cada obra de arte, cada artefacto y cada rinc\u00f3n del museo cobren vida.<\/span><\/p>\n<p><span style=\"font-weight: 400;\">Seguir explorando el Museo Belvedere promete una sinfon\u00eda de placeres sensoriales. A medida que serpentea por sus ornamentados pasillos y vastas salas, el museo se convierte en algo m\u00e1s que un edificio: se transforma en una c\u00e1psula del tiempo que ofrece una visi\u00f3n de \u00e9pocas pasadas. Las paredes susurran secretos de grandeza imperial, artistas apasionados, intrigas pol\u00edticas y revoluciones sociales. Cada pincelada sobre el lienzo y cada marca de cincel sobre el m\u00e1rmol son testimonio del inquebrantable esp\u00edritu humano, la creatividad y la insaciable sed de belleza.<\/span><\/p>\n<p><span style=\"font-weight: 400;\">La grandeza del Belvedere no se limita a sus interiores. Su exterior, resplandeciente con jardines meticulosamente cuidados y fuentes ornamentadas, da vida a las historias de fiestas fastuosas, citas rom\u00e1nticas y reuniones clandestinas. Aqu\u00ed, en medio del esplendor de la naturaleza, la realeza y la aristocracia se mezclaron una vez, forjando alianzas y escribiendo la historia. Al pasear por estos terrenos, es f\u00e1cil dejarse llevar, imaginando los ecos de las risas, la m\u00fasica y los secretos susurrados que una vez llenaron el aire.<\/span><\/p>\n<h2><b>Lo m\u00e1s destacado de la visita privada a pie al Museo Belvedere<\/b><\/h2>\n<ul>\n<li style=\"font-weight: 400;\" aria-level=\"1\"><b>Alte &amp; Unteres Belvedere:<\/b><span style=\"font-weight: 400;\"> Ad\u00e9ntrese en un mundo donde el arte se une a la historia. Estos palacios gemelos, conectados por un fascinante jard\u00edn, albergan un sinf\u00edn de tesoros art\u00edsticos. Desde las majestuosas salas adornadas con reliquias de antiguas culturas centroeuropeas hasta las encantadoras c\u00e1maras que albergan el arte de la Edad de Oro vienesa, cada secci\u00f3n es una puerta a una \u00e9poca distinta.<\/span><\/li>\n<li style=\"font-weight: 400;\" aria-level=\"1\"><b>Esplendor panor\u00e1mico de la Torre Belvedere:<\/b><span style=\"font-weight: 400;\"> Ascienda a uno de los rascacielos m\u00e1s altos de Viena, donde la ciudad entera se extiende por debajo, ofreciendo una cautivadora perspectiva a vista de p\u00e1jaro. Este mirador promete oportunidades fotogr\u00e1ficas sin parang\u00f3n, capturando la belleza et\u00e9rea de Viena.<\/span><\/li>\n<li style=\"font-weight: 400;\" aria-level=\"1\"><b>Susurros de la Galer\u00eda de Arte Contempor\u00e1neo:<\/b><span style=\"font-weight: 400;\"> Esta galer\u00eda no es s\u00f3lo una colecci\u00f3n, sino una conversaci\u00f3n entre \u00e9pocas. Veneradas obras maestras de luminarias como Klimt, Schiele y Kokoschka llaman a la puerta, narrando historias de pasi\u00f3n, drama e innovaci\u00f3n. Cuadros como &#8220;El beso&#8221; y &#8220;Friso de Beethoven&#8221; personifican la revoluci\u00f3n del arte a trav\u00e9s de los tiempos.<\/span><\/li>\n<li style=\"font-weight: 400;\" aria-level=\"1\"><b>El oasis zen &#8211; Jard\u00edn del Belvedere:<\/b><span style=\"font-weight: 400;\"> Despu\u00e9s de deleitar sus sentidos con obras maestras visuales, d\u00e9jese llevar por la serenidad paseando por el pr\u00edstino jard\u00edn zen. Este tranquilo santuario, yuxtapuesto a la grandeza del museo, ofrece un respiro perfecto, asegurando que su visita concluya con una nota de pac\u00edfica introspecci\u00f3n.<\/span><\/li>\n<li style=\"font-weight: 400;\" aria-level=\"1\"><b>Abrazar la esencia de Viena: <\/b><span style=\"font-weight: 400;\">Su viaje no tiene por qu\u00e9 terminar aqu\u00ed. Las calles de Viena rebosan de historias que esperan ser escuchadas, de lugares que esperan ser vistos. Le invitamos cordialmente a profundizar en su conexi\u00f3n con esta hist\u00f3rica ciudad a trav\u00e9s de nuestro completo recorrido por Viena, que incluye una exploraci\u00f3n en profundidad del Palacio de Sch\u00f6nbrunn.<\/span><\/li>\n<\/ul>\n<p><span style=\"font-weight: 400;\">Del\u00e9itese con el lujo de una visi\u00f3n exclusiva, experiencias personalizadas y un acceso sin precedentes. <\/span><a href=\"https:\/\/tourtravelandmore.com\/es\/ciudad\/austria-es\/viena-es\/\"><span style=\"font-weight: 400;\">Reserve ya su plaza y cree recuerdos que conservar\u00e1 toda la vida.<\/span><\/a> <span style=\"font-weight: 400;\">Le espera un viaje por el coraz\u00f3n y el alma de Viena.<\/span><\/p>\n","protected":false},"excerpt":{"rendered":"<p><span style=\"font-weight: 400;\">Explore la joya art\u00edstica e hist\u00f3rica de Viena, el Museo del Belvedere, con un gu\u00eda experto. Contemple obras maestras de Klimt, disfrute de vistas panor\u00e1micas de la ciudad y rel\u00e1jese en tranquilos jardines.<\/span><\/p>\n","protected":false},"featured_media":70479,"comment_status":"open","ping_status":"closed","template":"","meta":{"_acf_changed":false},"product_brand":[],"product_cat":[1583,1380,1384,1383,1382],"product_tag":[],"class_list":{"0":"post-69814","1":"product","2":"type-product","3":"status-publish","4":"has-post-thumbnail","6":"product_cat-austria-es","7":"product_cat-viena-es","8":"product_cat-vienna-tours-privados-actividades-es","9":"product_cat-viena-rutas-turisticas-privadas-es","10":"product_cat-viena-tours-privados-pie-es-es","12":"first","13":"instock","14":"shipping-taxable","15":"purchasable","16":"product-type-simple"},"acf":[],"yoast_head":"<!-- This site is optimized with the Yoast SEO Premium plugin v25.3.1 (Yoast SEO v25.3.1) - https:\/\/yoast.com\/wordpress\/plugins\/seo\/ -->\n<title>Visita privada exclusiva a pie al Museo Belvedere de Viena | Tour Travel &amp; More<\/title>\n<meta name=\"description\" content=\"Sum\u00e9rjase en el coraz\u00f3n de Viena con un exclusivo recorrido privado por el Museo Belvedere. Disfrute de las obras maestras art\u00edsticas, la gran arquitectura y los serenos jardines, guiado por expertos.\" \/>\n<meta name=\"robots\" content=\"index, follow, max-snippet:-1, max-image-preview:large, max-video-preview:-1\" \/>\n<link rel=\"canonical\" href=\"https:\/\/tourtravelandmore.com\/es\/tours\/austria-es\/viena-es\/visita-privada-a-pie-al-museo-beldevere\/\" \/>\n<meta property=\"og:locale\" content=\"es_ES\" \/>\n<meta property=\"og:type\" content=\"article\" \/>\n<meta property=\"og:title\" content=\"Visita privada a pie del Museo del Belvedere de Viena\" \/>\n<meta property=\"og:description\" content=\"Sum\u00e9rjase en el coraz\u00f3n de Viena con un exclusivo recorrido privado por el Museo Belvedere. Disfrute de las obras maestras art\u00edsticas, la gran arquitectura y los serenos jardines, guiado por expertos.\" \/>\n<meta property=\"og:url\" content=\"https:\/\/tourtravelandmore.com\/es\/tours\/austria-es\/viena-es\/visita-privada-a-pie-al-museo-beldevere\/\" \/>\n<meta property=\"og:site_name\" content=\"Tour Travel And More\" \/>\n<meta property=\"article:publisher\" content=\"https:\/\/www.facebook.com\/tourtravelandmore\/\" \/>\n<meta property=\"article:modified_time\" content=\"2023-10-29T11:27:46+00:00\" \/>\n<meta property=\"og:image\" content=\"https:\/\/tourtravelandmore.com\/wp-content\/uploads\/2019\/11\/beldevere_museum.jpg\" \/>\n\t<meta property=\"og:image:width\" content=\"1024\" \/>\n\t<meta property=\"og:image:height\" content=\"438\" \/>\n\t<meta property=\"og:image:type\" content=\"image\/jpeg\" \/>\n<meta name=\"twitter:card\" content=\"summary_large_image\" \/>\n<meta name=\"twitter:site\" content=\"@TourTravel_More\" \/>\n<meta name=\"twitter:label1\" content=\"Tiempo de lectura\" \/>\n\t<meta name=\"twitter:data1\" content=\"4 minutos\" \/>\n<script type=\"application\/ld+json\" class=\"yoast-schema-graph\">{\"@context\":\"https:\/\/schema.org\",\"@graph\":[{\"@type\":\"WebPage\",\"@id\":\"https:\/\/tourtravelandmore.com\/es\/tours\/austria-es\/viena-es\/visita-privada-a-pie-al-museo-beldevere\/\",\"url\":\"https:\/\/tourtravelandmore.com\/es\/tours\/austria-es\/viena-es\/visita-privada-a-pie-al-museo-beldevere\/\",\"name\":\"Visita privada exclusiva a pie al Museo Belvedere de Viena | Tour Travel & More\",\"isPartOf\":{\"@id\":\"https:\/\/tourtravelandmore.com\/es\/#website\"},\"primaryImageOfPage\":{\"@id\":\"https:\/\/tourtravelandmore.com\/es\/tours\/austria-es\/viena-es\/visita-privada-a-pie-al-museo-beldevere\/#primaryimage\"},\"image\":{\"@id\":\"https:\/\/tourtravelandmore.com\/es\/tours\/austria-es\/viena-es\/visita-privada-a-pie-al-museo-beldevere\/#primaryimage\"},\"thumbnailUrl\":\"https:\/\/tourtravelandmore.com\/wp-content\/uploads\/2019\/11\/beldevere_museum.jpg\",\"datePublished\":\"2019-11-01T00:53:35+00:00\",\"dateModified\":\"2023-10-29T11:27:46+00:00\",\"description\":\"Sum\u00e9rjase en el coraz\u00f3n de Viena con un exclusivo recorrido privado por el Museo Belvedere. Disfrute de las obras maestras art\u00edsticas, la gran arquitectura y los serenos jardines, guiado por expertos.\",\"breadcrumb\":{\"@id\":\"https:\/\/tourtravelandmore.com\/es\/tours\/austria-es\/viena-es\/visita-privada-a-pie-al-museo-beldevere\/#breadcrumb\"},\"inLanguage\":\"es\",\"potentialAction\":[{\"@type\":\"ReadAction\",\"target\":[\"https:\/\/tourtravelandmore.com\/es\/tours\/austria-es\/viena-es\/visita-privada-a-pie-al-museo-beldevere\/\"]}]},{\"@type\":\"ImageObject\",\"inLanguage\":\"es\",\"@id\":\"https:\/\/tourtravelandmore.com\/es\/tours\/austria-es\/viena-es\/visita-privada-a-pie-al-museo-beldevere\/#primaryimage\",\"url\":\"https:\/\/tourtravelandmore.com\/wp-content\/uploads\/2019\/11\/beldevere_museum.jpg\",\"contentUrl\":\"https:\/\/tourtravelandmore.com\/wp-content\/uploads\/2019\/11\/beldevere_museum.jpg\",\"width\":1024,\"height\":438},{\"@type\":\"BreadcrumbList\",\"@id\":\"https:\/\/tourtravelandmore.com\/es\/tours\/austria-es\/viena-es\/visita-privada-a-pie-al-museo-beldevere\/#breadcrumb\",\"itemListElement\":[{\"@type\":\"ListItem\",\"position\":1,\"name\":\"Home\",\"item\":\"https:\/\/tourtravelandmore.com\/es\/\"},{\"@type\":\"ListItem\",\"position\":2,\"name\":\"Tours\",\"item\":\"https:\/\/tourtravelandmore.com\/es\/tours\/\"},{\"@type\":\"ListItem\",\"position\":3,\"name\":\"Visita privada a pie del Museo del Belvedere de Viena\"}]},{\"@type\":\"WebSite\",\"@id\":\"https:\/\/tourtravelandmore.com\/es\/#website\",\"url\":\"https:\/\/tourtravelandmore.com\/es\/\",\"name\":\"Tour Travel And More\",\"description\":\"Private sightseeing tours and luxury transfers in Spain\",\"publisher\":{\"@id\":\"https:\/\/tourtravelandmore.com\/es\/#organization\"},\"potentialAction\":[{\"@type\":\"SearchAction\",\"target\":{\"@type\":\"EntryPoint\",\"urlTemplate\":\"https:\/\/tourtravelandmore.com\/es\/?s={search_term_string}\"},\"query-input\":{\"@type\":\"PropertyValueSpecification\",\"valueRequired\":true,\"valueName\":\"search_term_string\"}}],\"inLanguage\":\"es\"},{\"@type\":\"Organization\",\"@id\":\"https:\/\/tourtravelandmore.com\/es\/#organization\",\"name\":\"Tour Travel And More\",\"url\":\"https:\/\/tourtravelandmore.com\/es\/\",\"logo\":{\"@type\":\"ImageObject\",\"inLanguage\":\"es\",\"@id\":\"https:\/\/tourtravelandmore.com\/es\/#\/schema\/logo\/image\/\",\"url\":\"https:\/\/tourtravelandmore.com\/wp-content\/uploads\/2022\/12\/cropped-logo-cabecera-new.png\",\"contentUrl\":\"https:\/\/tourtravelandmore.com\/wp-content\/uploads\/2022\/12\/cropped-logo-cabecera-new.png\",\"width\":430,\"height\":61,\"caption\":\"Tour Travel And More\"},\"image\":{\"@id\":\"https:\/\/tourtravelandmore.com\/es\/#\/schema\/logo\/image\/\"},\"sameAs\":[\"https:\/\/www.facebook.com\/tourtravelandmore\/\",\"https:\/\/x.com\/TourTravel_More\"]}]}<\/script>\n<!-- \/ Yoast SEO Premium plugin. -->","yoast_head_json":{"title":"Visita privada exclusiva a pie al Museo Belvedere de Viena | Tour Travel & More","description":"Sum\u00e9rjase en el coraz\u00f3n de Viena con un exclusivo recorrido privado por el Museo Belvedere. Disfrute de las obras maestras art\u00edsticas, la gran arquitectura y los serenos jardines, guiado por expertos.","robots":{"index":"index","follow":"follow","max-snippet":"max-snippet:-1","max-image-preview":"max-image-preview:large","max-video-preview":"max-video-preview:-1"},"canonical":"https:\/\/tourtravelandmore.com\/es\/tours\/austria-es\/viena-es\/visita-privada-a-pie-al-museo-beldevere\/","og_locale":"es_ES","og_type":"article","og_title":"Visita privada a pie del Museo del Belvedere de Viena","og_description":"Sum\u00e9rjase en el coraz\u00f3n de Viena con un exclusivo recorrido privado por el Museo Belvedere. Disfrute de las obras maestras art\u00edsticas, la gran arquitectura y los serenos jardines, guiado por expertos.","og_url":"https:\/\/tourtravelandmore.com\/es\/tours\/austria-es\/viena-es\/visita-privada-a-pie-al-museo-beldevere\/","og_site_name":"Tour Travel And More","article_publisher":"https:\/\/www.facebook.com\/tourtravelandmore\/","article_modified_time":"2023-10-29T11:27:46+00:00","og_image":[{"width":1024,"height":438,"url":"https:\/\/tourtravelandmore.com\/wp-content\/uploads\/2019\/11\/beldevere_museum.jpg","type":"image\/jpeg"}],"twitter_card":"summary_large_image","twitter_site":"@TourTravel_More","twitter_misc":{"Tiempo de lectura":"4 minutos"},"schema":{"@context":"https:\/\/schema.org","@graph":[{"@type":"WebPage","@id":"https:\/\/tourtravelandmore.com\/es\/tours\/austria-es\/viena-es\/visita-privada-a-pie-al-museo-beldevere\/","url":"https:\/\/tourtravelandmore.com\/es\/tours\/austria-es\/viena-es\/visita-privada-a-pie-al-museo-beldevere\/","name":"Visita privada exclusiva a pie al Museo Belvedere de Viena | Tour Travel & More","isPartOf":{"@id":"https:\/\/tourtravelandmore.com\/es\/#website"},"primaryImageOfPage":{"@id":"https:\/\/tourtravelandmore.com\/es\/tours\/austria-es\/viena-es\/visita-privada-a-pie-al-museo-beldevere\/#primaryimage"},"image":{"@id":"https:\/\/tourtravelandmore.com\/es\/tours\/austria-es\/viena-es\/visita-privada-a-pie-al-museo-beldevere\/#primaryimage"},"thumbnailUrl":"https:\/\/tourtravelandmore.com\/wp-content\/uploads\/2019\/11\/beldevere_museum.jpg","datePublished":"2019-11-01T00:53:35+00:00","dateModified":"2023-10-29T11:27:46+00:00","description":"Sum\u00e9rjase en el coraz\u00f3n de Viena con un exclusivo recorrido privado por el Museo Belvedere. Disfrute de las obras maestras art\u00edsticas, la gran arquitectura y los serenos jardines, guiado por expertos.","breadcrumb":{"@id":"https:\/\/tourtravelandmore.com\/es\/tours\/austria-es\/viena-es\/visita-privada-a-pie-al-museo-beldevere\/#breadcrumb"},"inLanguage":"es","potentialAction":[{"@type":"ReadAction","target":["https:\/\/tourtravelandmore.com\/es\/tours\/austria-es\/viena-es\/visita-privada-a-pie-al-museo-beldevere\/"]}]},{"@type":"ImageObject","inLanguage":"es","@id":"https:\/\/tourtravelandmore.com\/es\/tours\/austria-es\/viena-es\/visita-privada-a-pie-al-museo-beldevere\/#primaryimage","url":"https:\/\/tourtravelandmore.com\/wp-content\/uploads\/2019\/11\/beldevere_museum.jpg","contentUrl":"https:\/\/tourtravelandmore.com\/wp-content\/uploads\/2019\/11\/beldevere_museum.jpg","width":1024,"height":438},{"@type":"BreadcrumbList","@id":"https:\/\/tourtravelandmore.com\/es\/tours\/austria-es\/viena-es\/visita-privada-a-pie-al-museo-beldevere\/#breadcrumb","itemListElement":[{"@type":"ListItem","position":1,"name":"Home","item":"https:\/\/tourtravelandmore.com\/es\/"},{"@type":"ListItem","position":2,"name":"Tours","item":"https:\/\/tourtravelandmore.com\/es\/tours\/"},{"@type":"ListItem","position":3,"name":"Visita privada a pie del Museo del Belvedere de Viena"}]},{"@type":"WebSite","@id":"https:\/\/tourtravelandmore.com\/es\/#website","url":"https:\/\/tourtravelandmore.com\/es\/","name":"Tour Travel And More","description":"Private sightseeing tours and luxury transfers in Spain","publisher":{"@id":"https:\/\/tourtravelandmore.com\/es\/#organization"},"potentialAction":[{"@type":"SearchAction","target":{"@type":"EntryPoint","urlTemplate":"https:\/\/tourtravelandmore.com\/es\/?s={search_term_string}"},"query-input":{"@type":"PropertyValueSpecification","valueRequired":true,"valueName":"search_term_string"}}],"inLanguage":"es"},{"@type":"Organization","@id":"https:\/\/tourtravelandmore.com\/es\/#organization","name":"Tour Travel And More","url":"https:\/\/tourtravelandmore.com\/es\/","logo":{"@type":"ImageObject","inLanguage":"es","@id":"https:\/\/tourtravelandmore.com\/es\/#\/schema\/logo\/image\/","url":"https:\/\/tourtravelandmore.com\/wp-content\/uploads\/2022\/12\/cropped-logo-cabecera-new.png","contentUrl":"https:\/\/tourtravelandmore.com\/wp-content\/uploads\/2022\/12\/cropped-logo-cabecera-new.png","width":430,"height":61,"caption":"Tour Travel And More"},"image":{"@id":"https:\/\/tourtravelandmore.com\/es\/#\/schema\/logo\/image\/"},"sameAs":["https:\/\/www.facebook.com\/tourtravelandmore\/","https:\/\/x.com\/TourTravel_More"]}]}},"_links":{"self":[{"href":"https:\/\/tourtravelandmore.com\/es\/wp-json\/wp\/v2\/product\/69814","targetHints":{"allow":["GET"]}}],"collection":[{"href":"https:\/\/tourtravelandmore.com\/es\/wp-json\/wp\/v2\/product"}],"about":[{"href":"https:\/\/tourtravelandmore.com\/es\/wp-json\/wp\/v2\/types\/product"}],"replies":[{"embeddable":true,"href":"https:\/\/tourtravelandmore.com\/es\/wp-json\/wp\/v2\/comments?post=69814"}],"wp:featuredmedia":[{"embeddable":true,"href":"https:\/\/tourtravelandmore.com\/es\/wp-json\/wp\/v2\/media\/70479"}],"wp:attachment":[{"href":"https:\/\/tourtravelandmore.com\/es\/wp-json\/wp\/v2\/media?parent=69814"}],"wp:term":[{"taxonomy":"product_brand","embeddable":true,"href":"https:\/\/tourtravelandmore.com\/es\/wp-json\/wp\/v2\/product_brand?post=69814"},{"taxonomy":"product_cat","embeddable":true,"href":"https:\/\/tourtravelandmore.com\/es\/wp-json\/wp\/v2\/product_cat?post=69814"},{"taxonomy":"product_tag","embeddable":true,"href":"https:\/\/tourtravelandmore.com\/es\/wp-json\/wp\/v2\/product_tag?post=69814"}],"curies":[{"name":"wp","href":"https:\/\/api.w.org\/{rel}","templated":true}]}}