{"id":69808,"date":"2019-10-30T01:53:31","date_gmt":"2019-11-01T00:53:32","guid":{"rendered":"https:\/\/tourtravelandmore.com\/?post_type=product&#038;p=69808"},"modified":"2024-03-18T11:24:46","modified_gmt":"2024-03-18T10:24:46","slug":"tour-privado-por-zurich","status":"publish","type":"product","link":"https:\/\/tourtravelandmore.com\/es\/tours\/suiza-es\/zurich-es\/zurich-actividades-es\/tour-privado-por-zurich\/","title":{"rendered":"Tour Privado por Z\u00farich"},"content":{"rendered":"<h2 id=\"tw-target-text\" class=\"tw-data-text tw-text-large XcVN5d tw-ta\" dir=\"ltr\" data-placeholder=\"Traducci\u00f3n\"><span lang=\"es\">Descripci\u00f3n del Tour Privado por Z\u00farich<\/span><\/h2>\n<p>Este es un <strong>Tour Privado por Z\u00farich<\/strong> completamente personalizado. <span class=\"JLqJ4b ChMk0b\" data-language-for-alternatives=\"es\" data-language-to-translate-into=\"en\" data-phrase-index=\"1\">Puede personalizar cada tour privado en Suiza con solo contactarnos. Perm\u00edtanos llevarlo a este incre\u00edble Tour Privado por Z\u00farich a bordo de un veh\u00edculo privado de lujo con chofer.<\/span><\/p>\n<p><span class=\"JLqJ4b ChMk0b\" data-language-for-alternatives=\"es\" data-language-to-translate-into=\"en\" data-phrase-index=\"1\"><span class=\"JLqJ4b\" data-language-for-alternatives=\"es\" data-language-to-translate-into=\"en\" data-phrase-index=\"3\">Descubrir\u00e1s Z\u00farich y sus lugares m\u00e1s emblem\u00e1ticos con tu gu\u00eda tur\u00edstico oficial privado. <\/span><\/span><\/p>\n<p><span class=\"JLqJ4b ChMk0b\" data-language-for-alternatives=\"es\" data-language-to-translate-into=\"en\" data-phrase-index=\"1\"><span class=\"JLqJ4b\" data-language-for-alternatives=\"es\" data-language-to-translate-into=\"en\" data-phrase-index=\"3\">Disfrute de la flexibilidad de este tour donde podemos concentrarnos en los lugares que m\u00e1s le interesan. Durante su recorrido, su gu\u00eda lo llevar\u00e1 a los mejores lugares de la ciudad para tomar las mejores fotos. <\/span><\/span><\/p>\n<p><span class=\"JLqJ4b ChMk0b\" data-language-for-alternatives=\"es\" data-language-to-translate-into=\"en\" data-phrase-index=\"1\"><span class=\"JLqJ4b\" data-language-for-alternatives=\"es\" data-language-to-translate-into=\"en\" data-phrase-index=\"3\">Hay muchos lugares donde su gu\u00eda tur\u00edstico privado puede ayudarlo a explorar, incluso los lugares m\u00e1s emblem\u00e1ticos e impresionantes de Z\u00farich, donde puede tomar las mejores fotos cuando y donde quiera a lo largo de su recorrido privado. Los sitios y el punto de encuentro de este tour son completamente personalizables. Comun\u00edquese con nosotros para organizar el recorrido para satisfacer sus propias necesidades personales.<\/span><\/span><\/p>\n<h2>Puntos emblem\u00e1ticos y de inter\u00e9s en el Tour Privado por Z\u00farich<\/h2>\n<p>En primer lugar, organizaremos una recogida privada en su hotel o lugar de elecci\u00f3n en la ciudad. <span class=\"JLqJ4b ChMk0b\" data-language-for-alternatives=\"es\" data-language-to-translate-into=\"en\" data-phrase-index=\"1\">Luego comenzaremos este Tour Privado por Z\u00farich junto con un chofer privado y gu\u00eda oficial local.<\/span><\/p>\n<p><span class=\"JLqJ4b ChMk0b\" data-language-for-alternatives=\"es\" data-language-to-translate-into=\"en\" data-phrase-index=\"1\"><span class=\"JLqJ4b\" data-language-for-alternatives=\"es\" data-language-to-translate-into=\"en\" data-phrase-index=\"2\">Durante su recorrido, descubrir\u00e1 algunos de los sitios m\u00e1s emblem\u00e1ticos de Z\u00farich, como:<\/span><\/span><\/p>\n<ul>\n<li><strong>Hauptbahnhof (estaci\u00f3n central de trenes)<\/strong><\/li>\n<li><strong>Bahnhofstrasse<\/strong><\/li>\n<li><a href=\"http:\/\/www.urania-sternwarte.ch\">Observatorio de Urania<\/a><\/li>\n<li><strong>Kunsthaus Z\u00fcrich<\/strong><\/li>\n<li><strong>Escultura de Max Bill<\/strong><\/li>\n<li><strong>Museo de zoologisches<\/strong><\/li>\n<li><strong>Paradeplatz (Plaza del Desfile)<\/strong><\/li>\n<li><strong>Museo nacional suizo<\/strong><\/li>\n<li><strong>Mercado de B\u00fcrkliplatz<\/strong><\/li>\n<li><strong>Fraum\u00fcnster (Iglesia de Nuestra Se\u00f1ora)<\/strong><\/li>\n<li><strong>St. Peterskirche<\/strong><\/li>\n<li><strong>Iglesia Liebfrauen<\/strong><\/li>\n<li><strong>Iglesia Enge<\/strong><\/li>\n<li><strong>Museo Johann Jacobs<\/strong><\/li>\n<li><strong>Rathaus (Ayuntamiento)<\/strong><\/li>\n<li><strong>Grossm\u00fcnster (Gran Iglesia de monasterio)<\/strong><\/li>\n<li><strong>Estatua del emperador Carolus Magnus<\/strong><\/li>\n<li><strong>Wasserkirche (Iglesia del agua)<\/strong><\/li>\n<li><strong>Kunsthaus Z\u00fcrich<\/strong><\/li>\n<li><strong>Niederdorfstrasse<\/strong><\/li>\n<li><strong>\u00a1y mucho m\u00e1s!<\/strong><\/li>\n<\/ul>\n<p>Al finalizar el tour, su chofer privado y gu\u00eda oficial lo llevar\u00e1 de regreso a su hotel o lugar de recogida. Este es un itinerario para un tour de 4 horas por la ciudad.<\/p>\n<p><a href=\"https:\/\/tourtravelandmore.com\/es\/ciudad\/suiza-es\/zurich-es\/\">Mire aqu\u00ed todas nuestras experiencias y tours privados en Z\u00farich<\/a>.<\/p>\n","protected":false},"excerpt":{"rendered":"<p>Disfrute de este <strong>tour privado<\/strong> <strong>completamente personalizado de<\/strong> <b>Zurich <\/b>a pie y conozca sus hermosos paisajes y lugares de inter\u00e9s m\u00e1s importantes. La ciudad de<strong> <b>Zurich<\/b><\/strong>, en Suiza, se caracterizan por su modesta arquitectura urbana y sus encantadoras calles medievales y renacentistas.<\/p>\n<p>&nbsp;<\/p>\n","protected":false},"featured_media":70009,"comment_status":"open","ping_status":"closed","template":"","meta":{"_acf_changed":false},"product_brand":[],"product_cat":[1697,1706,1726,1731],"product_tag":[],"class_list":{"0":"post-69808","1":"product","2":"type-product","3":"status-publish","4":"has-post-thumbnail","6":"product_cat-suiza-es","7":"product_cat-zurich-es","8":"product_cat-zurich-actividades-es","9":"product_cat-zurich-rutas-turisticas-privadas-es","11":"first","12":"instock","13":"shipping-taxable","14":"purchasable","15":"product-type-simple"},"acf":[],"yoast_head":"<!-- This site is optimized with the Yoast SEO Premium plugin v25.3.1 (Yoast SEO v25.3.1) - https:\/\/yoast.com\/wordpress\/plugins\/seo\/ -->\n<title>\u27a1\ufe0f Tour Privado por Z\u00farich con chofer y guia profesional local | Tour Travel &amp; More<\/title>\n<meta name=\"description\" content=\"Disfruta de este tour privado y conozca la ciudad de Z\u00farich. Una ciudad llena de historia, cultura y grandes monumentos y museos \u2705\" \/>\n<meta name=\"robots\" content=\"index, follow, max-snippet:-1, max-image-preview:large, max-video-preview:-1\" \/>\n<link rel=\"canonical\" href=\"https:\/\/tourtravelandmore.com\/es\/tours\/suiza-es\/zurich-es\/zurich-actividades-es\/tour-privado-por-zurich\/\" \/>\n<meta property=\"og:locale\" content=\"es_ES\" \/>\n<meta property=\"og:type\" content=\"article\" \/>\n<meta property=\"og:title\" content=\"Tour Privado por Z\u00farich\" \/>\n<meta property=\"og:description\" content=\"Disfruta de este tour privado y conozca la ciudad de Z\u00farich. Una ciudad llena de historia, cultura y grandes monumentos y museos \u2705\" \/>\n<meta property=\"og:url\" content=\"https:\/\/tourtravelandmore.com\/es\/tours\/suiza-es\/zurich-es\/zurich-actividades-es\/tour-privado-por-zurich\/\" \/>\n<meta property=\"og:site_name\" content=\"Tour Travel And More\" \/>\n<meta property=\"article:publisher\" content=\"https:\/\/www.facebook.com\/tourtravelandmore\/\" \/>\n<meta property=\"article:modified_time\" content=\"2024-03-18T10:24:46+00:00\" \/>\n<meta property=\"og:image\" content=\"https:\/\/tourtravelandmore.com\/wp-content\/uploads\/2019\/10\/Bahnhofstrasse-zurich.jpg\" \/>\n\t<meta property=\"og:image:width\" content=\"1024\" \/>\n\t<meta property=\"og:image:height\" content=\"797\" \/>\n\t<meta property=\"og:image:type\" content=\"image\/jpeg\" \/>\n<meta name=\"twitter:card\" content=\"summary_large_image\" \/>\n<meta name=\"twitter:site\" content=\"@TourTravel_More\" \/>\n<meta name=\"twitter:label1\" content=\"Tiempo de lectura\" \/>\n\t<meta name=\"twitter:data1\" content=\"2 minutos\" \/>\n<script type=\"application\/ld+json\" class=\"yoast-schema-graph\">{\"@context\":\"https:\/\/schema.org\",\"@graph\":[{\"@type\":\"WebPage\",\"@id\":\"https:\/\/tourtravelandmore.com\/es\/tours\/suiza-es\/zurich-es\/zurich-actividades-es\/tour-privado-por-zurich\/\",\"url\":\"https:\/\/tourtravelandmore.com\/es\/tours\/suiza-es\/zurich-es\/zurich-actividades-es\/tour-privado-por-zurich\/\",\"name\":\"\u27a1\ufe0f Tour Privado por Z\u00farich con chofer y guia profesional local | Tour Travel & More\",\"isPartOf\":{\"@id\":\"https:\/\/tourtravelandmore.com\/es\/#website\"},\"primaryImageOfPage\":{\"@id\":\"https:\/\/tourtravelandmore.com\/es\/tours\/suiza-es\/zurich-es\/zurich-actividades-es\/tour-privado-por-zurich\/#primaryimage\"},\"image\":{\"@id\":\"https:\/\/tourtravelandmore.com\/es\/tours\/suiza-es\/zurich-es\/zurich-actividades-es\/tour-privado-por-zurich\/#primaryimage\"},\"thumbnailUrl\":\"https:\/\/tourtravelandmore.com\/wp-content\/uploads\/2019\/10\/Bahnhofstrasse-zurich.jpg\",\"datePublished\":\"2019-11-01T00:53:32+00:00\",\"dateModified\":\"2024-03-18T10:24:46+00:00\",\"description\":\"Disfruta de este tour privado y conozca la ciudad de Z\u00farich. Una ciudad llena de historia, cultura y grandes monumentos y museos \u2705\",\"breadcrumb\":{\"@id\":\"https:\/\/tourtravelandmore.com\/es\/tours\/suiza-es\/zurich-es\/zurich-actividades-es\/tour-privado-por-zurich\/#breadcrumb\"},\"inLanguage\":\"es\",\"potentialAction\":[{\"@type\":\"ReadAction\",\"target\":[\"https:\/\/tourtravelandmore.com\/es\/tours\/suiza-es\/zurich-es\/zurich-actividades-es\/tour-privado-por-zurich\/\"]}]},{\"@type\":\"ImageObject\",\"inLanguage\":\"es\",\"@id\":\"https:\/\/tourtravelandmore.com\/es\/tours\/suiza-es\/zurich-es\/zurich-actividades-es\/tour-privado-por-zurich\/#primaryimage\",\"url\":\"https:\/\/tourtravelandmore.com\/wp-content\/uploads\/2019\/10\/Bahnhofstrasse-zurich.jpg\",\"contentUrl\":\"https:\/\/tourtravelandmore.com\/wp-content\/uploads\/2019\/10\/Bahnhofstrasse-zurich.jpg\",\"width\":1024,\"height\":797},{\"@type\":\"BreadcrumbList\",\"@id\":\"https:\/\/tourtravelandmore.com\/es\/tours\/suiza-es\/zurich-es\/zurich-actividades-es\/tour-privado-por-zurich\/#breadcrumb\",\"itemListElement\":[{\"@type\":\"ListItem\",\"position\":1,\"name\":\"Home\",\"item\":\"https:\/\/tourtravelandmore.com\/es\/\"},{\"@type\":\"ListItem\",\"position\":2,\"name\":\"Tours\",\"item\":\"https:\/\/tourtravelandmore.com\/es\/tours\/\"},{\"@type\":\"ListItem\",\"position\":3,\"name\":\"Tour Privado por Z\u00farich\"}]},{\"@type\":\"WebSite\",\"@id\":\"https:\/\/tourtravelandmore.com\/es\/#website\",\"url\":\"https:\/\/tourtravelandmore.com\/es\/\",\"name\":\"Tour Travel And More\",\"description\":\"Private sightseeing tours and luxury transfers in Spain\",\"publisher\":{\"@id\":\"https:\/\/tourtravelandmore.com\/es\/#organization\"},\"potentialAction\":[{\"@type\":\"SearchAction\",\"target\":{\"@type\":\"EntryPoint\",\"urlTemplate\":\"https:\/\/tourtravelandmore.com\/es\/?s={search_term_string}\"},\"query-input\":{\"@type\":\"PropertyValueSpecification\",\"valueRequired\":true,\"valueName\":\"search_term_string\"}}],\"inLanguage\":\"es\"},{\"@type\":\"Organization\",\"@id\":\"https:\/\/tourtravelandmore.com\/es\/#organization\",\"name\":\"Tour Travel And More\",\"url\":\"https:\/\/tourtravelandmore.com\/es\/\",\"logo\":{\"@type\":\"ImageObject\",\"inLanguage\":\"es\",\"@id\":\"https:\/\/tourtravelandmore.com\/es\/#\/schema\/logo\/image\/\",\"url\":\"https:\/\/tourtravelandmore.com\/wp-content\/uploads\/2022\/12\/cropped-logo-cabecera-new.png\",\"contentUrl\":\"https:\/\/tourtravelandmore.com\/wp-content\/uploads\/2022\/12\/cropped-logo-cabecera-new.png\",\"width\":430,\"height\":61,\"caption\":\"Tour Travel And More\"},\"image\":{\"@id\":\"https:\/\/tourtravelandmore.com\/es\/#\/schema\/logo\/image\/\"},\"sameAs\":[\"https:\/\/www.facebook.com\/tourtravelandmore\/\",\"https:\/\/x.com\/TourTravel_More\"]}]}<\/script>\n<!-- \/ Yoast SEO Premium plugin. -->","yoast_head_json":{"title":"\u27a1\ufe0f Tour Privado por Z\u00farich con chofer y guia profesional local | Tour Travel & More","description":"Disfruta de este tour privado y conozca la ciudad de Z\u00farich. Una ciudad llena de historia, cultura y grandes monumentos y museos \u2705","robots":{"index":"index","follow":"follow","max-snippet":"max-snippet:-1","max-image-preview":"max-image-preview:large","max-video-preview":"max-video-preview:-1"},"canonical":"https:\/\/tourtravelandmore.com\/es\/tours\/suiza-es\/zurich-es\/zurich-actividades-es\/tour-privado-por-zurich\/","og_locale":"es_ES","og_type":"article","og_title":"Tour Privado por Z\u00farich","og_description":"Disfruta de este tour privado y conozca la ciudad de Z\u00farich. Una ciudad llena de historia, cultura y grandes monumentos y museos \u2705","og_url":"https:\/\/tourtravelandmore.com\/es\/tours\/suiza-es\/zurich-es\/zurich-actividades-es\/tour-privado-por-zurich\/","og_site_name":"Tour Travel And More","article_publisher":"https:\/\/www.facebook.com\/tourtravelandmore\/","article_modified_time":"2024-03-18T10:24:46+00:00","og_image":[{"width":1024,"height":797,"url":"https:\/\/tourtravelandmore.com\/wp-content\/uploads\/2019\/10\/Bahnhofstrasse-zurich.jpg","type":"image\/jpeg"}],"twitter_card":"summary_large_image","twitter_site":"@TourTravel_More","twitter_misc":{"Tiempo de lectura":"2 minutos"},"schema":{"@context":"https:\/\/schema.org","@graph":[{"@type":"WebPage","@id":"https:\/\/tourtravelandmore.com\/es\/tours\/suiza-es\/zurich-es\/zurich-actividades-es\/tour-privado-por-zurich\/","url":"https:\/\/tourtravelandmore.com\/es\/tours\/suiza-es\/zurich-es\/zurich-actividades-es\/tour-privado-por-zurich\/","name":"\u27a1\ufe0f Tour Privado por Z\u00farich con chofer y guia profesional local | Tour Travel & More","isPartOf":{"@id":"https:\/\/tourtravelandmore.com\/es\/#website"},"primaryImageOfPage":{"@id":"https:\/\/tourtravelandmore.com\/es\/tours\/suiza-es\/zurich-es\/zurich-actividades-es\/tour-privado-por-zurich\/#primaryimage"},"image":{"@id":"https:\/\/tourtravelandmore.com\/es\/tours\/suiza-es\/zurich-es\/zurich-actividades-es\/tour-privado-por-zurich\/#primaryimage"},"thumbnailUrl":"https:\/\/tourtravelandmore.com\/wp-content\/uploads\/2019\/10\/Bahnhofstrasse-zurich.jpg","datePublished":"2019-11-01T00:53:32+00:00","dateModified":"2024-03-18T10:24:46+00:00","description":"Disfruta de este tour privado y conozca la ciudad de Z\u00farich. Una ciudad llena de historia, cultura y grandes monumentos y museos \u2705","breadcrumb":{"@id":"https:\/\/tourtravelandmore.com\/es\/tours\/suiza-es\/zurich-es\/zurich-actividades-es\/tour-privado-por-zurich\/#breadcrumb"},"inLanguage":"es","potentialAction":[{"@type":"ReadAction","target":["https:\/\/tourtravelandmore.com\/es\/tours\/suiza-es\/zurich-es\/zurich-actividades-es\/tour-privado-por-zurich\/"]}]},{"@type":"ImageObject","inLanguage":"es","@id":"https:\/\/tourtravelandmore.com\/es\/tours\/suiza-es\/zurich-es\/zurich-actividades-es\/tour-privado-por-zurich\/#primaryimage","url":"https:\/\/tourtravelandmore.com\/wp-content\/uploads\/2019\/10\/Bahnhofstrasse-zurich.jpg","contentUrl":"https:\/\/tourtravelandmore.com\/wp-content\/uploads\/2019\/10\/Bahnhofstrasse-zurich.jpg","width":1024,"height":797},{"@type":"BreadcrumbList","@id":"https:\/\/tourtravelandmore.com\/es\/tours\/suiza-es\/zurich-es\/zurich-actividades-es\/tour-privado-por-zurich\/#breadcrumb","itemListElement":[{"@type":"ListItem","position":1,"name":"Home","item":"https:\/\/tourtravelandmore.com\/es\/"},{"@type":"ListItem","position":2,"name":"Tours","item":"https:\/\/tourtravelandmore.com\/es\/tours\/"},{"@type":"ListItem","position":3,"name":"Tour Privado por Z\u00farich"}]},{"@type":"WebSite","@id":"https:\/\/tourtravelandmore.com\/es\/#website","url":"https:\/\/tourtravelandmore.com\/es\/","name":"Tour Travel And More","description":"Private sightseeing tours and luxury transfers in Spain","publisher":{"@id":"https:\/\/tourtravelandmore.com\/es\/#organization"},"potentialAction":[{"@type":"SearchAction","target":{"@type":"EntryPoint","urlTemplate":"https:\/\/tourtravelandmore.com\/es\/?s={search_term_string}"},"query-input":{"@type":"PropertyValueSpecification","valueRequired":true,"valueName":"search_term_string"}}],"inLanguage":"es"},{"@type":"Organization","@id":"https:\/\/tourtravelandmore.com\/es\/#organization","name":"Tour Travel And More","url":"https:\/\/tourtravelandmore.com\/es\/","logo":{"@type":"ImageObject","inLanguage":"es","@id":"https:\/\/tourtravelandmore.com\/es\/#\/schema\/logo\/image\/","url":"https:\/\/tourtravelandmore.com\/wp-content\/uploads\/2022\/12\/cropped-logo-cabecera-new.png","contentUrl":"https:\/\/tourtravelandmore.com\/wp-content\/uploads\/2022\/12\/cropped-logo-cabecera-new.png","width":430,"height":61,"caption":"Tour Travel And More"},"image":{"@id":"https:\/\/tourtravelandmore.com\/es\/#\/schema\/logo\/image\/"},"sameAs":["https:\/\/www.facebook.com\/tourtravelandmore\/","https:\/\/x.com\/TourTravel_More"]}]}},"_links":{"self":[{"href":"https:\/\/tourtravelandmore.com\/es\/wp-json\/wp\/v2\/product\/69808","targetHints":{"allow":["GET"]}}],"collection":[{"href":"https:\/\/tourtravelandmore.com\/es\/wp-json\/wp\/v2\/product"}],"about":[{"href":"https:\/\/tourtravelandmore.com\/es\/wp-json\/wp\/v2\/types\/product"}],"replies":[{"embeddable":true,"href":"https:\/\/tourtravelandmore.com\/es\/wp-json\/wp\/v2\/comments?post=69808"}],"wp:featuredmedia":[{"embeddable":true,"href":"https:\/\/tourtravelandmore.com\/es\/wp-json\/wp\/v2\/media\/70009"}],"wp:attachment":[{"href":"https:\/\/tourtravelandmore.com\/es\/wp-json\/wp\/v2\/media?parent=69808"}],"wp:term":[{"taxonomy":"product_brand","embeddable":true,"href":"https:\/\/tourtravelandmore.com\/es\/wp-json\/wp\/v2\/product_brand?post=69808"},{"taxonomy":"product_cat","embeddable":true,"href":"https:\/\/tourtravelandmore.com\/es\/wp-json\/wp\/v2\/product_cat?post=69808"},{"taxonomy":"product_tag","embeddable":true,"href":"https:\/\/tourtravelandmore.com\/es\/wp-json\/wp\/v2\/product_tag?post=69808"}],"curies":[{"name":"wp","href":"https:\/\/api.w.org\/{rel}","templated":true}]}}