{"id":69723,"date":"2019-10-31T14:13:44","date_gmt":"2019-10-31T13:13:45","guid":{"rendered":"https:\/\/tourtravelandmore.com\/?post_type=product&#038;p=69723"},"modified":"2024-03-08T16:09:04","modified_gmt":"2024-03-08T15:09:04","slug":"tour-a-capri-y-anacapri-desde-capri","status":"publish","type":"product","link":"https:\/\/tourtravelandmore.com\/es\/tours\/italia-es\/capri-es\/capri-rutas-turisticas-privadas-es\/tour-a-capri-y-anacapri-desde-capri\/","title":{"rendered":"Tour Privado de Capri y Anacapri"},"content":{"rendered":"<h2>Descripci\u00f3n<\/h2>\n<p>Este es un <strong>Tour Privado de Capri y Anacapri<\/strong> completamente personalizado. Puedes personalizar cada tour privado en Italia s\u00f3lo contactando con nosotros.<\/p>\n<p>Descubrir\u00e1s <strong>Capri<\/strong> y <strong>Anacapri<\/strong> y sus lugares m\u00e1s emblem\u00e1ticos junto a tu gu\u00eda oficial privado.<\/p>\n<p>La isla de <strong>Capri<\/strong> es uno de los lugares m\u00e1s bellos de toda Italia. Conocida por su hermosa plaza conocida como \u00a8piazzetta\u00a8, por sus aguas multicolores y por su maravillosa gastronom\u00eda. Capri es uno de los lugares m\u00e1s exclusivos de Italia.<\/p>\n<p>Capri se encuentra en el mar Tirreno, en el lado sur del golfo de N\u00e1poles, frente a la pen\u00ednsula Sorrentina. La mayor\u00eda de las cosas que ver en Capri son lugares de gran valor natural y paisaj\u00edstico. Se puede pasear por su centro hist\u00f3rico o simplemente tumbarse a descansar en una de sus hermosas playas.<\/p>\n<p>Por otro lado, <strong>Anacapri<\/strong> es el otro municipio italiano que, junto con Capri, forma la isla de <strong>Capri.<\/strong> Un dato curioso sobre el nombre de Anacapri es que &#8220;Ana&#8221; en griego, significa &#8220;arriba&#8221;, por lo que el nombre hace referencia a por encima de Capri.<\/p>\n<p>Disfrute de la flexibilidad de este tour, en el que podremos concentrarnos en los lugares que m\u00e1s le interesen. Durante su recorrido, su gu\u00eda le llevar\u00e1 a los mejores lugares de la ciudad para tomar las mejores fotos.<\/p>\n<h2>Tour Privado de Capri y Anacapri | Puntos de Inter\u00e9s y Lugares de Inter\u00e9s<\/h2>\n<p>En primer lugar, se reunir\u00e1 con su gu\u00eda tur\u00edstico oficial privado en su hotel de Capri a la hora que desee. Nuestro gu\u00eda es un experto conocedor de la isla.<\/p>\n<p>En segundo lugar, se dirigir\u00e1 hacia <strong>Anacapri.<\/strong> Tomar\u00e1 un transporte privado compartido hasta el centro de <strong>Anacapri.<\/strong> Donde visitar\u00e1s la Casa Museo Rossa, que contiene restos arqueol\u00f3gicos. A continuaci\u00f3n, visitar\u00e1s Piazza Vittoria (una de las plazas m\u00e1s importantes) y desde all\u00ed ir\u00e1s a Villa San Michel. Esta Villa es un lugar \u00fanico, lleno de \u00e1rboles y flores que crean un paisaje costero perfecto que siempre recordar\u00e1s.<\/p>\n<p>Despu\u00e9s, tomar\u00e1s el telef\u00e9rico hasta el <strong>Monte Solaro,<\/strong> que es el punto m\u00e1s alto de la isla. Desde all\u00ed, admirar\u00e1s las preciosas y asombrosas vistas de la isla, \u00a1sin duda, es algo que no querr\u00e1s perderte!<\/p>\n<p>En tercer lugar, tomar\u00e1s un transporte privado compartido hasta la ciudad de <strong>Capri.<\/strong> Aqu\u00ed, admirar\u00e1s la famosa Piazza Umberto I (o &#8220;piazzetta&#8221;) de Capri, siempre animada y llena de gente. En esta zona, tambi\u00e9n contemplar\u00e1 la Torre del Reloj, la iglesia de San Stefano y numerosos restaurantes y boutiques exclusivos.<\/p>\n<p>En cuarto lugar, pasear\u00e1 con su gu\u00eda oficial por las principales calles de Capri: Via Vittorio Emanuelle, Via Croce y Camelle.<\/p>\n<p>Por \u00faltimo, al final del tour, su gu\u00eda oficial privado le llevar\u00e1 de vuelta a su hotel o lugar c\u00e9ntrico de Capri. Por supuesto, dispondr\u00e1 de tiempo libre para almorzar en un encantador restaurante con vistas incre\u00edbles.<\/p>\n<p>Tambi\u00e9n podemos ofrecerle una experiencia completa incluyendo la Gruta Azul, eche un vistazo a nuestro <a href=\"https:\/\/tourtravelandmore.com\/tours\/italy\/capri-en\/capri-private-sightseeing-tours-en\/tour-to-capri-and-anacapri-blue-grotto\/\">tour privado de d\u00eda completo en Capri y Anacapri.<\/a><\/p>\n","protected":false},"excerpt":{"rendered":"<p>Disfrute de este <strong>tour privado<\/strong> completamente personalizado de <strong>Capri y Anacapri<\/strong> en bus o taxi y conozca sus hermosos paisajes y lugares de inter\u00e9s m\u00e1s importantes. La ciudad de<strong> Capri y Anacapri<\/strong>, en Italia, se caracterizan por su modesta arquitectura urbana, sus encantadoras calles y sus alucinantes vistas hacia el mar.<\/p>\n","protected":false},"featured_media":69700,"comment_status":"open","ping_status":"closed","template":"","meta":{"_acf_changed":false},"product_brand":[],"product_cat":[1608,1741,1747,1744],"product_tag":[],"class_list":{"0":"post-69723","1":"product","2":"type-product","3":"status-publish","4":"has-post-thumbnail","6":"product_cat-italia-es","7":"product_cat-capri-es","8":"product_cat-capri-rutas-turisticas-privadas-es-es","9":"product_cat-capri-rutas-turisticas-privadas-es","11":"first","12":"instock","13":"shipping-taxable","14":"purchasable","15":"product-type-simple"},"acf":[],"yoast_head":"<!-- This site is optimized with the Yoast SEO Premium plugin v25.3.1 (Yoast SEO v25.3.1) - https:\/\/yoast.com\/wordpress\/plugins\/seo\/ -->\n<title>Tour Privado de Capri y Anacapri con gu\u00eda oficial privado | TTM<\/title>\n<meta name=\"description\" content=\"Disfrute de este tour privado y conozca Capri y Anacapri, ciudades llenas de historia. Conozca sus monumentos y vistas m\u00e1s imponentes \u2705\" \/>\n<meta name=\"robots\" content=\"index, follow, max-snippet:-1, max-image-preview:large, max-video-preview:-1\" \/>\n<link rel=\"canonical\" href=\"https:\/\/tourtravelandmore.com\/es\/tours\/italia-es\/capri-es\/capri-rutas-turisticas-privadas-es\/tour-a-capri-y-anacapri-desde-capri\/\" \/>\n<meta property=\"og:locale\" content=\"es_ES\" \/>\n<meta property=\"og:type\" content=\"article\" \/>\n<meta property=\"og:title\" content=\"Tour Privado de Capri y Anacapri\" \/>\n<meta property=\"og:description\" content=\"Disfrute de este tour privado y conozca Capri y Anacapri, ciudades llenas de historia. Conozca sus monumentos y vistas m\u00e1s imponentes \u2705\" \/>\n<meta property=\"og:url\" content=\"https:\/\/tourtravelandmore.com\/es\/tours\/italia-es\/capri-es\/capri-rutas-turisticas-privadas-es\/tour-a-capri-y-anacapri-desde-capri\/\" \/>\n<meta property=\"og:site_name\" content=\"Tour Travel And More\" \/>\n<meta property=\"article:publisher\" content=\"https:\/\/www.facebook.com\/tourtravelandmore\/\" \/>\n<meta property=\"article:modified_time\" content=\"2024-03-08T15:09:04+00:00\" \/>\n<meta property=\"og:image\" content=\"https:\/\/tourtravelandmore.com\/wp-content\/uploads\/2019\/10\/capri_houses.jpg\" \/>\n\t<meta property=\"og:image:width\" content=\"1024\" \/>\n\t<meta property=\"og:image:height\" content=\"683\" \/>\n\t<meta property=\"og:image:type\" content=\"image\/jpeg\" \/>\n<meta name=\"twitter:card\" content=\"summary_large_image\" \/>\n<meta name=\"twitter:site\" content=\"@TourTravel_More\" \/>\n<meta name=\"twitter:label1\" content=\"Tiempo de lectura\" \/>\n\t<meta name=\"twitter:data1\" content=\"3 minutos\" \/>\n<script type=\"application\/ld+json\" class=\"yoast-schema-graph\">{\"@context\":\"https:\/\/schema.org\",\"@graph\":[{\"@type\":\"WebPage\",\"@id\":\"https:\/\/tourtravelandmore.com\/es\/tours\/italia-es\/capri-es\/capri-rutas-turisticas-privadas-es\/tour-a-capri-y-anacapri-desde-capri\/\",\"url\":\"https:\/\/tourtravelandmore.com\/es\/tours\/italia-es\/capri-es\/capri-rutas-turisticas-privadas-es\/tour-a-capri-y-anacapri-desde-capri\/\",\"name\":\"Tour Privado de Capri y Anacapri con gu\u00eda oficial privado | TTM\",\"isPartOf\":{\"@id\":\"https:\/\/tourtravelandmore.com\/es\/#website\"},\"primaryImageOfPage\":{\"@id\":\"https:\/\/tourtravelandmore.com\/es\/tours\/italia-es\/capri-es\/capri-rutas-turisticas-privadas-es\/tour-a-capri-y-anacapri-desde-capri\/#primaryimage\"},\"image\":{\"@id\":\"https:\/\/tourtravelandmore.com\/es\/tours\/italia-es\/capri-es\/capri-rutas-turisticas-privadas-es\/tour-a-capri-y-anacapri-desde-capri\/#primaryimage\"},\"thumbnailUrl\":\"https:\/\/tourtravelandmore.com\/wp-content\/uploads\/2019\/10\/capri_houses.jpg\",\"datePublished\":\"2019-10-31T13:13:45+00:00\",\"dateModified\":\"2024-03-08T15:09:04+00:00\",\"description\":\"Disfrute de este tour privado y conozca Capri y Anacapri, ciudades llenas de historia. Conozca sus monumentos y vistas m\u00e1s imponentes \u2705\",\"breadcrumb\":{\"@id\":\"https:\/\/tourtravelandmore.com\/es\/tours\/italia-es\/capri-es\/capri-rutas-turisticas-privadas-es\/tour-a-capri-y-anacapri-desde-capri\/#breadcrumb\"},\"inLanguage\":\"es\",\"potentialAction\":[{\"@type\":\"ReadAction\",\"target\":[\"https:\/\/tourtravelandmore.com\/es\/tours\/italia-es\/capri-es\/capri-rutas-turisticas-privadas-es\/tour-a-capri-y-anacapri-desde-capri\/\"]}]},{\"@type\":\"ImageObject\",\"inLanguage\":\"es\",\"@id\":\"https:\/\/tourtravelandmore.com\/es\/tours\/italia-es\/capri-es\/capri-rutas-turisticas-privadas-es\/tour-a-capri-y-anacapri-desde-capri\/#primaryimage\",\"url\":\"https:\/\/tourtravelandmore.com\/wp-content\/uploads\/2019\/10\/capri_houses.jpg\",\"contentUrl\":\"https:\/\/tourtravelandmore.com\/wp-content\/uploads\/2019\/10\/capri_houses.jpg\",\"width\":1024,\"height\":683},{\"@type\":\"BreadcrumbList\",\"@id\":\"https:\/\/tourtravelandmore.com\/es\/tours\/italia-es\/capri-es\/capri-rutas-turisticas-privadas-es\/tour-a-capri-y-anacapri-desde-capri\/#breadcrumb\",\"itemListElement\":[{\"@type\":\"ListItem\",\"position\":1,\"name\":\"Home\",\"item\":\"https:\/\/tourtravelandmore.com\/es\/\"},{\"@type\":\"ListItem\",\"position\":2,\"name\":\"Tours\",\"item\":\"https:\/\/tourtravelandmore.com\/es\/tours\/\"},{\"@type\":\"ListItem\",\"position\":3,\"name\":\"Tour Privado de Capri y Anacapri\"}]},{\"@type\":\"WebSite\",\"@id\":\"https:\/\/tourtravelandmore.com\/es\/#website\",\"url\":\"https:\/\/tourtravelandmore.com\/es\/\",\"name\":\"Tour Travel And More\",\"description\":\"Private sightseeing tours and luxury transfers in Spain\",\"publisher\":{\"@id\":\"https:\/\/tourtravelandmore.com\/es\/#organization\"},\"potentialAction\":[{\"@type\":\"SearchAction\",\"target\":{\"@type\":\"EntryPoint\",\"urlTemplate\":\"https:\/\/tourtravelandmore.com\/es\/?s={search_term_string}\"},\"query-input\":{\"@type\":\"PropertyValueSpecification\",\"valueRequired\":true,\"valueName\":\"search_term_string\"}}],\"inLanguage\":\"es\"},{\"@type\":\"Organization\",\"@id\":\"https:\/\/tourtravelandmore.com\/es\/#organization\",\"name\":\"Tour Travel And More\",\"url\":\"https:\/\/tourtravelandmore.com\/es\/\",\"logo\":{\"@type\":\"ImageObject\",\"inLanguage\":\"es\",\"@id\":\"https:\/\/tourtravelandmore.com\/es\/#\/schema\/logo\/image\/\",\"url\":\"https:\/\/tourtravelandmore.com\/wp-content\/uploads\/2022\/12\/cropped-logo-cabecera-new.png\",\"contentUrl\":\"https:\/\/tourtravelandmore.com\/wp-content\/uploads\/2022\/12\/cropped-logo-cabecera-new.png\",\"width\":430,\"height\":61,\"caption\":\"Tour Travel And More\"},\"image\":{\"@id\":\"https:\/\/tourtravelandmore.com\/es\/#\/schema\/logo\/image\/\"},\"sameAs\":[\"https:\/\/www.facebook.com\/tourtravelandmore\/\",\"https:\/\/x.com\/TourTravel_More\"]}]}<\/script>\n<!-- \/ Yoast SEO Premium plugin. -->","yoast_head_json":{"title":"Tour Privado de Capri y Anacapri con gu\u00eda oficial privado | TTM","description":"Disfrute de este tour privado y conozca Capri y Anacapri, ciudades llenas de historia. Conozca sus monumentos y vistas m\u00e1s imponentes \u2705","robots":{"index":"index","follow":"follow","max-snippet":"max-snippet:-1","max-image-preview":"max-image-preview:large","max-video-preview":"max-video-preview:-1"},"canonical":"https:\/\/tourtravelandmore.com\/es\/tours\/italia-es\/capri-es\/capri-rutas-turisticas-privadas-es\/tour-a-capri-y-anacapri-desde-capri\/","og_locale":"es_ES","og_type":"article","og_title":"Tour Privado de Capri y Anacapri","og_description":"Disfrute de este tour privado y conozca Capri y Anacapri, ciudades llenas de historia. Conozca sus monumentos y vistas m\u00e1s imponentes \u2705","og_url":"https:\/\/tourtravelandmore.com\/es\/tours\/italia-es\/capri-es\/capri-rutas-turisticas-privadas-es\/tour-a-capri-y-anacapri-desde-capri\/","og_site_name":"Tour Travel And More","article_publisher":"https:\/\/www.facebook.com\/tourtravelandmore\/","article_modified_time":"2024-03-08T15:09:04+00:00","og_image":[{"width":1024,"height":683,"url":"https:\/\/tourtravelandmore.com\/wp-content\/uploads\/2019\/10\/capri_houses.jpg","type":"image\/jpeg"}],"twitter_card":"summary_large_image","twitter_site":"@TourTravel_More","twitter_misc":{"Tiempo de lectura":"3 minutos"},"schema":{"@context":"https:\/\/schema.org","@graph":[{"@type":"WebPage","@id":"https:\/\/tourtravelandmore.com\/es\/tours\/italia-es\/capri-es\/capri-rutas-turisticas-privadas-es\/tour-a-capri-y-anacapri-desde-capri\/","url":"https:\/\/tourtravelandmore.com\/es\/tours\/italia-es\/capri-es\/capri-rutas-turisticas-privadas-es\/tour-a-capri-y-anacapri-desde-capri\/","name":"Tour Privado de Capri y Anacapri con gu\u00eda oficial privado | TTM","isPartOf":{"@id":"https:\/\/tourtravelandmore.com\/es\/#website"},"primaryImageOfPage":{"@id":"https:\/\/tourtravelandmore.com\/es\/tours\/italia-es\/capri-es\/capri-rutas-turisticas-privadas-es\/tour-a-capri-y-anacapri-desde-capri\/#primaryimage"},"image":{"@id":"https:\/\/tourtravelandmore.com\/es\/tours\/italia-es\/capri-es\/capri-rutas-turisticas-privadas-es\/tour-a-capri-y-anacapri-desde-capri\/#primaryimage"},"thumbnailUrl":"https:\/\/tourtravelandmore.com\/wp-content\/uploads\/2019\/10\/capri_houses.jpg","datePublished":"2019-10-31T13:13:45+00:00","dateModified":"2024-03-08T15:09:04+00:00","description":"Disfrute de este tour privado y conozca Capri y Anacapri, ciudades llenas de historia. Conozca sus monumentos y vistas m\u00e1s imponentes \u2705","breadcrumb":{"@id":"https:\/\/tourtravelandmore.com\/es\/tours\/italia-es\/capri-es\/capri-rutas-turisticas-privadas-es\/tour-a-capri-y-anacapri-desde-capri\/#breadcrumb"},"inLanguage":"es","potentialAction":[{"@type":"ReadAction","target":["https:\/\/tourtravelandmore.com\/es\/tours\/italia-es\/capri-es\/capri-rutas-turisticas-privadas-es\/tour-a-capri-y-anacapri-desde-capri\/"]}]},{"@type":"ImageObject","inLanguage":"es","@id":"https:\/\/tourtravelandmore.com\/es\/tours\/italia-es\/capri-es\/capri-rutas-turisticas-privadas-es\/tour-a-capri-y-anacapri-desde-capri\/#primaryimage","url":"https:\/\/tourtravelandmore.com\/wp-content\/uploads\/2019\/10\/capri_houses.jpg","contentUrl":"https:\/\/tourtravelandmore.com\/wp-content\/uploads\/2019\/10\/capri_houses.jpg","width":1024,"height":683},{"@type":"BreadcrumbList","@id":"https:\/\/tourtravelandmore.com\/es\/tours\/italia-es\/capri-es\/capri-rutas-turisticas-privadas-es\/tour-a-capri-y-anacapri-desde-capri\/#breadcrumb","itemListElement":[{"@type":"ListItem","position":1,"name":"Home","item":"https:\/\/tourtravelandmore.com\/es\/"},{"@type":"ListItem","position":2,"name":"Tours","item":"https:\/\/tourtravelandmore.com\/es\/tours\/"},{"@type":"ListItem","position":3,"name":"Tour Privado de Capri y Anacapri"}]},{"@type":"WebSite","@id":"https:\/\/tourtravelandmore.com\/es\/#website","url":"https:\/\/tourtravelandmore.com\/es\/","name":"Tour Travel And More","description":"Private sightseeing tours and luxury transfers in Spain","publisher":{"@id":"https:\/\/tourtravelandmore.com\/es\/#organization"},"potentialAction":[{"@type":"SearchAction","target":{"@type":"EntryPoint","urlTemplate":"https:\/\/tourtravelandmore.com\/es\/?s={search_term_string}"},"query-input":{"@type":"PropertyValueSpecification","valueRequired":true,"valueName":"search_term_string"}}],"inLanguage":"es"},{"@type":"Organization","@id":"https:\/\/tourtravelandmore.com\/es\/#organization","name":"Tour Travel And More","url":"https:\/\/tourtravelandmore.com\/es\/","logo":{"@type":"ImageObject","inLanguage":"es","@id":"https:\/\/tourtravelandmore.com\/es\/#\/schema\/logo\/image\/","url":"https:\/\/tourtravelandmore.com\/wp-content\/uploads\/2022\/12\/cropped-logo-cabecera-new.png","contentUrl":"https:\/\/tourtravelandmore.com\/wp-content\/uploads\/2022\/12\/cropped-logo-cabecera-new.png","width":430,"height":61,"caption":"Tour Travel And More"},"image":{"@id":"https:\/\/tourtravelandmore.com\/es\/#\/schema\/logo\/image\/"},"sameAs":["https:\/\/www.facebook.com\/tourtravelandmore\/","https:\/\/x.com\/TourTravel_More"]}]}},"_links":{"self":[{"href":"https:\/\/tourtravelandmore.com\/es\/wp-json\/wp\/v2\/product\/69723","targetHints":{"allow":["GET"]}}],"collection":[{"href":"https:\/\/tourtravelandmore.com\/es\/wp-json\/wp\/v2\/product"}],"about":[{"href":"https:\/\/tourtravelandmore.com\/es\/wp-json\/wp\/v2\/types\/product"}],"replies":[{"embeddable":true,"href":"https:\/\/tourtravelandmore.com\/es\/wp-json\/wp\/v2\/comments?post=69723"}],"wp:featuredmedia":[{"embeddable":true,"href":"https:\/\/tourtravelandmore.com\/es\/wp-json\/wp\/v2\/media\/69700"}],"wp:attachment":[{"href":"https:\/\/tourtravelandmore.com\/es\/wp-json\/wp\/v2\/media?parent=69723"}],"wp:term":[{"taxonomy":"product_brand","embeddable":true,"href":"https:\/\/tourtravelandmore.com\/es\/wp-json\/wp\/v2\/product_brand?post=69723"},{"taxonomy":"product_cat","embeddable":true,"href":"https:\/\/tourtravelandmore.com\/es\/wp-json\/wp\/v2\/product_cat?post=69723"},{"taxonomy":"product_tag","embeddable":true,"href":"https:\/\/tourtravelandmore.com\/es\/wp-json\/wp\/v2\/product_tag?post=69723"}],"curies":[{"name":"wp","href":"https:\/\/api.w.org\/{rel}","templated":true}]}}