{"id":69648,"date":"2019-10-31T06:48:04","date_gmt":"2019-10-31T05:48:05","guid":{"rendered":"https:\/\/tourtravelandmore.com\/?post_type=product&#038;p=69648"},"modified":"2024-08-21T17:24:38","modified_gmt":"2024-08-21T15:24:38","slug":"tour-privado-por-la-ciudad-de-capri-y-anacapri-con-guia-oficial-privado-desde-napoles","status":"publish","type":"product","link":"https:\/\/tourtravelandmore.com\/es\/tours\/italia-es\/capri-es\/capri-rutas-turisticas-privadas-es\/tour-privado-por-la-ciudad-de-capri-y-anacapri-con-guia-oficial-privado-desde-napoles\/","title":{"rendered":"Tour Privado a Capri y Anacapri desde N\u00e1poles"},"content":{"rendered":"<h2><strong>Descripci\u00f3n<br \/>\n<\/strong><\/h2>\n<p>Experimente este exclusivo <strong>Tour Privado a Capri y Anacapri desde N\u00e1poles<\/strong> con su <strong>gu\u00eda oficial privado<\/strong>. Descubrir\u00e1 Capri y Anacapri y sus lugares m\u00e1s emblem\u00e1ticos.<\/p>\n<p><span class=\"HwtZe\" lang=\"es\"><span class=\"jCAhz ChMk0b\"><span class=\"ryNqvb\">La <strong>isla de Capri<\/strong> es una combinaci\u00f3n \u00fanica de belleza esc\u00e9nica, maravillas arqueol\u00f3gicas, arquitectura y naturaleza.<\/span><\/span> <span class=\"jCAhz ChMk0b\"><span class=\"ryNqvb\">\u00a1Es un lugar digno de ser visitado!<\/span><\/span><\/span><\/p>\n<p><span class=\"HwtZe\" lang=\"es\"><span class=\"jCAhz ChMk0b\"><span class=\"ryNqvb\">En este tour privado, no solo podr\u00e1s visitar Capri, sino que tambi\u00e9n tendr\u00e1s la oportunidad de visitar Anacapri.<\/span><\/span> <\/span><\/p>\n<p><span class=\"HwtZe\" lang=\"es\"><span class=\"jCAhz ChMk0b\"><span class=\"ryNqvb\">Anacapri es a menudo subestimada por los turistas, pero es un lugar extremadamente sorprendente que ofrece unas vistas \u00fanicas de la isla.<\/span><\/span><\/span><\/p>\n<p>Hay muchos lugares donde su gu\u00eda tur\u00edstico privado puede llevarlo a explorar y d\u00f3nde puede tomar las mejores fotos cuando y donde lo desee. Los sitios y el punto de encuentro de este recorrido son completamente personalizables. P\u00f3ngase en contacto con nosotros para organizar el recorrido y satisfacer sus propias necesidades personales.<\/p>\n<h2><strong>Puntos de inter\u00e9s<br \/>\n<\/strong><\/h2>\n<p>Se encontrar\u00e1 con su <strong>gu\u00eda oficial privado<\/strong> en el puerto de N\u00e1poles. Coger\u00e1n el ferry rapido desde N\u00e1poles a Capri (tickets de ferry incluidos).<\/p>\n<p><span class=\"HwtZe\" lang=\"es\"><span class=\"jCAhz ChMk0b\"><span class=\"ryNqvb\">Una vez en el puerto de Capri, ir\u00e1s en transporte privado compartido hasta el centro de <strong>Anacapri<\/strong>.<\/span><\/span> <span class=\"jCAhz ChMk0b\"><span class=\"ryNqvb\">Una vez all\u00ed, tomar\u00e1s el telesilla hasta <a href=\"https:\/\/it.wikipedia.org\/wiki\/Monte_Solaro\">Monte Solaro<\/a>, que es el punto m\u00e1s alto de la isla.<\/span><\/span> <span class=\"jCAhz ChMk0b\"><span class=\"ryNqvb\">Desde all\u00ed, admirar\u00e1s la hermosa y asombrosa vista de la isla, \u00a1definitivamente algo que no querr\u00e1s perderte!.<\/span><\/span> <span class=\"jCAhz ChMk0b\"><span class=\"ryNqvb\">Luego visitar\u00e1s Piazza Vittoria.<\/span><\/span> <span class=\"jCAhz ChMk0b\"><span class=\"ryNqvb\">Esta Pizza es un lugar \u00fanico, lleno de \u00e1rboles y flores que crean el paisaje costero perfecto.<\/span><\/span><\/span><\/p>\n<p><span class=\"HwtZe\" lang=\"es\"><span class=\"jCAhz ChMk0b\"><span class=\"ryNqvb\">Seguiremos nuestro recorrido hasta <strong>Capri<\/strong>.<\/span><\/span> <span class=\"jCAhz ChMk0b\"><span class=\"ryNqvb\">Una vez aqu\u00ed, visitar\u00e1s el centro hist\u00f3rico de Capri.<\/span><\/span> <span class=\"jCAhz ChMk0b\"><span class=\"ryNqvb\">Aqu\u00ed admirar\u00e1s la famosa Piazza Umberto I (o \u201cpiazzetta\u201d) de Capri, siempre animada y llena de gente.<\/span><\/span> <span class=\"jCAhz ChMk0b\"><span class=\"ryNqvb\">En esta zona tambi\u00e9n podr\u00e1s ver la Torre del Reloj, la Iglesia de San Stefano y muchos restaurantes y boutiques exclusivos.<\/span><\/span> <span class=\"jCAhz ChMk0b\"><span class=\"ryNqvb\">Luego recorreras las calles principales de Capri: Via Vittorio Emanuelle, Via Croce y Camelle.<\/span><\/span><\/span><\/p>\n<p>Finalmente, coger\u00e1 el funicular desde el centro de Capri hasta el puerto para tomar el ferry de regreso a N\u00e1poles. Su gu\u00eda se despedir\u00e1 de usted en el puerto de N\u00e1poles.<\/p>\n<p>Si est\u00e1 dispuesto a tener una experiencia de d\u00eda completo, eche un vistazo a nuestro <a href=\"https:\/\/tourtravelandmore.com\/es\/tours\/italia-es\/capri-es\/capri-excursiones-privadas-cruceros-es\/tour-a-capri-y-anacapri-con-gruta-azul-desde-napoles\/\">tour privado por Capri y Anacapri con Gruta Azul desde N\u00e1poles.<\/a><\/p>\n","protected":false},"excerpt":{"rendered":"<p><strong>Aproveche de sus d\u00edas en N\u00e1poles y disfrute de este tour privado por Capri y Anacapri.<\/strong> Conozca sus hermosos paisajes y los lugares de inter\u00e9s m\u00e1s importantes junto con un gu\u00eda tur\u00edstico profesional.<\/p>\n","protected":false},"featured_media":81425,"comment_status":"open","ping_status":"closed","template":"","meta":{"_acf_changed":false},"product_brand":[],"product_cat":[1741,1747,1746,1744,463,467,468,556],"product_tag":[],"class_list":{"0":"post-69648","1":"product","2":"type-product","3":"status-publish","4":"has-post-thumbnail","6":"product_cat-capri-es","7":"product_cat-capri-rutas-turisticas-privadas-es-es","8":"product_cat-capri-excursiones-privadas-cruceros-es","9":"product_cat-capri-rutas-turisticas-privadas-es","10":"product_cat-napoles-pompeya-es","11":"product_cat-napoles-pompeya-actividades-es","12":"product_cat-napoles-pompeya-rutas-turisticas-privadas-es","13":"product_cat-napoles-pompeya-excursiones-privadas-cruceros-es","15":"first","16":"instock","17":"shipping-taxable","18":"purchasable","19":"product-type-simple"},"acf":[],"yoast_head":"<!-- This site is optimized with the Yoast SEO Premium plugin v25.3.1 (Yoast SEO v25.3.1) - https:\/\/yoast.com\/wordpress\/plugins\/seo\/ -->\n<title>Tour Privado a Capri y Anacapri desde N\u00e1poles con guia oficial<\/title>\n<meta name=\"description\" content=\"Disfrute de sus vacaciones al m\u00e1ximo y conozca Capri y Anacapri desde N\u00e1poles con su gu\u00eda privado oficial que los llevar\u00e1 a los lugares m\u00e1s alucinantes.\" \/>\n<meta name=\"robots\" content=\"index, follow, max-snippet:-1, max-image-preview:large, max-video-preview:-1\" \/>\n<link rel=\"canonical\" href=\"https:\/\/tourtravelandmore.com\/es\/tours\/italia-es\/capri-es\/capri-rutas-turisticas-privadas-es\/tour-privado-por-la-ciudad-de-capri-y-anacapri-con-guia-oficial-privado-desde-napoles\/\" \/>\n<meta property=\"og:locale\" content=\"es_ES\" \/>\n<meta property=\"og:type\" content=\"article\" \/>\n<meta property=\"og:title\" content=\"Tour Privado a Capri y Anacapri desde N\u00e1poles\" \/>\n<meta property=\"og:description\" content=\"Disfrute de sus vacaciones al m\u00e1ximo y conozca Capri y Anacapri desde N\u00e1poles con su gu\u00eda privado oficial que los llevar\u00e1 a los lugares m\u00e1s alucinantes.\" \/>\n<meta property=\"og:url\" content=\"https:\/\/tourtravelandmore.com\/es\/tours\/italia-es\/capri-es\/capri-rutas-turisticas-privadas-es\/tour-privado-por-la-ciudad-de-capri-y-anacapri-con-guia-oficial-privado-desde-napoles\/\" \/>\n<meta property=\"og:site_name\" content=\"Tour Travel And More\" \/>\n<meta property=\"article:publisher\" content=\"https:\/\/www.facebook.com\/tourtravelandmore\/\" \/>\n<meta property=\"article:modified_time\" content=\"2024-08-21T15:24:38+00:00\" \/>\n<meta property=\"og:image\" content=\"https:\/\/tourtravelandmore.com\/wp-content\/uploads\/2019\/10\/anacapri-3.jpg\" \/>\n\t<meta property=\"og:image:width\" content=\"1280\" \/>\n\t<meta property=\"og:image:height\" content=\"853\" \/>\n\t<meta property=\"og:image:type\" content=\"image\/jpeg\" \/>\n<meta name=\"twitter:card\" content=\"summary_large_image\" \/>\n<meta name=\"twitter:site\" content=\"@TourTravel_More\" \/>\n<meta name=\"twitter:label1\" content=\"Tiempo de lectura\" \/>\n\t<meta name=\"twitter:data1\" content=\"2 minutos\" \/>\n<script type=\"application\/ld+json\" class=\"yoast-schema-graph\">{\"@context\":\"https:\/\/schema.org\",\"@graph\":[{\"@type\":\"WebPage\",\"@id\":\"https:\/\/tourtravelandmore.com\/es\/tours\/italia-es\/capri-es\/capri-rutas-turisticas-privadas-es\/tour-privado-por-la-ciudad-de-capri-y-anacapri-con-guia-oficial-privado-desde-napoles\/\",\"url\":\"https:\/\/tourtravelandmore.com\/es\/tours\/italia-es\/capri-es\/capri-rutas-turisticas-privadas-es\/tour-privado-por-la-ciudad-de-capri-y-anacapri-con-guia-oficial-privado-desde-napoles\/\",\"name\":\"Tour Privado a Capri y Anacapri desde N\u00e1poles con guia oficial\",\"isPartOf\":{\"@id\":\"https:\/\/tourtravelandmore.com\/es\/#website\"},\"primaryImageOfPage\":{\"@id\":\"https:\/\/tourtravelandmore.com\/es\/tours\/italia-es\/capri-es\/capri-rutas-turisticas-privadas-es\/tour-privado-por-la-ciudad-de-capri-y-anacapri-con-guia-oficial-privado-desde-napoles\/#primaryimage\"},\"image\":{\"@id\":\"https:\/\/tourtravelandmore.com\/es\/tours\/italia-es\/capri-es\/capri-rutas-turisticas-privadas-es\/tour-privado-por-la-ciudad-de-capri-y-anacapri-con-guia-oficial-privado-desde-napoles\/#primaryimage\"},\"thumbnailUrl\":\"https:\/\/tourtravelandmore.com\/wp-content\/uploads\/2019\/10\/anacapri-3.jpg\",\"datePublished\":\"2019-10-31T05:48:05+00:00\",\"dateModified\":\"2024-08-21T15:24:38+00:00\",\"description\":\"Disfrute de sus vacaciones al m\u00e1ximo y conozca Capri y Anacapri desde N\u00e1poles con su gu\u00eda privado oficial que los llevar\u00e1 a los lugares m\u00e1s alucinantes.\",\"breadcrumb\":{\"@id\":\"https:\/\/tourtravelandmore.com\/es\/tours\/italia-es\/capri-es\/capri-rutas-turisticas-privadas-es\/tour-privado-por-la-ciudad-de-capri-y-anacapri-con-guia-oficial-privado-desde-napoles\/#breadcrumb\"},\"inLanguage\":\"es\",\"potentialAction\":[{\"@type\":\"ReadAction\",\"target\":[\"https:\/\/tourtravelandmore.com\/es\/tours\/italia-es\/capri-es\/capri-rutas-turisticas-privadas-es\/tour-privado-por-la-ciudad-de-capri-y-anacapri-con-guia-oficial-privado-desde-napoles\/\"]}]},{\"@type\":\"ImageObject\",\"inLanguage\":\"es\",\"@id\":\"https:\/\/tourtravelandmore.com\/es\/tours\/italia-es\/capri-es\/capri-rutas-turisticas-privadas-es\/tour-privado-por-la-ciudad-de-capri-y-anacapri-con-guia-oficial-privado-desde-napoles\/#primaryimage\",\"url\":\"https:\/\/tourtravelandmore.com\/wp-content\/uploads\/2019\/10\/anacapri-3.jpg\",\"contentUrl\":\"https:\/\/tourtravelandmore.com\/wp-content\/uploads\/2019\/10\/anacapri-3.jpg\",\"width\":1280,\"height\":853},{\"@type\":\"BreadcrumbList\",\"@id\":\"https:\/\/tourtravelandmore.com\/es\/tours\/italia-es\/capri-es\/capri-rutas-turisticas-privadas-es\/tour-privado-por-la-ciudad-de-capri-y-anacapri-con-guia-oficial-privado-desde-napoles\/#breadcrumb\",\"itemListElement\":[{\"@type\":\"ListItem\",\"position\":1,\"name\":\"Home\",\"item\":\"https:\/\/tourtravelandmore.com\/es\/\"},{\"@type\":\"ListItem\",\"position\":2,\"name\":\"Tours\",\"item\":\"https:\/\/tourtravelandmore.com\/es\/tours\/\"},{\"@type\":\"ListItem\",\"position\":3,\"name\":\"Tour Privado a Capri y Anacapri desde N\u00e1poles\"}]},{\"@type\":\"WebSite\",\"@id\":\"https:\/\/tourtravelandmore.com\/es\/#website\",\"url\":\"https:\/\/tourtravelandmore.com\/es\/\",\"name\":\"Tour Travel And More\",\"description\":\"Private sightseeing tours and luxury transfers in Spain\",\"publisher\":{\"@id\":\"https:\/\/tourtravelandmore.com\/es\/#organization\"},\"potentialAction\":[{\"@type\":\"SearchAction\",\"target\":{\"@type\":\"EntryPoint\",\"urlTemplate\":\"https:\/\/tourtravelandmore.com\/es\/?s={search_term_string}\"},\"query-input\":{\"@type\":\"PropertyValueSpecification\",\"valueRequired\":true,\"valueName\":\"search_term_string\"}}],\"inLanguage\":\"es\"},{\"@type\":\"Organization\",\"@id\":\"https:\/\/tourtravelandmore.com\/es\/#organization\",\"name\":\"Tour Travel And More\",\"url\":\"https:\/\/tourtravelandmore.com\/es\/\",\"logo\":{\"@type\":\"ImageObject\",\"inLanguage\":\"es\",\"@id\":\"https:\/\/tourtravelandmore.com\/es\/#\/schema\/logo\/image\/\",\"url\":\"https:\/\/tourtravelandmore.com\/wp-content\/uploads\/2022\/12\/cropped-logo-cabecera-new.png\",\"contentUrl\":\"https:\/\/tourtravelandmore.com\/wp-content\/uploads\/2022\/12\/cropped-logo-cabecera-new.png\",\"width\":430,\"height\":61,\"caption\":\"Tour Travel And More\"},\"image\":{\"@id\":\"https:\/\/tourtravelandmore.com\/es\/#\/schema\/logo\/image\/\"},\"sameAs\":[\"https:\/\/www.facebook.com\/tourtravelandmore\/\",\"https:\/\/x.com\/TourTravel_More\"]}]}<\/script>\n<!-- \/ Yoast SEO Premium plugin. -->","yoast_head_json":{"title":"Tour Privado a Capri y Anacapri desde N\u00e1poles con guia oficial","description":"Disfrute de sus vacaciones al m\u00e1ximo y conozca Capri y Anacapri desde N\u00e1poles con su gu\u00eda privado oficial que los llevar\u00e1 a los lugares m\u00e1s alucinantes.","robots":{"index":"index","follow":"follow","max-snippet":"max-snippet:-1","max-image-preview":"max-image-preview:large","max-video-preview":"max-video-preview:-1"},"canonical":"https:\/\/tourtravelandmore.com\/es\/tours\/italia-es\/capri-es\/capri-rutas-turisticas-privadas-es\/tour-privado-por-la-ciudad-de-capri-y-anacapri-con-guia-oficial-privado-desde-napoles\/","og_locale":"es_ES","og_type":"article","og_title":"Tour Privado a Capri y Anacapri desde N\u00e1poles","og_description":"Disfrute de sus vacaciones al m\u00e1ximo y conozca Capri y Anacapri desde N\u00e1poles con su gu\u00eda privado oficial que los llevar\u00e1 a los lugares m\u00e1s alucinantes.","og_url":"https:\/\/tourtravelandmore.com\/es\/tours\/italia-es\/capri-es\/capri-rutas-turisticas-privadas-es\/tour-privado-por-la-ciudad-de-capri-y-anacapri-con-guia-oficial-privado-desde-napoles\/","og_site_name":"Tour Travel And More","article_publisher":"https:\/\/www.facebook.com\/tourtravelandmore\/","article_modified_time":"2024-08-21T15:24:38+00:00","og_image":[{"width":1280,"height":853,"url":"https:\/\/tourtravelandmore.com\/wp-content\/uploads\/2019\/10\/anacapri-3.jpg","type":"image\/jpeg"}],"twitter_card":"summary_large_image","twitter_site":"@TourTravel_More","twitter_misc":{"Tiempo de lectura":"2 minutos"},"schema":{"@context":"https:\/\/schema.org","@graph":[{"@type":"WebPage","@id":"https:\/\/tourtravelandmore.com\/es\/tours\/italia-es\/capri-es\/capri-rutas-turisticas-privadas-es\/tour-privado-por-la-ciudad-de-capri-y-anacapri-con-guia-oficial-privado-desde-napoles\/","url":"https:\/\/tourtravelandmore.com\/es\/tours\/italia-es\/capri-es\/capri-rutas-turisticas-privadas-es\/tour-privado-por-la-ciudad-de-capri-y-anacapri-con-guia-oficial-privado-desde-napoles\/","name":"Tour Privado a Capri y Anacapri desde N\u00e1poles con guia oficial","isPartOf":{"@id":"https:\/\/tourtravelandmore.com\/es\/#website"},"primaryImageOfPage":{"@id":"https:\/\/tourtravelandmore.com\/es\/tours\/italia-es\/capri-es\/capri-rutas-turisticas-privadas-es\/tour-privado-por-la-ciudad-de-capri-y-anacapri-con-guia-oficial-privado-desde-napoles\/#primaryimage"},"image":{"@id":"https:\/\/tourtravelandmore.com\/es\/tours\/italia-es\/capri-es\/capri-rutas-turisticas-privadas-es\/tour-privado-por-la-ciudad-de-capri-y-anacapri-con-guia-oficial-privado-desde-napoles\/#primaryimage"},"thumbnailUrl":"https:\/\/tourtravelandmore.com\/wp-content\/uploads\/2019\/10\/anacapri-3.jpg","datePublished":"2019-10-31T05:48:05+00:00","dateModified":"2024-08-21T15:24:38+00:00","description":"Disfrute de sus vacaciones al m\u00e1ximo y conozca Capri y Anacapri desde N\u00e1poles con su gu\u00eda privado oficial que los llevar\u00e1 a los lugares m\u00e1s alucinantes.","breadcrumb":{"@id":"https:\/\/tourtravelandmore.com\/es\/tours\/italia-es\/capri-es\/capri-rutas-turisticas-privadas-es\/tour-privado-por-la-ciudad-de-capri-y-anacapri-con-guia-oficial-privado-desde-napoles\/#breadcrumb"},"inLanguage":"es","potentialAction":[{"@type":"ReadAction","target":["https:\/\/tourtravelandmore.com\/es\/tours\/italia-es\/capri-es\/capri-rutas-turisticas-privadas-es\/tour-privado-por-la-ciudad-de-capri-y-anacapri-con-guia-oficial-privado-desde-napoles\/"]}]},{"@type":"ImageObject","inLanguage":"es","@id":"https:\/\/tourtravelandmore.com\/es\/tours\/italia-es\/capri-es\/capri-rutas-turisticas-privadas-es\/tour-privado-por-la-ciudad-de-capri-y-anacapri-con-guia-oficial-privado-desde-napoles\/#primaryimage","url":"https:\/\/tourtravelandmore.com\/wp-content\/uploads\/2019\/10\/anacapri-3.jpg","contentUrl":"https:\/\/tourtravelandmore.com\/wp-content\/uploads\/2019\/10\/anacapri-3.jpg","width":1280,"height":853},{"@type":"BreadcrumbList","@id":"https:\/\/tourtravelandmore.com\/es\/tours\/italia-es\/capri-es\/capri-rutas-turisticas-privadas-es\/tour-privado-por-la-ciudad-de-capri-y-anacapri-con-guia-oficial-privado-desde-napoles\/#breadcrumb","itemListElement":[{"@type":"ListItem","position":1,"name":"Home","item":"https:\/\/tourtravelandmore.com\/es\/"},{"@type":"ListItem","position":2,"name":"Tours","item":"https:\/\/tourtravelandmore.com\/es\/tours\/"},{"@type":"ListItem","position":3,"name":"Tour Privado a Capri y Anacapri desde N\u00e1poles"}]},{"@type":"WebSite","@id":"https:\/\/tourtravelandmore.com\/es\/#website","url":"https:\/\/tourtravelandmore.com\/es\/","name":"Tour Travel And More","description":"Private sightseeing tours and luxury transfers in Spain","publisher":{"@id":"https:\/\/tourtravelandmore.com\/es\/#organization"},"potentialAction":[{"@type":"SearchAction","target":{"@type":"EntryPoint","urlTemplate":"https:\/\/tourtravelandmore.com\/es\/?s={search_term_string}"},"query-input":{"@type":"PropertyValueSpecification","valueRequired":true,"valueName":"search_term_string"}}],"inLanguage":"es"},{"@type":"Organization","@id":"https:\/\/tourtravelandmore.com\/es\/#organization","name":"Tour Travel And More","url":"https:\/\/tourtravelandmore.com\/es\/","logo":{"@type":"ImageObject","inLanguage":"es","@id":"https:\/\/tourtravelandmore.com\/es\/#\/schema\/logo\/image\/","url":"https:\/\/tourtravelandmore.com\/wp-content\/uploads\/2022\/12\/cropped-logo-cabecera-new.png","contentUrl":"https:\/\/tourtravelandmore.com\/wp-content\/uploads\/2022\/12\/cropped-logo-cabecera-new.png","width":430,"height":61,"caption":"Tour Travel And More"},"image":{"@id":"https:\/\/tourtravelandmore.com\/es\/#\/schema\/logo\/image\/"},"sameAs":["https:\/\/www.facebook.com\/tourtravelandmore\/","https:\/\/x.com\/TourTravel_More"]}]}},"_links":{"self":[{"href":"https:\/\/tourtravelandmore.com\/es\/wp-json\/wp\/v2\/product\/69648","targetHints":{"allow":["GET"]}}],"collection":[{"href":"https:\/\/tourtravelandmore.com\/es\/wp-json\/wp\/v2\/product"}],"about":[{"href":"https:\/\/tourtravelandmore.com\/es\/wp-json\/wp\/v2\/types\/product"}],"replies":[{"embeddable":true,"href":"https:\/\/tourtravelandmore.com\/es\/wp-json\/wp\/v2\/comments?post=69648"}],"wp:featuredmedia":[{"embeddable":true,"href":"https:\/\/tourtravelandmore.com\/es\/wp-json\/wp\/v2\/media\/81425"}],"wp:attachment":[{"href":"https:\/\/tourtravelandmore.com\/es\/wp-json\/wp\/v2\/media?parent=69648"}],"wp:term":[{"taxonomy":"product_brand","embeddable":true,"href":"https:\/\/tourtravelandmore.com\/es\/wp-json\/wp\/v2\/product_brand?post=69648"},{"taxonomy":"product_cat","embeddable":true,"href":"https:\/\/tourtravelandmore.com\/es\/wp-json\/wp\/v2\/product_cat?post=69648"},{"taxonomy":"product_tag","embeddable":true,"href":"https:\/\/tourtravelandmore.com\/es\/wp-json\/wp\/v2\/product_tag?post=69648"}],"curies":[{"name":"wp","href":"https:\/\/api.w.org\/{rel}","templated":true}]}}