{"id":69458,"date":"2019-10-28T14:30:31","date_gmt":"2019-10-28T13:30:31","guid":{"rendered":"https:\/\/tourtravelandmore.com\/?post_type=product&#038;p=69458"},"modified":"2025-04-07T17:28:09","modified_gmt":"2025-04-07T15:28:09","slug":"tour-privado-a-pie-por-la-ciudad-de-edimburgo-con-guia-oficial-privado","status":"publish","type":"product","link":"https:\/\/tourtravelandmore.com\/es\/tours\/escocia-es\/edinburgo-es\/edinburgo-tours-privados-pie-es\/tour-privado-a-pie-por-la-ciudad-de-edimburgo-con-guia-oficial-privado\/","title":{"rendered":"Tour privado a pie de Edimburgo con gu\u00eda oficial"},"content":{"rendered":"<h2>Descripci\u00f3n | Tour Privado a pie por Edimburgo<\/h2>\n<p>Disfrute de este <b>tour privado a pie<\/b> por la ciudad de <b>Edimburgo<\/b> junto a su <b>gu\u00eda oficial privado<\/b> y conozca lo mejor de lo que <b>Edimburgo<\/b> tiene para ofrecer en <b>este tour privado a pie por Edimburgo<\/b>.<\/p>\n<p>Comenzaremos este <b>recorrido privado a pie<\/b> con una visita al casco antiguo, donde veremos uno de los lugares m\u00e1s emblem\u00e1ticos de <b>Edimburgo<\/b>, el castillo medieval, que a\u00fan conserva la estructura de hace miles de a\u00f1os. A continuaci\u00f3n, nos adentraremos en el barrio conocido por sus peque\u00f1as calles, donde veremos el Palacio de Holyrood.<\/p>\n<p>A continuaci\u00f3n, veremos la ciudad nueva construida entre los siglos XIII y XIX debido a la superpoblaci\u00f3n de la ciudad vieja. Veremos su calle principal, Princes st, y sus famosos jardines que bordean los barrios.<\/p>\n<p>Entre muchos otros lugares destacados tanto de la ciudad vieja como de la nueva, veremos: el Parlamento de Escocia, la capilla de la Magdalena, los callejones de la Milla Real&#8230;<\/p>\n<p>No lo piense m\u00e1s y aproveche esta oportunidad para conocer a pie los lugares m\u00e1s interesantes de <b>Edimburgo<\/b>.<\/p>\n<p><b><strong>Este tour es totalmente personalizable. Puede adaptar su inter\u00e9s a todos nuestros tours en Edimburgo poni\u00e9ndose en contacto con nosotros.<\/strong><\/b><\/p>\n<h2>Tour privado a pie por Edimburgo | Puntos de inter\u00e9s y monumentos<\/h2>\n<p>Durante su tour privado a pie, descubrir\u00e1 algunos de los lugares m\u00e1s reconocidos de la ciudad. Ser\u00e1 testigo de su belleza arquitect\u00f3nica \u00fanica. Entre los sitios que puede visitar a trav\u00e9s de este tour privado, ofrecemos:<\/p>\n<ul>\n<li><b><strong>Castillo de Edimburgo<\/strong><\/b><\/li>\n<li><b><strong>La ciudad vieja y la ciudad nueva<\/strong><\/b><\/li>\n<li><b><strong>Royal Mile Main Street<\/strong><\/b><\/li>\n<li><b><strong>Palacio de Holyrood<\/strong><\/b><\/li>\n<li>Y muchos m\u00e1s lugares en este tour privado a pie por Edimburgo.<\/li>\n<\/ul>\n<p><a href=\"https:\/\/tourtravelandmore.com\/es\/ciudad\/escocia-es\/edinburgh-en\/\">Eche un vistazo a todos los dem\u00e1s tours privados que ofrecemos.<\/a> Estamos a su entera disposici\u00f3n para organizar experiencias privadas.<\/p>\n","protected":false},"excerpt":{"rendered":"<p><span style=\"font-weight: 400;\">La ciudad de <strong>Edimburgo<\/strong>, en <strong>Escocia<\/strong>, es conocida por su numeroso patrimonio cultural y por sus interminables callejuelas llenas de historia. Durante este <strong>tour privado a pie<\/strong>, su gu\u00eda oficial les llevar\u00e1 por lugares incre\u00edbles como es el <strong>Castillo de Edimburgo<\/strong>, <strong>La calle Princes<\/strong>, <strong>El Palacio de Holyrood<\/strong> y mucho mas!.<\/span><b><\/b><\/p>\n","protected":false},"featured_media":69952,"comment_status":"open","ping_status":"closed","template":"","meta":{"_acf_changed":false},"product_brand":[],"product_cat":[1762,1763,1774,1765,1603],"product_tag":[],"class_list":{"0":"post-69458","1":"product","2":"type-product","3":"status-publish","4":"has-post-thumbnail","6":"product_cat-escocia-es","7":"product_cat-edinburgo-es","8":"product_cat-edinburgo-actividades-es","9":"product_cat-edinburgo-tours-privados-pie-es","10":"product_cat-reino-unido-es","12":"first","13":"instock","14":"shipping-taxable","15":"purchasable","16":"product-type-simple"},"acf":[],"yoast_head":"<!-- This site is optimized with the Yoast SEO Premium plugin v25.3.1 (Yoast SEO v25.3.1) - https:\/\/yoast.com\/wordpress\/plugins\/seo\/ -->\n<title>\u27a1\ufe0f Tour Privado a pie por Edimburgo | Tour Travel &amp; More<\/title>\n<meta name=\"description\" content=\"Disfruta de este tour privado personalizable y conozca Edimburgo a pie, una ciudad llena de historia y conozca sus monumentos m\u00e1s resaltantes \u2705\" \/>\n<meta name=\"robots\" content=\"index, follow, max-snippet:-1, max-image-preview:large, max-video-preview:-1\" \/>\n<link rel=\"canonical\" href=\"https:\/\/tourtravelandmore.com\/es\/tours\/escocia-es\/edinburgo-es\/edinburgo-tours-privados-pie-es\/tour-privado-a-pie-por-la-ciudad-de-edimburgo-con-guia-oficial-privado\/\" \/>\n<meta property=\"og:locale\" content=\"es_ES\" \/>\n<meta property=\"og:type\" content=\"article\" \/>\n<meta property=\"og:title\" content=\"Tour privado a pie de Edimburgo con gu\u00eda oficial\" \/>\n<meta property=\"og:description\" content=\"Disfruta de este tour privado personalizable y conozca Edimburgo a pie, una ciudad llena de historia y conozca sus monumentos m\u00e1s resaltantes \u2705\" \/>\n<meta property=\"og:url\" content=\"https:\/\/tourtravelandmore.com\/es\/tours\/escocia-es\/edinburgo-es\/edinburgo-tours-privados-pie-es\/tour-privado-a-pie-por-la-ciudad-de-edimburgo-con-guia-oficial-privado\/\" \/>\n<meta property=\"og:site_name\" content=\"Tour Travel And More\" \/>\n<meta property=\"article:publisher\" content=\"https:\/\/www.facebook.com\/tourtravelandmore\/\" \/>\n<meta property=\"article:modified_time\" content=\"2025-04-07T15:28:09+00:00\" \/>\n<meta property=\"og:image\" content=\"https:\/\/tourtravelandmore.com\/wp-content\/uploads\/2019\/10\/edimburgh_castle.jpg\" \/>\n\t<meta property=\"og:image:width\" content=\"1024\" \/>\n\t<meta property=\"og:image:height\" content=\"683\" \/>\n\t<meta property=\"og:image:type\" content=\"image\/jpeg\" \/>\n<meta name=\"twitter:card\" content=\"summary_large_image\" \/>\n<meta name=\"twitter:site\" content=\"@TourTravel_More\" \/>\n<meta name=\"twitter:label1\" content=\"Tiempo de lectura\" \/>\n\t<meta name=\"twitter:data1\" content=\"2 minutos\" \/>\n<script type=\"application\/ld+json\" class=\"yoast-schema-graph\">{\"@context\":\"https:\/\/schema.org\",\"@graph\":[{\"@type\":\"WebPage\",\"@id\":\"https:\/\/tourtravelandmore.com\/es\/tours\/escocia-es\/edinburgo-es\/edinburgo-tours-privados-pie-es\/tour-privado-a-pie-por-la-ciudad-de-edimburgo-con-guia-oficial-privado\/\",\"url\":\"https:\/\/tourtravelandmore.com\/es\/tours\/escocia-es\/edinburgo-es\/edinburgo-tours-privados-pie-es\/tour-privado-a-pie-por-la-ciudad-de-edimburgo-con-guia-oficial-privado\/\",\"name\":\"\u27a1\ufe0f Tour Privado a pie por Edimburgo | Tour Travel & More\",\"isPartOf\":{\"@id\":\"https:\/\/tourtravelandmore.com\/es\/#website\"},\"primaryImageOfPage\":{\"@id\":\"https:\/\/tourtravelandmore.com\/es\/tours\/escocia-es\/edinburgo-es\/edinburgo-tours-privados-pie-es\/tour-privado-a-pie-por-la-ciudad-de-edimburgo-con-guia-oficial-privado\/#primaryimage\"},\"image\":{\"@id\":\"https:\/\/tourtravelandmore.com\/es\/tours\/escocia-es\/edinburgo-es\/edinburgo-tours-privados-pie-es\/tour-privado-a-pie-por-la-ciudad-de-edimburgo-con-guia-oficial-privado\/#primaryimage\"},\"thumbnailUrl\":\"https:\/\/tourtravelandmore.com\/wp-content\/uploads\/2019\/10\/edimburgh_castle.jpg\",\"datePublished\":\"2019-10-28T13:30:31+00:00\",\"dateModified\":\"2025-04-07T15:28:09+00:00\",\"description\":\"Disfruta de este tour privado personalizable y conozca Edimburgo a pie, una ciudad llena de historia y conozca sus monumentos m\u00e1s resaltantes \u2705\",\"breadcrumb\":{\"@id\":\"https:\/\/tourtravelandmore.com\/es\/tours\/escocia-es\/edinburgo-es\/edinburgo-tours-privados-pie-es\/tour-privado-a-pie-por-la-ciudad-de-edimburgo-con-guia-oficial-privado\/#breadcrumb\"},\"inLanguage\":\"es\",\"potentialAction\":[{\"@type\":\"ReadAction\",\"target\":[\"https:\/\/tourtravelandmore.com\/es\/tours\/escocia-es\/edinburgo-es\/edinburgo-tours-privados-pie-es\/tour-privado-a-pie-por-la-ciudad-de-edimburgo-con-guia-oficial-privado\/\"]}]},{\"@type\":\"ImageObject\",\"inLanguage\":\"es\",\"@id\":\"https:\/\/tourtravelandmore.com\/es\/tours\/escocia-es\/edinburgo-es\/edinburgo-tours-privados-pie-es\/tour-privado-a-pie-por-la-ciudad-de-edimburgo-con-guia-oficial-privado\/#primaryimage\",\"url\":\"https:\/\/tourtravelandmore.com\/wp-content\/uploads\/2019\/10\/edimburgh_castle.jpg\",\"contentUrl\":\"https:\/\/tourtravelandmore.com\/wp-content\/uploads\/2019\/10\/edimburgh_castle.jpg\",\"width\":1024,\"height\":683},{\"@type\":\"BreadcrumbList\",\"@id\":\"https:\/\/tourtravelandmore.com\/es\/tours\/escocia-es\/edinburgo-es\/edinburgo-tours-privados-pie-es\/tour-privado-a-pie-por-la-ciudad-de-edimburgo-con-guia-oficial-privado\/#breadcrumb\",\"itemListElement\":[{\"@type\":\"ListItem\",\"position\":1,\"name\":\"Home\",\"item\":\"https:\/\/tourtravelandmore.com\/es\/\"},{\"@type\":\"ListItem\",\"position\":2,\"name\":\"Tours\",\"item\":\"https:\/\/tourtravelandmore.com\/es\/tours\/\"},{\"@type\":\"ListItem\",\"position\":3,\"name\":\"Tour privado a pie de Edimburgo con gu\u00eda oficial\"}]},{\"@type\":\"WebSite\",\"@id\":\"https:\/\/tourtravelandmore.com\/es\/#website\",\"url\":\"https:\/\/tourtravelandmore.com\/es\/\",\"name\":\"Tour Travel And More\",\"description\":\"Private sightseeing tours and luxury transfers in Spain\",\"publisher\":{\"@id\":\"https:\/\/tourtravelandmore.com\/es\/#organization\"},\"potentialAction\":[{\"@type\":\"SearchAction\",\"target\":{\"@type\":\"EntryPoint\",\"urlTemplate\":\"https:\/\/tourtravelandmore.com\/es\/?s={search_term_string}\"},\"query-input\":{\"@type\":\"PropertyValueSpecification\",\"valueRequired\":true,\"valueName\":\"search_term_string\"}}],\"inLanguage\":\"es\"},{\"@type\":\"Organization\",\"@id\":\"https:\/\/tourtravelandmore.com\/es\/#organization\",\"name\":\"Tour Travel And More\",\"url\":\"https:\/\/tourtravelandmore.com\/es\/\",\"logo\":{\"@type\":\"ImageObject\",\"inLanguage\":\"es\",\"@id\":\"https:\/\/tourtravelandmore.com\/es\/#\/schema\/logo\/image\/\",\"url\":\"https:\/\/tourtravelandmore.com\/wp-content\/uploads\/2022\/12\/cropped-logo-cabecera-new.png\",\"contentUrl\":\"https:\/\/tourtravelandmore.com\/wp-content\/uploads\/2022\/12\/cropped-logo-cabecera-new.png\",\"width\":430,\"height\":61,\"caption\":\"Tour Travel And More\"},\"image\":{\"@id\":\"https:\/\/tourtravelandmore.com\/es\/#\/schema\/logo\/image\/\"},\"sameAs\":[\"https:\/\/www.facebook.com\/tourtravelandmore\/\",\"https:\/\/x.com\/TourTravel_More\"]}]}<\/script>\n<!-- \/ Yoast SEO Premium plugin. -->","yoast_head_json":{"title":"\u27a1\ufe0f Tour Privado a pie por Edimburgo | Tour Travel & More","description":"Disfruta de este tour privado personalizable y conozca Edimburgo a pie, una ciudad llena de historia y conozca sus monumentos m\u00e1s resaltantes \u2705","robots":{"index":"index","follow":"follow","max-snippet":"max-snippet:-1","max-image-preview":"max-image-preview:large","max-video-preview":"max-video-preview:-1"},"canonical":"https:\/\/tourtravelandmore.com\/es\/tours\/escocia-es\/edinburgo-es\/edinburgo-tours-privados-pie-es\/tour-privado-a-pie-por-la-ciudad-de-edimburgo-con-guia-oficial-privado\/","og_locale":"es_ES","og_type":"article","og_title":"Tour privado a pie de Edimburgo con gu\u00eda oficial","og_description":"Disfruta de este tour privado personalizable y conozca Edimburgo a pie, una ciudad llena de historia y conozca sus monumentos m\u00e1s resaltantes \u2705","og_url":"https:\/\/tourtravelandmore.com\/es\/tours\/escocia-es\/edinburgo-es\/edinburgo-tours-privados-pie-es\/tour-privado-a-pie-por-la-ciudad-de-edimburgo-con-guia-oficial-privado\/","og_site_name":"Tour Travel And More","article_publisher":"https:\/\/www.facebook.com\/tourtravelandmore\/","article_modified_time":"2025-04-07T15:28:09+00:00","og_image":[{"width":1024,"height":683,"url":"https:\/\/tourtravelandmore.com\/wp-content\/uploads\/2019\/10\/edimburgh_castle.jpg","type":"image\/jpeg"}],"twitter_card":"summary_large_image","twitter_site":"@TourTravel_More","twitter_misc":{"Tiempo de lectura":"2 minutos"},"schema":{"@context":"https:\/\/schema.org","@graph":[{"@type":"WebPage","@id":"https:\/\/tourtravelandmore.com\/es\/tours\/escocia-es\/edinburgo-es\/edinburgo-tours-privados-pie-es\/tour-privado-a-pie-por-la-ciudad-de-edimburgo-con-guia-oficial-privado\/","url":"https:\/\/tourtravelandmore.com\/es\/tours\/escocia-es\/edinburgo-es\/edinburgo-tours-privados-pie-es\/tour-privado-a-pie-por-la-ciudad-de-edimburgo-con-guia-oficial-privado\/","name":"\u27a1\ufe0f Tour Privado a pie por Edimburgo | Tour Travel & More","isPartOf":{"@id":"https:\/\/tourtravelandmore.com\/es\/#website"},"primaryImageOfPage":{"@id":"https:\/\/tourtravelandmore.com\/es\/tours\/escocia-es\/edinburgo-es\/edinburgo-tours-privados-pie-es\/tour-privado-a-pie-por-la-ciudad-de-edimburgo-con-guia-oficial-privado\/#primaryimage"},"image":{"@id":"https:\/\/tourtravelandmore.com\/es\/tours\/escocia-es\/edinburgo-es\/edinburgo-tours-privados-pie-es\/tour-privado-a-pie-por-la-ciudad-de-edimburgo-con-guia-oficial-privado\/#primaryimage"},"thumbnailUrl":"https:\/\/tourtravelandmore.com\/wp-content\/uploads\/2019\/10\/edimburgh_castle.jpg","datePublished":"2019-10-28T13:30:31+00:00","dateModified":"2025-04-07T15:28:09+00:00","description":"Disfruta de este tour privado personalizable y conozca Edimburgo a pie, una ciudad llena de historia y conozca sus monumentos m\u00e1s resaltantes \u2705","breadcrumb":{"@id":"https:\/\/tourtravelandmore.com\/es\/tours\/escocia-es\/edinburgo-es\/edinburgo-tours-privados-pie-es\/tour-privado-a-pie-por-la-ciudad-de-edimburgo-con-guia-oficial-privado\/#breadcrumb"},"inLanguage":"es","potentialAction":[{"@type":"ReadAction","target":["https:\/\/tourtravelandmore.com\/es\/tours\/escocia-es\/edinburgo-es\/edinburgo-tours-privados-pie-es\/tour-privado-a-pie-por-la-ciudad-de-edimburgo-con-guia-oficial-privado\/"]}]},{"@type":"ImageObject","inLanguage":"es","@id":"https:\/\/tourtravelandmore.com\/es\/tours\/escocia-es\/edinburgo-es\/edinburgo-tours-privados-pie-es\/tour-privado-a-pie-por-la-ciudad-de-edimburgo-con-guia-oficial-privado\/#primaryimage","url":"https:\/\/tourtravelandmore.com\/wp-content\/uploads\/2019\/10\/edimburgh_castle.jpg","contentUrl":"https:\/\/tourtravelandmore.com\/wp-content\/uploads\/2019\/10\/edimburgh_castle.jpg","width":1024,"height":683},{"@type":"BreadcrumbList","@id":"https:\/\/tourtravelandmore.com\/es\/tours\/escocia-es\/edinburgo-es\/edinburgo-tours-privados-pie-es\/tour-privado-a-pie-por-la-ciudad-de-edimburgo-con-guia-oficial-privado\/#breadcrumb","itemListElement":[{"@type":"ListItem","position":1,"name":"Home","item":"https:\/\/tourtravelandmore.com\/es\/"},{"@type":"ListItem","position":2,"name":"Tours","item":"https:\/\/tourtravelandmore.com\/es\/tours\/"},{"@type":"ListItem","position":3,"name":"Tour privado a pie de Edimburgo con gu\u00eda oficial"}]},{"@type":"WebSite","@id":"https:\/\/tourtravelandmore.com\/es\/#website","url":"https:\/\/tourtravelandmore.com\/es\/","name":"Tour Travel And More","description":"Private sightseeing tours and luxury transfers in Spain","publisher":{"@id":"https:\/\/tourtravelandmore.com\/es\/#organization"},"potentialAction":[{"@type":"SearchAction","target":{"@type":"EntryPoint","urlTemplate":"https:\/\/tourtravelandmore.com\/es\/?s={search_term_string}"},"query-input":{"@type":"PropertyValueSpecification","valueRequired":true,"valueName":"search_term_string"}}],"inLanguage":"es"},{"@type":"Organization","@id":"https:\/\/tourtravelandmore.com\/es\/#organization","name":"Tour Travel And More","url":"https:\/\/tourtravelandmore.com\/es\/","logo":{"@type":"ImageObject","inLanguage":"es","@id":"https:\/\/tourtravelandmore.com\/es\/#\/schema\/logo\/image\/","url":"https:\/\/tourtravelandmore.com\/wp-content\/uploads\/2022\/12\/cropped-logo-cabecera-new.png","contentUrl":"https:\/\/tourtravelandmore.com\/wp-content\/uploads\/2022\/12\/cropped-logo-cabecera-new.png","width":430,"height":61,"caption":"Tour Travel And More"},"image":{"@id":"https:\/\/tourtravelandmore.com\/es\/#\/schema\/logo\/image\/"},"sameAs":["https:\/\/www.facebook.com\/tourtravelandmore\/","https:\/\/x.com\/TourTravel_More"]}]}},"_links":{"self":[{"href":"https:\/\/tourtravelandmore.com\/es\/wp-json\/wp\/v2\/product\/69458","targetHints":{"allow":["GET"]}}],"collection":[{"href":"https:\/\/tourtravelandmore.com\/es\/wp-json\/wp\/v2\/product"}],"about":[{"href":"https:\/\/tourtravelandmore.com\/es\/wp-json\/wp\/v2\/types\/product"}],"replies":[{"embeddable":true,"href":"https:\/\/tourtravelandmore.com\/es\/wp-json\/wp\/v2\/comments?post=69458"}],"wp:featuredmedia":[{"embeddable":true,"href":"https:\/\/tourtravelandmore.com\/es\/wp-json\/wp\/v2\/media\/69952"}],"wp:attachment":[{"href":"https:\/\/tourtravelandmore.com\/es\/wp-json\/wp\/v2\/media?parent=69458"}],"wp:term":[{"taxonomy":"product_brand","embeddable":true,"href":"https:\/\/tourtravelandmore.com\/es\/wp-json\/wp\/v2\/product_brand?post=69458"},{"taxonomy":"product_cat","embeddable":true,"href":"https:\/\/tourtravelandmore.com\/es\/wp-json\/wp\/v2\/product_cat?post=69458"},{"taxonomy":"product_tag","embeddable":true,"href":"https:\/\/tourtravelandmore.com\/es\/wp-json\/wp\/v2\/product_tag?post=69458"}],"curies":[{"name":"wp","href":"https:\/\/api.w.org\/{rel}","templated":true}]}}