{"id":69443,"date":"2019-10-28T14:30:26","date_gmt":"2019-10-28T13:30:26","guid":{"rendered":"https:\/\/tourtravelandmore.com\/?post_type=product&#038;p=69443"},"modified":"2025-04-07T17:35:00","modified_gmt":"2025-04-07T15:35:00","slug":"tour-privado-por-la-ciudad-de-edimburgo-con-guia-y-vehiculo-privado","status":"publish","type":"product","link":"https:\/\/tourtravelandmore.com\/es\/tours\/escocia-es\/edinburgo-es\/edinburgo-rutas-turisticas-privadas-es\/tour-privado-por-la-ciudad-de-edimburgo-con-guia-y-vehiculo-privado\/","title":{"rendered":"Tour Privado por Edimburgo"},"content":{"rendered":"<h2><b><strong>Descripci\u00f3n | Tour Privado por Edimburgo<\/strong><\/b><\/h2>\n<p>Comenzaremos este <b>tour privado por Edimburgo<\/b> con una visita al casco antiguo. Aqu\u00ed veremos uno de los lugares m\u00e1s emblem\u00e1ticos de <b>la ciudad<\/b>, el castillo medieval, que a\u00fan conserva la estructura de hace miles de a\u00f1os. A continuaci\u00f3n, nos adentraremos en el barrio conocido por sus peque\u00f1as calles, donde veremos el Palacio de Holyroodhouse.<\/p>\n<p>En primer lugar, re\u00fanase con uno de nuestros excelentes gu\u00edas tur\u00edsticos privados. \u00a1Su ch\u00f3fer le estar\u00e1 esperando en el veh\u00edculo para llevarle a este gran recorrido por la ciudad de Edimburgo!<\/p>\n<p>A continuaci\u00f3n, veremos la ciudad nueva construida entre los siglos XIII y XIX debido a la superpoblaci\u00f3n de la ciudad vieja. Veremos su calle principal, Princes Street, y sus famosos jardines que bordean los barrios.<\/p>\n<p>Entre muchos otros lugares destacados tanto de la ciudad vieja como de la nueva, veremos: el Parlamento de Escocia, la capilla de La Magdalena, los callejones de la Milla Real.<\/p>\n<h2>Tour privado por Edimburgo | Puntos de inter\u00e9s y monumentos<\/h2>\n<p>Tras una c\u00f3moda y f\u00e1cil recogida, comencemos este tour privado por Edimburgo. Es una experiencia perfecta para conocer lo mejor de la ciudad.<\/p>\n<p>Le llevaremos a los lugares m\u00e1s emblem\u00e1ticos de la ciudad. Esto incluir\u00e1:<\/p>\n<ul>\n<li><b><strong>Castillo de Edimburgo<\/strong><\/b><\/li>\n<li><b><strong>La ciudad vieja y la ciudad nueva<\/strong><\/b><\/li>\n<li><b>Royal Mile, la calle principal: <\/b>\u00a1una hermosa calle comercial!<\/li>\n<li><b><strong>Palacio de Holyroodhouse<\/strong><\/b><\/li>\n<li><b><strong>Asiento de Arturo<\/strong><\/b><\/li>\n<li><b><strong>Colina de Calton<\/strong><\/b><\/li>\n<li><b><strong>Calle Princess<\/strong><\/b><\/li>\n<li><b><strong>Catedral de San Giles<\/strong><\/b><\/li>\n<li><b><strong>Vista exterior Real Mary King&#8217;s Close<\/strong><\/b><\/li>\n<li><b><strong>Vista exterior del Real Jard\u00edn Bot\u00e1nico de Edimburgo<\/strong><\/b><\/li>\n<li><b><strong>Todo esto y mucho m\u00e1s en nuestro tour privado en Edimburgo<\/strong><\/b><\/li>\n<\/ul>\n<p>Disfrute de lo mejor de la ciudad con nuestro ch\u00f3fer y un gu\u00eda tur\u00edstico independiente. Le llevaremos de vuelta a su hotel o al lugar que elija y le dejaremos c\u00f3modamente.<\/p>\n<p><a href=\"https:\/\/tourtravelandmore.com\/es\/ciudad\/escocia-es\/edinburgh-en\/\">Eche un vistazo a todos nuestros tours privados en Edimburgo, \u00a1no se los pierda!<\/a><\/p>\n","protected":false},"excerpt":{"rendered":"<p>Ven con nosotros y disfruta de este <strong>tour privado de medio d\u00eda por la ciudad de Edimburgo<\/strong>. La famosa ciudad de <strong>Edimburgo<\/strong>, en <strong>Escocia<\/strong>, son conocida por su impresionante arquitectura. Durante este recorrido, su conductor\/gu\u00eda privado lo llevar\u00e1 por lugares y calles incre\u00edbles con mucha historia. Cont\u00e1ctenos para una experiencia personalizada.<\/p>\n","protected":false},"featured_media":69954,"comment_status":"open","ping_status":"closed","template":"","meta":{"_acf_changed":false},"product_brand":[],"product_cat":[1762,1763,1774,1767,1603],"product_tag":[],"class_list":{"0":"post-69443","1":"product","2":"type-product","3":"status-publish","4":"has-post-thumbnail","6":"product_cat-escocia-es","7":"product_cat-edinburgo-es","8":"product_cat-edinburgo-actividades-es","9":"product_cat-edinburgo-rutas-turisticas-privadas-es","10":"product_cat-reino-unido-es","12":"first","13":"instock","14":"shipping-taxable","15":"purchasable","16":"product-type-simple"},"acf":[],"yoast_head":"<!-- This site is optimized with the Yoast SEO Premium plugin v25.3.1 (Yoast SEO v25.3.1) - https:\/\/yoast.com\/wordpress\/plugins\/seo\/ -->\n<title>\u27a1\ufe0f Tour privado por la ciudad de Edimburgo | Tour Travel &amp; More<\/title>\n<meta name=\"description\" content=\"Tour privado por la ciudad de Edimburgo. Disfrute Edimburgo desde la comodidad de un veh\u00edculo privado y conozca sus monumentos m\u00e1s emblem\u00e1ticos \u2705\" \/>\n<meta name=\"robots\" content=\"index, follow, max-snippet:-1, max-image-preview:large, max-video-preview:-1\" \/>\n<link rel=\"canonical\" href=\"https:\/\/tourtravelandmore.com\/es\/tours\/escocia-es\/edinburgo-es\/edinburgo-rutas-turisticas-privadas-es\/tour-privado-por-la-ciudad-de-edimburgo-con-guia-y-vehiculo-privado\/\" \/>\n<meta property=\"og:locale\" content=\"es_ES\" \/>\n<meta property=\"og:type\" content=\"article\" \/>\n<meta property=\"og:title\" content=\"Tour Privado por Edimburgo\" \/>\n<meta property=\"og:description\" content=\"Tour privado por la ciudad de Edimburgo. Disfrute Edimburgo desde la comodidad de un veh\u00edculo privado y conozca sus monumentos m\u00e1s emblem\u00e1ticos \u2705\" \/>\n<meta property=\"og:url\" content=\"https:\/\/tourtravelandmore.com\/es\/tours\/escocia-es\/edinburgo-es\/edinburgo-rutas-turisticas-privadas-es\/tour-privado-por-la-ciudad-de-edimburgo-con-guia-y-vehiculo-privado\/\" \/>\n<meta property=\"og:site_name\" content=\"Tour Travel And More\" \/>\n<meta property=\"article:publisher\" content=\"https:\/\/www.facebook.com\/tourtravelandmore\/\" \/>\n<meta property=\"article:modified_time\" content=\"2025-04-07T15:35:00+00:00\" \/>\n<meta property=\"og:image\" content=\"https:\/\/tourtravelandmore.com\/wp-content\/uploads\/2019\/10\/Edinburgh_Royal_Mile_.jpg\" \/>\n\t<meta property=\"og:image:width\" content=\"1920\" \/>\n\t<meta property=\"og:image:height\" content=\"1275\" \/>\n\t<meta property=\"og:image:type\" content=\"image\/jpeg\" \/>\n<meta name=\"twitter:card\" content=\"summary_large_image\" \/>\n<meta name=\"twitter:site\" content=\"@TourTravel_More\" \/>\n<meta name=\"twitter:label1\" content=\"Tiempo de lectura\" \/>\n\t<meta name=\"twitter:data1\" content=\"2 minutos\" \/>\n<script type=\"application\/ld+json\" class=\"yoast-schema-graph\">{\"@context\":\"https:\/\/schema.org\",\"@graph\":[{\"@type\":\"WebPage\",\"@id\":\"https:\/\/tourtravelandmore.com\/es\/tours\/escocia-es\/edinburgo-es\/edinburgo-rutas-turisticas-privadas-es\/tour-privado-por-la-ciudad-de-edimburgo-con-guia-y-vehiculo-privado\/\",\"url\":\"https:\/\/tourtravelandmore.com\/es\/tours\/escocia-es\/edinburgo-es\/edinburgo-rutas-turisticas-privadas-es\/tour-privado-por-la-ciudad-de-edimburgo-con-guia-y-vehiculo-privado\/\",\"name\":\"\u27a1\ufe0f Tour privado por la ciudad de Edimburgo | Tour Travel & More\",\"isPartOf\":{\"@id\":\"https:\/\/tourtravelandmore.com\/es\/#website\"},\"primaryImageOfPage\":{\"@id\":\"https:\/\/tourtravelandmore.com\/es\/tours\/escocia-es\/edinburgo-es\/edinburgo-rutas-turisticas-privadas-es\/tour-privado-por-la-ciudad-de-edimburgo-con-guia-y-vehiculo-privado\/#primaryimage\"},\"image\":{\"@id\":\"https:\/\/tourtravelandmore.com\/es\/tours\/escocia-es\/edinburgo-es\/edinburgo-rutas-turisticas-privadas-es\/tour-privado-por-la-ciudad-de-edimburgo-con-guia-y-vehiculo-privado\/#primaryimage\"},\"thumbnailUrl\":\"https:\/\/tourtravelandmore.com\/wp-content\/uploads\/2019\/10\/Edinburgh_Royal_Mile_.jpg\",\"datePublished\":\"2019-10-28T13:30:26+00:00\",\"dateModified\":\"2025-04-07T15:35:00+00:00\",\"description\":\"Tour privado por la ciudad de Edimburgo. Disfrute Edimburgo desde la comodidad de un veh\u00edculo privado y conozca sus monumentos m\u00e1s emblem\u00e1ticos \u2705\",\"breadcrumb\":{\"@id\":\"https:\/\/tourtravelandmore.com\/es\/tours\/escocia-es\/edinburgo-es\/edinburgo-rutas-turisticas-privadas-es\/tour-privado-por-la-ciudad-de-edimburgo-con-guia-y-vehiculo-privado\/#breadcrumb\"},\"inLanguage\":\"es\",\"potentialAction\":[{\"@type\":\"ReadAction\",\"target\":[\"https:\/\/tourtravelandmore.com\/es\/tours\/escocia-es\/edinburgo-es\/edinburgo-rutas-turisticas-privadas-es\/tour-privado-por-la-ciudad-de-edimburgo-con-guia-y-vehiculo-privado\/\"]}]},{\"@type\":\"ImageObject\",\"inLanguage\":\"es\",\"@id\":\"https:\/\/tourtravelandmore.com\/es\/tours\/escocia-es\/edinburgo-es\/edinburgo-rutas-turisticas-privadas-es\/tour-privado-por-la-ciudad-de-edimburgo-con-guia-y-vehiculo-privado\/#primaryimage\",\"url\":\"https:\/\/tourtravelandmore.com\/wp-content\/uploads\/2019\/10\/Edinburgh_Royal_Mile_.jpg\",\"contentUrl\":\"https:\/\/tourtravelandmore.com\/wp-content\/uploads\/2019\/10\/Edinburgh_Royal_Mile_.jpg\",\"width\":1920,\"height\":1275,\"caption\":\"Edinburgh, Royal Mile\"},{\"@type\":\"BreadcrumbList\",\"@id\":\"https:\/\/tourtravelandmore.com\/es\/tours\/escocia-es\/edinburgo-es\/edinburgo-rutas-turisticas-privadas-es\/tour-privado-por-la-ciudad-de-edimburgo-con-guia-y-vehiculo-privado\/#breadcrumb\",\"itemListElement\":[{\"@type\":\"ListItem\",\"position\":1,\"name\":\"Home\",\"item\":\"https:\/\/tourtravelandmore.com\/es\/\"},{\"@type\":\"ListItem\",\"position\":2,\"name\":\"Tours\",\"item\":\"https:\/\/tourtravelandmore.com\/es\/tours\/\"},{\"@type\":\"ListItem\",\"position\":3,\"name\":\"Tour Privado por Edimburgo\"}]},{\"@type\":\"WebSite\",\"@id\":\"https:\/\/tourtravelandmore.com\/es\/#website\",\"url\":\"https:\/\/tourtravelandmore.com\/es\/\",\"name\":\"Tour Travel And More\",\"description\":\"Private sightseeing tours and luxury transfers in Spain\",\"publisher\":{\"@id\":\"https:\/\/tourtravelandmore.com\/es\/#organization\"},\"potentialAction\":[{\"@type\":\"SearchAction\",\"target\":{\"@type\":\"EntryPoint\",\"urlTemplate\":\"https:\/\/tourtravelandmore.com\/es\/?s={search_term_string}\"},\"query-input\":{\"@type\":\"PropertyValueSpecification\",\"valueRequired\":true,\"valueName\":\"search_term_string\"}}],\"inLanguage\":\"es\"},{\"@type\":\"Organization\",\"@id\":\"https:\/\/tourtravelandmore.com\/es\/#organization\",\"name\":\"Tour Travel And More\",\"url\":\"https:\/\/tourtravelandmore.com\/es\/\",\"logo\":{\"@type\":\"ImageObject\",\"inLanguage\":\"es\",\"@id\":\"https:\/\/tourtravelandmore.com\/es\/#\/schema\/logo\/image\/\",\"url\":\"https:\/\/tourtravelandmore.com\/wp-content\/uploads\/2022\/12\/cropped-logo-cabecera-new.png\",\"contentUrl\":\"https:\/\/tourtravelandmore.com\/wp-content\/uploads\/2022\/12\/cropped-logo-cabecera-new.png\",\"width\":430,\"height\":61,\"caption\":\"Tour Travel And More\"},\"image\":{\"@id\":\"https:\/\/tourtravelandmore.com\/es\/#\/schema\/logo\/image\/\"},\"sameAs\":[\"https:\/\/www.facebook.com\/tourtravelandmore\/\",\"https:\/\/x.com\/TourTravel_More\"]}]}<\/script>\n<!-- \/ Yoast SEO Premium plugin. -->","yoast_head_json":{"title":"\u27a1\ufe0f Tour privado por la ciudad de Edimburgo | Tour Travel & More","description":"Tour privado por la ciudad de Edimburgo. Disfrute Edimburgo desde la comodidad de un veh\u00edculo privado y conozca sus monumentos m\u00e1s emblem\u00e1ticos \u2705","robots":{"index":"index","follow":"follow","max-snippet":"max-snippet:-1","max-image-preview":"max-image-preview:large","max-video-preview":"max-video-preview:-1"},"canonical":"https:\/\/tourtravelandmore.com\/es\/tours\/escocia-es\/edinburgo-es\/edinburgo-rutas-turisticas-privadas-es\/tour-privado-por-la-ciudad-de-edimburgo-con-guia-y-vehiculo-privado\/","og_locale":"es_ES","og_type":"article","og_title":"Tour Privado por Edimburgo","og_description":"Tour privado por la ciudad de Edimburgo. Disfrute Edimburgo desde la comodidad de un veh\u00edculo privado y conozca sus monumentos m\u00e1s emblem\u00e1ticos \u2705","og_url":"https:\/\/tourtravelandmore.com\/es\/tours\/escocia-es\/edinburgo-es\/edinburgo-rutas-turisticas-privadas-es\/tour-privado-por-la-ciudad-de-edimburgo-con-guia-y-vehiculo-privado\/","og_site_name":"Tour Travel And More","article_publisher":"https:\/\/www.facebook.com\/tourtravelandmore\/","article_modified_time":"2025-04-07T15:35:00+00:00","og_image":[{"width":1920,"height":1275,"url":"https:\/\/tourtravelandmore.com\/wp-content\/uploads\/2019\/10\/Edinburgh_Royal_Mile_.jpg","type":"image\/jpeg"}],"twitter_card":"summary_large_image","twitter_site":"@TourTravel_More","twitter_misc":{"Tiempo de lectura":"2 minutos"},"schema":{"@context":"https:\/\/schema.org","@graph":[{"@type":"WebPage","@id":"https:\/\/tourtravelandmore.com\/es\/tours\/escocia-es\/edinburgo-es\/edinburgo-rutas-turisticas-privadas-es\/tour-privado-por-la-ciudad-de-edimburgo-con-guia-y-vehiculo-privado\/","url":"https:\/\/tourtravelandmore.com\/es\/tours\/escocia-es\/edinburgo-es\/edinburgo-rutas-turisticas-privadas-es\/tour-privado-por-la-ciudad-de-edimburgo-con-guia-y-vehiculo-privado\/","name":"\u27a1\ufe0f Tour privado por la ciudad de Edimburgo | Tour Travel & More","isPartOf":{"@id":"https:\/\/tourtravelandmore.com\/es\/#website"},"primaryImageOfPage":{"@id":"https:\/\/tourtravelandmore.com\/es\/tours\/escocia-es\/edinburgo-es\/edinburgo-rutas-turisticas-privadas-es\/tour-privado-por-la-ciudad-de-edimburgo-con-guia-y-vehiculo-privado\/#primaryimage"},"image":{"@id":"https:\/\/tourtravelandmore.com\/es\/tours\/escocia-es\/edinburgo-es\/edinburgo-rutas-turisticas-privadas-es\/tour-privado-por-la-ciudad-de-edimburgo-con-guia-y-vehiculo-privado\/#primaryimage"},"thumbnailUrl":"https:\/\/tourtravelandmore.com\/wp-content\/uploads\/2019\/10\/Edinburgh_Royal_Mile_.jpg","datePublished":"2019-10-28T13:30:26+00:00","dateModified":"2025-04-07T15:35:00+00:00","description":"Tour privado por la ciudad de Edimburgo. Disfrute Edimburgo desde la comodidad de un veh\u00edculo privado y conozca sus monumentos m\u00e1s emblem\u00e1ticos \u2705","breadcrumb":{"@id":"https:\/\/tourtravelandmore.com\/es\/tours\/escocia-es\/edinburgo-es\/edinburgo-rutas-turisticas-privadas-es\/tour-privado-por-la-ciudad-de-edimburgo-con-guia-y-vehiculo-privado\/#breadcrumb"},"inLanguage":"es","potentialAction":[{"@type":"ReadAction","target":["https:\/\/tourtravelandmore.com\/es\/tours\/escocia-es\/edinburgo-es\/edinburgo-rutas-turisticas-privadas-es\/tour-privado-por-la-ciudad-de-edimburgo-con-guia-y-vehiculo-privado\/"]}]},{"@type":"ImageObject","inLanguage":"es","@id":"https:\/\/tourtravelandmore.com\/es\/tours\/escocia-es\/edinburgo-es\/edinburgo-rutas-turisticas-privadas-es\/tour-privado-por-la-ciudad-de-edimburgo-con-guia-y-vehiculo-privado\/#primaryimage","url":"https:\/\/tourtravelandmore.com\/wp-content\/uploads\/2019\/10\/Edinburgh_Royal_Mile_.jpg","contentUrl":"https:\/\/tourtravelandmore.com\/wp-content\/uploads\/2019\/10\/Edinburgh_Royal_Mile_.jpg","width":1920,"height":1275,"caption":"Edinburgh, Royal Mile"},{"@type":"BreadcrumbList","@id":"https:\/\/tourtravelandmore.com\/es\/tours\/escocia-es\/edinburgo-es\/edinburgo-rutas-turisticas-privadas-es\/tour-privado-por-la-ciudad-de-edimburgo-con-guia-y-vehiculo-privado\/#breadcrumb","itemListElement":[{"@type":"ListItem","position":1,"name":"Home","item":"https:\/\/tourtravelandmore.com\/es\/"},{"@type":"ListItem","position":2,"name":"Tours","item":"https:\/\/tourtravelandmore.com\/es\/tours\/"},{"@type":"ListItem","position":3,"name":"Tour Privado por Edimburgo"}]},{"@type":"WebSite","@id":"https:\/\/tourtravelandmore.com\/es\/#website","url":"https:\/\/tourtravelandmore.com\/es\/","name":"Tour Travel And More","description":"Private sightseeing tours and luxury transfers in Spain","publisher":{"@id":"https:\/\/tourtravelandmore.com\/es\/#organization"},"potentialAction":[{"@type":"SearchAction","target":{"@type":"EntryPoint","urlTemplate":"https:\/\/tourtravelandmore.com\/es\/?s={search_term_string}"},"query-input":{"@type":"PropertyValueSpecification","valueRequired":true,"valueName":"search_term_string"}}],"inLanguage":"es"},{"@type":"Organization","@id":"https:\/\/tourtravelandmore.com\/es\/#organization","name":"Tour Travel And More","url":"https:\/\/tourtravelandmore.com\/es\/","logo":{"@type":"ImageObject","inLanguage":"es","@id":"https:\/\/tourtravelandmore.com\/es\/#\/schema\/logo\/image\/","url":"https:\/\/tourtravelandmore.com\/wp-content\/uploads\/2022\/12\/cropped-logo-cabecera-new.png","contentUrl":"https:\/\/tourtravelandmore.com\/wp-content\/uploads\/2022\/12\/cropped-logo-cabecera-new.png","width":430,"height":61,"caption":"Tour Travel And More"},"image":{"@id":"https:\/\/tourtravelandmore.com\/es\/#\/schema\/logo\/image\/"},"sameAs":["https:\/\/www.facebook.com\/tourtravelandmore\/","https:\/\/x.com\/TourTravel_More"]}]}},"_links":{"self":[{"href":"https:\/\/tourtravelandmore.com\/es\/wp-json\/wp\/v2\/product\/69443","targetHints":{"allow":["GET"]}}],"collection":[{"href":"https:\/\/tourtravelandmore.com\/es\/wp-json\/wp\/v2\/product"}],"about":[{"href":"https:\/\/tourtravelandmore.com\/es\/wp-json\/wp\/v2\/types\/product"}],"replies":[{"embeddable":true,"href":"https:\/\/tourtravelandmore.com\/es\/wp-json\/wp\/v2\/comments?post=69443"}],"wp:featuredmedia":[{"embeddable":true,"href":"https:\/\/tourtravelandmore.com\/es\/wp-json\/wp\/v2\/media\/69954"}],"wp:attachment":[{"href":"https:\/\/tourtravelandmore.com\/es\/wp-json\/wp\/v2\/media?parent=69443"}],"wp:term":[{"taxonomy":"product_brand","embeddable":true,"href":"https:\/\/tourtravelandmore.com\/es\/wp-json\/wp\/v2\/product_brand?post=69443"},{"taxonomy":"product_cat","embeddable":true,"href":"https:\/\/tourtravelandmore.com\/es\/wp-json\/wp\/v2\/product_cat?post=69443"},{"taxonomy":"product_tag","embeddable":true,"href":"https:\/\/tourtravelandmore.com\/es\/wp-json\/wp\/v2\/product_tag?post=69443"}],"curies":[{"name":"wp","href":"https:\/\/api.w.org\/{rel}","templated":true}]}}