{"id":69362,"date":"2019-10-28T05:49:00","date_gmt":"2019-10-28T04:49:00","guid":{"rendered":"https:\/\/tourtravelandmore.com\/?post_type=product&#038;p=69362"},"modified":"2023-06-13T03:58:53","modified_gmt":"2023-06-13T01:58:53","slug":"traslado-privado-hallstatt-aeropuertos-tren-o-cualquier-lugar","status":"publish","type":"product","link":"https:\/\/tourtravelandmore.com\/es\/tours\/austria-es\/hallstatt-es\/hallstatt-traslados-es\/traslado-privado-hallstatt-aeropuertos-tren-o-cualquier-lugar\/","title":{"rendered":"Traslado Privado en Hallstatt (Aeropuerto, Tren&#8230;)"},"content":{"rendered":"<h2>Descripci\u00f3n del Traslado Privado en Hallstatt (Aeropuerto, Tren&#8230;)<\/h2>\n<p>Reserva un <strong>traslado privado<\/strong> <strong>Hallstatt<\/strong>, para llegar a su destino r\u00e1pidamente en<strong> Hallstatt.<\/strong><\/p>\n<p>Disfruta de una experiencia relajante en uno de nuestros<strong> veh\u00edculos privados<\/strong> de lujo. Ofrecemos todo tipo de traslado privado Hallstatt: <strong>Aeropuertos, Estaci\u00f3n de Tren, Disposiciones, Tours y Excursiones, o ir a cualquier ciudad.<\/strong><\/p>\n<p>Una vez que llegue a su destino, nuestro personal lo estar\u00e1 esperando con un cartel en la terminal de llegadas. Tambi\u00e9n podr\u00e1 disfrutar del paisaje panor\u00e1mico de la ciudad en su veh\u00edculo privado de lujo.<\/p>\n<p>Disponemos de una amplia Flota de veh\u00edculos privados: Mercedes E, Mercedes Viano, Mini Buses y Buses.<\/p>\n<p>A trav\u00e9s del formulario de contacto, puede contactar con nosotros y nuestro equipo le enviar\u00e1 la informaci\u00f3n detallada.<\/p>\n<p>Si dispone de m\u00e1s d\u00edas en la ciudad no duda en reserva un tour privado, puede consultar <a href=\"https:\/\/tourtravelandmore.com\/es\/ciudad\/austria-es\/hallstatt-es\/\">aqu\u00ed<\/a>.<\/p>\n<h2><strong>Puntos de inter\u00e9s en el Traslado Privado en Hallstatt (Aeropuerto, Tren&#8230;)<br \/>\n<\/strong><\/h2>\n<p><strong>Hallstatt es considerado el pueblo m\u00e1s bonito de Austria. <\/strong>Ha alcanzado una enorme popularidad tras haber servido de inspiraci\u00f3n a la famosa pel\u00edcula \u201cFrozen\u201d, de Disney.<\/p>\n<p>Hallstatt es un peque\u00f1o pueblo, de apenas 750 habitantes, cuya imagen id\u00edlica ha traspasado fronteras. <strong>Situada a orillas del lago Hallst\u00e4ttersee<\/strong> y rodeada del espectacular macizo alpino, su paisaje de ensue\u00f1o atrae cada a\u00f1o a multitud de visitantes.<\/p>\n<p>Por su singular belleza, \u00fanica en el mundo, Hallstatt ha sido <strong>declarado Patrimonio de la Humanidad por la UNESCO<\/strong>.<\/p>\n","protected":false},"excerpt":{"rendered":"<p>Aproveche esta oportunidad para <strong>llegar a su destino final en Hallstatt<\/strong>\u00a0de la manera m\u00e1s c\u00f3moda y r\u00e1pida posible.<br \/>\nOrganizamos recogidas desde su hotel, aeropuerto, estaci\u00f3n de tren o cualquier lugar de <strong>Hallstatt<\/strong>. Es posible coordinar transfers privados desde\/hasta Hallstatt desde otras ciudades en Austria.<\/p>\n","protected":false},"featured_media":8097,"comment_status":"open","ping_status":"closed","template":"","meta":{"_acf_changed":false},"product_brand":[],"product_cat":[1583,1665,1670,1666],"product_tag":[4041,4040],"class_list":{"0":"post-69362","1":"product","2":"type-product","3":"status-publish","4":"has-post-thumbnail","6":"product_cat-austria-es","7":"product_cat-hallstatt-es","8":"product_cat-halstatt-actividades-es","9":"product_cat-hallstatt-traslados-es","10":"product_tag-private-es","11":"product_tag-transfer-es","13":"first","14":"instock","15":"shipping-taxable","16":"purchasable","17":"product-type-simple"},"acf":[],"yoast_head":"<!-- This site is optimized with the Yoast SEO Premium plugin v25.3.1 (Yoast SEO v25.3.1) - https:\/\/yoast.com\/wordpress\/plugins\/seo\/ -->\n<title>\u27a1\ufe0f Traslado privado Hallstatt -Aeropuertos, Tren o cualquier lugar | Tour Travel &amp; More<\/title>\n<meta name=\"description\" content=\"Reserva un Traslado privado Hallstatt, es la manera m\u00e1s r\u00e1pida y relajante de llegar a su destino sin esperas \u2705\" \/>\n<meta name=\"robots\" content=\"index, follow, max-snippet:-1, max-image-preview:large, max-video-preview:-1\" \/>\n<link rel=\"canonical\" href=\"https:\/\/tourtravelandmore.com\/es\/tours\/austria-es\/hallstatt-es\/hallstatt-traslados-es\/traslado-privado-hallstatt-aeropuertos-tren-o-cualquier-lugar\/\" \/>\n<meta property=\"og:locale\" content=\"es_ES\" \/>\n<meta property=\"og:type\" content=\"article\" \/>\n<meta property=\"og:title\" content=\"Traslado Privado en Hallstatt (Aeropuerto, Tren...)\" \/>\n<meta property=\"og:description\" content=\"Reserva un Traslado privado Hallstatt, es la manera m\u00e1s r\u00e1pida y relajante de llegar a su destino sin esperas \u2705\" \/>\n<meta property=\"og:url\" content=\"https:\/\/tourtravelandmore.com\/es\/tours\/austria-es\/hallstatt-es\/hallstatt-traslados-es\/traslado-privado-hallstatt-aeropuertos-tren-o-cualquier-lugar\/\" \/>\n<meta property=\"og:site_name\" content=\"Tour Travel And More\" \/>\n<meta property=\"article:publisher\" content=\"https:\/\/www.facebook.com\/tourtravelandmore\/\" \/>\n<meta property=\"article:modified_time\" content=\"2023-06-13T01:58:53+00:00\" \/>\n<meta property=\"og:image\" content=\"https:\/\/tourtravelandmore.com\/wp-content\/uploads\/2016\/10\/transfer-airport-barcelona.jpg\" \/>\n\t<meta property=\"og:image:width\" content=\"955\" \/>\n\t<meta property=\"og:image:height\" content=\"636\" \/>\n\t<meta property=\"og:image:type\" content=\"image\/jpeg\" \/>\n<meta name=\"twitter:card\" content=\"summary_large_image\" \/>\n<meta name=\"twitter:site\" content=\"@TourTravel_More\" \/>\n<meta name=\"twitter:label1\" content=\"Tiempo de lectura\" \/>\n\t<meta name=\"twitter:data1\" content=\"1 minuto\" \/>\n<script type=\"application\/ld+json\" class=\"yoast-schema-graph\">{\"@context\":\"https:\/\/schema.org\",\"@graph\":[{\"@type\":\"WebPage\",\"@id\":\"https:\/\/tourtravelandmore.com\/es\/tours\/austria-es\/hallstatt-es\/hallstatt-traslados-es\/traslado-privado-hallstatt-aeropuertos-tren-o-cualquier-lugar\/\",\"url\":\"https:\/\/tourtravelandmore.com\/es\/tours\/austria-es\/hallstatt-es\/hallstatt-traslados-es\/traslado-privado-hallstatt-aeropuertos-tren-o-cualquier-lugar\/\",\"name\":\"\u27a1\ufe0f Traslado privado Hallstatt -Aeropuertos, Tren o cualquier lugar | Tour Travel & More\",\"isPartOf\":{\"@id\":\"https:\/\/tourtravelandmore.com\/es\/#website\"},\"primaryImageOfPage\":{\"@id\":\"https:\/\/tourtravelandmore.com\/es\/tours\/austria-es\/hallstatt-es\/hallstatt-traslados-es\/traslado-privado-hallstatt-aeropuertos-tren-o-cualquier-lugar\/#primaryimage\"},\"image\":{\"@id\":\"https:\/\/tourtravelandmore.com\/es\/tours\/austria-es\/hallstatt-es\/hallstatt-traslados-es\/traslado-privado-hallstatt-aeropuertos-tren-o-cualquier-lugar\/#primaryimage\"},\"thumbnailUrl\":\"https:\/\/tourtravelandmore.com\/wp-content\/uploads\/2016\/10\/transfer-airport-barcelona.jpg\",\"datePublished\":\"2019-10-28T04:49:00+00:00\",\"dateModified\":\"2023-06-13T01:58:53+00:00\",\"description\":\"Reserva un Traslado privado Hallstatt, es la manera m\u00e1s r\u00e1pida y relajante de llegar a su destino sin esperas \u2705\",\"breadcrumb\":{\"@id\":\"https:\/\/tourtravelandmore.com\/es\/tours\/austria-es\/hallstatt-es\/hallstatt-traslados-es\/traslado-privado-hallstatt-aeropuertos-tren-o-cualquier-lugar\/#breadcrumb\"},\"inLanguage\":\"es\",\"potentialAction\":[{\"@type\":\"ReadAction\",\"target\":[\"https:\/\/tourtravelandmore.com\/es\/tours\/austria-es\/hallstatt-es\/hallstatt-traslados-es\/traslado-privado-hallstatt-aeropuertos-tren-o-cualquier-lugar\/\"]}]},{\"@type\":\"ImageObject\",\"inLanguage\":\"es\",\"@id\":\"https:\/\/tourtravelandmore.com\/es\/tours\/austria-es\/hallstatt-es\/hallstatt-traslados-es\/traslado-privado-hallstatt-aeropuertos-tren-o-cualquier-lugar\/#primaryimage\",\"url\":\"https:\/\/tourtravelandmore.com\/wp-content\/uploads\/2016\/10\/transfer-airport-barcelona.jpg\",\"contentUrl\":\"https:\/\/tourtravelandmore.com\/wp-content\/uploads\/2016\/10\/transfer-airport-barcelona.jpg\",\"width\":955,\"height\":636,\"caption\":\"Transfer Prat Airport\"},{\"@type\":\"BreadcrumbList\",\"@id\":\"https:\/\/tourtravelandmore.com\/es\/tours\/austria-es\/hallstatt-es\/hallstatt-traslados-es\/traslado-privado-hallstatt-aeropuertos-tren-o-cualquier-lugar\/#breadcrumb\",\"itemListElement\":[{\"@type\":\"ListItem\",\"position\":1,\"name\":\"Home\",\"item\":\"https:\/\/tourtravelandmore.com\/es\/\"},{\"@type\":\"ListItem\",\"position\":2,\"name\":\"Tours\",\"item\":\"https:\/\/tourtravelandmore.com\/es\/tours\/\"},{\"@type\":\"ListItem\",\"position\":3,\"name\":\"Traslado Privado en Hallstatt (Aeropuerto, Tren&#8230;)\"}]},{\"@type\":\"WebSite\",\"@id\":\"https:\/\/tourtravelandmore.com\/es\/#website\",\"url\":\"https:\/\/tourtravelandmore.com\/es\/\",\"name\":\"Tour Travel And More\",\"description\":\"Private sightseeing tours and luxury transfers in Spain\",\"publisher\":{\"@id\":\"https:\/\/tourtravelandmore.com\/es\/#organization\"},\"potentialAction\":[{\"@type\":\"SearchAction\",\"target\":{\"@type\":\"EntryPoint\",\"urlTemplate\":\"https:\/\/tourtravelandmore.com\/es\/?s={search_term_string}\"},\"query-input\":{\"@type\":\"PropertyValueSpecification\",\"valueRequired\":true,\"valueName\":\"search_term_string\"}}],\"inLanguage\":\"es\"},{\"@type\":\"Organization\",\"@id\":\"https:\/\/tourtravelandmore.com\/es\/#organization\",\"name\":\"Tour Travel And More\",\"url\":\"https:\/\/tourtravelandmore.com\/es\/\",\"logo\":{\"@type\":\"ImageObject\",\"inLanguage\":\"es\",\"@id\":\"https:\/\/tourtravelandmore.com\/es\/#\/schema\/logo\/image\/\",\"url\":\"https:\/\/tourtravelandmore.com\/wp-content\/uploads\/2022\/12\/cropped-logo-cabecera-new.png\",\"contentUrl\":\"https:\/\/tourtravelandmore.com\/wp-content\/uploads\/2022\/12\/cropped-logo-cabecera-new.png\",\"width\":430,\"height\":61,\"caption\":\"Tour Travel And More\"},\"image\":{\"@id\":\"https:\/\/tourtravelandmore.com\/es\/#\/schema\/logo\/image\/\"},\"sameAs\":[\"https:\/\/www.facebook.com\/tourtravelandmore\/\",\"https:\/\/x.com\/TourTravel_More\"]}]}<\/script>\n<!-- \/ Yoast SEO Premium plugin. -->","yoast_head_json":{"title":"\u27a1\ufe0f Traslado privado Hallstatt -Aeropuertos, Tren o cualquier lugar | Tour Travel & More","description":"Reserva un Traslado privado Hallstatt, es la manera m\u00e1s r\u00e1pida y relajante de llegar a su destino sin esperas \u2705","robots":{"index":"index","follow":"follow","max-snippet":"max-snippet:-1","max-image-preview":"max-image-preview:large","max-video-preview":"max-video-preview:-1"},"canonical":"https:\/\/tourtravelandmore.com\/es\/tours\/austria-es\/hallstatt-es\/hallstatt-traslados-es\/traslado-privado-hallstatt-aeropuertos-tren-o-cualquier-lugar\/","og_locale":"es_ES","og_type":"article","og_title":"Traslado Privado en Hallstatt (Aeropuerto, Tren...)","og_description":"Reserva un Traslado privado Hallstatt, es la manera m\u00e1s r\u00e1pida y relajante de llegar a su destino sin esperas \u2705","og_url":"https:\/\/tourtravelandmore.com\/es\/tours\/austria-es\/hallstatt-es\/hallstatt-traslados-es\/traslado-privado-hallstatt-aeropuertos-tren-o-cualquier-lugar\/","og_site_name":"Tour Travel And More","article_publisher":"https:\/\/www.facebook.com\/tourtravelandmore\/","article_modified_time":"2023-06-13T01:58:53+00:00","og_image":[{"width":955,"height":636,"url":"https:\/\/tourtravelandmore.com\/wp-content\/uploads\/2016\/10\/transfer-airport-barcelona.jpg","type":"image\/jpeg"}],"twitter_card":"summary_large_image","twitter_site":"@TourTravel_More","twitter_misc":{"Tiempo de lectura":"1 minuto"},"schema":{"@context":"https:\/\/schema.org","@graph":[{"@type":"WebPage","@id":"https:\/\/tourtravelandmore.com\/es\/tours\/austria-es\/hallstatt-es\/hallstatt-traslados-es\/traslado-privado-hallstatt-aeropuertos-tren-o-cualquier-lugar\/","url":"https:\/\/tourtravelandmore.com\/es\/tours\/austria-es\/hallstatt-es\/hallstatt-traslados-es\/traslado-privado-hallstatt-aeropuertos-tren-o-cualquier-lugar\/","name":"\u27a1\ufe0f Traslado privado Hallstatt -Aeropuertos, Tren o cualquier lugar | Tour Travel & More","isPartOf":{"@id":"https:\/\/tourtravelandmore.com\/es\/#website"},"primaryImageOfPage":{"@id":"https:\/\/tourtravelandmore.com\/es\/tours\/austria-es\/hallstatt-es\/hallstatt-traslados-es\/traslado-privado-hallstatt-aeropuertos-tren-o-cualquier-lugar\/#primaryimage"},"image":{"@id":"https:\/\/tourtravelandmore.com\/es\/tours\/austria-es\/hallstatt-es\/hallstatt-traslados-es\/traslado-privado-hallstatt-aeropuertos-tren-o-cualquier-lugar\/#primaryimage"},"thumbnailUrl":"https:\/\/tourtravelandmore.com\/wp-content\/uploads\/2016\/10\/transfer-airport-barcelona.jpg","datePublished":"2019-10-28T04:49:00+00:00","dateModified":"2023-06-13T01:58:53+00:00","description":"Reserva un Traslado privado Hallstatt, es la manera m\u00e1s r\u00e1pida y relajante de llegar a su destino sin esperas \u2705","breadcrumb":{"@id":"https:\/\/tourtravelandmore.com\/es\/tours\/austria-es\/hallstatt-es\/hallstatt-traslados-es\/traslado-privado-hallstatt-aeropuertos-tren-o-cualquier-lugar\/#breadcrumb"},"inLanguage":"es","potentialAction":[{"@type":"ReadAction","target":["https:\/\/tourtravelandmore.com\/es\/tours\/austria-es\/hallstatt-es\/hallstatt-traslados-es\/traslado-privado-hallstatt-aeropuertos-tren-o-cualquier-lugar\/"]}]},{"@type":"ImageObject","inLanguage":"es","@id":"https:\/\/tourtravelandmore.com\/es\/tours\/austria-es\/hallstatt-es\/hallstatt-traslados-es\/traslado-privado-hallstatt-aeropuertos-tren-o-cualquier-lugar\/#primaryimage","url":"https:\/\/tourtravelandmore.com\/wp-content\/uploads\/2016\/10\/transfer-airport-barcelona.jpg","contentUrl":"https:\/\/tourtravelandmore.com\/wp-content\/uploads\/2016\/10\/transfer-airport-barcelona.jpg","width":955,"height":636,"caption":"Transfer Prat Airport"},{"@type":"BreadcrumbList","@id":"https:\/\/tourtravelandmore.com\/es\/tours\/austria-es\/hallstatt-es\/hallstatt-traslados-es\/traslado-privado-hallstatt-aeropuertos-tren-o-cualquier-lugar\/#breadcrumb","itemListElement":[{"@type":"ListItem","position":1,"name":"Home","item":"https:\/\/tourtravelandmore.com\/es\/"},{"@type":"ListItem","position":2,"name":"Tours","item":"https:\/\/tourtravelandmore.com\/es\/tours\/"},{"@type":"ListItem","position":3,"name":"Traslado Privado en Hallstatt (Aeropuerto, Tren&#8230;)"}]},{"@type":"WebSite","@id":"https:\/\/tourtravelandmore.com\/es\/#website","url":"https:\/\/tourtravelandmore.com\/es\/","name":"Tour Travel And More","description":"Private sightseeing tours and luxury transfers in Spain","publisher":{"@id":"https:\/\/tourtravelandmore.com\/es\/#organization"},"potentialAction":[{"@type":"SearchAction","target":{"@type":"EntryPoint","urlTemplate":"https:\/\/tourtravelandmore.com\/es\/?s={search_term_string}"},"query-input":{"@type":"PropertyValueSpecification","valueRequired":true,"valueName":"search_term_string"}}],"inLanguage":"es"},{"@type":"Organization","@id":"https:\/\/tourtravelandmore.com\/es\/#organization","name":"Tour Travel And More","url":"https:\/\/tourtravelandmore.com\/es\/","logo":{"@type":"ImageObject","inLanguage":"es","@id":"https:\/\/tourtravelandmore.com\/es\/#\/schema\/logo\/image\/","url":"https:\/\/tourtravelandmore.com\/wp-content\/uploads\/2022\/12\/cropped-logo-cabecera-new.png","contentUrl":"https:\/\/tourtravelandmore.com\/wp-content\/uploads\/2022\/12\/cropped-logo-cabecera-new.png","width":430,"height":61,"caption":"Tour Travel And More"},"image":{"@id":"https:\/\/tourtravelandmore.com\/es\/#\/schema\/logo\/image\/"},"sameAs":["https:\/\/www.facebook.com\/tourtravelandmore\/","https:\/\/x.com\/TourTravel_More"]}]}},"_links":{"self":[{"href":"https:\/\/tourtravelandmore.com\/es\/wp-json\/wp\/v2\/product\/69362","targetHints":{"allow":["GET"]}}],"collection":[{"href":"https:\/\/tourtravelandmore.com\/es\/wp-json\/wp\/v2\/product"}],"about":[{"href":"https:\/\/tourtravelandmore.com\/es\/wp-json\/wp\/v2\/types\/product"}],"replies":[{"embeddable":true,"href":"https:\/\/tourtravelandmore.com\/es\/wp-json\/wp\/v2\/comments?post=69362"}],"wp:featuredmedia":[{"embeddable":true,"href":"https:\/\/tourtravelandmore.com\/es\/wp-json\/wp\/v2\/media\/8097"}],"wp:attachment":[{"href":"https:\/\/tourtravelandmore.com\/es\/wp-json\/wp\/v2\/media?parent=69362"}],"wp:term":[{"taxonomy":"product_brand","embeddable":true,"href":"https:\/\/tourtravelandmore.com\/es\/wp-json\/wp\/v2\/product_brand?post=69362"},{"taxonomy":"product_cat","embeddable":true,"href":"https:\/\/tourtravelandmore.com\/es\/wp-json\/wp\/v2\/product_cat?post=69362"},{"taxonomy":"product_tag","embeddable":true,"href":"https:\/\/tourtravelandmore.com\/es\/wp-json\/wp\/v2\/product_tag?post=69362"}],"curies":[{"name":"wp","href":"https:\/\/api.w.org\/{rel}","templated":true}]}}