{"id":69357,"date":"2019-10-28T05:48:57","date_gmt":"2019-10-28T04:48:58","guid":{"rendered":"https:\/\/tourtravelandmore.com\/?post_type=product&#038;p=69357"},"modified":"2023-06-13T03:55:39","modified_gmt":"2023-06-13T01:55:39","slug":"excursion-salzburgo-desde-hallstatt-tour-privado-con-guia-y-vehiculo","status":"publish","type":"product","link":"https:\/\/tourtravelandmore.com\/es\/tours\/austria-es\/hallstatt-es\/hallstatt-excursiones-es\/excursion-salzburgo-desde-hallstatt-tour-privado-con-guia-y-vehiculo\/","title":{"rendered":"Excursi\u00f3n de d\u00eda completo a Salzburgo con gu\u00eda privado desde Hallstatt"},"content":{"rendered":"<h2>Descripci\u00f3n de la Excursi\u00f3n de d\u00eda completa a Salzburgo con gu\u00eda privado desde Hallstatt<\/h2>\n<p><strong>Reserva una excursion Salzburgo desde Hallstatt <\/strong>con tu gu\u00eda oficial privado y veh\u00edculo privado con ch\u00f3fer y conozca los lugares m\u00e1s emblem\u00e1ticos de <strong>Salzburgo<\/strong>.<\/p>\n<p>Un veh\u00edculo privado con ch\u00f3fer lo recoger\u00e1 de su hotel o lugar de elecci\u00f3n en<strong> Hallstatt<\/strong> y lo llevar\u00e1 hasta<strong>Salzburgo<\/strong>, d\u00f3nde estar\u00e1 esperando el gu\u00eda para empezar un recorrido privado de la ciudad de 3 horas.<\/p>\n<p>Esta excursi\u00f3n Salzburgo desde Hallstatt es completamente personalizado solo para su familia o grupo. Puede personalizar cada excursi\u00f3n con solo contactarnos. Aqu\u00ed hay un ejemplo de algunos de los lugares m\u00e1s importantes para darle una idea, pero su recorrido estar\u00e1 completamente personalizado para satisfacer sus necesidades exactas.<\/p>\n<p>Tenemos a tu disposici\u00f3n veh\u00edculos privados con conductor que pueden recogerte desde donde necesites para ofrecerte una experiencia \u00fanica e inolvidable.<\/p>\n<p>Abajo hay un recorrido de 8 horas. Siempre podemos ofrecer recorridos m\u00e1s largos si lo desea. El n\u00famero exacto de horas se puede ajustar para satisfacer nuestras necesidades personales. Estamos aqu\u00ed para hacer que su experiencia sea \u00fanica y memorable.<\/p>\n<h2>Puntos de inter\u00e9s en la Excursi\u00f3n\u00a0de d\u00eda completo a Salzburgo con gu\u00eda privado desde Hallstatt<\/h2>\n<p>Durante su recorrido privado de d\u00eda completo descubrir\u00e1 algunos de los lugares m\u00e1s reconocidos de la ciudad.<\/p>\n<p>Ser\u00e1s testigo de su belleza arquitect\u00f3nica \u00fanica.<\/p>\n<p>Entre los sitios que puede visitar a trav\u00e9s de este recorrido privado, ofrecemos:<\/p>\n<ul>\n<li><strong>Mozartplatz<\/strong><\/li>\n<li><strong>Mozartsteg<\/strong><\/li>\n<li><strong>Steingasse<\/strong><\/li>\n<li><strong>Linzer Gasse<\/strong><\/li>\n<li><strong>Residencia Mozart<\/strong><\/li>\n<li><strong>Palacio y jardines de Mirabell<\/strong><\/li>\n<li><strong>Getreidegasse<\/strong><\/li>\n<li><strong>Lugar de nacimiento de Mozart<\/strong><\/li>\n<li><strong>Plaza del antiguo mercado<\/strong><\/li>\n<li><strong>Iglesia y cementerio de San Pedro<\/strong><\/li>\n<li><strong>Domplatz<\/strong><\/li>\n<li><strong>Catedral de Salzburgo<\/strong><\/li>\n<li><strong>Residenzplatz<\/strong><\/li>\n<li><strong>Museo de Salzburgo<\/strong><\/li>\n<li><strong>Kapitelplatz<\/strong><\/li>\n<li><strong>Fortaleza de Hohensalzburg<\/strong><\/li>\n<li>Y muchos m\u00e1s lugares en esta excursi\u00f3n privada a la ciudad de Salzburgo.<\/li>\n<\/ul>\n<p>Si dispone de m\u00e1s d\u00edas puedes consultar <a href=\"https:\/\/tourtravelandmore.com\/es\/ciudad\/austria-es\/hallstatt-es\/\"><strong>aqu\u00ed<\/strong><\/a> el resto de tour privado de la ciudad de Hallstatt.<\/p>\n<p>A trav\u00e9s del formulario de contacto, puedes contactar con nosotros y le enviaremos la informaci\u00f3n detallada del tour. No dudes en contactar con nosotros!<\/p>\n","protected":false},"excerpt":{"rendered":"<p>Disfrute de esta <strong>excursi\u00f3n privada personalizada de 8 horas a Salzburgo <\/strong>desde<strong> Hallstatt <\/strong>y disfrute de sus monumentos y lugares de inter\u00e9s m\u00e1s importantes. Aproveche esta oportunidad para conocer la ciudad de <b>Salzburgo <\/b>en esta experiencia con su propio gu\u00eda oficial privado. Personaliza tu propia experiencia.<\/p>\n","protected":false},"featured_media":67235,"comment_status":"open","ping_status":"closed","template":"","meta":{"_acf_changed":false},"product_brand":[],"product_cat":[1583,1665,1670,1669],"product_tag":[],"class_list":{"0":"post-69357","1":"product","2":"type-product","3":"status-publish","4":"has-post-thumbnail","6":"product_cat-austria-es","7":"product_cat-hallstatt-es","8":"product_cat-halstatt-actividades-es","9":"product_cat-hallstatt-excursiones-es","11":"first","12":"instock","13":"shipping-taxable","14":"purchasable","15":"product-type-simple"},"acf":[],"yoast_head":"<!-- This site is optimized with the Yoast SEO Premium plugin v25.3.1 (Yoast SEO v25.3.1) - https:\/\/yoast.com\/wordpress\/plugins\/seo\/ -->\n<title>\u27a1\ufe0f Excursion Salzburgo desde Hallstatt | Tour Travel &amp; More<\/title>\n<meta name=\"description\" content=\"Reserva una Excursion Salzburgo desde Hallstatt, con gu\u00eda privado y vehiculo con chofer y descubre la famosa ciudad de Hallstatt \u2705\" \/>\n<meta name=\"robots\" content=\"index, follow, max-snippet:-1, max-image-preview:large, max-video-preview:-1\" \/>\n<link rel=\"canonical\" href=\"https:\/\/tourtravelandmore.com\/es\/tours\/austria-es\/hallstatt-es\/hallstatt-excursiones-es\/excursion-salzburgo-desde-hallstatt-tour-privado-con-guia-y-vehiculo\/\" \/>\n<meta property=\"og:locale\" content=\"es_ES\" \/>\n<meta property=\"og:type\" content=\"article\" \/>\n<meta property=\"og:title\" content=\"Excursi\u00f3n de d\u00eda completo a Salzburgo con gu\u00eda privado desde Hallstatt\" \/>\n<meta property=\"og:description\" content=\"Reserva una Excursion Salzburgo desde Hallstatt, con gu\u00eda privado y vehiculo con chofer y descubre la famosa ciudad de Hallstatt \u2705\" \/>\n<meta property=\"og:url\" content=\"https:\/\/tourtravelandmore.com\/es\/tours\/austria-es\/hallstatt-es\/hallstatt-excursiones-es\/excursion-salzburgo-desde-hallstatt-tour-privado-con-guia-y-vehiculo\/\" \/>\n<meta property=\"og:site_name\" content=\"Tour Travel And More\" \/>\n<meta property=\"article:publisher\" content=\"https:\/\/www.facebook.com\/tourtravelandmore\/\" \/>\n<meta property=\"article:modified_time\" content=\"2023-06-13T01:55:39+00:00\" \/>\n<meta property=\"og:image\" content=\"https:\/\/tourtravelandmore.com\/wp-content\/uploads\/2019\/09\/salzburg-1.jpg\" \/>\n\t<meta property=\"og:image:width\" content=\"1023\" \/>\n\t<meta property=\"og:image:height\" content=\"685\" \/>\n\t<meta property=\"og:image:type\" content=\"image\/jpeg\" \/>\n<meta name=\"twitter:card\" content=\"summary_large_image\" \/>\n<meta name=\"twitter:site\" content=\"@TourTravel_More\" \/>\n<meta name=\"twitter:label1\" content=\"Tiempo de lectura\" \/>\n\t<meta name=\"twitter:data1\" content=\"2 minutos\" \/>\n<script type=\"application\/ld+json\" class=\"yoast-schema-graph\">{\"@context\":\"https:\/\/schema.org\",\"@graph\":[{\"@type\":\"WebPage\",\"@id\":\"https:\/\/tourtravelandmore.com\/es\/tours\/austria-es\/hallstatt-es\/hallstatt-excursiones-es\/excursion-salzburgo-desde-hallstatt-tour-privado-con-guia-y-vehiculo\/\",\"url\":\"https:\/\/tourtravelandmore.com\/es\/tours\/austria-es\/hallstatt-es\/hallstatt-excursiones-es\/excursion-salzburgo-desde-hallstatt-tour-privado-con-guia-y-vehiculo\/\",\"name\":\"\u27a1\ufe0f Excursion Salzburgo desde Hallstatt | Tour Travel & More\",\"isPartOf\":{\"@id\":\"https:\/\/tourtravelandmore.com\/es\/#website\"},\"primaryImageOfPage\":{\"@id\":\"https:\/\/tourtravelandmore.com\/es\/tours\/austria-es\/hallstatt-es\/hallstatt-excursiones-es\/excursion-salzburgo-desde-hallstatt-tour-privado-con-guia-y-vehiculo\/#primaryimage\"},\"image\":{\"@id\":\"https:\/\/tourtravelandmore.com\/es\/tours\/austria-es\/hallstatt-es\/hallstatt-excursiones-es\/excursion-salzburgo-desde-hallstatt-tour-privado-con-guia-y-vehiculo\/#primaryimage\"},\"thumbnailUrl\":\"https:\/\/tourtravelandmore.com\/wp-content\/uploads\/2019\/09\/salzburg-1.jpg\",\"datePublished\":\"2019-10-28T04:48:58+00:00\",\"dateModified\":\"2023-06-13T01:55:39+00:00\",\"description\":\"Reserva una Excursion Salzburgo desde Hallstatt, con gu\u00eda privado y vehiculo con chofer y descubre la famosa ciudad de Hallstatt \u2705\",\"breadcrumb\":{\"@id\":\"https:\/\/tourtravelandmore.com\/es\/tours\/austria-es\/hallstatt-es\/hallstatt-excursiones-es\/excursion-salzburgo-desde-hallstatt-tour-privado-con-guia-y-vehiculo\/#breadcrumb\"},\"inLanguage\":\"es\",\"potentialAction\":[{\"@type\":\"ReadAction\",\"target\":[\"https:\/\/tourtravelandmore.com\/es\/tours\/austria-es\/hallstatt-es\/hallstatt-excursiones-es\/excursion-salzburgo-desde-hallstatt-tour-privado-con-guia-y-vehiculo\/\"]}]},{\"@type\":\"ImageObject\",\"inLanguage\":\"es\",\"@id\":\"https:\/\/tourtravelandmore.com\/es\/tours\/austria-es\/hallstatt-es\/hallstatt-excursiones-es\/excursion-salzburgo-desde-hallstatt-tour-privado-con-guia-y-vehiculo\/#primaryimage\",\"url\":\"https:\/\/tourtravelandmore.com\/wp-content\/uploads\/2019\/09\/salzburg-1.jpg\",\"contentUrl\":\"https:\/\/tourtravelandmore.com\/wp-content\/uploads\/2019\/09\/salzburg-1.jpg\",\"width\":1023,\"height\":685,\"caption\":\"Maribell palace\"},{\"@type\":\"BreadcrumbList\",\"@id\":\"https:\/\/tourtravelandmore.com\/es\/tours\/austria-es\/hallstatt-es\/hallstatt-excursiones-es\/excursion-salzburgo-desde-hallstatt-tour-privado-con-guia-y-vehiculo\/#breadcrumb\",\"itemListElement\":[{\"@type\":\"ListItem\",\"position\":1,\"name\":\"Home\",\"item\":\"https:\/\/tourtravelandmore.com\/es\/\"},{\"@type\":\"ListItem\",\"position\":2,\"name\":\"Tours\",\"item\":\"https:\/\/tourtravelandmore.com\/es\/tours\/\"},{\"@type\":\"ListItem\",\"position\":3,\"name\":\"Excursi\u00f3n de d\u00eda completo a Salzburgo con gu\u00eda privado desde Hallstatt\"}]},{\"@type\":\"WebSite\",\"@id\":\"https:\/\/tourtravelandmore.com\/es\/#website\",\"url\":\"https:\/\/tourtravelandmore.com\/es\/\",\"name\":\"Tour Travel And More\",\"description\":\"Private sightseeing tours and luxury transfers in Spain\",\"publisher\":{\"@id\":\"https:\/\/tourtravelandmore.com\/es\/#organization\"},\"potentialAction\":[{\"@type\":\"SearchAction\",\"target\":{\"@type\":\"EntryPoint\",\"urlTemplate\":\"https:\/\/tourtravelandmore.com\/es\/?s={search_term_string}\"},\"query-input\":{\"@type\":\"PropertyValueSpecification\",\"valueRequired\":true,\"valueName\":\"search_term_string\"}}],\"inLanguage\":\"es\"},{\"@type\":\"Organization\",\"@id\":\"https:\/\/tourtravelandmore.com\/es\/#organization\",\"name\":\"Tour Travel And More\",\"url\":\"https:\/\/tourtravelandmore.com\/es\/\",\"logo\":{\"@type\":\"ImageObject\",\"inLanguage\":\"es\",\"@id\":\"https:\/\/tourtravelandmore.com\/es\/#\/schema\/logo\/image\/\",\"url\":\"https:\/\/tourtravelandmore.com\/wp-content\/uploads\/2022\/12\/cropped-logo-cabecera-new.png\",\"contentUrl\":\"https:\/\/tourtravelandmore.com\/wp-content\/uploads\/2022\/12\/cropped-logo-cabecera-new.png\",\"width\":430,\"height\":61,\"caption\":\"Tour Travel And More\"},\"image\":{\"@id\":\"https:\/\/tourtravelandmore.com\/es\/#\/schema\/logo\/image\/\"},\"sameAs\":[\"https:\/\/www.facebook.com\/tourtravelandmore\/\",\"https:\/\/x.com\/TourTravel_More\"]}]}<\/script>\n<!-- \/ Yoast SEO Premium plugin. -->","yoast_head_json":{"title":"\u27a1\ufe0f Excursion Salzburgo desde Hallstatt | Tour Travel & More","description":"Reserva una Excursion Salzburgo desde Hallstatt, con gu\u00eda privado y vehiculo con chofer y descubre la famosa ciudad de Hallstatt \u2705","robots":{"index":"index","follow":"follow","max-snippet":"max-snippet:-1","max-image-preview":"max-image-preview:large","max-video-preview":"max-video-preview:-1"},"canonical":"https:\/\/tourtravelandmore.com\/es\/tours\/austria-es\/hallstatt-es\/hallstatt-excursiones-es\/excursion-salzburgo-desde-hallstatt-tour-privado-con-guia-y-vehiculo\/","og_locale":"es_ES","og_type":"article","og_title":"Excursi\u00f3n de d\u00eda completo a Salzburgo con gu\u00eda privado desde Hallstatt","og_description":"Reserva una Excursion Salzburgo desde Hallstatt, con gu\u00eda privado y vehiculo con chofer y descubre la famosa ciudad de Hallstatt \u2705","og_url":"https:\/\/tourtravelandmore.com\/es\/tours\/austria-es\/hallstatt-es\/hallstatt-excursiones-es\/excursion-salzburgo-desde-hallstatt-tour-privado-con-guia-y-vehiculo\/","og_site_name":"Tour Travel And More","article_publisher":"https:\/\/www.facebook.com\/tourtravelandmore\/","article_modified_time":"2023-06-13T01:55:39+00:00","og_image":[{"width":1023,"height":685,"url":"https:\/\/tourtravelandmore.com\/wp-content\/uploads\/2019\/09\/salzburg-1.jpg","type":"image\/jpeg"}],"twitter_card":"summary_large_image","twitter_site":"@TourTravel_More","twitter_misc":{"Tiempo de lectura":"2 minutos"},"schema":{"@context":"https:\/\/schema.org","@graph":[{"@type":"WebPage","@id":"https:\/\/tourtravelandmore.com\/es\/tours\/austria-es\/hallstatt-es\/hallstatt-excursiones-es\/excursion-salzburgo-desde-hallstatt-tour-privado-con-guia-y-vehiculo\/","url":"https:\/\/tourtravelandmore.com\/es\/tours\/austria-es\/hallstatt-es\/hallstatt-excursiones-es\/excursion-salzburgo-desde-hallstatt-tour-privado-con-guia-y-vehiculo\/","name":"\u27a1\ufe0f Excursion Salzburgo desde Hallstatt | Tour Travel & More","isPartOf":{"@id":"https:\/\/tourtravelandmore.com\/es\/#website"},"primaryImageOfPage":{"@id":"https:\/\/tourtravelandmore.com\/es\/tours\/austria-es\/hallstatt-es\/hallstatt-excursiones-es\/excursion-salzburgo-desde-hallstatt-tour-privado-con-guia-y-vehiculo\/#primaryimage"},"image":{"@id":"https:\/\/tourtravelandmore.com\/es\/tours\/austria-es\/hallstatt-es\/hallstatt-excursiones-es\/excursion-salzburgo-desde-hallstatt-tour-privado-con-guia-y-vehiculo\/#primaryimage"},"thumbnailUrl":"https:\/\/tourtravelandmore.com\/wp-content\/uploads\/2019\/09\/salzburg-1.jpg","datePublished":"2019-10-28T04:48:58+00:00","dateModified":"2023-06-13T01:55:39+00:00","description":"Reserva una Excursion Salzburgo desde Hallstatt, con gu\u00eda privado y vehiculo con chofer y descubre la famosa ciudad de Hallstatt \u2705","breadcrumb":{"@id":"https:\/\/tourtravelandmore.com\/es\/tours\/austria-es\/hallstatt-es\/hallstatt-excursiones-es\/excursion-salzburgo-desde-hallstatt-tour-privado-con-guia-y-vehiculo\/#breadcrumb"},"inLanguage":"es","potentialAction":[{"@type":"ReadAction","target":["https:\/\/tourtravelandmore.com\/es\/tours\/austria-es\/hallstatt-es\/hallstatt-excursiones-es\/excursion-salzburgo-desde-hallstatt-tour-privado-con-guia-y-vehiculo\/"]}]},{"@type":"ImageObject","inLanguage":"es","@id":"https:\/\/tourtravelandmore.com\/es\/tours\/austria-es\/hallstatt-es\/hallstatt-excursiones-es\/excursion-salzburgo-desde-hallstatt-tour-privado-con-guia-y-vehiculo\/#primaryimage","url":"https:\/\/tourtravelandmore.com\/wp-content\/uploads\/2019\/09\/salzburg-1.jpg","contentUrl":"https:\/\/tourtravelandmore.com\/wp-content\/uploads\/2019\/09\/salzburg-1.jpg","width":1023,"height":685,"caption":"Maribell palace"},{"@type":"BreadcrumbList","@id":"https:\/\/tourtravelandmore.com\/es\/tours\/austria-es\/hallstatt-es\/hallstatt-excursiones-es\/excursion-salzburgo-desde-hallstatt-tour-privado-con-guia-y-vehiculo\/#breadcrumb","itemListElement":[{"@type":"ListItem","position":1,"name":"Home","item":"https:\/\/tourtravelandmore.com\/es\/"},{"@type":"ListItem","position":2,"name":"Tours","item":"https:\/\/tourtravelandmore.com\/es\/tours\/"},{"@type":"ListItem","position":3,"name":"Excursi\u00f3n de d\u00eda completo a Salzburgo con gu\u00eda privado desde Hallstatt"}]},{"@type":"WebSite","@id":"https:\/\/tourtravelandmore.com\/es\/#website","url":"https:\/\/tourtravelandmore.com\/es\/","name":"Tour Travel And More","description":"Private sightseeing tours and luxury transfers in Spain","publisher":{"@id":"https:\/\/tourtravelandmore.com\/es\/#organization"},"potentialAction":[{"@type":"SearchAction","target":{"@type":"EntryPoint","urlTemplate":"https:\/\/tourtravelandmore.com\/es\/?s={search_term_string}"},"query-input":{"@type":"PropertyValueSpecification","valueRequired":true,"valueName":"search_term_string"}}],"inLanguage":"es"},{"@type":"Organization","@id":"https:\/\/tourtravelandmore.com\/es\/#organization","name":"Tour Travel And More","url":"https:\/\/tourtravelandmore.com\/es\/","logo":{"@type":"ImageObject","inLanguage":"es","@id":"https:\/\/tourtravelandmore.com\/es\/#\/schema\/logo\/image\/","url":"https:\/\/tourtravelandmore.com\/wp-content\/uploads\/2022\/12\/cropped-logo-cabecera-new.png","contentUrl":"https:\/\/tourtravelandmore.com\/wp-content\/uploads\/2022\/12\/cropped-logo-cabecera-new.png","width":430,"height":61,"caption":"Tour Travel And More"},"image":{"@id":"https:\/\/tourtravelandmore.com\/es\/#\/schema\/logo\/image\/"},"sameAs":["https:\/\/www.facebook.com\/tourtravelandmore\/","https:\/\/x.com\/TourTravel_More"]}]}},"_links":{"self":[{"href":"https:\/\/tourtravelandmore.com\/es\/wp-json\/wp\/v2\/product\/69357","targetHints":{"allow":["GET"]}}],"collection":[{"href":"https:\/\/tourtravelandmore.com\/es\/wp-json\/wp\/v2\/product"}],"about":[{"href":"https:\/\/tourtravelandmore.com\/es\/wp-json\/wp\/v2\/types\/product"}],"replies":[{"embeddable":true,"href":"https:\/\/tourtravelandmore.com\/es\/wp-json\/wp\/v2\/comments?post=69357"}],"wp:featuredmedia":[{"embeddable":true,"href":"https:\/\/tourtravelandmore.com\/es\/wp-json\/wp\/v2\/media\/67235"}],"wp:attachment":[{"href":"https:\/\/tourtravelandmore.com\/es\/wp-json\/wp\/v2\/media?parent=69357"}],"wp:term":[{"taxonomy":"product_brand","embeddable":true,"href":"https:\/\/tourtravelandmore.com\/es\/wp-json\/wp\/v2\/product_brand?post=69357"},{"taxonomy":"product_cat","embeddable":true,"href":"https:\/\/tourtravelandmore.com\/es\/wp-json\/wp\/v2\/product_cat?post=69357"},{"taxonomy":"product_tag","embeddable":true,"href":"https:\/\/tourtravelandmore.com\/es\/wp-json\/wp\/v2\/product_tag?post=69357"}],"curies":[{"name":"wp","href":"https:\/\/api.w.org\/{rel}","templated":true}]}}