{"id":69347,"date":"2019-10-28T05:48:47","date_gmt":"2019-10-28T04:48:48","guid":{"rendered":"https:\/\/tourtravelandmore.com\/?post_type=product&#038;p=69347"},"modified":"2023-06-13T03:53:56","modified_gmt":"2023-06-13T01:53:56","slug":"tour-privado-por-la-ciudad-de-hallstatt-con-guia-oficial","status":"publish","type":"product","link":"https:\/\/tourtravelandmore.com\/es\/tours\/austria-es\/hallstatt-es\/hallstatt-tours-privados-pie-es\/tour-privado-por-la-ciudad-de-hallstatt-con-guia-oficial\/","title":{"rendered":"Tour privado a pie por la ciudad de Hallstatt con gu\u00eda oficial"},"content":{"rendered":"<h2>Descripci\u00f3n del Tour privado a pie por la ciudad de Hallstatt con gu\u00eda oficial<\/h2>\n<p>Disfrute de este <strong>tour privado <\/strong><strong>Hallstatt<\/strong> junto con su <strong>gu\u00eda oficial privado <\/strong>y conozca lo mejor que <strong>Hallstatt<\/strong> tiene para ofrecer en este<strong> tour privado<\/strong>.<\/p>\n<p>La ciudad se encuentra en el centro del &#8220;Paisaje Cultural Hallstatt-Dachstein \/ Salzkammergut&#8221;, declarado Patrimonio de la Humanidad en Austria por la UNESCO en 1997.<\/p>\n<p>Hallstatt tiene una variedad de actividades tur\u00edsticas que van desde deslizarse a trav\u00e9s del lago como un fiordo, pasear por las calles a lo largo de casas de madera, explorar una cueva de hielo expansiva, deslizarse por el tobog\u00e1n de un minero de sal o disfrutar de vistas incomparables en la cima de la monta\u00f1a mientras camina.<\/p>\n<p>Se encontrar\u00e1 con su gu\u00eda en un punto central en Hallstatt, para empezar su tour privado Hallstatt.<\/p>\n<p>Nuestras primeras paradas ser\u00e1n la <strong>Iglesia Cat\u00f3lica Parroquial de Hallstatt y la Beinhaus o la Casa de los Huesos<\/strong>, ubicada en el pintoresco nivel inferior de la<strong> Capilla de San Miguel<\/strong> y llena de huesos y cr\u00e1neos humanos.<\/p>\n<p>Continuaremos nuestro recorrido desde all\u00ed e iremos a la<strong> Iglesia Evang\u00e9lica, la Marktplatz<\/strong> y apreciaremos la impresionante belleza del lago Hallstatt. Entre los muchos lugares famosos que visitaremos, conoceremos <strong>la mina de sal de Hallstatt, el mirador de 5 dedos, la Torre y Skywalk de Rudolph<\/strong> y muchos m\u00e1s monumentos en este recorrido privado.<\/p>\n<h2>Puntos de inter\u00e9s en el Tour privado a pie por la ciudad de Hallstatt con gu\u00eda oficial<\/h2>\n<p>Durante su <strong>tour privado<\/strong> descubrir\u00e1 algunos de los lugares m\u00e1s reconocidos de la ciudad. Ser\u00e1s testigo de su belleza arquitect\u00f3nica \u00fanica.<\/p>\n<p>Entre los sitios que cubriremos en el centro de la ciudad, visitar\u00e1:<\/p>\n<ul>\n<li><strong>Beinhaus o Casa de Huesos<\/strong><\/li>\n<li><strong>Lake Hallstatt<\/strong><\/li>\n<li><strong>Cueva de hielo de Hallstatt<\/strong><\/li>\n<li><strong>La mina de sal de Hallstatt<\/strong><\/li>\n<li><strong>Marktplatz<\/strong><\/li>\n<li><strong>Mirador de 5 dedos<\/strong><\/li>\n<li><strong>La torre de Rudolph y Skywalk<\/strong><\/li>\n<li><strong>Restaurantes junto al lago<\/strong><\/li>\n<li><strong>Excavaciones arqueol\u00f3gicas<\/strong><\/li>\n<li>Y muchos lugares m\u00e1s en este tour privado por <strong>Hallstatt<\/strong>.<\/li>\n<\/ul>\n<p>Si dispone de m\u00e1s d\u00edas en la ciudad, puede consultar <a href=\"https:\/\/tourtravelandmore.com\/es\/ciudad\/austria-es\/hallstatt-es\/\"><strong>aqu\u00ed<\/strong><\/a>, la lista de tours privados de Hallstatt.<\/p>\n","protected":false},"excerpt":{"rendered":"<p>Disfruta de este <strong>tour\u00a0privado pie<\/strong>\u00a0<strong>por<\/strong>\u00a0<strong>Hallstatt junto a su gu\u00eda oficial privado<\/strong>. Disfruta de los monumentos y zonas m\u00e1s emblem\u00e1ticas de <strong>Hallstatt <\/strong>como el <strong>Beinhaus o Casa de Huesos, <\/strong><strong>Lake Hallstatt, <\/strong><strong>Cueva de hielo de Hallstatt<\/strong><strong>\u00a0<\/strong>y muchos lugares m\u00e1s.<\/p>\n<p>&nbsp;<\/p>\n","protected":false},"featured_media":65344,"comment_status":"open","ping_status":"closed","template":"","meta":{"_acf_changed":false},"product_brand":[],"product_cat":[1583,1665,1670,1667],"product_tag":[],"class_list":{"0":"post-69347","1":"product","2":"type-product","3":"status-publish","4":"has-post-thumbnail","6":"product_cat-austria-es","7":"product_cat-hallstatt-es","8":"product_cat-halstatt-actividades-es","9":"product_cat-hallstatt-tours-privados-pie-es","11":"first","12":"instock","13":"shipping-taxable","14":"purchasable","15":"product-type-simple"},"acf":[],"yoast_head":"<!-- This site is optimized with the Yoast SEO Premium plugin v25.3.1 (Yoast SEO v25.3.1) - https:\/\/yoast.com\/wordpress\/plugins\/seo\/ -->\n<title>\u27a1\ufe0f Tour privado por la ciudad de Hallstatt | Tour Travel &amp; More<\/title>\n<meta name=\"description\" content=\"Tour privado por la ciudad de Hallstatt. Descubra la maravillosa ciudad de Hallstatt junto a su gu\u00eda privado y conozca sus monumentos \u2705\" \/>\n<meta name=\"robots\" content=\"index, follow, max-snippet:-1, max-image-preview:large, max-video-preview:-1\" \/>\n<link rel=\"canonical\" href=\"https:\/\/tourtravelandmore.com\/es\/tours\/austria-es\/hallstatt-es\/hallstatt-tours-privados-pie-es\/tour-privado-por-la-ciudad-de-hallstatt-con-guia-oficial\/\" \/>\n<meta property=\"og:locale\" content=\"es_ES\" \/>\n<meta property=\"og:type\" content=\"article\" \/>\n<meta property=\"og:title\" content=\"Tour privado a pie por la ciudad de Hallstatt con gu\u00eda oficial\" \/>\n<meta property=\"og:description\" content=\"Tour privado por la ciudad de Hallstatt. Descubra la maravillosa ciudad de Hallstatt junto a su gu\u00eda privado y conozca sus monumentos \u2705\" \/>\n<meta property=\"og:url\" content=\"https:\/\/tourtravelandmore.com\/es\/tours\/austria-es\/hallstatt-es\/hallstatt-tours-privados-pie-es\/tour-privado-por-la-ciudad-de-hallstatt-con-guia-oficial\/\" \/>\n<meta property=\"og:site_name\" content=\"Tour Travel And More\" \/>\n<meta property=\"article:publisher\" content=\"https:\/\/www.facebook.com\/tourtravelandmore\/\" \/>\n<meta property=\"article:modified_time\" content=\"2023-06-13T01:53:56+00:00\" \/>\n<meta property=\"og:image\" content=\"https:\/\/tourtravelandmore.com\/wp-content\/uploads\/2019\/09\/hallstatt.jpg\" \/>\n\t<meta property=\"og:image:width\" content=\"960\" \/>\n\t<meta property=\"og:image:height\" content=\"549\" \/>\n\t<meta property=\"og:image:type\" content=\"image\/jpeg\" \/>\n<meta name=\"twitter:card\" content=\"summary_large_image\" \/>\n<meta name=\"twitter:site\" content=\"@TourTravel_More\" \/>\n<meta name=\"twitter:label1\" content=\"Tiempo de lectura\" \/>\n\t<meta name=\"twitter:data1\" content=\"2 minutos\" \/>\n<script type=\"application\/ld+json\" class=\"yoast-schema-graph\">{\"@context\":\"https:\/\/schema.org\",\"@graph\":[{\"@type\":\"WebPage\",\"@id\":\"https:\/\/tourtravelandmore.com\/es\/tours\/austria-es\/hallstatt-es\/hallstatt-tours-privados-pie-es\/tour-privado-por-la-ciudad-de-hallstatt-con-guia-oficial\/\",\"url\":\"https:\/\/tourtravelandmore.com\/es\/tours\/austria-es\/hallstatt-es\/hallstatt-tours-privados-pie-es\/tour-privado-por-la-ciudad-de-hallstatt-con-guia-oficial\/\",\"name\":\"\u27a1\ufe0f Tour privado por la ciudad de Hallstatt | Tour Travel & More\",\"isPartOf\":{\"@id\":\"https:\/\/tourtravelandmore.com\/es\/#website\"},\"primaryImageOfPage\":{\"@id\":\"https:\/\/tourtravelandmore.com\/es\/tours\/austria-es\/hallstatt-es\/hallstatt-tours-privados-pie-es\/tour-privado-por-la-ciudad-de-hallstatt-con-guia-oficial\/#primaryimage\"},\"image\":{\"@id\":\"https:\/\/tourtravelandmore.com\/es\/tours\/austria-es\/hallstatt-es\/hallstatt-tours-privados-pie-es\/tour-privado-por-la-ciudad-de-hallstatt-con-guia-oficial\/#primaryimage\"},\"thumbnailUrl\":\"https:\/\/tourtravelandmore.com\/wp-content\/uploads\/2019\/09\/hallstatt.jpg\",\"datePublished\":\"2019-10-28T04:48:48+00:00\",\"dateModified\":\"2023-06-13T01:53:56+00:00\",\"description\":\"Tour privado por la ciudad de Hallstatt. Descubra la maravillosa ciudad de Hallstatt junto a su gu\u00eda privado y conozca sus monumentos \u2705\",\"breadcrumb\":{\"@id\":\"https:\/\/tourtravelandmore.com\/es\/tours\/austria-es\/hallstatt-es\/hallstatt-tours-privados-pie-es\/tour-privado-por-la-ciudad-de-hallstatt-con-guia-oficial\/#breadcrumb\"},\"inLanguage\":\"es\",\"potentialAction\":[{\"@type\":\"ReadAction\",\"target\":[\"https:\/\/tourtravelandmore.com\/es\/tours\/austria-es\/hallstatt-es\/hallstatt-tours-privados-pie-es\/tour-privado-por-la-ciudad-de-hallstatt-con-guia-oficial\/\"]}]},{\"@type\":\"ImageObject\",\"inLanguage\":\"es\",\"@id\":\"https:\/\/tourtravelandmore.com\/es\/tours\/austria-es\/hallstatt-es\/hallstatt-tours-privados-pie-es\/tour-privado-por-la-ciudad-de-hallstatt-con-guia-oficial\/#primaryimage\",\"url\":\"https:\/\/tourtravelandmore.com\/wp-content\/uploads\/2019\/09\/hallstatt.jpg\",\"contentUrl\":\"https:\/\/tourtravelandmore.com\/wp-content\/uploads\/2019\/09\/hallstatt.jpg\",\"width\":960,\"height\":549},{\"@type\":\"BreadcrumbList\",\"@id\":\"https:\/\/tourtravelandmore.com\/es\/tours\/austria-es\/hallstatt-es\/hallstatt-tours-privados-pie-es\/tour-privado-por-la-ciudad-de-hallstatt-con-guia-oficial\/#breadcrumb\",\"itemListElement\":[{\"@type\":\"ListItem\",\"position\":1,\"name\":\"Home\",\"item\":\"https:\/\/tourtravelandmore.com\/es\/\"},{\"@type\":\"ListItem\",\"position\":2,\"name\":\"Tours\",\"item\":\"https:\/\/tourtravelandmore.com\/es\/tours\/\"},{\"@type\":\"ListItem\",\"position\":3,\"name\":\"Tour privado a pie por la ciudad de Hallstatt con gu\u00eda oficial\"}]},{\"@type\":\"WebSite\",\"@id\":\"https:\/\/tourtravelandmore.com\/es\/#website\",\"url\":\"https:\/\/tourtravelandmore.com\/es\/\",\"name\":\"Tour Travel And More\",\"description\":\"Private sightseeing tours and luxury transfers in Spain\",\"publisher\":{\"@id\":\"https:\/\/tourtravelandmore.com\/es\/#organization\"},\"potentialAction\":[{\"@type\":\"SearchAction\",\"target\":{\"@type\":\"EntryPoint\",\"urlTemplate\":\"https:\/\/tourtravelandmore.com\/es\/?s={search_term_string}\"},\"query-input\":{\"@type\":\"PropertyValueSpecification\",\"valueRequired\":true,\"valueName\":\"search_term_string\"}}],\"inLanguage\":\"es\"},{\"@type\":\"Organization\",\"@id\":\"https:\/\/tourtravelandmore.com\/es\/#organization\",\"name\":\"Tour Travel And More\",\"url\":\"https:\/\/tourtravelandmore.com\/es\/\",\"logo\":{\"@type\":\"ImageObject\",\"inLanguage\":\"es\",\"@id\":\"https:\/\/tourtravelandmore.com\/es\/#\/schema\/logo\/image\/\",\"url\":\"https:\/\/tourtravelandmore.com\/wp-content\/uploads\/2022\/12\/cropped-logo-cabecera-new.png\",\"contentUrl\":\"https:\/\/tourtravelandmore.com\/wp-content\/uploads\/2022\/12\/cropped-logo-cabecera-new.png\",\"width\":430,\"height\":61,\"caption\":\"Tour Travel And More\"},\"image\":{\"@id\":\"https:\/\/tourtravelandmore.com\/es\/#\/schema\/logo\/image\/\"},\"sameAs\":[\"https:\/\/www.facebook.com\/tourtravelandmore\/\",\"https:\/\/x.com\/TourTravel_More\"]}]}<\/script>\n<!-- \/ Yoast SEO Premium plugin. -->","yoast_head_json":{"title":"\u27a1\ufe0f Tour privado por la ciudad de Hallstatt | Tour Travel & More","description":"Tour privado por la ciudad de Hallstatt. Descubra la maravillosa ciudad de Hallstatt junto a su gu\u00eda privado y conozca sus monumentos \u2705","robots":{"index":"index","follow":"follow","max-snippet":"max-snippet:-1","max-image-preview":"max-image-preview:large","max-video-preview":"max-video-preview:-1"},"canonical":"https:\/\/tourtravelandmore.com\/es\/tours\/austria-es\/hallstatt-es\/hallstatt-tours-privados-pie-es\/tour-privado-por-la-ciudad-de-hallstatt-con-guia-oficial\/","og_locale":"es_ES","og_type":"article","og_title":"Tour privado a pie por la ciudad de Hallstatt con gu\u00eda oficial","og_description":"Tour privado por la ciudad de Hallstatt. Descubra la maravillosa ciudad de Hallstatt junto a su gu\u00eda privado y conozca sus monumentos \u2705","og_url":"https:\/\/tourtravelandmore.com\/es\/tours\/austria-es\/hallstatt-es\/hallstatt-tours-privados-pie-es\/tour-privado-por-la-ciudad-de-hallstatt-con-guia-oficial\/","og_site_name":"Tour Travel And More","article_publisher":"https:\/\/www.facebook.com\/tourtravelandmore\/","article_modified_time":"2023-06-13T01:53:56+00:00","og_image":[{"width":960,"height":549,"url":"https:\/\/tourtravelandmore.com\/wp-content\/uploads\/2019\/09\/hallstatt.jpg","type":"image\/jpeg"}],"twitter_card":"summary_large_image","twitter_site":"@TourTravel_More","twitter_misc":{"Tiempo de lectura":"2 minutos"},"schema":{"@context":"https:\/\/schema.org","@graph":[{"@type":"WebPage","@id":"https:\/\/tourtravelandmore.com\/es\/tours\/austria-es\/hallstatt-es\/hallstatt-tours-privados-pie-es\/tour-privado-por-la-ciudad-de-hallstatt-con-guia-oficial\/","url":"https:\/\/tourtravelandmore.com\/es\/tours\/austria-es\/hallstatt-es\/hallstatt-tours-privados-pie-es\/tour-privado-por-la-ciudad-de-hallstatt-con-guia-oficial\/","name":"\u27a1\ufe0f Tour privado por la ciudad de Hallstatt | Tour Travel & More","isPartOf":{"@id":"https:\/\/tourtravelandmore.com\/es\/#website"},"primaryImageOfPage":{"@id":"https:\/\/tourtravelandmore.com\/es\/tours\/austria-es\/hallstatt-es\/hallstatt-tours-privados-pie-es\/tour-privado-por-la-ciudad-de-hallstatt-con-guia-oficial\/#primaryimage"},"image":{"@id":"https:\/\/tourtravelandmore.com\/es\/tours\/austria-es\/hallstatt-es\/hallstatt-tours-privados-pie-es\/tour-privado-por-la-ciudad-de-hallstatt-con-guia-oficial\/#primaryimage"},"thumbnailUrl":"https:\/\/tourtravelandmore.com\/wp-content\/uploads\/2019\/09\/hallstatt.jpg","datePublished":"2019-10-28T04:48:48+00:00","dateModified":"2023-06-13T01:53:56+00:00","description":"Tour privado por la ciudad de Hallstatt. Descubra la maravillosa ciudad de Hallstatt junto a su gu\u00eda privado y conozca sus monumentos \u2705","breadcrumb":{"@id":"https:\/\/tourtravelandmore.com\/es\/tours\/austria-es\/hallstatt-es\/hallstatt-tours-privados-pie-es\/tour-privado-por-la-ciudad-de-hallstatt-con-guia-oficial\/#breadcrumb"},"inLanguage":"es","potentialAction":[{"@type":"ReadAction","target":["https:\/\/tourtravelandmore.com\/es\/tours\/austria-es\/hallstatt-es\/hallstatt-tours-privados-pie-es\/tour-privado-por-la-ciudad-de-hallstatt-con-guia-oficial\/"]}]},{"@type":"ImageObject","inLanguage":"es","@id":"https:\/\/tourtravelandmore.com\/es\/tours\/austria-es\/hallstatt-es\/hallstatt-tours-privados-pie-es\/tour-privado-por-la-ciudad-de-hallstatt-con-guia-oficial\/#primaryimage","url":"https:\/\/tourtravelandmore.com\/wp-content\/uploads\/2019\/09\/hallstatt.jpg","contentUrl":"https:\/\/tourtravelandmore.com\/wp-content\/uploads\/2019\/09\/hallstatt.jpg","width":960,"height":549},{"@type":"BreadcrumbList","@id":"https:\/\/tourtravelandmore.com\/es\/tours\/austria-es\/hallstatt-es\/hallstatt-tours-privados-pie-es\/tour-privado-por-la-ciudad-de-hallstatt-con-guia-oficial\/#breadcrumb","itemListElement":[{"@type":"ListItem","position":1,"name":"Home","item":"https:\/\/tourtravelandmore.com\/es\/"},{"@type":"ListItem","position":2,"name":"Tours","item":"https:\/\/tourtravelandmore.com\/es\/tours\/"},{"@type":"ListItem","position":3,"name":"Tour privado a pie por la ciudad de Hallstatt con gu\u00eda oficial"}]},{"@type":"WebSite","@id":"https:\/\/tourtravelandmore.com\/es\/#website","url":"https:\/\/tourtravelandmore.com\/es\/","name":"Tour Travel And More","description":"Private sightseeing tours and luxury transfers in Spain","publisher":{"@id":"https:\/\/tourtravelandmore.com\/es\/#organization"},"potentialAction":[{"@type":"SearchAction","target":{"@type":"EntryPoint","urlTemplate":"https:\/\/tourtravelandmore.com\/es\/?s={search_term_string}"},"query-input":{"@type":"PropertyValueSpecification","valueRequired":true,"valueName":"search_term_string"}}],"inLanguage":"es"},{"@type":"Organization","@id":"https:\/\/tourtravelandmore.com\/es\/#organization","name":"Tour Travel And More","url":"https:\/\/tourtravelandmore.com\/es\/","logo":{"@type":"ImageObject","inLanguage":"es","@id":"https:\/\/tourtravelandmore.com\/es\/#\/schema\/logo\/image\/","url":"https:\/\/tourtravelandmore.com\/wp-content\/uploads\/2022\/12\/cropped-logo-cabecera-new.png","contentUrl":"https:\/\/tourtravelandmore.com\/wp-content\/uploads\/2022\/12\/cropped-logo-cabecera-new.png","width":430,"height":61,"caption":"Tour Travel And More"},"image":{"@id":"https:\/\/tourtravelandmore.com\/es\/#\/schema\/logo\/image\/"},"sameAs":["https:\/\/www.facebook.com\/tourtravelandmore\/","https:\/\/x.com\/TourTravel_More"]}]}},"_links":{"self":[{"href":"https:\/\/tourtravelandmore.com\/es\/wp-json\/wp\/v2\/product\/69347","targetHints":{"allow":["GET"]}}],"collection":[{"href":"https:\/\/tourtravelandmore.com\/es\/wp-json\/wp\/v2\/product"}],"about":[{"href":"https:\/\/tourtravelandmore.com\/es\/wp-json\/wp\/v2\/types\/product"}],"replies":[{"embeddable":true,"href":"https:\/\/tourtravelandmore.com\/es\/wp-json\/wp\/v2\/comments?post=69347"}],"wp:featuredmedia":[{"embeddable":true,"href":"https:\/\/tourtravelandmore.com\/es\/wp-json\/wp\/v2\/media\/65344"}],"wp:attachment":[{"href":"https:\/\/tourtravelandmore.com\/es\/wp-json\/wp\/v2\/media?parent=69347"}],"wp:term":[{"taxonomy":"product_brand","embeddable":true,"href":"https:\/\/tourtravelandmore.com\/es\/wp-json\/wp\/v2\/product_brand?post=69347"},{"taxonomy":"product_cat","embeddable":true,"href":"https:\/\/tourtravelandmore.com\/es\/wp-json\/wp\/v2\/product_cat?post=69347"},{"taxonomy":"product_tag","embeddable":true,"href":"https:\/\/tourtravelandmore.com\/es\/wp-json\/wp\/v2\/product_tag?post=69347"}],"curies":[{"name":"wp","href":"https:\/\/api.w.org\/{rel}","templated":true}]}}