{"id":68984,"date":"2019-10-21T03:34:47","date_gmt":"2019-10-15T01:34:47","guid":{"rendered":"https:\/\/tourtravelandmore.com\/?post_type=product&#038;p=68984"},"modified":"2021-12-25T14:04:34","modified_gmt":"2021-12-25T13:04:34","slug":"traslado-privado-a-la-valeta","status":"publish","type":"product","link":"https:\/\/tourtravelandmore.com\/es\/tours\/malta-es\/valleta-mdina-es\/traslado-privado-a-la-valeta\/","title":{"rendered":"Traslado Privado a La Valeta"},"content":{"rendered":"<h2><b>Descripci\u00f3n del Traslado privado a La Valeta<\/b><\/h2>\n<p><span style=\"font-weight: 400;\">Cuando llegues a Malta, evita las molestias de tomar un transporte p\u00fablico o de esperar por un taxi que no conoces.\u00a0<\/span><\/p>\n<p><span style=\"font-weight: 400;\">Nuestro servicio de traslado exclusivo a La Valeta te permite <\/span><b>llegar a tu destino de una forma c\u00f3moda, segura y relajada.\u00a0<\/b><\/p>\n<p><span style=\"font-weight: 400;\">Puedes solicitar el servicio con antelaci\u00f3n para que te esperemos en el sitio indicado. Nos encargaremos de buscarte utilizando un cartel personalizado para que todo sea lo m\u00e1s r\u00e1pido posible.\u00a0<\/span><\/p>\n<p><span style=\"font-weight: 400;\">El conductor estar\u00e1 atento para <\/span><b>ayudarte con el equipaje<\/b><span style=\"font-weight: 400;\">, as\u00ed no tendr\u00e1s molestias en ning\u00fan momento de tu traslado.\u00a0<\/span><\/p>\n<p><span style=\"font-weight: 400;\">Es un <\/span><b>servicio exclusivo<\/b><span style=\"font-weight: 400;\"> para ir del aeropuerto a la ciudad o viceversa. Asimismo, te buscaremos o dejaremos en el lugar que prefieras para que tu viaje por Malta sea una experiencia relajante y tranquila.<\/span><\/p>\n<h2><b>Puntos de inter\u00e9s<\/b><\/h2>\n<p><span style=\"font-weight: 400;\">La Valeta es la actual capital de Malta, y es una ciudad que posee distintos lugares de gran atractivo cultural, hist\u00f3rico y tur\u00edstico.\u00a0<\/span><\/p>\n<p><span style=\"font-weight: 400;\">Nuestro traslado privado a La Valeta se planifica en funci\u00f3n de tu horario e itinerario.\u00a0<\/span><\/p>\n<p><span style=\"font-weight: 400;\">La finalidad es ajustarnos a tu tiempo para buscarte en el sitio que nos indiques y a la hora m\u00e1s conveniente para ti. De tal manera que tu comodidad es nuestra prioridad.\u00a0<\/span><\/p>\n<p><span style=\"font-weight: 400;\">Podemos llevarte desde el aeropuerto hasta la ciudad o hacer el traslado hasta cualquier punto de inter\u00e9s para ti.\u00a0<\/span><\/p>\n<p><span style=\"font-weight: 400;\">En todo momento <\/span><b>ir\u00e1s en un coche privado y con<\/b><span style=\"font-weight: 400;\">, en el cual tambi\u00e9n te ayudaremos a cargar tu equipaje sin ning\u00fan inconveniente.\u00a0<\/span><\/p>\n<p><span style=\"font-weight: 400;\">Todo el camino ser\u00e1 por un hermoso paisaje mediterr\u00e1neo, el cual puedes aprovechar para tomar unas cuantas fotograf\u00edas de tu paseo.\u00a0<\/span><\/p>\n<p><span style=\"font-weight: 400;\">Nuestros traslados en la Veleta son personalizados y se organizan para satisfacer tus necesidades en cuanto al tiempo y al destino.\u00a0<\/span><\/p>\n<p><span style=\"font-weight: 400;\">De hecho, podemos disponer de asientos para beb\u00e9s o de un coche m\u00e1s grande, si la cantidad de equipaje as\u00ed lo amerita. Toma en cuenta que todo se planifica en funci\u00f3n de tus requerimientos espec\u00edficos.\u00a0<\/span><\/p>\n<p><span style=\"font-weight: 400;\">Una vez que est\u00e9s en la ciudad, te recomendamos que escojas algunos de nuestros tours privados por Malta como la <\/span><a href=\"https:\/\/tourtravelandmore.com\/es\/tours\/malta-es\/valleta-mdina-es\/tour-privado-a-pie-por-mdina\/\"><b>visita a pie por Mdina y Rabat<\/b><\/a><span style=\"font-weight: 400;\">, el <\/span><a href=\"https:\/\/tourtravelandmore.com\/es\/tours\/malta-es\/valleta-mdina-es\/tour-privado-los-pasos-de-san-pablo-desde-cualquier-ciudad\/\"><b>tour privado por los pasos de San Pablo<\/b><\/a><span style=\"font-weight: 400;\">, entre muchas otras espl\u00e9ndidas alternativas, por lo que no est\u00e1 de m\u00e1s que veas nuestra <\/span><b><a href=\"https:\/\/tourtravelandmore.com\/es\/ciudad\/malta-es\/valleta-mdina-es\/\">lista de tours disponibles<\/a>.\u00a0<\/b><\/p>\n<p><span style=\"font-weight: 400;\">Son muchas las actividades y los paseos que puedes realizar en Malta, y la llegada a tu destino ser\u00e1 lo m\u00e1s c\u00f3moda posible en este servicio de traslado privado a La Valeta. Solo deja todo en nuestras manos y rel\u00e1jate.\u00a0<\/span><\/p>\n","protected":false},"excerpt":{"rendered":"<p><span style=\"font-weight: 400;\">Si est\u00e1s llegando a Valeta, despreoc\u00fapate por buscar la forma de desplazarte por la ciudad, ya que nuestro servicio de traslado privado se encarga de buscarte y llevarte hasta donde lo solicites. Viaja con tranquilidad al saber que nuestro traslado privado te llevar\u00e1 directo a tu destino con total comodidad, rapidez y seguridad<\/span><\/p>\n","protected":false},"featured_media":116563,"comment_status":"open","ping_status":"closed","template":"","meta":{"_acf_changed":false},"product_brand":[],"product_cat":[1609,1010],"product_tag":[4041,4040],"class_list":{"0":"post-68984","1":"product","2":"type-product","3":"status-publish","4":"has-post-thumbnail","6":"product_cat-malta-es","7":"product_cat-valleta-mdina-es","8":"product_tag-private-es","9":"product_tag-transfer-es","11":"first","12":"instock","13":"shipping-taxable","14":"purchasable","15":"product-type-simple"},"acf":[],"yoast_head":"<!-- This site is optimized with the Yoast SEO Premium plugin v25.3.1 (Yoast SEO v25.3.1) - https:\/\/yoast.com\/wordpress\/plugins\/seo\/ -->\n<title>Traslado privado a La Valeta en un coche privado<\/title>\n<meta name=\"description\" content=\"\u00bfVas a llegar a Malta y no sabes cu\u00e1l es la forma m\u00e1s r\u00e1pida y segura de trasladarte? Considera nuestro traslado privado a La Valeta para que viajes c\u00f3modamente en un coche exclusivo que te dejar\u00e1 en donde necesites\" \/>\n<meta name=\"robots\" content=\"index, follow, max-snippet:-1, max-image-preview:large, max-video-preview:-1\" \/>\n<link rel=\"canonical\" href=\"https:\/\/tourtravelandmore.com\/es\/tours\/malta-es\/valleta-mdina-es\/traslado-privado-a-la-valeta\/\" \/>\n<meta property=\"og:locale\" content=\"es_ES\" \/>\n<meta property=\"og:type\" content=\"article\" \/>\n<meta property=\"og:title\" content=\"Traslado Privado a La Valeta\" \/>\n<meta property=\"og:description\" content=\"\u00bfVas a llegar a Malta y no sabes cu\u00e1l es la forma m\u00e1s r\u00e1pida y segura de trasladarte? Considera nuestro traslado privado a La Valeta para que viajes c\u00f3modamente en un coche exclusivo que te dejar\u00e1 en donde necesites\" \/>\n<meta property=\"og:url\" content=\"https:\/\/tourtravelandmore.com\/es\/tours\/malta-es\/valleta-mdina-es\/traslado-privado-a-la-valeta\/\" \/>\n<meta property=\"og:site_name\" content=\"Tour Travel And More\" \/>\n<meta property=\"article:publisher\" content=\"https:\/\/www.facebook.com\/tourtravelandmore\/\" \/>\n<meta property=\"article:modified_time\" content=\"2021-12-25T13:04:34+00:00\" \/>\n<meta property=\"og:image\" content=\"https:\/\/tourtravelandmore.com\/wp-content\/uploads\/2019\/10\/image6.jpg\" \/>\n\t<meta property=\"og:image:width\" content=\"960\" \/>\n\t<meta property=\"og:image:height\" content=\"640\" \/>\n\t<meta property=\"og:image:type\" content=\"image\/jpeg\" \/>\n<meta name=\"twitter:card\" content=\"summary_large_image\" \/>\n<meta name=\"twitter:site\" content=\"@TourTravel_More\" \/>\n<meta name=\"twitter:label1\" content=\"Tiempo de lectura\" \/>\n\t<meta name=\"twitter:data1\" content=\"2 minutos\" \/>\n<script type=\"application\/ld+json\" class=\"yoast-schema-graph\">{\"@context\":\"https:\/\/schema.org\",\"@graph\":[{\"@type\":\"WebPage\",\"@id\":\"https:\/\/tourtravelandmore.com\/es\/tours\/malta-es\/valleta-mdina-es\/traslado-privado-a-la-valeta\/\",\"url\":\"https:\/\/tourtravelandmore.com\/es\/tours\/malta-es\/valleta-mdina-es\/traslado-privado-a-la-valeta\/\",\"name\":\"Traslado privado a La Valeta en un coche privado\",\"isPartOf\":{\"@id\":\"https:\/\/tourtravelandmore.com\/es\/#website\"},\"primaryImageOfPage\":{\"@id\":\"https:\/\/tourtravelandmore.com\/es\/tours\/malta-es\/valleta-mdina-es\/traslado-privado-a-la-valeta\/#primaryimage\"},\"image\":{\"@id\":\"https:\/\/tourtravelandmore.com\/es\/tours\/malta-es\/valleta-mdina-es\/traslado-privado-a-la-valeta\/#primaryimage\"},\"thumbnailUrl\":\"https:\/\/tourtravelandmore.com\/wp-content\/uploads\/2019\/10\/image6.jpg\",\"datePublished\":\"2019-10-15T01:34:47+00:00\",\"dateModified\":\"2021-12-25T13:04:34+00:00\",\"description\":\"\u00bfVas a llegar a Malta y no sabes cu\u00e1l es la forma m\u00e1s r\u00e1pida y segura de trasladarte? Considera nuestro traslado privado a La Valeta para que viajes c\u00f3modamente en un coche exclusivo que te dejar\u00e1 en donde necesites\",\"breadcrumb\":{\"@id\":\"https:\/\/tourtravelandmore.com\/es\/tours\/malta-es\/valleta-mdina-es\/traslado-privado-a-la-valeta\/#breadcrumb\"},\"inLanguage\":\"es\",\"potentialAction\":[{\"@type\":\"ReadAction\",\"target\":[\"https:\/\/tourtravelandmore.com\/es\/tours\/malta-es\/valleta-mdina-es\/traslado-privado-a-la-valeta\/\"]}]},{\"@type\":\"ImageObject\",\"inLanguage\":\"es\",\"@id\":\"https:\/\/tourtravelandmore.com\/es\/tours\/malta-es\/valleta-mdina-es\/traslado-privado-a-la-valeta\/#primaryimage\",\"url\":\"https:\/\/tourtravelandmore.com\/wp-content\/uploads\/2019\/10\/image6.jpg\",\"contentUrl\":\"https:\/\/tourtravelandmore.com\/wp-content\/uploads\/2019\/10\/image6.jpg\",\"width\":960,\"height\":640},{\"@type\":\"BreadcrumbList\",\"@id\":\"https:\/\/tourtravelandmore.com\/es\/tours\/malta-es\/valleta-mdina-es\/traslado-privado-a-la-valeta\/#breadcrumb\",\"itemListElement\":[{\"@type\":\"ListItem\",\"position\":1,\"name\":\"Home\",\"item\":\"https:\/\/tourtravelandmore.com\/es\/\"},{\"@type\":\"ListItem\",\"position\":2,\"name\":\"Tours\",\"item\":\"https:\/\/tourtravelandmore.com\/es\/tours\/\"},{\"@type\":\"ListItem\",\"position\":3,\"name\":\"Traslado Privado a La Valeta\"}]},{\"@type\":\"WebSite\",\"@id\":\"https:\/\/tourtravelandmore.com\/es\/#website\",\"url\":\"https:\/\/tourtravelandmore.com\/es\/\",\"name\":\"Tour Travel And More\",\"description\":\"Private sightseeing tours and luxury transfers in Spain\",\"publisher\":{\"@id\":\"https:\/\/tourtravelandmore.com\/es\/#organization\"},\"potentialAction\":[{\"@type\":\"SearchAction\",\"target\":{\"@type\":\"EntryPoint\",\"urlTemplate\":\"https:\/\/tourtravelandmore.com\/es\/?s={search_term_string}\"},\"query-input\":{\"@type\":\"PropertyValueSpecification\",\"valueRequired\":true,\"valueName\":\"search_term_string\"}}],\"inLanguage\":\"es\"},{\"@type\":\"Organization\",\"@id\":\"https:\/\/tourtravelandmore.com\/es\/#organization\",\"name\":\"Tour Travel And More\",\"url\":\"https:\/\/tourtravelandmore.com\/es\/\",\"logo\":{\"@type\":\"ImageObject\",\"inLanguage\":\"es\",\"@id\":\"https:\/\/tourtravelandmore.com\/es\/#\/schema\/logo\/image\/\",\"url\":\"https:\/\/tourtravelandmore.com\/wp-content\/uploads\/2022\/12\/cropped-logo-cabecera-new.png\",\"contentUrl\":\"https:\/\/tourtravelandmore.com\/wp-content\/uploads\/2022\/12\/cropped-logo-cabecera-new.png\",\"width\":430,\"height\":61,\"caption\":\"Tour Travel And More\"},\"image\":{\"@id\":\"https:\/\/tourtravelandmore.com\/es\/#\/schema\/logo\/image\/\"},\"sameAs\":[\"https:\/\/www.facebook.com\/tourtravelandmore\/\",\"https:\/\/x.com\/TourTravel_More\"]}]}<\/script>\n<!-- \/ Yoast SEO Premium plugin. -->","yoast_head_json":{"title":"Traslado privado a La Valeta en un coche privado","description":"\u00bfVas a llegar a Malta y no sabes cu\u00e1l es la forma m\u00e1s r\u00e1pida y segura de trasladarte? Considera nuestro traslado privado a La Valeta para que viajes c\u00f3modamente en un coche exclusivo que te dejar\u00e1 en donde necesites","robots":{"index":"index","follow":"follow","max-snippet":"max-snippet:-1","max-image-preview":"max-image-preview:large","max-video-preview":"max-video-preview:-1"},"canonical":"https:\/\/tourtravelandmore.com\/es\/tours\/malta-es\/valleta-mdina-es\/traslado-privado-a-la-valeta\/","og_locale":"es_ES","og_type":"article","og_title":"Traslado Privado a La Valeta","og_description":"\u00bfVas a llegar a Malta y no sabes cu\u00e1l es la forma m\u00e1s r\u00e1pida y segura de trasladarte? Considera nuestro traslado privado a La Valeta para que viajes c\u00f3modamente en un coche exclusivo que te dejar\u00e1 en donde necesites","og_url":"https:\/\/tourtravelandmore.com\/es\/tours\/malta-es\/valleta-mdina-es\/traslado-privado-a-la-valeta\/","og_site_name":"Tour Travel And More","article_publisher":"https:\/\/www.facebook.com\/tourtravelandmore\/","article_modified_time":"2021-12-25T13:04:34+00:00","og_image":[{"width":960,"height":640,"url":"https:\/\/tourtravelandmore.com\/wp-content\/uploads\/2019\/10\/image6.jpg","type":"image\/jpeg"}],"twitter_card":"summary_large_image","twitter_site":"@TourTravel_More","twitter_misc":{"Tiempo de lectura":"2 minutos"},"schema":{"@context":"https:\/\/schema.org","@graph":[{"@type":"WebPage","@id":"https:\/\/tourtravelandmore.com\/es\/tours\/malta-es\/valleta-mdina-es\/traslado-privado-a-la-valeta\/","url":"https:\/\/tourtravelandmore.com\/es\/tours\/malta-es\/valleta-mdina-es\/traslado-privado-a-la-valeta\/","name":"Traslado privado a La Valeta en un coche privado","isPartOf":{"@id":"https:\/\/tourtravelandmore.com\/es\/#website"},"primaryImageOfPage":{"@id":"https:\/\/tourtravelandmore.com\/es\/tours\/malta-es\/valleta-mdina-es\/traslado-privado-a-la-valeta\/#primaryimage"},"image":{"@id":"https:\/\/tourtravelandmore.com\/es\/tours\/malta-es\/valleta-mdina-es\/traslado-privado-a-la-valeta\/#primaryimage"},"thumbnailUrl":"https:\/\/tourtravelandmore.com\/wp-content\/uploads\/2019\/10\/image6.jpg","datePublished":"2019-10-15T01:34:47+00:00","dateModified":"2021-12-25T13:04:34+00:00","description":"\u00bfVas a llegar a Malta y no sabes cu\u00e1l es la forma m\u00e1s r\u00e1pida y segura de trasladarte? Considera nuestro traslado privado a La Valeta para que viajes c\u00f3modamente en un coche exclusivo que te dejar\u00e1 en donde necesites","breadcrumb":{"@id":"https:\/\/tourtravelandmore.com\/es\/tours\/malta-es\/valleta-mdina-es\/traslado-privado-a-la-valeta\/#breadcrumb"},"inLanguage":"es","potentialAction":[{"@type":"ReadAction","target":["https:\/\/tourtravelandmore.com\/es\/tours\/malta-es\/valleta-mdina-es\/traslado-privado-a-la-valeta\/"]}]},{"@type":"ImageObject","inLanguage":"es","@id":"https:\/\/tourtravelandmore.com\/es\/tours\/malta-es\/valleta-mdina-es\/traslado-privado-a-la-valeta\/#primaryimage","url":"https:\/\/tourtravelandmore.com\/wp-content\/uploads\/2019\/10\/image6.jpg","contentUrl":"https:\/\/tourtravelandmore.com\/wp-content\/uploads\/2019\/10\/image6.jpg","width":960,"height":640},{"@type":"BreadcrumbList","@id":"https:\/\/tourtravelandmore.com\/es\/tours\/malta-es\/valleta-mdina-es\/traslado-privado-a-la-valeta\/#breadcrumb","itemListElement":[{"@type":"ListItem","position":1,"name":"Home","item":"https:\/\/tourtravelandmore.com\/es\/"},{"@type":"ListItem","position":2,"name":"Tours","item":"https:\/\/tourtravelandmore.com\/es\/tours\/"},{"@type":"ListItem","position":3,"name":"Traslado Privado a La Valeta"}]},{"@type":"WebSite","@id":"https:\/\/tourtravelandmore.com\/es\/#website","url":"https:\/\/tourtravelandmore.com\/es\/","name":"Tour Travel And More","description":"Private sightseeing tours and luxury transfers in Spain","publisher":{"@id":"https:\/\/tourtravelandmore.com\/es\/#organization"},"potentialAction":[{"@type":"SearchAction","target":{"@type":"EntryPoint","urlTemplate":"https:\/\/tourtravelandmore.com\/es\/?s={search_term_string}"},"query-input":{"@type":"PropertyValueSpecification","valueRequired":true,"valueName":"search_term_string"}}],"inLanguage":"es"},{"@type":"Organization","@id":"https:\/\/tourtravelandmore.com\/es\/#organization","name":"Tour Travel And More","url":"https:\/\/tourtravelandmore.com\/es\/","logo":{"@type":"ImageObject","inLanguage":"es","@id":"https:\/\/tourtravelandmore.com\/es\/#\/schema\/logo\/image\/","url":"https:\/\/tourtravelandmore.com\/wp-content\/uploads\/2022\/12\/cropped-logo-cabecera-new.png","contentUrl":"https:\/\/tourtravelandmore.com\/wp-content\/uploads\/2022\/12\/cropped-logo-cabecera-new.png","width":430,"height":61,"caption":"Tour Travel And More"},"image":{"@id":"https:\/\/tourtravelandmore.com\/es\/#\/schema\/logo\/image\/"},"sameAs":["https:\/\/www.facebook.com\/tourtravelandmore\/","https:\/\/x.com\/TourTravel_More"]}]}},"_links":{"self":[{"href":"https:\/\/tourtravelandmore.com\/es\/wp-json\/wp\/v2\/product\/68984","targetHints":{"allow":["GET"]}}],"collection":[{"href":"https:\/\/tourtravelandmore.com\/es\/wp-json\/wp\/v2\/product"}],"about":[{"href":"https:\/\/tourtravelandmore.com\/es\/wp-json\/wp\/v2\/types\/product"}],"replies":[{"embeddable":true,"href":"https:\/\/tourtravelandmore.com\/es\/wp-json\/wp\/v2\/comments?post=68984"}],"wp:featuredmedia":[{"embeddable":true,"href":"https:\/\/tourtravelandmore.com\/es\/wp-json\/wp\/v2\/media\/116563"}],"wp:attachment":[{"href":"https:\/\/tourtravelandmore.com\/es\/wp-json\/wp\/v2\/media?parent=68984"}],"wp:term":[{"taxonomy":"product_brand","embeddable":true,"href":"https:\/\/tourtravelandmore.com\/es\/wp-json\/wp\/v2\/product_brand?post=68984"},{"taxonomy":"product_cat","embeddable":true,"href":"https:\/\/tourtravelandmore.com\/es\/wp-json\/wp\/v2\/product_cat?post=68984"},{"taxonomy":"product_tag","embeddable":true,"href":"https:\/\/tourtravelandmore.com\/es\/wp-json\/wp\/v2\/product_tag?post=68984"}],"curies":[{"name":"wp","href":"https:\/\/api.w.org\/{rel}","templated":true}]}}