{"id":68974,"date":"2019-10-21T03:34:21","date_gmt":"2019-10-14T01:34:21","guid":{"rendered":"https:\/\/tourtravelandmore.com\/?post_type=product&#038;p=68974"},"modified":"2023-07-24T12:24:36","modified_gmt":"2023-07-24T10:24:36","slug":"transfer-privado-hasta-desde-aeropuerto-puerto-de-verona","status":"publish","type":"product","link":"https:\/\/tourtravelandmore.com\/es\/tours\/italia-es\/verona-es\/transfer-privado-hasta-desde-aeropuerto-puerto-de-verona\/","title":{"rendered":"Traslados Privados en Verona &#8211; hacia\/desde cualquier sitio"},"content":{"rendered":"<h2><b>Traslados Privados en Verona Descripci\u00f3n<\/b><\/h2>\n<p><span style=\"font-weight: 400;\">La bulliciosa ciudad de Verona, impregnada de rica historia y cultura, se puede disfrutar plenamente sin las preocupaciones del transporte. Nuestros traslados privados en Verona prometen la m\u00e1xima comodidad, conveniencia y servicio personalizado para sus viajes dentro de la ciudad. En Tour Travel and More estamos dedicados a asegurar que usted experimente la facilidad de un viaje privado en esta hermosa ciudad italiana.<\/span><\/p>\n<p><span style=\"font-weight: 400;\">Estamos orgullosos de ofrecer un servicio de traslado privado sin igual en Verona, que abarca todas sus necesidades de transporte, ya sea dentro de los l\u00edmites de la ciudad o m\u00e1s all\u00e1. Nuestro compromiso con la puntualidad, la fiabilidad y la satisfacci\u00f3n del cliente nos distingue de la competencia. Cada traslado se ejecuta con meticuloso cuidado, teniendo en cuenta sus necesidades espec\u00edficas y su horario. Entendemos la importancia del tiempo y la comodidad en los viajes, por lo que nuestros servicios se prestan con prontitud, asegurando que llegue a su destino con tiempo de sobra.<\/span><\/p>\n<h2><b>Traslados Privados en Verona Puntos de Inter\u00e9s<\/b><\/h2>\n<p><span style=\"font-weight: 400;\">Aunque el principal objetivo de nuestro servicio de traslados privados es ofrecer un viaje fluido dentro de Verona, es imposible ignorar los espectaculares puntos de inter\u00e9s que pueblan esta hist\u00f3rica ciudad. He aqu\u00ed algunos destinos que podr\u00edan figurar en su itinerario:<\/span><\/p>\n<ul>\n<li style=\"font-weight: 400;\" aria-level=\"1\"><b>Piazza Br\u00e0:<\/b><span style=\"font-weight: 400;\"> Su traslado podr\u00eda comenzar o terminar en la magn\u00edfica Piazza Br\u00e0, que alberga la Arena de Verona. Esta arena, el tercer anfiteatro romano m\u00e1s grande de Italia, ofrece una inmersi\u00f3n en el antiguo pasado de Verona. La arena sigue en uso hoy en d\u00eda y acoge conciertos y el famoso Festival de \u00d3pera de Verona.<\/span><\/li>\n<li style=\"font-weight: 400;\" aria-level=\"1\"><b>Casa de Julieta: <\/b><span style=\"font-weight: 400;\">Nuestro servicio de traslado puede facilitarle la visita a la Casa de Julieta, una importante atracci\u00f3n tur\u00edstica cargada de romanticismo e historia. Esta casa del siglo XIII, de la que se dice que fue la residencia de la legendaria Julieta de la obra de Shakespeare &#8220;Romeo y Julieta&#8221;, es un testimonio del poder duradero del amor. La pintoresca casa, convertida en museo dedicado a la famosa obra, es una visita obligada para cualquier entusiasta de la literatura.<\/span><\/li>\n<li style=\"font-weight: 400;\" aria-level=\"1\"><b>Plaza de las Erbas:<\/b><span style=\"font-weight: 400;\"> Quiz\u00e1s desee que le dejen en la Piazza delle Erbe, la plaza m\u00e1s antigua de Verona. Los bulliciosos puestos del mercado, los hermosos frescos y los edificios hist\u00f3ricos de la plaza ofrecen una atractiva mezcla de cultura local y arquitectura hist\u00f3rica. Su animado ambiente es la oportunidad perfecta para quienes deseen conocer el estilo de vida y las tradiciones locales.<\/span><\/li>\n<\/ul>\n<p><span style=\"font-weight: 400;\">Tour Travel and More se compromete a hacer que su experiencia de viaje en Verona sea lo m\u00e1s c\u00f3moda y memorable posible.<\/span><span style=\"font-weight: 400;\"> Nuestro servicio de traslado privado est\u00e1 dise\u00f1ado pensando en su m\u00e1xima comodidad. Explore la amplia gama de tours privados y servicios que ofrecemos en Verona visitando nuestra p\u00e1gina web. <a href=\"https:\/\/tourtravelandmore.com\/es\/ciudad\/italia-es\/verona-es\/\">Reserve su traslado privado hoy y experimente la diferencia de viajar con Tour Travel and More, donde su comodidad y satisfacci\u00f3n son nuestros principales objetivos.<\/a><\/span><\/p>\n","protected":false},"excerpt":{"rendered":"<p><span style=\"font-weight: 400;\">Experimente la comodidad y conveniencia de los traslados privados en Verona con Tour Travel and More. Con nuestros servicios dedicados, moverse por la ciudad se convierte en una parte agradable y sin esfuerzo de su viaje.<\/span><\/p>\n","protected":false},"featured_media":8090,"comment_status":"open","ping_status":"closed","template":"","meta":{"_acf_changed":false},"product_brand":[],"product_cat":[702,708,726],"product_tag":[4041,4040],"class_list":{"0":"post-68974","1":"product","2":"type-product","3":"status-publish","4":"has-post-thumbnail","6":"product_cat-verona-es","7":"product_cat-verona-actividades-es","8":"product_cat-verona-traslados-es","9":"product_tag-private-es","10":"product_tag-transfer-es","12":"first","13":"instock","14":"shipping-taxable","15":"purchasable","16":"product-type-simple"},"acf":[],"yoast_head":"<!-- This site is optimized with the Yoast SEO Premium plugin v25.3.1 (Yoast SEO v25.3.1) - https:\/\/yoast.com\/wordpress\/plugins\/seo\/ -->\n<title>Traslados Privados en Verona: veh\u00edculos privado de lujo con chofer oficial | TTM<\/title>\n<meta name=\"description\" content=\"Le ofrecemos la manera m\u00e1s r\u00e1pida y relajante de llegar a su destino en Verona con nuestro traslado privado. Coches y minivans privados con chofer \u2705\" \/>\n<meta name=\"robots\" content=\"index, follow, max-snippet:-1, max-image-preview:large, max-video-preview:-1\" \/>\n<link rel=\"canonical\" href=\"https:\/\/tourtravelandmore.com\/es\/tours\/italia-es\/verona-es\/transfer-privado-hasta-desde-aeropuerto-puerto-de-verona\/\" \/>\n<meta property=\"og:locale\" content=\"es_ES\" \/>\n<meta property=\"og:type\" content=\"article\" \/>\n<meta property=\"og:title\" content=\"Traslados Privados en Verona - hacia\/desde cualquier sitio\" \/>\n<meta property=\"og:description\" content=\"Le ofrecemos la manera m\u00e1s r\u00e1pida y relajante de llegar a su destino en Verona con nuestro traslado privado. Coches y minivans privados con chofer \u2705\" \/>\n<meta property=\"og:url\" content=\"https:\/\/tourtravelandmore.com\/es\/tours\/italia-es\/verona-es\/transfer-privado-hasta-desde-aeropuerto-puerto-de-verona\/\" \/>\n<meta property=\"og:site_name\" content=\"Tour Travel And More\" \/>\n<meta property=\"article:publisher\" content=\"https:\/\/www.facebook.com\/tourtravelandmore\/\" \/>\n<meta property=\"article:modified_time\" content=\"2023-07-24T10:24:36+00:00\" \/>\n<meta property=\"og:image\" content=\"https:\/\/tourtravelandmore.com\/wp-content\/uploads\/2016\/10\/transfer-port-barcelonajpg.jpg\" \/>\n\t<meta property=\"og:image:width\" content=\"955\" \/>\n\t<meta property=\"og:image:height\" content=\"523\" \/>\n\t<meta property=\"og:image:type\" content=\"image\/jpeg\" \/>\n<meta name=\"twitter:card\" content=\"summary_large_image\" \/>\n<meta name=\"twitter:site\" content=\"@TourTravel_More\" \/>\n<meta name=\"twitter:label1\" content=\"Tiempo de lectura\" \/>\n\t<meta name=\"twitter:data1\" content=\"3 minutos\" \/>\n<script type=\"application\/ld+json\" class=\"yoast-schema-graph\">{\"@context\":\"https:\/\/schema.org\",\"@graph\":[{\"@type\":\"WebPage\",\"@id\":\"https:\/\/tourtravelandmore.com\/es\/tours\/italia-es\/verona-es\/transfer-privado-hasta-desde-aeropuerto-puerto-de-verona\/\",\"url\":\"https:\/\/tourtravelandmore.com\/es\/tours\/italia-es\/verona-es\/transfer-privado-hasta-desde-aeropuerto-puerto-de-verona\/\",\"name\":\"Traslados Privados en Verona: veh\u00edculos privado de lujo con chofer oficial | TTM\",\"isPartOf\":{\"@id\":\"https:\/\/tourtravelandmore.com\/es\/#website\"},\"primaryImageOfPage\":{\"@id\":\"https:\/\/tourtravelandmore.com\/es\/tours\/italia-es\/verona-es\/transfer-privado-hasta-desde-aeropuerto-puerto-de-verona\/#primaryimage\"},\"image\":{\"@id\":\"https:\/\/tourtravelandmore.com\/es\/tours\/italia-es\/verona-es\/transfer-privado-hasta-desde-aeropuerto-puerto-de-verona\/#primaryimage\"},\"thumbnailUrl\":\"https:\/\/tourtravelandmore.com\/wp-content\/uploads\/2016\/10\/transfer-port-barcelonajpg.jpg\",\"datePublished\":\"2019-10-14T01:34:21+00:00\",\"dateModified\":\"2023-07-24T10:24:36+00:00\",\"description\":\"Le ofrecemos la manera m\u00e1s r\u00e1pida y relajante de llegar a su destino en Verona con nuestro traslado privado. Coches y minivans privados con chofer \u2705\",\"breadcrumb\":{\"@id\":\"https:\/\/tourtravelandmore.com\/es\/tours\/italia-es\/verona-es\/transfer-privado-hasta-desde-aeropuerto-puerto-de-verona\/#breadcrumb\"},\"inLanguage\":\"es\",\"potentialAction\":[{\"@type\":\"ReadAction\",\"target\":[\"https:\/\/tourtravelandmore.com\/es\/tours\/italia-es\/verona-es\/transfer-privado-hasta-desde-aeropuerto-puerto-de-verona\/\"]}]},{\"@type\":\"ImageObject\",\"inLanguage\":\"es\",\"@id\":\"https:\/\/tourtravelandmore.com\/es\/tours\/italia-es\/verona-es\/transfer-privado-hasta-desde-aeropuerto-puerto-de-verona\/#primaryimage\",\"url\":\"https:\/\/tourtravelandmore.com\/wp-content\/uploads\/2016\/10\/transfer-port-barcelonajpg.jpg\",\"contentUrl\":\"https:\/\/tourtravelandmore.com\/wp-content\/uploads\/2016\/10\/transfer-port-barcelonajpg.jpg\",\"width\":955,\"height\":523,\"caption\":\"Private Transfer\"},{\"@type\":\"BreadcrumbList\",\"@id\":\"https:\/\/tourtravelandmore.com\/es\/tours\/italia-es\/verona-es\/transfer-privado-hasta-desde-aeropuerto-puerto-de-verona\/#breadcrumb\",\"itemListElement\":[{\"@type\":\"ListItem\",\"position\":1,\"name\":\"Home\",\"item\":\"https:\/\/tourtravelandmore.com\/es\/\"},{\"@type\":\"ListItem\",\"position\":2,\"name\":\"Tours\",\"item\":\"https:\/\/tourtravelandmore.com\/es\/tours\/\"},{\"@type\":\"ListItem\",\"position\":3,\"name\":\"Traslados Privados en Verona &#8211; hacia\/desde cualquier sitio\"}]},{\"@type\":\"WebSite\",\"@id\":\"https:\/\/tourtravelandmore.com\/es\/#website\",\"url\":\"https:\/\/tourtravelandmore.com\/es\/\",\"name\":\"Tour Travel And More\",\"description\":\"Private sightseeing tours and luxury transfers in Spain\",\"publisher\":{\"@id\":\"https:\/\/tourtravelandmore.com\/es\/#organization\"},\"potentialAction\":[{\"@type\":\"SearchAction\",\"target\":{\"@type\":\"EntryPoint\",\"urlTemplate\":\"https:\/\/tourtravelandmore.com\/es\/?s={search_term_string}\"},\"query-input\":{\"@type\":\"PropertyValueSpecification\",\"valueRequired\":true,\"valueName\":\"search_term_string\"}}],\"inLanguage\":\"es\"},{\"@type\":\"Organization\",\"@id\":\"https:\/\/tourtravelandmore.com\/es\/#organization\",\"name\":\"Tour Travel And More\",\"url\":\"https:\/\/tourtravelandmore.com\/es\/\",\"logo\":{\"@type\":\"ImageObject\",\"inLanguage\":\"es\",\"@id\":\"https:\/\/tourtravelandmore.com\/es\/#\/schema\/logo\/image\/\",\"url\":\"https:\/\/tourtravelandmore.com\/wp-content\/uploads\/2022\/12\/cropped-logo-cabecera-new.png\",\"contentUrl\":\"https:\/\/tourtravelandmore.com\/wp-content\/uploads\/2022\/12\/cropped-logo-cabecera-new.png\",\"width\":430,\"height\":61,\"caption\":\"Tour Travel And More\"},\"image\":{\"@id\":\"https:\/\/tourtravelandmore.com\/es\/#\/schema\/logo\/image\/\"},\"sameAs\":[\"https:\/\/www.facebook.com\/tourtravelandmore\/\",\"https:\/\/x.com\/TourTravel_More\"]}]}<\/script>\n<!-- \/ Yoast SEO Premium plugin. -->","yoast_head_json":{"title":"Traslados Privados en Verona: veh\u00edculos privado de lujo con chofer oficial | TTM","description":"Le ofrecemos la manera m\u00e1s r\u00e1pida y relajante de llegar a su destino en Verona con nuestro traslado privado. Coches y minivans privados con chofer \u2705","robots":{"index":"index","follow":"follow","max-snippet":"max-snippet:-1","max-image-preview":"max-image-preview:large","max-video-preview":"max-video-preview:-1"},"canonical":"https:\/\/tourtravelandmore.com\/es\/tours\/italia-es\/verona-es\/transfer-privado-hasta-desde-aeropuerto-puerto-de-verona\/","og_locale":"es_ES","og_type":"article","og_title":"Traslados Privados en Verona - hacia\/desde cualquier sitio","og_description":"Le ofrecemos la manera m\u00e1s r\u00e1pida y relajante de llegar a su destino en Verona con nuestro traslado privado. Coches y minivans privados con chofer \u2705","og_url":"https:\/\/tourtravelandmore.com\/es\/tours\/italia-es\/verona-es\/transfer-privado-hasta-desde-aeropuerto-puerto-de-verona\/","og_site_name":"Tour Travel And More","article_publisher":"https:\/\/www.facebook.com\/tourtravelandmore\/","article_modified_time":"2023-07-24T10:24:36+00:00","og_image":[{"width":955,"height":523,"url":"https:\/\/tourtravelandmore.com\/wp-content\/uploads\/2016\/10\/transfer-port-barcelonajpg.jpg","type":"image\/jpeg"}],"twitter_card":"summary_large_image","twitter_site":"@TourTravel_More","twitter_misc":{"Tiempo de lectura":"3 minutos"},"schema":{"@context":"https:\/\/schema.org","@graph":[{"@type":"WebPage","@id":"https:\/\/tourtravelandmore.com\/es\/tours\/italia-es\/verona-es\/transfer-privado-hasta-desde-aeropuerto-puerto-de-verona\/","url":"https:\/\/tourtravelandmore.com\/es\/tours\/italia-es\/verona-es\/transfer-privado-hasta-desde-aeropuerto-puerto-de-verona\/","name":"Traslados Privados en Verona: veh\u00edculos privado de lujo con chofer oficial | TTM","isPartOf":{"@id":"https:\/\/tourtravelandmore.com\/es\/#website"},"primaryImageOfPage":{"@id":"https:\/\/tourtravelandmore.com\/es\/tours\/italia-es\/verona-es\/transfer-privado-hasta-desde-aeropuerto-puerto-de-verona\/#primaryimage"},"image":{"@id":"https:\/\/tourtravelandmore.com\/es\/tours\/italia-es\/verona-es\/transfer-privado-hasta-desde-aeropuerto-puerto-de-verona\/#primaryimage"},"thumbnailUrl":"https:\/\/tourtravelandmore.com\/wp-content\/uploads\/2016\/10\/transfer-port-barcelonajpg.jpg","datePublished":"2019-10-14T01:34:21+00:00","dateModified":"2023-07-24T10:24:36+00:00","description":"Le ofrecemos la manera m\u00e1s r\u00e1pida y relajante de llegar a su destino en Verona con nuestro traslado privado. Coches y minivans privados con chofer \u2705","breadcrumb":{"@id":"https:\/\/tourtravelandmore.com\/es\/tours\/italia-es\/verona-es\/transfer-privado-hasta-desde-aeropuerto-puerto-de-verona\/#breadcrumb"},"inLanguage":"es","potentialAction":[{"@type":"ReadAction","target":["https:\/\/tourtravelandmore.com\/es\/tours\/italia-es\/verona-es\/transfer-privado-hasta-desde-aeropuerto-puerto-de-verona\/"]}]},{"@type":"ImageObject","inLanguage":"es","@id":"https:\/\/tourtravelandmore.com\/es\/tours\/italia-es\/verona-es\/transfer-privado-hasta-desde-aeropuerto-puerto-de-verona\/#primaryimage","url":"https:\/\/tourtravelandmore.com\/wp-content\/uploads\/2016\/10\/transfer-port-barcelonajpg.jpg","contentUrl":"https:\/\/tourtravelandmore.com\/wp-content\/uploads\/2016\/10\/transfer-port-barcelonajpg.jpg","width":955,"height":523,"caption":"Private Transfer"},{"@type":"BreadcrumbList","@id":"https:\/\/tourtravelandmore.com\/es\/tours\/italia-es\/verona-es\/transfer-privado-hasta-desde-aeropuerto-puerto-de-verona\/#breadcrumb","itemListElement":[{"@type":"ListItem","position":1,"name":"Home","item":"https:\/\/tourtravelandmore.com\/es\/"},{"@type":"ListItem","position":2,"name":"Tours","item":"https:\/\/tourtravelandmore.com\/es\/tours\/"},{"@type":"ListItem","position":3,"name":"Traslados Privados en Verona &#8211; hacia\/desde cualquier sitio"}]},{"@type":"WebSite","@id":"https:\/\/tourtravelandmore.com\/es\/#website","url":"https:\/\/tourtravelandmore.com\/es\/","name":"Tour Travel And More","description":"Private sightseeing tours and luxury transfers in Spain","publisher":{"@id":"https:\/\/tourtravelandmore.com\/es\/#organization"},"potentialAction":[{"@type":"SearchAction","target":{"@type":"EntryPoint","urlTemplate":"https:\/\/tourtravelandmore.com\/es\/?s={search_term_string}"},"query-input":{"@type":"PropertyValueSpecification","valueRequired":true,"valueName":"search_term_string"}}],"inLanguage":"es"},{"@type":"Organization","@id":"https:\/\/tourtravelandmore.com\/es\/#organization","name":"Tour Travel And More","url":"https:\/\/tourtravelandmore.com\/es\/","logo":{"@type":"ImageObject","inLanguage":"es","@id":"https:\/\/tourtravelandmore.com\/es\/#\/schema\/logo\/image\/","url":"https:\/\/tourtravelandmore.com\/wp-content\/uploads\/2022\/12\/cropped-logo-cabecera-new.png","contentUrl":"https:\/\/tourtravelandmore.com\/wp-content\/uploads\/2022\/12\/cropped-logo-cabecera-new.png","width":430,"height":61,"caption":"Tour Travel And More"},"image":{"@id":"https:\/\/tourtravelandmore.com\/es\/#\/schema\/logo\/image\/"},"sameAs":["https:\/\/www.facebook.com\/tourtravelandmore\/","https:\/\/x.com\/TourTravel_More"]}]}},"_links":{"self":[{"href":"https:\/\/tourtravelandmore.com\/es\/wp-json\/wp\/v2\/product\/68974","targetHints":{"allow":["GET"]}}],"collection":[{"href":"https:\/\/tourtravelandmore.com\/es\/wp-json\/wp\/v2\/product"}],"about":[{"href":"https:\/\/tourtravelandmore.com\/es\/wp-json\/wp\/v2\/types\/product"}],"replies":[{"embeddable":true,"href":"https:\/\/tourtravelandmore.com\/es\/wp-json\/wp\/v2\/comments?post=68974"}],"wp:featuredmedia":[{"embeddable":true,"href":"https:\/\/tourtravelandmore.com\/es\/wp-json\/wp\/v2\/media\/8090"}],"wp:attachment":[{"href":"https:\/\/tourtravelandmore.com\/es\/wp-json\/wp\/v2\/media?parent=68974"}],"wp:term":[{"taxonomy":"product_brand","embeddable":true,"href":"https:\/\/tourtravelandmore.com\/es\/wp-json\/wp\/v2\/product_brand?post=68974"},{"taxonomy":"product_cat","embeddable":true,"href":"https:\/\/tourtravelandmore.com\/es\/wp-json\/wp\/v2\/product_cat?post=68974"},{"taxonomy":"product_tag","embeddable":true,"href":"https:\/\/tourtravelandmore.com\/es\/wp-json\/wp\/v2\/product_tag?post=68974"}],"curies":[{"name":"wp","href":"https:\/\/api.w.org\/{rel}","templated":true}]}}