{"id":68912,"date":"2019-10-21T03:33:33","date_gmt":"2019-10-18T10:19:33","guid":{"rendered":"https:\/\/tourtravelandmore.com\/?post_type=product&#038;p=68912"},"modified":"2023-01-28T08:48:26","modified_gmt":"2023-01-28T07:48:26","slug":"traslado-a-ronda-privado-desde-cualquier-ciudad-con-chofer","status":"publish","type":"product","link":"https:\/\/tourtravelandmore.com\/es\/tours\/espana-es\/ronda-es\/traslado-a-ronda-privado-desde-cualquier-ciudad-con-chofer\/","title":{"rendered":"Traslado privado a Ronda desde cualquier ciudad"},"content":{"rendered":"<h2>Descripci\u00f3n del Traslado privado a Ronda desde cualquier ciudad<\/h2>\n<p>Nuestro conductor a la hora seleccionado le recoger\u00e1 para empezar su traslado a Ronda. No solamente podemos realizar un traslado, sino tambi\u00e9n, un tour con gu\u00eda y devolverle a su hotel.<\/p>\n<p>Operamos en toda Andaluc\u00eda, podemos recogerle desde cualquier ciudad: Sevilla, Malaga, Marbella, Cadiz, Granada, C\u00f3rdoba.<\/p>\n<p>Disponemos de varios tipos de veh\u00edculos para su traslado a Ronda: Mercedes S, Skoda, Mercedes Vito, Mercedes Viano y Mini Bus.<\/p>\n<p>Es importante que en el formulario de contacto indique el n\u00famero de personas y lugar de recogida y devoluci\u00f3n, para enviarle una cotizaci\u00f3n correcta y detallada.<\/p>\n<p>Adem\u00e1s de Traslados, podemos organizar los siguientes servicios:<\/p>\n<ul>\n<li><strong>Traslados entre ciudades<\/strong><\/li>\n<li><strong>Traslados Aeropuertos<\/strong><\/li>\n<li><strong>Tours y excursiones privadas<\/strong><\/li>\n<li><strong>Ferias<\/strong><\/li>\n<li><strong>Congresos<\/strong><\/li>\n<li><strong>Eventos privados<\/strong><\/li>\n<\/ul>\n<p>Puede consultar <a href=\"https:\/\/tourtravelandmore.com\/es\/ciudad\/espana-es\/ronda-es\/\"><strong>aqu\u00ed<\/strong><\/a>, el resto de tour privado que ofrecemos en Ronda.<\/p>\n<p>A trav\u00e9s del formulario de contacto puede contactar con nosotros y nuestro equipo le enviar\u00e1 la informaci\u00f3n detallada. Recuerda indicar el n\u00famero de personas, y lugar de recogida y devoluci\u00f3n.<\/p>\n<p>Todo nuestro equipo est\u00e1 perfectamente uniformado y habla diferentes idiomas, solo lo tiene que indicar.<\/p>\n<h2>Puntos de Inter\u00e9s en el Traslado privado a Ronda desde cualquier ciudad<\/h2>\n<p>Ronda es una ciudad de Andaluc\u00eda. Est\u00e1 situada al noreste de M\u00e1laga a unos 100 kil\u00f3metros. Ronda tiene m\u00e1s de 35,000 habitantes. Ronda es una ciudad muy antigua que tiene su origen en la Arunda romana. Es una ciudad con mucha historia, no pierdan esta oportunidad para conocer la maravillosa ciudad de Ronda junto a su gu\u00eda oficial privado.<\/p>\n<p>Est\u00e1 situada sobre un profundo desfiladero. Ese desfiladero (el Tajo) separa la nueva ciudad, que data de aproximadamente del siglo XV, del casco antiguo, que se remonta a la \u00e9poca del dominio \u00e1rabe. En el Puente Nuevo, un puente de piedra que se extiende sobre el desfiladero, hay un mirador con vistas. La plaza de toros de la ciudad nueva, una plaza legendaria del siglo XVIII, es uno de los monumentos m\u00e1s destacados de la ciudad.<\/p>\n<p>&nbsp;<\/p>\n","protected":false},"excerpt":{"rendered":"<p>Aproveche esta oportunidad para llegar a su destino en Ronda de la manera m\u00e1s c\u00f3moda y r\u00e1pida posible.<br \/>\nOrganizamos recogidas desde su hotel, aeropuerto, tren o cualquier lugar de Ronda.<\/p>\n<p>&nbsp;<\/p>\n","protected":false},"featured_media":8090,"comment_status":"open","ping_status":"closed","template":"","meta":{"_acf_changed":false},"product_brand":[],"product_cat":[100,518,104],"product_tag":[4041,4040],"class_list":{"0":"post-68912","1":"product","2":"type-product","3":"status-publish","4":"has-post-thumbnail","6":"product_cat-ronda-es","7":"product_cat-ronda-actividades-es","8":"product_cat-ronda-traslados-es","9":"product_tag-private-es","10":"product_tag-transfer-es","12":"first","13":"instock","14":"shipping-taxable","15":"purchasable","16":"product-type-simple"},"acf":[],"yoast_head":"<!-- This site is optimized with the Yoast SEO Premium plugin v25.3.1 (Yoast SEO v25.3.1) - https:\/\/yoast.com\/wordpress\/plugins\/seo\/ -->\n<title>\u27a1\ufe0f Traslado a Ronda privado desde cualquier ciudad con chofer | Tour Travel &amp; More<\/title>\n<meta name=\"description\" content=\"Descubre la ciudad de Ronda, gracias a este Traslado a Ronda con chofer. Viaja de forma r\u00e1pida, segura y sin esperas a cualquier ciudad de Andalucia \u2705\" \/>\n<meta name=\"robots\" content=\"index, follow, max-snippet:-1, max-image-preview:large, max-video-preview:-1\" \/>\n<link rel=\"canonical\" href=\"https:\/\/tourtravelandmore.com\/es\/tours\/espana-es\/ronda-es\/traslado-a-ronda-privado-desde-cualquier-ciudad-con-chofer\/\" \/>\n<meta property=\"og:locale\" content=\"es_ES\" \/>\n<meta property=\"og:type\" content=\"article\" \/>\n<meta property=\"og:title\" content=\"Traslado privado a Ronda desde cualquier ciudad\" \/>\n<meta property=\"og:description\" content=\"Descubre la ciudad de Ronda, gracias a este Traslado a Ronda con chofer. Viaja de forma r\u00e1pida, segura y sin esperas a cualquier ciudad de Andalucia \u2705\" \/>\n<meta property=\"og:url\" content=\"https:\/\/tourtravelandmore.com\/es\/tours\/espana-es\/ronda-es\/traslado-a-ronda-privado-desde-cualquier-ciudad-con-chofer\/\" \/>\n<meta property=\"og:site_name\" content=\"Tour Travel And More\" \/>\n<meta property=\"article:publisher\" content=\"https:\/\/www.facebook.com\/tourtravelandmore\/\" \/>\n<meta property=\"article:modified_time\" content=\"2023-01-28T07:48:26+00:00\" \/>\n<meta property=\"og:image\" content=\"https:\/\/tourtravelandmore.com\/wp-content\/uploads\/2016\/10\/transfer-port-barcelonajpg.jpg\" \/>\n\t<meta property=\"og:image:width\" content=\"955\" \/>\n\t<meta property=\"og:image:height\" content=\"523\" \/>\n\t<meta property=\"og:image:type\" content=\"image\/jpeg\" \/>\n<meta name=\"twitter:card\" content=\"summary_large_image\" \/>\n<meta name=\"twitter:site\" content=\"@TourTravel_More\" \/>\n<meta name=\"twitter:label1\" content=\"Tiempo de lectura\" \/>\n\t<meta name=\"twitter:data1\" content=\"2 minutos\" \/>\n<script type=\"application\/ld+json\" class=\"yoast-schema-graph\">{\"@context\":\"https:\/\/schema.org\",\"@graph\":[{\"@type\":\"WebPage\",\"@id\":\"https:\/\/tourtravelandmore.com\/es\/tours\/espana-es\/ronda-es\/traslado-a-ronda-privado-desde-cualquier-ciudad-con-chofer\/\",\"url\":\"https:\/\/tourtravelandmore.com\/es\/tours\/espana-es\/ronda-es\/traslado-a-ronda-privado-desde-cualquier-ciudad-con-chofer\/\",\"name\":\"\u27a1\ufe0f Traslado a Ronda privado desde cualquier ciudad con chofer | Tour Travel & More\",\"isPartOf\":{\"@id\":\"https:\/\/tourtravelandmore.com\/es\/#website\"},\"primaryImageOfPage\":{\"@id\":\"https:\/\/tourtravelandmore.com\/es\/tours\/espana-es\/ronda-es\/traslado-a-ronda-privado-desde-cualquier-ciudad-con-chofer\/#primaryimage\"},\"image\":{\"@id\":\"https:\/\/tourtravelandmore.com\/es\/tours\/espana-es\/ronda-es\/traslado-a-ronda-privado-desde-cualquier-ciudad-con-chofer\/#primaryimage\"},\"thumbnailUrl\":\"https:\/\/tourtravelandmore.com\/wp-content\/uploads\/2016\/10\/transfer-port-barcelonajpg.jpg\",\"datePublished\":\"2019-10-18T10:19:33+00:00\",\"dateModified\":\"2023-01-28T07:48:26+00:00\",\"description\":\"Descubre la ciudad de Ronda, gracias a este Traslado a Ronda con chofer. Viaja de forma r\u00e1pida, segura y sin esperas a cualquier ciudad de Andalucia \u2705\",\"breadcrumb\":{\"@id\":\"https:\/\/tourtravelandmore.com\/es\/tours\/espana-es\/ronda-es\/traslado-a-ronda-privado-desde-cualquier-ciudad-con-chofer\/#breadcrumb\"},\"inLanguage\":\"es\",\"potentialAction\":[{\"@type\":\"ReadAction\",\"target\":[\"https:\/\/tourtravelandmore.com\/es\/tours\/espana-es\/ronda-es\/traslado-a-ronda-privado-desde-cualquier-ciudad-con-chofer\/\"]}]},{\"@type\":\"ImageObject\",\"inLanguage\":\"es\",\"@id\":\"https:\/\/tourtravelandmore.com\/es\/tours\/espana-es\/ronda-es\/traslado-a-ronda-privado-desde-cualquier-ciudad-con-chofer\/#primaryimage\",\"url\":\"https:\/\/tourtravelandmore.com\/wp-content\/uploads\/2016\/10\/transfer-port-barcelonajpg.jpg\",\"contentUrl\":\"https:\/\/tourtravelandmore.com\/wp-content\/uploads\/2016\/10\/transfer-port-barcelonajpg.jpg\",\"width\":955,\"height\":523,\"caption\":\"Private Transfer\"},{\"@type\":\"BreadcrumbList\",\"@id\":\"https:\/\/tourtravelandmore.com\/es\/tours\/espana-es\/ronda-es\/traslado-a-ronda-privado-desde-cualquier-ciudad-con-chofer\/#breadcrumb\",\"itemListElement\":[{\"@type\":\"ListItem\",\"position\":1,\"name\":\"Home\",\"item\":\"https:\/\/tourtravelandmore.com\/es\/\"},{\"@type\":\"ListItem\",\"position\":2,\"name\":\"Tours\",\"item\":\"https:\/\/tourtravelandmore.com\/es\/tours\/\"},{\"@type\":\"ListItem\",\"position\":3,\"name\":\"Traslado privado a Ronda desde cualquier ciudad\"}]},{\"@type\":\"WebSite\",\"@id\":\"https:\/\/tourtravelandmore.com\/es\/#website\",\"url\":\"https:\/\/tourtravelandmore.com\/es\/\",\"name\":\"Tour Travel And More\",\"description\":\"Private sightseeing tours and luxury transfers in Spain\",\"publisher\":{\"@id\":\"https:\/\/tourtravelandmore.com\/es\/#organization\"},\"potentialAction\":[{\"@type\":\"SearchAction\",\"target\":{\"@type\":\"EntryPoint\",\"urlTemplate\":\"https:\/\/tourtravelandmore.com\/es\/?s={search_term_string}\"},\"query-input\":{\"@type\":\"PropertyValueSpecification\",\"valueRequired\":true,\"valueName\":\"search_term_string\"}}],\"inLanguage\":\"es\"},{\"@type\":\"Organization\",\"@id\":\"https:\/\/tourtravelandmore.com\/es\/#organization\",\"name\":\"Tour Travel And More\",\"url\":\"https:\/\/tourtravelandmore.com\/es\/\",\"logo\":{\"@type\":\"ImageObject\",\"inLanguage\":\"es\",\"@id\":\"https:\/\/tourtravelandmore.com\/es\/#\/schema\/logo\/image\/\",\"url\":\"https:\/\/tourtravelandmore.com\/wp-content\/uploads\/2022\/12\/cropped-logo-cabecera-new.png\",\"contentUrl\":\"https:\/\/tourtravelandmore.com\/wp-content\/uploads\/2022\/12\/cropped-logo-cabecera-new.png\",\"width\":430,\"height\":61,\"caption\":\"Tour Travel And More\"},\"image\":{\"@id\":\"https:\/\/tourtravelandmore.com\/es\/#\/schema\/logo\/image\/\"},\"sameAs\":[\"https:\/\/www.facebook.com\/tourtravelandmore\/\",\"https:\/\/x.com\/TourTravel_More\"]}]}<\/script>\n<!-- \/ Yoast SEO Premium plugin. -->","yoast_head_json":{"title":"\u27a1\ufe0f Traslado a Ronda privado desde cualquier ciudad con chofer | Tour Travel & More","description":"Descubre la ciudad de Ronda, gracias a este Traslado a Ronda con chofer. Viaja de forma r\u00e1pida, segura y sin esperas a cualquier ciudad de Andalucia \u2705","robots":{"index":"index","follow":"follow","max-snippet":"max-snippet:-1","max-image-preview":"max-image-preview:large","max-video-preview":"max-video-preview:-1"},"canonical":"https:\/\/tourtravelandmore.com\/es\/tours\/espana-es\/ronda-es\/traslado-a-ronda-privado-desde-cualquier-ciudad-con-chofer\/","og_locale":"es_ES","og_type":"article","og_title":"Traslado privado a Ronda desde cualquier ciudad","og_description":"Descubre la ciudad de Ronda, gracias a este Traslado a Ronda con chofer. Viaja de forma r\u00e1pida, segura y sin esperas a cualquier ciudad de Andalucia \u2705","og_url":"https:\/\/tourtravelandmore.com\/es\/tours\/espana-es\/ronda-es\/traslado-a-ronda-privado-desde-cualquier-ciudad-con-chofer\/","og_site_name":"Tour Travel And More","article_publisher":"https:\/\/www.facebook.com\/tourtravelandmore\/","article_modified_time":"2023-01-28T07:48:26+00:00","og_image":[{"width":955,"height":523,"url":"https:\/\/tourtravelandmore.com\/wp-content\/uploads\/2016\/10\/transfer-port-barcelonajpg.jpg","type":"image\/jpeg"}],"twitter_card":"summary_large_image","twitter_site":"@TourTravel_More","twitter_misc":{"Tiempo de lectura":"2 minutos"},"schema":{"@context":"https:\/\/schema.org","@graph":[{"@type":"WebPage","@id":"https:\/\/tourtravelandmore.com\/es\/tours\/espana-es\/ronda-es\/traslado-a-ronda-privado-desde-cualquier-ciudad-con-chofer\/","url":"https:\/\/tourtravelandmore.com\/es\/tours\/espana-es\/ronda-es\/traslado-a-ronda-privado-desde-cualquier-ciudad-con-chofer\/","name":"\u27a1\ufe0f Traslado a Ronda privado desde cualquier ciudad con chofer | Tour Travel & More","isPartOf":{"@id":"https:\/\/tourtravelandmore.com\/es\/#website"},"primaryImageOfPage":{"@id":"https:\/\/tourtravelandmore.com\/es\/tours\/espana-es\/ronda-es\/traslado-a-ronda-privado-desde-cualquier-ciudad-con-chofer\/#primaryimage"},"image":{"@id":"https:\/\/tourtravelandmore.com\/es\/tours\/espana-es\/ronda-es\/traslado-a-ronda-privado-desde-cualquier-ciudad-con-chofer\/#primaryimage"},"thumbnailUrl":"https:\/\/tourtravelandmore.com\/wp-content\/uploads\/2016\/10\/transfer-port-barcelonajpg.jpg","datePublished":"2019-10-18T10:19:33+00:00","dateModified":"2023-01-28T07:48:26+00:00","description":"Descubre la ciudad de Ronda, gracias a este Traslado a Ronda con chofer. Viaja de forma r\u00e1pida, segura y sin esperas a cualquier ciudad de Andalucia \u2705","breadcrumb":{"@id":"https:\/\/tourtravelandmore.com\/es\/tours\/espana-es\/ronda-es\/traslado-a-ronda-privado-desde-cualquier-ciudad-con-chofer\/#breadcrumb"},"inLanguage":"es","potentialAction":[{"@type":"ReadAction","target":["https:\/\/tourtravelandmore.com\/es\/tours\/espana-es\/ronda-es\/traslado-a-ronda-privado-desde-cualquier-ciudad-con-chofer\/"]}]},{"@type":"ImageObject","inLanguage":"es","@id":"https:\/\/tourtravelandmore.com\/es\/tours\/espana-es\/ronda-es\/traslado-a-ronda-privado-desde-cualquier-ciudad-con-chofer\/#primaryimage","url":"https:\/\/tourtravelandmore.com\/wp-content\/uploads\/2016\/10\/transfer-port-barcelonajpg.jpg","contentUrl":"https:\/\/tourtravelandmore.com\/wp-content\/uploads\/2016\/10\/transfer-port-barcelonajpg.jpg","width":955,"height":523,"caption":"Private Transfer"},{"@type":"BreadcrumbList","@id":"https:\/\/tourtravelandmore.com\/es\/tours\/espana-es\/ronda-es\/traslado-a-ronda-privado-desde-cualquier-ciudad-con-chofer\/#breadcrumb","itemListElement":[{"@type":"ListItem","position":1,"name":"Home","item":"https:\/\/tourtravelandmore.com\/es\/"},{"@type":"ListItem","position":2,"name":"Tours","item":"https:\/\/tourtravelandmore.com\/es\/tours\/"},{"@type":"ListItem","position":3,"name":"Traslado privado a Ronda desde cualquier ciudad"}]},{"@type":"WebSite","@id":"https:\/\/tourtravelandmore.com\/es\/#website","url":"https:\/\/tourtravelandmore.com\/es\/","name":"Tour Travel And More","description":"Private sightseeing tours and luxury transfers in Spain","publisher":{"@id":"https:\/\/tourtravelandmore.com\/es\/#organization"},"potentialAction":[{"@type":"SearchAction","target":{"@type":"EntryPoint","urlTemplate":"https:\/\/tourtravelandmore.com\/es\/?s={search_term_string}"},"query-input":{"@type":"PropertyValueSpecification","valueRequired":true,"valueName":"search_term_string"}}],"inLanguage":"es"},{"@type":"Organization","@id":"https:\/\/tourtravelandmore.com\/es\/#organization","name":"Tour Travel And More","url":"https:\/\/tourtravelandmore.com\/es\/","logo":{"@type":"ImageObject","inLanguage":"es","@id":"https:\/\/tourtravelandmore.com\/es\/#\/schema\/logo\/image\/","url":"https:\/\/tourtravelandmore.com\/wp-content\/uploads\/2022\/12\/cropped-logo-cabecera-new.png","contentUrl":"https:\/\/tourtravelandmore.com\/wp-content\/uploads\/2022\/12\/cropped-logo-cabecera-new.png","width":430,"height":61,"caption":"Tour Travel And More"},"image":{"@id":"https:\/\/tourtravelandmore.com\/es\/#\/schema\/logo\/image\/"},"sameAs":["https:\/\/www.facebook.com\/tourtravelandmore\/","https:\/\/x.com\/TourTravel_More"]}]}},"_links":{"self":[{"href":"https:\/\/tourtravelandmore.com\/es\/wp-json\/wp\/v2\/product\/68912","targetHints":{"allow":["GET"]}}],"collection":[{"href":"https:\/\/tourtravelandmore.com\/es\/wp-json\/wp\/v2\/product"}],"about":[{"href":"https:\/\/tourtravelandmore.com\/es\/wp-json\/wp\/v2\/types\/product"}],"replies":[{"embeddable":true,"href":"https:\/\/tourtravelandmore.com\/es\/wp-json\/wp\/v2\/comments?post=68912"}],"wp:featuredmedia":[{"embeddable":true,"href":"https:\/\/tourtravelandmore.com\/es\/wp-json\/wp\/v2\/media\/8090"}],"wp:attachment":[{"href":"https:\/\/tourtravelandmore.com\/es\/wp-json\/wp\/v2\/media?parent=68912"}],"wp:term":[{"taxonomy":"product_brand","embeddable":true,"href":"https:\/\/tourtravelandmore.com\/es\/wp-json\/wp\/v2\/product_brand?post=68912"},{"taxonomy":"product_cat","embeddable":true,"href":"https:\/\/tourtravelandmore.com\/es\/wp-json\/wp\/v2\/product_cat?post=68912"},{"taxonomy":"product_tag","embeddable":true,"href":"https:\/\/tourtravelandmore.com\/es\/wp-json\/wp\/v2\/product_tag?post=68912"}],"curies":[{"name":"wp","href":"https:\/\/api.w.org\/{rel}","templated":true}]}}