{"id":68907,"date":"2019-10-21T03:33:31","date_gmt":"2019-10-18T14:12:31","guid":{"rendered":"https:\/\/tourtravelandmore.com\/?post_type=product&#038;p=68907"},"modified":"2023-12-29T11:19:22","modified_gmt":"2023-12-29T10:19:22","slug":"transfer-privado-hasta-desde-aeropuerto-puerto-de-rotterdam","status":"publish","type":"product","link":"https:\/\/tourtravelandmore.com\/es\/tours\/paises-bajos-es\/rotterdam-es\/transfer-privado-hasta-desde-aeropuerto-puerto-de-rotterdam\/","title":{"rendered":"Transfer Privado hasta\/desde aeropuerto\/puerto de Rotterdam"},"content":{"rendered":"<h2>Descripci\u00f3n de los traslados privados en R\u00f3terdam<\/h2>\n<p>Con nuestro <strong>traslado privado<\/strong> en Rotterdam, le ofrecemos llegar a su destino r\u00e1pidamente en<strong> Rotterdam <\/strong>con su <b>traslado privado<\/b>. Disfruta de una experiencia relajante en uno de nuestros<strong> veh\u00edculos privados<\/strong> de lujo. Ofrecemos todo tipo de traslados como, por ejemplo, traslados al aeropuerto, traslados a restaurantes o traslados a cualquier lugar.<br \/>\nUna vez que llegue a su destino, nuestro personal lo estar\u00e1 esperando con un cartel en la terminal de llegadas. Tambi\u00e9n podr\u00e1 disfrutar del paisaje panor\u00e1mico de la ciudad en su veh\u00edculo privado de lujo.<\/p>\n<p>Disfrute de traslados privados desde su hotel o apartamento hasta el aeropuerto o puerto. Ofrecemos traslados a otras ciudades cercanas a <strong>Rotterdam<\/strong>.<br \/>\nOfrecemos traslados en<strong> Rotterdam <\/strong>para grupos privados e incluso incentivos y grupos grandes y ofrecemos un servicio personalizado. Todo lo que necesita hacer es contactarnos y organizaremos su transferencia de la mejor manera posible.<\/p>\n<p>Recibir\u00e1 confirmaci\u00f3n por correo electr\u00f3nico tan pronto como se haga su reserva. Una vez realizada su reserva, necesitaremos la informaci\u00f3n de su vuelo, la hora de llegada y la ciudad de salida con la compa\u00f1\u00eda a\u00e9rea, o la informaci\u00f3n de su puerto. Necesitaremos un tiempo de confirmaci\u00f3n de su llegada de 48 a 24 horas, para brindarle un servicio de traslado perfecto.<\/p>\n<p>Le pedimos inf\u00f3rmenos con cu\u00e1nto equipaje viajar\u00e1 solo por cuestiones de log\u00edstica, ya que a veces puede ser necesario un veh\u00edculo m\u00e1s grande y se pueden aplicar tarifas adicionales.<br \/>\nSi necesita un asiento para beb\u00e9 o ni\u00f1o, p\u00f3ngase en contacto con nosotros antes de su traslado para organizarlo correctamente.<\/p>\n<h2>La Ciudad: Rotterdam<\/h2>\n<p>Rotterdam est\u00e1 ubicada en el sur de Holanda. La ciudad fue fundada en 1270. Rotterdam tiene uno de los puertos m\u00e1s emblem\u00e1ticos de Europa y un poblaci\u00f3n de 633,000 personas. Es la segunda ciudad m\u00e1s grande del pa\u00eds despu\u00e9s de Amsterdam. Rotterdam es reconocida mundialmente por su universidad Erasmus.<\/p>\n<h3>Nuestros Tours Privados en Tour Travel &amp; More<\/h3>\n<p>Ofrecemos a todos nuestros clientes tours privados para familias, amigos e incluso para incentivos o grupos grandes.\u00a0 Hacemos todo lo posible para que su estancia sea inolvidable. Nuestra flota est\u00e1 conformada por veh\u00edculos de lujo, y nuestro personal es multiling\u00fce. Todos nuestros gu\u00edas son gu\u00edas oficiales y son grandes conocedores de la ciudad. Nuestros gu\u00edas hablan varios idiomas: <strong>Ingl\u00e9s, Espa\u00f1ol, Franc\u00e9s, Italiano, Polaco, Holand\u00e9s, Chino, Ruso, Japon\u00e9s, Alem\u00e1n, Griego y Portugu\u00e9s.<\/strong><\/p>\n","protected":false},"excerpt":{"rendered":"<p>Aproveche esta oportunidad para <strong>llegar a su destino final en Rotterdam<\/strong>\u00a0de la manera m\u00e1s c\u00f3moda y r\u00e1pida posible.<br \/>\nOrganizamos recogidas desde su hotel, aeropuerto, estaci\u00f3n de tren o cualquier lugar de <strong>Rotterdam<\/strong>. Es posible coordinar transfers privados desde\/hasta Rotterdam desde otras ciudades en Holanda.<\/p>\n","protected":false},"featured_media":8097,"comment_status":"open","ping_status":"closed","template":"","meta":{"_acf_changed":false},"product_brand":[],"product_cat":[1600,985,986,989],"product_tag":[4041,4040],"class_list":{"0":"post-68907","1":"product","2":"type-product","3":"status-publish","4":"has-post-thumbnail","6":"product_cat-paises-bajos-es","7":"product_cat-rotterdam-es","8":"product_cat-rotterdam-actividades-es","9":"product_cat-rotterdam-traslados-es","10":"product_tag-private-es","11":"product_tag-transfer-es","13":"first","14":"instock","15":"shipping-taxable","16":"purchasable","17":"product-type-simple"},"acf":[],"yoast_head":"<!-- This site is optimized with the Yoast SEO Premium plugin v25.3.1 (Yoast SEO v25.3.1) - https:\/\/yoast.com\/wordpress\/plugins\/seo\/ -->\n<title>\u27a1\ufe0f Transfer Privado Aeropuerto\/puerto Rotterdam TRASLADO ROTTERDAM | Tour Travel &amp; More<\/title>\n<meta name=\"description\" content=\"Le ofrecemos la manera m\u00e1s r\u00e1pida y relajante de llegar a su destino en Rotterdam con nuestro traslado privado. Coches privados y minivans privados \u2705\" \/>\n<meta name=\"robots\" content=\"index, follow, max-snippet:-1, max-image-preview:large, max-video-preview:-1\" \/>\n<link rel=\"canonical\" href=\"https:\/\/tourtravelandmore.com\/es\/tours\/paises-bajos-es\/rotterdam-es\/transfer-privado-hasta-desde-aeropuerto-puerto-de-rotterdam\/\" \/>\n<meta property=\"og:locale\" content=\"es_ES\" \/>\n<meta property=\"og:type\" content=\"article\" \/>\n<meta property=\"og:title\" content=\"Transfer Privado hasta\/desde aeropuerto\/puerto de Rotterdam\" \/>\n<meta property=\"og:description\" content=\"Le ofrecemos la manera m\u00e1s r\u00e1pida y relajante de llegar a su destino en Rotterdam con nuestro traslado privado. Coches privados y minivans privados \u2705\" \/>\n<meta property=\"og:url\" content=\"https:\/\/tourtravelandmore.com\/es\/tours\/paises-bajos-es\/rotterdam-es\/transfer-privado-hasta-desde-aeropuerto-puerto-de-rotterdam\/\" \/>\n<meta property=\"og:site_name\" content=\"Tour Travel And More\" \/>\n<meta property=\"article:publisher\" content=\"https:\/\/www.facebook.com\/tourtravelandmore\/\" \/>\n<meta property=\"article:modified_time\" content=\"2023-12-29T10:19:22+00:00\" \/>\n<meta property=\"og:image\" content=\"https:\/\/tourtravelandmore.com\/wp-content\/uploads\/2016\/10\/transfer-airport-barcelona.jpg\" \/>\n\t<meta property=\"og:image:width\" content=\"955\" \/>\n\t<meta property=\"og:image:height\" content=\"636\" \/>\n\t<meta property=\"og:image:type\" content=\"image\/jpeg\" \/>\n<meta name=\"twitter:card\" content=\"summary_large_image\" \/>\n<meta name=\"twitter:site\" content=\"@TourTravel_More\" \/>\n<meta name=\"twitter:label1\" content=\"Tiempo de lectura\" \/>\n\t<meta name=\"twitter:data1\" content=\"2 minutos\" \/>\n<script type=\"application\/ld+json\" class=\"yoast-schema-graph\">{\"@context\":\"https:\/\/schema.org\",\"@graph\":[{\"@type\":\"WebPage\",\"@id\":\"https:\/\/tourtravelandmore.com\/es\/tours\/paises-bajos-es\/rotterdam-es\/transfer-privado-hasta-desde-aeropuerto-puerto-de-rotterdam\/\",\"url\":\"https:\/\/tourtravelandmore.com\/es\/tours\/paises-bajos-es\/rotterdam-es\/transfer-privado-hasta-desde-aeropuerto-puerto-de-rotterdam\/\",\"name\":\"\u27a1\ufe0f Transfer Privado Aeropuerto\/puerto Rotterdam TRASLADO ROTTERDAM | Tour Travel & More\",\"isPartOf\":{\"@id\":\"https:\/\/tourtravelandmore.com\/es\/#website\"},\"primaryImageOfPage\":{\"@id\":\"https:\/\/tourtravelandmore.com\/es\/tours\/paises-bajos-es\/rotterdam-es\/transfer-privado-hasta-desde-aeropuerto-puerto-de-rotterdam\/#primaryimage\"},\"image\":{\"@id\":\"https:\/\/tourtravelandmore.com\/es\/tours\/paises-bajos-es\/rotterdam-es\/transfer-privado-hasta-desde-aeropuerto-puerto-de-rotterdam\/#primaryimage\"},\"thumbnailUrl\":\"https:\/\/tourtravelandmore.com\/wp-content\/uploads\/2016\/10\/transfer-airport-barcelona.jpg\",\"datePublished\":\"2019-10-18T14:12:31+00:00\",\"dateModified\":\"2023-12-29T10:19:22+00:00\",\"description\":\"Le ofrecemos la manera m\u00e1s r\u00e1pida y relajante de llegar a su destino en Rotterdam con nuestro traslado privado. Coches privados y minivans privados \u2705\",\"breadcrumb\":{\"@id\":\"https:\/\/tourtravelandmore.com\/es\/tours\/paises-bajos-es\/rotterdam-es\/transfer-privado-hasta-desde-aeropuerto-puerto-de-rotterdam\/#breadcrumb\"},\"inLanguage\":\"es\",\"potentialAction\":[{\"@type\":\"ReadAction\",\"target\":[\"https:\/\/tourtravelandmore.com\/es\/tours\/paises-bajos-es\/rotterdam-es\/transfer-privado-hasta-desde-aeropuerto-puerto-de-rotterdam\/\"]}]},{\"@type\":\"ImageObject\",\"inLanguage\":\"es\",\"@id\":\"https:\/\/tourtravelandmore.com\/es\/tours\/paises-bajos-es\/rotterdam-es\/transfer-privado-hasta-desde-aeropuerto-puerto-de-rotterdam\/#primaryimage\",\"url\":\"https:\/\/tourtravelandmore.com\/wp-content\/uploads\/2016\/10\/transfer-airport-barcelona.jpg\",\"contentUrl\":\"https:\/\/tourtravelandmore.com\/wp-content\/uploads\/2016\/10\/transfer-airport-barcelona.jpg\",\"width\":955,\"height\":636,\"caption\":\"Transfer Prat Airport\"},{\"@type\":\"BreadcrumbList\",\"@id\":\"https:\/\/tourtravelandmore.com\/es\/tours\/paises-bajos-es\/rotterdam-es\/transfer-privado-hasta-desde-aeropuerto-puerto-de-rotterdam\/#breadcrumb\",\"itemListElement\":[{\"@type\":\"ListItem\",\"position\":1,\"name\":\"Home\",\"item\":\"https:\/\/tourtravelandmore.com\/es\/\"},{\"@type\":\"ListItem\",\"position\":2,\"name\":\"Tours\",\"item\":\"https:\/\/tourtravelandmore.com\/es\/tours\/\"},{\"@type\":\"ListItem\",\"position\":3,\"name\":\"Transfer Privado hasta\/desde aeropuerto\/puerto de Rotterdam\"}]},{\"@type\":\"WebSite\",\"@id\":\"https:\/\/tourtravelandmore.com\/es\/#website\",\"url\":\"https:\/\/tourtravelandmore.com\/es\/\",\"name\":\"Tour Travel And More\",\"description\":\"Private sightseeing tours and luxury transfers in Spain\",\"publisher\":{\"@id\":\"https:\/\/tourtravelandmore.com\/es\/#organization\"},\"potentialAction\":[{\"@type\":\"SearchAction\",\"target\":{\"@type\":\"EntryPoint\",\"urlTemplate\":\"https:\/\/tourtravelandmore.com\/es\/?s={search_term_string}\"},\"query-input\":{\"@type\":\"PropertyValueSpecification\",\"valueRequired\":true,\"valueName\":\"search_term_string\"}}],\"inLanguage\":\"es\"},{\"@type\":\"Organization\",\"@id\":\"https:\/\/tourtravelandmore.com\/es\/#organization\",\"name\":\"Tour Travel And More\",\"url\":\"https:\/\/tourtravelandmore.com\/es\/\",\"logo\":{\"@type\":\"ImageObject\",\"inLanguage\":\"es\",\"@id\":\"https:\/\/tourtravelandmore.com\/es\/#\/schema\/logo\/image\/\",\"url\":\"https:\/\/tourtravelandmore.com\/wp-content\/uploads\/2022\/12\/cropped-logo-cabecera-new.png\",\"contentUrl\":\"https:\/\/tourtravelandmore.com\/wp-content\/uploads\/2022\/12\/cropped-logo-cabecera-new.png\",\"width\":430,\"height\":61,\"caption\":\"Tour Travel And More\"},\"image\":{\"@id\":\"https:\/\/tourtravelandmore.com\/es\/#\/schema\/logo\/image\/\"},\"sameAs\":[\"https:\/\/www.facebook.com\/tourtravelandmore\/\",\"https:\/\/x.com\/TourTravel_More\"]}]}<\/script>\n<!-- \/ Yoast SEO Premium plugin. -->","yoast_head_json":{"title":"\u27a1\ufe0f Transfer Privado Aeropuerto\/puerto Rotterdam TRASLADO ROTTERDAM | Tour Travel & More","description":"Le ofrecemos la manera m\u00e1s r\u00e1pida y relajante de llegar a su destino en Rotterdam con nuestro traslado privado. Coches privados y minivans privados \u2705","robots":{"index":"index","follow":"follow","max-snippet":"max-snippet:-1","max-image-preview":"max-image-preview:large","max-video-preview":"max-video-preview:-1"},"canonical":"https:\/\/tourtravelandmore.com\/es\/tours\/paises-bajos-es\/rotterdam-es\/transfer-privado-hasta-desde-aeropuerto-puerto-de-rotterdam\/","og_locale":"es_ES","og_type":"article","og_title":"Transfer Privado hasta\/desde aeropuerto\/puerto de Rotterdam","og_description":"Le ofrecemos la manera m\u00e1s r\u00e1pida y relajante de llegar a su destino en Rotterdam con nuestro traslado privado. Coches privados y minivans privados \u2705","og_url":"https:\/\/tourtravelandmore.com\/es\/tours\/paises-bajos-es\/rotterdam-es\/transfer-privado-hasta-desde-aeropuerto-puerto-de-rotterdam\/","og_site_name":"Tour Travel And More","article_publisher":"https:\/\/www.facebook.com\/tourtravelandmore\/","article_modified_time":"2023-12-29T10:19:22+00:00","og_image":[{"width":955,"height":636,"url":"https:\/\/tourtravelandmore.com\/wp-content\/uploads\/2016\/10\/transfer-airport-barcelona.jpg","type":"image\/jpeg"}],"twitter_card":"summary_large_image","twitter_site":"@TourTravel_More","twitter_misc":{"Tiempo de lectura":"2 minutos"},"schema":{"@context":"https:\/\/schema.org","@graph":[{"@type":"WebPage","@id":"https:\/\/tourtravelandmore.com\/es\/tours\/paises-bajos-es\/rotterdam-es\/transfer-privado-hasta-desde-aeropuerto-puerto-de-rotterdam\/","url":"https:\/\/tourtravelandmore.com\/es\/tours\/paises-bajos-es\/rotterdam-es\/transfer-privado-hasta-desde-aeropuerto-puerto-de-rotterdam\/","name":"\u27a1\ufe0f Transfer Privado Aeropuerto\/puerto Rotterdam TRASLADO ROTTERDAM | Tour Travel & More","isPartOf":{"@id":"https:\/\/tourtravelandmore.com\/es\/#website"},"primaryImageOfPage":{"@id":"https:\/\/tourtravelandmore.com\/es\/tours\/paises-bajos-es\/rotterdam-es\/transfer-privado-hasta-desde-aeropuerto-puerto-de-rotterdam\/#primaryimage"},"image":{"@id":"https:\/\/tourtravelandmore.com\/es\/tours\/paises-bajos-es\/rotterdam-es\/transfer-privado-hasta-desde-aeropuerto-puerto-de-rotterdam\/#primaryimage"},"thumbnailUrl":"https:\/\/tourtravelandmore.com\/wp-content\/uploads\/2016\/10\/transfer-airport-barcelona.jpg","datePublished":"2019-10-18T14:12:31+00:00","dateModified":"2023-12-29T10:19:22+00:00","description":"Le ofrecemos la manera m\u00e1s r\u00e1pida y relajante de llegar a su destino en Rotterdam con nuestro traslado privado. Coches privados y minivans privados \u2705","breadcrumb":{"@id":"https:\/\/tourtravelandmore.com\/es\/tours\/paises-bajos-es\/rotterdam-es\/transfer-privado-hasta-desde-aeropuerto-puerto-de-rotterdam\/#breadcrumb"},"inLanguage":"es","potentialAction":[{"@type":"ReadAction","target":["https:\/\/tourtravelandmore.com\/es\/tours\/paises-bajos-es\/rotterdam-es\/transfer-privado-hasta-desde-aeropuerto-puerto-de-rotterdam\/"]}]},{"@type":"ImageObject","inLanguage":"es","@id":"https:\/\/tourtravelandmore.com\/es\/tours\/paises-bajos-es\/rotterdam-es\/transfer-privado-hasta-desde-aeropuerto-puerto-de-rotterdam\/#primaryimage","url":"https:\/\/tourtravelandmore.com\/wp-content\/uploads\/2016\/10\/transfer-airport-barcelona.jpg","contentUrl":"https:\/\/tourtravelandmore.com\/wp-content\/uploads\/2016\/10\/transfer-airport-barcelona.jpg","width":955,"height":636,"caption":"Transfer Prat Airport"},{"@type":"BreadcrumbList","@id":"https:\/\/tourtravelandmore.com\/es\/tours\/paises-bajos-es\/rotterdam-es\/transfer-privado-hasta-desde-aeropuerto-puerto-de-rotterdam\/#breadcrumb","itemListElement":[{"@type":"ListItem","position":1,"name":"Home","item":"https:\/\/tourtravelandmore.com\/es\/"},{"@type":"ListItem","position":2,"name":"Tours","item":"https:\/\/tourtravelandmore.com\/es\/tours\/"},{"@type":"ListItem","position":3,"name":"Transfer Privado hasta\/desde aeropuerto\/puerto de Rotterdam"}]},{"@type":"WebSite","@id":"https:\/\/tourtravelandmore.com\/es\/#website","url":"https:\/\/tourtravelandmore.com\/es\/","name":"Tour Travel And More","description":"Private sightseeing tours and luxury transfers in Spain","publisher":{"@id":"https:\/\/tourtravelandmore.com\/es\/#organization"},"potentialAction":[{"@type":"SearchAction","target":{"@type":"EntryPoint","urlTemplate":"https:\/\/tourtravelandmore.com\/es\/?s={search_term_string}"},"query-input":{"@type":"PropertyValueSpecification","valueRequired":true,"valueName":"search_term_string"}}],"inLanguage":"es"},{"@type":"Organization","@id":"https:\/\/tourtravelandmore.com\/es\/#organization","name":"Tour Travel And More","url":"https:\/\/tourtravelandmore.com\/es\/","logo":{"@type":"ImageObject","inLanguage":"es","@id":"https:\/\/tourtravelandmore.com\/es\/#\/schema\/logo\/image\/","url":"https:\/\/tourtravelandmore.com\/wp-content\/uploads\/2022\/12\/cropped-logo-cabecera-new.png","contentUrl":"https:\/\/tourtravelandmore.com\/wp-content\/uploads\/2022\/12\/cropped-logo-cabecera-new.png","width":430,"height":61,"caption":"Tour Travel And More"},"image":{"@id":"https:\/\/tourtravelandmore.com\/es\/#\/schema\/logo\/image\/"},"sameAs":["https:\/\/www.facebook.com\/tourtravelandmore\/","https:\/\/x.com\/TourTravel_More"]}]}},"_links":{"self":[{"href":"https:\/\/tourtravelandmore.com\/es\/wp-json\/wp\/v2\/product\/68907","targetHints":{"allow":["GET"]}}],"collection":[{"href":"https:\/\/tourtravelandmore.com\/es\/wp-json\/wp\/v2\/product"}],"about":[{"href":"https:\/\/tourtravelandmore.com\/es\/wp-json\/wp\/v2\/types\/product"}],"replies":[{"embeddable":true,"href":"https:\/\/tourtravelandmore.com\/es\/wp-json\/wp\/v2\/comments?post=68907"}],"wp:featuredmedia":[{"embeddable":true,"href":"https:\/\/tourtravelandmore.com\/es\/wp-json\/wp\/v2\/media\/8097"}],"wp:attachment":[{"href":"https:\/\/tourtravelandmore.com\/es\/wp-json\/wp\/v2\/media?parent=68907"}],"wp:term":[{"taxonomy":"product_brand","embeddable":true,"href":"https:\/\/tourtravelandmore.com\/es\/wp-json\/wp\/v2\/product_brand?post=68907"},{"taxonomy":"product_cat","embeddable":true,"href":"https:\/\/tourtravelandmore.com\/es\/wp-json\/wp\/v2\/product_cat?post=68907"},{"taxonomy":"product_tag","embeddable":true,"href":"https:\/\/tourtravelandmore.com\/es\/wp-json\/wp\/v2\/product_tag?post=68907"}],"curies":[{"name":"wp","href":"https:\/\/api.w.org\/{rel}","templated":true}]}}