{"id":68902,"date":"2019-10-21T03:33:30","date_gmt":"2019-10-21T01:33:30","guid":{"rendered":"https:\/\/tourtravelandmore.com\/?post_type=product&#038;p=68902"},"modified":"2023-03-04T06:10:41","modified_gmt":"2023-03-04T05:10:41","slug":"transfer-privado-hasta-desde-aeropuerto-puerto-de-tenerife","status":"publish","type":"product","link":"https:\/\/tourtravelandmore.com\/es\/tours\/espana-es\/tenerife-es\/transfer-privado-hasta-desde-aeropuerto-puerto-de-tenerife\/","title":{"rendered":"Transfer Privado hasta\/desde aeropuerto\/puerto de Tenerife"},"content":{"rendered":"<h2>Descripci\u00f3n del Traslado Privado hasta\/desde aeropuerto\/puerto de Tenerife<\/h2>\n<p>Disfruta de un Traslado Tenerife de forma privada, y viaja c\u00f3modo y evita tiempos de Espera.<\/p>\n<p>Operamos en toda la Isla de Tenerife, realizando recogida en el Aeropuerto del Norte y Sur de la Isla.<\/p>\n<p>Disponemos de una gran flota de veh\u00edculos para hacer su Traslado Tenerife r\u00e1pido y llevarle a su hotel, para que empiece a disfrutar de sus vacaciones.<\/p>\n<p>Para todas las recogidas en los aeropuertos de Tenerife, nuestros conductores llevar\u00e1n siempre un cartel con su nombre, y esperan en llegadas.<\/p>\n<p>No s\u00e9 preocupe si un vuelo llega tarde, nosotros monitorizamos el vuelo todo el rato, si hay retrasos enviaremos al conductor a la nueva hora de llegada.<\/p>\n<p>Todos nuestros conductores y veh\u00edculos son con licencias y formados.<\/p>\n<p>Es muy importante que se nos informe de las maletas que van a llevar, para calcular correctamente el espacio y enviar un veh\u00edculo acorde a su equipaje.<\/p>\n<p>Adem\u00e1s de Traslados en la Isla, si desea puede conocer nuestros tours<a href=\"https:\/\/tourtravelandmore.com\/es\/ciudad\/espana-es\/tenerife-es\/\">\u00a0privados de Tenerife<\/a> y vivir una experiencia \u00fanica junto a nuestro chofer\/gu\u00eda oficial. No se puede ir de la isla de Tenerife sin conocer el Parque Nacional del Teide y su volc\u00e1n, declarado Patrimonio de la Humanidad, y uno de los volcanes m\u00e1s visitados del mundo. Es una Experiencia \u00fanica.<\/p>\n<h2><strong>Puntos de inter\u00e9s en el Traslado Privado hasta\/desde aeropuerto\/puerto de Tenerife<\/strong><\/h2>\n<p><b>Tenerife<\/b> es una isla del oc\u00e9ano Atl\u00e1ntico perteneciente a la comunidad aut\u00f3noma espa\u00f1ola de Canarias. Junto a La Palma, La Gomera y El Hierro conforma la provincia de Santa Cruz de Tenerife.<\/p>\n<p>La ciudad de Santa Cruz de Tenerife es la capital de la isla y de la provincia hom\u00f3nima, as\u00ed como su municipio m\u00e1s poblado.<\/p>\n<p>La isla posee otro lugar catalogado por la UNESCO como Patrimonio de la Humanidad, el <a title=\"Parque nacional del Teide\" href=\"https:\/\/es.wikipedia.org\/wiki\/Parque_nacional_del_Teide\">parque nacional del Teide<\/a>, el cual es el m\u00e1s visitado de Espa\u00f1a y uno de los m\u00e1s visitados del mundo.<\/p>\n","protected":false},"excerpt":{"rendered":"<p>Aproveche esta oportunidad para <strong>llegar a su destino final en Tenerife <\/strong>de la manera m\u00e1s c\u00f3moda y r\u00e1pida posible.<br \/>\nOrganizamos recogidas desde su hotel, aeropuerto, puerto o cualquier lugar de<strong> Tenerife. <\/strong>Tenemos a su\u00a0disposici\u00f3n\u00a0veh\u00edculos privados de lujo con chofer.<\/p>\n","protected":false},"featured_media":8097,"comment_status":"open","ping_status":"closed","template":"","meta":{"_acf_changed":false},"product_brand":[],"product_cat":[1596,1023],"product_tag":[4041,4040],"class_list":{"0":"post-68902","1":"product","2":"type-product","3":"status-publish","4":"has-post-thumbnail","6":"product_cat-espana-es","7":"product_cat-tenerife-es","8":"product_tag-private-es","9":"product_tag-transfer-es","11":"first","12":"instock","13":"shipping-taxable","14":"purchasable","15":"product-type-simple"},"acf":[],"yoast_head":"<!-- This site is optimized with the Yoast SEO Premium plugin v25.3.1 (Yoast SEO v25.3.1) - https:\/\/yoast.com\/wordpress\/plugins\/seo\/ -->\n<title>\u27a1\ufe0f Transfer Tenerife: Traslados Privados desde cualquier lugar de la Isla | Tour Travel &amp; More<\/title>\n<meta name=\"description\" content=\"Disfruta de un Transfer Tenerife privado. Operamos en toda la isla y le podemos recoger desde cualquier punto. Reserva un Transfer y viaje sin esperas \u2705\" \/>\n<meta name=\"robots\" content=\"index, follow, max-snippet:-1, max-image-preview:large, max-video-preview:-1\" \/>\n<link rel=\"canonical\" href=\"https:\/\/tourtravelandmore.com\/es\/tours\/espana-es\/tenerife-es\/transfer-privado-hasta-desde-aeropuerto-puerto-de-tenerife\/\" \/>\n<meta property=\"og:locale\" content=\"es_ES\" \/>\n<meta property=\"og:type\" content=\"article\" \/>\n<meta property=\"og:title\" content=\"Transfer Privado hasta\/desde aeropuerto\/puerto de Tenerife\" \/>\n<meta property=\"og:description\" content=\"Disfruta de un Transfer Tenerife privado. Operamos en toda la isla y le podemos recoger desde cualquier punto. Reserva un Transfer y viaje sin esperas \u2705\" \/>\n<meta property=\"og:url\" content=\"https:\/\/tourtravelandmore.com\/es\/tours\/espana-es\/tenerife-es\/transfer-privado-hasta-desde-aeropuerto-puerto-de-tenerife\/\" \/>\n<meta property=\"og:site_name\" content=\"Tour Travel And More\" \/>\n<meta property=\"article:publisher\" content=\"https:\/\/www.facebook.com\/tourtravelandmore\/\" \/>\n<meta property=\"article:modified_time\" content=\"2023-03-04T05:10:41+00:00\" \/>\n<meta property=\"og:image\" content=\"https:\/\/tourtravelandmore.com\/wp-content\/uploads\/2016\/10\/transfer-airport-barcelona.jpg\" \/>\n\t<meta property=\"og:image:width\" content=\"955\" \/>\n\t<meta property=\"og:image:height\" content=\"636\" \/>\n\t<meta property=\"og:image:type\" content=\"image\/jpeg\" \/>\n<meta name=\"twitter:card\" content=\"summary_large_image\" \/>\n<meta name=\"twitter:site\" content=\"@TourTravel_More\" \/>\n<meta name=\"twitter:label1\" content=\"Tiempo de lectura\" \/>\n\t<meta name=\"twitter:data1\" content=\"2 minutos\" \/>\n<script type=\"application\/ld+json\" class=\"yoast-schema-graph\">{\"@context\":\"https:\/\/schema.org\",\"@graph\":[{\"@type\":\"WebPage\",\"@id\":\"https:\/\/tourtravelandmore.com\/es\/tours\/espana-es\/tenerife-es\/transfer-privado-hasta-desde-aeropuerto-puerto-de-tenerife\/\",\"url\":\"https:\/\/tourtravelandmore.com\/es\/tours\/espana-es\/tenerife-es\/transfer-privado-hasta-desde-aeropuerto-puerto-de-tenerife\/\",\"name\":\"\u27a1\ufe0f Transfer Tenerife: Traslados Privados desde cualquier lugar de la Isla | Tour Travel & More\",\"isPartOf\":{\"@id\":\"https:\/\/tourtravelandmore.com\/es\/#website\"},\"primaryImageOfPage\":{\"@id\":\"https:\/\/tourtravelandmore.com\/es\/tours\/espana-es\/tenerife-es\/transfer-privado-hasta-desde-aeropuerto-puerto-de-tenerife\/#primaryimage\"},\"image\":{\"@id\":\"https:\/\/tourtravelandmore.com\/es\/tours\/espana-es\/tenerife-es\/transfer-privado-hasta-desde-aeropuerto-puerto-de-tenerife\/#primaryimage\"},\"thumbnailUrl\":\"https:\/\/tourtravelandmore.com\/wp-content\/uploads\/2016\/10\/transfer-airport-barcelona.jpg\",\"datePublished\":\"2019-10-21T01:33:30+00:00\",\"dateModified\":\"2023-03-04T05:10:41+00:00\",\"description\":\"Disfruta de un Transfer Tenerife privado. Operamos en toda la isla y le podemos recoger desde cualquier punto. Reserva un Transfer y viaje sin esperas \u2705\",\"breadcrumb\":{\"@id\":\"https:\/\/tourtravelandmore.com\/es\/tours\/espana-es\/tenerife-es\/transfer-privado-hasta-desde-aeropuerto-puerto-de-tenerife\/#breadcrumb\"},\"inLanguage\":\"es\",\"potentialAction\":[{\"@type\":\"ReadAction\",\"target\":[\"https:\/\/tourtravelandmore.com\/es\/tours\/espana-es\/tenerife-es\/transfer-privado-hasta-desde-aeropuerto-puerto-de-tenerife\/\"]}]},{\"@type\":\"ImageObject\",\"inLanguage\":\"es\",\"@id\":\"https:\/\/tourtravelandmore.com\/es\/tours\/espana-es\/tenerife-es\/transfer-privado-hasta-desde-aeropuerto-puerto-de-tenerife\/#primaryimage\",\"url\":\"https:\/\/tourtravelandmore.com\/wp-content\/uploads\/2016\/10\/transfer-airport-barcelona.jpg\",\"contentUrl\":\"https:\/\/tourtravelandmore.com\/wp-content\/uploads\/2016\/10\/transfer-airport-barcelona.jpg\",\"width\":955,\"height\":636,\"caption\":\"Transfer Prat Airport\"},{\"@type\":\"BreadcrumbList\",\"@id\":\"https:\/\/tourtravelandmore.com\/es\/tours\/espana-es\/tenerife-es\/transfer-privado-hasta-desde-aeropuerto-puerto-de-tenerife\/#breadcrumb\",\"itemListElement\":[{\"@type\":\"ListItem\",\"position\":1,\"name\":\"Home\",\"item\":\"https:\/\/tourtravelandmore.com\/es\/\"},{\"@type\":\"ListItem\",\"position\":2,\"name\":\"Tours\",\"item\":\"https:\/\/tourtravelandmore.com\/es\/tours\/\"},{\"@type\":\"ListItem\",\"position\":3,\"name\":\"Transfer Privado hasta\/desde aeropuerto\/puerto de Tenerife\"}]},{\"@type\":\"WebSite\",\"@id\":\"https:\/\/tourtravelandmore.com\/es\/#website\",\"url\":\"https:\/\/tourtravelandmore.com\/es\/\",\"name\":\"Tour Travel And More\",\"description\":\"Private sightseeing tours and luxury transfers in Spain\",\"publisher\":{\"@id\":\"https:\/\/tourtravelandmore.com\/es\/#organization\"},\"potentialAction\":[{\"@type\":\"SearchAction\",\"target\":{\"@type\":\"EntryPoint\",\"urlTemplate\":\"https:\/\/tourtravelandmore.com\/es\/?s={search_term_string}\"},\"query-input\":{\"@type\":\"PropertyValueSpecification\",\"valueRequired\":true,\"valueName\":\"search_term_string\"}}],\"inLanguage\":\"es\"},{\"@type\":\"Organization\",\"@id\":\"https:\/\/tourtravelandmore.com\/es\/#organization\",\"name\":\"Tour Travel And More\",\"url\":\"https:\/\/tourtravelandmore.com\/es\/\",\"logo\":{\"@type\":\"ImageObject\",\"inLanguage\":\"es\",\"@id\":\"https:\/\/tourtravelandmore.com\/es\/#\/schema\/logo\/image\/\",\"url\":\"https:\/\/tourtravelandmore.com\/wp-content\/uploads\/2022\/12\/cropped-logo-cabecera-new.png\",\"contentUrl\":\"https:\/\/tourtravelandmore.com\/wp-content\/uploads\/2022\/12\/cropped-logo-cabecera-new.png\",\"width\":430,\"height\":61,\"caption\":\"Tour Travel And More\"},\"image\":{\"@id\":\"https:\/\/tourtravelandmore.com\/es\/#\/schema\/logo\/image\/\"},\"sameAs\":[\"https:\/\/www.facebook.com\/tourtravelandmore\/\",\"https:\/\/x.com\/TourTravel_More\"]}]}<\/script>\n<!-- \/ Yoast SEO Premium plugin. -->","yoast_head_json":{"title":"\u27a1\ufe0f Transfer Tenerife: Traslados Privados desde cualquier lugar de la Isla | Tour Travel & More","description":"Disfruta de un Transfer Tenerife privado. Operamos en toda la isla y le podemos recoger desde cualquier punto. Reserva un Transfer y viaje sin esperas \u2705","robots":{"index":"index","follow":"follow","max-snippet":"max-snippet:-1","max-image-preview":"max-image-preview:large","max-video-preview":"max-video-preview:-1"},"canonical":"https:\/\/tourtravelandmore.com\/es\/tours\/espana-es\/tenerife-es\/transfer-privado-hasta-desde-aeropuerto-puerto-de-tenerife\/","og_locale":"es_ES","og_type":"article","og_title":"Transfer Privado hasta\/desde aeropuerto\/puerto de Tenerife","og_description":"Disfruta de un Transfer Tenerife privado. Operamos en toda la isla y le podemos recoger desde cualquier punto. Reserva un Transfer y viaje sin esperas \u2705","og_url":"https:\/\/tourtravelandmore.com\/es\/tours\/espana-es\/tenerife-es\/transfer-privado-hasta-desde-aeropuerto-puerto-de-tenerife\/","og_site_name":"Tour Travel And More","article_publisher":"https:\/\/www.facebook.com\/tourtravelandmore\/","article_modified_time":"2023-03-04T05:10:41+00:00","og_image":[{"width":955,"height":636,"url":"https:\/\/tourtravelandmore.com\/wp-content\/uploads\/2016\/10\/transfer-airport-barcelona.jpg","type":"image\/jpeg"}],"twitter_card":"summary_large_image","twitter_site":"@TourTravel_More","twitter_misc":{"Tiempo de lectura":"2 minutos"},"schema":{"@context":"https:\/\/schema.org","@graph":[{"@type":"WebPage","@id":"https:\/\/tourtravelandmore.com\/es\/tours\/espana-es\/tenerife-es\/transfer-privado-hasta-desde-aeropuerto-puerto-de-tenerife\/","url":"https:\/\/tourtravelandmore.com\/es\/tours\/espana-es\/tenerife-es\/transfer-privado-hasta-desde-aeropuerto-puerto-de-tenerife\/","name":"\u27a1\ufe0f Transfer Tenerife: Traslados Privados desde cualquier lugar de la Isla | Tour Travel & More","isPartOf":{"@id":"https:\/\/tourtravelandmore.com\/es\/#website"},"primaryImageOfPage":{"@id":"https:\/\/tourtravelandmore.com\/es\/tours\/espana-es\/tenerife-es\/transfer-privado-hasta-desde-aeropuerto-puerto-de-tenerife\/#primaryimage"},"image":{"@id":"https:\/\/tourtravelandmore.com\/es\/tours\/espana-es\/tenerife-es\/transfer-privado-hasta-desde-aeropuerto-puerto-de-tenerife\/#primaryimage"},"thumbnailUrl":"https:\/\/tourtravelandmore.com\/wp-content\/uploads\/2016\/10\/transfer-airport-barcelona.jpg","datePublished":"2019-10-21T01:33:30+00:00","dateModified":"2023-03-04T05:10:41+00:00","description":"Disfruta de un Transfer Tenerife privado. Operamos en toda la isla y le podemos recoger desde cualquier punto. Reserva un Transfer y viaje sin esperas \u2705","breadcrumb":{"@id":"https:\/\/tourtravelandmore.com\/es\/tours\/espana-es\/tenerife-es\/transfer-privado-hasta-desde-aeropuerto-puerto-de-tenerife\/#breadcrumb"},"inLanguage":"es","potentialAction":[{"@type":"ReadAction","target":["https:\/\/tourtravelandmore.com\/es\/tours\/espana-es\/tenerife-es\/transfer-privado-hasta-desde-aeropuerto-puerto-de-tenerife\/"]}]},{"@type":"ImageObject","inLanguage":"es","@id":"https:\/\/tourtravelandmore.com\/es\/tours\/espana-es\/tenerife-es\/transfer-privado-hasta-desde-aeropuerto-puerto-de-tenerife\/#primaryimage","url":"https:\/\/tourtravelandmore.com\/wp-content\/uploads\/2016\/10\/transfer-airport-barcelona.jpg","contentUrl":"https:\/\/tourtravelandmore.com\/wp-content\/uploads\/2016\/10\/transfer-airport-barcelona.jpg","width":955,"height":636,"caption":"Transfer Prat Airport"},{"@type":"BreadcrumbList","@id":"https:\/\/tourtravelandmore.com\/es\/tours\/espana-es\/tenerife-es\/transfer-privado-hasta-desde-aeropuerto-puerto-de-tenerife\/#breadcrumb","itemListElement":[{"@type":"ListItem","position":1,"name":"Home","item":"https:\/\/tourtravelandmore.com\/es\/"},{"@type":"ListItem","position":2,"name":"Tours","item":"https:\/\/tourtravelandmore.com\/es\/tours\/"},{"@type":"ListItem","position":3,"name":"Transfer Privado hasta\/desde aeropuerto\/puerto de Tenerife"}]},{"@type":"WebSite","@id":"https:\/\/tourtravelandmore.com\/es\/#website","url":"https:\/\/tourtravelandmore.com\/es\/","name":"Tour Travel And More","description":"Private sightseeing tours and luxury transfers in Spain","publisher":{"@id":"https:\/\/tourtravelandmore.com\/es\/#organization"},"potentialAction":[{"@type":"SearchAction","target":{"@type":"EntryPoint","urlTemplate":"https:\/\/tourtravelandmore.com\/es\/?s={search_term_string}"},"query-input":{"@type":"PropertyValueSpecification","valueRequired":true,"valueName":"search_term_string"}}],"inLanguage":"es"},{"@type":"Organization","@id":"https:\/\/tourtravelandmore.com\/es\/#organization","name":"Tour Travel And More","url":"https:\/\/tourtravelandmore.com\/es\/","logo":{"@type":"ImageObject","inLanguage":"es","@id":"https:\/\/tourtravelandmore.com\/es\/#\/schema\/logo\/image\/","url":"https:\/\/tourtravelandmore.com\/wp-content\/uploads\/2022\/12\/cropped-logo-cabecera-new.png","contentUrl":"https:\/\/tourtravelandmore.com\/wp-content\/uploads\/2022\/12\/cropped-logo-cabecera-new.png","width":430,"height":61,"caption":"Tour Travel And More"},"image":{"@id":"https:\/\/tourtravelandmore.com\/es\/#\/schema\/logo\/image\/"},"sameAs":["https:\/\/www.facebook.com\/tourtravelandmore\/","https:\/\/x.com\/TourTravel_More"]}]}},"_links":{"self":[{"href":"https:\/\/tourtravelandmore.com\/es\/wp-json\/wp\/v2\/product\/68902","targetHints":{"allow":["GET"]}}],"collection":[{"href":"https:\/\/tourtravelandmore.com\/es\/wp-json\/wp\/v2\/product"}],"about":[{"href":"https:\/\/tourtravelandmore.com\/es\/wp-json\/wp\/v2\/types\/product"}],"replies":[{"embeddable":true,"href":"https:\/\/tourtravelandmore.com\/es\/wp-json\/wp\/v2\/comments?post=68902"}],"wp:featuredmedia":[{"embeddable":true,"href":"https:\/\/tourtravelandmore.com\/es\/wp-json\/wp\/v2\/media\/8097"}],"wp:attachment":[{"href":"https:\/\/tourtravelandmore.com\/es\/wp-json\/wp\/v2\/media?parent=68902"}],"wp:term":[{"taxonomy":"product_brand","embeddable":true,"href":"https:\/\/tourtravelandmore.com\/es\/wp-json\/wp\/v2\/product_brand?post=68902"},{"taxonomy":"product_cat","embeddable":true,"href":"https:\/\/tourtravelandmore.com\/es\/wp-json\/wp\/v2\/product_cat?post=68902"},{"taxonomy":"product_tag","embeddable":true,"href":"https:\/\/tourtravelandmore.com\/es\/wp-json\/wp\/v2\/product_tag?post=68902"}],"curies":[{"name":"wp","href":"https:\/\/api.w.org\/{rel}","templated":true}]}}