{"id":68888,"date":"2019-10-21T03:33:23","date_gmt":"2019-10-15T01:33:23","guid":{"rendered":"https:\/\/tourtravelandmore.com\/?post_type=product&#038;p=68888"},"modified":"2021-11-12T11:06:53","modified_gmt":"2021-11-12T10:06:53","slug":"transfer-privado-hasta-desde-aeropuerto-puerto-de-tanger","status":"publish","type":"product","link":"https:\/\/tourtravelandmore.com\/es\/tours\/marruecos-es\/tanger-es\/transfer-privado-hasta-desde-aeropuerto-puerto-de-tanger\/","title":{"rendered":"Transfer Privado hasta\/desde aeropuerto\/puerto de Tanger"},"content":{"rendered":"<h2>Descripci\u00f3n del Transfer Privado hasta\/desde aeropuerto\/puerto de Tanger<\/h2>\n<p>Con nuestro <strong>traslado privado<\/strong> en <strong>Tanger<\/strong>, le ofrecemos llegar a su destino r\u00e1pidamente en<strong> Tanger <\/strong>con su <b>traslado privado<\/b>. Disfruta de una experiencia relajante en uno de nuestros<strong> veh\u00edculos privados<\/strong> de lujo. Ofrecemos todo tipo de traslados como, por ejemplo, traslados al aeropuerto, traslados a restaurantes o traslados a cualquier lugar.<br \/>\nUna vez que llegue a su destino, nuestro personal lo estar\u00e1 esperando con un cartel en la terminal de llegadas. Tambi\u00e9n podr\u00e1 disfrutar del paisaje panor\u00e1mico de la ciudad en su veh\u00edculo privado de lujo.<\/p>\n<p>Disfrute de traslados privados desde su hotel o apartamento hasta el aeropuerto o puerto. Ofrecemos traslados a otras ciudades cercanas a <strong>Tanger<\/strong>.<br \/>\nOfrecemos traslados en<strong> Tanger <\/strong>para grupos privados e incluso incentivos y grupos grandes y ofrecemos un servicio personalizado. Todo lo que necesita hacer es contactarnos y organizaremos su transferencia de la mejor manera posible.<\/p>\n<p>Recibir\u00e1 confirmaci\u00f3n por correo electr\u00f3nico tan pronto como se haga su reserva. Una vez realizada su reserva, necesitaremos la informaci\u00f3n de su vuelo, la hora de llegada y la ciudad de salida con la compa\u00f1\u00eda a\u00e9rea, o la informaci\u00f3n de su tren. Necesitaremos un tiempo de confirmaci\u00f3n de su llegada de 48 a 24 horas, para brindarle un servicio de traslado perfecto.<\/p>\n<p>Le pedimos nos informe con cu\u00e1nto equipaje viajar\u00e1 solo por cuestiones de log\u00edstica, ya que a veces puede ser necesario un veh\u00edculo m\u00e1s grande y se pueden aplicar tarifas adicionales.<br \/>\nSi necesita un asiento para beb\u00e9 o ni\u00f1o, p\u00f3ngase en contacto con nosotros antes de su traslado para organizarlo correctamente.<\/p>\n<h3>La Ciudad: Tanger<\/h3>\n<p><span style=\"font-weight: 400;\">Tanger es una ciudad situda al extremo Norte de Marruecos, en el estrecho de Gibraltar. Es la ciudad capital de su regi\u00f3n. La ciudad tiene una superficie de 252\u202fkm\u00b2. Durante su visita a esa magn\u00edfica ciudad podr\u00e1n descubrir desde la historia romana y edad media hasta el presente.\u00a0<\/span><\/p>\n<h3>Nuestros Tours Privados en Tour Travel &amp; More<\/h3>\n<p>Ofrecemos a todos nuestros clientes tours privados para familias, amigos e incluso para incentivos o grupos grandes.\u00a0 Hacemos todo lo posible para que su estancia sea inolvidable. Nuestra flota est\u00e1 conformada por veh\u00edculos de lujo, y nuestro personal es multiling\u00fce. Todos nuestros gu\u00edas son gu\u00edas oficiales y son grandes conocedores de la ciudad. Nuestros gu\u00edas hablan varios idiomas: Ingl\u00e9s, Espa\u00f1ol, Franc\u00e9s, Italiano, Polaco, Holand\u00e9s, Chino, Ruso, Japon\u00e9s, Alem\u00e1n, Griego y Portugu\u00e9s.<\/p>\n","protected":false},"excerpt":{"rendered":"<p>Aproveche esta oportunidad para <strong>llegar a su destino final en Tanger<\/strong>\u00a0de la manera m\u00e1s c\u00f3moda y r\u00e1pida posible.<br \/>\nOrganizamos recogidas desde su hotel, aeropuerto, estaci\u00f3n de tren o cualquier lugar de <strong>Tanger<\/strong>. Es posible coordinar transfers privados desde\/hasta Tanger desde otras ciudades en Marruecos.<\/p>\n","protected":false},"featured_media":59378,"comment_status":"open","ping_status":"closed","template":"","meta":{"_acf_changed":false},"product_brand":[],"product_cat":[1610,898,909],"product_tag":[],"class_list":{"0":"post-68888","1":"product","2":"type-product","3":"status-publish","4":"has-post-thumbnail","6":"product_cat-marruecos-es","7":"product_cat-tanger-es","8":"product_cat-tanger-actividades-es","10":"first","11":"instock","12":"shipping-taxable","13":"purchasable","14":"product-type-simple"},"acf":[],"yoast_head":"<!-- This site is optimized with the Yoast SEO Premium plugin v25.3.1 (Yoast SEO v25.3.1) - https:\/\/yoast.com\/wordpress\/plugins\/seo\/ -->\n<title>Transfer Privado Aeropuert\/puerto de Tanger | Tour Travel &amp; More<\/title>\n<meta name=\"description\" content=\"Le ofrecemos la manera m\u00e1s r\u00e1pida y relajante de llegar a su destino en Tanger con nuestro traslado privado. Coches privados y minivans privados.\" \/>\n<meta name=\"robots\" content=\"index, follow, max-snippet:-1, max-image-preview:large, max-video-preview:-1\" \/>\n<link rel=\"canonical\" href=\"https:\/\/tourtravelandmore.com\/es\/tours\/marruecos-es\/tanger-es\/transfer-privado-hasta-desde-aeropuerto-puerto-de-tanger\/\" \/>\n<meta property=\"og:locale\" content=\"es_ES\" \/>\n<meta property=\"og:type\" content=\"article\" \/>\n<meta property=\"og:title\" content=\"Transfer Privado hasta\/desde aeropuerto\/puerto de Tanger\" \/>\n<meta property=\"og:description\" content=\"Le ofrecemos la manera m\u00e1s r\u00e1pida y relajante de llegar a su destino en Tanger con nuestro traslado privado. Coches privados y minivans privados.\" \/>\n<meta property=\"og:url\" content=\"https:\/\/tourtravelandmore.com\/es\/tours\/marruecos-es\/tanger-es\/transfer-privado-hasta-desde-aeropuerto-puerto-de-tanger\/\" \/>\n<meta property=\"og:site_name\" content=\"Tour Travel And More\" \/>\n<meta property=\"article:publisher\" content=\"https:\/\/www.facebook.com\/tourtravelandmore\/\" \/>\n<meta property=\"article:modified_time\" content=\"2021-11-12T10:06:53+00:00\" \/>\n<meta property=\"og:image\" content=\"https:\/\/tourtravelandmore.com\/wp-content\/uploads\/2016\/11\/TrasladoAlicante-1.png\" \/>\n\t<meta property=\"og:image:width\" content=\"640\" \/>\n\t<meta property=\"og:image:height\" content=\"425\" \/>\n\t<meta property=\"og:image:type\" content=\"image\/png\" \/>\n<meta name=\"twitter:card\" content=\"summary_large_image\" \/>\n<meta name=\"twitter:site\" content=\"@TourTravel_More\" \/>\n<meta name=\"twitter:label1\" content=\"Tiempo de lectura\" \/>\n\t<meta name=\"twitter:data1\" content=\"2 minutos\" \/>\n<script type=\"application\/ld+json\" class=\"yoast-schema-graph\">{\"@context\":\"https:\/\/schema.org\",\"@graph\":[{\"@type\":\"WebPage\",\"@id\":\"https:\/\/tourtravelandmore.com\/es\/tours\/marruecos-es\/tanger-es\/transfer-privado-hasta-desde-aeropuerto-puerto-de-tanger\/\",\"url\":\"https:\/\/tourtravelandmore.com\/es\/tours\/marruecos-es\/tanger-es\/transfer-privado-hasta-desde-aeropuerto-puerto-de-tanger\/\",\"name\":\"Transfer Privado Aeropuert\/puerto de Tanger | Tour Travel & More\",\"isPartOf\":{\"@id\":\"https:\/\/tourtravelandmore.com\/es\/#website\"},\"primaryImageOfPage\":{\"@id\":\"https:\/\/tourtravelandmore.com\/es\/tours\/marruecos-es\/tanger-es\/transfer-privado-hasta-desde-aeropuerto-puerto-de-tanger\/#primaryimage\"},\"image\":{\"@id\":\"https:\/\/tourtravelandmore.com\/es\/tours\/marruecos-es\/tanger-es\/transfer-privado-hasta-desde-aeropuerto-puerto-de-tanger\/#primaryimage\"},\"thumbnailUrl\":\"https:\/\/tourtravelandmore.com\/wp-content\/uploads\/2016\/11\/TrasladoAlicante-1.png\",\"datePublished\":\"2019-10-15T01:33:23+00:00\",\"dateModified\":\"2021-11-12T10:06:53+00:00\",\"description\":\"Le ofrecemos la manera m\u00e1s r\u00e1pida y relajante de llegar a su destino en Tanger con nuestro traslado privado. Coches privados y minivans privados.\",\"breadcrumb\":{\"@id\":\"https:\/\/tourtravelandmore.com\/es\/tours\/marruecos-es\/tanger-es\/transfer-privado-hasta-desde-aeropuerto-puerto-de-tanger\/#breadcrumb\"},\"inLanguage\":\"es\",\"potentialAction\":[{\"@type\":\"ReadAction\",\"target\":[\"https:\/\/tourtravelandmore.com\/es\/tours\/marruecos-es\/tanger-es\/transfer-privado-hasta-desde-aeropuerto-puerto-de-tanger\/\"]}]},{\"@type\":\"ImageObject\",\"inLanguage\":\"es\",\"@id\":\"https:\/\/tourtravelandmore.com\/es\/tours\/marruecos-es\/tanger-es\/transfer-privado-hasta-desde-aeropuerto-puerto-de-tanger\/#primaryimage\",\"url\":\"https:\/\/tourtravelandmore.com\/wp-content\/uploads\/2016\/11\/TrasladoAlicante-1.png\",\"contentUrl\":\"https:\/\/tourtravelandmore.com\/wp-content\/uploads\/2016\/11\/TrasladoAlicante-1.png\",\"width\":640,\"height\":425},{\"@type\":\"BreadcrumbList\",\"@id\":\"https:\/\/tourtravelandmore.com\/es\/tours\/marruecos-es\/tanger-es\/transfer-privado-hasta-desde-aeropuerto-puerto-de-tanger\/#breadcrumb\",\"itemListElement\":[{\"@type\":\"ListItem\",\"position\":1,\"name\":\"Home\",\"item\":\"https:\/\/tourtravelandmore.com\/es\/\"},{\"@type\":\"ListItem\",\"position\":2,\"name\":\"Tours\",\"item\":\"https:\/\/tourtravelandmore.com\/es\/tours\/\"},{\"@type\":\"ListItem\",\"position\":3,\"name\":\"Transfer Privado hasta\/desde aeropuerto\/puerto de Tanger\"}]},{\"@type\":\"WebSite\",\"@id\":\"https:\/\/tourtravelandmore.com\/es\/#website\",\"url\":\"https:\/\/tourtravelandmore.com\/es\/\",\"name\":\"Tour Travel And More\",\"description\":\"Private sightseeing tours and luxury transfers in Spain\",\"publisher\":{\"@id\":\"https:\/\/tourtravelandmore.com\/es\/#organization\"},\"potentialAction\":[{\"@type\":\"SearchAction\",\"target\":{\"@type\":\"EntryPoint\",\"urlTemplate\":\"https:\/\/tourtravelandmore.com\/es\/?s={search_term_string}\"},\"query-input\":{\"@type\":\"PropertyValueSpecification\",\"valueRequired\":true,\"valueName\":\"search_term_string\"}}],\"inLanguage\":\"es\"},{\"@type\":\"Organization\",\"@id\":\"https:\/\/tourtravelandmore.com\/es\/#organization\",\"name\":\"Tour Travel And More\",\"url\":\"https:\/\/tourtravelandmore.com\/es\/\",\"logo\":{\"@type\":\"ImageObject\",\"inLanguage\":\"es\",\"@id\":\"https:\/\/tourtravelandmore.com\/es\/#\/schema\/logo\/image\/\",\"url\":\"https:\/\/tourtravelandmore.com\/wp-content\/uploads\/2022\/12\/cropped-logo-cabecera-new.png\",\"contentUrl\":\"https:\/\/tourtravelandmore.com\/wp-content\/uploads\/2022\/12\/cropped-logo-cabecera-new.png\",\"width\":430,\"height\":61,\"caption\":\"Tour Travel And More\"},\"image\":{\"@id\":\"https:\/\/tourtravelandmore.com\/es\/#\/schema\/logo\/image\/\"},\"sameAs\":[\"https:\/\/www.facebook.com\/tourtravelandmore\/\",\"https:\/\/x.com\/TourTravel_More\"]}]}<\/script>\n<!-- \/ Yoast SEO Premium plugin. -->","yoast_head_json":{"title":"Transfer Privado Aeropuert\/puerto de Tanger | Tour Travel & More","description":"Le ofrecemos la manera m\u00e1s r\u00e1pida y relajante de llegar a su destino en Tanger con nuestro traslado privado. Coches privados y minivans privados.","robots":{"index":"index","follow":"follow","max-snippet":"max-snippet:-1","max-image-preview":"max-image-preview:large","max-video-preview":"max-video-preview:-1"},"canonical":"https:\/\/tourtravelandmore.com\/es\/tours\/marruecos-es\/tanger-es\/transfer-privado-hasta-desde-aeropuerto-puerto-de-tanger\/","og_locale":"es_ES","og_type":"article","og_title":"Transfer Privado hasta\/desde aeropuerto\/puerto de Tanger","og_description":"Le ofrecemos la manera m\u00e1s r\u00e1pida y relajante de llegar a su destino en Tanger con nuestro traslado privado. Coches privados y minivans privados.","og_url":"https:\/\/tourtravelandmore.com\/es\/tours\/marruecos-es\/tanger-es\/transfer-privado-hasta-desde-aeropuerto-puerto-de-tanger\/","og_site_name":"Tour Travel And More","article_publisher":"https:\/\/www.facebook.com\/tourtravelandmore\/","article_modified_time":"2021-11-12T10:06:53+00:00","og_image":[{"width":640,"height":425,"url":"https:\/\/tourtravelandmore.com\/wp-content\/uploads\/2016\/11\/TrasladoAlicante-1.png","type":"image\/png"}],"twitter_card":"summary_large_image","twitter_site":"@TourTravel_More","twitter_misc":{"Tiempo de lectura":"2 minutos"},"schema":{"@context":"https:\/\/schema.org","@graph":[{"@type":"WebPage","@id":"https:\/\/tourtravelandmore.com\/es\/tours\/marruecos-es\/tanger-es\/transfer-privado-hasta-desde-aeropuerto-puerto-de-tanger\/","url":"https:\/\/tourtravelandmore.com\/es\/tours\/marruecos-es\/tanger-es\/transfer-privado-hasta-desde-aeropuerto-puerto-de-tanger\/","name":"Transfer Privado Aeropuert\/puerto de Tanger | Tour Travel & More","isPartOf":{"@id":"https:\/\/tourtravelandmore.com\/es\/#website"},"primaryImageOfPage":{"@id":"https:\/\/tourtravelandmore.com\/es\/tours\/marruecos-es\/tanger-es\/transfer-privado-hasta-desde-aeropuerto-puerto-de-tanger\/#primaryimage"},"image":{"@id":"https:\/\/tourtravelandmore.com\/es\/tours\/marruecos-es\/tanger-es\/transfer-privado-hasta-desde-aeropuerto-puerto-de-tanger\/#primaryimage"},"thumbnailUrl":"https:\/\/tourtravelandmore.com\/wp-content\/uploads\/2016\/11\/TrasladoAlicante-1.png","datePublished":"2019-10-15T01:33:23+00:00","dateModified":"2021-11-12T10:06:53+00:00","description":"Le ofrecemos la manera m\u00e1s r\u00e1pida y relajante de llegar a su destino en Tanger con nuestro traslado privado. Coches privados y minivans privados.","breadcrumb":{"@id":"https:\/\/tourtravelandmore.com\/es\/tours\/marruecos-es\/tanger-es\/transfer-privado-hasta-desde-aeropuerto-puerto-de-tanger\/#breadcrumb"},"inLanguage":"es","potentialAction":[{"@type":"ReadAction","target":["https:\/\/tourtravelandmore.com\/es\/tours\/marruecos-es\/tanger-es\/transfer-privado-hasta-desde-aeropuerto-puerto-de-tanger\/"]}]},{"@type":"ImageObject","inLanguage":"es","@id":"https:\/\/tourtravelandmore.com\/es\/tours\/marruecos-es\/tanger-es\/transfer-privado-hasta-desde-aeropuerto-puerto-de-tanger\/#primaryimage","url":"https:\/\/tourtravelandmore.com\/wp-content\/uploads\/2016\/11\/TrasladoAlicante-1.png","contentUrl":"https:\/\/tourtravelandmore.com\/wp-content\/uploads\/2016\/11\/TrasladoAlicante-1.png","width":640,"height":425},{"@type":"BreadcrumbList","@id":"https:\/\/tourtravelandmore.com\/es\/tours\/marruecos-es\/tanger-es\/transfer-privado-hasta-desde-aeropuerto-puerto-de-tanger\/#breadcrumb","itemListElement":[{"@type":"ListItem","position":1,"name":"Home","item":"https:\/\/tourtravelandmore.com\/es\/"},{"@type":"ListItem","position":2,"name":"Tours","item":"https:\/\/tourtravelandmore.com\/es\/tours\/"},{"@type":"ListItem","position":3,"name":"Transfer Privado hasta\/desde aeropuerto\/puerto de Tanger"}]},{"@type":"WebSite","@id":"https:\/\/tourtravelandmore.com\/es\/#website","url":"https:\/\/tourtravelandmore.com\/es\/","name":"Tour Travel And More","description":"Private sightseeing tours and luxury transfers in Spain","publisher":{"@id":"https:\/\/tourtravelandmore.com\/es\/#organization"},"potentialAction":[{"@type":"SearchAction","target":{"@type":"EntryPoint","urlTemplate":"https:\/\/tourtravelandmore.com\/es\/?s={search_term_string}"},"query-input":{"@type":"PropertyValueSpecification","valueRequired":true,"valueName":"search_term_string"}}],"inLanguage":"es"},{"@type":"Organization","@id":"https:\/\/tourtravelandmore.com\/es\/#organization","name":"Tour Travel And More","url":"https:\/\/tourtravelandmore.com\/es\/","logo":{"@type":"ImageObject","inLanguage":"es","@id":"https:\/\/tourtravelandmore.com\/es\/#\/schema\/logo\/image\/","url":"https:\/\/tourtravelandmore.com\/wp-content\/uploads\/2022\/12\/cropped-logo-cabecera-new.png","contentUrl":"https:\/\/tourtravelandmore.com\/wp-content\/uploads\/2022\/12\/cropped-logo-cabecera-new.png","width":430,"height":61,"caption":"Tour Travel And More"},"image":{"@id":"https:\/\/tourtravelandmore.com\/es\/#\/schema\/logo\/image\/"},"sameAs":["https:\/\/www.facebook.com\/tourtravelandmore\/","https:\/\/x.com\/TourTravel_More"]}]}},"_links":{"self":[{"href":"https:\/\/tourtravelandmore.com\/es\/wp-json\/wp\/v2\/product\/68888","targetHints":{"allow":["GET"]}}],"collection":[{"href":"https:\/\/tourtravelandmore.com\/es\/wp-json\/wp\/v2\/product"}],"about":[{"href":"https:\/\/tourtravelandmore.com\/es\/wp-json\/wp\/v2\/types\/product"}],"replies":[{"embeddable":true,"href":"https:\/\/tourtravelandmore.com\/es\/wp-json\/wp\/v2\/comments?post=68888"}],"wp:featuredmedia":[{"embeddable":true,"href":"https:\/\/tourtravelandmore.com\/es\/wp-json\/wp\/v2\/media\/59378"}],"wp:attachment":[{"href":"https:\/\/tourtravelandmore.com\/es\/wp-json\/wp\/v2\/media?parent=68888"}],"wp:term":[{"taxonomy":"product_brand","embeddable":true,"href":"https:\/\/tourtravelandmore.com\/es\/wp-json\/wp\/v2\/product_brand?post=68888"},{"taxonomy":"product_cat","embeddable":true,"href":"https:\/\/tourtravelandmore.com\/es\/wp-json\/wp\/v2\/product_cat?post=68888"},{"taxonomy":"product_tag","embeddable":true,"href":"https:\/\/tourtravelandmore.com\/es\/wp-json\/wp\/v2\/product_tag?post=68888"}],"curies":[{"name":"wp","href":"https:\/\/api.w.org\/{rel}","templated":true}]}}