{"id":68884,"date":"2019-10-21T03:33:21","date_gmt":"2019-10-21T01:33:22","guid":{"rendered":"https:\/\/tourtravelandmore.com\/?post_type=product&#038;p=68884"},"modified":"2024-05-03T20:33:44","modified_gmt":"2024-05-03T18:33:44","slug":"transfer-privado-hasta-desde-aeropuerto-puerto-de-toledo","status":"publish","type":"product","link":"https:\/\/tourtravelandmore.com\/es\/tours\/espana-es\/toledo-es\/transfer-privado-hasta-desde-aeropuerto-puerto-de-toledo\/","title":{"rendered":"Traslado privado Madrid a Toledo"},"content":{"rendered":"<h2><strong>Descripci\u00f3n del Traslado privado Madrid a Toledo<\/strong><\/h2>\n<p>Con nuestro <strong>traslado Madrid a Toledo<\/strong>, con veh\u00edculo privado, le ofrecemos llegar a su destino r\u00e1pidamente. Disfruta de una experiencia relajante en uno de nuestros<strong> veh\u00edculos privados de lujo.<\/strong><\/p>\n<p>Ofrecemos todo tipo de traslados como, por ejemplo, <strong>traslados al aeropuerto, traslados a restaurantes o traslados a cualquier lugar. <\/strong><strong>Adem\u00e1s de Traslado tambi\u00e9n tenemos veh\u00edculo a disposici\u00f3n, es decir, por horas.<\/strong><\/p>\n<p>Nuestra flota de Veh\u00edculos est\u00e1 formada por <strong>Mercedes Clase S, Mercedes Clase E, Mercedes Viano, Mini Bus Sprinter y Bus.<\/strong><\/p>\n<p>Siempre para las llegadas nuestro equipo estar\u00e1 esperando con un cartel con su nombre.<\/p>\n<p>Para su Traslado Madrid a Toledo puede escoger la hora que desee, ah\u00ed estar\u00e1 nuestro conductor esperando su llegada.<\/p>\n<p>Si desea tambi\u00e9n puede coger nuestros servicios para Bodas, Eventos o Congresos.<\/p>\n<p>Nuestro Equipo siempre est\u00e1 en contacto con los conductores y los vuelos se monitorizan, con el objetivo de conseguir que los viajeros no se preocupen cuando est\u00e1n viajando, su un avi\u00f3n llega tarde, nosotros de forma autom\u00e1tica cambiamos la hora de recogida a la nueva hora, asi nuestro conductor siempre estar\u00e1 esperando puntual.<\/p>\n<h2>Puntos de inter\u00e9s en el Traslado privado Madrid a Toledo<\/h2>\n<p>En el formulario de contacto nos puede solicitar la informaci\u00f3n y le enviaremos la cotizaci\u00f3n.<\/p>\n<p>Es importante que nos informe del n\u00famero de maletas que cada persona va a llevar, para calcular bien los espacios.<\/p>\n<p>Tambi\u00e9n es crucial que se nos informe si va a requerir de silla de bebe o Alzador.<\/p>\n<p>Todos nuestros conductores est\u00e1n perfectamente uniformados y hablan Castellano e Ingl\u00e9s.<\/p>\n<p>Si est\u00e1 interesado en un Tour de la ciudad de Madrid, puede ver nuestros Tours<a href=\"https:\/\/tourtravelandmore.com\/es\/ciudad\/espana-es\/madrid-es\/\">\u00a0privados de Madrid<\/a> y solicitar m\u00e1s informaci\u00f3n. Todos nuestros tours son con gu\u00eda oficial para que la experiencia sea \u00fanica. Nuestros veh\u00edculos tienen todos licencias y son veh\u00edculos siempre en perfecto estado, as\u00ed como nuestros conductores han sido formados para transportar viajeros.<\/p>\n","protected":false},"excerpt":{"rendered":"<p>Reserve un traslado privado para ir a Toledo desde Madrid con su vehiculo privado con conductor.<\/p>\n","protected":false},"featured_media":7736,"comment_status":"open","ping_status":"closed","template":"","meta":{"_acf_changed":false},"product_brand":[],"product_cat":[1596,285,289,353,541,543],"product_tag":[4041,4040],"class_list":{"0":"post-68884","1":"product","2":"type-product","3":"status-publish","4":"has-post-thumbnail","6":"product_cat-espana-es","7":"product_cat-madrid-actividades-es","8":"product_cat-madrid-traslados-es","9":"product_cat-toledo-es","10":"product_cat-toledo-actividades-es","11":"product_cat-toledo-traslados-es","12":"product_tag-private-es","13":"product_tag-transfer-es","15":"first","16":"instock","17":"shipping-taxable","18":"purchasable","19":"product-type-simple"},"acf":[],"yoast_head":"<!-- This site is optimized with the Yoast SEO Premium plugin v25.3.1 (Yoast SEO v25.3.1) - https:\/\/yoast.com\/wordpress\/plugins\/seo\/ -->\n<title>\u27a1\ufe0f Traslado Madrid a Toledo | Tour Travel &amp; More<\/title>\n<meta name=\"description\" content=\"Disfruta de un Traslado Madrid a Toledo, con nuestro Vehiculo privado, Mercedes E, Mercedes Viano, Mercedes Clase S, Mercedes Sprinter o Bus \u2705\" \/>\n<meta name=\"robots\" content=\"index, follow, max-snippet:-1, max-image-preview:large, max-video-preview:-1\" \/>\n<link rel=\"canonical\" href=\"https:\/\/tourtravelandmore.com\/es\/tours\/espana-es\/toledo-es\/transfer-privado-hasta-desde-aeropuerto-puerto-de-toledo\/\" \/>\n<meta property=\"og:locale\" content=\"es_ES\" \/>\n<meta property=\"og:type\" content=\"article\" \/>\n<meta property=\"og:title\" content=\"Traslado privado Madrid a Toledo\" \/>\n<meta property=\"og:description\" content=\"Disfruta de un Traslado Madrid a Toledo, con nuestro Vehiculo privado, Mercedes E, Mercedes Viano, Mercedes Clase S, Mercedes Sprinter o Bus \u2705\" \/>\n<meta property=\"og:url\" content=\"https:\/\/tourtravelandmore.com\/es\/tours\/espana-es\/toledo-es\/transfer-privado-hasta-desde-aeropuerto-puerto-de-toledo\/\" \/>\n<meta property=\"og:site_name\" content=\"Tour Travel And More\" \/>\n<meta property=\"article:publisher\" content=\"https:\/\/www.facebook.com\/tourtravelandmore\/\" \/>\n<meta property=\"article:modified_time\" content=\"2024-05-03T18:33:44+00:00\" \/>\n<meta property=\"og:image\" content=\"https:\/\/tourtravelandmore.com\/wp-content\/uploads\/2016\/10\/barcelona-wedding-transfer-2.jpg\" \/>\n\t<meta property=\"og:image:width\" content=\"1296\" \/>\n\t<meta property=\"og:image:height\" content=\"730\" \/>\n\t<meta property=\"og:image:type\" content=\"image\/jpeg\" \/>\n<meta name=\"twitter:card\" content=\"summary_large_image\" \/>\n<meta name=\"twitter:site\" content=\"@TourTravel_More\" \/>\n<meta name=\"twitter:label1\" content=\"Tiempo de lectura\" \/>\n\t<meta name=\"twitter:data1\" content=\"2 minutos\" \/>\n<script type=\"application\/ld+json\" class=\"yoast-schema-graph\">{\"@context\":\"https:\/\/schema.org\",\"@graph\":[{\"@type\":\"WebPage\",\"@id\":\"https:\/\/tourtravelandmore.com\/es\/tours\/espana-es\/toledo-es\/transfer-privado-hasta-desde-aeropuerto-puerto-de-toledo\/\",\"url\":\"https:\/\/tourtravelandmore.com\/es\/tours\/espana-es\/toledo-es\/transfer-privado-hasta-desde-aeropuerto-puerto-de-toledo\/\",\"name\":\"\u27a1\ufe0f Traslado Madrid a Toledo | Tour Travel & More\",\"isPartOf\":{\"@id\":\"https:\/\/tourtravelandmore.com\/es\/#website\"},\"primaryImageOfPage\":{\"@id\":\"https:\/\/tourtravelandmore.com\/es\/tours\/espana-es\/toledo-es\/transfer-privado-hasta-desde-aeropuerto-puerto-de-toledo\/#primaryimage\"},\"image\":{\"@id\":\"https:\/\/tourtravelandmore.com\/es\/tours\/espana-es\/toledo-es\/transfer-privado-hasta-desde-aeropuerto-puerto-de-toledo\/#primaryimage\"},\"thumbnailUrl\":\"https:\/\/tourtravelandmore.com\/wp-content\/uploads\/2016\/10\/barcelona-wedding-transfer-2.jpg\",\"datePublished\":\"2019-10-21T01:33:22+00:00\",\"dateModified\":\"2024-05-03T18:33:44+00:00\",\"description\":\"Disfruta de un Traslado Madrid a Toledo, con nuestro Vehiculo privado, Mercedes E, Mercedes Viano, Mercedes Clase S, Mercedes Sprinter o Bus \u2705\",\"breadcrumb\":{\"@id\":\"https:\/\/tourtravelandmore.com\/es\/tours\/espana-es\/toledo-es\/transfer-privado-hasta-desde-aeropuerto-puerto-de-toledo\/#breadcrumb\"},\"inLanguage\":\"es\",\"potentialAction\":[{\"@type\":\"ReadAction\",\"target\":[\"https:\/\/tourtravelandmore.com\/es\/tours\/espana-es\/toledo-es\/transfer-privado-hasta-desde-aeropuerto-puerto-de-toledo\/\"]}]},{\"@type\":\"ImageObject\",\"inLanguage\":\"es\",\"@id\":\"https:\/\/tourtravelandmore.com\/es\/tours\/espana-es\/toledo-es\/transfer-privado-hasta-desde-aeropuerto-puerto-de-toledo\/#primaryimage\",\"url\":\"https:\/\/tourtravelandmore.com\/wp-content\/uploads\/2016\/10\/barcelona-wedding-transfer-2.jpg\",\"contentUrl\":\"https:\/\/tourtravelandmore.com\/wp-content\/uploads\/2016\/10\/barcelona-wedding-transfer-2.jpg\",\"width\":1296,\"height\":730,\"caption\":\"Mercedes-Benz S-Klasse, (W 222), 2012\"},{\"@type\":\"BreadcrumbList\",\"@id\":\"https:\/\/tourtravelandmore.com\/es\/tours\/espana-es\/toledo-es\/transfer-privado-hasta-desde-aeropuerto-puerto-de-toledo\/#breadcrumb\",\"itemListElement\":[{\"@type\":\"ListItem\",\"position\":1,\"name\":\"Home\",\"item\":\"https:\/\/tourtravelandmore.com\/es\/\"},{\"@type\":\"ListItem\",\"position\":2,\"name\":\"Tours\",\"item\":\"https:\/\/tourtravelandmore.com\/es\/tours\/\"},{\"@type\":\"ListItem\",\"position\":3,\"name\":\"Traslado privado Madrid a Toledo\"}]},{\"@type\":\"WebSite\",\"@id\":\"https:\/\/tourtravelandmore.com\/es\/#website\",\"url\":\"https:\/\/tourtravelandmore.com\/es\/\",\"name\":\"Tour Travel And More\",\"description\":\"Private sightseeing tours and luxury transfers in Spain\",\"publisher\":{\"@id\":\"https:\/\/tourtravelandmore.com\/es\/#organization\"},\"potentialAction\":[{\"@type\":\"SearchAction\",\"target\":{\"@type\":\"EntryPoint\",\"urlTemplate\":\"https:\/\/tourtravelandmore.com\/es\/?s={search_term_string}\"},\"query-input\":{\"@type\":\"PropertyValueSpecification\",\"valueRequired\":true,\"valueName\":\"search_term_string\"}}],\"inLanguage\":\"es\"},{\"@type\":\"Organization\",\"@id\":\"https:\/\/tourtravelandmore.com\/es\/#organization\",\"name\":\"Tour Travel And More\",\"url\":\"https:\/\/tourtravelandmore.com\/es\/\",\"logo\":{\"@type\":\"ImageObject\",\"inLanguage\":\"es\",\"@id\":\"https:\/\/tourtravelandmore.com\/es\/#\/schema\/logo\/image\/\",\"url\":\"https:\/\/tourtravelandmore.com\/wp-content\/uploads\/2022\/12\/cropped-logo-cabecera-new.png\",\"contentUrl\":\"https:\/\/tourtravelandmore.com\/wp-content\/uploads\/2022\/12\/cropped-logo-cabecera-new.png\",\"width\":430,\"height\":61,\"caption\":\"Tour Travel And More\"},\"image\":{\"@id\":\"https:\/\/tourtravelandmore.com\/es\/#\/schema\/logo\/image\/\"},\"sameAs\":[\"https:\/\/www.facebook.com\/tourtravelandmore\/\",\"https:\/\/x.com\/TourTravel_More\"]}]}<\/script>\n<!-- \/ Yoast SEO Premium plugin. -->","yoast_head_json":{"title":"\u27a1\ufe0f Traslado Madrid a Toledo | Tour Travel & More","description":"Disfruta de un Traslado Madrid a Toledo, con nuestro Vehiculo privado, Mercedes E, Mercedes Viano, Mercedes Clase S, Mercedes Sprinter o Bus \u2705","robots":{"index":"index","follow":"follow","max-snippet":"max-snippet:-1","max-image-preview":"max-image-preview:large","max-video-preview":"max-video-preview:-1"},"canonical":"https:\/\/tourtravelandmore.com\/es\/tours\/espana-es\/toledo-es\/transfer-privado-hasta-desde-aeropuerto-puerto-de-toledo\/","og_locale":"es_ES","og_type":"article","og_title":"Traslado privado Madrid a Toledo","og_description":"Disfruta de un Traslado Madrid a Toledo, con nuestro Vehiculo privado, Mercedes E, Mercedes Viano, Mercedes Clase S, Mercedes Sprinter o Bus \u2705","og_url":"https:\/\/tourtravelandmore.com\/es\/tours\/espana-es\/toledo-es\/transfer-privado-hasta-desde-aeropuerto-puerto-de-toledo\/","og_site_name":"Tour Travel And More","article_publisher":"https:\/\/www.facebook.com\/tourtravelandmore\/","article_modified_time":"2024-05-03T18:33:44+00:00","og_image":[{"width":1296,"height":730,"url":"https:\/\/tourtravelandmore.com\/wp-content\/uploads\/2016\/10\/barcelona-wedding-transfer-2.jpg","type":"image\/jpeg"}],"twitter_card":"summary_large_image","twitter_site":"@TourTravel_More","twitter_misc":{"Tiempo de lectura":"2 minutos"},"schema":{"@context":"https:\/\/schema.org","@graph":[{"@type":"WebPage","@id":"https:\/\/tourtravelandmore.com\/es\/tours\/espana-es\/toledo-es\/transfer-privado-hasta-desde-aeropuerto-puerto-de-toledo\/","url":"https:\/\/tourtravelandmore.com\/es\/tours\/espana-es\/toledo-es\/transfer-privado-hasta-desde-aeropuerto-puerto-de-toledo\/","name":"\u27a1\ufe0f Traslado Madrid a Toledo | Tour Travel & More","isPartOf":{"@id":"https:\/\/tourtravelandmore.com\/es\/#website"},"primaryImageOfPage":{"@id":"https:\/\/tourtravelandmore.com\/es\/tours\/espana-es\/toledo-es\/transfer-privado-hasta-desde-aeropuerto-puerto-de-toledo\/#primaryimage"},"image":{"@id":"https:\/\/tourtravelandmore.com\/es\/tours\/espana-es\/toledo-es\/transfer-privado-hasta-desde-aeropuerto-puerto-de-toledo\/#primaryimage"},"thumbnailUrl":"https:\/\/tourtravelandmore.com\/wp-content\/uploads\/2016\/10\/barcelona-wedding-transfer-2.jpg","datePublished":"2019-10-21T01:33:22+00:00","dateModified":"2024-05-03T18:33:44+00:00","description":"Disfruta de un Traslado Madrid a Toledo, con nuestro Vehiculo privado, Mercedes E, Mercedes Viano, Mercedes Clase S, Mercedes Sprinter o Bus \u2705","breadcrumb":{"@id":"https:\/\/tourtravelandmore.com\/es\/tours\/espana-es\/toledo-es\/transfer-privado-hasta-desde-aeropuerto-puerto-de-toledo\/#breadcrumb"},"inLanguage":"es","potentialAction":[{"@type":"ReadAction","target":["https:\/\/tourtravelandmore.com\/es\/tours\/espana-es\/toledo-es\/transfer-privado-hasta-desde-aeropuerto-puerto-de-toledo\/"]}]},{"@type":"ImageObject","inLanguage":"es","@id":"https:\/\/tourtravelandmore.com\/es\/tours\/espana-es\/toledo-es\/transfer-privado-hasta-desde-aeropuerto-puerto-de-toledo\/#primaryimage","url":"https:\/\/tourtravelandmore.com\/wp-content\/uploads\/2016\/10\/barcelona-wedding-transfer-2.jpg","contentUrl":"https:\/\/tourtravelandmore.com\/wp-content\/uploads\/2016\/10\/barcelona-wedding-transfer-2.jpg","width":1296,"height":730,"caption":"Mercedes-Benz S-Klasse, (W 222), 2012"},{"@type":"BreadcrumbList","@id":"https:\/\/tourtravelandmore.com\/es\/tours\/espana-es\/toledo-es\/transfer-privado-hasta-desde-aeropuerto-puerto-de-toledo\/#breadcrumb","itemListElement":[{"@type":"ListItem","position":1,"name":"Home","item":"https:\/\/tourtravelandmore.com\/es\/"},{"@type":"ListItem","position":2,"name":"Tours","item":"https:\/\/tourtravelandmore.com\/es\/tours\/"},{"@type":"ListItem","position":3,"name":"Traslado privado Madrid a Toledo"}]},{"@type":"WebSite","@id":"https:\/\/tourtravelandmore.com\/es\/#website","url":"https:\/\/tourtravelandmore.com\/es\/","name":"Tour Travel And More","description":"Private sightseeing tours and luxury transfers in Spain","publisher":{"@id":"https:\/\/tourtravelandmore.com\/es\/#organization"},"potentialAction":[{"@type":"SearchAction","target":{"@type":"EntryPoint","urlTemplate":"https:\/\/tourtravelandmore.com\/es\/?s={search_term_string}"},"query-input":{"@type":"PropertyValueSpecification","valueRequired":true,"valueName":"search_term_string"}}],"inLanguage":"es"},{"@type":"Organization","@id":"https:\/\/tourtravelandmore.com\/es\/#organization","name":"Tour Travel And More","url":"https:\/\/tourtravelandmore.com\/es\/","logo":{"@type":"ImageObject","inLanguage":"es","@id":"https:\/\/tourtravelandmore.com\/es\/#\/schema\/logo\/image\/","url":"https:\/\/tourtravelandmore.com\/wp-content\/uploads\/2022\/12\/cropped-logo-cabecera-new.png","contentUrl":"https:\/\/tourtravelandmore.com\/wp-content\/uploads\/2022\/12\/cropped-logo-cabecera-new.png","width":430,"height":61,"caption":"Tour Travel And More"},"image":{"@id":"https:\/\/tourtravelandmore.com\/es\/#\/schema\/logo\/image\/"},"sameAs":["https:\/\/www.facebook.com\/tourtravelandmore\/","https:\/\/x.com\/TourTravel_More"]}]}},"_links":{"self":[{"href":"https:\/\/tourtravelandmore.com\/es\/wp-json\/wp\/v2\/product\/68884","targetHints":{"allow":["GET"]}}],"collection":[{"href":"https:\/\/tourtravelandmore.com\/es\/wp-json\/wp\/v2\/product"}],"about":[{"href":"https:\/\/tourtravelandmore.com\/es\/wp-json\/wp\/v2\/types\/product"}],"replies":[{"embeddable":true,"href":"https:\/\/tourtravelandmore.com\/es\/wp-json\/wp\/v2\/comments?post=68884"}],"wp:featuredmedia":[{"embeddable":true,"href":"https:\/\/tourtravelandmore.com\/es\/wp-json\/wp\/v2\/media\/7736"}],"wp:attachment":[{"href":"https:\/\/tourtravelandmore.com\/es\/wp-json\/wp\/v2\/media?parent=68884"}],"wp:term":[{"taxonomy":"product_brand","embeddable":true,"href":"https:\/\/tourtravelandmore.com\/es\/wp-json\/wp\/v2\/product_brand?post=68884"},{"taxonomy":"product_cat","embeddable":true,"href":"https:\/\/tourtravelandmore.com\/es\/wp-json\/wp\/v2\/product_cat?post=68884"},{"taxonomy":"product_tag","embeddable":true,"href":"https:\/\/tourtravelandmore.com\/es\/wp-json\/wp\/v2\/product_tag?post=68884"}],"curies":[{"name":"wp","href":"https:\/\/api.w.org\/{rel}","templated":true}]}}