{"id":68836,"date":"2019-10-20T23:58:40","date_gmt":"2019-10-20T21:58:41","guid":{"rendered":"https:\/\/tourtravelandmore.com\/?post_type=product&#038;p=68836"},"modified":"2024-04-09T14:24:27","modified_gmt":"2024-04-09T12:24:27","slug":"traslados-privados-en-londres","status":"publish","type":"product","link":"https:\/\/tourtravelandmore.com\/es\/tours\/reino-unido-es\/londres-es\/traslados-privados-en-londres\/","title":{"rendered":"Traslados Privados en Londres &#8211; hacia\/desde cualquier aeropuerto"},"content":{"rendered":"<h2><strong>Descripci\u00f3n de los Traslados Privados en Londres<\/strong><\/h2>\n<p>Disfrute de una experiencia relajante en uno de nuestros <strong>veh\u00edculos privados de lujo<\/strong> con nuestros <strong>traslados privados en Londres.<\/strong>\u00a0Le ofrecemos la forma m\u00e1s r\u00e1pida y f\u00e1cil de llegar a su destino final.<\/p>\n<p>Ofrecemos <strong>todo tipo de traslados<\/strong> como, por ejemplo, traslados al cualquiera de sus <a href=\"https:\/\/www.heathrow.com\">aeropuertos<\/a>\u00a0o traslados a cualquier otro lugar cercano.<\/p>\n<p>Una vez que llegue a su parada, nuestro personal lo estar\u00e1 esperando con un cartel en la terminal de llegadas. Durante su llegada a su destino final, tambi\u00e9n podr\u00e1 disfrutar de un paisaje panor\u00e1mico de la ciudad.<\/p>\n<p>Tambi\u00e9n disfrute de <strong>traslados privados en Londres<\/strong>\u00a0desde su hotel o apartamento hasta cualquier restaurante en Londres.<\/p>\n<p>Podemos llevarlo a su hotel en Londres o en cualquier otra ciudad cercana, como Slough o incluso Oxford.<\/p>\n<p>Adem\u00e1s, disponemos de una amplia variedad de tours privado en y desde Londres, eche un vistazo a <a href=\"https:\/\/tourtravelandmore.com\/es\/ciudad\/reino-unido-es\/londres-es\/\">nuestra lista de tours privados.<\/a><\/p>\n<h2><strong>Puntos de inter\u00e9s en Londres<\/strong><\/h2>\n<p>Ofrecemos servicio de transfer y ofrecemos un <strong>servicio personalizado y privad<\/strong>o para todos los grupos. Todos nuestros veh\u00edculos son de alta gama.<\/p>\n<p>Todo lo que necesita hacer es contactarnos y organizaremos su transferencia de la mejor manera posible.<\/p>\n<p>Una vez que haya hecho la reserva, recibir\u00e1 un correo de confirmaci\u00f3n. Luego necesitaremos la informaci\u00f3n de su vuelo, la hora de llegada y la compa\u00f1\u00eda a\u00e9rea, o la informaci\u00f3n de su crucero. Entre 48 y 24 horas antes de su hora de llegada, necesitaremos una confirmaci\u00f3n de todos estos detalles para que su servicio de traslado sea perfecto.<\/p>\n<p>No limitamos la cantidad de equipaje. Pero le rogamos que informe con cu\u00e1ntos equipajes viajar\u00e1 solo por cuestiones de log\u00edstica. A veces puede ser necesario un veh\u00edculo m\u00e1s grande y se pueden aplicar tarifas adicionales.<\/p>\n<p>Si necesita un asiento para beb\u00e9 o un asiento para ni\u00f1os, p\u00f3ngase en contacto con nosotros antes de su vuelo o traslado privado para organizarlo correctamente.<\/p>\n","protected":false},"excerpt":{"rendered":"<p>Perm\u00edtanos coordinar su transporte privado en Londres y disfrute de <strong>llegar a su destino en Londres <\/strong>de la manera m\u00e1s c\u00f3moda y r\u00e1pida posible. Organizamos recogidas desde su hotel, aeropuerto, puerto o cualquier lugar de<strong> Londres<\/strong>.<\/p>\n","protected":false},"featured_media":7736,"comment_status":"open","ping_status":"closed","template":"","meta":{"_acf_changed":false},"product_brand":[],"product_cat":[1603,1142,1151,2659],"product_tag":[4041,4040],"class_list":{"0":"post-68836","1":"product","2":"type-product","3":"status-publish","4":"has-post-thumbnail","6":"product_cat-reino-unido-es","7":"product_cat-londres-es","8":"product_cat-londres-actividades-es","9":"product_cat-londres-traslados-es","10":"product_tag-private-es","11":"product_tag-transfer-es","13":"first","14":"instock","15":"shipping-taxable","16":"purchasable","17":"product-type-simple"},"acf":[],"yoast_head":"<!-- This site is optimized with the Yoast SEO Premium plugin v25.3.1 (Yoast SEO v25.3.1) - https:\/\/yoast.com\/wordpress\/plugins\/seo\/ -->\n<title>\u27a1\ufe0f Traslados Privados en Londres: veh\u00edculos privados con chofer | Tour Travel &amp; More<\/title>\n<meta name=\"description\" content=\"Traslados privados en Londres desde cualquiera de sus aeropuertos u otras ciudades en Inglaterra. Veh\u00edculos privados a su disposici\u00f3n \u2705\" \/>\n<meta name=\"robots\" content=\"index, follow, max-snippet:-1, max-image-preview:large, max-video-preview:-1\" \/>\n<link rel=\"canonical\" href=\"https:\/\/tourtravelandmore.com\/es\/tours\/reino-unido-es\/londres-es\/traslados-privados-en-londres\/\" \/>\n<meta property=\"og:locale\" content=\"es_ES\" \/>\n<meta property=\"og:type\" content=\"article\" \/>\n<meta property=\"og:title\" content=\"Traslados Privados en Londres - hacia\/desde cualquier aeropuerto\" \/>\n<meta property=\"og:description\" content=\"Traslados privados en Londres desde cualquiera de sus aeropuertos u otras ciudades en Inglaterra. Veh\u00edculos privados a su disposici\u00f3n \u2705\" \/>\n<meta property=\"og:url\" content=\"https:\/\/tourtravelandmore.com\/es\/tours\/reino-unido-es\/londres-es\/traslados-privados-en-londres\/\" \/>\n<meta property=\"og:site_name\" content=\"Tour Travel And More\" \/>\n<meta property=\"article:publisher\" content=\"https:\/\/www.facebook.com\/tourtravelandmore\/\" \/>\n<meta property=\"article:modified_time\" content=\"2024-04-09T12:24:27+00:00\" \/>\n<meta property=\"og:image\" content=\"https:\/\/tourtravelandmore.com\/wp-content\/uploads\/2016\/10\/barcelona-wedding-transfer-2.jpg\" \/>\n\t<meta property=\"og:image:width\" content=\"1296\" \/>\n\t<meta property=\"og:image:height\" content=\"730\" \/>\n\t<meta property=\"og:image:type\" content=\"image\/jpeg\" \/>\n<meta name=\"twitter:card\" content=\"summary_large_image\" \/>\n<meta name=\"twitter:site\" content=\"@TourTravel_More\" \/>\n<meta name=\"twitter:label1\" content=\"Tiempo de lectura\" \/>\n\t<meta name=\"twitter:data1\" content=\"2 minutos\" \/>\n<script type=\"application\/ld+json\" class=\"yoast-schema-graph\">{\"@context\":\"https:\/\/schema.org\",\"@graph\":[{\"@type\":\"WebPage\",\"@id\":\"https:\/\/tourtravelandmore.com\/es\/tours\/reino-unido-es\/londres-es\/traslados-privados-en-londres\/\",\"url\":\"https:\/\/tourtravelandmore.com\/es\/tours\/reino-unido-es\/londres-es\/traslados-privados-en-londres\/\",\"name\":\"\u27a1\ufe0f Traslados Privados en Londres: veh\u00edculos privados con chofer | Tour Travel & More\",\"isPartOf\":{\"@id\":\"https:\/\/tourtravelandmore.com\/es\/#website\"},\"primaryImageOfPage\":{\"@id\":\"https:\/\/tourtravelandmore.com\/es\/tours\/reino-unido-es\/londres-es\/traslados-privados-en-londres\/#primaryimage\"},\"image\":{\"@id\":\"https:\/\/tourtravelandmore.com\/es\/tours\/reino-unido-es\/londres-es\/traslados-privados-en-londres\/#primaryimage\"},\"thumbnailUrl\":\"https:\/\/tourtravelandmore.com\/wp-content\/uploads\/2016\/10\/barcelona-wedding-transfer-2.jpg\",\"datePublished\":\"2019-10-20T21:58:41+00:00\",\"dateModified\":\"2024-04-09T12:24:27+00:00\",\"description\":\"Traslados privados en Londres desde cualquiera de sus aeropuertos u otras ciudades en Inglaterra. Veh\u00edculos privados a su disposici\u00f3n \u2705\",\"breadcrumb\":{\"@id\":\"https:\/\/tourtravelandmore.com\/es\/tours\/reino-unido-es\/londres-es\/traslados-privados-en-londres\/#breadcrumb\"},\"inLanguage\":\"es\",\"potentialAction\":[{\"@type\":\"ReadAction\",\"target\":[\"https:\/\/tourtravelandmore.com\/es\/tours\/reino-unido-es\/londres-es\/traslados-privados-en-londres\/\"]}]},{\"@type\":\"ImageObject\",\"inLanguage\":\"es\",\"@id\":\"https:\/\/tourtravelandmore.com\/es\/tours\/reino-unido-es\/londres-es\/traslados-privados-en-londres\/#primaryimage\",\"url\":\"https:\/\/tourtravelandmore.com\/wp-content\/uploads\/2016\/10\/barcelona-wedding-transfer-2.jpg\",\"contentUrl\":\"https:\/\/tourtravelandmore.com\/wp-content\/uploads\/2016\/10\/barcelona-wedding-transfer-2.jpg\",\"width\":1296,\"height\":730,\"caption\":\"Mercedes-Benz S-Klasse, (W 222), 2012\"},{\"@type\":\"BreadcrumbList\",\"@id\":\"https:\/\/tourtravelandmore.com\/es\/tours\/reino-unido-es\/londres-es\/traslados-privados-en-londres\/#breadcrumb\",\"itemListElement\":[{\"@type\":\"ListItem\",\"position\":1,\"name\":\"Home\",\"item\":\"https:\/\/tourtravelandmore.com\/es\/\"},{\"@type\":\"ListItem\",\"position\":2,\"name\":\"Tours\",\"item\":\"https:\/\/tourtravelandmore.com\/es\/tours\/\"},{\"@type\":\"ListItem\",\"position\":3,\"name\":\"Traslados Privados en Londres &#8211; hacia\/desde cualquier aeropuerto\"}]},{\"@type\":\"WebSite\",\"@id\":\"https:\/\/tourtravelandmore.com\/es\/#website\",\"url\":\"https:\/\/tourtravelandmore.com\/es\/\",\"name\":\"Tour Travel And More\",\"description\":\"Private sightseeing tours and luxury transfers in Spain\",\"publisher\":{\"@id\":\"https:\/\/tourtravelandmore.com\/es\/#organization\"},\"potentialAction\":[{\"@type\":\"SearchAction\",\"target\":{\"@type\":\"EntryPoint\",\"urlTemplate\":\"https:\/\/tourtravelandmore.com\/es\/?s={search_term_string}\"},\"query-input\":{\"@type\":\"PropertyValueSpecification\",\"valueRequired\":true,\"valueName\":\"search_term_string\"}}],\"inLanguage\":\"es\"},{\"@type\":\"Organization\",\"@id\":\"https:\/\/tourtravelandmore.com\/es\/#organization\",\"name\":\"Tour Travel And More\",\"url\":\"https:\/\/tourtravelandmore.com\/es\/\",\"logo\":{\"@type\":\"ImageObject\",\"inLanguage\":\"es\",\"@id\":\"https:\/\/tourtravelandmore.com\/es\/#\/schema\/logo\/image\/\",\"url\":\"https:\/\/tourtravelandmore.com\/wp-content\/uploads\/2022\/12\/cropped-logo-cabecera-new.png\",\"contentUrl\":\"https:\/\/tourtravelandmore.com\/wp-content\/uploads\/2022\/12\/cropped-logo-cabecera-new.png\",\"width\":430,\"height\":61,\"caption\":\"Tour Travel And More\"},\"image\":{\"@id\":\"https:\/\/tourtravelandmore.com\/es\/#\/schema\/logo\/image\/\"},\"sameAs\":[\"https:\/\/www.facebook.com\/tourtravelandmore\/\",\"https:\/\/x.com\/TourTravel_More\"]}]}<\/script>\n<!-- \/ Yoast SEO Premium plugin. -->","yoast_head_json":{"title":"\u27a1\ufe0f Traslados Privados en Londres: veh\u00edculos privados con chofer | Tour Travel & More","description":"Traslados privados en Londres desde cualquiera de sus aeropuertos u otras ciudades en Inglaterra. Veh\u00edculos privados a su disposici\u00f3n \u2705","robots":{"index":"index","follow":"follow","max-snippet":"max-snippet:-1","max-image-preview":"max-image-preview:large","max-video-preview":"max-video-preview:-1"},"canonical":"https:\/\/tourtravelandmore.com\/es\/tours\/reino-unido-es\/londres-es\/traslados-privados-en-londres\/","og_locale":"es_ES","og_type":"article","og_title":"Traslados Privados en Londres - hacia\/desde cualquier aeropuerto","og_description":"Traslados privados en Londres desde cualquiera de sus aeropuertos u otras ciudades en Inglaterra. Veh\u00edculos privados a su disposici\u00f3n \u2705","og_url":"https:\/\/tourtravelandmore.com\/es\/tours\/reino-unido-es\/londres-es\/traslados-privados-en-londres\/","og_site_name":"Tour Travel And More","article_publisher":"https:\/\/www.facebook.com\/tourtravelandmore\/","article_modified_time":"2024-04-09T12:24:27+00:00","og_image":[{"width":1296,"height":730,"url":"https:\/\/tourtravelandmore.com\/wp-content\/uploads\/2016\/10\/barcelona-wedding-transfer-2.jpg","type":"image\/jpeg"}],"twitter_card":"summary_large_image","twitter_site":"@TourTravel_More","twitter_misc":{"Tiempo de lectura":"2 minutos"},"schema":{"@context":"https:\/\/schema.org","@graph":[{"@type":"WebPage","@id":"https:\/\/tourtravelandmore.com\/es\/tours\/reino-unido-es\/londres-es\/traslados-privados-en-londres\/","url":"https:\/\/tourtravelandmore.com\/es\/tours\/reino-unido-es\/londres-es\/traslados-privados-en-londres\/","name":"\u27a1\ufe0f Traslados Privados en Londres: veh\u00edculos privados con chofer | Tour Travel & More","isPartOf":{"@id":"https:\/\/tourtravelandmore.com\/es\/#website"},"primaryImageOfPage":{"@id":"https:\/\/tourtravelandmore.com\/es\/tours\/reino-unido-es\/londres-es\/traslados-privados-en-londres\/#primaryimage"},"image":{"@id":"https:\/\/tourtravelandmore.com\/es\/tours\/reino-unido-es\/londres-es\/traslados-privados-en-londres\/#primaryimage"},"thumbnailUrl":"https:\/\/tourtravelandmore.com\/wp-content\/uploads\/2016\/10\/barcelona-wedding-transfer-2.jpg","datePublished":"2019-10-20T21:58:41+00:00","dateModified":"2024-04-09T12:24:27+00:00","description":"Traslados privados en Londres desde cualquiera de sus aeropuertos u otras ciudades en Inglaterra. Veh\u00edculos privados a su disposici\u00f3n \u2705","breadcrumb":{"@id":"https:\/\/tourtravelandmore.com\/es\/tours\/reino-unido-es\/londres-es\/traslados-privados-en-londres\/#breadcrumb"},"inLanguage":"es","potentialAction":[{"@type":"ReadAction","target":["https:\/\/tourtravelandmore.com\/es\/tours\/reino-unido-es\/londres-es\/traslados-privados-en-londres\/"]}]},{"@type":"ImageObject","inLanguage":"es","@id":"https:\/\/tourtravelandmore.com\/es\/tours\/reino-unido-es\/londres-es\/traslados-privados-en-londres\/#primaryimage","url":"https:\/\/tourtravelandmore.com\/wp-content\/uploads\/2016\/10\/barcelona-wedding-transfer-2.jpg","contentUrl":"https:\/\/tourtravelandmore.com\/wp-content\/uploads\/2016\/10\/barcelona-wedding-transfer-2.jpg","width":1296,"height":730,"caption":"Mercedes-Benz S-Klasse, (W 222), 2012"},{"@type":"BreadcrumbList","@id":"https:\/\/tourtravelandmore.com\/es\/tours\/reino-unido-es\/londres-es\/traslados-privados-en-londres\/#breadcrumb","itemListElement":[{"@type":"ListItem","position":1,"name":"Home","item":"https:\/\/tourtravelandmore.com\/es\/"},{"@type":"ListItem","position":2,"name":"Tours","item":"https:\/\/tourtravelandmore.com\/es\/tours\/"},{"@type":"ListItem","position":3,"name":"Traslados Privados en Londres &#8211; hacia\/desde cualquier aeropuerto"}]},{"@type":"WebSite","@id":"https:\/\/tourtravelandmore.com\/es\/#website","url":"https:\/\/tourtravelandmore.com\/es\/","name":"Tour Travel And More","description":"Private sightseeing tours and luxury transfers in Spain","publisher":{"@id":"https:\/\/tourtravelandmore.com\/es\/#organization"},"potentialAction":[{"@type":"SearchAction","target":{"@type":"EntryPoint","urlTemplate":"https:\/\/tourtravelandmore.com\/es\/?s={search_term_string}"},"query-input":{"@type":"PropertyValueSpecification","valueRequired":true,"valueName":"search_term_string"}}],"inLanguage":"es"},{"@type":"Organization","@id":"https:\/\/tourtravelandmore.com\/es\/#organization","name":"Tour Travel And More","url":"https:\/\/tourtravelandmore.com\/es\/","logo":{"@type":"ImageObject","inLanguage":"es","@id":"https:\/\/tourtravelandmore.com\/es\/#\/schema\/logo\/image\/","url":"https:\/\/tourtravelandmore.com\/wp-content\/uploads\/2022\/12\/cropped-logo-cabecera-new.png","contentUrl":"https:\/\/tourtravelandmore.com\/wp-content\/uploads\/2022\/12\/cropped-logo-cabecera-new.png","width":430,"height":61,"caption":"Tour Travel And More"},"image":{"@id":"https:\/\/tourtravelandmore.com\/es\/#\/schema\/logo\/image\/"},"sameAs":["https:\/\/www.facebook.com\/tourtravelandmore\/","https:\/\/x.com\/TourTravel_More"]}]}},"_links":{"self":[{"href":"https:\/\/tourtravelandmore.com\/es\/wp-json\/wp\/v2\/product\/68836","targetHints":{"allow":["GET"]}}],"collection":[{"href":"https:\/\/tourtravelandmore.com\/es\/wp-json\/wp\/v2\/product"}],"about":[{"href":"https:\/\/tourtravelandmore.com\/es\/wp-json\/wp\/v2\/types\/product"}],"replies":[{"embeddable":true,"href":"https:\/\/tourtravelandmore.com\/es\/wp-json\/wp\/v2\/comments?post=68836"}],"wp:featuredmedia":[{"embeddable":true,"href":"https:\/\/tourtravelandmore.com\/es\/wp-json\/wp\/v2\/media\/7736"}],"wp:attachment":[{"href":"https:\/\/tourtravelandmore.com\/es\/wp-json\/wp\/v2\/media?parent=68836"}],"wp:term":[{"taxonomy":"product_brand","embeddable":true,"href":"https:\/\/tourtravelandmore.com\/es\/wp-json\/wp\/v2\/product_brand?post=68836"},{"taxonomy":"product_cat","embeddable":true,"href":"https:\/\/tourtravelandmore.com\/es\/wp-json\/wp\/v2\/product_cat?post=68836"},{"taxonomy":"product_tag","embeddable":true,"href":"https:\/\/tourtravelandmore.com\/es\/wp-json\/wp\/v2\/product_tag?post=68836"}],"curies":[{"name":"wp","href":"https:\/\/api.w.org\/{rel}","templated":true}]}}