{"id":68827,"date":"2019-10-20T23:58:39","date_gmt":"2019-10-20T21:58:40","guid":{"rendered":"https:\/\/tourtravelandmore.com\/?post_type=product&#038;p=68827"},"modified":"2022-07-25T09:48:50","modified_gmt":"2022-07-25T07:48:50","slug":"traslado-privado-le-havre-con-vehiculo-con-chofer-privado","status":"publish","type":"product","link":"https:\/\/tourtravelandmore.com\/es\/tours\/francia\/le-havre-es\/traslado-privado-le-havre-con-vehiculo-con-chofer-privado\/","title":{"rendered":"Transfer Privado Le Havre desde la Terminal de Cruceros o cualquier lugar"},"content":{"rendered":"<h2>Descripci\u00f3n del Traslado Privado Le Havre desde la Terminal de Cruceros o cualquier lugar<\/h2>\n<p>Con nuestro <strong>traslado privado<\/strong> <strong>Le Havre<\/strong>, le ofrecemos llegar a su destino r\u00e1pidamente en<strong> Le Havre<\/strong>.<\/p>\n<p>Disfruta de una experiencia relajante en uno de nuestros<strong> veh\u00edculos privados<\/strong> de lujo.<\/p>\n<p>Ofrecemos todo tipo de servicios con veh\u00edculo en Le Havre:<\/p>\n<ul>\n<li><strong>Traslado privado Le Havre desde la Terminal de Cruceros<\/strong><\/li>\n<li><strong>Traslado privado Le Havre desde El Aeropuerto<\/strong><\/li>\n<li><strong>Traslado privado Le Havre desde su Hotel<\/strong><\/li>\n<li><strong>Traslados entre ciudades<\/strong><\/li>\n<li><strong>Disposiciones con conductor<\/strong><\/li>\n<li><strong>Excursiones y tour privados (Puedes consultar <a href=\"https:\/\/tourtravelandmore.com\/es\/ciudad\/francia\/le-havre-es\/\">aqu\u00ed<\/a>, los tours privados que ofrecemos en Le Havre.<\/strong><\/li>\n<\/ul>\n<p>Una vez que llegue al Aeropuerto o Terminal de Cruceros, nuestro personal lo estar\u00e1 esperando con un cartel con su nombre en llegadas.<\/p>\n<p>Tambi\u00e9n podr\u00e1 disfrutar del paisaje panor\u00e1mico de la ciudad en su veh\u00edculo privado de lujo.<\/p>\n<p>Ofrecemos traslados en<strong> Le Havre<\/strong> para grupos privados e incluso incentivos y grupos grandes y ofrecemos un servicio personalizado. Todo lo que necesita hacer es contactarnos y organizaremos su traslado de la mejor manera posible.<\/p>\n<p>Le pedimos inf\u00f3rmenos con cu\u00e1nto equipaje viajar\u00e1 solo por cuestiones de log\u00edstica, ya que a veces puede ser necesario un veh\u00edculo m\u00e1s grande.<\/p>\n<p>Si necesita un asiento para beb\u00e9 o ni\u00f1o, p\u00f3ngase en contacto con nosotros antes de su traslado para organizarlo correctamente.<\/p>\n<h2><strong>Puntos de inter\u00e9s en el Traspaso Privado Le Havre<br \/>\n<\/strong><\/h2>\n<p>Le Havre es una comuna y ciudad francesa en el departamento Mar\u00edtimo de Sena, en la regi\u00f3n de Normand\u00eda, en el <a href=\"https:\/\/tourtravelandmore.com\/es\/ciudad\/francia\/le-havre-es\/\">noroeste de Francia.<\/a><\/p>\n<p>El nombre Le Havre significa &#8220;el puerto&#8221;. Sus habitantes son conocidos como Havrais o Havraises. Est\u00e1 situado en la margen derecha del estuario del r\u00edo Sena, en el canal al suroeste del Pays de Caux.<\/p>\n<p>Le Havre es la comuna m\u00e1s poblada de la Alta Normand\u00eda. Le Havre moderno sigue profundamente influenciado por su empleo y tradiciones mar\u00edtimas. Su puerto es el segundo m\u00e1s grande de Francia, despu\u00e9s del de Marsella, por tr\u00e1fico total, y el mayor puerto franc\u00e9s de contenedores.<\/p>\n","protected":false},"excerpt":{"rendered":"<p>Aproveche esta oportunidad para <strong>llegar a su destino en Le Havre <\/strong>de la manera m\u00e1s c\u00f3moda y r\u00e1pida posible. Organizamos recogidas desde su hotel, aeropuerto, puerto o cualquier lugar de<strong> Le Havre<\/strong>.<\/p>\n","protected":false},"featured_media":8097,"comment_status":"open","ping_status":"closed","template":"","meta":{"_acf_changed":false},"product_brand":[],"product_cat":[1592,1195,1196],"product_tag":[4041,4040],"class_list":{"0":"post-68827","1":"product","2":"type-product","3":"status-publish","4":"has-post-thumbnail","6":"product_cat-francia","7":"product_cat-le-havre-es","8":"product_cat-le-havre-actividades-es","9":"product_tag-private-es","10":"product_tag-transfer-es","12":"first","13":"instock","14":"shipping-taxable","15":"purchasable","16":"product-type-simple"},"acf":[],"yoast_head":"<!-- This site is optimized with the Yoast SEO Premium plugin v25.3.1 (Yoast SEO v25.3.1) - https:\/\/yoast.com\/wordpress\/plugins\/seo\/ -->\n<title>Traslado privado Le Havre con vehiculo con chofer privado | Tour Travel &amp; More<\/title>\n<meta name=\"description\" content=\"Reserve un Traslado privado Le Havre con vehiculo con chofer privado desde su Hotel, Terminal de Cruceros o cualquier lugar \u2705\" \/>\n<meta name=\"robots\" content=\"index, follow, max-snippet:-1, max-image-preview:large, max-video-preview:-1\" \/>\n<link rel=\"canonical\" href=\"https:\/\/tourtravelandmore.com\/es\/tours\/francia\/le-havre-es\/traslado-privado-le-havre-con-vehiculo-con-chofer-privado\/\" \/>\n<meta property=\"og:locale\" content=\"es_ES\" \/>\n<meta property=\"og:type\" content=\"article\" \/>\n<meta property=\"og:title\" content=\"Transfer Privado Le Havre desde la Terminal de Cruceros o cualquier lugar\" \/>\n<meta property=\"og:description\" content=\"Reserve un Traslado privado Le Havre con vehiculo con chofer privado desde su Hotel, Terminal de Cruceros o cualquier lugar \u2705\" \/>\n<meta property=\"og:url\" content=\"https:\/\/tourtravelandmore.com\/es\/tours\/francia\/le-havre-es\/traslado-privado-le-havre-con-vehiculo-con-chofer-privado\/\" \/>\n<meta property=\"og:site_name\" content=\"Tour Travel And More\" \/>\n<meta property=\"article:publisher\" content=\"https:\/\/www.facebook.com\/tourtravelandmore\/\" \/>\n<meta property=\"article:modified_time\" content=\"2022-07-25T07:48:50+00:00\" \/>\n<meta property=\"og:image\" content=\"https:\/\/tourtravelandmore.com\/wp-content\/uploads\/2016\/10\/transfer-airport-barcelona.jpg\" \/>\n\t<meta property=\"og:image:width\" content=\"955\" \/>\n\t<meta property=\"og:image:height\" content=\"636\" \/>\n\t<meta property=\"og:image:type\" content=\"image\/jpeg\" \/>\n<meta name=\"twitter:card\" content=\"summary_large_image\" \/>\n<meta name=\"twitter:site\" content=\"@TourTravel_More\" \/>\n<meta name=\"twitter:label1\" content=\"Tiempo de lectura\" \/>\n\t<meta name=\"twitter:data1\" content=\"2 minutos\" \/>\n<script type=\"application\/ld+json\" class=\"yoast-schema-graph\">{\"@context\":\"https:\/\/schema.org\",\"@graph\":[{\"@type\":\"WebPage\",\"@id\":\"https:\/\/tourtravelandmore.com\/es\/tours\/francia\/le-havre-es\/traslado-privado-le-havre-con-vehiculo-con-chofer-privado\/\",\"url\":\"https:\/\/tourtravelandmore.com\/es\/tours\/francia\/le-havre-es\/traslado-privado-le-havre-con-vehiculo-con-chofer-privado\/\",\"name\":\"Traslado privado Le Havre con vehiculo con chofer privado | Tour Travel & More\",\"isPartOf\":{\"@id\":\"https:\/\/tourtravelandmore.com\/es\/#website\"},\"primaryImageOfPage\":{\"@id\":\"https:\/\/tourtravelandmore.com\/es\/tours\/francia\/le-havre-es\/traslado-privado-le-havre-con-vehiculo-con-chofer-privado\/#primaryimage\"},\"image\":{\"@id\":\"https:\/\/tourtravelandmore.com\/es\/tours\/francia\/le-havre-es\/traslado-privado-le-havre-con-vehiculo-con-chofer-privado\/#primaryimage\"},\"thumbnailUrl\":\"https:\/\/tourtravelandmore.com\/wp-content\/uploads\/2016\/10\/transfer-airport-barcelona.jpg\",\"datePublished\":\"2019-10-20T21:58:40+00:00\",\"dateModified\":\"2022-07-25T07:48:50+00:00\",\"description\":\"Reserve un Traslado privado Le Havre con vehiculo con chofer privado desde su Hotel, Terminal de Cruceros o cualquier lugar \u2705\",\"breadcrumb\":{\"@id\":\"https:\/\/tourtravelandmore.com\/es\/tours\/francia\/le-havre-es\/traslado-privado-le-havre-con-vehiculo-con-chofer-privado\/#breadcrumb\"},\"inLanguage\":\"es\",\"potentialAction\":[{\"@type\":\"ReadAction\",\"target\":[\"https:\/\/tourtravelandmore.com\/es\/tours\/francia\/le-havre-es\/traslado-privado-le-havre-con-vehiculo-con-chofer-privado\/\"]}]},{\"@type\":\"ImageObject\",\"inLanguage\":\"es\",\"@id\":\"https:\/\/tourtravelandmore.com\/es\/tours\/francia\/le-havre-es\/traslado-privado-le-havre-con-vehiculo-con-chofer-privado\/#primaryimage\",\"url\":\"https:\/\/tourtravelandmore.com\/wp-content\/uploads\/2016\/10\/transfer-airport-barcelona.jpg\",\"contentUrl\":\"https:\/\/tourtravelandmore.com\/wp-content\/uploads\/2016\/10\/transfer-airport-barcelona.jpg\",\"width\":955,\"height\":636,\"caption\":\"Transfer Prat Airport\"},{\"@type\":\"BreadcrumbList\",\"@id\":\"https:\/\/tourtravelandmore.com\/es\/tours\/francia\/le-havre-es\/traslado-privado-le-havre-con-vehiculo-con-chofer-privado\/#breadcrumb\",\"itemListElement\":[{\"@type\":\"ListItem\",\"position\":1,\"name\":\"Home\",\"item\":\"https:\/\/tourtravelandmore.com\/es\/\"},{\"@type\":\"ListItem\",\"position\":2,\"name\":\"Tours\",\"item\":\"https:\/\/tourtravelandmore.com\/es\/tours\/\"},{\"@type\":\"ListItem\",\"position\":3,\"name\":\"Transfer Privado Le Havre desde la Terminal de Cruceros o cualquier lugar\"}]},{\"@type\":\"WebSite\",\"@id\":\"https:\/\/tourtravelandmore.com\/es\/#website\",\"url\":\"https:\/\/tourtravelandmore.com\/es\/\",\"name\":\"Tour Travel And More\",\"description\":\"Private sightseeing tours and luxury transfers in Spain\",\"publisher\":{\"@id\":\"https:\/\/tourtravelandmore.com\/es\/#organization\"},\"potentialAction\":[{\"@type\":\"SearchAction\",\"target\":{\"@type\":\"EntryPoint\",\"urlTemplate\":\"https:\/\/tourtravelandmore.com\/es\/?s={search_term_string}\"},\"query-input\":{\"@type\":\"PropertyValueSpecification\",\"valueRequired\":true,\"valueName\":\"search_term_string\"}}],\"inLanguage\":\"es\"},{\"@type\":\"Organization\",\"@id\":\"https:\/\/tourtravelandmore.com\/es\/#organization\",\"name\":\"Tour Travel And More\",\"url\":\"https:\/\/tourtravelandmore.com\/es\/\",\"logo\":{\"@type\":\"ImageObject\",\"inLanguage\":\"es\",\"@id\":\"https:\/\/tourtravelandmore.com\/es\/#\/schema\/logo\/image\/\",\"url\":\"https:\/\/tourtravelandmore.com\/wp-content\/uploads\/2022\/12\/cropped-logo-cabecera-new.png\",\"contentUrl\":\"https:\/\/tourtravelandmore.com\/wp-content\/uploads\/2022\/12\/cropped-logo-cabecera-new.png\",\"width\":430,\"height\":61,\"caption\":\"Tour Travel And More\"},\"image\":{\"@id\":\"https:\/\/tourtravelandmore.com\/es\/#\/schema\/logo\/image\/\"},\"sameAs\":[\"https:\/\/www.facebook.com\/tourtravelandmore\/\",\"https:\/\/x.com\/TourTravel_More\"]}]}<\/script>\n<!-- \/ Yoast SEO Premium plugin. -->","yoast_head_json":{"title":"Traslado privado Le Havre con vehiculo con chofer privado | Tour Travel & More","description":"Reserve un Traslado privado Le Havre con vehiculo con chofer privado desde su Hotel, Terminal de Cruceros o cualquier lugar \u2705","robots":{"index":"index","follow":"follow","max-snippet":"max-snippet:-1","max-image-preview":"max-image-preview:large","max-video-preview":"max-video-preview:-1"},"canonical":"https:\/\/tourtravelandmore.com\/es\/tours\/francia\/le-havre-es\/traslado-privado-le-havre-con-vehiculo-con-chofer-privado\/","og_locale":"es_ES","og_type":"article","og_title":"Transfer Privado Le Havre desde la Terminal de Cruceros o cualquier lugar","og_description":"Reserve un Traslado privado Le Havre con vehiculo con chofer privado desde su Hotel, Terminal de Cruceros o cualquier lugar \u2705","og_url":"https:\/\/tourtravelandmore.com\/es\/tours\/francia\/le-havre-es\/traslado-privado-le-havre-con-vehiculo-con-chofer-privado\/","og_site_name":"Tour Travel And More","article_publisher":"https:\/\/www.facebook.com\/tourtravelandmore\/","article_modified_time":"2022-07-25T07:48:50+00:00","og_image":[{"width":955,"height":636,"url":"https:\/\/tourtravelandmore.com\/wp-content\/uploads\/2016\/10\/transfer-airport-barcelona.jpg","type":"image\/jpeg"}],"twitter_card":"summary_large_image","twitter_site":"@TourTravel_More","twitter_misc":{"Tiempo de lectura":"2 minutos"},"schema":{"@context":"https:\/\/schema.org","@graph":[{"@type":"WebPage","@id":"https:\/\/tourtravelandmore.com\/es\/tours\/francia\/le-havre-es\/traslado-privado-le-havre-con-vehiculo-con-chofer-privado\/","url":"https:\/\/tourtravelandmore.com\/es\/tours\/francia\/le-havre-es\/traslado-privado-le-havre-con-vehiculo-con-chofer-privado\/","name":"Traslado privado Le Havre con vehiculo con chofer privado | Tour Travel & More","isPartOf":{"@id":"https:\/\/tourtravelandmore.com\/es\/#website"},"primaryImageOfPage":{"@id":"https:\/\/tourtravelandmore.com\/es\/tours\/francia\/le-havre-es\/traslado-privado-le-havre-con-vehiculo-con-chofer-privado\/#primaryimage"},"image":{"@id":"https:\/\/tourtravelandmore.com\/es\/tours\/francia\/le-havre-es\/traslado-privado-le-havre-con-vehiculo-con-chofer-privado\/#primaryimage"},"thumbnailUrl":"https:\/\/tourtravelandmore.com\/wp-content\/uploads\/2016\/10\/transfer-airport-barcelona.jpg","datePublished":"2019-10-20T21:58:40+00:00","dateModified":"2022-07-25T07:48:50+00:00","description":"Reserve un Traslado privado Le Havre con vehiculo con chofer privado desde su Hotel, Terminal de Cruceros o cualquier lugar \u2705","breadcrumb":{"@id":"https:\/\/tourtravelandmore.com\/es\/tours\/francia\/le-havre-es\/traslado-privado-le-havre-con-vehiculo-con-chofer-privado\/#breadcrumb"},"inLanguage":"es","potentialAction":[{"@type":"ReadAction","target":["https:\/\/tourtravelandmore.com\/es\/tours\/francia\/le-havre-es\/traslado-privado-le-havre-con-vehiculo-con-chofer-privado\/"]}]},{"@type":"ImageObject","inLanguage":"es","@id":"https:\/\/tourtravelandmore.com\/es\/tours\/francia\/le-havre-es\/traslado-privado-le-havre-con-vehiculo-con-chofer-privado\/#primaryimage","url":"https:\/\/tourtravelandmore.com\/wp-content\/uploads\/2016\/10\/transfer-airport-barcelona.jpg","contentUrl":"https:\/\/tourtravelandmore.com\/wp-content\/uploads\/2016\/10\/transfer-airport-barcelona.jpg","width":955,"height":636,"caption":"Transfer Prat Airport"},{"@type":"BreadcrumbList","@id":"https:\/\/tourtravelandmore.com\/es\/tours\/francia\/le-havre-es\/traslado-privado-le-havre-con-vehiculo-con-chofer-privado\/#breadcrumb","itemListElement":[{"@type":"ListItem","position":1,"name":"Home","item":"https:\/\/tourtravelandmore.com\/es\/"},{"@type":"ListItem","position":2,"name":"Tours","item":"https:\/\/tourtravelandmore.com\/es\/tours\/"},{"@type":"ListItem","position":3,"name":"Transfer Privado Le Havre desde la Terminal de Cruceros o cualquier lugar"}]},{"@type":"WebSite","@id":"https:\/\/tourtravelandmore.com\/es\/#website","url":"https:\/\/tourtravelandmore.com\/es\/","name":"Tour Travel And More","description":"Private sightseeing tours and luxury transfers in Spain","publisher":{"@id":"https:\/\/tourtravelandmore.com\/es\/#organization"},"potentialAction":[{"@type":"SearchAction","target":{"@type":"EntryPoint","urlTemplate":"https:\/\/tourtravelandmore.com\/es\/?s={search_term_string}"},"query-input":{"@type":"PropertyValueSpecification","valueRequired":true,"valueName":"search_term_string"}}],"inLanguage":"es"},{"@type":"Organization","@id":"https:\/\/tourtravelandmore.com\/es\/#organization","name":"Tour Travel And More","url":"https:\/\/tourtravelandmore.com\/es\/","logo":{"@type":"ImageObject","inLanguage":"es","@id":"https:\/\/tourtravelandmore.com\/es\/#\/schema\/logo\/image\/","url":"https:\/\/tourtravelandmore.com\/wp-content\/uploads\/2022\/12\/cropped-logo-cabecera-new.png","contentUrl":"https:\/\/tourtravelandmore.com\/wp-content\/uploads\/2022\/12\/cropped-logo-cabecera-new.png","width":430,"height":61,"caption":"Tour Travel And More"},"image":{"@id":"https:\/\/tourtravelandmore.com\/es\/#\/schema\/logo\/image\/"},"sameAs":["https:\/\/www.facebook.com\/tourtravelandmore\/","https:\/\/x.com\/TourTravel_More"]}]}},"_links":{"self":[{"href":"https:\/\/tourtravelandmore.com\/es\/wp-json\/wp\/v2\/product\/68827","targetHints":{"allow":["GET"]}}],"collection":[{"href":"https:\/\/tourtravelandmore.com\/es\/wp-json\/wp\/v2\/product"}],"about":[{"href":"https:\/\/tourtravelandmore.com\/es\/wp-json\/wp\/v2\/types\/product"}],"replies":[{"embeddable":true,"href":"https:\/\/tourtravelandmore.com\/es\/wp-json\/wp\/v2\/comments?post=68827"}],"wp:featuredmedia":[{"embeddable":true,"href":"https:\/\/tourtravelandmore.com\/es\/wp-json\/wp\/v2\/media\/8097"}],"wp:attachment":[{"href":"https:\/\/tourtravelandmore.com\/es\/wp-json\/wp\/v2\/media?parent=68827"}],"wp:term":[{"taxonomy":"product_brand","embeddable":true,"href":"https:\/\/tourtravelandmore.com\/es\/wp-json\/wp\/v2\/product_brand?post=68827"},{"taxonomy":"product_cat","embeddable":true,"href":"https:\/\/tourtravelandmore.com\/es\/wp-json\/wp\/v2\/product_cat?post=68827"},{"taxonomy":"product_tag","embeddable":true,"href":"https:\/\/tourtravelandmore.com\/es\/wp-json\/wp\/v2\/product_tag?post=68827"}],"curies":[{"name":"wp","href":"https:\/\/api.w.org\/{rel}","templated":true}]}}