{"id":68821,"date":"2019-10-20T23:58:38","date_gmt":"2019-10-20T21:58:38","guid":{"rendered":"https:\/\/tourtravelandmore.com\/?post_type=product&#038;p=68821"},"modified":"2022-10-18T02:55:09","modified_gmt":"2022-10-18T00:55:09","slug":"transfer-privado-hasta-desde-aeropuerto-tren-de-lyon","status":"publish","type":"product","link":"https:\/\/tourtravelandmore.com\/es\/tours\/francia\/lyon-es\/transfer-privado-hasta-desde-aeropuerto-tren-de-lyon\/","title":{"rendered":"Traslado Privado Aeropuerto\/Estaci\u00f3n\/Hotel en Lyon"},"content":{"rendered":"<h2><b>Descripci\u00f3n del Traslado Privado Aeropuerto\/Estaci\u00f3n\/Hotel en Lyon<\/b><\/h2>\n<p><span style=\"font-weight: 400;\">Reserve un traslado privado Lyon y llegue r\u00e1pidamente a su destino en Lyon.<\/span><\/p>\n<p><span style=\"font-weight: 400;\">Ofrecemos traslados a todas las principales atracciones tur\u00edsticas. Ya sea que necesite un traslado al aeropuerto o a la estaci\u00f3n de tren, un traslado entre ciudades o un traslado desde su hotel, \u00a1somos la empresa que necesita!<\/span><\/p>\n<p><span style=\"font-weight: 400;\">Una vez que aterrices, nuestro personal te estar\u00e1 esperando con un cartel que incluye tu nombre. Su viaje terminar\u00e1 en la privacidad de un autom\u00f3vil de lujo que lo llevar\u00e1 por la ciudad.<\/span><\/p>\n<p><span style=\"font-weight: 400;\">Puede comunicarse con nosotros para traslados privados en Lyon o cualquier otra ciudad y ofrecemos incentivos o descuentos para grupos grandes. Simplemente, p\u00f3ngase en contacto con nuestro personal, cu\u00e9nteles sobre su viaje y se encontrar\u00e1 la mejor manera posible.<\/span><\/p>\n<p><span style=\"font-weight: 400;\">\u00bfPuede decirnos cu\u00e1nto equipaje se requiere para su viaje? Es posible que se necesite un veh\u00edculo grande y es posible que se apliquen tarifas adicionales en caso de ser necesario.<\/span><\/p>\n<p><span style=\"font-weight: 400;\">Si necesita un asiento para beb\u00e9s o ni\u00f1os para su traslado privado Lyon, ll\u00e1menos con anticipaci\u00f3n para asegurarnos de que lo tenemos para usted. Si dispone de m\u00e1s d\u00edas en la ciudad de Lyon, puedes consultar<\/span><a href=\"https:\/\/tourtravelandmore.com\/es\/ciudad\/francia\/lyon-es\/\"><b> aqu\u00ed<\/b><\/a><span style=\"font-weight: 400;\">, los tours privados que ofrecemos en la ciudad.<\/span><\/p>\n<h2><b>Puntos de inter\u00e9s en el Traslado Privado Aeropuerto\/Estaci\u00f3n\/Hotel en Lyon<\/b><\/h2>\n<p><span style=\"font-weight: 400;\">Lyon, la tercera ciudad m\u00e1s poblada de Francia y antigua capital de la Galia durante el Imperio Romano, se encuentra ahora en el centro del desarrollo industrial franc\u00e9s. La ciudad actu\u00f3 como destino final de la antigua Ruta de la Seda y actualmente es una importante zona econ\u00f3mica.<\/span><\/p>\n<p><span style=\"font-weight: 400;\">Lyon es una gran ciudad para quienes trabajan en las industrias qu\u00edmica, farmac\u00e9utica y biotecnol\u00f3gica. Es un centro de producci\u00f3n y banca de seda, as\u00ed como el lugar de nacimiento del negocio de la seda. Lyon tambi\u00e9n desempe\u00f1\u00f3 un papel relevante en el comercio de seda en el extranjero en los viejos tiempos.<\/span><\/p>\n<p><span style=\"font-weight: 400;\">Lyon es el lugar de referencia de la elegante comida francesa. Son el lugar de nacimiento de muchos platos famosos, como la quenelle, la sopa de cebolla y los grattons.<\/span><\/p>\n<p><span style=\"font-weight: 400;\">Dentro de la ciudad se pueden encontrar variedad de museos y entre los m\u00e1s extravagantes se encuentra el de los hermanos Lumiere, ubicado en un lujoso edificio hist\u00f3rico en donde se exhiben las primeras pel\u00edculas del mundo, placas fotogr\u00e1ficas, as\u00ed como equipo cinematogr\u00e1fico antiguo y pertenencias de los inventores.<\/span><\/p>\n<p><span style=\"font-weight: 400;\">Reserva ahora uno de nuestros servicios de traslado, ser\u00e1 una experiencia personalizada y especial<\/span><\/p>\n","protected":false},"excerpt":{"rendered":"<p>Aproveche esta oportunidad para <strong>llegar a su destino en Lyon<\/strong> de la manera m\u00e1s c\u00f3moda y r\u00e1pida posible. Organizamos recogidas desde su hotel, aeropuerto, estaci\u00f3n o cualquier lugar de<strong> Lyon<\/strong>.<\/p>\n<p>&nbsp;<\/p>\n","protected":false},"featured_media":8097,"comment_status":"open","ping_status":"closed","template":"","meta":{"_acf_changed":false},"product_brand":[],"product_cat":[1592,1234,1235,1238],"product_tag":[4041,4040],"class_list":{"0":"post-68821","1":"product","2":"type-product","3":"status-publish","4":"has-post-thumbnail","6":"product_cat-francia","7":"product_cat-lyon-es","8":"product_cat-lyon-actividades-es","9":"product_cat-lyon-traslados-es","10":"product_tag-private-es","11":"product_tag-transfer-es","13":"first","14":"instock","15":"shipping-taxable","16":"purchasable","17":"product-type-simple"},"acf":[],"yoast_head":"<!-- This site is optimized with the Yoast SEO Premium plugin v25.3.1 (Yoast SEO v25.3.1) - https:\/\/yoast.com\/wordpress\/plugins\/seo\/ -->\n<title>\u27a1\ufe0f TRASLADO PRIVADO LYON a Aeropuerto\/Tren o cualquier lugar | TTM<\/title>\n<meta name=\"description\" content=\"Le ofrecemos la manera m\u00e1s r\u00e1pida y relajante de llegar a su destino en Lyon con nuestro traslado privado Lyon \u2705\" \/>\n<meta name=\"robots\" content=\"index, follow, max-snippet:-1, max-image-preview:large, max-video-preview:-1\" \/>\n<link rel=\"canonical\" href=\"https:\/\/tourtravelandmore.com\/es\/tours\/francia\/lyon-es\/transfer-privado-hasta-desde-aeropuerto-tren-de-lyon\/\" \/>\n<meta property=\"og:locale\" content=\"es_ES\" \/>\n<meta property=\"og:type\" content=\"article\" \/>\n<meta property=\"og:title\" content=\"Traslado Privado Aeropuerto\/Estaci\u00f3n\/Hotel en Lyon\" \/>\n<meta property=\"og:description\" content=\"Le ofrecemos la manera m\u00e1s r\u00e1pida y relajante de llegar a su destino en Lyon con nuestro traslado privado Lyon \u2705\" \/>\n<meta property=\"og:url\" content=\"https:\/\/tourtravelandmore.com\/es\/tours\/francia\/lyon-es\/transfer-privado-hasta-desde-aeropuerto-tren-de-lyon\/\" \/>\n<meta property=\"og:site_name\" content=\"Tour Travel And More\" \/>\n<meta property=\"article:publisher\" content=\"https:\/\/www.facebook.com\/tourtravelandmore\/\" \/>\n<meta property=\"article:modified_time\" content=\"2022-10-18T00:55:09+00:00\" \/>\n<meta property=\"og:image\" content=\"https:\/\/tourtravelandmore.com\/wp-content\/uploads\/2016\/10\/transfer-airport-barcelona.jpg\" \/>\n\t<meta property=\"og:image:width\" content=\"955\" \/>\n\t<meta property=\"og:image:height\" content=\"636\" \/>\n\t<meta property=\"og:image:type\" content=\"image\/jpeg\" \/>\n<meta name=\"twitter:card\" content=\"summary_large_image\" \/>\n<meta name=\"twitter:site\" content=\"@TourTravel_More\" \/>\n<meta name=\"twitter:label1\" content=\"Tiempo de lectura\" \/>\n\t<meta name=\"twitter:data1\" content=\"2 minutos\" \/>\n<script type=\"application\/ld+json\" class=\"yoast-schema-graph\">{\"@context\":\"https:\/\/schema.org\",\"@graph\":[{\"@type\":\"WebPage\",\"@id\":\"https:\/\/tourtravelandmore.com\/es\/tours\/francia\/lyon-es\/transfer-privado-hasta-desde-aeropuerto-tren-de-lyon\/\",\"url\":\"https:\/\/tourtravelandmore.com\/es\/tours\/francia\/lyon-es\/transfer-privado-hasta-desde-aeropuerto-tren-de-lyon\/\",\"name\":\"\u27a1\ufe0f TRASLADO PRIVADO LYON a Aeropuerto\/Tren o cualquier lugar | TTM\",\"isPartOf\":{\"@id\":\"https:\/\/tourtravelandmore.com\/es\/#website\"},\"primaryImageOfPage\":{\"@id\":\"https:\/\/tourtravelandmore.com\/es\/tours\/francia\/lyon-es\/transfer-privado-hasta-desde-aeropuerto-tren-de-lyon\/#primaryimage\"},\"image\":{\"@id\":\"https:\/\/tourtravelandmore.com\/es\/tours\/francia\/lyon-es\/transfer-privado-hasta-desde-aeropuerto-tren-de-lyon\/#primaryimage\"},\"thumbnailUrl\":\"https:\/\/tourtravelandmore.com\/wp-content\/uploads\/2016\/10\/transfer-airport-barcelona.jpg\",\"datePublished\":\"2019-10-20T21:58:38+00:00\",\"dateModified\":\"2022-10-18T00:55:09+00:00\",\"description\":\"Le ofrecemos la manera m\u00e1s r\u00e1pida y relajante de llegar a su destino en Lyon con nuestro traslado privado Lyon \u2705\",\"breadcrumb\":{\"@id\":\"https:\/\/tourtravelandmore.com\/es\/tours\/francia\/lyon-es\/transfer-privado-hasta-desde-aeropuerto-tren-de-lyon\/#breadcrumb\"},\"inLanguage\":\"es\",\"potentialAction\":[{\"@type\":\"ReadAction\",\"target\":[\"https:\/\/tourtravelandmore.com\/es\/tours\/francia\/lyon-es\/transfer-privado-hasta-desde-aeropuerto-tren-de-lyon\/\"]}]},{\"@type\":\"ImageObject\",\"inLanguage\":\"es\",\"@id\":\"https:\/\/tourtravelandmore.com\/es\/tours\/francia\/lyon-es\/transfer-privado-hasta-desde-aeropuerto-tren-de-lyon\/#primaryimage\",\"url\":\"https:\/\/tourtravelandmore.com\/wp-content\/uploads\/2016\/10\/transfer-airport-barcelona.jpg\",\"contentUrl\":\"https:\/\/tourtravelandmore.com\/wp-content\/uploads\/2016\/10\/transfer-airport-barcelona.jpg\",\"width\":955,\"height\":636,\"caption\":\"Transfer Prat Airport\"},{\"@type\":\"BreadcrumbList\",\"@id\":\"https:\/\/tourtravelandmore.com\/es\/tours\/francia\/lyon-es\/transfer-privado-hasta-desde-aeropuerto-tren-de-lyon\/#breadcrumb\",\"itemListElement\":[{\"@type\":\"ListItem\",\"position\":1,\"name\":\"Home\",\"item\":\"https:\/\/tourtravelandmore.com\/es\/\"},{\"@type\":\"ListItem\",\"position\":2,\"name\":\"Tours\",\"item\":\"https:\/\/tourtravelandmore.com\/es\/tours\/\"},{\"@type\":\"ListItem\",\"position\":3,\"name\":\"Traslado Privado Aeropuerto\/Estaci\u00f3n\/Hotel en Lyon\"}]},{\"@type\":\"WebSite\",\"@id\":\"https:\/\/tourtravelandmore.com\/es\/#website\",\"url\":\"https:\/\/tourtravelandmore.com\/es\/\",\"name\":\"Tour Travel And More\",\"description\":\"Private sightseeing tours and luxury transfers in Spain\",\"publisher\":{\"@id\":\"https:\/\/tourtravelandmore.com\/es\/#organization\"},\"potentialAction\":[{\"@type\":\"SearchAction\",\"target\":{\"@type\":\"EntryPoint\",\"urlTemplate\":\"https:\/\/tourtravelandmore.com\/es\/?s={search_term_string}\"},\"query-input\":{\"@type\":\"PropertyValueSpecification\",\"valueRequired\":true,\"valueName\":\"search_term_string\"}}],\"inLanguage\":\"es\"},{\"@type\":\"Organization\",\"@id\":\"https:\/\/tourtravelandmore.com\/es\/#organization\",\"name\":\"Tour Travel And More\",\"url\":\"https:\/\/tourtravelandmore.com\/es\/\",\"logo\":{\"@type\":\"ImageObject\",\"inLanguage\":\"es\",\"@id\":\"https:\/\/tourtravelandmore.com\/es\/#\/schema\/logo\/image\/\",\"url\":\"https:\/\/tourtravelandmore.com\/wp-content\/uploads\/2022\/12\/cropped-logo-cabecera-new.png\",\"contentUrl\":\"https:\/\/tourtravelandmore.com\/wp-content\/uploads\/2022\/12\/cropped-logo-cabecera-new.png\",\"width\":430,\"height\":61,\"caption\":\"Tour Travel And More\"},\"image\":{\"@id\":\"https:\/\/tourtravelandmore.com\/es\/#\/schema\/logo\/image\/\"},\"sameAs\":[\"https:\/\/www.facebook.com\/tourtravelandmore\/\",\"https:\/\/x.com\/TourTravel_More\"]}]}<\/script>\n<!-- \/ Yoast SEO Premium plugin. -->","yoast_head_json":{"title":"\u27a1\ufe0f TRASLADO PRIVADO LYON a Aeropuerto\/Tren o cualquier lugar | TTM","description":"Le ofrecemos la manera m\u00e1s r\u00e1pida y relajante de llegar a su destino en Lyon con nuestro traslado privado Lyon \u2705","robots":{"index":"index","follow":"follow","max-snippet":"max-snippet:-1","max-image-preview":"max-image-preview:large","max-video-preview":"max-video-preview:-1"},"canonical":"https:\/\/tourtravelandmore.com\/es\/tours\/francia\/lyon-es\/transfer-privado-hasta-desde-aeropuerto-tren-de-lyon\/","og_locale":"es_ES","og_type":"article","og_title":"Traslado Privado Aeropuerto\/Estaci\u00f3n\/Hotel en Lyon","og_description":"Le ofrecemos la manera m\u00e1s r\u00e1pida y relajante de llegar a su destino en Lyon con nuestro traslado privado Lyon \u2705","og_url":"https:\/\/tourtravelandmore.com\/es\/tours\/francia\/lyon-es\/transfer-privado-hasta-desde-aeropuerto-tren-de-lyon\/","og_site_name":"Tour Travel And More","article_publisher":"https:\/\/www.facebook.com\/tourtravelandmore\/","article_modified_time":"2022-10-18T00:55:09+00:00","og_image":[{"width":955,"height":636,"url":"https:\/\/tourtravelandmore.com\/wp-content\/uploads\/2016\/10\/transfer-airport-barcelona.jpg","type":"image\/jpeg"}],"twitter_card":"summary_large_image","twitter_site":"@TourTravel_More","twitter_misc":{"Tiempo de lectura":"2 minutos"},"schema":{"@context":"https:\/\/schema.org","@graph":[{"@type":"WebPage","@id":"https:\/\/tourtravelandmore.com\/es\/tours\/francia\/lyon-es\/transfer-privado-hasta-desde-aeropuerto-tren-de-lyon\/","url":"https:\/\/tourtravelandmore.com\/es\/tours\/francia\/lyon-es\/transfer-privado-hasta-desde-aeropuerto-tren-de-lyon\/","name":"\u27a1\ufe0f TRASLADO PRIVADO LYON a Aeropuerto\/Tren o cualquier lugar | TTM","isPartOf":{"@id":"https:\/\/tourtravelandmore.com\/es\/#website"},"primaryImageOfPage":{"@id":"https:\/\/tourtravelandmore.com\/es\/tours\/francia\/lyon-es\/transfer-privado-hasta-desde-aeropuerto-tren-de-lyon\/#primaryimage"},"image":{"@id":"https:\/\/tourtravelandmore.com\/es\/tours\/francia\/lyon-es\/transfer-privado-hasta-desde-aeropuerto-tren-de-lyon\/#primaryimage"},"thumbnailUrl":"https:\/\/tourtravelandmore.com\/wp-content\/uploads\/2016\/10\/transfer-airport-barcelona.jpg","datePublished":"2019-10-20T21:58:38+00:00","dateModified":"2022-10-18T00:55:09+00:00","description":"Le ofrecemos la manera m\u00e1s r\u00e1pida y relajante de llegar a su destino en Lyon con nuestro traslado privado Lyon \u2705","breadcrumb":{"@id":"https:\/\/tourtravelandmore.com\/es\/tours\/francia\/lyon-es\/transfer-privado-hasta-desde-aeropuerto-tren-de-lyon\/#breadcrumb"},"inLanguage":"es","potentialAction":[{"@type":"ReadAction","target":["https:\/\/tourtravelandmore.com\/es\/tours\/francia\/lyon-es\/transfer-privado-hasta-desde-aeropuerto-tren-de-lyon\/"]}]},{"@type":"ImageObject","inLanguage":"es","@id":"https:\/\/tourtravelandmore.com\/es\/tours\/francia\/lyon-es\/transfer-privado-hasta-desde-aeropuerto-tren-de-lyon\/#primaryimage","url":"https:\/\/tourtravelandmore.com\/wp-content\/uploads\/2016\/10\/transfer-airport-barcelona.jpg","contentUrl":"https:\/\/tourtravelandmore.com\/wp-content\/uploads\/2016\/10\/transfer-airport-barcelona.jpg","width":955,"height":636,"caption":"Transfer Prat Airport"},{"@type":"BreadcrumbList","@id":"https:\/\/tourtravelandmore.com\/es\/tours\/francia\/lyon-es\/transfer-privado-hasta-desde-aeropuerto-tren-de-lyon\/#breadcrumb","itemListElement":[{"@type":"ListItem","position":1,"name":"Home","item":"https:\/\/tourtravelandmore.com\/es\/"},{"@type":"ListItem","position":2,"name":"Tours","item":"https:\/\/tourtravelandmore.com\/es\/tours\/"},{"@type":"ListItem","position":3,"name":"Traslado Privado Aeropuerto\/Estaci\u00f3n\/Hotel en Lyon"}]},{"@type":"WebSite","@id":"https:\/\/tourtravelandmore.com\/es\/#website","url":"https:\/\/tourtravelandmore.com\/es\/","name":"Tour Travel And More","description":"Private sightseeing tours and luxury transfers in Spain","publisher":{"@id":"https:\/\/tourtravelandmore.com\/es\/#organization"},"potentialAction":[{"@type":"SearchAction","target":{"@type":"EntryPoint","urlTemplate":"https:\/\/tourtravelandmore.com\/es\/?s={search_term_string}"},"query-input":{"@type":"PropertyValueSpecification","valueRequired":true,"valueName":"search_term_string"}}],"inLanguage":"es"},{"@type":"Organization","@id":"https:\/\/tourtravelandmore.com\/es\/#organization","name":"Tour Travel And More","url":"https:\/\/tourtravelandmore.com\/es\/","logo":{"@type":"ImageObject","inLanguage":"es","@id":"https:\/\/tourtravelandmore.com\/es\/#\/schema\/logo\/image\/","url":"https:\/\/tourtravelandmore.com\/wp-content\/uploads\/2022\/12\/cropped-logo-cabecera-new.png","contentUrl":"https:\/\/tourtravelandmore.com\/wp-content\/uploads\/2022\/12\/cropped-logo-cabecera-new.png","width":430,"height":61,"caption":"Tour Travel And More"},"image":{"@id":"https:\/\/tourtravelandmore.com\/es\/#\/schema\/logo\/image\/"},"sameAs":["https:\/\/www.facebook.com\/tourtravelandmore\/","https:\/\/x.com\/TourTravel_More"]}]}},"_links":{"self":[{"href":"https:\/\/tourtravelandmore.com\/es\/wp-json\/wp\/v2\/product\/68821","targetHints":{"allow":["GET"]}}],"collection":[{"href":"https:\/\/tourtravelandmore.com\/es\/wp-json\/wp\/v2\/product"}],"about":[{"href":"https:\/\/tourtravelandmore.com\/es\/wp-json\/wp\/v2\/types\/product"}],"replies":[{"embeddable":true,"href":"https:\/\/tourtravelandmore.com\/es\/wp-json\/wp\/v2\/comments?post=68821"}],"wp:featuredmedia":[{"embeddable":true,"href":"https:\/\/tourtravelandmore.com\/es\/wp-json\/wp\/v2\/media\/8097"}],"wp:attachment":[{"href":"https:\/\/tourtravelandmore.com\/es\/wp-json\/wp\/v2\/media?parent=68821"}],"wp:term":[{"taxonomy":"product_brand","embeddable":true,"href":"https:\/\/tourtravelandmore.com\/es\/wp-json\/wp\/v2\/product_brand?post=68821"},{"taxonomy":"product_cat","embeddable":true,"href":"https:\/\/tourtravelandmore.com\/es\/wp-json\/wp\/v2\/product_cat?post=68821"},{"taxonomy":"product_tag","embeddable":true,"href":"https:\/\/tourtravelandmore.com\/es\/wp-json\/wp\/v2\/product_tag?post=68821"}],"curies":[{"name":"wp","href":"https:\/\/api.w.org\/{rel}","templated":true}]}}