{"id":68802,"date":"2019-10-20T23:58:24","date_gmt":"2019-10-20T21:58:25","guid":{"rendered":"https:\/\/tourtravelandmore.com\/?post_type=product&#038;p=68802"},"modified":"2021-11-05T09:43:13","modified_gmt":"2021-11-05T08:43:13","slug":"transfer-privado-hasta-desde-aeropuerto-puerto-de-casablanca","status":"publish","type":"product","link":"https:\/\/tourtravelandmore.com\/es\/tours\/marruecos-es\/casablanca-es\/transfer-privado-hasta-desde-aeropuerto-puerto-de-casablanca\/","title":{"rendered":"Transfer Privado hasta\/desde aeropuerto\/puerto de Casablanca"},"content":{"rendered":"<h2>Descripci\u00f3n de los traslados privados desde el aeropuerto\u00a0 y el puerto de Casablanca<\/h2>\n<p>Con nuestro <strong>traslado privado<\/strong> en <strong>Casablanca<\/strong>, le ofrecemos llegar a su destino r\u00e1pidamente en<strong> Casablanca<\/strong>\u00a0con su <b>traslado privado<\/b>. Disfruta de una experiencia relajante en uno de nuestros<strong> veh\u00edculos privados<\/strong> de lujo. Ofrecemos todo tipo de traslados como, por ejemplo, traslados al aeropuerto, traslados a restaurantes o traslados a cualquier lugar.<br \/>\nUna vez que llegue a su destino, nuestro personal lo estar\u00e1 esperando con un cartel en la terminal de llegadas. Tambi\u00e9n podr\u00e1 disfrutar del paisaje panor\u00e1mico de la ciudad en su veh\u00edculo privado de lujo.<\/p>\n<p>Disfrute de traslados privados desde su hotel o apartamento hasta el aeropuerto o la estaci\u00f3n de tren. Ofrecemos traslados a otras ciudades cercanas a <strong>Casablanca<\/strong>.<br \/>\nOfrecemos traslados en<strong> Casablanca <\/strong>para grupos privados e incluso incentivos y grupos grandes y ofrecemos un servicio personalizado. Todo lo que necesita hacer es contactarnos y organizaremos su transferencia de la mejor manera posible.<\/p>\n<p>Recibir\u00e1 confirmaci\u00f3n por correo electr\u00f3nico tan pronto como se haga su reserva. Una vez realizada su reserva, necesitaremos la informaci\u00f3n de su vuelo, la hora de llegada y la ciudad de salida con la compa\u00f1\u00eda a\u00e9rea, o la informaci\u00f3n de su tren. Necesitaremos un tiempo de confirmaci\u00f3n de su llegada de 48 a 24 horas, para brindarle un servicio de traslado perfecto.<\/p>\n<p>Le pedimos nos informe con cu\u00e1nto equipaje viajar\u00e1 solo por cuestiones de log\u00edstica, ya que a veces puede ser necesario un veh\u00edculo m\u00e1s grande y se pueden aplicar tarifas adicionales.<br \/>\nSi necesita un asiento para beb\u00e9 o ni\u00f1o, p\u00f3ngase en contacto con nosotros antes de su traslado para organizarlo correctamente.<\/p>\n<h3>La Ciudad: Casablanca<\/h3>\n<p>Es una ciudad en el oeste de Marruecos, capital de la regi\u00f3n del Casablanca-Settat. Est\u00e1 situada en la costa del oc\u00e9ano Atl\u00e1ntico. Es la mayor ciudad de Marruecos, as\u00ed como su principal puerto; tambi\u00e9n es la mayor ciudad de la regi\u00f3n del Magreb. \u200b Est\u00e1 considerada el centro econ\u00f3mico y comercial de Marruecos, mientras que la capital pol\u00edtica es la ciudad de Rabat.<\/p>\n<h3>Nuestros Tours Privados en Tour Travel &amp; More<\/h3>\n<p>Ofrecemos a todos nuestros clientes tours privados para familias, amigos e incluso para incentivos o grupos grandes.\u00a0 Hacemos todo lo posible para que su estancia sea inolvidable. Nuestra flota est\u00e1 conformada por veh\u00edculos de lujo, y nuestro personal es multiling\u00fce. Todos nuestros gu\u00edas son gu\u00edas oficiales\u00a0 y son grandes conocedores de la ciudad. Nuestros gu\u00edas hablan varios idiomas: Ingl\u00e9s, Espa\u00f1ol, Franc\u00e9s, Italiano, Polaco, Holand\u00e9s, Chino, Ruso, Japon\u00e9s, Alem\u00e1n, Griego y Portugu\u00e9s.<\/p>\n","protected":false},"excerpt":{"rendered":"<p>Aproveche esta oportunidad para <strong>llegar a su destino final en Casablanca<\/strong>\u00a0de la manera m\u00e1s c\u00f3moda y r\u00e1pida posible.<br \/>\nOrganizamos recogidas desde su hotel, aeropuerto o cualquier lugar de <strong>Casablanca<\/strong>. Es posible coordinar transfers privados desde\/hasta Casablanca desde otras ciudades en Marruecos.<\/p>\n","protected":false},"featured_media":8555,"comment_status":"open","ping_status":"closed","template":"","meta":{"_acf_changed":false},"product_brand":[],"product_cat":[1610,1100,1101],"product_tag":[],"class_list":{"0":"post-68802","1":"product","2":"type-product","3":"status-publish","4":"has-post-thumbnail","6":"product_cat-marruecos-es","7":"product_cat-casablanca-es","8":"product_cat-casablanca-actividades-es","10":"first","11":"instock","12":"shipping-taxable","13":"purchasable","14":"product-type-simple"},"acf":[],"yoast_head":"<!-- This site is optimized with the Yoast SEO Premium plugin v25.3.1 (Yoast SEO v25.3.1) - https:\/\/yoast.com\/wordpress\/plugins\/seo\/ -->\n<title>Traslados Privados aeropuerto\/puerto Casablanca | TTM<\/title>\n<meta name=\"description\" content=\"\u2192 Le ofrecemos la manera m\u00e1s r\u00e1pida y relajante de llegar a su destino en Casablanca con nuestro traslado privado. Coches privados y minivans privados \u2705\" \/>\n<meta name=\"robots\" content=\"index, follow, max-snippet:-1, max-image-preview:large, max-video-preview:-1\" \/>\n<link rel=\"canonical\" href=\"https:\/\/tourtravelandmore.com\/es\/tours\/marruecos-es\/casablanca-es\/transfer-privado-hasta-desde-aeropuerto-puerto-de-casablanca\/\" \/>\n<meta property=\"og:locale\" content=\"es_ES\" \/>\n<meta property=\"og:type\" content=\"article\" \/>\n<meta property=\"og:title\" content=\"Transfer Privado hasta\/desde aeropuerto\/puerto de Casablanca\" \/>\n<meta property=\"og:description\" content=\"\u2192 Le ofrecemos la manera m\u00e1s r\u00e1pida y relajante de llegar a su destino en Casablanca con nuestro traslado privado. Coches privados y minivans privados \u2705\" \/>\n<meta property=\"og:url\" content=\"https:\/\/tourtravelandmore.com\/es\/tours\/marruecos-es\/casablanca-es\/transfer-privado-hasta-desde-aeropuerto-puerto-de-casablanca\/\" \/>\n<meta property=\"og:site_name\" content=\"Tour Travel And More\" \/>\n<meta property=\"article:publisher\" content=\"https:\/\/www.facebook.com\/tourtravelandmore\/\" \/>\n<meta property=\"article:modified_time\" content=\"2021-11-05T08:43:13+00:00\" \/>\n<meta property=\"og:image\" content=\"https:\/\/tourtravelandmore.com\/wp-content\/uploads\/2016\/10\/madrid-private-transfer.png\" \/>\n\t<meta property=\"og:image:width\" content=\"640\" \/>\n\t<meta property=\"og:image:height\" content=\"425\" \/>\n\t<meta property=\"og:image:type\" content=\"image\/png\" \/>\n<meta name=\"twitter:card\" content=\"summary_large_image\" \/>\n<meta name=\"twitter:site\" content=\"@TourTravel_More\" \/>\n<meta name=\"twitter:label1\" content=\"Tiempo de lectura\" \/>\n\t<meta name=\"twitter:data1\" content=\"2 minutos\" \/>\n<script type=\"application\/ld+json\" class=\"yoast-schema-graph\">{\"@context\":\"https:\/\/schema.org\",\"@graph\":[{\"@type\":\"WebPage\",\"@id\":\"https:\/\/tourtravelandmore.com\/es\/tours\/marruecos-es\/casablanca-es\/transfer-privado-hasta-desde-aeropuerto-puerto-de-casablanca\/\",\"url\":\"https:\/\/tourtravelandmore.com\/es\/tours\/marruecos-es\/casablanca-es\/transfer-privado-hasta-desde-aeropuerto-puerto-de-casablanca\/\",\"name\":\"Traslados Privados aeropuerto\/puerto Casablanca | TTM\",\"isPartOf\":{\"@id\":\"https:\/\/tourtravelandmore.com\/es\/#website\"},\"primaryImageOfPage\":{\"@id\":\"https:\/\/tourtravelandmore.com\/es\/tours\/marruecos-es\/casablanca-es\/transfer-privado-hasta-desde-aeropuerto-puerto-de-casablanca\/#primaryimage\"},\"image\":{\"@id\":\"https:\/\/tourtravelandmore.com\/es\/tours\/marruecos-es\/casablanca-es\/transfer-privado-hasta-desde-aeropuerto-puerto-de-casablanca\/#primaryimage\"},\"thumbnailUrl\":\"https:\/\/tourtravelandmore.com\/wp-content\/uploads\/2016\/10\/madrid-private-transfer.png\",\"datePublished\":\"2019-10-20T21:58:25+00:00\",\"dateModified\":\"2021-11-05T08:43:13+00:00\",\"description\":\"\u2192 Le ofrecemos la manera m\u00e1s r\u00e1pida y relajante de llegar a su destino en Casablanca con nuestro traslado privado. Coches privados y minivans privados \u2705\",\"breadcrumb\":{\"@id\":\"https:\/\/tourtravelandmore.com\/es\/tours\/marruecos-es\/casablanca-es\/transfer-privado-hasta-desde-aeropuerto-puerto-de-casablanca\/#breadcrumb\"},\"inLanguage\":\"es\",\"potentialAction\":[{\"@type\":\"ReadAction\",\"target\":[\"https:\/\/tourtravelandmore.com\/es\/tours\/marruecos-es\/casablanca-es\/transfer-privado-hasta-desde-aeropuerto-puerto-de-casablanca\/\"]}]},{\"@type\":\"ImageObject\",\"inLanguage\":\"es\",\"@id\":\"https:\/\/tourtravelandmore.com\/es\/tours\/marruecos-es\/casablanca-es\/transfer-privado-hasta-desde-aeropuerto-puerto-de-casablanca\/#primaryimage\",\"url\":\"https:\/\/tourtravelandmore.com\/wp-content\/uploads\/2016\/10\/madrid-private-transfer.png\",\"contentUrl\":\"https:\/\/tourtravelandmore.com\/wp-content\/uploads\/2016\/10\/madrid-private-transfer.png\",\"width\":640,\"height\":425},{\"@type\":\"BreadcrumbList\",\"@id\":\"https:\/\/tourtravelandmore.com\/es\/tours\/marruecos-es\/casablanca-es\/transfer-privado-hasta-desde-aeropuerto-puerto-de-casablanca\/#breadcrumb\",\"itemListElement\":[{\"@type\":\"ListItem\",\"position\":1,\"name\":\"Home\",\"item\":\"https:\/\/tourtravelandmore.com\/es\/\"},{\"@type\":\"ListItem\",\"position\":2,\"name\":\"Tours\",\"item\":\"https:\/\/tourtravelandmore.com\/es\/tours\/\"},{\"@type\":\"ListItem\",\"position\":3,\"name\":\"Transfer Privado hasta\/desde aeropuerto\/puerto de Casablanca\"}]},{\"@type\":\"WebSite\",\"@id\":\"https:\/\/tourtravelandmore.com\/es\/#website\",\"url\":\"https:\/\/tourtravelandmore.com\/es\/\",\"name\":\"Tour Travel And More\",\"description\":\"Private sightseeing tours and luxury transfers in Spain\",\"publisher\":{\"@id\":\"https:\/\/tourtravelandmore.com\/es\/#organization\"},\"potentialAction\":[{\"@type\":\"SearchAction\",\"target\":{\"@type\":\"EntryPoint\",\"urlTemplate\":\"https:\/\/tourtravelandmore.com\/es\/?s={search_term_string}\"},\"query-input\":{\"@type\":\"PropertyValueSpecification\",\"valueRequired\":true,\"valueName\":\"search_term_string\"}}],\"inLanguage\":\"es\"},{\"@type\":\"Organization\",\"@id\":\"https:\/\/tourtravelandmore.com\/es\/#organization\",\"name\":\"Tour Travel And More\",\"url\":\"https:\/\/tourtravelandmore.com\/es\/\",\"logo\":{\"@type\":\"ImageObject\",\"inLanguage\":\"es\",\"@id\":\"https:\/\/tourtravelandmore.com\/es\/#\/schema\/logo\/image\/\",\"url\":\"https:\/\/tourtravelandmore.com\/wp-content\/uploads\/2022\/12\/cropped-logo-cabecera-new.png\",\"contentUrl\":\"https:\/\/tourtravelandmore.com\/wp-content\/uploads\/2022\/12\/cropped-logo-cabecera-new.png\",\"width\":430,\"height\":61,\"caption\":\"Tour Travel And More\"},\"image\":{\"@id\":\"https:\/\/tourtravelandmore.com\/es\/#\/schema\/logo\/image\/\"},\"sameAs\":[\"https:\/\/www.facebook.com\/tourtravelandmore\/\",\"https:\/\/x.com\/TourTravel_More\"]}]}<\/script>\n<!-- \/ Yoast SEO Premium plugin. -->","yoast_head_json":{"title":"Traslados Privados aeropuerto\/puerto Casablanca | TTM","description":"\u2192 Le ofrecemos la manera m\u00e1s r\u00e1pida y relajante de llegar a su destino en Casablanca con nuestro traslado privado. Coches privados y minivans privados \u2705","robots":{"index":"index","follow":"follow","max-snippet":"max-snippet:-1","max-image-preview":"max-image-preview:large","max-video-preview":"max-video-preview:-1"},"canonical":"https:\/\/tourtravelandmore.com\/es\/tours\/marruecos-es\/casablanca-es\/transfer-privado-hasta-desde-aeropuerto-puerto-de-casablanca\/","og_locale":"es_ES","og_type":"article","og_title":"Transfer Privado hasta\/desde aeropuerto\/puerto de Casablanca","og_description":"\u2192 Le ofrecemos la manera m\u00e1s r\u00e1pida y relajante de llegar a su destino en Casablanca con nuestro traslado privado. Coches privados y minivans privados \u2705","og_url":"https:\/\/tourtravelandmore.com\/es\/tours\/marruecos-es\/casablanca-es\/transfer-privado-hasta-desde-aeropuerto-puerto-de-casablanca\/","og_site_name":"Tour Travel And More","article_publisher":"https:\/\/www.facebook.com\/tourtravelandmore\/","article_modified_time":"2021-11-05T08:43:13+00:00","og_image":[{"width":640,"height":425,"url":"https:\/\/tourtravelandmore.com\/wp-content\/uploads\/2016\/10\/madrid-private-transfer.png","type":"image\/png"}],"twitter_card":"summary_large_image","twitter_site":"@TourTravel_More","twitter_misc":{"Tiempo de lectura":"2 minutos"},"schema":{"@context":"https:\/\/schema.org","@graph":[{"@type":"WebPage","@id":"https:\/\/tourtravelandmore.com\/es\/tours\/marruecos-es\/casablanca-es\/transfer-privado-hasta-desde-aeropuerto-puerto-de-casablanca\/","url":"https:\/\/tourtravelandmore.com\/es\/tours\/marruecos-es\/casablanca-es\/transfer-privado-hasta-desde-aeropuerto-puerto-de-casablanca\/","name":"Traslados Privados aeropuerto\/puerto Casablanca | TTM","isPartOf":{"@id":"https:\/\/tourtravelandmore.com\/es\/#website"},"primaryImageOfPage":{"@id":"https:\/\/tourtravelandmore.com\/es\/tours\/marruecos-es\/casablanca-es\/transfer-privado-hasta-desde-aeropuerto-puerto-de-casablanca\/#primaryimage"},"image":{"@id":"https:\/\/tourtravelandmore.com\/es\/tours\/marruecos-es\/casablanca-es\/transfer-privado-hasta-desde-aeropuerto-puerto-de-casablanca\/#primaryimage"},"thumbnailUrl":"https:\/\/tourtravelandmore.com\/wp-content\/uploads\/2016\/10\/madrid-private-transfer.png","datePublished":"2019-10-20T21:58:25+00:00","dateModified":"2021-11-05T08:43:13+00:00","description":"\u2192 Le ofrecemos la manera m\u00e1s r\u00e1pida y relajante de llegar a su destino en Casablanca con nuestro traslado privado. Coches privados y minivans privados \u2705","breadcrumb":{"@id":"https:\/\/tourtravelandmore.com\/es\/tours\/marruecos-es\/casablanca-es\/transfer-privado-hasta-desde-aeropuerto-puerto-de-casablanca\/#breadcrumb"},"inLanguage":"es","potentialAction":[{"@type":"ReadAction","target":["https:\/\/tourtravelandmore.com\/es\/tours\/marruecos-es\/casablanca-es\/transfer-privado-hasta-desde-aeropuerto-puerto-de-casablanca\/"]}]},{"@type":"ImageObject","inLanguage":"es","@id":"https:\/\/tourtravelandmore.com\/es\/tours\/marruecos-es\/casablanca-es\/transfer-privado-hasta-desde-aeropuerto-puerto-de-casablanca\/#primaryimage","url":"https:\/\/tourtravelandmore.com\/wp-content\/uploads\/2016\/10\/madrid-private-transfer.png","contentUrl":"https:\/\/tourtravelandmore.com\/wp-content\/uploads\/2016\/10\/madrid-private-transfer.png","width":640,"height":425},{"@type":"BreadcrumbList","@id":"https:\/\/tourtravelandmore.com\/es\/tours\/marruecos-es\/casablanca-es\/transfer-privado-hasta-desde-aeropuerto-puerto-de-casablanca\/#breadcrumb","itemListElement":[{"@type":"ListItem","position":1,"name":"Home","item":"https:\/\/tourtravelandmore.com\/es\/"},{"@type":"ListItem","position":2,"name":"Tours","item":"https:\/\/tourtravelandmore.com\/es\/tours\/"},{"@type":"ListItem","position":3,"name":"Transfer Privado hasta\/desde aeropuerto\/puerto de Casablanca"}]},{"@type":"WebSite","@id":"https:\/\/tourtravelandmore.com\/es\/#website","url":"https:\/\/tourtravelandmore.com\/es\/","name":"Tour Travel And More","description":"Private sightseeing tours and luxury transfers in Spain","publisher":{"@id":"https:\/\/tourtravelandmore.com\/es\/#organization"},"potentialAction":[{"@type":"SearchAction","target":{"@type":"EntryPoint","urlTemplate":"https:\/\/tourtravelandmore.com\/es\/?s={search_term_string}"},"query-input":{"@type":"PropertyValueSpecification","valueRequired":true,"valueName":"search_term_string"}}],"inLanguage":"es"},{"@type":"Organization","@id":"https:\/\/tourtravelandmore.com\/es\/#organization","name":"Tour Travel And More","url":"https:\/\/tourtravelandmore.com\/es\/","logo":{"@type":"ImageObject","inLanguage":"es","@id":"https:\/\/tourtravelandmore.com\/es\/#\/schema\/logo\/image\/","url":"https:\/\/tourtravelandmore.com\/wp-content\/uploads\/2022\/12\/cropped-logo-cabecera-new.png","contentUrl":"https:\/\/tourtravelandmore.com\/wp-content\/uploads\/2022\/12\/cropped-logo-cabecera-new.png","width":430,"height":61,"caption":"Tour Travel And More"},"image":{"@id":"https:\/\/tourtravelandmore.com\/es\/#\/schema\/logo\/image\/"},"sameAs":["https:\/\/www.facebook.com\/tourtravelandmore\/","https:\/\/x.com\/TourTravel_More"]}]}},"_links":{"self":[{"href":"https:\/\/tourtravelandmore.com\/es\/wp-json\/wp\/v2\/product\/68802","targetHints":{"allow":["GET"]}}],"collection":[{"href":"https:\/\/tourtravelandmore.com\/es\/wp-json\/wp\/v2\/product"}],"about":[{"href":"https:\/\/tourtravelandmore.com\/es\/wp-json\/wp\/v2\/types\/product"}],"replies":[{"embeddable":true,"href":"https:\/\/tourtravelandmore.com\/es\/wp-json\/wp\/v2\/comments?post=68802"}],"wp:featuredmedia":[{"embeddable":true,"href":"https:\/\/tourtravelandmore.com\/es\/wp-json\/wp\/v2\/media\/8555"}],"wp:attachment":[{"href":"https:\/\/tourtravelandmore.com\/es\/wp-json\/wp\/v2\/media?parent=68802"}],"wp:term":[{"taxonomy":"product_brand","embeddable":true,"href":"https:\/\/tourtravelandmore.com\/es\/wp-json\/wp\/v2\/product_brand?post=68802"},{"taxonomy":"product_cat","embeddable":true,"href":"https:\/\/tourtravelandmore.com\/es\/wp-json\/wp\/v2\/product_cat?post=68802"},{"taxonomy":"product_tag","embeddable":true,"href":"https:\/\/tourtravelandmore.com\/es\/wp-json\/wp\/v2\/product_tag?post=68802"}],"curies":[{"name":"wp","href":"https:\/\/api.w.org\/{rel}","templated":true}]}}