{"id":68452,"date":"2019-10-15T09:50:16","date_gmt":"2019-10-15T07:50:17","guid":{"rendered":"https:\/\/tourtravelandmore.com\/?post_type=product&#038;p=68452"},"modified":"2024-02-28T16:47:19","modified_gmt":"2024-02-28T15:47:19","slug":"tour-privado-a-pie-por-copenhague","status":"publish","type":"product","link":"https:\/\/tourtravelandmore.com\/es\/tours\/dinamarca\/copenhague-es\/copenhague-tours-privados-pie-es\/tour-privado-a-pie-por-copenhague\/","title":{"rendered":"Tour Privado a pie por Copenhague"},"content":{"rendered":"<h2><b>Descripci\u00f3n del Tour Privado a pie por Copenhague<\/b><\/h2>\n<p><span style=\"font-weight: 400;\">Disfrute de este <\/span><b>Tour Privado a pie por Copenhague<\/b><span style=\"font-weight: 400;\"> junto a su <\/span><b>gu\u00eda oficial privado<\/b><span style=\"font-weight: 400;\"> y conozca lo mejor de lo que Copenhague tiene para ofrecer. Este recorrido se centrar\u00e1 en el distrito de Frederiksstaden.<\/span><\/p>\n<p><b>Copenhague<\/b><span style=\"font-weight: 400;\">, la capital de <\/span><b>Dinamarca<\/b><span style=\"font-weight: 400;\">, se ubica en las islas litorales de <\/span><b>Selandia <\/b><span style=\"font-weight: 400;\">y <\/span><b>Amager<\/b><span style=\"font-weight: 400;\">. Se conecta con <\/span><b>Malmo <\/b><span style=\"font-weight: 400;\">en el sur de <\/span><b>Suecia <\/b><span style=\"font-weight: 400;\">a trav\u00e9s del puente <\/span><b>\u00d6resund<\/b><span style=\"font-weight: 400;\">. En Indre By, el centro hist\u00f3rico de la ciudad, se encuentra Frederiksstaden, un barrio refinado del siglo XVIII, que alberga el palacio de Amalienborg de la familia real. Cerca est\u00e1 el palacio de Christiansborg y el castillo de Rosenborg de la \u00e9poca renacentista, rodeado de jardines, que alberga las joyas de la corona.<\/span><\/p>\n<p><span style=\"font-weight: 400;\">Este tour es absolutamente personalizable. Puede adaptar todos nuestros tours en Copenhague a su propio inter\u00e9s con solo contactarnos. \u00a1Es por eso que este <\/span><b>Tour Privado a pie por Copenhague es perfecto para ti<\/b><span style=\"font-weight: 400;\">!<\/span><\/p>\n<p><span style=\"font-weight: 400;\">Desde<\/span><b> Tour Travel &amp; More<\/b><span style=\"font-weight: 400;\"> ofrecemos un servicio completamente personalizado donde puede elegir la duraci\u00f3n de este tour ya que puede ser de <\/span><b>2, 4 o 6 horas!<\/b><\/p>\n<h2>Puntos emblem\u00e1ticos y de inter\u00e9s<\/h2>\n<p><span style=\"font-weight: 400;\">Durante su Tour privado a pie por Copenhague, descubrir\u00e1 algunos de los lugares m\u00e1s reconocidos de la ciudad.<\/span><\/p>\n<p><span style=\"font-weight: 400;\">En primer lugar, nos encontraremos en un punto central en Frederiksstaden, sin duda el <\/span><b>Palacio de Amalienborg<\/b><span style=\"font-weight: 400;\">. La hora de comienzo de la excursi\u00f3n podr\u00e1 ser elegida por usted, ya que se trata de un tour personalizado.<\/span><\/p>\n<p><span style=\"font-weight: 400;\">Durante este recorrido, visitaremos los monumentos y sitios m\u00e1s famosos de la ciudad.<\/span><\/p>\n<p><span style=\"font-weight: 400;\">Luego, caminaremos desde aqu\u00ed hasta uno de los jardines m\u00e1s populares de la ciudad, el para\u00edso de Amalie, tambi\u00e9n conocido como <\/span><b>Amalie Garden<\/b><span style=\"font-weight: 400;\">, que se encuentra en el c\u00e9ntrico barrio de Frederiksstaden de Copenhague.<\/span><\/p>\n<p><span style=\"font-weight: 400;\">Desde all\u00ed iremos hasta <\/span><b>Nyhavn<\/b><span style=\"font-weight: 400;\">, un popular distrito de entretenimiento en la ciudad de Copenhague.<\/span><\/p>\n<p><span style=\"font-weight: 400;\">Despu\u00e9s de un peque\u00f1o descanso en uno de sus restaurantes, caminaremos hasta la <\/span><b>Iglesia de Frederick<\/b><span style=\"font-weight: 400;\">, la <\/span><b>Iglesia de Alexander Nevsky<\/b><span style=\"font-weight: 400;\">, el <\/span><b>Medical Museion<\/b><span style=\"font-weight: 400;\"> y la impresionante y bien conservada <\/span><b>fortificaci\u00f3n de Kastellet<\/b><span style=\"font-weight: 400;\">.<\/span><\/p>\n<p><span style=\"font-weight: 400;\">Conoceremos la estatua de <\/span><b>La Sirenita<\/b><span style=\"font-weight: 400;\">, el mejor museo de arte decorativo y aplicado de <\/span><b>Kunstindustrimuseet<\/b><span style=\"font-weight: 400;\">, la <\/span><b>plaza Kongens Nytorv<\/b><span style=\"font-weight: 400;\"> y el palacio de estilo barroco holand\u00e9s de <\/span><b>Charlottenborg<\/b><span style=\"font-weight: 400;\">.<\/span><\/p>\n<p>Finalmente, su gu\u00eda oficial privado lo dejar\u00e1 en un lugar c\u00e9ntrico en la ciudad de Copenhague.<\/p>\n<p><span class=\"JLqJ4b\" data-language-for-alternatives=\"es\" data-language-to-translate-into=\"en\" data-phrase-index=\"34\"><span class=\"JLqJ4b ChMk0b\" data-language-for-alternatives=\"es\" data-language-to-translate-into=\"en\" data-phrase-index=\"35\"><a href=\"https:\/\/tourtravelandmore.com\/es\/ciudad\/dinamarca\/copenhague-es\/\">Consulta nuestros tours privados en Copenhague<\/a>.<\/span><\/span><\/p>\n","protected":false},"excerpt":{"rendered":"<p>Pasa un buen rato con este <strong>tour privado de 2, 4 o 6 horas totalmente personalizado por las calles de Copenhague<\/strong>, donde podr\u00e1s admirar la belleza urbana de sus calles, monumentos y edificios m\u00e1s importantes. En el camino, su gu\u00eda oficial privado lo llevar\u00e1 a explorar la belleza que ofrece la ciudad.<\/p>\n","protected":false},"featured_media":69338,"comment_status":"open","ping_status":"closed","template":"","meta":{"_acf_changed":false},"product_brand":[],"product_cat":[1648,1649,1654,1651],"product_tag":[],"class_list":{"0":"post-68452","1":"product","2":"type-product","3":"status-publish","4":"has-post-thumbnail","6":"product_cat-dinamarca","7":"product_cat-copenhague-es","8":"product_cat-copenhague-actividades-es","9":"product_cat-copenhague-tours-privados-pie-es","11":"first","12":"instock","13":"shipping-taxable","14":"purchasable","15":"product-type-simple"},"acf":[],"yoast_head":"<!-- This site is optimized with the Yoast SEO Premium plugin v25.3.1 (Yoast SEO v25.3.1) - https:\/\/yoast.com\/wordpress\/plugins\/seo\/ -->\n<title>Tour Privado a pie por Copenhague co gu\u00eda oficial local | TTM<\/title>\n<meta name=\"description\" content=\"Acomp\u00e1\u00f1enos en este Tour Privado a pie por Copenhague. Descubra una ciudad llena de historia y conozca sus monumentos m\u00e1s resaltantes.\" \/>\n<meta name=\"robots\" content=\"index, follow, max-snippet:-1, max-image-preview:large, max-video-preview:-1\" \/>\n<link rel=\"canonical\" href=\"https:\/\/tourtravelandmore.com\/es\/tours\/dinamarca\/copenhague-es\/copenhague-tours-privados-pie-es\/tour-privado-a-pie-por-copenhague\/\" \/>\n<meta property=\"og:locale\" content=\"es_ES\" \/>\n<meta property=\"og:type\" content=\"article\" \/>\n<meta property=\"og:title\" content=\"Tour Privado a pie por Copenhague\" \/>\n<meta property=\"og:description\" content=\"Acomp\u00e1\u00f1enos en este Tour Privado a pie por Copenhague. Descubra una ciudad llena de historia y conozca sus monumentos m\u00e1s resaltantes.\" \/>\n<meta property=\"og:url\" content=\"https:\/\/tourtravelandmore.com\/es\/tours\/dinamarca\/copenhague-es\/copenhague-tours-privados-pie-es\/tour-privado-a-pie-por-copenhague\/\" \/>\n<meta property=\"og:site_name\" content=\"Tour Travel And More\" \/>\n<meta property=\"article:publisher\" content=\"https:\/\/www.facebook.com\/tourtravelandmore\/\" \/>\n<meta property=\"article:modified_time\" content=\"2024-02-28T15:47:19+00:00\" \/>\n<meta property=\"og:image\" content=\"https:\/\/tourtravelandmore.com\/wp-content\/uploads\/2019\/10\/2018_-_Nyhavn_on_sunset-1024x664.jpg\" \/>\n\t<meta property=\"og:image:width\" content=\"1024\" \/>\n\t<meta property=\"og:image:height\" content=\"664\" \/>\n\t<meta property=\"og:image:type\" content=\"image\/jpeg\" \/>\n<meta name=\"twitter:card\" content=\"summary_large_image\" \/>\n<meta name=\"twitter:site\" content=\"@TourTravel_More\" \/>\n<meta name=\"twitter:label1\" content=\"Tiempo de lectura\" \/>\n\t<meta name=\"twitter:data1\" content=\"2 minutos\" \/>\n<script type=\"application\/ld+json\" class=\"yoast-schema-graph\">{\"@context\":\"https:\/\/schema.org\",\"@graph\":[{\"@type\":\"WebPage\",\"@id\":\"https:\/\/tourtravelandmore.com\/es\/tours\/dinamarca\/copenhague-es\/copenhague-tours-privados-pie-es\/tour-privado-a-pie-por-copenhague\/\",\"url\":\"https:\/\/tourtravelandmore.com\/es\/tours\/dinamarca\/copenhague-es\/copenhague-tours-privados-pie-es\/tour-privado-a-pie-por-copenhague\/\",\"name\":\"Tour Privado a pie por Copenhague co gu\u00eda oficial local | TTM\",\"isPartOf\":{\"@id\":\"https:\/\/tourtravelandmore.com\/es\/#website\"},\"primaryImageOfPage\":{\"@id\":\"https:\/\/tourtravelandmore.com\/es\/tours\/dinamarca\/copenhague-es\/copenhague-tours-privados-pie-es\/tour-privado-a-pie-por-copenhague\/#primaryimage\"},\"image\":{\"@id\":\"https:\/\/tourtravelandmore.com\/es\/tours\/dinamarca\/copenhague-es\/copenhague-tours-privados-pie-es\/tour-privado-a-pie-por-copenhague\/#primaryimage\"},\"thumbnailUrl\":\"https:\/\/tourtravelandmore.com\/wp-content\/uploads\/2019\/10\/2018_-_Nyhavn_on_sunset.jpg\",\"datePublished\":\"2019-10-15T07:50:17+00:00\",\"dateModified\":\"2024-02-28T15:47:19+00:00\",\"description\":\"Acomp\u00e1\u00f1enos en este Tour Privado a pie por Copenhague. Descubra una ciudad llena de historia y conozca sus monumentos m\u00e1s resaltantes.\",\"breadcrumb\":{\"@id\":\"https:\/\/tourtravelandmore.com\/es\/tours\/dinamarca\/copenhague-es\/copenhague-tours-privados-pie-es\/tour-privado-a-pie-por-copenhague\/#breadcrumb\"},\"inLanguage\":\"es\",\"potentialAction\":[{\"@type\":\"ReadAction\",\"target\":[\"https:\/\/tourtravelandmore.com\/es\/tours\/dinamarca\/copenhague-es\/copenhague-tours-privados-pie-es\/tour-privado-a-pie-por-copenhague\/\"]}]},{\"@type\":\"ImageObject\",\"inLanguage\":\"es\",\"@id\":\"https:\/\/tourtravelandmore.com\/es\/tours\/dinamarca\/copenhague-es\/copenhague-tours-privados-pie-es\/tour-privado-a-pie-por-copenhague\/#primaryimage\",\"url\":\"https:\/\/tourtravelandmore.com\/wp-content\/uploads\/2019\/10\/2018_-_Nyhavn_on_sunset.jpg\",\"contentUrl\":\"https:\/\/tourtravelandmore.com\/wp-content\/uploads\/2019\/10\/2018_-_Nyhavn_on_sunset.jpg\",\"width\":4040,\"height\":2620},{\"@type\":\"BreadcrumbList\",\"@id\":\"https:\/\/tourtravelandmore.com\/es\/tours\/dinamarca\/copenhague-es\/copenhague-tours-privados-pie-es\/tour-privado-a-pie-por-copenhague\/#breadcrumb\",\"itemListElement\":[{\"@type\":\"ListItem\",\"position\":1,\"name\":\"Home\",\"item\":\"https:\/\/tourtravelandmore.com\/es\/\"},{\"@type\":\"ListItem\",\"position\":2,\"name\":\"Tours\",\"item\":\"https:\/\/tourtravelandmore.com\/es\/tours\/\"},{\"@type\":\"ListItem\",\"position\":3,\"name\":\"Tour Privado a pie por Copenhague\"}]},{\"@type\":\"WebSite\",\"@id\":\"https:\/\/tourtravelandmore.com\/es\/#website\",\"url\":\"https:\/\/tourtravelandmore.com\/es\/\",\"name\":\"Tour Travel And More\",\"description\":\"Private sightseeing tours and luxury transfers in Spain\",\"publisher\":{\"@id\":\"https:\/\/tourtravelandmore.com\/es\/#organization\"},\"potentialAction\":[{\"@type\":\"SearchAction\",\"target\":{\"@type\":\"EntryPoint\",\"urlTemplate\":\"https:\/\/tourtravelandmore.com\/es\/?s={search_term_string}\"},\"query-input\":{\"@type\":\"PropertyValueSpecification\",\"valueRequired\":true,\"valueName\":\"search_term_string\"}}],\"inLanguage\":\"es\"},{\"@type\":\"Organization\",\"@id\":\"https:\/\/tourtravelandmore.com\/es\/#organization\",\"name\":\"Tour Travel And More\",\"url\":\"https:\/\/tourtravelandmore.com\/es\/\",\"logo\":{\"@type\":\"ImageObject\",\"inLanguage\":\"es\",\"@id\":\"https:\/\/tourtravelandmore.com\/es\/#\/schema\/logo\/image\/\",\"url\":\"https:\/\/tourtravelandmore.com\/wp-content\/uploads\/2022\/12\/cropped-logo-cabecera-new.png\",\"contentUrl\":\"https:\/\/tourtravelandmore.com\/wp-content\/uploads\/2022\/12\/cropped-logo-cabecera-new.png\",\"width\":430,\"height\":61,\"caption\":\"Tour Travel And More\"},\"image\":{\"@id\":\"https:\/\/tourtravelandmore.com\/es\/#\/schema\/logo\/image\/\"},\"sameAs\":[\"https:\/\/www.facebook.com\/tourtravelandmore\/\",\"https:\/\/x.com\/TourTravel_More\"]}]}<\/script>\n<!-- \/ Yoast SEO Premium plugin. -->","yoast_head_json":{"title":"Tour Privado a pie por Copenhague co gu\u00eda oficial local | TTM","description":"Acomp\u00e1\u00f1enos en este Tour Privado a pie por Copenhague. Descubra una ciudad llena de historia y conozca sus monumentos m\u00e1s resaltantes.","robots":{"index":"index","follow":"follow","max-snippet":"max-snippet:-1","max-image-preview":"max-image-preview:large","max-video-preview":"max-video-preview:-1"},"canonical":"https:\/\/tourtravelandmore.com\/es\/tours\/dinamarca\/copenhague-es\/copenhague-tours-privados-pie-es\/tour-privado-a-pie-por-copenhague\/","og_locale":"es_ES","og_type":"article","og_title":"Tour Privado a pie por Copenhague","og_description":"Acomp\u00e1\u00f1enos en este Tour Privado a pie por Copenhague. Descubra una ciudad llena de historia y conozca sus monumentos m\u00e1s resaltantes.","og_url":"https:\/\/tourtravelandmore.com\/es\/tours\/dinamarca\/copenhague-es\/copenhague-tours-privados-pie-es\/tour-privado-a-pie-por-copenhague\/","og_site_name":"Tour Travel And More","article_publisher":"https:\/\/www.facebook.com\/tourtravelandmore\/","article_modified_time":"2024-02-28T15:47:19+00:00","og_image":[{"width":1024,"height":664,"url":"https:\/\/tourtravelandmore.com\/wp-content\/uploads\/2019\/10\/2018_-_Nyhavn_on_sunset-1024x664.jpg","type":"image\/jpeg"}],"twitter_card":"summary_large_image","twitter_site":"@TourTravel_More","twitter_misc":{"Tiempo de lectura":"2 minutos"},"schema":{"@context":"https:\/\/schema.org","@graph":[{"@type":"WebPage","@id":"https:\/\/tourtravelandmore.com\/es\/tours\/dinamarca\/copenhague-es\/copenhague-tours-privados-pie-es\/tour-privado-a-pie-por-copenhague\/","url":"https:\/\/tourtravelandmore.com\/es\/tours\/dinamarca\/copenhague-es\/copenhague-tours-privados-pie-es\/tour-privado-a-pie-por-copenhague\/","name":"Tour Privado a pie por Copenhague co gu\u00eda oficial local | TTM","isPartOf":{"@id":"https:\/\/tourtravelandmore.com\/es\/#website"},"primaryImageOfPage":{"@id":"https:\/\/tourtravelandmore.com\/es\/tours\/dinamarca\/copenhague-es\/copenhague-tours-privados-pie-es\/tour-privado-a-pie-por-copenhague\/#primaryimage"},"image":{"@id":"https:\/\/tourtravelandmore.com\/es\/tours\/dinamarca\/copenhague-es\/copenhague-tours-privados-pie-es\/tour-privado-a-pie-por-copenhague\/#primaryimage"},"thumbnailUrl":"https:\/\/tourtravelandmore.com\/wp-content\/uploads\/2019\/10\/2018_-_Nyhavn_on_sunset.jpg","datePublished":"2019-10-15T07:50:17+00:00","dateModified":"2024-02-28T15:47:19+00:00","description":"Acomp\u00e1\u00f1enos en este Tour Privado a pie por Copenhague. Descubra una ciudad llena de historia y conozca sus monumentos m\u00e1s resaltantes.","breadcrumb":{"@id":"https:\/\/tourtravelandmore.com\/es\/tours\/dinamarca\/copenhague-es\/copenhague-tours-privados-pie-es\/tour-privado-a-pie-por-copenhague\/#breadcrumb"},"inLanguage":"es","potentialAction":[{"@type":"ReadAction","target":["https:\/\/tourtravelandmore.com\/es\/tours\/dinamarca\/copenhague-es\/copenhague-tours-privados-pie-es\/tour-privado-a-pie-por-copenhague\/"]}]},{"@type":"ImageObject","inLanguage":"es","@id":"https:\/\/tourtravelandmore.com\/es\/tours\/dinamarca\/copenhague-es\/copenhague-tours-privados-pie-es\/tour-privado-a-pie-por-copenhague\/#primaryimage","url":"https:\/\/tourtravelandmore.com\/wp-content\/uploads\/2019\/10\/2018_-_Nyhavn_on_sunset.jpg","contentUrl":"https:\/\/tourtravelandmore.com\/wp-content\/uploads\/2019\/10\/2018_-_Nyhavn_on_sunset.jpg","width":4040,"height":2620},{"@type":"BreadcrumbList","@id":"https:\/\/tourtravelandmore.com\/es\/tours\/dinamarca\/copenhague-es\/copenhague-tours-privados-pie-es\/tour-privado-a-pie-por-copenhague\/#breadcrumb","itemListElement":[{"@type":"ListItem","position":1,"name":"Home","item":"https:\/\/tourtravelandmore.com\/es\/"},{"@type":"ListItem","position":2,"name":"Tours","item":"https:\/\/tourtravelandmore.com\/es\/tours\/"},{"@type":"ListItem","position":3,"name":"Tour Privado a pie por Copenhague"}]},{"@type":"WebSite","@id":"https:\/\/tourtravelandmore.com\/es\/#website","url":"https:\/\/tourtravelandmore.com\/es\/","name":"Tour Travel And More","description":"Private sightseeing tours and luxury transfers in Spain","publisher":{"@id":"https:\/\/tourtravelandmore.com\/es\/#organization"},"potentialAction":[{"@type":"SearchAction","target":{"@type":"EntryPoint","urlTemplate":"https:\/\/tourtravelandmore.com\/es\/?s={search_term_string}"},"query-input":{"@type":"PropertyValueSpecification","valueRequired":true,"valueName":"search_term_string"}}],"inLanguage":"es"},{"@type":"Organization","@id":"https:\/\/tourtravelandmore.com\/es\/#organization","name":"Tour Travel And More","url":"https:\/\/tourtravelandmore.com\/es\/","logo":{"@type":"ImageObject","inLanguage":"es","@id":"https:\/\/tourtravelandmore.com\/es\/#\/schema\/logo\/image\/","url":"https:\/\/tourtravelandmore.com\/wp-content\/uploads\/2022\/12\/cropped-logo-cabecera-new.png","contentUrl":"https:\/\/tourtravelandmore.com\/wp-content\/uploads\/2022\/12\/cropped-logo-cabecera-new.png","width":430,"height":61,"caption":"Tour Travel And More"},"image":{"@id":"https:\/\/tourtravelandmore.com\/es\/#\/schema\/logo\/image\/"},"sameAs":["https:\/\/www.facebook.com\/tourtravelandmore\/","https:\/\/x.com\/TourTravel_More"]}]}},"_links":{"self":[{"href":"https:\/\/tourtravelandmore.com\/es\/wp-json\/wp\/v2\/product\/68452","targetHints":{"allow":["GET"]}}],"collection":[{"href":"https:\/\/tourtravelandmore.com\/es\/wp-json\/wp\/v2\/product"}],"about":[{"href":"https:\/\/tourtravelandmore.com\/es\/wp-json\/wp\/v2\/types\/product"}],"replies":[{"embeddable":true,"href":"https:\/\/tourtravelandmore.com\/es\/wp-json\/wp\/v2\/comments?post=68452"}],"wp:featuredmedia":[{"embeddable":true,"href":"https:\/\/tourtravelandmore.com\/es\/wp-json\/wp\/v2\/media\/69338"}],"wp:attachment":[{"href":"https:\/\/tourtravelandmore.com\/es\/wp-json\/wp\/v2\/media?parent=68452"}],"wp:term":[{"taxonomy":"product_brand","embeddable":true,"href":"https:\/\/tourtravelandmore.com\/es\/wp-json\/wp\/v2\/product_brand?post=68452"},{"taxonomy":"product_cat","embeddable":true,"href":"https:\/\/tourtravelandmore.com\/es\/wp-json\/wp\/v2\/product_cat?post=68452"},{"taxonomy":"product_tag","embeddable":true,"href":"https:\/\/tourtravelandmore.com\/es\/wp-json\/wp\/v2\/product_tag?post=68452"}],"curies":[{"name":"wp","href":"https:\/\/api.w.org\/{rel}","templated":true}]}}