{"id":68432,"date":"2019-10-15T09:49:51","date_gmt":"2019-10-15T07:49:52","guid":{"rendered":"https:\/\/tourtravelandmore.com\/?post_type=product&#038;p=68432"},"modified":"2024-02-28T17:12:00","modified_gmt":"2024-02-28T16:12:00","slug":"tour-privado-a-malmo-y-lund","status":"publish","type":"product","link":"https:\/\/tourtravelandmore.com\/es\/tours\/dinamarca\/copenhague-es\/copenhague-excursiones-es\/tour-privado-a-malmo-y-lund\/","title":{"rendered":"Tour Privado a Malm\u00f6 y Lund desde Copenhague"},"content":{"rendered":"<h2 id=\"tw-target-text\" class=\"tw-data-text tw-text-large XcVN5d tw-ta\" dir=\"ltr\" data-placeholder=\"Traducci\u00f3n\"><span lang=\"es\">Descripci\u00f3n del tour Privado a Malm\u00f6 y Lund desde Copenhague<\/span><\/h2>\n<p><span style=\"font-weight: 400;\">Ven con nosotros y disfruta de esta excursi\u00f3n privada con un <\/span><b>gu\u00eda tur\u00edstico oficial<\/b><span style=\"font-weight: 400;\"> y conozca los lugares m\u00e1s emblem\u00e1ticos de Malm\u00f6 y Lund. Disfruta de este <\/span><b>Tour Privado a Malm\u00f6 y Lund desde Copenhague<\/b><span style=\"font-weight: 400;\">. Un <\/span><b>veh\u00edculo privado con ch\u00f3fer<\/b><span style=\"font-weight: 400;\"> lo recoger\u00e1 de su hotel o lugar de elecci\u00f3n en Copenhague.\u00a0<\/span><\/p>\n<p><b>Malm\u00f6 <\/b><span style=\"font-weight: 400;\">es una ciudad sueca situada en la regi\u00f3n de Sk\u00e5ne, al sur del pa\u00eds. Es la tercera ciudad m\u00e1s poblada de Suecia, con 280.415 habitantes en 2010, despu\u00e9s de <\/span><b>Estocolmo y Gotemburgo<\/b><span style=\"font-weight: 400;\">, y la sexta m\u00e1s poblada de <\/span><b>Escandinavia<\/b><span style=\"font-weight: 400;\">. La historia de <\/span><b>Malm\u00f6 <\/b><span style=\"font-weight: 400;\">est\u00e1 ligada a su proximidad con Dinamarca.<\/span><\/p>\n<p><b>Lund <\/b><span style=\"font-weight: 400;\">es una de las ciudades m\u00e1s antiguas e importantes de Suecia. Se encuentra en el municipio del mismo nombre, en la parte sur del condado de Sk\u00e5ne, en la regi\u00f3n de <\/span><b>\u00d6resund<\/b><span style=\"font-weight: 400;\">.<\/span><\/p>\n<p><span style=\"font-weight: 400;\">Este es un tour privado por Malm\u00f6 y Lund completamente personalizado desde <\/span><b>Copenhague <\/b><span style=\"font-weight: 400;\">s\u00f3lo para su familia o grupo. Puede personalizar cada recorrido con solo contactarnos.<\/span><\/p>\n<h2>Puntos emblem\u00e1ticos y de inter\u00e9s en el tour privado<\/h2>\n<p><span style=\"font-weight: 400;\">En primer lugar, organizaremos una recogida privada con su conductor y un gu\u00eda tur\u00edstico independiente. \u00a1Luego comenzaremos este gran<\/span><b> tour privado a Malm\u00f6 y Lund<\/b><span style=\"font-weight: 400;\"> de d\u00eda completo!.<\/span><\/p>\n<p><span style=\"font-weight: 400;\">Nuestro ch\u00f3fer privado y gu\u00eda tur\u00edstico estar\u00e1n a su disposici\u00f3n durante todo el recorrido. Nuestro equipo es local con gran conocimiento sobre las ciudades, su historia y cultura.<\/span><\/p>\n<p><span style=\"font-weight: 400;\">Entre otros monumentos y lugares que puede conocer durante esta excursi\u00f3n privada:<\/span><\/p>\n<ul>\n<li><b>Ayuntamiento de Malm\u00f6<\/b><\/li>\n<li><b>Birdge de Oresund<\/b><\/li>\n<li aria-level=\"1\"><a href=\"http:\/\/lundsdomkyrka.se\/\"><b>Catedral de Lund<\/b><\/a><b><\/b><\/li>\n<li aria-level=\"1\"><b>Malmohuset<\/b><\/li>\n<li aria-level=\"1\"><b>Museo de Historia Natural de Malm\u00f6<\/b><\/li>\n<li aria-level=\"1\"><b>Museo de Arte de Malm\u00f6<\/b><\/li>\n<li aria-level=\"1\"><b>Centro comercial Hansa<\/b><\/li>\n<li aria-level=\"1\"><b>Torso giratorio<\/b><\/li>\n<li aria-level=\"1\"><b>Universidad de Lund<\/b><\/li>\n<li aria-level=\"1\"><b>Cadena sueca<\/b><\/li>\n<li aria-level=\"1\"><b>Muchos m\u00e1s lugares en esta excursi\u00f3n privada.<\/b><\/li>\n<\/ul>\n<p><span style=\"font-weight: 400;\">En caso de que quiera visitar alg\u00fan lugar en particular, solo tiene que contactarnos. El equipo de <\/span><b>Tour Travel &amp; More<\/b><span style=\"font-weight: 400;\"> est\u00e1 listo para ayudarle a organizar la mejor excursi\u00f3n. Podemos incluso gestionar tickets de entrada a cualquier monumento o museo que desee visitar.<\/span><\/p>\n<p><span style=\"font-weight: 400;\">Finalmente, este tour privado terminar\u00e1 en su hotel o lugar de elecci\u00f3n en Copenhague.<\/span><\/p>\n<p><span style=\"font-weight: 400;\">Nuestros expertos en viajes de Tour Travel &amp; More est\u00e1n a su disposici\u00f3n durante todo el proceso de reserva. No se pierda <\/span><a href=\"https:\/\/tourtravelandmore.com\/es\/ciudad\/dinamarca\/copenhague-es\/\"><span style=\"font-weight: 400;\">todos nuestros otros tours privados en Copenhague<\/span><\/a><span style=\"font-weight: 400;\">. Organizamos grandes experiencias en esta hermosa ciudad danesa.<\/span><\/p>\n<p>&nbsp;<\/p>\n","protected":false},"excerpt":{"rendered":"<p>Disfrute de esta <strong>excursi\u00f3n privada de 8 horas completamente personalizada a Malm\u00f6 y Lund desde Copenhague<\/strong>. Aproveche esta oportunidad para conocer la ciudad de <strong>Malm\u00f6 y Lund<\/strong> en esta experiencia con su propio gu\u00eda tur\u00edstico oficial privado y conductor privado. Personalice su propia experiencia.<\/p>\n","protected":false},"featured_media":69438,"comment_status":"open","ping_status":"closed","template":"","meta":{"_acf_changed":false},"product_brand":[],"product_cat":[1648,1649,1654,1652],"product_tag":[],"class_list":{"0":"post-68432","1":"product","2":"type-product","3":"status-publish","4":"has-post-thumbnail","6":"product_cat-dinamarca","7":"product_cat-copenhague-es","8":"product_cat-copenhague-actividades-es","9":"product_cat-copenhague-excursiones-es","11":"first","12":"instock","13":"shipping-taxable","14":"purchasable","15":"product-type-simple"},"acf":[],"yoast_head":"<!-- This site is optimized with the Yoast SEO Premium plugin v25.3.1 (Yoast SEO v25.3.1) - https:\/\/yoast.com\/wordpress\/plugins\/seo\/ -->\n<title>Tour Privado a Malm\u00f6 y Lund desde Copenhague con gu\u00eda oficial | TTM<\/title>\n<meta name=\"description\" content=\"Acomp\u00e1\u00f1enos en este Tour Privado a Malm\u00f6 y Lund desde Copenhague en un veh\u00edculo privado de lujo con chofer y gu\u00eda oficial privado.\" \/>\n<meta name=\"robots\" content=\"index, follow, max-snippet:-1, max-image-preview:large, max-video-preview:-1\" \/>\n<link rel=\"canonical\" href=\"https:\/\/tourtravelandmore.com\/es\/tours\/dinamarca\/copenhague-es\/copenhague-excursiones-es\/tour-privado-a-malmo-y-lund\/\" \/>\n<meta property=\"og:locale\" content=\"es_ES\" \/>\n<meta property=\"og:type\" content=\"article\" \/>\n<meta property=\"og:title\" content=\"Tour Privado a Malm\u00f6 y Lund desde Copenhague\" \/>\n<meta property=\"og:description\" content=\"Acomp\u00e1\u00f1enos en este Tour Privado a Malm\u00f6 y Lund desde Copenhague en un veh\u00edculo privado de lujo con chofer y gu\u00eda oficial privado.\" \/>\n<meta property=\"og:url\" content=\"https:\/\/tourtravelandmore.com\/es\/tours\/dinamarca\/copenhague-es\/copenhague-excursiones-es\/tour-privado-a-malmo-y-lund\/\" \/>\n<meta property=\"og:site_name\" content=\"Tour Travel And More\" \/>\n<meta property=\"article:publisher\" content=\"https:\/\/www.facebook.com\/tourtravelandmore\/\" \/>\n<meta property=\"article:modified_time\" content=\"2024-02-28T16:12:00+00:00\" \/>\n<meta property=\"og:image\" content=\"https:\/\/tourtravelandmore.com\/wp-content\/uploads\/2019\/10\/\u00d8resund_Bridge_from_the_air_in_September_2015.jpg\" \/>\n\t<meta property=\"og:image:width\" content=\"4000\" \/>\n\t<meta property=\"og:image:height\" content=\"3000\" \/>\n\t<meta property=\"og:image:type\" content=\"image\/jpeg\" \/>\n<meta name=\"twitter:card\" content=\"summary_large_image\" \/>\n<meta name=\"twitter:site\" content=\"@TourTravel_More\" \/>\n<meta name=\"twitter:label1\" content=\"Tiempo de lectura\" \/>\n\t<meta name=\"twitter:data1\" content=\"2 minutos\" \/>\n<script type=\"application\/ld+json\" class=\"yoast-schema-graph\">{\"@context\":\"https:\/\/schema.org\",\"@graph\":[{\"@type\":\"WebPage\",\"@id\":\"https:\/\/tourtravelandmore.com\/es\/tours\/dinamarca\/copenhague-es\/copenhague-excursiones-es\/tour-privado-a-malmo-y-lund\/\",\"url\":\"https:\/\/tourtravelandmore.com\/es\/tours\/dinamarca\/copenhague-es\/copenhague-excursiones-es\/tour-privado-a-malmo-y-lund\/\",\"name\":\"Tour Privado a Malm\u00f6 y Lund desde Copenhague con gu\u00eda oficial | TTM\",\"isPartOf\":{\"@id\":\"https:\/\/tourtravelandmore.com\/es\/#website\"},\"primaryImageOfPage\":{\"@id\":\"https:\/\/tourtravelandmore.com\/es\/tours\/dinamarca\/copenhague-es\/copenhague-excursiones-es\/tour-privado-a-malmo-y-lund\/#primaryimage\"},\"image\":{\"@id\":\"https:\/\/tourtravelandmore.com\/es\/tours\/dinamarca\/copenhague-es\/copenhague-excursiones-es\/tour-privado-a-malmo-y-lund\/#primaryimage\"},\"thumbnailUrl\":\"https:\/\/tourtravelandmore.com\/wp-content\/uploads\/2019\/10\/\u00d8resund_Bridge_from_the_air_in_September_2015.jpg\",\"datePublished\":\"2019-10-15T07:49:52+00:00\",\"dateModified\":\"2024-02-28T16:12:00+00:00\",\"description\":\"Acomp\u00e1\u00f1enos en este Tour Privado a Malm\u00f6 y Lund desde Copenhague en un veh\u00edculo privado de lujo con chofer y gu\u00eda oficial privado.\",\"breadcrumb\":{\"@id\":\"https:\/\/tourtravelandmore.com\/es\/tours\/dinamarca\/copenhague-es\/copenhague-excursiones-es\/tour-privado-a-malmo-y-lund\/#breadcrumb\"},\"inLanguage\":\"es\",\"potentialAction\":[{\"@type\":\"ReadAction\",\"target\":[\"https:\/\/tourtravelandmore.com\/es\/tours\/dinamarca\/copenhague-es\/copenhague-excursiones-es\/tour-privado-a-malmo-y-lund\/\"]}]},{\"@type\":\"ImageObject\",\"inLanguage\":\"es\",\"@id\":\"https:\/\/tourtravelandmore.com\/es\/tours\/dinamarca\/copenhague-es\/copenhague-excursiones-es\/tour-privado-a-malmo-y-lund\/#primaryimage\",\"url\":\"https:\/\/tourtravelandmore.com\/wp-content\/uploads\/2019\/10\/\u00d8resund_Bridge_from_the_air_in_September_2015.jpg\",\"contentUrl\":\"https:\/\/tourtravelandmore.com\/wp-content\/uploads\/2019\/10\/\u00d8resund_Bridge_from_the_air_in_September_2015.jpg\",\"width\":4000,\"height\":3000},{\"@type\":\"BreadcrumbList\",\"@id\":\"https:\/\/tourtravelandmore.com\/es\/tours\/dinamarca\/copenhague-es\/copenhague-excursiones-es\/tour-privado-a-malmo-y-lund\/#breadcrumb\",\"itemListElement\":[{\"@type\":\"ListItem\",\"position\":1,\"name\":\"Home\",\"item\":\"https:\/\/tourtravelandmore.com\/es\/\"},{\"@type\":\"ListItem\",\"position\":2,\"name\":\"Tours\",\"item\":\"https:\/\/tourtravelandmore.com\/es\/tours\/\"},{\"@type\":\"ListItem\",\"position\":3,\"name\":\"Tour Privado a Malm\u00f6 y Lund desde Copenhague\"}]},{\"@type\":\"WebSite\",\"@id\":\"https:\/\/tourtravelandmore.com\/es\/#website\",\"url\":\"https:\/\/tourtravelandmore.com\/es\/\",\"name\":\"Tour Travel And More\",\"description\":\"Private sightseeing tours and luxury transfers in Spain\",\"publisher\":{\"@id\":\"https:\/\/tourtravelandmore.com\/es\/#organization\"},\"potentialAction\":[{\"@type\":\"SearchAction\",\"target\":{\"@type\":\"EntryPoint\",\"urlTemplate\":\"https:\/\/tourtravelandmore.com\/es\/?s={search_term_string}\"},\"query-input\":{\"@type\":\"PropertyValueSpecification\",\"valueRequired\":true,\"valueName\":\"search_term_string\"}}],\"inLanguage\":\"es\"},{\"@type\":\"Organization\",\"@id\":\"https:\/\/tourtravelandmore.com\/es\/#organization\",\"name\":\"Tour Travel And More\",\"url\":\"https:\/\/tourtravelandmore.com\/es\/\",\"logo\":{\"@type\":\"ImageObject\",\"inLanguage\":\"es\",\"@id\":\"https:\/\/tourtravelandmore.com\/es\/#\/schema\/logo\/image\/\",\"url\":\"https:\/\/tourtravelandmore.com\/wp-content\/uploads\/2022\/12\/cropped-logo-cabecera-new.png\",\"contentUrl\":\"https:\/\/tourtravelandmore.com\/wp-content\/uploads\/2022\/12\/cropped-logo-cabecera-new.png\",\"width\":430,\"height\":61,\"caption\":\"Tour Travel And More\"},\"image\":{\"@id\":\"https:\/\/tourtravelandmore.com\/es\/#\/schema\/logo\/image\/\"},\"sameAs\":[\"https:\/\/www.facebook.com\/tourtravelandmore\/\",\"https:\/\/x.com\/TourTravel_More\"]}]}<\/script>\n<!-- \/ Yoast SEO Premium plugin. -->","yoast_head_json":{"title":"Tour Privado a Malm\u00f6 y Lund desde Copenhague con gu\u00eda oficial | TTM","description":"Acomp\u00e1\u00f1enos en este Tour Privado a Malm\u00f6 y Lund desde Copenhague en un veh\u00edculo privado de lujo con chofer y gu\u00eda oficial privado.","robots":{"index":"index","follow":"follow","max-snippet":"max-snippet:-1","max-image-preview":"max-image-preview:large","max-video-preview":"max-video-preview:-1"},"canonical":"https:\/\/tourtravelandmore.com\/es\/tours\/dinamarca\/copenhague-es\/copenhague-excursiones-es\/tour-privado-a-malmo-y-lund\/","og_locale":"es_ES","og_type":"article","og_title":"Tour Privado a Malm\u00f6 y Lund desde Copenhague","og_description":"Acomp\u00e1\u00f1enos en este Tour Privado a Malm\u00f6 y Lund desde Copenhague en un veh\u00edculo privado de lujo con chofer y gu\u00eda oficial privado.","og_url":"https:\/\/tourtravelandmore.com\/es\/tours\/dinamarca\/copenhague-es\/copenhague-excursiones-es\/tour-privado-a-malmo-y-lund\/","og_site_name":"Tour Travel And More","article_publisher":"https:\/\/www.facebook.com\/tourtravelandmore\/","article_modified_time":"2024-02-28T16:12:00+00:00","og_image":[{"width":4000,"height":3000,"url":"https:\/\/tourtravelandmore.com\/wp-content\/uploads\/2019\/10\/\u00d8resund_Bridge_from_the_air_in_September_2015.jpg","type":"image\/jpeg"}],"twitter_card":"summary_large_image","twitter_site":"@TourTravel_More","twitter_misc":{"Tiempo de lectura":"2 minutos"},"schema":{"@context":"https:\/\/schema.org","@graph":[{"@type":"WebPage","@id":"https:\/\/tourtravelandmore.com\/es\/tours\/dinamarca\/copenhague-es\/copenhague-excursiones-es\/tour-privado-a-malmo-y-lund\/","url":"https:\/\/tourtravelandmore.com\/es\/tours\/dinamarca\/copenhague-es\/copenhague-excursiones-es\/tour-privado-a-malmo-y-lund\/","name":"Tour Privado a Malm\u00f6 y Lund desde Copenhague con gu\u00eda oficial | TTM","isPartOf":{"@id":"https:\/\/tourtravelandmore.com\/es\/#website"},"primaryImageOfPage":{"@id":"https:\/\/tourtravelandmore.com\/es\/tours\/dinamarca\/copenhague-es\/copenhague-excursiones-es\/tour-privado-a-malmo-y-lund\/#primaryimage"},"image":{"@id":"https:\/\/tourtravelandmore.com\/es\/tours\/dinamarca\/copenhague-es\/copenhague-excursiones-es\/tour-privado-a-malmo-y-lund\/#primaryimage"},"thumbnailUrl":"https:\/\/tourtravelandmore.com\/wp-content\/uploads\/2019\/10\/\u00d8resund_Bridge_from_the_air_in_September_2015.jpg","datePublished":"2019-10-15T07:49:52+00:00","dateModified":"2024-02-28T16:12:00+00:00","description":"Acomp\u00e1\u00f1enos en este Tour Privado a Malm\u00f6 y Lund desde Copenhague en un veh\u00edculo privado de lujo con chofer y gu\u00eda oficial privado.","breadcrumb":{"@id":"https:\/\/tourtravelandmore.com\/es\/tours\/dinamarca\/copenhague-es\/copenhague-excursiones-es\/tour-privado-a-malmo-y-lund\/#breadcrumb"},"inLanguage":"es","potentialAction":[{"@type":"ReadAction","target":["https:\/\/tourtravelandmore.com\/es\/tours\/dinamarca\/copenhague-es\/copenhague-excursiones-es\/tour-privado-a-malmo-y-lund\/"]}]},{"@type":"ImageObject","inLanguage":"es","@id":"https:\/\/tourtravelandmore.com\/es\/tours\/dinamarca\/copenhague-es\/copenhague-excursiones-es\/tour-privado-a-malmo-y-lund\/#primaryimage","url":"https:\/\/tourtravelandmore.com\/wp-content\/uploads\/2019\/10\/\u00d8resund_Bridge_from_the_air_in_September_2015.jpg","contentUrl":"https:\/\/tourtravelandmore.com\/wp-content\/uploads\/2019\/10\/\u00d8resund_Bridge_from_the_air_in_September_2015.jpg","width":4000,"height":3000},{"@type":"BreadcrumbList","@id":"https:\/\/tourtravelandmore.com\/es\/tours\/dinamarca\/copenhague-es\/copenhague-excursiones-es\/tour-privado-a-malmo-y-lund\/#breadcrumb","itemListElement":[{"@type":"ListItem","position":1,"name":"Home","item":"https:\/\/tourtravelandmore.com\/es\/"},{"@type":"ListItem","position":2,"name":"Tours","item":"https:\/\/tourtravelandmore.com\/es\/tours\/"},{"@type":"ListItem","position":3,"name":"Tour Privado a Malm\u00f6 y Lund desde Copenhague"}]},{"@type":"WebSite","@id":"https:\/\/tourtravelandmore.com\/es\/#website","url":"https:\/\/tourtravelandmore.com\/es\/","name":"Tour Travel And More","description":"Private sightseeing tours and luxury transfers in Spain","publisher":{"@id":"https:\/\/tourtravelandmore.com\/es\/#organization"},"potentialAction":[{"@type":"SearchAction","target":{"@type":"EntryPoint","urlTemplate":"https:\/\/tourtravelandmore.com\/es\/?s={search_term_string}"},"query-input":{"@type":"PropertyValueSpecification","valueRequired":true,"valueName":"search_term_string"}}],"inLanguage":"es"},{"@type":"Organization","@id":"https:\/\/tourtravelandmore.com\/es\/#organization","name":"Tour Travel And More","url":"https:\/\/tourtravelandmore.com\/es\/","logo":{"@type":"ImageObject","inLanguage":"es","@id":"https:\/\/tourtravelandmore.com\/es\/#\/schema\/logo\/image\/","url":"https:\/\/tourtravelandmore.com\/wp-content\/uploads\/2022\/12\/cropped-logo-cabecera-new.png","contentUrl":"https:\/\/tourtravelandmore.com\/wp-content\/uploads\/2022\/12\/cropped-logo-cabecera-new.png","width":430,"height":61,"caption":"Tour Travel And More"},"image":{"@id":"https:\/\/tourtravelandmore.com\/es\/#\/schema\/logo\/image\/"},"sameAs":["https:\/\/www.facebook.com\/tourtravelandmore\/","https:\/\/x.com\/TourTravel_More"]}]}},"_links":{"self":[{"href":"https:\/\/tourtravelandmore.com\/es\/wp-json\/wp\/v2\/product\/68432","targetHints":{"allow":["GET"]}}],"collection":[{"href":"https:\/\/tourtravelandmore.com\/es\/wp-json\/wp\/v2\/product"}],"about":[{"href":"https:\/\/tourtravelandmore.com\/es\/wp-json\/wp\/v2\/types\/product"}],"replies":[{"embeddable":true,"href":"https:\/\/tourtravelandmore.com\/es\/wp-json\/wp\/v2\/comments?post=68432"}],"wp:featuredmedia":[{"embeddable":true,"href":"https:\/\/tourtravelandmore.com\/es\/wp-json\/wp\/v2\/media\/69438"}],"wp:attachment":[{"href":"https:\/\/tourtravelandmore.com\/es\/wp-json\/wp\/v2\/media?parent=68432"}],"wp:term":[{"taxonomy":"product_brand","embeddable":true,"href":"https:\/\/tourtravelandmore.com\/es\/wp-json\/wp\/v2\/product_brand?post=68432"},{"taxonomy":"product_cat","embeddable":true,"href":"https:\/\/tourtravelandmore.com\/es\/wp-json\/wp\/v2\/product_cat?post=68432"},{"taxonomy":"product_tag","embeddable":true,"href":"https:\/\/tourtravelandmore.com\/es\/wp-json\/wp\/v2\/product_tag?post=68432"}],"curies":[{"name":"wp","href":"https:\/\/api.w.org\/{rel}","templated":true}]}}