{"id":68320,"date":"2019-10-13T17:45:20","date_gmt":"2019-10-13T15:45:19","guid":{"rendered":"https:\/\/tourtravelandmore.com\/?post_type=product&#038;p=68320"},"modified":"2024-02-28T16:51:01","modified_gmt":"2024-02-28T15:51:01","slug":"tour-privado-por-copenhague","status":"publish","type":"product","link":"https:\/\/tourtravelandmore.com\/es\/tours\/dinamarca\/copenhague-es\/copenhague-rutas-turisticas-privadas-es\/tour-privado-por-copenhague\/","title":{"rendered":"Tour Privado por Copenhague"},"content":{"rendered":"<h2 id=\"tw-target-text\" class=\"tw-data-text tw-text-large XcVN5d tw-ta\" dir=\"ltr\" data-placeholder=\"Traducci\u00f3n\"><span lang=\"es\">Descripci\u00f3n del Tour Privado por Copenhague<\/span><\/h2>\n<p><span style=\"font-weight: 400;\">Acomp\u00e1\u00f1enos en este <\/span><b>Tour Privado por Copenhague. <\/b><span style=\"font-weight: 400;\">Disfrute de este gran recorrido con un <\/span><b>veh\u00edculo privado de lujo con ch\u00f3fer <\/b><span style=\"font-weight: 400;\">y un <\/span><b>gu\u00eda tur\u00edstico oficial separado.<\/b><\/p>\n<p><span style=\"font-weight: 400;\">Entre los muchos lugares famosos que visitaremos, conoceremos el <\/span><b>Palacio de Christiansborg, un palacio y edificio gubernamental; la Helligaandskirken o la Iglesia del Esp\u00edritu Santo; la Biblioteca de la Universidad de Copenhague,<\/b><span style=\"font-weight: 400;\"> la biblioteca m\u00e1s antigua de la ciudad; el popular distrito de entretenimiento de <\/span><b>Nyhavn<\/b><span style=\"font-weight: 400;\">; el palacio de <\/span><b>Charlottenborg <\/b><span style=\"font-weight: 400;\">de estilo barroco holand\u00e9s y muchos m\u00e1s monumentos en este tour privado.<\/span><\/p>\n<p><span style=\"font-weight: 400;\">Este es un tour de medio d\u00eda, su conductor privado y gu\u00eda tur\u00edstico oficial estar\u00e1n a su total disposici\u00f3n durante 3, 4 o 6 horas. En caso de que lo prefiera, tambi\u00e9n puede ver aqu\u00ed todos nuestros <strong><a href=\"https:\/\/tourtravelandmore.com\/city\/denmark\/copenhaguen-en\/\">tours privados en Copenhague!<\/a><\/strong><\/span><\/p>\n<h2>Puntos emblem\u00e1ticos y de inter\u00e9s<\/h2>\n<p><span style=\"font-weight: 400;\">Nuestro ch\u00f3fer privado y nuestro gu\u00eda tur\u00edstico independiente lo estar\u00e1n esperando en su hotel o lugar de elecci\u00f3n. Luego comenzaremos este Tour Privado por Copenhague.<\/span><\/p>\n<p><span style=\"font-weight: 400;\">En primer lugar, organizaremos una recogida privada en su hotel o lugar de elecci\u00f3n en Copenhague. Nuestra primera parada ser\u00e1 el <\/span><b>Ayuntamiento<\/b><span style=\"font-weight: 400;\">, situado en el centro de la ciudad. Alberga tanto al alcalde de la ciudad de Copenhague como al consejo municipal.<\/span><\/p>\n<p><span style=\"font-weight: 400;\">Comenzaremos nuestro recorrido desde all\u00ed y continuaremos hacia los <strong>Jardines<\/strong> <strong>de Tivoli<\/strong>, el segundo parque de diversiones en funcionamiento m\u00e1s antiguo del mundo y el museo de arte de <strong>Carlsberg<\/strong> <strong>Glyptotek<\/strong>.<\/span><\/p>\n<p><span class=\"JLqJ4b ChMk0b\" data-language-for-alternatives=\"es\" data-language-to-translate-into=\"en\" data-phrase-index=\"1\"><span class=\"JLqJ4b\" data-language-for-alternatives=\"es\" data-language-to-translate-into=\"en\" data-phrase-index=\"2\">Durante este recorrido privado descubrir\u00e1s algunos de los lugares m\u00e1s reconocidos e interesantes de la ciudad. <\/span><\/span><span class=\"JLqJ4b ChMk0b\" data-language-for-alternatives=\"es\" data-language-to-translate-into=\"en\" data-phrase-index=\"1\"><span class=\"JLqJ4b\" data-language-for-alternatives=\"es\" data-language-to-translate-into=\"en\" data-phrase-index=\"2\">Entre los sitios que cubriremos, visitar\u00e1:<\/span><\/span><\/p>\n<ul>\n<li><strong>Municipalidad <\/strong><\/li>\n<li><strong><span class=\"JLqJ4b\" data-language-for-alternatives=\"es\" data-language-to-translate-into=\"en\" data-phrase-index=\"8\"><span class=\"JLqJ4b ChMk0b\" data-language-for-alternatives=\"es\" data-language-to-translate-into=\"en\" data-phrase-index=\"9\">Ayuntamiento de la ciudad <\/span><\/span><\/strong><\/li>\n<li><strong><a href=\"https:\/\/www.tivoli.dk\"><span class=\"JLqJ4b\" data-language-for-alternatives=\"es\" data-language-to-translate-into=\"en\" data-phrase-index=\"8\"><span class=\"JLqJ4b ChMk0b\" data-language-for-alternatives=\"es\" data-language-to-translate-into=\"en\" data-phrase-index=\"9\">Jardines de Tivoli <\/span><\/span><\/a><\/strong><\/li>\n<li><strong><span class=\"JLqJ4b\" data-language-for-alternatives=\"es\" data-language-to-translate-into=\"en\" data-phrase-index=\"8\"><span class=\"JLqJ4b ChMk0b\" data-language-for-alternatives=\"es\" data-language-to-translate-into=\"en\" data-phrase-index=\"9\">Ny Carlsberg Glyptotek <\/span><\/span><\/strong><\/li>\n<li><strong><span class=\"JLqJ4b\" data-language-for-alternatives=\"es\" data-language-to-translate-into=\"en\" data-phrase-index=\"8\"><span class=\"JLqJ4b ChMk0b\" data-language-for-alternatives=\"es\" data-language-to-translate-into=\"en\" data-phrase-index=\"9\">Museo Nacional de Dinamarca<\/span><\/span><\/strong><\/li>\n<li><strong><span class=\"JLqJ4b\" data-language-for-alternatives=\"es\" data-language-to-translate-into=\"en\" data-phrase-index=\"8\"><span class=\"JLqJ4b ChMk0b\" data-language-for-alternatives=\"es\" data-language-to-translate-into=\"en\" data-phrase-index=\"9\">Palacio de Christiansborg <\/span><\/span><\/strong><\/li>\n<li><strong><span class=\"JLqJ4b\" data-language-for-alternatives=\"es\" data-language-to-translate-into=\"en\" data-phrase-index=\"8\"><span class=\"JLqJ4b ChMk0b\" data-language-for-alternatives=\"es\" data-language-to-translate-into=\"en\" data-phrase-index=\"9\">Fuente de cig\u00fce\u00f1a <\/span><\/span><\/strong><\/li>\n<li><strong><span class=\"JLqJ4b\" data-language-for-alternatives=\"es\" data-language-to-translate-into=\"en\" data-phrase-index=\"8\"><span class=\"JLqJ4b ChMk0b\" data-language-for-alternatives=\"es\" data-language-to-translate-into=\"en\" data-phrase-index=\"9\">Iglesia del espiritu santo <\/span><\/span><\/strong><\/li>\n<li><strong><span class=\"JLqJ4b\" data-language-for-alternatives=\"es\" data-language-to-translate-into=\"en\" data-phrase-index=\"8\"><span class=\"JLqJ4b ChMk0b\" data-language-for-alternatives=\"es\" data-language-to-translate-into=\"en\" data-phrase-index=\"9\">Biblioteca de la Universidad de Copenhague<\/span><\/span><\/strong><\/li>\n<li><strong><span class=\"JLqJ4b\" data-language-for-alternatives=\"es\" data-language-to-translate-into=\"en\" data-phrase-index=\"8\"><span class=\"JLqJ4b ChMk0b\" data-language-for-alternatives=\"es\" data-language-to-translate-into=\"en\" data-phrase-index=\"9\">Rundet\u00e5rn Str\u00f8get <\/span><\/span><\/strong><\/li>\n<li><strong><span class=\"JLqJ4b\" data-language-for-alternatives=\"es\" data-language-to-translate-into=\"en\" data-phrase-index=\"8\"><span class=\"JLqJ4b ChMk0b\" data-language-for-alternatives=\"es\" data-language-to-translate-into=\"en\" data-phrase-index=\"9\">Plaza Kongens <\/span><\/span><span class=\"JLqJ4b\" data-language-for-alternatives=\"es\" data-language-to-translate-into=\"en\" data-phrase-index=\"8\"><span class=\"JLqJ4b ChMk0b\" data-language-for-alternatives=\"es\" data-language-to-translate-into=\"en\" data-phrase-index=\"9\">Nytorv <\/span><\/span><\/strong><\/li>\n<li><strong><span class=\"JLqJ4b\" data-language-for-alternatives=\"es\" data-language-to-translate-into=\"en\" data-phrase-index=\"8\"><span class=\"JLqJ4b ChMk0b\" data-language-for-alternatives=\"es\" data-language-to-translate-into=\"en\" data-phrase-index=\"9\">Charlottenborg <\/span><\/span><\/strong><\/li>\n<li><strong><span class=\"JLqJ4b\" data-language-for-alternatives=\"es\" data-language-to-translate-into=\"en\" data-phrase-index=\"8\"><span class=\"JLqJ4b ChMk0b\" data-language-for-alternatives=\"es\" data-language-to-translate-into=\"en\" data-phrase-index=\"9\">Nyhavn<\/span><\/span><\/strong><\/li>\n<li><strong>\u00a1y mucho m\u00e1s!<\/strong><\/li>\n<\/ul>\n<p>En caso de que este interesado, podemos gestionar entradas a cualquier monumento o museo que desee visitar. Este es un tour privado y completamente personalizado para usted y su grupo.<\/p>\n<p>Al finalizar, su ch\u00f3fer privado y gu\u00eda oficial lo llevar\u00e1 de regreso a su hotel o lugar de comienzo en <strong>Copenhaguen<\/strong>.<\/p>\n","protected":false},"excerpt":{"rendered":"<p><strong>Copenhague <\/strong>es una ciudad que vale la pena recorrer.\u00a0Disfrute de este<strong> tour privado por 3, 4 o 6 horas de Copenhagen <\/strong>con chofer y guia oficial privado en un veh\u00edculo de lujo. Conozca los monumentos y zonas m\u00e1s emblem\u00e1ticas de <strong>Copenhague <\/strong>como los <strong>Jardines Tivoli, <\/strong><strong>Gliptoteca Ny Carlsberg, <\/strong><strong>Museo Nacional de Dinamarca<\/strong><strong>\u00a0<\/strong>y muchos lugares m\u00e1s.<\/p>\n","protected":false},"featured_media":69331,"comment_status":"open","ping_status":"closed","template":"","meta":{"_acf_changed":false},"product_brand":[],"product_cat":[1648,1649,1654,1653],"product_tag":[],"class_list":{"0":"post-68320","1":"product","2":"type-product","3":"status-publish","4":"has-post-thumbnail","6":"product_cat-dinamarca","7":"product_cat-copenhague-es","8":"product_cat-copenhague-actividades-es","9":"product_cat-copenhague-rutas-turisticas-privadas-es","11":"first","12":"instock","13":"shipping-taxable","14":"purchasable","15":"product-type-simple"},"acf":[],"yoast_head":"<!-- This site is optimized with the Yoast SEO Premium plugin v25.3.1 (Yoast SEO v25.3.1) - https:\/\/yoast.com\/wordpress\/plugins\/seo\/ -->\n<title>Tour Privado por Copenhague con chofer y gu\u00eda oficial | TTM<\/title>\n<meta name=\"description\" content=\"Disfrute de este Tour Privado por Copenhague y recorra una de las ciudades mas hermosas de los paises n\u00f3rdicos con un equipo profesional.\" \/>\n<meta name=\"robots\" content=\"index, follow, max-snippet:-1, max-image-preview:large, max-video-preview:-1\" \/>\n<link rel=\"canonical\" href=\"https:\/\/tourtravelandmore.com\/es\/tours\/dinamarca\/copenhague-es\/copenhague-rutas-turisticas-privadas-es\/tour-privado-por-copenhague\/\" \/>\n<meta property=\"og:locale\" content=\"es_ES\" \/>\n<meta property=\"og:type\" content=\"article\" \/>\n<meta property=\"og:title\" content=\"Tour Privado por Copenhague\" \/>\n<meta property=\"og:description\" content=\"Disfrute de este Tour Privado por Copenhague y recorra una de las ciudades mas hermosas de los paises n\u00f3rdicos con un equipo profesional.\" \/>\n<meta property=\"og:url\" content=\"https:\/\/tourtravelandmore.com\/es\/tours\/dinamarca\/copenhague-es\/copenhague-rutas-turisticas-privadas-es\/tour-privado-por-copenhague\/\" \/>\n<meta property=\"og:site_name\" content=\"Tour Travel And More\" \/>\n<meta property=\"article:publisher\" content=\"https:\/\/www.facebook.com\/tourtravelandmore\/\" \/>\n<meta property=\"article:modified_time\" content=\"2024-02-28T15:51:01+00:00\" \/>\n<meta property=\"og:image\" content=\"https:\/\/tourtravelandmore.com\/wp-content\/uploads\/2019\/10\/nyhavn-copenhaguen-1.jpg\" \/>\n\t<meta property=\"og:image:width\" content=\"960\" \/>\n\t<meta property=\"og:image:height\" content=\"640\" \/>\n\t<meta property=\"og:image:type\" content=\"image\/jpeg\" \/>\n<meta name=\"twitter:card\" content=\"summary_large_image\" \/>\n<meta name=\"twitter:site\" content=\"@TourTravel_More\" \/>\n<meta name=\"twitter:label1\" content=\"Tiempo de lectura\" \/>\n\t<meta name=\"twitter:data1\" content=\"2 minutos\" \/>\n<script type=\"application\/ld+json\" class=\"yoast-schema-graph\">{\"@context\":\"https:\/\/schema.org\",\"@graph\":[{\"@type\":\"WebPage\",\"@id\":\"https:\/\/tourtravelandmore.com\/es\/tours\/dinamarca\/copenhague-es\/copenhague-rutas-turisticas-privadas-es\/tour-privado-por-copenhague\/\",\"url\":\"https:\/\/tourtravelandmore.com\/es\/tours\/dinamarca\/copenhague-es\/copenhague-rutas-turisticas-privadas-es\/tour-privado-por-copenhague\/\",\"name\":\"Tour Privado por Copenhague con chofer y gu\u00eda oficial | TTM\",\"isPartOf\":{\"@id\":\"https:\/\/tourtravelandmore.com\/es\/#website\"},\"primaryImageOfPage\":{\"@id\":\"https:\/\/tourtravelandmore.com\/es\/tours\/dinamarca\/copenhague-es\/copenhague-rutas-turisticas-privadas-es\/tour-privado-por-copenhague\/#primaryimage\"},\"image\":{\"@id\":\"https:\/\/tourtravelandmore.com\/es\/tours\/dinamarca\/copenhague-es\/copenhague-rutas-turisticas-privadas-es\/tour-privado-por-copenhague\/#primaryimage\"},\"thumbnailUrl\":\"https:\/\/tourtravelandmore.com\/wp-content\/uploads\/2019\/10\/nyhavn-copenhaguen-1.jpg\",\"datePublished\":\"2019-10-13T15:45:19+00:00\",\"dateModified\":\"2024-02-28T15:51:01+00:00\",\"description\":\"Disfrute de este Tour Privado por Copenhague y recorra una de las ciudades mas hermosas de los paises n\u00f3rdicos con un equipo profesional.\",\"breadcrumb\":{\"@id\":\"https:\/\/tourtravelandmore.com\/es\/tours\/dinamarca\/copenhague-es\/copenhague-rutas-turisticas-privadas-es\/tour-privado-por-copenhague\/#breadcrumb\"},\"inLanguage\":\"es\",\"potentialAction\":[{\"@type\":\"ReadAction\",\"target\":[\"https:\/\/tourtravelandmore.com\/es\/tours\/dinamarca\/copenhague-es\/copenhague-rutas-turisticas-privadas-es\/tour-privado-por-copenhague\/\"]}]},{\"@type\":\"ImageObject\",\"inLanguage\":\"es\",\"@id\":\"https:\/\/tourtravelandmore.com\/es\/tours\/dinamarca\/copenhague-es\/copenhague-rutas-turisticas-privadas-es\/tour-privado-por-copenhague\/#primaryimage\",\"url\":\"https:\/\/tourtravelandmore.com\/wp-content\/uploads\/2019\/10\/nyhavn-copenhaguen-1.jpg\",\"contentUrl\":\"https:\/\/tourtravelandmore.com\/wp-content\/uploads\/2019\/10\/nyhavn-copenhaguen-1.jpg\",\"width\":960,\"height\":640},{\"@type\":\"BreadcrumbList\",\"@id\":\"https:\/\/tourtravelandmore.com\/es\/tours\/dinamarca\/copenhague-es\/copenhague-rutas-turisticas-privadas-es\/tour-privado-por-copenhague\/#breadcrumb\",\"itemListElement\":[{\"@type\":\"ListItem\",\"position\":1,\"name\":\"Home\",\"item\":\"https:\/\/tourtravelandmore.com\/es\/\"},{\"@type\":\"ListItem\",\"position\":2,\"name\":\"Tours\",\"item\":\"https:\/\/tourtravelandmore.com\/es\/tours\/\"},{\"@type\":\"ListItem\",\"position\":3,\"name\":\"Tour Privado por Copenhague\"}]},{\"@type\":\"WebSite\",\"@id\":\"https:\/\/tourtravelandmore.com\/es\/#website\",\"url\":\"https:\/\/tourtravelandmore.com\/es\/\",\"name\":\"Tour Travel And More\",\"description\":\"Private sightseeing tours and luxury transfers in Spain\",\"publisher\":{\"@id\":\"https:\/\/tourtravelandmore.com\/es\/#organization\"},\"potentialAction\":[{\"@type\":\"SearchAction\",\"target\":{\"@type\":\"EntryPoint\",\"urlTemplate\":\"https:\/\/tourtravelandmore.com\/es\/?s={search_term_string}\"},\"query-input\":{\"@type\":\"PropertyValueSpecification\",\"valueRequired\":true,\"valueName\":\"search_term_string\"}}],\"inLanguage\":\"es\"},{\"@type\":\"Organization\",\"@id\":\"https:\/\/tourtravelandmore.com\/es\/#organization\",\"name\":\"Tour Travel And More\",\"url\":\"https:\/\/tourtravelandmore.com\/es\/\",\"logo\":{\"@type\":\"ImageObject\",\"inLanguage\":\"es\",\"@id\":\"https:\/\/tourtravelandmore.com\/es\/#\/schema\/logo\/image\/\",\"url\":\"https:\/\/tourtravelandmore.com\/wp-content\/uploads\/2022\/12\/cropped-logo-cabecera-new.png\",\"contentUrl\":\"https:\/\/tourtravelandmore.com\/wp-content\/uploads\/2022\/12\/cropped-logo-cabecera-new.png\",\"width\":430,\"height\":61,\"caption\":\"Tour Travel And More\"},\"image\":{\"@id\":\"https:\/\/tourtravelandmore.com\/es\/#\/schema\/logo\/image\/\"},\"sameAs\":[\"https:\/\/www.facebook.com\/tourtravelandmore\/\",\"https:\/\/x.com\/TourTravel_More\"]}]}<\/script>\n<!-- \/ Yoast SEO Premium plugin. -->","yoast_head_json":{"title":"Tour Privado por Copenhague con chofer y gu\u00eda oficial | TTM","description":"Disfrute de este Tour Privado por Copenhague y recorra una de las ciudades mas hermosas de los paises n\u00f3rdicos con un equipo profesional.","robots":{"index":"index","follow":"follow","max-snippet":"max-snippet:-1","max-image-preview":"max-image-preview:large","max-video-preview":"max-video-preview:-1"},"canonical":"https:\/\/tourtravelandmore.com\/es\/tours\/dinamarca\/copenhague-es\/copenhague-rutas-turisticas-privadas-es\/tour-privado-por-copenhague\/","og_locale":"es_ES","og_type":"article","og_title":"Tour Privado por Copenhague","og_description":"Disfrute de este Tour Privado por Copenhague y recorra una de las ciudades mas hermosas de los paises n\u00f3rdicos con un equipo profesional.","og_url":"https:\/\/tourtravelandmore.com\/es\/tours\/dinamarca\/copenhague-es\/copenhague-rutas-turisticas-privadas-es\/tour-privado-por-copenhague\/","og_site_name":"Tour Travel And More","article_publisher":"https:\/\/www.facebook.com\/tourtravelandmore\/","article_modified_time":"2024-02-28T15:51:01+00:00","og_image":[{"width":960,"height":640,"url":"https:\/\/tourtravelandmore.com\/wp-content\/uploads\/2019\/10\/nyhavn-copenhaguen-1.jpg","type":"image\/jpeg"}],"twitter_card":"summary_large_image","twitter_site":"@TourTravel_More","twitter_misc":{"Tiempo de lectura":"2 minutos"},"schema":{"@context":"https:\/\/schema.org","@graph":[{"@type":"WebPage","@id":"https:\/\/tourtravelandmore.com\/es\/tours\/dinamarca\/copenhague-es\/copenhague-rutas-turisticas-privadas-es\/tour-privado-por-copenhague\/","url":"https:\/\/tourtravelandmore.com\/es\/tours\/dinamarca\/copenhague-es\/copenhague-rutas-turisticas-privadas-es\/tour-privado-por-copenhague\/","name":"Tour Privado por Copenhague con chofer y gu\u00eda oficial | TTM","isPartOf":{"@id":"https:\/\/tourtravelandmore.com\/es\/#website"},"primaryImageOfPage":{"@id":"https:\/\/tourtravelandmore.com\/es\/tours\/dinamarca\/copenhague-es\/copenhague-rutas-turisticas-privadas-es\/tour-privado-por-copenhague\/#primaryimage"},"image":{"@id":"https:\/\/tourtravelandmore.com\/es\/tours\/dinamarca\/copenhague-es\/copenhague-rutas-turisticas-privadas-es\/tour-privado-por-copenhague\/#primaryimage"},"thumbnailUrl":"https:\/\/tourtravelandmore.com\/wp-content\/uploads\/2019\/10\/nyhavn-copenhaguen-1.jpg","datePublished":"2019-10-13T15:45:19+00:00","dateModified":"2024-02-28T15:51:01+00:00","description":"Disfrute de este Tour Privado por Copenhague y recorra una de las ciudades mas hermosas de los paises n\u00f3rdicos con un equipo profesional.","breadcrumb":{"@id":"https:\/\/tourtravelandmore.com\/es\/tours\/dinamarca\/copenhague-es\/copenhague-rutas-turisticas-privadas-es\/tour-privado-por-copenhague\/#breadcrumb"},"inLanguage":"es","potentialAction":[{"@type":"ReadAction","target":["https:\/\/tourtravelandmore.com\/es\/tours\/dinamarca\/copenhague-es\/copenhague-rutas-turisticas-privadas-es\/tour-privado-por-copenhague\/"]}]},{"@type":"ImageObject","inLanguage":"es","@id":"https:\/\/tourtravelandmore.com\/es\/tours\/dinamarca\/copenhague-es\/copenhague-rutas-turisticas-privadas-es\/tour-privado-por-copenhague\/#primaryimage","url":"https:\/\/tourtravelandmore.com\/wp-content\/uploads\/2019\/10\/nyhavn-copenhaguen-1.jpg","contentUrl":"https:\/\/tourtravelandmore.com\/wp-content\/uploads\/2019\/10\/nyhavn-copenhaguen-1.jpg","width":960,"height":640},{"@type":"BreadcrumbList","@id":"https:\/\/tourtravelandmore.com\/es\/tours\/dinamarca\/copenhague-es\/copenhague-rutas-turisticas-privadas-es\/tour-privado-por-copenhague\/#breadcrumb","itemListElement":[{"@type":"ListItem","position":1,"name":"Home","item":"https:\/\/tourtravelandmore.com\/es\/"},{"@type":"ListItem","position":2,"name":"Tours","item":"https:\/\/tourtravelandmore.com\/es\/tours\/"},{"@type":"ListItem","position":3,"name":"Tour Privado por Copenhague"}]},{"@type":"WebSite","@id":"https:\/\/tourtravelandmore.com\/es\/#website","url":"https:\/\/tourtravelandmore.com\/es\/","name":"Tour Travel And More","description":"Private sightseeing tours and luxury transfers in Spain","publisher":{"@id":"https:\/\/tourtravelandmore.com\/es\/#organization"},"potentialAction":[{"@type":"SearchAction","target":{"@type":"EntryPoint","urlTemplate":"https:\/\/tourtravelandmore.com\/es\/?s={search_term_string}"},"query-input":{"@type":"PropertyValueSpecification","valueRequired":true,"valueName":"search_term_string"}}],"inLanguage":"es"},{"@type":"Organization","@id":"https:\/\/tourtravelandmore.com\/es\/#organization","name":"Tour Travel And More","url":"https:\/\/tourtravelandmore.com\/es\/","logo":{"@type":"ImageObject","inLanguage":"es","@id":"https:\/\/tourtravelandmore.com\/es\/#\/schema\/logo\/image\/","url":"https:\/\/tourtravelandmore.com\/wp-content\/uploads\/2022\/12\/cropped-logo-cabecera-new.png","contentUrl":"https:\/\/tourtravelandmore.com\/wp-content\/uploads\/2022\/12\/cropped-logo-cabecera-new.png","width":430,"height":61,"caption":"Tour Travel And More"},"image":{"@id":"https:\/\/tourtravelandmore.com\/es\/#\/schema\/logo\/image\/"},"sameAs":["https:\/\/www.facebook.com\/tourtravelandmore\/","https:\/\/x.com\/TourTravel_More"]}]}},"_links":{"self":[{"href":"https:\/\/tourtravelandmore.com\/es\/wp-json\/wp\/v2\/product\/68320","targetHints":{"allow":["GET"]}}],"collection":[{"href":"https:\/\/tourtravelandmore.com\/es\/wp-json\/wp\/v2\/product"}],"about":[{"href":"https:\/\/tourtravelandmore.com\/es\/wp-json\/wp\/v2\/types\/product"}],"replies":[{"embeddable":true,"href":"https:\/\/tourtravelandmore.com\/es\/wp-json\/wp\/v2\/comments?post=68320"}],"wp:featuredmedia":[{"embeddable":true,"href":"https:\/\/tourtravelandmore.com\/es\/wp-json\/wp\/v2\/media\/69331"}],"wp:attachment":[{"href":"https:\/\/tourtravelandmore.com\/es\/wp-json\/wp\/v2\/media?parent=68320"}],"wp:term":[{"taxonomy":"product_brand","embeddable":true,"href":"https:\/\/tourtravelandmore.com\/es\/wp-json\/wp\/v2\/product_brand?post=68320"},{"taxonomy":"product_cat","embeddable":true,"href":"https:\/\/tourtravelandmore.com\/es\/wp-json\/wp\/v2\/product_cat?post=68320"},{"taxonomy":"product_tag","embeddable":true,"href":"https:\/\/tourtravelandmore.com\/es\/wp-json\/wp\/v2\/product_tag?post=68320"}],"curies":[{"name":"wp","href":"https:\/\/api.w.org\/{rel}","templated":true}]}}