{"id":68131,"date":"2019-10-10T13:16:02","date_gmt":"2019-10-10T11:16:03","guid":{"rendered":"https:\/\/tourtravelandmore.com\/?post_type=product&#038;p=68131"},"modified":"2024-02-19T10:20:27","modified_gmt":"2024-02-19T09:20:27","slug":"tour-privado-por-estocolmo","status":"publish","type":"product","link":"https:\/\/tourtravelandmore.com\/es\/tours\/suecia-es\/estocolmo-es\/tour-privado-por-estocolmo\/","title":{"rendered":"Tour Privado por Estocolmo"},"content":{"rendered":"<h2 id=\"tw-target-text\" class=\"tw-data-text tw-text-large XcVN5d tw-ta\" dir=\"ltr\" data-placeholder=\"Traducci\u00f3n\"><span lang=\"es\">Descripci\u00f3n del Tour Privado por Estocolmo<\/span><\/h2>\n<p>Disfrute de este <strong>Tour Privado por Estocolmo<\/strong> junto con su gu\u00eda oficial privado y conozca lo mejor de lo que Estocolmo tiene para ofrecer. Este recorrido se centrar\u00e1 en el casco antiguo de Estocolmo, <strong>Gamla Stan<\/strong> y las islas de <strong>Kungholmen<\/strong> y <strong>Riddarholmen<\/strong>.<\/p>\n<p>Nos reuniremos en un punto central en Gamla Stan o en su lugar de elecci\u00f3n. Desde all\u00ed comenzaremos nuestro recorrido con nuestros primeros destinos, los palacios reales de <strong>Slottsbacken<\/strong> y <strong>Slottskajen<\/strong>. Luego, continuaremos hasta la Iglesia de San Nicol\u00e1s, K\u00e4llargr\u00e4nd, Stortorget y la Plaza Branda Tomten. Tendremos un peque\u00f1o paseo por las estrechas calles de M\u00e5rten Trotzigs Grand para llegar a Kornhamnstorg, la plaza Grain Harbour.<\/p>\n<p>M\u00e1s tarde, continuaremos visitando los monumentos y sitios m\u00e1s famosos de las islas de Kungholmen y Riddarholmen, como la iglesia de Riddarholmen, las calles y edificios de Sankt Eriks y el Palacio de Hessenstein.<\/p>\n<p>Hay muchos m\u00e1s lugares donde su gu\u00eda tur\u00edstico privado puede ayudarlo a explorar, incluso los lugares m\u00e1s emblem\u00e1ticos e impresionantes de Estocolmo, donde puede tomar las mejores fotos cuando y donde quiera a lo largo de su recorrido privado. Los sitios y el punto de encuentro de este tour son completamente personalizables. Comun\u00edquese con nosotros para organizar el recorrido para satisfacer sus propias necesidades personales.<\/p>\n<h2>Puntos emblem\u00e1ticos y de inter\u00e9s en el Tour Privado por Estocolmo<\/h2>\n<p>Durante este tour privado por Estocolmo, descubrir\u00e1 algunos de los lugares m\u00e1s reconocidos de la ciudad. <span class=\"JLqJ4b ChMk0b\" data-language-for-alternatives=\"es\" data-language-to-translate-into=\"en\" data-phrase-index=\"1\">Ser\u00e1s testigo de su singular belleza arquitect\u00f3nica. <\/span><\/p>\n<p><span class=\"JLqJ4b ChMk0b\" data-language-for-alternatives=\"es\" data-language-to-translate-into=\"en\" data-phrase-index=\"1\">Entre los sitios que cubriremos de Estocolmo, visitar\u00e1:<\/span><\/p>\n<ul>\n<li><a href=\"https:\/\/stadshuset.stockholm\">Ayuntamiento de Estocolmo<\/a><\/li>\n<li><strong>Iglesia Storkyrkan<\/strong><\/li>\n<li><strong>Iglesia Riddarholmen<\/strong><\/li>\n<li><strong>Palacio Hessenstein<\/strong><\/li>\n<li><strong>Gamla Riksarkivet<\/strong><\/li>\n<li><strong>Palacio Wrangel<\/strong><\/li>\n<li><strong>Antiguo edificio de Riksdag<\/strong><\/li>\n<li><strong>Sankt Eriksgatan<\/strong><\/li>\n<li><strong>Slottskajen<\/strong><\/li>\n<li><strong>Iglesia de san nicol\u00e1s<\/strong><\/li>\n<li><strong>Plaza Stortorget<\/strong><\/li>\n<li><strong>Plaza Branda Tomten<\/strong><\/li>\n<li><strong>\u00d6sterl\u00e5nggatan<\/strong><\/li>\n<li><strong>Riddarhuset<\/strong><\/li>\n<li><strong>Palacio Bonde<\/strong><\/li>\n<li><strong>Tyska Brinken<\/strong><\/li>\n<li><strong>Kornhamnstorg, la plaza del puerto de grano<\/strong><\/li>\n<li><strong>Rinc\u00f3n de Fleminggatan con Pipersgatan<\/strong><\/li>\n<\/ul>\n<p>Este tour es completamente personalizable. <span class=\"JLqJ4b ChMk0b\" data-language-for-alternatives=\"es\" data-language-to-translate-into=\"en\" data-phrase-index=\"1\">Comun\u00edquese con nosotros para que su experiencia sea \u00fanica y lo ayudemos a organizar su recorrido privado. Tambi\u00e9n podemos organizar tours solo con gu\u00eda oficial privado.<\/span><\/p>\n<p><span class=\"JLqJ4b ChMk0b\" data-language-for-alternatives=\"es\" data-language-to-translate-into=\"en\" data-phrase-index=\"1\"><span class=\"JLqJ4b\" data-language-for-alternatives=\"es\" data-language-to-translate-into=\"en\" data-phrase-index=\"3\">\u00a1<a href=\"https:\/\/tourtravelandmore.com\/es\/ciudad\/suecia-es\/estocolmo-es\/\">Vea nuestras otras opciones para tours privados de Estocolmo aqu\u00ed<\/a>!<\/span><\/span><\/p>\n","protected":false},"excerpt":{"rendered":"<p><strong>Estocolmo<\/strong> es una de las ciudades m\u00e1s bellas y exclusivas de la Regi\u00f3n N\u00f3rdica. Ven con nosotros en este r<strong>ecorrido privado por la ciudad<\/strong> para visitar y admirar los monumentos y lugares m\u00e1s importantes junto con un conductor privado y un gu\u00eda tur\u00edstico oficial.<\/p>\n","protected":false},"featured_media":68775,"comment_status":"open","ping_status":"closed","template":"","meta":{"_acf_changed":false},"product_brand":[],"product_cat":[1599,1516,1546,1519],"product_tag":[],"class_list":{"0":"post-68131","1":"product","2":"type-product","3":"status-publish","4":"has-post-thumbnail","6":"product_cat-suecia-es","7":"product_cat-estocolmo-es","8":"product_cat-helsinki-actividades-es","9":"product_cat-estocolmo-rutas-turisticas-privadas-es","11":"first","12":"instock","13":"shipping-taxable","14":"purchasable","15":"product-type-simple"},"acf":[],"yoast_head":"<!-- This site is optimized with the Yoast SEO Premium plugin v25.3.1 (Yoast SEO v25.3.1) - https:\/\/yoast.com\/wordpress\/plugins\/seo\/ -->\n<title>\u27a1\ufe0f Tour privado por Estocolmo con chofer y gu\u00eda oficial | Tour Travel &amp; More<\/title>\n<meta name=\"description\" content=\"Tour privado por Estocolmo. Disfrute de esta ciudad desde la comodidad de un veh\u00edculo privado y conozca sus monumentos m\u00e1s emblem\u00e1ticos \u2705\" \/>\n<meta name=\"robots\" content=\"index, follow, max-snippet:-1, max-image-preview:large, max-video-preview:-1\" \/>\n<link rel=\"canonical\" href=\"https:\/\/tourtravelandmore.com\/es\/tours\/suecia-es\/estocolmo-es\/tour-privado-por-estocolmo\/\" \/>\n<meta property=\"og:locale\" content=\"es_ES\" \/>\n<meta property=\"og:type\" content=\"article\" \/>\n<meta property=\"og:title\" content=\"Tour Privado por Estocolmo\" \/>\n<meta property=\"og:description\" content=\"Tour privado por Estocolmo. Disfrute de esta ciudad desde la comodidad de un veh\u00edculo privado y conozca sus monumentos m\u00e1s emblem\u00e1ticos \u2705\" \/>\n<meta property=\"og:url\" content=\"https:\/\/tourtravelandmore.com\/es\/tours\/suecia-es\/estocolmo-es\/tour-privado-por-estocolmo\/\" \/>\n<meta property=\"og:site_name\" content=\"Tour Travel And More\" \/>\n<meta property=\"article:publisher\" content=\"https:\/\/www.facebook.com\/tourtravelandmore\/\" \/>\n<meta property=\"article:modified_time\" content=\"2024-02-19T09:20:27+00:00\" \/>\n<meta property=\"og:image\" content=\"https:\/\/tourtravelandmore.com\/wp-content\/uploads\/2019\/10\/Riddarholmen_from_Stockholm_City_Hall_tower-1024x680.jpg\" \/>\n\t<meta property=\"og:image:width\" content=\"1024\" \/>\n\t<meta property=\"og:image:height\" content=\"680\" \/>\n\t<meta property=\"og:image:type\" content=\"image\/jpeg\" \/>\n<meta name=\"twitter:card\" content=\"summary_large_image\" \/>\n<meta name=\"twitter:site\" content=\"@TourTravel_More\" \/>\n<meta name=\"twitter:label1\" content=\"Tiempo de lectura\" \/>\n\t<meta name=\"twitter:data1\" content=\"2 minutos\" \/>\n<script type=\"application\/ld+json\" class=\"yoast-schema-graph\">{\"@context\":\"https:\/\/schema.org\",\"@graph\":[{\"@type\":\"WebPage\",\"@id\":\"https:\/\/tourtravelandmore.com\/es\/tours\/suecia-es\/estocolmo-es\/tour-privado-por-estocolmo\/\",\"url\":\"https:\/\/tourtravelandmore.com\/es\/tours\/suecia-es\/estocolmo-es\/tour-privado-por-estocolmo\/\",\"name\":\"\u27a1\ufe0f Tour privado por Estocolmo con chofer y gu\u00eda oficial | Tour Travel & More\",\"isPartOf\":{\"@id\":\"https:\/\/tourtravelandmore.com\/es\/#website\"},\"primaryImageOfPage\":{\"@id\":\"https:\/\/tourtravelandmore.com\/es\/tours\/suecia-es\/estocolmo-es\/tour-privado-por-estocolmo\/#primaryimage\"},\"image\":{\"@id\":\"https:\/\/tourtravelandmore.com\/es\/tours\/suecia-es\/estocolmo-es\/tour-privado-por-estocolmo\/#primaryimage\"},\"thumbnailUrl\":\"https:\/\/tourtravelandmore.com\/wp-content\/uploads\/2019\/10\/Riddarholmen_from_Stockholm_City_Hall_tower.jpg\",\"datePublished\":\"2019-10-10T11:16:03+00:00\",\"dateModified\":\"2024-02-19T09:20:27+00:00\",\"description\":\"Tour privado por Estocolmo. Disfrute de esta ciudad desde la comodidad de un veh\u00edculo privado y conozca sus monumentos m\u00e1s emblem\u00e1ticos \u2705\",\"breadcrumb\":{\"@id\":\"https:\/\/tourtravelandmore.com\/es\/tours\/suecia-es\/estocolmo-es\/tour-privado-por-estocolmo\/#breadcrumb\"},\"inLanguage\":\"es\",\"potentialAction\":[{\"@type\":\"ReadAction\",\"target\":[\"https:\/\/tourtravelandmore.com\/es\/tours\/suecia-es\/estocolmo-es\/tour-privado-por-estocolmo\/\"]}]},{\"@type\":\"ImageObject\",\"inLanguage\":\"es\",\"@id\":\"https:\/\/tourtravelandmore.com\/es\/tours\/suecia-es\/estocolmo-es\/tour-privado-por-estocolmo\/#primaryimage\",\"url\":\"https:\/\/tourtravelandmore.com\/wp-content\/uploads\/2019\/10\/Riddarholmen_from_Stockholm_City_Hall_tower.jpg\",\"contentUrl\":\"https:\/\/tourtravelandmore.com\/wp-content\/uploads\/2019\/10\/Riddarholmen_from_Stockholm_City_Hall_tower.jpg\",\"width\":4288,\"height\":2848},{\"@type\":\"BreadcrumbList\",\"@id\":\"https:\/\/tourtravelandmore.com\/es\/tours\/suecia-es\/estocolmo-es\/tour-privado-por-estocolmo\/#breadcrumb\",\"itemListElement\":[{\"@type\":\"ListItem\",\"position\":1,\"name\":\"Home\",\"item\":\"https:\/\/tourtravelandmore.com\/es\/\"},{\"@type\":\"ListItem\",\"position\":2,\"name\":\"Tours\",\"item\":\"https:\/\/tourtravelandmore.com\/es\/tours\/\"},{\"@type\":\"ListItem\",\"position\":3,\"name\":\"Tour Privado por Estocolmo\"}]},{\"@type\":\"WebSite\",\"@id\":\"https:\/\/tourtravelandmore.com\/es\/#website\",\"url\":\"https:\/\/tourtravelandmore.com\/es\/\",\"name\":\"Tour Travel And More\",\"description\":\"Private sightseeing tours and luxury transfers in Spain\",\"publisher\":{\"@id\":\"https:\/\/tourtravelandmore.com\/es\/#organization\"},\"potentialAction\":[{\"@type\":\"SearchAction\",\"target\":{\"@type\":\"EntryPoint\",\"urlTemplate\":\"https:\/\/tourtravelandmore.com\/es\/?s={search_term_string}\"},\"query-input\":{\"@type\":\"PropertyValueSpecification\",\"valueRequired\":true,\"valueName\":\"search_term_string\"}}],\"inLanguage\":\"es\"},{\"@type\":\"Organization\",\"@id\":\"https:\/\/tourtravelandmore.com\/es\/#organization\",\"name\":\"Tour Travel And More\",\"url\":\"https:\/\/tourtravelandmore.com\/es\/\",\"logo\":{\"@type\":\"ImageObject\",\"inLanguage\":\"es\",\"@id\":\"https:\/\/tourtravelandmore.com\/es\/#\/schema\/logo\/image\/\",\"url\":\"https:\/\/tourtravelandmore.com\/wp-content\/uploads\/2022\/12\/cropped-logo-cabecera-new.png\",\"contentUrl\":\"https:\/\/tourtravelandmore.com\/wp-content\/uploads\/2022\/12\/cropped-logo-cabecera-new.png\",\"width\":430,\"height\":61,\"caption\":\"Tour Travel And More\"},\"image\":{\"@id\":\"https:\/\/tourtravelandmore.com\/es\/#\/schema\/logo\/image\/\"},\"sameAs\":[\"https:\/\/www.facebook.com\/tourtravelandmore\/\",\"https:\/\/x.com\/TourTravel_More\"]}]}<\/script>\n<!-- \/ Yoast SEO Premium plugin. -->","yoast_head_json":{"title":"\u27a1\ufe0f Tour privado por Estocolmo con chofer y gu\u00eda oficial | Tour Travel & More","description":"Tour privado por Estocolmo. Disfrute de esta ciudad desde la comodidad de un veh\u00edculo privado y conozca sus monumentos m\u00e1s emblem\u00e1ticos \u2705","robots":{"index":"index","follow":"follow","max-snippet":"max-snippet:-1","max-image-preview":"max-image-preview:large","max-video-preview":"max-video-preview:-1"},"canonical":"https:\/\/tourtravelandmore.com\/es\/tours\/suecia-es\/estocolmo-es\/tour-privado-por-estocolmo\/","og_locale":"es_ES","og_type":"article","og_title":"Tour Privado por Estocolmo","og_description":"Tour privado por Estocolmo. Disfrute de esta ciudad desde la comodidad de un veh\u00edculo privado y conozca sus monumentos m\u00e1s emblem\u00e1ticos \u2705","og_url":"https:\/\/tourtravelandmore.com\/es\/tours\/suecia-es\/estocolmo-es\/tour-privado-por-estocolmo\/","og_site_name":"Tour Travel And More","article_publisher":"https:\/\/www.facebook.com\/tourtravelandmore\/","article_modified_time":"2024-02-19T09:20:27+00:00","og_image":[{"width":1024,"height":680,"url":"https:\/\/tourtravelandmore.com\/wp-content\/uploads\/2019\/10\/Riddarholmen_from_Stockholm_City_Hall_tower-1024x680.jpg","type":"image\/jpeg"}],"twitter_card":"summary_large_image","twitter_site":"@TourTravel_More","twitter_misc":{"Tiempo de lectura":"2 minutos"},"schema":{"@context":"https:\/\/schema.org","@graph":[{"@type":"WebPage","@id":"https:\/\/tourtravelandmore.com\/es\/tours\/suecia-es\/estocolmo-es\/tour-privado-por-estocolmo\/","url":"https:\/\/tourtravelandmore.com\/es\/tours\/suecia-es\/estocolmo-es\/tour-privado-por-estocolmo\/","name":"\u27a1\ufe0f Tour privado por Estocolmo con chofer y gu\u00eda oficial | Tour Travel & More","isPartOf":{"@id":"https:\/\/tourtravelandmore.com\/es\/#website"},"primaryImageOfPage":{"@id":"https:\/\/tourtravelandmore.com\/es\/tours\/suecia-es\/estocolmo-es\/tour-privado-por-estocolmo\/#primaryimage"},"image":{"@id":"https:\/\/tourtravelandmore.com\/es\/tours\/suecia-es\/estocolmo-es\/tour-privado-por-estocolmo\/#primaryimage"},"thumbnailUrl":"https:\/\/tourtravelandmore.com\/wp-content\/uploads\/2019\/10\/Riddarholmen_from_Stockholm_City_Hall_tower.jpg","datePublished":"2019-10-10T11:16:03+00:00","dateModified":"2024-02-19T09:20:27+00:00","description":"Tour privado por Estocolmo. Disfrute de esta ciudad desde la comodidad de un veh\u00edculo privado y conozca sus monumentos m\u00e1s emblem\u00e1ticos \u2705","breadcrumb":{"@id":"https:\/\/tourtravelandmore.com\/es\/tours\/suecia-es\/estocolmo-es\/tour-privado-por-estocolmo\/#breadcrumb"},"inLanguage":"es","potentialAction":[{"@type":"ReadAction","target":["https:\/\/tourtravelandmore.com\/es\/tours\/suecia-es\/estocolmo-es\/tour-privado-por-estocolmo\/"]}]},{"@type":"ImageObject","inLanguage":"es","@id":"https:\/\/tourtravelandmore.com\/es\/tours\/suecia-es\/estocolmo-es\/tour-privado-por-estocolmo\/#primaryimage","url":"https:\/\/tourtravelandmore.com\/wp-content\/uploads\/2019\/10\/Riddarholmen_from_Stockholm_City_Hall_tower.jpg","contentUrl":"https:\/\/tourtravelandmore.com\/wp-content\/uploads\/2019\/10\/Riddarholmen_from_Stockholm_City_Hall_tower.jpg","width":4288,"height":2848},{"@type":"BreadcrumbList","@id":"https:\/\/tourtravelandmore.com\/es\/tours\/suecia-es\/estocolmo-es\/tour-privado-por-estocolmo\/#breadcrumb","itemListElement":[{"@type":"ListItem","position":1,"name":"Home","item":"https:\/\/tourtravelandmore.com\/es\/"},{"@type":"ListItem","position":2,"name":"Tours","item":"https:\/\/tourtravelandmore.com\/es\/tours\/"},{"@type":"ListItem","position":3,"name":"Tour Privado por Estocolmo"}]},{"@type":"WebSite","@id":"https:\/\/tourtravelandmore.com\/es\/#website","url":"https:\/\/tourtravelandmore.com\/es\/","name":"Tour Travel And More","description":"Private sightseeing tours and luxury transfers in Spain","publisher":{"@id":"https:\/\/tourtravelandmore.com\/es\/#organization"},"potentialAction":[{"@type":"SearchAction","target":{"@type":"EntryPoint","urlTemplate":"https:\/\/tourtravelandmore.com\/es\/?s={search_term_string}"},"query-input":{"@type":"PropertyValueSpecification","valueRequired":true,"valueName":"search_term_string"}}],"inLanguage":"es"},{"@type":"Organization","@id":"https:\/\/tourtravelandmore.com\/es\/#organization","name":"Tour Travel And More","url":"https:\/\/tourtravelandmore.com\/es\/","logo":{"@type":"ImageObject","inLanguage":"es","@id":"https:\/\/tourtravelandmore.com\/es\/#\/schema\/logo\/image\/","url":"https:\/\/tourtravelandmore.com\/wp-content\/uploads\/2022\/12\/cropped-logo-cabecera-new.png","contentUrl":"https:\/\/tourtravelandmore.com\/wp-content\/uploads\/2022\/12\/cropped-logo-cabecera-new.png","width":430,"height":61,"caption":"Tour Travel And More"},"image":{"@id":"https:\/\/tourtravelandmore.com\/es\/#\/schema\/logo\/image\/"},"sameAs":["https:\/\/www.facebook.com\/tourtravelandmore\/","https:\/\/x.com\/TourTravel_More"]}]}},"_links":{"self":[{"href":"https:\/\/tourtravelandmore.com\/es\/wp-json\/wp\/v2\/product\/68131","targetHints":{"allow":["GET"]}}],"collection":[{"href":"https:\/\/tourtravelandmore.com\/es\/wp-json\/wp\/v2\/product"}],"about":[{"href":"https:\/\/tourtravelandmore.com\/es\/wp-json\/wp\/v2\/types\/product"}],"replies":[{"embeddable":true,"href":"https:\/\/tourtravelandmore.com\/es\/wp-json\/wp\/v2\/comments?post=68131"}],"wp:featuredmedia":[{"embeddable":true,"href":"https:\/\/tourtravelandmore.com\/es\/wp-json\/wp\/v2\/media\/68775"}],"wp:attachment":[{"href":"https:\/\/tourtravelandmore.com\/es\/wp-json\/wp\/v2\/media?parent=68131"}],"wp:term":[{"taxonomy":"product_brand","embeddable":true,"href":"https:\/\/tourtravelandmore.com\/es\/wp-json\/wp\/v2\/product_brand?post=68131"},{"taxonomy":"product_cat","embeddable":true,"href":"https:\/\/tourtravelandmore.com\/es\/wp-json\/wp\/v2\/product_cat?post=68131"},{"taxonomy":"product_tag","embeddable":true,"href":"https:\/\/tourtravelandmore.com\/es\/wp-json\/wp\/v2\/product_tag?post=68131"}],"curies":[{"name":"wp","href":"https:\/\/api.w.org\/{rel}","templated":true}]}}