{"id":68126,"date":"2019-10-10T13:16:00","date_gmt":"2019-10-10T11:16:01","guid":{"rendered":"https:\/\/tourtravelandmore.com\/?post_type=product&#038;p=68126"},"modified":"2024-02-19T10:21:21","modified_gmt":"2024-02-19T09:21:21","slug":"tour-privado-a-skansen","status":"publish","type":"product","link":"https:\/\/tourtravelandmore.com\/es\/tours\/suecia-es\/estocolmo-es\/tour-privado-a-skansen\/","title":{"rendered":"Tour Privado a Skansen"},"content":{"rendered":"<h2 id=\"tw-target-text\" class=\"tw-data-text tw-text-large XcVN5d tw-ta\" dir=\"ltr\" data-placeholder=\"Traducci\u00f3n\"><span lang=\"es\">Descripci\u00f3n del Tour Privado a Skansen<\/span><\/h2>\n<p>Ven con nosotros y disfruta de esta excursi\u00f3n privada con tu gu\u00eda tur\u00edstico oficial y conoce los lugares m\u00e1s emblem\u00e1ticos de Skansen. Un veh\u00edculo privado con ch\u00f3fer y gu\u00eda lo recoger\u00e1 de su hotel o lugar de elecci\u00f3n en Estocolmo. Su ch\u00f3fer privado lo llevar\u00e1 en este <strong>Tour Privado a Skansen<\/strong>.<\/p>\n<p>Desde Estocolmo, iremos a la isla de Djurg\u00e5rden, hogar de muchos museos y donde se encuentra Skansen. <strong>Skansen<\/strong> es el museo al aire libre m\u00e1s antiguo del mundo y muestra la totalidad de Suecia, con casas y granjas de todas partes del pa\u00eds. Este es el \u00fanico museo al aire libre del mundo con animales salvajes.<\/p>\n<p>Tenemos a tu disposici\u00f3n veh\u00edculos privados con ch\u00f3fer que podr\u00e1n recogerte desde donde necesites. Te ofrecemos una experiencia \u00fanica e inolvidable. Abajo es un recorrido de 6 horas. El n\u00famero exacto de horas se puede ajustar para adaptarse a sus necesidades personales. Estamos aqu\u00ed para hacer que su experiencia sea \u00fanica y memorable.<\/p>\n<h2>Puntos emblem\u00e1ticos y de inter\u00e9s en el Tour Privado a Skansen<\/h2>\n<p>Despu\u00e9s de una c\u00f3moda recogida, protagonizaremos este gran Tour privado a Skansen desde Estocolmo.<\/p>\n<p><span class=\"JLqJ4b\" data-language-for-alternatives=\"es\" data-language-to-translate-into=\"en\" data-phrase-index=\"1\"><span class=\"JLqJ4b ChMk0b\" data-language-for-alternatives=\"es\" data-language-to-translate-into=\"en\" data-phrase-index=\"2\">Entre otros monumentos y lugares de inter\u00e9s que puede conocer durante esta excursi\u00f3n privada:<\/span><\/span><\/p>\n<ul>\n<li><strong>Isla de Djurg\u00e5rden<\/strong><\/li>\n<li><a href=\"https:\/\/www.skansen.se\">Museo al Aire libre de Skansen<\/a><strong> y parque<\/strong><\/li>\n<li><strong>Gr\u00f6na Lund<\/strong><\/li>\n<li><strong>Junibacken<\/strong><\/li>\n<li style=\"font-weight: 400;\"><strong>Vsas Museo<\/strong><\/li>\n<li style=\"font-weight: 400;\"><strong> ABBA Museo<\/strong><\/li>\n<li><strong>Y muchos m\u00e1s lugares en este tour privado a Skansen.<\/strong><\/li>\n<\/ul>\n<p>Esta excursion es completamente personalizable y si tiene curiosidad por visitar m\u00e1s lugares, cont\u00e1ctenos y haremos de su recorrido una experiencia \u00fanica y lo ayudaremos a organizar su recorrido privado. Le ofrecemos veh\u00edculos privados a su disposici\u00f3n para su excursi\u00f3n.<\/p>\n<p>La entrada al museo se encuentra incluida en el precio del tour.<\/p>\n<p>Al finalizar, su ch\u00f3fer y gu\u00eda oficial lo llevar\u00e1n de regreso a su hotel en Estocolmo.<\/p>\n<p><a href=\"https:\/\/tourtravelandmore.com\/es\/ciudad\/suecia-es\/estocolmo-es\/\">Encuentre aqu\u00ed todos nuestros tours y experiencias privadas en y desde Estocolmo<\/a>.<\/p>\n","protected":false},"excerpt":{"rendered":"<p>Avent\u00farate en esta <strong>excursi\u00f3n privada\u00a0de 6 horas a Skansen desde Estocolmo<\/strong>. Aproveche esta oportunidad para conocer la ciudad de <strong>Skansen<\/strong> en esta experiencia con su propio gu\u00eda oficial privado. Personaliza tu propia experiencia en este tour y disfrute visitando este museo incre\u00edble al aire libre.<\/p>\n","protected":false},"featured_media":68335,"comment_status":"open","ping_status":"closed","template":"","meta":{"_acf_changed":false},"product_brand":[],"product_cat":[1599,1516,1546,1521],"product_tag":[],"class_list":{"0":"post-68126","1":"product","2":"type-product","3":"status-publish","4":"has-post-thumbnail","6":"product_cat-suecia-es","7":"product_cat-estocolmo-es","8":"product_cat-helsinki-actividades-es","9":"product_cat-estocolmo-excursiones-es","11":"first","12":"instock","13":"shipping-taxable","14":"purchasable","15":"product-type-simple"},"acf":[],"yoast_head":"<!-- This site is optimized with the Yoast SEO Premium plugin v25.3.1 (Yoast SEO v25.3.1) - https:\/\/yoast.com\/wordpress\/plugins\/seo\/ -->\n<title>\u27a1\ufe0f Tour Privado a Skansen desde Estocolmo con chofer y gu\u00eda privado | Tour Travel &amp; More<\/title>\n<meta name=\"description\" content=\"Excursi\u00f3n privada de la ciudad de Skansen desde Estocolmo. Disfrute del museo al aire libre de Skansen y conozca sus paisajes emblem\u00e1ticos \u2705\" \/>\n<meta name=\"robots\" content=\"index, follow, max-snippet:-1, max-image-preview:large, max-video-preview:-1\" \/>\n<link rel=\"canonical\" href=\"https:\/\/tourtravelandmore.com\/es\/tours\/suecia-es\/estocolmo-es\/tour-privado-a-skansen\/\" \/>\n<meta property=\"og:locale\" content=\"es_ES\" \/>\n<meta property=\"og:type\" content=\"article\" \/>\n<meta property=\"og:title\" content=\"Tour Privado a Skansen\" \/>\n<meta property=\"og:description\" content=\"Excursi\u00f3n privada de la ciudad de Skansen desde Estocolmo. Disfrute del museo al aire libre de Skansen y conozca sus paisajes emblem\u00e1ticos \u2705\" \/>\n<meta property=\"og:url\" content=\"https:\/\/tourtravelandmore.com\/es\/tours\/suecia-es\/estocolmo-es\/tour-privado-a-skansen\/\" \/>\n<meta property=\"og:site_name\" content=\"Tour Travel And More\" \/>\n<meta property=\"article:publisher\" content=\"https:\/\/www.facebook.com\/tourtravelandmore\/\" \/>\n<meta property=\"article:modified_time\" content=\"2024-02-19T09:21:21+00:00\" \/>\n<meta property=\"og:image\" content=\"https:\/\/tourtravelandmore.com\/wp-content\/uploads\/2019\/10\/skansen-museum.jpg\" \/>\n\t<meta property=\"og:image:width\" content=\"960\" \/>\n\t<meta property=\"og:image:height\" content=\"574\" \/>\n\t<meta property=\"og:image:type\" content=\"image\/jpeg\" \/>\n<meta name=\"twitter:card\" content=\"summary_large_image\" \/>\n<meta name=\"twitter:site\" content=\"@TourTravel_More\" \/>\n<meta name=\"twitter:label1\" content=\"Tiempo de lectura\" \/>\n\t<meta name=\"twitter:data1\" content=\"2 minutos\" \/>\n<script type=\"application\/ld+json\" class=\"yoast-schema-graph\">{\"@context\":\"https:\/\/schema.org\",\"@graph\":[{\"@type\":\"WebPage\",\"@id\":\"https:\/\/tourtravelandmore.com\/es\/tours\/suecia-es\/estocolmo-es\/tour-privado-a-skansen\/\",\"url\":\"https:\/\/tourtravelandmore.com\/es\/tours\/suecia-es\/estocolmo-es\/tour-privado-a-skansen\/\",\"name\":\"\u27a1\ufe0f Tour Privado a Skansen desde Estocolmo con chofer y gu\u00eda privado | Tour Travel & More\",\"isPartOf\":{\"@id\":\"https:\/\/tourtravelandmore.com\/es\/#website\"},\"primaryImageOfPage\":{\"@id\":\"https:\/\/tourtravelandmore.com\/es\/tours\/suecia-es\/estocolmo-es\/tour-privado-a-skansen\/#primaryimage\"},\"image\":{\"@id\":\"https:\/\/tourtravelandmore.com\/es\/tours\/suecia-es\/estocolmo-es\/tour-privado-a-skansen\/#primaryimage\"},\"thumbnailUrl\":\"https:\/\/tourtravelandmore.com\/wp-content\/uploads\/2019\/10\/skansen-museum.jpg\",\"datePublished\":\"2019-10-10T11:16:01+00:00\",\"dateModified\":\"2024-02-19T09:21:21+00:00\",\"description\":\"Excursi\u00f3n privada de la ciudad de Skansen desde Estocolmo. Disfrute del museo al aire libre de Skansen y conozca sus paisajes emblem\u00e1ticos \u2705\",\"breadcrumb\":{\"@id\":\"https:\/\/tourtravelandmore.com\/es\/tours\/suecia-es\/estocolmo-es\/tour-privado-a-skansen\/#breadcrumb\"},\"inLanguage\":\"es\",\"potentialAction\":[{\"@type\":\"ReadAction\",\"target\":[\"https:\/\/tourtravelandmore.com\/es\/tours\/suecia-es\/estocolmo-es\/tour-privado-a-skansen\/\"]}]},{\"@type\":\"ImageObject\",\"inLanguage\":\"es\",\"@id\":\"https:\/\/tourtravelandmore.com\/es\/tours\/suecia-es\/estocolmo-es\/tour-privado-a-skansen\/#primaryimage\",\"url\":\"https:\/\/tourtravelandmore.com\/wp-content\/uploads\/2019\/10\/skansen-museum.jpg\",\"contentUrl\":\"https:\/\/tourtravelandmore.com\/wp-content\/uploads\/2019\/10\/skansen-museum.jpg\",\"width\":960,\"height\":574},{\"@type\":\"BreadcrumbList\",\"@id\":\"https:\/\/tourtravelandmore.com\/es\/tours\/suecia-es\/estocolmo-es\/tour-privado-a-skansen\/#breadcrumb\",\"itemListElement\":[{\"@type\":\"ListItem\",\"position\":1,\"name\":\"Home\",\"item\":\"https:\/\/tourtravelandmore.com\/es\/\"},{\"@type\":\"ListItem\",\"position\":2,\"name\":\"Tours\",\"item\":\"https:\/\/tourtravelandmore.com\/es\/tours\/\"},{\"@type\":\"ListItem\",\"position\":3,\"name\":\"Tour Privado a Skansen\"}]},{\"@type\":\"WebSite\",\"@id\":\"https:\/\/tourtravelandmore.com\/es\/#website\",\"url\":\"https:\/\/tourtravelandmore.com\/es\/\",\"name\":\"Tour Travel And More\",\"description\":\"Private sightseeing tours and luxury transfers in Spain\",\"publisher\":{\"@id\":\"https:\/\/tourtravelandmore.com\/es\/#organization\"},\"potentialAction\":[{\"@type\":\"SearchAction\",\"target\":{\"@type\":\"EntryPoint\",\"urlTemplate\":\"https:\/\/tourtravelandmore.com\/es\/?s={search_term_string}\"},\"query-input\":{\"@type\":\"PropertyValueSpecification\",\"valueRequired\":true,\"valueName\":\"search_term_string\"}}],\"inLanguage\":\"es\"},{\"@type\":\"Organization\",\"@id\":\"https:\/\/tourtravelandmore.com\/es\/#organization\",\"name\":\"Tour Travel And More\",\"url\":\"https:\/\/tourtravelandmore.com\/es\/\",\"logo\":{\"@type\":\"ImageObject\",\"inLanguage\":\"es\",\"@id\":\"https:\/\/tourtravelandmore.com\/es\/#\/schema\/logo\/image\/\",\"url\":\"https:\/\/tourtravelandmore.com\/wp-content\/uploads\/2022\/12\/cropped-logo-cabecera-new.png\",\"contentUrl\":\"https:\/\/tourtravelandmore.com\/wp-content\/uploads\/2022\/12\/cropped-logo-cabecera-new.png\",\"width\":430,\"height\":61,\"caption\":\"Tour Travel And More\"},\"image\":{\"@id\":\"https:\/\/tourtravelandmore.com\/es\/#\/schema\/logo\/image\/\"},\"sameAs\":[\"https:\/\/www.facebook.com\/tourtravelandmore\/\",\"https:\/\/x.com\/TourTravel_More\"]}]}<\/script>\n<!-- \/ Yoast SEO Premium plugin. -->","yoast_head_json":{"title":"\u27a1\ufe0f Tour Privado a Skansen desde Estocolmo con chofer y gu\u00eda privado | Tour Travel & More","description":"Excursi\u00f3n privada de la ciudad de Skansen desde Estocolmo. Disfrute del museo al aire libre de Skansen y conozca sus paisajes emblem\u00e1ticos \u2705","robots":{"index":"index","follow":"follow","max-snippet":"max-snippet:-1","max-image-preview":"max-image-preview:large","max-video-preview":"max-video-preview:-1"},"canonical":"https:\/\/tourtravelandmore.com\/es\/tours\/suecia-es\/estocolmo-es\/tour-privado-a-skansen\/","og_locale":"es_ES","og_type":"article","og_title":"Tour Privado a Skansen","og_description":"Excursi\u00f3n privada de la ciudad de Skansen desde Estocolmo. Disfrute del museo al aire libre de Skansen y conozca sus paisajes emblem\u00e1ticos \u2705","og_url":"https:\/\/tourtravelandmore.com\/es\/tours\/suecia-es\/estocolmo-es\/tour-privado-a-skansen\/","og_site_name":"Tour Travel And More","article_publisher":"https:\/\/www.facebook.com\/tourtravelandmore\/","article_modified_time":"2024-02-19T09:21:21+00:00","og_image":[{"width":960,"height":574,"url":"https:\/\/tourtravelandmore.com\/wp-content\/uploads\/2019\/10\/skansen-museum.jpg","type":"image\/jpeg"}],"twitter_card":"summary_large_image","twitter_site":"@TourTravel_More","twitter_misc":{"Tiempo de lectura":"2 minutos"},"schema":{"@context":"https:\/\/schema.org","@graph":[{"@type":"WebPage","@id":"https:\/\/tourtravelandmore.com\/es\/tours\/suecia-es\/estocolmo-es\/tour-privado-a-skansen\/","url":"https:\/\/tourtravelandmore.com\/es\/tours\/suecia-es\/estocolmo-es\/tour-privado-a-skansen\/","name":"\u27a1\ufe0f Tour Privado a Skansen desde Estocolmo con chofer y gu\u00eda privado | Tour Travel & More","isPartOf":{"@id":"https:\/\/tourtravelandmore.com\/es\/#website"},"primaryImageOfPage":{"@id":"https:\/\/tourtravelandmore.com\/es\/tours\/suecia-es\/estocolmo-es\/tour-privado-a-skansen\/#primaryimage"},"image":{"@id":"https:\/\/tourtravelandmore.com\/es\/tours\/suecia-es\/estocolmo-es\/tour-privado-a-skansen\/#primaryimage"},"thumbnailUrl":"https:\/\/tourtravelandmore.com\/wp-content\/uploads\/2019\/10\/skansen-museum.jpg","datePublished":"2019-10-10T11:16:01+00:00","dateModified":"2024-02-19T09:21:21+00:00","description":"Excursi\u00f3n privada de la ciudad de Skansen desde Estocolmo. Disfrute del museo al aire libre de Skansen y conozca sus paisajes emblem\u00e1ticos \u2705","breadcrumb":{"@id":"https:\/\/tourtravelandmore.com\/es\/tours\/suecia-es\/estocolmo-es\/tour-privado-a-skansen\/#breadcrumb"},"inLanguage":"es","potentialAction":[{"@type":"ReadAction","target":["https:\/\/tourtravelandmore.com\/es\/tours\/suecia-es\/estocolmo-es\/tour-privado-a-skansen\/"]}]},{"@type":"ImageObject","inLanguage":"es","@id":"https:\/\/tourtravelandmore.com\/es\/tours\/suecia-es\/estocolmo-es\/tour-privado-a-skansen\/#primaryimage","url":"https:\/\/tourtravelandmore.com\/wp-content\/uploads\/2019\/10\/skansen-museum.jpg","contentUrl":"https:\/\/tourtravelandmore.com\/wp-content\/uploads\/2019\/10\/skansen-museum.jpg","width":960,"height":574},{"@type":"BreadcrumbList","@id":"https:\/\/tourtravelandmore.com\/es\/tours\/suecia-es\/estocolmo-es\/tour-privado-a-skansen\/#breadcrumb","itemListElement":[{"@type":"ListItem","position":1,"name":"Home","item":"https:\/\/tourtravelandmore.com\/es\/"},{"@type":"ListItem","position":2,"name":"Tours","item":"https:\/\/tourtravelandmore.com\/es\/tours\/"},{"@type":"ListItem","position":3,"name":"Tour Privado a Skansen"}]},{"@type":"WebSite","@id":"https:\/\/tourtravelandmore.com\/es\/#website","url":"https:\/\/tourtravelandmore.com\/es\/","name":"Tour Travel And More","description":"Private sightseeing tours and luxury transfers in Spain","publisher":{"@id":"https:\/\/tourtravelandmore.com\/es\/#organization"},"potentialAction":[{"@type":"SearchAction","target":{"@type":"EntryPoint","urlTemplate":"https:\/\/tourtravelandmore.com\/es\/?s={search_term_string}"},"query-input":{"@type":"PropertyValueSpecification","valueRequired":true,"valueName":"search_term_string"}}],"inLanguage":"es"},{"@type":"Organization","@id":"https:\/\/tourtravelandmore.com\/es\/#organization","name":"Tour Travel And More","url":"https:\/\/tourtravelandmore.com\/es\/","logo":{"@type":"ImageObject","inLanguage":"es","@id":"https:\/\/tourtravelandmore.com\/es\/#\/schema\/logo\/image\/","url":"https:\/\/tourtravelandmore.com\/wp-content\/uploads\/2022\/12\/cropped-logo-cabecera-new.png","contentUrl":"https:\/\/tourtravelandmore.com\/wp-content\/uploads\/2022\/12\/cropped-logo-cabecera-new.png","width":430,"height":61,"caption":"Tour Travel And More"},"image":{"@id":"https:\/\/tourtravelandmore.com\/es\/#\/schema\/logo\/image\/"},"sameAs":["https:\/\/www.facebook.com\/tourtravelandmore\/","https:\/\/x.com\/TourTravel_More"]}]}},"_links":{"self":[{"href":"https:\/\/tourtravelandmore.com\/es\/wp-json\/wp\/v2\/product\/68126","targetHints":{"allow":["GET"]}}],"collection":[{"href":"https:\/\/tourtravelandmore.com\/es\/wp-json\/wp\/v2\/product"}],"about":[{"href":"https:\/\/tourtravelandmore.com\/es\/wp-json\/wp\/v2\/types\/product"}],"replies":[{"embeddable":true,"href":"https:\/\/tourtravelandmore.com\/es\/wp-json\/wp\/v2\/comments?post=68126"}],"wp:featuredmedia":[{"embeddable":true,"href":"https:\/\/tourtravelandmore.com\/es\/wp-json\/wp\/v2\/media\/68335"}],"wp:attachment":[{"href":"https:\/\/tourtravelandmore.com\/es\/wp-json\/wp\/v2\/media?parent=68126"}],"wp:term":[{"taxonomy":"product_brand","embeddable":true,"href":"https:\/\/tourtravelandmore.com\/es\/wp-json\/wp\/v2\/product_brand?post=68126"},{"taxonomy":"product_cat","embeddable":true,"href":"https:\/\/tourtravelandmore.com\/es\/wp-json\/wp\/v2\/product_cat?post=68126"},{"taxonomy":"product_tag","embeddable":true,"href":"https:\/\/tourtravelandmore.com\/es\/wp-json\/wp\/v2\/product_tag?post=68126"}],"curies":[{"name":"wp","href":"https:\/\/api.w.org\/{rel}","templated":true}]}}