{"id":68079,"date":"2019-10-10T13:15:31","date_gmt":"2019-10-10T11:15:31","guid":{"rendered":"https:\/\/tourtravelandmore.com\/?post_type=product&#038;p=68079"},"modified":"2023-08-25T13:03:59","modified_gmt":"2023-08-25T11:03:59","slug":"tour-de-dia-completo-a-rovaniemi-con-guia-privado","status":"publish","type":"product","link":"https:\/\/tourtravelandmore.com\/es\/tours\/finlandia-es\/rovaniemi-es\/tour-de-dia-completo-a-rovaniemi-con-guia-privado\/","title":{"rendered":"Tour privado por los monumentos m\u00e1s importantes de Rovaniemi con gu\u00eda privado"},"content":{"rendered":"<h2>Descripci\u00f3n del Tour privado por los monumentos m\u00e1s importantes de Rovaniemi<\/h2>\n<p>Venga con nosotros y disfrute de este <strong>tour privado de Rovaniemi<\/strong> con tu gu\u00eda oficial y conozca los lugares m\u00e1s emblem\u00e1ticos de <strong>Rovaniemi, <\/strong>disfrutando de este recorrido de 8 horas por <strong>Rovaniemi<\/strong>. Un veh\u00edculo privado con chofer lo recoger\u00e1 de su hotel o lugar de elecci\u00f3n en Rovaniemi. Su chofer privado lo llevar\u00e1 en este recorrido privado para conocer lo mejor de <strong>Rovaniemi<\/strong>.<\/p>\n<p>Este tour es completamente personalizable para su familia o grupo. Puede personalizar cada recorrido con solo contactarnos. Aqu\u00ed hay un ejemplo de algunos de los lugares m\u00e1s importantes que cubrir\u00e1 su tour para darle una idea. Sin embargo, su recorrido es completamente personalizable para adaptarse a sus necesidades personales.<\/p>\n<p>Tenemos a tu disposici\u00f3n veh\u00edculos privados con conductor que pueden recogerte desde donde necesites para ofrecerte una experiencia \u00fanica e inolvidable. Siempre podemos ofrecer tours m\u00e1s largos si lo desea. El n\u00famero exacto de horas se puede ajustar para satisfacer nuestras necesidades personales. Estamos aqu\u00ed para hacer que su experiencia sea \u00fanica y memorable.<\/p>\n<h2>Sitios y monumentos m\u00e1s importantes en este tour privado<\/h2>\n<p>Durante su tour privado de d\u00eda completo descubrir\u00e1 algunos de los lugares m\u00e1s reconocidos de la ciudad. Ser\u00e1s testigo de su belleza arquitect\u00f3nica \u00fanica. Entre los sitios que puede visitar a trav\u00e9s de este tour privado, ofrecemos:<\/p>\n<ul>\n<li style=\"font-weight: 400;\"><strong>Museo Arktikum\u00a0<\/strong><\/li>\n<li><strong>Arctic Snowmobile museum<\/strong><\/li>\n<li><strong>Villa Santa Claus\u00a0<\/strong><\/li>\n<li><strong>Granja de Husky y venados<\/strong><\/li>\n<li><strong>Igluu Village<\/strong><\/li>\n<li>Y muchos m\u00e1s lugares en este tour privado por Rovaniemi.<\/li>\n<\/ul>\n<p>Esta excursion es completamente personalizable y si tiene curiosidad por visitar m\u00e1s lugares, cont\u00e1ctenos y haremos de su recorrido una experiencia \u00fanica y lo ayudaremos a organizar su recorrido privado. Le ofrecemos veh\u00edculos privados a su disposici\u00f3n para el recorrido.<\/p>\n<h4>La ciudad: Rovaniemi<\/h4>\n<p>Rovaniemi es la capital administrativa y el centro comercial de la provincia m\u00e1s septentrional de Finlandia, Laponia. Est\u00e1 situado a unos 6 kil\u00f3metros al sur del C\u00edrculo Polar \u00c1rtico. Rovaniemi es un municipio de habla finlandesa uniling\u00fce y poco com\u00fan para ciudades finlandesas m\u00e1s grandes, tambi\u00e9n es conocido por su nombre finland\u00e9s y su ortograf\u00eda en el idioma sueco. El turismo de Rovaniemi es una industria importante en Rovaniemi. Un fen\u00f3meno que atrae a numerosos turistas es la aurora boreal o la aurora boreal. En la Laponia finlandesa, el n\u00famero de exhibiciones aurorales puede llegar a 200 por a\u00f1o, mientras que en el sur de Finlandia el n\u00famero suele ser inferior a 20. Rovaniemi tiene una poblaci\u00f3n aproximada de 63,000 personas.<\/p>\n<h4>Nuestros Tours Privados en Tour Travel &amp; More<\/h4>\n<p>Ofrecemos a nuestros clientes tours privados para familias, amigos e incluso para incentivos o grupos grandes. Entendemos las necesidades de los viajeros mientras est\u00e1n de vacaciones, y hacemos todo lo posible para que su estancia sea inolvidable. Nuestra flota se compone de veh\u00edculos de lujo y nuestro personal es perfectamente multiling\u00fce. Nuestros gu\u00edas son gu\u00edas oficiales y locales y son grandes conocedores de la ciudad. Nuestros gu\u00edas hablan varios idiomas: <strong>Ingl\u00e9s, Espa\u00f1ol, Franc\u00e9s, Italiano, Polaco, Holand\u00e9s, Chino, Ruso, Japon\u00e9s, Alem\u00e1n, Griego y Portugu\u00e9s.<\/strong><\/p>\n","protected":false},"excerpt":{"rendered":"<p>Disfrute de esta <strong>excursi\u00f3n privada personalizada<\/strong> <strong>de 8 horas por<\/strong>\u00a0<strong>Rovaniemi <\/strong>junto a un gu\u00eda oficial privado en un veh\u00edculo de lujo\u00a0con chofer. Conozca los lugares m\u00e1s impresionantes de esta ciudad n\u00f3rdica y a la vez aprenda sobre su cultura, historia y arquitectura. Recogida y devoluci\u00f3n desde cualquier sitio en <strong>Rovaniemi<\/strong>.<\/p>\n","protected":false},"featured_media":68704,"comment_status":"open","ping_status":"closed","template":"","meta":{"_acf_changed":false},"product_brand":[],"product_cat":[1589,1554,1591,1558],"product_tag":[],"class_list":{"0":"post-68079","1":"product","2":"type-product","3":"status-publish","4":"has-post-thumbnail","6":"product_cat-finlandia-es","7":"product_cat-rovaniemi-es","8":"product_cat-rovaniemi-actividades-es-es","9":"product_cat-rovaniemi-rutas-turisticas-privadas-es","11":"first","12":"instock","13":"shipping-taxable","14":"purchasable","15":"product-type-simple"},"acf":[],"yoast_head":"<!-- This site is optimized with the Yoast SEO Premium plugin v25.3.1 (Yoast SEO v25.3.1) - https:\/\/yoast.com\/wordpress\/plugins\/seo\/ -->\n<title>\u27a1\ufe0f Tour privado monumentos importantes de Rovaniemi | Tour Travel &amp; More<\/title>\n<meta name=\"description\" content=\"Excursi\u00f3n privada de la ciudad de Rovaniemi. Disfrute de Rovaniemi y conozca sus monumentos y paisajes \u00e1rticos m\u00e1s emblem\u00e1ticos \u2705\" \/>\n<meta name=\"robots\" content=\"index, follow, max-snippet:-1, max-image-preview:large, max-video-preview:-1\" \/>\n<link rel=\"canonical\" href=\"https:\/\/tourtravelandmore.com\/es\/tours\/finlandia-es\/rovaniemi-es\/tour-de-dia-completo-a-rovaniemi-con-guia-privado\/\" \/>\n<meta property=\"og:locale\" content=\"es_ES\" \/>\n<meta property=\"og:type\" content=\"article\" \/>\n<meta property=\"og:title\" content=\"Tour privado por los monumentos m\u00e1s importantes de Rovaniemi con gu\u00eda privado\" \/>\n<meta property=\"og:description\" content=\"Excursi\u00f3n privada de la ciudad de Rovaniemi. Disfrute de Rovaniemi y conozca sus monumentos y paisajes \u00e1rticos m\u00e1s emblem\u00e1ticos \u2705\" \/>\n<meta property=\"og:url\" content=\"https:\/\/tourtravelandmore.com\/es\/tours\/finlandia-es\/rovaniemi-es\/tour-de-dia-completo-a-rovaniemi-con-guia-privado\/\" \/>\n<meta property=\"og:site_name\" content=\"Tour Travel And More\" \/>\n<meta property=\"article:publisher\" content=\"https:\/\/www.facebook.com\/tourtravelandmore\/\" \/>\n<meta property=\"article:modified_time\" content=\"2023-08-25T11:03:59+00:00\" \/>\n<meta property=\"og:image\" content=\"https:\/\/tourtravelandmore.com\/wp-content\/uploads\/2019\/10\/Arktikum_and_Northern_Lights-1024x683.jpg\" \/>\n\t<meta property=\"og:image:width\" content=\"1024\" \/>\n\t<meta property=\"og:image:height\" content=\"683\" \/>\n\t<meta property=\"og:image:type\" content=\"image\/jpeg\" \/>\n<meta name=\"twitter:card\" content=\"summary_large_image\" \/>\n<meta name=\"twitter:site\" content=\"@TourTravel_More\" \/>\n<meta name=\"twitter:label1\" content=\"Tiempo de lectura\" \/>\n\t<meta name=\"twitter:data1\" content=\"3 minutos\" \/>\n<script type=\"application\/ld+json\" class=\"yoast-schema-graph\">{\"@context\":\"https:\/\/schema.org\",\"@graph\":[{\"@type\":\"WebPage\",\"@id\":\"https:\/\/tourtravelandmore.com\/es\/tours\/finlandia-es\/rovaniemi-es\/tour-de-dia-completo-a-rovaniemi-con-guia-privado\/\",\"url\":\"https:\/\/tourtravelandmore.com\/es\/tours\/finlandia-es\/rovaniemi-es\/tour-de-dia-completo-a-rovaniemi-con-guia-privado\/\",\"name\":\"\u27a1\ufe0f Tour privado monumentos importantes de Rovaniemi | Tour Travel & More\",\"isPartOf\":{\"@id\":\"https:\/\/tourtravelandmore.com\/es\/#website\"},\"primaryImageOfPage\":{\"@id\":\"https:\/\/tourtravelandmore.com\/es\/tours\/finlandia-es\/rovaniemi-es\/tour-de-dia-completo-a-rovaniemi-con-guia-privado\/#primaryimage\"},\"image\":{\"@id\":\"https:\/\/tourtravelandmore.com\/es\/tours\/finlandia-es\/rovaniemi-es\/tour-de-dia-completo-a-rovaniemi-con-guia-privado\/#primaryimage\"},\"thumbnailUrl\":\"https:\/\/tourtravelandmore.com\/wp-content\/uploads\/2019\/10\/Arktikum_and_Northern_Lights.jpg\",\"datePublished\":\"2019-10-10T11:15:31+00:00\",\"dateModified\":\"2023-08-25T11:03:59+00:00\",\"description\":\"Excursi\u00f3n privada de la ciudad de Rovaniemi. Disfrute de Rovaniemi y conozca sus monumentos y paisajes \u00e1rticos m\u00e1s emblem\u00e1ticos \u2705\",\"breadcrumb\":{\"@id\":\"https:\/\/tourtravelandmore.com\/es\/tours\/finlandia-es\/rovaniemi-es\/tour-de-dia-completo-a-rovaniemi-con-guia-privado\/#breadcrumb\"},\"inLanguage\":\"es\",\"potentialAction\":[{\"@type\":\"ReadAction\",\"target\":[\"https:\/\/tourtravelandmore.com\/es\/tours\/finlandia-es\/rovaniemi-es\/tour-de-dia-completo-a-rovaniemi-con-guia-privado\/\"]}]},{\"@type\":\"ImageObject\",\"inLanguage\":\"es\",\"@id\":\"https:\/\/tourtravelandmore.com\/es\/tours\/finlandia-es\/rovaniemi-es\/tour-de-dia-completo-a-rovaniemi-con-guia-privado\/#primaryimage\",\"url\":\"https:\/\/tourtravelandmore.com\/wp-content\/uploads\/2019\/10\/Arktikum_and_Northern_Lights.jpg\",\"contentUrl\":\"https:\/\/tourtravelandmore.com\/wp-content\/uploads\/2019\/10\/Arktikum_and_Northern_Lights.jpg\",\"width\":4368,\"height\":2912},{\"@type\":\"BreadcrumbList\",\"@id\":\"https:\/\/tourtravelandmore.com\/es\/tours\/finlandia-es\/rovaniemi-es\/tour-de-dia-completo-a-rovaniemi-con-guia-privado\/#breadcrumb\",\"itemListElement\":[{\"@type\":\"ListItem\",\"position\":1,\"name\":\"Home\",\"item\":\"https:\/\/tourtravelandmore.com\/es\/\"},{\"@type\":\"ListItem\",\"position\":2,\"name\":\"Tours\",\"item\":\"https:\/\/tourtravelandmore.com\/es\/tours\/\"},{\"@type\":\"ListItem\",\"position\":3,\"name\":\"Tour privado por los monumentos m\u00e1s importantes de Rovaniemi con gu\u00eda privado\"}]},{\"@type\":\"WebSite\",\"@id\":\"https:\/\/tourtravelandmore.com\/es\/#website\",\"url\":\"https:\/\/tourtravelandmore.com\/es\/\",\"name\":\"Tour Travel And More\",\"description\":\"Private sightseeing tours and luxury transfers in Spain\",\"publisher\":{\"@id\":\"https:\/\/tourtravelandmore.com\/es\/#organization\"},\"potentialAction\":[{\"@type\":\"SearchAction\",\"target\":{\"@type\":\"EntryPoint\",\"urlTemplate\":\"https:\/\/tourtravelandmore.com\/es\/?s={search_term_string}\"},\"query-input\":{\"@type\":\"PropertyValueSpecification\",\"valueRequired\":true,\"valueName\":\"search_term_string\"}}],\"inLanguage\":\"es\"},{\"@type\":\"Organization\",\"@id\":\"https:\/\/tourtravelandmore.com\/es\/#organization\",\"name\":\"Tour Travel And More\",\"url\":\"https:\/\/tourtravelandmore.com\/es\/\",\"logo\":{\"@type\":\"ImageObject\",\"inLanguage\":\"es\",\"@id\":\"https:\/\/tourtravelandmore.com\/es\/#\/schema\/logo\/image\/\",\"url\":\"https:\/\/tourtravelandmore.com\/wp-content\/uploads\/2022\/12\/cropped-logo-cabecera-new.png\",\"contentUrl\":\"https:\/\/tourtravelandmore.com\/wp-content\/uploads\/2022\/12\/cropped-logo-cabecera-new.png\",\"width\":430,\"height\":61,\"caption\":\"Tour Travel And More\"},\"image\":{\"@id\":\"https:\/\/tourtravelandmore.com\/es\/#\/schema\/logo\/image\/\"},\"sameAs\":[\"https:\/\/www.facebook.com\/tourtravelandmore\/\",\"https:\/\/x.com\/TourTravel_More\"]}]}<\/script>\n<!-- \/ Yoast SEO Premium plugin. -->","yoast_head_json":{"title":"\u27a1\ufe0f Tour privado monumentos importantes de Rovaniemi | Tour Travel & More","description":"Excursi\u00f3n privada de la ciudad de Rovaniemi. Disfrute de Rovaniemi y conozca sus monumentos y paisajes \u00e1rticos m\u00e1s emblem\u00e1ticos \u2705","robots":{"index":"index","follow":"follow","max-snippet":"max-snippet:-1","max-image-preview":"max-image-preview:large","max-video-preview":"max-video-preview:-1"},"canonical":"https:\/\/tourtravelandmore.com\/es\/tours\/finlandia-es\/rovaniemi-es\/tour-de-dia-completo-a-rovaniemi-con-guia-privado\/","og_locale":"es_ES","og_type":"article","og_title":"Tour privado por los monumentos m\u00e1s importantes de Rovaniemi con gu\u00eda privado","og_description":"Excursi\u00f3n privada de la ciudad de Rovaniemi. Disfrute de Rovaniemi y conozca sus monumentos y paisajes \u00e1rticos m\u00e1s emblem\u00e1ticos \u2705","og_url":"https:\/\/tourtravelandmore.com\/es\/tours\/finlandia-es\/rovaniemi-es\/tour-de-dia-completo-a-rovaniemi-con-guia-privado\/","og_site_name":"Tour Travel And More","article_publisher":"https:\/\/www.facebook.com\/tourtravelandmore\/","article_modified_time":"2023-08-25T11:03:59+00:00","og_image":[{"width":1024,"height":683,"url":"https:\/\/tourtravelandmore.com\/wp-content\/uploads\/2019\/10\/Arktikum_and_Northern_Lights-1024x683.jpg","type":"image\/jpeg"}],"twitter_card":"summary_large_image","twitter_site":"@TourTravel_More","twitter_misc":{"Tiempo de lectura":"3 minutos"},"schema":{"@context":"https:\/\/schema.org","@graph":[{"@type":"WebPage","@id":"https:\/\/tourtravelandmore.com\/es\/tours\/finlandia-es\/rovaniemi-es\/tour-de-dia-completo-a-rovaniemi-con-guia-privado\/","url":"https:\/\/tourtravelandmore.com\/es\/tours\/finlandia-es\/rovaniemi-es\/tour-de-dia-completo-a-rovaniemi-con-guia-privado\/","name":"\u27a1\ufe0f Tour privado monumentos importantes de Rovaniemi | Tour Travel & More","isPartOf":{"@id":"https:\/\/tourtravelandmore.com\/es\/#website"},"primaryImageOfPage":{"@id":"https:\/\/tourtravelandmore.com\/es\/tours\/finlandia-es\/rovaniemi-es\/tour-de-dia-completo-a-rovaniemi-con-guia-privado\/#primaryimage"},"image":{"@id":"https:\/\/tourtravelandmore.com\/es\/tours\/finlandia-es\/rovaniemi-es\/tour-de-dia-completo-a-rovaniemi-con-guia-privado\/#primaryimage"},"thumbnailUrl":"https:\/\/tourtravelandmore.com\/wp-content\/uploads\/2019\/10\/Arktikum_and_Northern_Lights.jpg","datePublished":"2019-10-10T11:15:31+00:00","dateModified":"2023-08-25T11:03:59+00:00","description":"Excursi\u00f3n privada de la ciudad de Rovaniemi. Disfrute de Rovaniemi y conozca sus monumentos y paisajes \u00e1rticos m\u00e1s emblem\u00e1ticos \u2705","breadcrumb":{"@id":"https:\/\/tourtravelandmore.com\/es\/tours\/finlandia-es\/rovaniemi-es\/tour-de-dia-completo-a-rovaniemi-con-guia-privado\/#breadcrumb"},"inLanguage":"es","potentialAction":[{"@type":"ReadAction","target":["https:\/\/tourtravelandmore.com\/es\/tours\/finlandia-es\/rovaniemi-es\/tour-de-dia-completo-a-rovaniemi-con-guia-privado\/"]}]},{"@type":"ImageObject","inLanguage":"es","@id":"https:\/\/tourtravelandmore.com\/es\/tours\/finlandia-es\/rovaniemi-es\/tour-de-dia-completo-a-rovaniemi-con-guia-privado\/#primaryimage","url":"https:\/\/tourtravelandmore.com\/wp-content\/uploads\/2019\/10\/Arktikum_and_Northern_Lights.jpg","contentUrl":"https:\/\/tourtravelandmore.com\/wp-content\/uploads\/2019\/10\/Arktikum_and_Northern_Lights.jpg","width":4368,"height":2912},{"@type":"BreadcrumbList","@id":"https:\/\/tourtravelandmore.com\/es\/tours\/finlandia-es\/rovaniemi-es\/tour-de-dia-completo-a-rovaniemi-con-guia-privado\/#breadcrumb","itemListElement":[{"@type":"ListItem","position":1,"name":"Home","item":"https:\/\/tourtravelandmore.com\/es\/"},{"@type":"ListItem","position":2,"name":"Tours","item":"https:\/\/tourtravelandmore.com\/es\/tours\/"},{"@type":"ListItem","position":3,"name":"Tour privado por los monumentos m\u00e1s importantes de Rovaniemi con gu\u00eda privado"}]},{"@type":"WebSite","@id":"https:\/\/tourtravelandmore.com\/es\/#website","url":"https:\/\/tourtravelandmore.com\/es\/","name":"Tour Travel And More","description":"Private sightseeing tours and luxury transfers in Spain","publisher":{"@id":"https:\/\/tourtravelandmore.com\/es\/#organization"},"potentialAction":[{"@type":"SearchAction","target":{"@type":"EntryPoint","urlTemplate":"https:\/\/tourtravelandmore.com\/es\/?s={search_term_string}"},"query-input":{"@type":"PropertyValueSpecification","valueRequired":true,"valueName":"search_term_string"}}],"inLanguage":"es"},{"@type":"Organization","@id":"https:\/\/tourtravelandmore.com\/es\/#organization","name":"Tour Travel And More","url":"https:\/\/tourtravelandmore.com\/es\/","logo":{"@type":"ImageObject","inLanguage":"es","@id":"https:\/\/tourtravelandmore.com\/es\/#\/schema\/logo\/image\/","url":"https:\/\/tourtravelandmore.com\/wp-content\/uploads\/2022\/12\/cropped-logo-cabecera-new.png","contentUrl":"https:\/\/tourtravelandmore.com\/wp-content\/uploads\/2022\/12\/cropped-logo-cabecera-new.png","width":430,"height":61,"caption":"Tour Travel And More"},"image":{"@id":"https:\/\/tourtravelandmore.com\/es\/#\/schema\/logo\/image\/"},"sameAs":["https:\/\/www.facebook.com\/tourtravelandmore\/","https:\/\/x.com\/TourTravel_More"]}]}},"_links":{"self":[{"href":"https:\/\/tourtravelandmore.com\/es\/wp-json\/wp\/v2\/product\/68079","targetHints":{"allow":["GET"]}}],"collection":[{"href":"https:\/\/tourtravelandmore.com\/es\/wp-json\/wp\/v2\/product"}],"about":[{"href":"https:\/\/tourtravelandmore.com\/es\/wp-json\/wp\/v2\/types\/product"}],"replies":[{"embeddable":true,"href":"https:\/\/tourtravelandmore.com\/es\/wp-json\/wp\/v2\/comments?post=68079"}],"wp:featuredmedia":[{"embeddable":true,"href":"https:\/\/tourtravelandmore.com\/es\/wp-json\/wp\/v2\/media\/68704"}],"wp:attachment":[{"href":"https:\/\/tourtravelandmore.com\/es\/wp-json\/wp\/v2\/media?parent=68079"}],"wp:term":[{"taxonomy":"product_brand","embeddable":true,"href":"https:\/\/tourtravelandmore.com\/es\/wp-json\/wp\/v2\/product_brand?post=68079"},{"taxonomy":"product_cat","embeddable":true,"href":"https:\/\/tourtravelandmore.com\/es\/wp-json\/wp\/v2\/product_cat?post=68079"},{"taxonomy":"product_tag","embeddable":true,"href":"https:\/\/tourtravelandmore.com\/es\/wp-json\/wp\/v2\/product_tag?post=68079"}],"curies":[{"name":"wp","href":"https:\/\/api.w.org\/{rel}","templated":true}]}}