{"id":68076,"date":"2019-10-10T13:15:29","date_gmt":"2019-10-10T11:15:30","guid":{"rendered":"https:\/\/tourtravelandmore.com\/?post_type=product&#038;p=68076"},"modified":"2023-08-25T13:05:33","modified_gmt":"2023-08-25T11:05:33","slug":"tour-privado-por-rovaniemi-y-el-pueblo-de-santa-claus","status":"publish","type":"product","link":"https:\/\/tourtravelandmore.com\/es\/tours\/finlandia-es\/rovaniemi-es\/tour-privado-por-rovaniemi-y-el-pueblo-de-santa-claus\/","title":{"rendered":"Tour privado la villa de Santa Claus desde Rovaniemi con gu\u00eda y veh\u00edculo privado"},"content":{"rendered":"<h2>Descripci\u00f3n Tour privado la villa de Santa Claus desde Rovaniemi<\/h2>\n<p>Disfrute de este <strong>tour privado<\/strong> en la ciudad de <strong>Rovaniemi<\/strong> junto con su <strong>gu\u00eda oficial privado<\/strong> y conozca lo mejor de lo que <strong>Rovaniemi<\/strong> tiene para ofrecer en este <strong>tour privado<\/strong>.<\/p>\n<p>Nos encontraremos en un punto central de la ciudad de Rovaniemi. Desde aqu\u00ed nos dirigiremos a nuestra primera atracci\u00f3n, el pueblo de Santa Claus.<\/p>\n<p>En el pueblo de Santa Claus conoceremos su oficina de correos y nos daremos cuenta de c\u00f3mo la familia Claus administra el servicio de entrega de Navidad.<\/p>\n<p>Despu\u00e9s de un peque\u00f1o descanso en uno de sus buffets de estilo finland\u00e9s en el pueblo de Santa Claus , caminaremos hasta nuestra \u00faltima parada en el<strong> Arctic Snow Hotel<\/strong>. En el Snowhotel, su gu\u00eda tur\u00edstico se esforzar\u00e1 por visitar todos los rincones de la Villa Igloo, como el bar de hielo, el restaurante de hielo y la capilla de hielo.<\/p>\n<p>Hay muchos m\u00e1s lugares donde su gu\u00eda privado puede ayudarlo a explorar, incluso los lugares m\u00e1s emblem\u00e1ticos e impresionantes de Rovaniemi, donde puede tomar las mejores fotos cuando y donde quiera durante su tour privado. Los sitios y el punto de encuentro de su recorrido son completamente personalizables. P\u00f3ngase en contacto con nosotros para organizar el recorrido para satisfacer sus propias necesidades personales.<\/p>\n<h2>Principales puntos de inter\u00e9s durante este tour privado en la villa de Santa Claus<\/h2>\n<p>Durante su tour privado descubrir\u00e1 algunos de los lugares m\u00e1s reconocidos de la ciudad. Ser\u00e1s testigo de su belleza arquitect\u00f3nica \u00fanica. Entre los sitios que cubriremos desde Rovaniemi, usted visitar\u00e1 la <strong>Iglesia Rovaniemi<\/strong>, el <strong>Pueblo de Santa Claus<\/strong> y el<strong> Arctic Snow Hotel<\/strong>, as\u00ed como tambi\u00e9n el pueblo <strong>Igloo <\/strong>.<\/p>\n<p>Este tour es completamente personalizable. P\u00f3ngase en contacto con nosotros para que su experiencia sea \u00fanica y ayude a organizar su recorrido privado. Para su tour contar\u00e1 con un veh\u00edculo de lujo con chofer privado para visitar todas las atracciones y monumentos.<\/p>\n<h4>La Ciudad: Rovaniemi<\/h4>\n<p>Rovaniemi es la capital administrativa y el centro comercial de la provincia m\u00e1s septentrional de Finlandia, Laponia. La ciudad posee una poblaci\u00f3n de aproximadamente 63,000 personas. Est\u00e1 situada a unos 6 kil\u00f3metros al sur del C\u00edrculo Polar \u00c1rtico. Rovaniemi es un municipio de habla finlandesa uniling\u00fce y poco com\u00fan para ciudades finlandesas tan grandes. La ciudad tambi\u00e9n es conocida por su ortograf\u00eda en el idioma sueco. El turismo de Rovaniemi es una fuente de ingresos importante para la ciudad. Un fen\u00f3meno que atrae a numerosos turistas es la aurora boreal. En la Laponia finlandesa, el n\u00famero de exhibiciones aurorales puede llegar a 200 por a\u00f1o. Mientras que en el sur de Finlandia el n\u00famero suele ser inferior a 20.<\/p>\n<h4>Nuestros Tours Privados en Tour Travel &amp; More<\/h4>\n<p>Ofrecemos a nuestros clientes tours privados para familias, amigos e incluso para incentivos o grupos grandes. Entendemos las necesidades de los viajeros mientras est\u00e1n de vacaciones, y hacemos todo lo posible para que su estancia sea inolvidable. Nuestra flota se compone de veh\u00edculos de lujo y nuestro personal es perfectamente multiling\u00fce. Nuestros gu\u00edas son gu\u00edas oficiales y locales y son grandes conocedores de la ciudad. Nuestros gu\u00edas hablan varios idiomas: <strong>Ingl\u00e9s, Espa\u00f1ol, Franc\u00e9s, Italiano, Polaco, Holand\u00e9s, Chino, Ruso, Japon\u00e9s, Alem\u00e1n, Griego y Portugu\u00e9s.<\/strong><\/p>\n","protected":false},"excerpt":{"rendered":"<p>Acomp\u00e1\u00f1anos en este <strong>tour privado de 6 horas por<\/strong>\u00a0<b>Rovaniemi y el pueblo de Santa Claus<\/b>. Tome esta oportunidad para conocer y disfrutar todo lo que Rovaniemi tiene para ofrecer junto a su gu\u00eda oficial privado y chofer. Disfruta de los monumentos y zonas m\u00e1s emblem\u00e1ticas de esta fant\u00e1stica ciudad.<\/p>\n","protected":false},"featured_media":68616,"comment_status":"open","ping_status":"closed","template":"","meta":{"_acf_changed":false},"product_brand":[],"product_cat":[1589,1554,1591,1558],"product_tag":[],"class_list":{"0":"post-68076","1":"product","2":"type-product","3":"status-publish","4":"has-post-thumbnail","6":"product_cat-finlandia-es","7":"product_cat-rovaniemi-es","8":"product_cat-rovaniemi-actividades-es-es","9":"product_cat-rovaniemi-rutas-turisticas-privadas-es","11":"first","12":"instock","13":"shipping-taxable","14":"purchasable","15":"product-type-simple"},"acf":[],"yoast_head":"<!-- This site is optimized with the Yoast SEO Premium plugin v25.3.1 (Yoast SEO v25.3.1) - https:\/\/yoast.com\/wordpress\/plugins\/seo\/ -->\n<title>\u27a1\ufe0f Tour privado por Rovaniemi y el pueblo de Santa Claus ROVANIEMI TOUR | Tour Travel &amp; More<\/title>\n<meta name=\"description\" content=\"Tour privado por Rovaniemi y el pueblo de Santa Claus. Disfrute Rovaniemi desde la comodidad de un veh\u00edculo privado de lujo \u2705\" \/>\n<meta name=\"robots\" content=\"index, follow, max-snippet:-1, max-image-preview:large, max-video-preview:-1\" \/>\n<link rel=\"canonical\" href=\"https:\/\/tourtravelandmore.com\/es\/tours\/finlandia-es\/rovaniemi-es\/tour-privado-por-rovaniemi-y-el-pueblo-de-santa-claus\/\" \/>\n<meta property=\"og:locale\" content=\"es_ES\" \/>\n<meta property=\"og:type\" content=\"article\" \/>\n<meta property=\"og:title\" content=\"Tour privado la villa de Santa Claus desde Rovaniemi con gu\u00eda y veh\u00edculo privado\" \/>\n<meta property=\"og:description\" content=\"Tour privado por Rovaniemi y el pueblo de Santa Claus. Disfrute Rovaniemi desde la comodidad de un veh\u00edculo privado de lujo \u2705\" \/>\n<meta property=\"og:url\" content=\"https:\/\/tourtravelandmore.com\/es\/tours\/finlandia-es\/rovaniemi-es\/tour-privado-por-rovaniemi-y-el-pueblo-de-santa-claus\/\" \/>\n<meta property=\"og:site_name\" content=\"Tour Travel And More\" \/>\n<meta property=\"article:publisher\" content=\"https:\/\/www.facebook.com\/tourtravelandmore\/\" \/>\n<meta property=\"article:modified_time\" content=\"2023-08-25T11:05:33+00:00\" \/>\n<meta property=\"og:image\" content=\"https:\/\/tourtravelandmore.com\/wp-content\/uploads\/2019\/10\/Center_of_Rovaniemi.jpg\" \/>\n\t<meta property=\"og:image:width\" content=\"640\" \/>\n\t<meta property=\"og:image:height\" content=\"429\" \/>\n\t<meta property=\"og:image:type\" content=\"image\/jpeg\" \/>\n<meta name=\"twitter:card\" content=\"summary_large_image\" \/>\n<meta name=\"twitter:site\" content=\"@TourTravel_More\" \/>\n<meta name=\"twitter:label1\" content=\"Tiempo de lectura\" \/>\n\t<meta name=\"twitter:data1\" content=\"3 minutos\" \/>\n<script type=\"application\/ld+json\" class=\"yoast-schema-graph\">{\"@context\":\"https:\/\/schema.org\",\"@graph\":[{\"@type\":\"WebPage\",\"@id\":\"https:\/\/tourtravelandmore.com\/es\/tours\/finlandia-es\/rovaniemi-es\/tour-privado-por-rovaniemi-y-el-pueblo-de-santa-claus\/\",\"url\":\"https:\/\/tourtravelandmore.com\/es\/tours\/finlandia-es\/rovaniemi-es\/tour-privado-por-rovaniemi-y-el-pueblo-de-santa-claus\/\",\"name\":\"\u27a1\ufe0f Tour privado por Rovaniemi y el pueblo de Santa Claus ROVANIEMI TOUR | Tour Travel & More\",\"isPartOf\":{\"@id\":\"https:\/\/tourtravelandmore.com\/es\/#website\"},\"primaryImageOfPage\":{\"@id\":\"https:\/\/tourtravelandmore.com\/es\/tours\/finlandia-es\/rovaniemi-es\/tour-privado-por-rovaniemi-y-el-pueblo-de-santa-claus\/#primaryimage\"},\"image\":{\"@id\":\"https:\/\/tourtravelandmore.com\/es\/tours\/finlandia-es\/rovaniemi-es\/tour-privado-por-rovaniemi-y-el-pueblo-de-santa-claus\/#primaryimage\"},\"thumbnailUrl\":\"https:\/\/tourtravelandmore.com\/wp-content\/uploads\/2019\/10\/Center_of_Rovaniemi.jpg\",\"datePublished\":\"2019-10-10T11:15:30+00:00\",\"dateModified\":\"2023-08-25T11:05:33+00:00\",\"description\":\"Tour privado por Rovaniemi y el pueblo de Santa Claus. Disfrute Rovaniemi desde la comodidad de un veh\u00edculo privado de lujo \u2705\",\"breadcrumb\":{\"@id\":\"https:\/\/tourtravelandmore.com\/es\/tours\/finlandia-es\/rovaniemi-es\/tour-privado-por-rovaniemi-y-el-pueblo-de-santa-claus\/#breadcrumb\"},\"inLanguage\":\"es\",\"potentialAction\":[{\"@type\":\"ReadAction\",\"target\":[\"https:\/\/tourtravelandmore.com\/es\/tours\/finlandia-es\/rovaniemi-es\/tour-privado-por-rovaniemi-y-el-pueblo-de-santa-claus\/\"]}]},{\"@type\":\"ImageObject\",\"inLanguage\":\"es\",\"@id\":\"https:\/\/tourtravelandmore.com\/es\/tours\/finlandia-es\/rovaniemi-es\/tour-privado-por-rovaniemi-y-el-pueblo-de-santa-claus\/#primaryimage\",\"url\":\"https:\/\/tourtravelandmore.com\/wp-content\/uploads\/2019\/10\/Center_of_Rovaniemi.jpg\",\"contentUrl\":\"https:\/\/tourtravelandmore.com\/wp-content\/uploads\/2019\/10\/Center_of_Rovaniemi.jpg\",\"width\":640,\"height\":429},{\"@type\":\"BreadcrumbList\",\"@id\":\"https:\/\/tourtravelandmore.com\/es\/tours\/finlandia-es\/rovaniemi-es\/tour-privado-por-rovaniemi-y-el-pueblo-de-santa-claus\/#breadcrumb\",\"itemListElement\":[{\"@type\":\"ListItem\",\"position\":1,\"name\":\"Home\",\"item\":\"https:\/\/tourtravelandmore.com\/es\/\"},{\"@type\":\"ListItem\",\"position\":2,\"name\":\"Tours\",\"item\":\"https:\/\/tourtravelandmore.com\/es\/tours\/\"},{\"@type\":\"ListItem\",\"position\":3,\"name\":\"Tour privado la villa de Santa Claus desde Rovaniemi con gu\u00eda y veh\u00edculo privado\"}]},{\"@type\":\"WebSite\",\"@id\":\"https:\/\/tourtravelandmore.com\/es\/#website\",\"url\":\"https:\/\/tourtravelandmore.com\/es\/\",\"name\":\"Tour Travel And More\",\"description\":\"Private sightseeing tours and luxury transfers in Spain\",\"publisher\":{\"@id\":\"https:\/\/tourtravelandmore.com\/es\/#organization\"},\"potentialAction\":[{\"@type\":\"SearchAction\",\"target\":{\"@type\":\"EntryPoint\",\"urlTemplate\":\"https:\/\/tourtravelandmore.com\/es\/?s={search_term_string}\"},\"query-input\":{\"@type\":\"PropertyValueSpecification\",\"valueRequired\":true,\"valueName\":\"search_term_string\"}}],\"inLanguage\":\"es\"},{\"@type\":\"Organization\",\"@id\":\"https:\/\/tourtravelandmore.com\/es\/#organization\",\"name\":\"Tour Travel And More\",\"url\":\"https:\/\/tourtravelandmore.com\/es\/\",\"logo\":{\"@type\":\"ImageObject\",\"inLanguage\":\"es\",\"@id\":\"https:\/\/tourtravelandmore.com\/es\/#\/schema\/logo\/image\/\",\"url\":\"https:\/\/tourtravelandmore.com\/wp-content\/uploads\/2022\/12\/cropped-logo-cabecera-new.png\",\"contentUrl\":\"https:\/\/tourtravelandmore.com\/wp-content\/uploads\/2022\/12\/cropped-logo-cabecera-new.png\",\"width\":430,\"height\":61,\"caption\":\"Tour Travel And More\"},\"image\":{\"@id\":\"https:\/\/tourtravelandmore.com\/es\/#\/schema\/logo\/image\/\"},\"sameAs\":[\"https:\/\/www.facebook.com\/tourtravelandmore\/\",\"https:\/\/x.com\/TourTravel_More\"]}]}<\/script>\n<!-- \/ Yoast SEO Premium plugin. -->","yoast_head_json":{"title":"\u27a1\ufe0f Tour privado por Rovaniemi y el pueblo de Santa Claus ROVANIEMI TOUR | Tour Travel & More","description":"Tour privado por Rovaniemi y el pueblo de Santa Claus. Disfrute Rovaniemi desde la comodidad de un veh\u00edculo privado de lujo \u2705","robots":{"index":"index","follow":"follow","max-snippet":"max-snippet:-1","max-image-preview":"max-image-preview:large","max-video-preview":"max-video-preview:-1"},"canonical":"https:\/\/tourtravelandmore.com\/es\/tours\/finlandia-es\/rovaniemi-es\/tour-privado-por-rovaniemi-y-el-pueblo-de-santa-claus\/","og_locale":"es_ES","og_type":"article","og_title":"Tour privado la villa de Santa Claus desde Rovaniemi con gu\u00eda y veh\u00edculo privado","og_description":"Tour privado por Rovaniemi y el pueblo de Santa Claus. Disfrute Rovaniemi desde la comodidad de un veh\u00edculo privado de lujo \u2705","og_url":"https:\/\/tourtravelandmore.com\/es\/tours\/finlandia-es\/rovaniemi-es\/tour-privado-por-rovaniemi-y-el-pueblo-de-santa-claus\/","og_site_name":"Tour Travel And More","article_publisher":"https:\/\/www.facebook.com\/tourtravelandmore\/","article_modified_time":"2023-08-25T11:05:33+00:00","og_image":[{"width":640,"height":429,"url":"https:\/\/tourtravelandmore.com\/wp-content\/uploads\/2019\/10\/Center_of_Rovaniemi.jpg","type":"image\/jpeg"}],"twitter_card":"summary_large_image","twitter_site":"@TourTravel_More","twitter_misc":{"Tiempo de lectura":"3 minutos"},"schema":{"@context":"https:\/\/schema.org","@graph":[{"@type":"WebPage","@id":"https:\/\/tourtravelandmore.com\/es\/tours\/finlandia-es\/rovaniemi-es\/tour-privado-por-rovaniemi-y-el-pueblo-de-santa-claus\/","url":"https:\/\/tourtravelandmore.com\/es\/tours\/finlandia-es\/rovaniemi-es\/tour-privado-por-rovaniemi-y-el-pueblo-de-santa-claus\/","name":"\u27a1\ufe0f Tour privado por Rovaniemi y el pueblo de Santa Claus ROVANIEMI TOUR | Tour Travel & More","isPartOf":{"@id":"https:\/\/tourtravelandmore.com\/es\/#website"},"primaryImageOfPage":{"@id":"https:\/\/tourtravelandmore.com\/es\/tours\/finlandia-es\/rovaniemi-es\/tour-privado-por-rovaniemi-y-el-pueblo-de-santa-claus\/#primaryimage"},"image":{"@id":"https:\/\/tourtravelandmore.com\/es\/tours\/finlandia-es\/rovaniemi-es\/tour-privado-por-rovaniemi-y-el-pueblo-de-santa-claus\/#primaryimage"},"thumbnailUrl":"https:\/\/tourtravelandmore.com\/wp-content\/uploads\/2019\/10\/Center_of_Rovaniemi.jpg","datePublished":"2019-10-10T11:15:30+00:00","dateModified":"2023-08-25T11:05:33+00:00","description":"Tour privado por Rovaniemi y el pueblo de Santa Claus. Disfrute Rovaniemi desde la comodidad de un veh\u00edculo privado de lujo \u2705","breadcrumb":{"@id":"https:\/\/tourtravelandmore.com\/es\/tours\/finlandia-es\/rovaniemi-es\/tour-privado-por-rovaniemi-y-el-pueblo-de-santa-claus\/#breadcrumb"},"inLanguage":"es","potentialAction":[{"@type":"ReadAction","target":["https:\/\/tourtravelandmore.com\/es\/tours\/finlandia-es\/rovaniemi-es\/tour-privado-por-rovaniemi-y-el-pueblo-de-santa-claus\/"]}]},{"@type":"ImageObject","inLanguage":"es","@id":"https:\/\/tourtravelandmore.com\/es\/tours\/finlandia-es\/rovaniemi-es\/tour-privado-por-rovaniemi-y-el-pueblo-de-santa-claus\/#primaryimage","url":"https:\/\/tourtravelandmore.com\/wp-content\/uploads\/2019\/10\/Center_of_Rovaniemi.jpg","contentUrl":"https:\/\/tourtravelandmore.com\/wp-content\/uploads\/2019\/10\/Center_of_Rovaniemi.jpg","width":640,"height":429},{"@type":"BreadcrumbList","@id":"https:\/\/tourtravelandmore.com\/es\/tours\/finlandia-es\/rovaniemi-es\/tour-privado-por-rovaniemi-y-el-pueblo-de-santa-claus\/#breadcrumb","itemListElement":[{"@type":"ListItem","position":1,"name":"Home","item":"https:\/\/tourtravelandmore.com\/es\/"},{"@type":"ListItem","position":2,"name":"Tours","item":"https:\/\/tourtravelandmore.com\/es\/tours\/"},{"@type":"ListItem","position":3,"name":"Tour privado la villa de Santa Claus desde Rovaniemi con gu\u00eda y veh\u00edculo privado"}]},{"@type":"WebSite","@id":"https:\/\/tourtravelandmore.com\/es\/#website","url":"https:\/\/tourtravelandmore.com\/es\/","name":"Tour Travel And More","description":"Private sightseeing tours and luxury transfers in Spain","publisher":{"@id":"https:\/\/tourtravelandmore.com\/es\/#organization"},"potentialAction":[{"@type":"SearchAction","target":{"@type":"EntryPoint","urlTemplate":"https:\/\/tourtravelandmore.com\/es\/?s={search_term_string}"},"query-input":{"@type":"PropertyValueSpecification","valueRequired":true,"valueName":"search_term_string"}}],"inLanguage":"es"},{"@type":"Organization","@id":"https:\/\/tourtravelandmore.com\/es\/#organization","name":"Tour Travel And More","url":"https:\/\/tourtravelandmore.com\/es\/","logo":{"@type":"ImageObject","inLanguage":"es","@id":"https:\/\/tourtravelandmore.com\/es\/#\/schema\/logo\/image\/","url":"https:\/\/tourtravelandmore.com\/wp-content\/uploads\/2022\/12\/cropped-logo-cabecera-new.png","contentUrl":"https:\/\/tourtravelandmore.com\/wp-content\/uploads\/2022\/12\/cropped-logo-cabecera-new.png","width":430,"height":61,"caption":"Tour Travel And More"},"image":{"@id":"https:\/\/tourtravelandmore.com\/es\/#\/schema\/logo\/image\/"},"sameAs":["https:\/\/www.facebook.com\/tourtravelandmore\/","https:\/\/x.com\/TourTravel_More"]}]}},"_links":{"self":[{"href":"https:\/\/tourtravelandmore.com\/es\/wp-json\/wp\/v2\/product\/68076","targetHints":{"allow":["GET"]}}],"collection":[{"href":"https:\/\/tourtravelandmore.com\/es\/wp-json\/wp\/v2\/product"}],"about":[{"href":"https:\/\/tourtravelandmore.com\/es\/wp-json\/wp\/v2\/types\/product"}],"replies":[{"embeddable":true,"href":"https:\/\/tourtravelandmore.com\/es\/wp-json\/wp\/v2\/comments?post=68076"}],"wp:featuredmedia":[{"embeddable":true,"href":"https:\/\/tourtravelandmore.com\/es\/wp-json\/wp\/v2\/media\/68616"}],"wp:attachment":[{"href":"https:\/\/tourtravelandmore.com\/es\/wp-json\/wp\/v2\/media?parent=68076"}],"wp:term":[{"taxonomy":"product_brand","embeddable":true,"href":"https:\/\/tourtravelandmore.com\/es\/wp-json\/wp\/v2\/product_brand?post=68076"},{"taxonomy":"product_cat","embeddable":true,"href":"https:\/\/tourtravelandmore.com\/es\/wp-json\/wp\/v2\/product_cat?post=68076"},{"taxonomy":"product_tag","embeddable":true,"href":"https:\/\/tourtravelandmore.com\/es\/wp-json\/wp\/v2\/product_tag?post=68076"}],"curies":[{"name":"wp","href":"https:\/\/api.w.org\/{rel}","templated":true}]}}