{"id":68052,"date":"2019-10-10T13:12:49","date_gmt":"2019-10-10T11:12:50","guid":{"rendered":"https:\/\/tourtravelandmore.com\/?post_type=product&#038;p=68052"},"modified":"2023-08-28T10:47:58","modified_gmt":"2023-08-28T08:47:58","slug":"tour-privado-a-pie-por-helsinki","status":"publish","type":"product","link":"https:\/\/tourtravelandmore.com\/es\/tours\/finlandia-es\/helsinki-es\/tour-privado-a-pie-por-helsinki\/","title":{"rendered":"Tour Privado a pie por Helsinki"},"content":{"rendered":"<h2 id=\"tw-target-text\" class=\"tw-data-text tw-text-large XcVN5d tw-ta\" dir=\"ltr\" data-placeholder=\"Traducci\u00f3n\"><span lang=\"es\">Descripci\u00f3n del Tour Privado a pie por Helsinki<\/span><\/h2>\n<p>Acomp\u00e1\u00f1enos en este <strong>Tour Privado a pie por Helsinki<\/strong>. Estar\u00e1 acompa\u00f1ado por un <strong>gu\u00eda oficial privado<\/strong> durante todo el tour, quien le mostrar\u00e1 todos los lugares y monumentos m\u00e1s importantes. Este recorrido se basar\u00e1 en el lado central de Helsinki.<\/p>\n<p>En primer lugar, nos encontraremos en un punto central en Helsinki, sin duda la Kauppatori (Plaza del Mercado). Durante este recorrido, visitaremos los monumentos y sitios m\u00e1s famosos de la ciudad.<\/p>\n<p>En segundo lugar, caminaremos desde aqu\u00ed hasta uno de los lugares m\u00e1s populares de Helsinki, la Catedral de Helsinki, una catedral evang\u00e9lica luterana de la Di\u00f3cesis de Helsinki que se construy\u00f3 originalmente entre 1830 y 1852 como tributo al Gran Duque de Finlandia. Parte de la Iglesia Ortodoxa Oriental, la Catedral de Upenski es la sede oficial del obispo de Helsinki para esa tradici\u00f3n de fe. Desde all\u00ed caminaremos hasta la Plaza del Mercado, el Museo de la Ciudad de Helsinki, Esplanadi y muchos m\u00e1s sitios.<\/p>\n<p>Despu\u00e9s de un peque\u00f1o descanso en uno de sus bares, caminaremos hasta el Ateneum, la estaci\u00f3n central de trenes de Helsinki, la Casa del Parlamento, el Museo Nacional de Finlandia y la Iglesia Temppeliaukio, una de las iglesias luteranas m\u00e1s grandes e importantes de la ciudad de Helsinki.<\/p>\n<p>Hay muchos m\u00e1s lugares donde su gu\u00eda tur\u00edstico privado puede ayudarlo a explorar, incluso los lugares m\u00e1s emblem\u00e1ticos e impresionantes de Helsinki, donde puede tomar las mejores fotos cuando y donde quiera durante su recorrido privado.<\/p>\n<h2>Puntos emblem\u00e1ticos y de inter\u00e9s en el Tour Privado a pie por Helsinki<\/h2>\n<p>Durante su tour privado a pie por Helsinki, descubrir\u00e1 algunos de los lugares m\u00e1s reconocidos de la ciudad. <span class=\"JLqJ4b ChMk0b\" data-language-for-alternatives=\"es\" data-language-to-translate-into=\"en\" data-phrase-index=\"1\">Ser\u00e1s testigo de su singular belleza arquitect\u00f3nica. <\/span><\/p>\n<p><span class=\"JLqJ4b ChMk0b\" data-language-for-alternatives=\"es\" data-language-to-translate-into=\"en\" data-phrase-index=\"1\"><span class=\"JLqJ4b\" data-language-for-alternatives=\"es\" data-language-to-translate-into=\"en\" data-phrase-index=\"2\">Entre los sitios que puedes visitar, te ofrecemos conocer:<\/span><\/span><\/p>\n<ul>\n<li><strong>Parque Kaisaniemi <\/strong><\/li>\n<li><strong><span class=\"JLqJ4b\" data-language-for-alternatives=\"es\" data-language-to-translate-into=\"en\" data-phrase-index=\"1\"><span class=\"JLqJ4b ChMk0b\" data-language-for-alternatives=\"es\" data-language-to-translate-into=\"en\" data-phrase-index=\"2\">Senaatintori <\/span><\/span><\/strong><\/li>\n<li><strong><span class=\"JLqJ4b\" data-language-for-alternatives=\"es\" data-language-to-translate-into=\"en\" data-phrase-index=\"1\"><span class=\"JLqJ4b ChMk0b\" data-language-for-alternatives=\"es\" data-language-to-translate-into=\"en\" data-phrase-index=\"2\">Kulttuuritalo <\/span><\/span><\/strong><\/li>\n<li><strong><span class=\"JLqJ4b\" data-language-for-alternatives=\"es\" data-language-to-translate-into=\"en\" data-phrase-index=\"1\"><span class=\"JLqJ4b ChMk0b\" data-language-for-alternatives=\"es\" data-language-to-translate-into=\"en\" data-phrase-index=\"2\">Teatro de la ciudad de Helsinki <\/span><\/span><\/strong><\/li>\n<li><strong><span class=\"JLqJ4b\" data-language-for-alternatives=\"es\" data-language-to-translate-into=\"en\" data-phrase-index=\"1\"><span class=\"JLqJ4b ChMk0b\" data-language-for-alternatives=\"es\" data-language-to-translate-into=\"en\" data-phrase-index=\"2\">Museo de la ciudad de Helsinki <\/span><\/span><\/strong><\/li>\n<li><strong><span class=\"JLqJ4b\" data-language-for-alternatives=\"es\" data-language-to-translate-into=\"en\" data-phrase-index=\"1\"><span class=\"JLqJ4b ChMk0b\" data-language-for-alternatives=\"es\" data-language-to-translate-into=\"en\" data-phrase-index=\"2\">Esplanadi<\/span><\/span><\/strong><\/li>\n<li><a href=\"https:\/\/kansallisteatteri.fi\"><span class=\"JLqJ4b\" data-language-for-alternatives=\"es\" data-language-to-translate-into=\"en\" data-phrase-index=\"1\"><span class=\"JLqJ4b ChMk0b\" data-language-for-alternatives=\"es\" data-language-to-translate-into=\"en\" data-phrase-index=\"2\">Teatro Nacional de Finlandia <\/span><\/span><\/a><\/li>\n<li><strong><span class=\"JLqJ4b\" data-language-for-alternatives=\"es\" data-language-to-translate-into=\"en\" data-phrase-index=\"1\"><span class=\"JLqJ4b ChMk0b\" data-language-for-alternatives=\"es\" data-language-to-translate-into=\"en\" data-phrase-index=\"2\">Estaci\u00f3n central de tren <\/span><\/span><\/strong><\/li>\n<li><strong><span class=\"JLqJ4b\" data-language-for-alternatives=\"es\" data-language-to-translate-into=\"en\" data-phrase-index=\"1\"><span class=\"JLqJ4b ChMk0b\" data-language-for-alternatives=\"es\" data-language-to-translate-into=\"en\" data-phrase-index=\"2\">Kiasma <\/span><\/span><\/strong><\/li>\n<li><strong><span class=\"JLqJ4b\" data-language-for-alternatives=\"es\" data-language-to-translate-into=\"en\" data-phrase-index=\"1\"><span class=\"JLqJ4b ChMk0b\" data-language-for-alternatives=\"es\" data-language-to-translate-into=\"en\" data-phrase-index=\"2\">Casa del Parlamento <\/span><\/span><\/strong><\/li>\n<li><strong><span class=\"JLqJ4b\" data-language-for-alternatives=\"es\" data-language-to-translate-into=\"en\" data-phrase-index=\"1\"><span class=\"JLqJ4b ChMk0b\" data-language-for-alternatives=\"es\" data-language-to-translate-into=\"en\" data-phrase-index=\"2\">Museo Nacional de Finlandia<\/span><\/span><\/strong><\/li>\n<li><strong><span class=\"JLqJ4b\" data-language-for-alternatives=\"es\" data-language-to-translate-into=\"en\" data-phrase-index=\"1\"><span class=\"JLqJ4b ChMk0b\" data-language-for-alternatives=\"es\" data-language-to-translate-into=\"en\" data-phrase-index=\"2\"> Iglesia de la roca de Temppeliaukio <\/span><\/span><\/strong><\/li>\n<li><strong><span class=\"JLqJ4b\" data-language-for-alternatives=\"es\" data-language-to-translate-into=\"en\" data-phrase-index=\"1\"><span class=\"JLqJ4b ChMk0b\" data-language-for-alternatives=\"es\" data-language-to-translate-into=\"en\" data-phrase-index=\"2\">Museo de Historia Natural <\/span><\/span><\/strong><\/li>\n<li><strong><span class=\"JLqJ4b\" data-language-for-alternatives=\"es\" data-language-to-translate-into=\"en\" data-phrase-index=\"1\"><span class=\"JLqJ4b ChMk0b\" data-language-for-alternatives=\"es\" data-language-to-translate-into=\"en\" data-phrase-index=\"2\">Narinkka<\/span><\/span><\/strong><\/li>\n<li><strong>y mucho m\u00e1s!<\/strong><\/li>\n<\/ul>\n<p>Finalmente, el recorrido finalizar\u00e1 en un punto c\u00e9ntrico de Helsinki.<\/p>\n<p><span class=\"JLqJ4b\" data-language-for-alternatives=\"es\" data-language-to-translate-into=\"en\" data-phrase-index=\"1\"><span class=\"JLqJ4b ChMk0b\" data-language-for-alternatives=\"es\" data-language-to-translate-into=\"en\" data-phrase-index=\"2\">Eche un vistazo a <a href=\"https:\/\/tourtravelandmore.com\/es\/ciudad\/finlandia-es\/helsinki-es\/\">nuestros otros tours privados en Helsinki<\/a>.<\/span><\/span><\/p>\n<div id=\"gtx-trans\" style=\"position: absolute; left: 396px; top: 975.656px;\">\n<div class=\"gtx-trans-icon\"><\/div>\n<\/div>\n","protected":false},"excerpt":{"rendered":"<p>Caminar por las calles de <strong>Helsinki<\/strong> es la mejor forma de conocer la ciudad, por esa raz\u00f3n contar\u00e1s con un gu\u00eda tur\u00edstico oficial privado que te iluminar\u00e1 con datos muy interesantes sobre <strong>Helsinki<\/strong> en este <strong>tour privado a pie<\/strong>. Podr\u00e1s visitar algunos lugares como: <strong>Boutique Tintin<\/strong>, <strong>Royal Galleries of Saint-Hubert<\/strong>, <strong>Stock Exchange Building<\/strong> y muchos m\u00e1s sitios.<\/p>\n","protected":false},"featured_media":68559,"comment_status":"open","ping_status":"closed","template":"","meta":{"_acf_changed":false},"product_brand":[],"product_cat":[1589,1531,1559,1543],"product_tag":[],"class_list":{"0":"post-68052","1":"product","2":"type-product","3":"status-publish","4":"has-post-thumbnail","6":"product_cat-finlandia-es","7":"product_cat-helsinki-es","8":"product_cat-rovaniemi-actividades-es","9":"product_cat-helsinki-tours-privados-pie-es","11":"first","12":"instock","13":"shipping-taxable","14":"purchasable","15":"product-type-simple"},"acf":[],"yoast_head":"<!-- This site is optimized with the Yoast SEO Premium plugin v25.3.1 (Yoast SEO v25.3.1) - https:\/\/yoast.com\/wordpress\/plugins\/seo\/ -->\n<title>\u27a1\ufe0f Tour Privado a pie por Helsinki con gu\u00eda profesional local | Tour Travel &amp; More<\/title>\n<meta name=\"description\" content=\"Tenga la oportunidad de visitar una de las ciudades m\u00e1s hermosas de Finlandia con nuestro Tour Privado a pie por Helsinki \u2705\" \/>\n<meta name=\"robots\" content=\"index, follow, max-snippet:-1, max-image-preview:large, max-video-preview:-1\" \/>\n<link rel=\"canonical\" href=\"https:\/\/tourtravelandmore.com\/es\/tours\/finlandia-es\/helsinki-es\/tour-privado-a-pie-por-helsinki\/\" \/>\n<meta property=\"og:locale\" content=\"es_ES\" \/>\n<meta property=\"og:type\" content=\"article\" \/>\n<meta property=\"og:title\" content=\"Tour Privado a pie por Helsinki\" \/>\n<meta property=\"og:description\" content=\"Tenga la oportunidad de visitar una de las ciudades m\u00e1s hermosas de Finlandia con nuestro Tour Privado a pie por Helsinki \u2705\" \/>\n<meta property=\"og:url\" content=\"https:\/\/tourtravelandmore.com\/es\/tours\/finlandia-es\/helsinki-es\/tour-privado-a-pie-por-helsinki\/\" \/>\n<meta property=\"og:site_name\" content=\"Tour Travel And More\" \/>\n<meta property=\"article:publisher\" content=\"https:\/\/www.facebook.com\/tourtravelandmore\/\" \/>\n<meta property=\"article:modified_time\" content=\"2023-08-28T08:47:58+00:00\" \/>\n<meta property=\"og:image\" content=\"https:\/\/tourtravelandmore.com\/wp-content\/uploads\/2019\/10\/parliament-house-helsinki.jpg\" \/>\n\t<meta property=\"og:image:width\" content=\"742\" \/>\n\t<meta property=\"og:image:height\" content=\"525\" \/>\n\t<meta property=\"og:image:type\" content=\"image\/jpeg\" \/>\n<meta name=\"twitter:card\" content=\"summary_large_image\" \/>\n<meta name=\"twitter:site\" content=\"@TourTravel_More\" \/>\n<meta name=\"twitter:label1\" content=\"Tiempo de lectura\" \/>\n\t<meta name=\"twitter:data1\" content=\"2 minutos\" \/>\n<script type=\"application\/ld+json\" class=\"yoast-schema-graph\">{\"@context\":\"https:\/\/schema.org\",\"@graph\":[{\"@type\":\"WebPage\",\"@id\":\"https:\/\/tourtravelandmore.com\/es\/tours\/finlandia-es\/helsinki-es\/tour-privado-a-pie-por-helsinki\/\",\"url\":\"https:\/\/tourtravelandmore.com\/es\/tours\/finlandia-es\/helsinki-es\/tour-privado-a-pie-por-helsinki\/\",\"name\":\"\u27a1\ufe0f Tour Privado a pie por Helsinki con gu\u00eda profesional local | Tour Travel & More\",\"isPartOf\":{\"@id\":\"https:\/\/tourtravelandmore.com\/es\/#website\"},\"primaryImageOfPage\":{\"@id\":\"https:\/\/tourtravelandmore.com\/es\/tours\/finlandia-es\/helsinki-es\/tour-privado-a-pie-por-helsinki\/#primaryimage\"},\"image\":{\"@id\":\"https:\/\/tourtravelandmore.com\/es\/tours\/finlandia-es\/helsinki-es\/tour-privado-a-pie-por-helsinki\/#primaryimage\"},\"thumbnailUrl\":\"https:\/\/tourtravelandmore.com\/wp-content\/uploads\/2019\/10\/parliament-house-helsinki.jpg\",\"datePublished\":\"2019-10-10T11:12:50+00:00\",\"dateModified\":\"2023-08-28T08:47:58+00:00\",\"description\":\"Tenga la oportunidad de visitar una de las ciudades m\u00e1s hermosas de Finlandia con nuestro Tour Privado a pie por Helsinki \u2705\",\"breadcrumb\":{\"@id\":\"https:\/\/tourtravelandmore.com\/es\/tours\/finlandia-es\/helsinki-es\/tour-privado-a-pie-por-helsinki\/#breadcrumb\"},\"inLanguage\":\"es\",\"potentialAction\":[{\"@type\":\"ReadAction\",\"target\":[\"https:\/\/tourtravelandmore.com\/es\/tours\/finlandia-es\/helsinki-es\/tour-privado-a-pie-por-helsinki\/\"]}]},{\"@type\":\"ImageObject\",\"inLanguage\":\"es\",\"@id\":\"https:\/\/tourtravelandmore.com\/es\/tours\/finlandia-es\/helsinki-es\/tour-privado-a-pie-por-helsinki\/#primaryimage\",\"url\":\"https:\/\/tourtravelandmore.com\/wp-content\/uploads\/2019\/10\/parliament-house-helsinki.jpg\",\"contentUrl\":\"https:\/\/tourtravelandmore.com\/wp-content\/uploads\/2019\/10\/parliament-house-helsinki.jpg\",\"width\":742,\"height\":525},{\"@type\":\"BreadcrumbList\",\"@id\":\"https:\/\/tourtravelandmore.com\/es\/tours\/finlandia-es\/helsinki-es\/tour-privado-a-pie-por-helsinki\/#breadcrumb\",\"itemListElement\":[{\"@type\":\"ListItem\",\"position\":1,\"name\":\"Home\",\"item\":\"https:\/\/tourtravelandmore.com\/es\/\"},{\"@type\":\"ListItem\",\"position\":2,\"name\":\"Tours\",\"item\":\"https:\/\/tourtravelandmore.com\/es\/tours\/\"},{\"@type\":\"ListItem\",\"position\":3,\"name\":\"Tour Privado a pie por Helsinki\"}]},{\"@type\":\"WebSite\",\"@id\":\"https:\/\/tourtravelandmore.com\/es\/#website\",\"url\":\"https:\/\/tourtravelandmore.com\/es\/\",\"name\":\"Tour Travel And More\",\"description\":\"Private sightseeing tours and luxury transfers in Spain\",\"publisher\":{\"@id\":\"https:\/\/tourtravelandmore.com\/es\/#organization\"},\"potentialAction\":[{\"@type\":\"SearchAction\",\"target\":{\"@type\":\"EntryPoint\",\"urlTemplate\":\"https:\/\/tourtravelandmore.com\/es\/?s={search_term_string}\"},\"query-input\":{\"@type\":\"PropertyValueSpecification\",\"valueRequired\":true,\"valueName\":\"search_term_string\"}}],\"inLanguage\":\"es\"},{\"@type\":\"Organization\",\"@id\":\"https:\/\/tourtravelandmore.com\/es\/#organization\",\"name\":\"Tour Travel And More\",\"url\":\"https:\/\/tourtravelandmore.com\/es\/\",\"logo\":{\"@type\":\"ImageObject\",\"inLanguage\":\"es\",\"@id\":\"https:\/\/tourtravelandmore.com\/es\/#\/schema\/logo\/image\/\",\"url\":\"https:\/\/tourtravelandmore.com\/wp-content\/uploads\/2022\/12\/cropped-logo-cabecera-new.png\",\"contentUrl\":\"https:\/\/tourtravelandmore.com\/wp-content\/uploads\/2022\/12\/cropped-logo-cabecera-new.png\",\"width\":430,\"height\":61,\"caption\":\"Tour Travel And More\"},\"image\":{\"@id\":\"https:\/\/tourtravelandmore.com\/es\/#\/schema\/logo\/image\/\"},\"sameAs\":[\"https:\/\/www.facebook.com\/tourtravelandmore\/\",\"https:\/\/x.com\/TourTravel_More\"]}]}<\/script>\n<!-- \/ Yoast SEO Premium plugin. -->","yoast_head_json":{"title":"\u27a1\ufe0f Tour Privado a pie por Helsinki con gu\u00eda profesional local | Tour Travel & More","description":"Tenga la oportunidad de visitar una de las ciudades m\u00e1s hermosas de Finlandia con nuestro Tour Privado a pie por Helsinki \u2705","robots":{"index":"index","follow":"follow","max-snippet":"max-snippet:-1","max-image-preview":"max-image-preview:large","max-video-preview":"max-video-preview:-1"},"canonical":"https:\/\/tourtravelandmore.com\/es\/tours\/finlandia-es\/helsinki-es\/tour-privado-a-pie-por-helsinki\/","og_locale":"es_ES","og_type":"article","og_title":"Tour Privado a pie por Helsinki","og_description":"Tenga la oportunidad de visitar una de las ciudades m\u00e1s hermosas de Finlandia con nuestro Tour Privado a pie por Helsinki \u2705","og_url":"https:\/\/tourtravelandmore.com\/es\/tours\/finlandia-es\/helsinki-es\/tour-privado-a-pie-por-helsinki\/","og_site_name":"Tour Travel And More","article_publisher":"https:\/\/www.facebook.com\/tourtravelandmore\/","article_modified_time":"2023-08-28T08:47:58+00:00","og_image":[{"width":742,"height":525,"url":"https:\/\/tourtravelandmore.com\/wp-content\/uploads\/2019\/10\/parliament-house-helsinki.jpg","type":"image\/jpeg"}],"twitter_card":"summary_large_image","twitter_site":"@TourTravel_More","twitter_misc":{"Tiempo de lectura":"2 minutos"},"schema":{"@context":"https:\/\/schema.org","@graph":[{"@type":"WebPage","@id":"https:\/\/tourtravelandmore.com\/es\/tours\/finlandia-es\/helsinki-es\/tour-privado-a-pie-por-helsinki\/","url":"https:\/\/tourtravelandmore.com\/es\/tours\/finlandia-es\/helsinki-es\/tour-privado-a-pie-por-helsinki\/","name":"\u27a1\ufe0f Tour Privado a pie por Helsinki con gu\u00eda profesional local | Tour Travel & More","isPartOf":{"@id":"https:\/\/tourtravelandmore.com\/es\/#website"},"primaryImageOfPage":{"@id":"https:\/\/tourtravelandmore.com\/es\/tours\/finlandia-es\/helsinki-es\/tour-privado-a-pie-por-helsinki\/#primaryimage"},"image":{"@id":"https:\/\/tourtravelandmore.com\/es\/tours\/finlandia-es\/helsinki-es\/tour-privado-a-pie-por-helsinki\/#primaryimage"},"thumbnailUrl":"https:\/\/tourtravelandmore.com\/wp-content\/uploads\/2019\/10\/parliament-house-helsinki.jpg","datePublished":"2019-10-10T11:12:50+00:00","dateModified":"2023-08-28T08:47:58+00:00","description":"Tenga la oportunidad de visitar una de las ciudades m\u00e1s hermosas de Finlandia con nuestro Tour Privado a pie por Helsinki \u2705","breadcrumb":{"@id":"https:\/\/tourtravelandmore.com\/es\/tours\/finlandia-es\/helsinki-es\/tour-privado-a-pie-por-helsinki\/#breadcrumb"},"inLanguage":"es","potentialAction":[{"@type":"ReadAction","target":["https:\/\/tourtravelandmore.com\/es\/tours\/finlandia-es\/helsinki-es\/tour-privado-a-pie-por-helsinki\/"]}]},{"@type":"ImageObject","inLanguage":"es","@id":"https:\/\/tourtravelandmore.com\/es\/tours\/finlandia-es\/helsinki-es\/tour-privado-a-pie-por-helsinki\/#primaryimage","url":"https:\/\/tourtravelandmore.com\/wp-content\/uploads\/2019\/10\/parliament-house-helsinki.jpg","contentUrl":"https:\/\/tourtravelandmore.com\/wp-content\/uploads\/2019\/10\/parliament-house-helsinki.jpg","width":742,"height":525},{"@type":"BreadcrumbList","@id":"https:\/\/tourtravelandmore.com\/es\/tours\/finlandia-es\/helsinki-es\/tour-privado-a-pie-por-helsinki\/#breadcrumb","itemListElement":[{"@type":"ListItem","position":1,"name":"Home","item":"https:\/\/tourtravelandmore.com\/es\/"},{"@type":"ListItem","position":2,"name":"Tours","item":"https:\/\/tourtravelandmore.com\/es\/tours\/"},{"@type":"ListItem","position":3,"name":"Tour Privado a pie por Helsinki"}]},{"@type":"WebSite","@id":"https:\/\/tourtravelandmore.com\/es\/#website","url":"https:\/\/tourtravelandmore.com\/es\/","name":"Tour Travel And More","description":"Private sightseeing tours and luxury transfers in Spain","publisher":{"@id":"https:\/\/tourtravelandmore.com\/es\/#organization"},"potentialAction":[{"@type":"SearchAction","target":{"@type":"EntryPoint","urlTemplate":"https:\/\/tourtravelandmore.com\/es\/?s={search_term_string}"},"query-input":{"@type":"PropertyValueSpecification","valueRequired":true,"valueName":"search_term_string"}}],"inLanguage":"es"},{"@type":"Organization","@id":"https:\/\/tourtravelandmore.com\/es\/#organization","name":"Tour Travel And More","url":"https:\/\/tourtravelandmore.com\/es\/","logo":{"@type":"ImageObject","inLanguage":"es","@id":"https:\/\/tourtravelandmore.com\/es\/#\/schema\/logo\/image\/","url":"https:\/\/tourtravelandmore.com\/wp-content\/uploads\/2022\/12\/cropped-logo-cabecera-new.png","contentUrl":"https:\/\/tourtravelandmore.com\/wp-content\/uploads\/2022\/12\/cropped-logo-cabecera-new.png","width":430,"height":61,"caption":"Tour Travel And More"},"image":{"@id":"https:\/\/tourtravelandmore.com\/es\/#\/schema\/logo\/image\/"},"sameAs":["https:\/\/www.facebook.com\/tourtravelandmore\/","https:\/\/x.com\/TourTravel_More"]}]}},"_links":{"self":[{"href":"https:\/\/tourtravelandmore.com\/es\/wp-json\/wp\/v2\/product\/68052","targetHints":{"allow":["GET"]}}],"collection":[{"href":"https:\/\/tourtravelandmore.com\/es\/wp-json\/wp\/v2\/product"}],"about":[{"href":"https:\/\/tourtravelandmore.com\/es\/wp-json\/wp\/v2\/types\/product"}],"replies":[{"embeddable":true,"href":"https:\/\/tourtravelandmore.com\/es\/wp-json\/wp\/v2\/comments?post=68052"}],"wp:featuredmedia":[{"embeddable":true,"href":"https:\/\/tourtravelandmore.com\/es\/wp-json\/wp\/v2\/media\/68559"}],"wp:attachment":[{"href":"https:\/\/tourtravelandmore.com\/es\/wp-json\/wp\/v2\/media?parent=68052"}],"wp:term":[{"taxonomy":"product_brand","embeddable":true,"href":"https:\/\/tourtravelandmore.com\/es\/wp-json\/wp\/v2\/product_brand?post=68052"},{"taxonomy":"product_cat","embeddable":true,"href":"https:\/\/tourtravelandmore.com\/es\/wp-json\/wp\/v2\/product_cat?post=68052"},{"taxonomy":"product_tag","embeddable":true,"href":"https:\/\/tourtravelandmore.com\/es\/wp-json\/wp\/v2\/product_tag?post=68052"}],"curies":[{"name":"wp","href":"https:\/\/api.w.org\/{rel}","templated":true}]}}