{"id":68043,"date":"2019-10-10T13:12:46","date_gmt":"2019-10-10T11:12:47","guid":{"rendered":"https:\/\/tourtravelandmore.com\/?post_type=product&#038;p=68043"},"modified":"2023-08-28T10:50:20","modified_gmt":"2023-08-28T08:50:20","slug":"tour-privado-a-tallinn","status":"publish","type":"product","link":"https:\/\/tourtravelandmore.com\/es\/tours\/finlandia-es\/helsinki-es\/tour-privado-a-tallinn\/","title":{"rendered":"Tour Privado a Tallinn desde Helsinki"},"content":{"rendered":"<h2 id=\"tw-target-text\" class=\"tw-data-text tw-text-large XcVN5d tw-ta\" dir=\"ltr\" data-placeholder=\"Traducci\u00f3n\"><span lang=\"es\">Descripci\u00f3n del Tour Privado a Tallinn desde Helsinki<\/span><\/h2>\n<p>Ven con nosotros y disfruta de<strong> Tour Privado a Tallinn desde Helsinki<\/strong> con tu <strong>gu\u00eda tur\u00edstico oficial<\/strong> y conozca los lugares m\u00e1s emblem\u00e1ticos de Tallinn.<\/p>\n<p><span class=\"JLqJ4b ChMk0b\" data-language-for-alternatives=\"es\" data-language-to-translate-into=\"en\" data-phrase-index=\"1\"><span class=\"JLqJ4b\" data-language-for-alternatives=\"es\" data-language-to-translate-into=\"en\" data-phrase-index=\"2\">En primer lugar, un <strong>veh\u00edculo privado con ch\u00f3fer<\/strong> lo recoger\u00e1 de su hotel o lugar de elecci\u00f3n en Helsinki. La recogida tambi\u00e9n puede organizarse desde el aeropuerto o la terminal de cruceros. Solo tiene que contactarnos a <strong>Tour Travel &amp; More<\/strong> y gestionaremos todo para usted.<\/span><\/span><\/p>\n<p>Este es un tour completamente personalizado solo para su familia o grupo. <span class=\"JLqJ4b ChMk0b\" data-language-for-alternatives=\"es\" data-language-to-translate-into=\"en\" data-phrase-index=\"8\">Puede personalizar cada recorrido con solo contactarnos. Aqu\u00ed hay un ejemplo de algunos de los lugares m\u00e1s importantes para darle una idea, pero su recorrido podr\u00e1 ser ajustado para satisfacer sus necesidades exactas. <\/span><\/p>\n<p>Tenga la oportunidad de conocer una de las ciudades m\u00e1s exclusivas de Estonia con nuestro tour privado a Tallinn. Acomp\u00e1\u00f1enos en esta incre\u00edble aventura!<\/p>\n<h2>Puntos emblem\u00e1ticos y de inter\u00e9s en el Tour Privado a Tallinn desde Helsinki<\/h2>\n<p>Entre otros monumentos y lugares de inter\u00e9s podr\u00e1 conocer los siguientes lugares en Tallinn:<\/p>\n<ul>\n<li><strong>El viejo pueblo <\/strong><\/li>\n<li><strong><span class=\"JLqJ4b\" data-language-for-alternatives=\"es\" data-language-to-translate-into=\"en\" data-phrase-index=\"3\"><span class=\"JLqJ4b ChMk0b\" data-language-for-alternatives=\"es\" data-language-to-translate-into=\"en\" data-phrase-index=\"4\">Plaza del Ayuntamiento <\/span><\/span><\/strong><\/li>\n<li><strong><span class=\"JLqJ4b\" data-language-for-alternatives=\"es\" data-language-to-translate-into=\"en\" data-phrase-index=\"3\"><span class=\"JLqJ4b ChMk0b\" data-language-for-alternatives=\"es\" data-language-to-translate-into=\"en\" data-phrase-index=\"4\">Iglesia del Esp\u00edritu Santo <\/span><\/span><\/strong><\/li>\n<li><strong><span class=\"JLqJ4b\" data-language-for-alternatives=\"es\" data-language-to-translate-into=\"en\" data-phrase-index=\"3\"><span class=\"JLqJ4b ChMk0b\" data-language-for-alternatives=\"es\" data-language-to-translate-into=\"en\" data-phrase-index=\"4\">Museo de la ciudad de Tallin <\/span><\/span><\/strong><\/li>\n<li><strong><span class=\"JLqJ4b\" data-language-for-alternatives=\"es\" data-language-to-translate-into=\"en\" data-phrase-index=\"3\"><span class=\"JLqJ4b ChMk0b\" data-language-for-alternatives=\"es\" data-language-to-translate-into=\"en\" data-phrase-index=\"4\">Iglesia ortodoxa de San Nicol\u00e1s <\/span><\/span><\/strong><\/li>\n<li><strong><span class=\"JLqJ4b\" data-language-for-alternatives=\"es\" data-language-to-translate-into=\"en\" data-phrase-index=\"3\"><span class=\"JLqJ4b ChMk0b\" data-language-for-alternatives=\"es\" data-language-to-translate-into=\"en\" data-phrase-index=\"4\">Tallinna Raekoja Platz <\/span><\/span><\/strong><\/li>\n<li><strong><span class=\"JLqJ4b\" data-language-for-alternatives=\"es\" data-language-to-translate-into=\"en\" data-phrase-index=\"3\"><span class=\"JLqJ4b ChMk0b\" data-language-for-alternatives=\"es\" data-language-to-translate-into=\"en\" data-phrase-index=\"4\">Parque Kadriorg<\/span><\/span><\/strong><\/li>\n<li><strong><span class=\"JLqJ4b\" data-language-for-alternatives=\"es\" data-language-to-translate-into=\"en\" data-phrase-index=\"3\"><span class=\"JLqJ4b ChMk0b\" data-language-for-alternatives=\"es\" data-language-to-translate-into=\"en\" data-phrase-index=\"4\"> Iglesia de San Olav <\/span><\/span><\/strong><\/li>\n<li><strong><span class=\"JLqJ4b\" data-language-for-alternatives=\"es\" data-language-to-translate-into=\"en\" data-phrase-index=\"3\"><span class=\"JLqJ4b ChMk0b\" data-language-for-alternatives=\"es\" data-language-to-translate-into=\"en\" data-phrase-index=\"4\">Catedral de Alexander Nevsky <\/span><\/span><\/strong><\/li>\n<li><strong><span class=\"JLqJ4b\" data-language-for-alternatives=\"es\" data-language-to-translate-into=\"en\" data-phrase-index=\"3\"><span class=\"JLqJ4b ChMk0b\" data-language-for-alternatives=\"es\" data-language-to-translate-into=\"en\" data-phrase-index=\"4\">Plaza de la Libertad<\/span><\/span><\/strong><\/li>\n<li><strong><span class=\"JLqJ4b\" data-language-for-alternatives=\"es\" data-language-to-translate-into=\"en\" data-phrase-index=\"3\"><span class=\"JLqJ4b ChMk0b\" data-language-for-alternatives=\"es\" data-language-to-translate-into=\"en\" data-phrase-index=\"4\">Kiek en de K\u00f6k<\/span><\/span><\/strong><\/li>\n<li><strong>y mucho m\u00e1s!<\/strong><\/li>\n<\/ul>\n<p>Durante este recorrido de d\u00eda completo, haremos una parada para almorzar y degustar un t\u00edpico plato de la ciudad. En caso de que lo desee, podemos realizar una reserva en un bonito restaurante solo para usted y su grupo. Adem\u00e1s, podemos gestionar entradas a cualquier monumento o museo que desee visitar en Tallinn.<\/p>\n<p>Al finalizar el tour, su ch\u00f3fer privado lo llevar\u00e1 de regreso a su hotel o lugar a elecci\u00f3n en Helsinki.<\/p>\n<p>No se pierda los otros <a href=\"https:\/\/tourtravelandmore.com\/es\/ciudad\/finlandia-es\/helsinki-es\/\">tours privados y experiencias que ofrecemos desde Helsinki<\/a>. <span class=\"JLqJ4b ChMk0b\" data-language-for-alternatives=\"es\" data-language-to-translate-into=\"en\" data-phrase-index=\"27\">Si desea que organicemos una experiencia personalizada, h\u00e1ganoslo saber. Nuestros expertos en viajes est\u00e1n a su entera disposici\u00f3n.<\/span><\/p>\n","protected":false},"excerpt":{"rendered":"<p>Acomp\u00e1\u00f1enos en esta <strong>excursi\u00f3n privada personalizada de 10 horas a Tallinn desde Helsinki<\/strong>. Aproveche esta oportunidad para conocer la ciudad de <strong>Tallinn<\/strong>\u00a0en esta experiencia con su propio gu\u00eda oficial privado en un veh\u00edculo de lujo con chofer. Personaliza tu propia experiencia.<\/p>\n","protected":false},"featured_media":91089,"comment_status":"open","ping_status":"closed","template":"","meta":{"_acf_changed":false},"product_brand":[],"product_cat":[1589,1531,1559,1544],"product_tag":[],"class_list":{"0":"post-68043","1":"product","2":"type-product","3":"status-publish","4":"has-post-thumbnail","6":"product_cat-finlandia-es","7":"product_cat-helsinki-es","8":"product_cat-rovaniemi-actividades-es","9":"product_cat-helsinki-excursiones-es","11":"first","12":"instock","13":"shipping-taxable","14":"purchasable","15":"product-type-simple"},"acf":[],"yoast_head":"<!-- This site is optimized with the Yoast SEO Premium plugin v25.3.1 (Yoast SEO v25.3.1) - https:\/\/yoast.com\/wordpress\/plugins\/seo\/ -->\n<title>\u27a1\ufe0f Tour Privado a Tallinn desde Helsinki en veh\u00edculo con chofer privado | Tour Travel &amp; More<\/title>\n<meta name=\"description\" content=\"Tenga la oportunidad de conocer Tallinn con nuestro Tour Privado a Tallinn desde Helsinki. Conozca los lugares y sitios m\u00e1s emblem\u00e1ticos \u2705\" \/>\n<meta name=\"robots\" content=\"index, follow, max-snippet:-1, max-image-preview:large, max-video-preview:-1\" \/>\n<link rel=\"canonical\" href=\"https:\/\/tourtravelandmore.com\/es\/tours\/finlandia-es\/helsinki-es\/tour-privado-a-tallinn\/\" \/>\n<meta property=\"og:locale\" content=\"es_ES\" \/>\n<meta property=\"og:type\" content=\"article\" \/>\n<meta property=\"og:title\" content=\"Tour Privado a Tallinn desde Helsinki\" \/>\n<meta property=\"og:description\" content=\"Tenga la oportunidad de conocer Tallinn con nuestro Tour Privado a Tallinn desde Helsinki. Conozca los lugares y sitios m\u00e1s emblem\u00e1ticos \u2705\" \/>\n<meta property=\"og:url\" content=\"https:\/\/tourtravelandmore.com\/es\/tours\/finlandia-es\/helsinki-es\/tour-privado-a-tallinn\/\" \/>\n<meta property=\"og:site_name\" content=\"Tour Travel And More\" \/>\n<meta property=\"article:publisher\" content=\"https:\/\/www.facebook.com\/tourtravelandmore\/\" \/>\n<meta property=\"article:modified_time\" content=\"2023-08-28T08:50:20+00:00\" \/>\n<meta property=\"og:image\" content=\"https:\/\/tourtravelandmore.com\/wp-content\/uploads\/2019\/10\/tallin-2-scaled.jpg\" \/>\n\t<meta property=\"og:image:width\" content=\"2560\" \/>\n\t<meta property=\"og:image:height\" content=\"1707\" \/>\n\t<meta property=\"og:image:type\" content=\"image\/jpeg\" \/>\n<meta name=\"twitter:card\" content=\"summary_large_image\" \/>\n<meta name=\"twitter:site\" content=\"@TourTravel_More\" \/>\n<meta name=\"twitter:label1\" content=\"Tiempo de lectura\" \/>\n\t<meta name=\"twitter:data1\" content=\"2 minutos\" \/>\n<script type=\"application\/ld+json\" class=\"yoast-schema-graph\">{\"@context\":\"https:\/\/schema.org\",\"@graph\":[{\"@type\":\"WebPage\",\"@id\":\"https:\/\/tourtravelandmore.com\/es\/tours\/finlandia-es\/helsinki-es\/tour-privado-a-tallinn\/\",\"url\":\"https:\/\/tourtravelandmore.com\/es\/tours\/finlandia-es\/helsinki-es\/tour-privado-a-tallinn\/\",\"name\":\"\u27a1\ufe0f Tour Privado a Tallinn desde Helsinki en veh\u00edculo con chofer privado | Tour Travel & More\",\"isPartOf\":{\"@id\":\"https:\/\/tourtravelandmore.com\/es\/#website\"},\"primaryImageOfPage\":{\"@id\":\"https:\/\/tourtravelandmore.com\/es\/tours\/finlandia-es\/helsinki-es\/tour-privado-a-tallinn\/#primaryimage\"},\"image\":{\"@id\":\"https:\/\/tourtravelandmore.com\/es\/tours\/finlandia-es\/helsinki-es\/tour-privado-a-tallinn\/#primaryimage\"},\"thumbnailUrl\":\"https:\/\/tourtravelandmore.com\/wp-content\/uploads\/2019\/10\/tallin-2-scaled.jpg\",\"datePublished\":\"2019-10-10T11:12:47+00:00\",\"dateModified\":\"2023-08-28T08:50:20+00:00\",\"description\":\"Tenga la oportunidad de conocer Tallinn con nuestro Tour Privado a Tallinn desde Helsinki. Conozca los lugares y sitios m\u00e1s emblem\u00e1ticos \u2705\",\"breadcrumb\":{\"@id\":\"https:\/\/tourtravelandmore.com\/es\/tours\/finlandia-es\/helsinki-es\/tour-privado-a-tallinn\/#breadcrumb\"},\"inLanguage\":\"es\",\"potentialAction\":[{\"@type\":\"ReadAction\",\"target\":[\"https:\/\/tourtravelandmore.com\/es\/tours\/finlandia-es\/helsinki-es\/tour-privado-a-tallinn\/\"]}]},{\"@type\":\"ImageObject\",\"inLanguage\":\"es\",\"@id\":\"https:\/\/tourtravelandmore.com\/es\/tours\/finlandia-es\/helsinki-es\/tour-privado-a-tallinn\/#primaryimage\",\"url\":\"https:\/\/tourtravelandmore.com\/wp-content\/uploads\/2019\/10\/tallin-2-scaled.jpg\",\"contentUrl\":\"https:\/\/tourtravelandmore.com\/wp-content\/uploads\/2019\/10\/tallin-2-scaled.jpg\",\"width\":2560,\"height\":1707},{\"@type\":\"BreadcrumbList\",\"@id\":\"https:\/\/tourtravelandmore.com\/es\/tours\/finlandia-es\/helsinki-es\/tour-privado-a-tallinn\/#breadcrumb\",\"itemListElement\":[{\"@type\":\"ListItem\",\"position\":1,\"name\":\"Home\",\"item\":\"https:\/\/tourtravelandmore.com\/es\/\"},{\"@type\":\"ListItem\",\"position\":2,\"name\":\"Tours\",\"item\":\"https:\/\/tourtravelandmore.com\/es\/tours\/\"},{\"@type\":\"ListItem\",\"position\":3,\"name\":\"Tour Privado a Tallinn desde Helsinki\"}]},{\"@type\":\"WebSite\",\"@id\":\"https:\/\/tourtravelandmore.com\/es\/#website\",\"url\":\"https:\/\/tourtravelandmore.com\/es\/\",\"name\":\"Tour Travel And More\",\"description\":\"Private sightseeing tours and luxury transfers in Spain\",\"publisher\":{\"@id\":\"https:\/\/tourtravelandmore.com\/es\/#organization\"},\"potentialAction\":[{\"@type\":\"SearchAction\",\"target\":{\"@type\":\"EntryPoint\",\"urlTemplate\":\"https:\/\/tourtravelandmore.com\/es\/?s={search_term_string}\"},\"query-input\":{\"@type\":\"PropertyValueSpecification\",\"valueRequired\":true,\"valueName\":\"search_term_string\"}}],\"inLanguage\":\"es\"},{\"@type\":\"Organization\",\"@id\":\"https:\/\/tourtravelandmore.com\/es\/#organization\",\"name\":\"Tour Travel And More\",\"url\":\"https:\/\/tourtravelandmore.com\/es\/\",\"logo\":{\"@type\":\"ImageObject\",\"inLanguage\":\"es\",\"@id\":\"https:\/\/tourtravelandmore.com\/es\/#\/schema\/logo\/image\/\",\"url\":\"https:\/\/tourtravelandmore.com\/wp-content\/uploads\/2022\/12\/cropped-logo-cabecera-new.png\",\"contentUrl\":\"https:\/\/tourtravelandmore.com\/wp-content\/uploads\/2022\/12\/cropped-logo-cabecera-new.png\",\"width\":430,\"height\":61,\"caption\":\"Tour Travel And More\"},\"image\":{\"@id\":\"https:\/\/tourtravelandmore.com\/es\/#\/schema\/logo\/image\/\"},\"sameAs\":[\"https:\/\/www.facebook.com\/tourtravelandmore\/\",\"https:\/\/x.com\/TourTravel_More\"]}]}<\/script>\n<!-- \/ Yoast SEO Premium plugin. -->","yoast_head_json":{"title":"\u27a1\ufe0f Tour Privado a Tallinn desde Helsinki en veh\u00edculo con chofer privado | Tour Travel & More","description":"Tenga la oportunidad de conocer Tallinn con nuestro Tour Privado a Tallinn desde Helsinki. Conozca los lugares y sitios m\u00e1s emblem\u00e1ticos \u2705","robots":{"index":"index","follow":"follow","max-snippet":"max-snippet:-1","max-image-preview":"max-image-preview:large","max-video-preview":"max-video-preview:-1"},"canonical":"https:\/\/tourtravelandmore.com\/es\/tours\/finlandia-es\/helsinki-es\/tour-privado-a-tallinn\/","og_locale":"es_ES","og_type":"article","og_title":"Tour Privado a Tallinn desde Helsinki","og_description":"Tenga la oportunidad de conocer Tallinn con nuestro Tour Privado a Tallinn desde Helsinki. Conozca los lugares y sitios m\u00e1s emblem\u00e1ticos \u2705","og_url":"https:\/\/tourtravelandmore.com\/es\/tours\/finlandia-es\/helsinki-es\/tour-privado-a-tallinn\/","og_site_name":"Tour Travel And More","article_publisher":"https:\/\/www.facebook.com\/tourtravelandmore\/","article_modified_time":"2023-08-28T08:50:20+00:00","og_image":[{"width":2560,"height":1707,"url":"https:\/\/tourtravelandmore.com\/wp-content\/uploads\/2019\/10\/tallin-2-scaled.jpg","type":"image\/jpeg"}],"twitter_card":"summary_large_image","twitter_site":"@TourTravel_More","twitter_misc":{"Tiempo de lectura":"2 minutos"},"schema":{"@context":"https:\/\/schema.org","@graph":[{"@type":"WebPage","@id":"https:\/\/tourtravelandmore.com\/es\/tours\/finlandia-es\/helsinki-es\/tour-privado-a-tallinn\/","url":"https:\/\/tourtravelandmore.com\/es\/tours\/finlandia-es\/helsinki-es\/tour-privado-a-tallinn\/","name":"\u27a1\ufe0f Tour Privado a Tallinn desde Helsinki en veh\u00edculo con chofer privado | Tour Travel & More","isPartOf":{"@id":"https:\/\/tourtravelandmore.com\/es\/#website"},"primaryImageOfPage":{"@id":"https:\/\/tourtravelandmore.com\/es\/tours\/finlandia-es\/helsinki-es\/tour-privado-a-tallinn\/#primaryimage"},"image":{"@id":"https:\/\/tourtravelandmore.com\/es\/tours\/finlandia-es\/helsinki-es\/tour-privado-a-tallinn\/#primaryimage"},"thumbnailUrl":"https:\/\/tourtravelandmore.com\/wp-content\/uploads\/2019\/10\/tallin-2-scaled.jpg","datePublished":"2019-10-10T11:12:47+00:00","dateModified":"2023-08-28T08:50:20+00:00","description":"Tenga la oportunidad de conocer Tallinn con nuestro Tour Privado a Tallinn desde Helsinki. Conozca los lugares y sitios m\u00e1s emblem\u00e1ticos \u2705","breadcrumb":{"@id":"https:\/\/tourtravelandmore.com\/es\/tours\/finlandia-es\/helsinki-es\/tour-privado-a-tallinn\/#breadcrumb"},"inLanguage":"es","potentialAction":[{"@type":"ReadAction","target":["https:\/\/tourtravelandmore.com\/es\/tours\/finlandia-es\/helsinki-es\/tour-privado-a-tallinn\/"]}]},{"@type":"ImageObject","inLanguage":"es","@id":"https:\/\/tourtravelandmore.com\/es\/tours\/finlandia-es\/helsinki-es\/tour-privado-a-tallinn\/#primaryimage","url":"https:\/\/tourtravelandmore.com\/wp-content\/uploads\/2019\/10\/tallin-2-scaled.jpg","contentUrl":"https:\/\/tourtravelandmore.com\/wp-content\/uploads\/2019\/10\/tallin-2-scaled.jpg","width":2560,"height":1707},{"@type":"BreadcrumbList","@id":"https:\/\/tourtravelandmore.com\/es\/tours\/finlandia-es\/helsinki-es\/tour-privado-a-tallinn\/#breadcrumb","itemListElement":[{"@type":"ListItem","position":1,"name":"Home","item":"https:\/\/tourtravelandmore.com\/es\/"},{"@type":"ListItem","position":2,"name":"Tours","item":"https:\/\/tourtravelandmore.com\/es\/tours\/"},{"@type":"ListItem","position":3,"name":"Tour Privado a Tallinn desde Helsinki"}]},{"@type":"WebSite","@id":"https:\/\/tourtravelandmore.com\/es\/#website","url":"https:\/\/tourtravelandmore.com\/es\/","name":"Tour Travel And More","description":"Private sightseeing tours and luxury transfers in Spain","publisher":{"@id":"https:\/\/tourtravelandmore.com\/es\/#organization"},"potentialAction":[{"@type":"SearchAction","target":{"@type":"EntryPoint","urlTemplate":"https:\/\/tourtravelandmore.com\/es\/?s={search_term_string}"},"query-input":{"@type":"PropertyValueSpecification","valueRequired":true,"valueName":"search_term_string"}}],"inLanguage":"es"},{"@type":"Organization","@id":"https:\/\/tourtravelandmore.com\/es\/#organization","name":"Tour Travel And More","url":"https:\/\/tourtravelandmore.com\/es\/","logo":{"@type":"ImageObject","inLanguage":"es","@id":"https:\/\/tourtravelandmore.com\/es\/#\/schema\/logo\/image\/","url":"https:\/\/tourtravelandmore.com\/wp-content\/uploads\/2022\/12\/cropped-logo-cabecera-new.png","contentUrl":"https:\/\/tourtravelandmore.com\/wp-content\/uploads\/2022\/12\/cropped-logo-cabecera-new.png","width":430,"height":61,"caption":"Tour Travel And More"},"image":{"@id":"https:\/\/tourtravelandmore.com\/es\/#\/schema\/logo\/image\/"},"sameAs":["https:\/\/www.facebook.com\/tourtravelandmore\/","https:\/\/x.com\/TourTravel_More"]}]}},"_links":{"self":[{"href":"https:\/\/tourtravelandmore.com\/es\/wp-json\/wp\/v2\/product\/68043","targetHints":{"allow":["GET"]}}],"collection":[{"href":"https:\/\/tourtravelandmore.com\/es\/wp-json\/wp\/v2\/product"}],"about":[{"href":"https:\/\/tourtravelandmore.com\/es\/wp-json\/wp\/v2\/types\/product"}],"replies":[{"embeddable":true,"href":"https:\/\/tourtravelandmore.com\/es\/wp-json\/wp\/v2\/comments?post=68043"}],"wp:featuredmedia":[{"embeddable":true,"href":"https:\/\/tourtravelandmore.com\/es\/wp-json\/wp\/v2\/media\/91089"}],"wp:attachment":[{"href":"https:\/\/tourtravelandmore.com\/es\/wp-json\/wp\/v2\/media?parent=68043"}],"wp:term":[{"taxonomy":"product_brand","embeddable":true,"href":"https:\/\/tourtravelandmore.com\/es\/wp-json\/wp\/v2\/product_brand?post=68043"},{"taxonomy":"product_cat","embeddable":true,"href":"https:\/\/tourtravelandmore.com\/es\/wp-json\/wp\/v2\/product_cat?post=68043"},{"taxonomy":"product_tag","embeddable":true,"href":"https:\/\/tourtravelandmore.com\/es\/wp-json\/wp\/v2\/product_tag?post=68043"}],"curies":[{"name":"wp","href":"https:\/\/api.w.org\/{rel}","templated":true}]}}