{"id":68036,"date":"2019-10-10T13:12:43","date_gmt":"2019-10-10T11:12:43","guid":{"rendered":"https:\/\/tourtravelandmore.com\/?post_type=product&#038;p=68036"},"modified":"2025-12-03T16:10:38","modified_gmt":"2025-12-03T15:10:38","slug":"tour-privado-por-helsinki","status":"publish","type":"product","link":"https:\/\/tourtravelandmore.com\/es\/tours\/finlandia-es\/helsinki-es\/tour-privado-por-helsinki\/","title":{"rendered":"Tour Privado por Helsinki"},"content":{"rendered":"<h2 id=\"tw-target-text\" class=\"tw-data-text tw-text-large XcVN5d tw-ta\" dir=\"ltr\" data-placeholder=\"Traducci\u00f3n\"><span lang=\"es\">Descripci\u00f3n del Tour Privado por Helsinki<\/span><\/h2>\n<p>Si es su primera vez en Helsinki, lo invitamos a que nos acompa\u00f1e en nuestro <strong>Tour Privado por Helsinki<\/strong>. Todos nuestros tours siempre van junto con su <strong>gu\u00eda oficial privado, <\/strong>quien lo llevar\u00e1 a recorrer esta\u00a0\u00fanica ciudad y conocer todos sus rincones.<\/p>\n<p>En primer lugar, su chofer y gu\u00eda oficial lo recoger\u00e1n en su hotel o lugar de selecci\u00f3n personal en Helsinki. Al tratarse de un tour privado, usted podr\u00e1 seleccionar la hora de comienzo de su experiencia.<\/p>\n<p>Comenzaremos nuestro recorrido con Senaatintori, ubicado en el centro de la ciudad, que contiene numerosos ejemplos de la arquitectura de Carl Ludvig Engel. Despu\u00e9s de eso, visitaremos los edificios principales que rodean la reconocida Plaza del Mercado, como el Parque Kaisaniemi.<\/p>\n<p>En segundo lugar, tendremos una vista de la estatua femenina desnuda de Havis Amanda, esculpida por Ville Vallgren.<\/p>\n<p>En tercer lugar, las dos amplias calles paralelas de Splanadi y muchos m\u00e1s sitios.<\/p>\n<p>Su gu\u00eda es un profesional local con gran conocimiento de la historia, cultura y arquitectura de Helsinki. Sin dudas ser\u00e1 una de las experiencias m\u00e1s completas que podr\u00e1 disfrutar en esta hermosa ciudad.<\/p>\n<h2>Puntos emblem\u00e1ticos y de inter\u00e9s en el Tour Privado por Helsinki<\/h2>\n<p>Durante su Tour Privado por Helsinki, descubrir\u00e1 algunos de los lugares m\u00e1s emblem\u00e1ticos de la ciudad. Podr\u00e1 realizar paradas en los lugares que m\u00e1s le interesen y as\u00ed aprovechar a sacar hermosas fotograf\u00edas.<\/p>\n<p><span class=\"JLqJ4b\" data-language-for-alternatives=\"es\" data-language-to-translate-into=\"en\" data-phrase-index=\"1\"><span class=\"JLqJ4b ChMk0b\" data-language-for-alternatives=\"es\" data-language-to-translate-into=\"en\" data-phrase-index=\"2\">Entre los sitios que cubriremos en Helsinki, podr\u00e1 visitar:<\/span><\/span><\/p>\n<ul>\n<li><strong>Parque Kaisaniemi <\/strong><\/li>\n<li><strong><span class=\"JLqJ4b\" data-language-for-alternatives=\"es\" data-language-to-translate-into=\"en\" data-phrase-index=\"7\"><span class=\"JLqJ4b ChMk0b\" data-language-for-alternatives=\"es\" data-language-to-translate-into=\"en\" data-phrase-index=\"8\">Senaatintori <\/span><\/span><\/strong><\/li>\n<li><strong><span class=\"JLqJ4b\" data-language-for-alternatives=\"es\" data-language-to-translate-into=\"en\" data-phrase-index=\"7\"><span class=\"JLqJ4b ChMk0b\" data-language-for-alternatives=\"es\" data-language-to-translate-into=\"en\" data-phrase-index=\"8\">Estadio Ol\u00edmpico de Helsinki <\/span><\/span><\/strong><\/li>\n<li><strong><span class=\"JLqJ4b\" data-language-for-alternatives=\"es\" data-language-to-translate-into=\"en\" data-phrase-index=\"7\"><span class=\"JLqJ4b ChMk0b\" data-language-for-alternatives=\"es\" data-language-to-translate-into=\"en\" data-phrase-index=\"8\">Kulttuuritalo<\/span><\/span><\/strong><\/li>\n<li><strong><span class=\"JLqJ4b\" data-language-for-alternatives=\"es\" data-language-to-translate-into=\"en\" data-phrase-index=\"7\"><span class=\"JLqJ4b ChMk0b\" data-language-for-alternatives=\"es\" data-language-to-translate-into=\"en\" data-phrase-index=\"8\"> Teatro de la ciudad de Helsinki <\/span><\/span><\/strong><\/li>\n<li><strong><span class=\"JLqJ4b\" data-language-for-alternatives=\"es\" data-language-to-translate-into=\"en\" data-phrase-index=\"7\"><span class=\"JLqJ4b ChMk0b\" data-language-for-alternatives=\"es\" data-language-to-translate-into=\"en\" data-phrase-index=\"8\">Monumento a Sibelius <\/span><\/span><\/strong><\/li>\n<li><strong><span class=\"JLqJ4b\" data-language-for-alternatives=\"es\" data-language-to-translate-into=\"en\" data-phrase-index=\"7\"><span class=\"JLqJ4b ChMk0b\" data-language-for-alternatives=\"es\" data-language-to-translate-into=\"en\" data-phrase-index=\"8\">Iglesia de la roca de Temppeliaukio <\/span><\/span><\/strong><\/li>\n<li><strong><span class=\"JLqJ4b\" data-language-for-alternatives=\"es\" data-language-to-translate-into=\"en\" data-phrase-index=\"7\"><span class=\"JLqJ4b ChMk0b\" data-language-for-alternatives=\"es\" data-language-to-translate-into=\"en\" data-phrase-index=\"8\">Estatua de los tres herreros <\/span><\/span><\/strong><\/li>\n<li><strong><span class=\"JLqJ4b\" data-language-for-alternatives=\"es\" data-language-to-translate-into=\"en\" data-phrase-index=\"7\"><span class=\"JLqJ4b ChMk0b\" data-language-for-alternatives=\"es\" data-language-to-translate-into=\"en\" data-phrase-index=\"8\">Esplanadi <\/span><\/span><\/strong><\/li>\n<li><strong><span class=\"JLqJ4b\" data-language-for-alternatives=\"es\" data-language-to-translate-into=\"en\" data-phrase-index=\"7\"><span class=\"JLqJ4b ChMk0b\" data-language-for-alternatives=\"es\" data-language-to-translate-into=\"en\" data-phrase-index=\"8\">Havis Amanda<\/span><\/span><\/strong><\/li>\n<li><strong>y mucho m\u00e1s!<\/strong><\/li>\n<\/ul>\n<p>Todos nuestros tours privados est\u00e1n hechos para satisfacer sus propias necesidades. <span class=\"JLqJ4b ChMk0b\" data-language-for-alternatives=\"es\" data-language-to-translate-into=\"en\" data-phrase-index=\"3\">\u00a1En Tour Travel &amp; More, organizamos tours personalizados solo para usted!.<\/span><\/p>\n<p>Al finalizar la visita, su chofer privado y gu\u00eda oficial lo llevar\u00e1n de regreso a su hotel en Helsinki.<\/p>\n<p><span class=\"JLqJ4b ChMk0b\" data-language-for-alternatives=\"es\" data-language-to-translate-into=\"en\" data-phrase-index=\"3\">Tenga una vista en <a href=\"https:\/\/tourtravelandmore.com\/es\/ciudad\/finlandia-es\/helsinki-es\/\">otros tours privados que organizamos en Helsinki<\/a>.<\/span><\/p>\n","protected":false},"excerpt":{"rendered":"<p>Aproveche sus d\u00edas en <strong>Helsinki<\/strong> y disfrute de este <strong>tour privado de 5 horas por la ciudad de Helsinki completamente personalizado<\/strong>. Aproveche esta oportunidad para conocer la ciudad de <strong>Helsinki<\/strong> en esta experiencia con su propio gu\u00eda tur\u00edstico oficial privado. No se pierda monumentos y lugares como: <strong>Senaatintori<\/strong>, el <strong>Estadio Ol\u00edmpico de Helsinki<\/strong>, <strong>Kulttuuritalo<\/strong> y mucho m\u00e1s.<\/p>\n","protected":false},"featured_media":68480,"comment_status":"open","ping_status":"closed","template":"","meta":{"_acf_changed":false},"product_brand":[],"product_cat":[1589,1531,1559,1545],"product_tag":[],"class_list":{"0":"post-68036","1":"product","2":"type-product","3":"status-publish","4":"has-post-thumbnail","6":"product_cat-finlandia-es","7":"product_cat-helsinki-es","8":"product_cat-rovaniemi-actividades-es","9":"product_cat-helsinki-rutas-turisticas-privadas-es","11":"first","12":"instock","13":"shipping-taxable","14":"purchasable","15":"product-type-simple"},"acf":[],"yoast_head":"<!-- This site is optimized with the Yoast SEO Premium plugin v25.3.1 (Yoast SEO v25.3.1) - https:\/\/yoast.com\/wordpress\/plugins\/seo\/ -->\n<title>\u27a1\ufe0f Tour Privado por Helsinki con chofer privado y gu\u00eda oficial loca | Tour Travel &amp; More<\/title>\n<meta name=\"description\" content=\"Tour Privado por Helsinki. Disfrute de esta incre\u00edble ciudad desde la comodidad de un veh\u00edculo y conozca sus monumentos m\u00e1s emblem\u00e1ticos \u2705\" \/>\n<meta name=\"robots\" content=\"index, follow, max-snippet:-1, max-image-preview:large, max-video-preview:-1\" \/>\n<link rel=\"canonical\" href=\"https:\/\/tourtravelandmore.com\/es\/tours\/finlandia-es\/helsinki-es\/tour-privado-por-helsinki\/\" \/>\n<meta property=\"og:locale\" content=\"es_ES\" \/>\n<meta property=\"og:type\" content=\"article\" \/>\n<meta property=\"og:title\" content=\"Tour Privado por Helsinki\" \/>\n<meta property=\"og:description\" content=\"Tour Privado por Helsinki. Disfrute de esta incre\u00edble ciudad desde la comodidad de un veh\u00edculo y conozca sus monumentos m\u00e1s emblem\u00e1ticos \u2705\" \/>\n<meta property=\"og:url\" content=\"https:\/\/tourtravelandmore.com\/es\/tours\/finlandia-es\/helsinki-es\/tour-privado-por-helsinki\/\" \/>\n<meta property=\"og:site_name\" content=\"Tour Travel And More\" \/>\n<meta property=\"article:publisher\" content=\"https:\/\/www.facebook.com\/tourtravelandmore\/\" \/>\n<meta property=\"article:modified_time\" content=\"2025-12-03T15:10:38+00:00\" \/>\n<meta property=\"og:image\" content=\"https:\/\/tourtravelandmore.com\/wp-content\/uploads\/2019\/10\/helsinki-cathedral-4189824_960_720.jpg\" \/>\n\t<meta property=\"og:image:width\" content=\"960\" \/>\n\t<meta property=\"og:image:height\" content=\"640\" \/>\n\t<meta property=\"og:image:type\" content=\"image\/jpeg\" \/>\n<meta name=\"twitter:card\" content=\"summary_large_image\" \/>\n<meta name=\"twitter:site\" content=\"@TourTravel_More\" \/>\n<meta name=\"twitter:label1\" content=\"Tiempo de lectura\" \/>\n\t<meta name=\"twitter:data1\" content=\"2 minutos\" \/>\n<script type=\"application\/ld+json\" class=\"yoast-schema-graph\">{\"@context\":\"https:\/\/schema.org\",\"@graph\":[{\"@type\":\"WebPage\",\"@id\":\"https:\/\/tourtravelandmore.com\/es\/tours\/finlandia-es\/helsinki-es\/tour-privado-por-helsinki\/\",\"url\":\"https:\/\/tourtravelandmore.com\/es\/tours\/finlandia-es\/helsinki-es\/tour-privado-por-helsinki\/\",\"name\":\"\u27a1\ufe0f Tour Privado por Helsinki con chofer privado y gu\u00eda oficial loca | Tour Travel & More\",\"isPartOf\":{\"@id\":\"https:\/\/tourtravelandmore.com\/es\/#website\"},\"primaryImageOfPage\":{\"@id\":\"https:\/\/tourtravelandmore.com\/es\/tours\/finlandia-es\/helsinki-es\/tour-privado-por-helsinki\/#primaryimage\"},\"image\":{\"@id\":\"https:\/\/tourtravelandmore.com\/es\/tours\/finlandia-es\/helsinki-es\/tour-privado-por-helsinki\/#primaryimage\"},\"thumbnailUrl\":\"https:\/\/tourtravelandmore.com\/wp-content\/uploads\/2019\/10\/helsinki-cathedral-4189824_960_720.jpg\",\"datePublished\":\"2019-10-10T11:12:43+00:00\",\"dateModified\":\"2025-12-03T15:10:38+00:00\",\"description\":\"Tour Privado por Helsinki. Disfrute de esta incre\u00edble ciudad desde la comodidad de un veh\u00edculo y conozca sus monumentos m\u00e1s emblem\u00e1ticos \u2705\",\"breadcrumb\":{\"@id\":\"https:\/\/tourtravelandmore.com\/es\/tours\/finlandia-es\/helsinki-es\/tour-privado-por-helsinki\/#breadcrumb\"},\"inLanguage\":\"es\",\"potentialAction\":[{\"@type\":\"ReadAction\",\"target\":[\"https:\/\/tourtravelandmore.com\/es\/tours\/finlandia-es\/helsinki-es\/tour-privado-por-helsinki\/\"]}]},{\"@type\":\"ImageObject\",\"inLanguage\":\"es\",\"@id\":\"https:\/\/tourtravelandmore.com\/es\/tours\/finlandia-es\/helsinki-es\/tour-privado-por-helsinki\/#primaryimage\",\"url\":\"https:\/\/tourtravelandmore.com\/wp-content\/uploads\/2019\/10\/helsinki-cathedral-4189824_960_720.jpg\",\"contentUrl\":\"https:\/\/tourtravelandmore.com\/wp-content\/uploads\/2019\/10\/helsinki-cathedral-4189824_960_720.jpg\",\"width\":960,\"height\":640},{\"@type\":\"BreadcrumbList\",\"@id\":\"https:\/\/tourtravelandmore.com\/es\/tours\/finlandia-es\/helsinki-es\/tour-privado-por-helsinki\/#breadcrumb\",\"itemListElement\":[{\"@type\":\"ListItem\",\"position\":1,\"name\":\"Home\",\"item\":\"https:\/\/tourtravelandmore.com\/es\/\"},{\"@type\":\"ListItem\",\"position\":2,\"name\":\"Tours\",\"item\":\"https:\/\/tourtravelandmore.com\/es\/tours\/\"},{\"@type\":\"ListItem\",\"position\":3,\"name\":\"Tour Privado por Helsinki\"}]},{\"@type\":\"WebSite\",\"@id\":\"https:\/\/tourtravelandmore.com\/es\/#website\",\"url\":\"https:\/\/tourtravelandmore.com\/es\/\",\"name\":\"Tour Travel And More\",\"description\":\"Private sightseeing tours and luxury transfers in Spain\",\"publisher\":{\"@id\":\"https:\/\/tourtravelandmore.com\/es\/#organization\"},\"potentialAction\":[{\"@type\":\"SearchAction\",\"target\":{\"@type\":\"EntryPoint\",\"urlTemplate\":\"https:\/\/tourtravelandmore.com\/es\/?s={search_term_string}\"},\"query-input\":{\"@type\":\"PropertyValueSpecification\",\"valueRequired\":true,\"valueName\":\"search_term_string\"}}],\"inLanguage\":\"es\"},{\"@type\":\"Organization\",\"@id\":\"https:\/\/tourtravelandmore.com\/es\/#organization\",\"name\":\"Tour Travel And More\",\"url\":\"https:\/\/tourtravelandmore.com\/es\/\",\"logo\":{\"@type\":\"ImageObject\",\"inLanguage\":\"es\",\"@id\":\"https:\/\/tourtravelandmore.com\/es\/#\/schema\/logo\/image\/\",\"url\":\"https:\/\/tourtravelandmore.com\/wp-content\/uploads\/2022\/12\/cropped-logo-cabecera-new.png\",\"contentUrl\":\"https:\/\/tourtravelandmore.com\/wp-content\/uploads\/2022\/12\/cropped-logo-cabecera-new.png\",\"width\":430,\"height\":61,\"caption\":\"Tour Travel And More\"},\"image\":{\"@id\":\"https:\/\/tourtravelandmore.com\/es\/#\/schema\/logo\/image\/\"},\"sameAs\":[\"https:\/\/www.facebook.com\/tourtravelandmore\/\",\"https:\/\/x.com\/TourTravel_More\"]}]}<\/script>\n<!-- \/ Yoast SEO Premium plugin. -->","yoast_head_json":{"title":"\u27a1\ufe0f Tour Privado por Helsinki con chofer privado y gu\u00eda oficial loca | Tour Travel & More","description":"Tour Privado por Helsinki. Disfrute de esta incre\u00edble ciudad desde la comodidad de un veh\u00edculo y conozca sus monumentos m\u00e1s emblem\u00e1ticos \u2705","robots":{"index":"index","follow":"follow","max-snippet":"max-snippet:-1","max-image-preview":"max-image-preview:large","max-video-preview":"max-video-preview:-1"},"canonical":"https:\/\/tourtravelandmore.com\/es\/tours\/finlandia-es\/helsinki-es\/tour-privado-por-helsinki\/","og_locale":"es_ES","og_type":"article","og_title":"Tour Privado por Helsinki","og_description":"Tour Privado por Helsinki. Disfrute de esta incre\u00edble ciudad desde la comodidad de un veh\u00edculo y conozca sus monumentos m\u00e1s emblem\u00e1ticos \u2705","og_url":"https:\/\/tourtravelandmore.com\/es\/tours\/finlandia-es\/helsinki-es\/tour-privado-por-helsinki\/","og_site_name":"Tour Travel And More","article_publisher":"https:\/\/www.facebook.com\/tourtravelandmore\/","article_modified_time":"2025-12-03T15:10:38+00:00","og_image":[{"width":960,"height":640,"url":"https:\/\/tourtravelandmore.com\/wp-content\/uploads\/2019\/10\/helsinki-cathedral-4189824_960_720.jpg","type":"image\/jpeg"}],"twitter_card":"summary_large_image","twitter_site":"@TourTravel_More","twitter_misc":{"Tiempo de lectura":"2 minutos"},"schema":{"@context":"https:\/\/schema.org","@graph":[{"@type":"WebPage","@id":"https:\/\/tourtravelandmore.com\/es\/tours\/finlandia-es\/helsinki-es\/tour-privado-por-helsinki\/","url":"https:\/\/tourtravelandmore.com\/es\/tours\/finlandia-es\/helsinki-es\/tour-privado-por-helsinki\/","name":"\u27a1\ufe0f Tour Privado por Helsinki con chofer privado y gu\u00eda oficial loca | Tour Travel & More","isPartOf":{"@id":"https:\/\/tourtravelandmore.com\/es\/#website"},"primaryImageOfPage":{"@id":"https:\/\/tourtravelandmore.com\/es\/tours\/finlandia-es\/helsinki-es\/tour-privado-por-helsinki\/#primaryimage"},"image":{"@id":"https:\/\/tourtravelandmore.com\/es\/tours\/finlandia-es\/helsinki-es\/tour-privado-por-helsinki\/#primaryimage"},"thumbnailUrl":"https:\/\/tourtravelandmore.com\/wp-content\/uploads\/2019\/10\/helsinki-cathedral-4189824_960_720.jpg","datePublished":"2019-10-10T11:12:43+00:00","dateModified":"2025-12-03T15:10:38+00:00","description":"Tour Privado por Helsinki. Disfrute de esta incre\u00edble ciudad desde la comodidad de un veh\u00edculo y conozca sus monumentos m\u00e1s emblem\u00e1ticos \u2705","breadcrumb":{"@id":"https:\/\/tourtravelandmore.com\/es\/tours\/finlandia-es\/helsinki-es\/tour-privado-por-helsinki\/#breadcrumb"},"inLanguage":"es","potentialAction":[{"@type":"ReadAction","target":["https:\/\/tourtravelandmore.com\/es\/tours\/finlandia-es\/helsinki-es\/tour-privado-por-helsinki\/"]}]},{"@type":"ImageObject","inLanguage":"es","@id":"https:\/\/tourtravelandmore.com\/es\/tours\/finlandia-es\/helsinki-es\/tour-privado-por-helsinki\/#primaryimage","url":"https:\/\/tourtravelandmore.com\/wp-content\/uploads\/2019\/10\/helsinki-cathedral-4189824_960_720.jpg","contentUrl":"https:\/\/tourtravelandmore.com\/wp-content\/uploads\/2019\/10\/helsinki-cathedral-4189824_960_720.jpg","width":960,"height":640},{"@type":"BreadcrumbList","@id":"https:\/\/tourtravelandmore.com\/es\/tours\/finlandia-es\/helsinki-es\/tour-privado-por-helsinki\/#breadcrumb","itemListElement":[{"@type":"ListItem","position":1,"name":"Home","item":"https:\/\/tourtravelandmore.com\/es\/"},{"@type":"ListItem","position":2,"name":"Tours","item":"https:\/\/tourtravelandmore.com\/es\/tours\/"},{"@type":"ListItem","position":3,"name":"Tour Privado por Helsinki"}]},{"@type":"WebSite","@id":"https:\/\/tourtravelandmore.com\/es\/#website","url":"https:\/\/tourtravelandmore.com\/es\/","name":"Tour Travel And More","description":"Private sightseeing tours and luxury transfers in Spain","publisher":{"@id":"https:\/\/tourtravelandmore.com\/es\/#organization"},"potentialAction":[{"@type":"SearchAction","target":{"@type":"EntryPoint","urlTemplate":"https:\/\/tourtravelandmore.com\/es\/?s={search_term_string}"},"query-input":{"@type":"PropertyValueSpecification","valueRequired":true,"valueName":"search_term_string"}}],"inLanguage":"es"},{"@type":"Organization","@id":"https:\/\/tourtravelandmore.com\/es\/#organization","name":"Tour Travel And More","url":"https:\/\/tourtravelandmore.com\/es\/","logo":{"@type":"ImageObject","inLanguage":"es","@id":"https:\/\/tourtravelandmore.com\/es\/#\/schema\/logo\/image\/","url":"https:\/\/tourtravelandmore.com\/wp-content\/uploads\/2022\/12\/cropped-logo-cabecera-new.png","contentUrl":"https:\/\/tourtravelandmore.com\/wp-content\/uploads\/2022\/12\/cropped-logo-cabecera-new.png","width":430,"height":61,"caption":"Tour Travel And More"},"image":{"@id":"https:\/\/tourtravelandmore.com\/es\/#\/schema\/logo\/image\/"},"sameAs":["https:\/\/www.facebook.com\/tourtravelandmore\/","https:\/\/x.com\/TourTravel_More"]}]}},"_links":{"self":[{"href":"https:\/\/tourtravelandmore.com\/es\/wp-json\/wp\/v2\/product\/68036","targetHints":{"allow":["GET"]}}],"collection":[{"href":"https:\/\/tourtravelandmore.com\/es\/wp-json\/wp\/v2\/product"}],"about":[{"href":"https:\/\/tourtravelandmore.com\/es\/wp-json\/wp\/v2\/types\/product"}],"replies":[{"embeddable":true,"href":"https:\/\/tourtravelandmore.com\/es\/wp-json\/wp\/v2\/comments?post=68036"}],"wp:featuredmedia":[{"embeddable":true,"href":"https:\/\/tourtravelandmore.com\/es\/wp-json\/wp\/v2\/media\/68480"}],"wp:attachment":[{"href":"https:\/\/tourtravelandmore.com\/es\/wp-json\/wp\/v2\/media?parent=68036"}],"wp:term":[{"taxonomy":"product_brand","embeddable":true,"href":"https:\/\/tourtravelandmore.com\/es\/wp-json\/wp\/v2\/product_brand?post=68036"},{"taxonomy":"product_cat","embeddable":true,"href":"https:\/\/tourtravelandmore.com\/es\/wp-json\/wp\/v2\/product_cat?post=68036"},{"taxonomy":"product_tag","embeddable":true,"href":"https:\/\/tourtravelandmore.com\/es\/wp-json\/wp\/v2\/product_tag?post=68036"}],"curies":[{"name":"wp","href":"https:\/\/api.w.org\/{rel}","templated":true}]}}