{"id":68010,"date":"2019-10-10T13:11:43","date_gmt":"2019-10-10T11:11:44","guid":{"rendered":"https:\/\/tourtravelandmore.com\/?post_type=product&#038;p=68010"},"modified":"2023-12-18T10:52:34","modified_gmt":"2023-12-18T09:52:34","slug":"tour-privado-a-la-aurora-boreal-y-tromso","status":"publish","type":"product","link":"https:\/\/tourtravelandmore.com\/es\/tours\/noruega-es\/tromso-es\/tour-privado-a-la-aurora-boreal-y-tromso\/","title":{"rendered":"Tour Privado a la Aurora Boreal y Tromso"},"content":{"rendered":"<h2 id=\"tw-target-text\" class=\"tw-data-text tw-text-large XcVN5d tw-ta\" dir=\"ltr\" data-placeholder=\"Traducci\u00f3n\"><span lang=\"es\">Descripci\u00f3n del Tour Privado a la Aurora Boreal y Tromso<\/span><\/h2>\n<p>Disfrute de este <strong>Tour Privado a la Aurora Boreal y Tromso<\/strong> junto con su gu\u00eda oficial privado y conozca todo lo que Tromso tiene para ofrecer durante este recorrido privado. Nuestro tour privado a la aurora boreal y Tromso te brindar\u00e1 una experiencia \u00fanica.<\/p>\n<p>Nos reuniremos en un punto central en Tromso o en el lugar que elijas. Durante este recorrido, visitaremos los monumentos y sitios m\u00e1s famosos de la ciudad. Este tour tiene como objetivo explorar la naturaleza \u00e1rtica mientras buscamos la aurora boreal. Su chofer privado lo recoger\u00e1 en el centro de la ciudad, su hotel o lugar de elecci\u00f3n y comenzar\u00e1 el recorrido dirigi\u00e9ndose hacia hermosas monta\u00f1as, fiordos y valles.<\/p>\n<p>Hay muchos m\u00e1s lugares donde su gu\u00eda tur\u00edstico privado puede ayudarlo a explorar, incluso los lugares m\u00e1s emblem\u00e1ticos e impresionantes de Tromso, donde puede tomar las mejores fotos cuando y donde quiera a lo largo de su recorrido privado. Los sitios y el punto de encuentro de este tour son completamente personalizables. Comun\u00edquese con nosotros para organizar el recorrido para satisfacer sus propias necesidades personales.<\/p>\n<h2>Puntos emblem\u00e1ticos y de inter\u00e9s en el Tour Privado a la Aurora Boreal y Tromso<\/h2>\n<p>Durante su recorrido privado tambi\u00e9n descubrir\u00e1 algunos de los lugares m\u00e1s reconocidos de la ciudad. Ser\u00e1s testigo de la belleza \u00fanica de los escenarios \u00e1rticos de Tromso.<\/p>\n<p>A lo largo del tour, haremos muchas paradas en el camino para tomar las mejores fotos de los escenarios \u00e1rticos \u00fanicos mientras buscamos las auroras. Nuestros destinos tur\u00edsticos depender\u00e1n de las condiciones clim\u00e1ticas para encontrar el lugar correcto donde poder ver las auroras.<\/p>\n<p>Nos esforzaremos por complacerlo de todas las formas posibles durante el tiempo del recorrido. Nuestro gu\u00eda privado no perder\u00e1 la oportunidad de tomarle las mejores fotos donde quiera. Como dijimos antes, el destino del tour depender\u00e1 de las condiciones clim\u00e1ticas siempre presentes para encontrar el mejor lugar para admirar la Aurora Boreal. Le proporcionaremos todo lo que necesita para mantenerlo c\u00f3modo y c\u00e1lido durante este recorrido.<\/p>\n<p>Este tour es completamente personalizable. En <strong>Tour Travel &amp; More<\/strong>, podemos personalizar un recorrido para usted. Comun\u00edquese con nosotros para que su experiencia sea \u00fanica y ayude a organizar su recorrido privado.<\/p>\n<p><a href=\"https:\/\/tourtravelandmore.com\/es\/ciudad\/noruega-es\/tromso-es\/\">\u00a1Aqu\u00ed podr\u00e1 ver todos nuestros tours privados en y desde Tromso!<\/a><\/p>\n","protected":false},"excerpt":{"rendered":"<p>Avent\u00farese en este <strong>tour privado de 7 horas <\/strong><strong>totalmente personalizado<\/strong> por parajes y valles de <b>Tromso<\/b>, donde podr\u00e1 admirar la belleza de la Aurora Boreal y los fiordos de <strong>Tromso<\/strong>. A lo largo del tour, su <strong>gu\u00eda oficial privado<\/strong> lo llevar\u00e1 a observar y apreciar la belleza que ofrece la ciudad y sus impresionantes paisajes, valles y fiordos.<\/p>\n<p>&nbsp;<\/p>\n","protected":false},"featured_media":68291,"comment_status":"open","ping_status":"closed","template":"","meta":{"_acf_changed":false},"product_brand":[],"product_cat":[1611,1505,1522,1509,1508],"product_tag":[],"class_list":{"0":"post-68010","1":"product","2":"type-product","3":"status-publish","4":"has-post-thumbnail","6":"product_cat-noruega-es","7":"product_cat-tromso-es","8":"product_cat-estocolmo-actividades-es","9":"product_cat-tromso-excursiones-es","10":"product_cat-tromso-rutas-turisticas-privadas-es","12":"first","13":"instock","14":"shipping-taxable","15":"purchasable","16":"product-type-simple"},"acf":[],"yoast_head":"<!-- This site is optimized with the Yoast SEO Premium plugin v25.3.1 (Yoast SEO v25.3.1) - https:\/\/yoast.com\/wordpress\/plugins\/seo\/ -->\n<title>\u27a1\ufe0f Tour Privado a la Aurora Boreal y Tromso con chofer y gu\u00eda oficial | Tour Travel &amp; More<\/title>\n<meta name=\"description\" content=\"Disfrute de este Tour Privado a la Aurora Boreal y Tromso. Descubra una ciudad hermosa y \u00fanica con un equipo profesional local \u2705\" \/>\n<meta name=\"robots\" content=\"index, follow, max-snippet:-1, max-image-preview:large, max-video-preview:-1\" \/>\n<link rel=\"canonical\" href=\"https:\/\/tourtravelandmore.com\/es\/tours\/noruega-es\/tromso-es\/tour-privado-a-la-aurora-boreal-y-tromso\/\" \/>\n<meta property=\"og:locale\" content=\"es_ES\" \/>\n<meta property=\"og:type\" content=\"article\" \/>\n<meta property=\"og:title\" content=\"Tour Privado a la Aurora Boreal y Tromso\" \/>\n<meta property=\"og:description\" content=\"Disfrute de este Tour Privado a la Aurora Boreal y Tromso. Descubra una ciudad hermosa y \u00fanica con un equipo profesional local \u2705\" \/>\n<meta property=\"og:url\" content=\"https:\/\/tourtravelandmore.com\/es\/tours\/noruega-es\/tromso-es\/tour-privado-a-la-aurora-boreal-y-tromso\/\" \/>\n<meta property=\"og:site_name\" content=\"Tour Travel And More\" \/>\n<meta property=\"article:publisher\" content=\"https:\/\/www.facebook.com\/tourtravelandmore\/\" \/>\n<meta property=\"article:modified_time\" content=\"2023-12-18T09:52:34+00:00\" \/>\n<meta property=\"og:image\" content=\"https:\/\/tourtravelandmore.com\/wp-content\/uploads\/2019\/10\/tromso_northern_lights.jpg\" \/>\n\t<meta property=\"og:image:width\" content=\"1024\" \/>\n\t<meta property=\"og:image:height\" content=\"768\" \/>\n\t<meta property=\"og:image:type\" content=\"image\/jpeg\" \/>\n<meta name=\"twitter:card\" content=\"summary_large_image\" \/>\n<meta name=\"twitter:site\" content=\"@TourTravel_More\" \/>\n<meta name=\"twitter:label1\" content=\"Tiempo de lectura\" \/>\n\t<meta name=\"twitter:data1\" content=\"2 minutos\" \/>\n<script type=\"application\/ld+json\" class=\"yoast-schema-graph\">{\"@context\":\"https:\/\/schema.org\",\"@graph\":[{\"@type\":\"WebPage\",\"@id\":\"https:\/\/tourtravelandmore.com\/es\/tours\/noruega-es\/tromso-es\/tour-privado-a-la-aurora-boreal-y-tromso\/\",\"url\":\"https:\/\/tourtravelandmore.com\/es\/tours\/noruega-es\/tromso-es\/tour-privado-a-la-aurora-boreal-y-tromso\/\",\"name\":\"\u27a1\ufe0f Tour Privado a la Aurora Boreal y Tromso con chofer y gu\u00eda oficial | Tour Travel & More\",\"isPartOf\":{\"@id\":\"https:\/\/tourtravelandmore.com\/es\/#website\"},\"primaryImageOfPage\":{\"@id\":\"https:\/\/tourtravelandmore.com\/es\/tours\/noruega-es\/tromso-es\/tour-privado-a-la-aurora-boreal-y-tromso\/#primaryimage\"},\"image\":{\"@id\":\"https:\/\/tourtravelandmore.com\/es\/tours\/noruega-es\/tromso-es\/tour-privado-a-la-aurora-boreal-y-tromso\/#primaryimage\"},\"thumbnailUrl\":\"https:\/\/tourtravelandmore.com\/wp-content\/uploads\/2019\/10\/tromso_northern_lights.jpg\",\"datePublished\":\"2019-10-10T11:11:44+00:00\",\"dateModified\":\"2023-12-18T09:52:34+00:00\",\"description\":\"Disfrute de este Tour Privado a la Aurora Boreal y Tromso. Descubra una ciudad hermosa y \u00fanica con un equipo profesional local \u2705\",\"breadcrumb\":{\"@id\":\"https:\/\/tourtravelandmore.com\/es\/tours\/noruega-es\/tromso-es\/tour-privado-a-la-aurora-boreal-y-tromso\/#breadcrumb\"},\"inLanguage\":\"es\",\"potentialAction\":[{\"@type\":\"ReadAction\",\"target\":[\"https:\/\/tourtravelandmore.com\/es\/tours\/noruega-es\/tromso-es\/tour-privado-a-la-aurora-boreal-y-tromso\/\"]}]},{\"@type\":\"ImageObject\",\"inLanguage\":\"es\",\"@id\":\"https:\/\/tourtravelandmore.com\/es\/tours\/noruega-es\/tromso-es\/tour-privado-a-la-aurora-boreal-y-tromso\/#primaryimage\",\"url\":\"https:\/\/tourtravelandmore.com\/wp-content\/uploads\/2019\/10\/tromso_northern_lights.jpg\",\"contentUrl\":\"https:\/\/tourtravelandmore.com\/wp-content\/uploads\/2019\/10\/tromso_northern_lights.jpg\",\"width\":1024,\"height\":768,\"caption\":\"OLYMPUS DIGITAL CAMERA\"},{\"@type\":\"BreadcrumbList\",\"@id\":\"https:\/\/tourtravelandmore.com\/es\/tours\/noruega-es\/tromso-es\/tour-privado-a-la-aurora-boreal-y-tromso\/#breadcrumb\",\"itemListElement\":[{\"@type\":\"ListItem\",\"position\":1,\"name\":\"Home\",\"item\":\"https:\/\/tourtravelandmore.com\/es\/\"},{\"@type\":\"ListItem\",\"position\":2,\"name\":\"Tours\",\"item\":\"https:\/\/tourtravelandmore.com\/es\/tours\/\"},{\"@type\":\"ListItem\",\"position\":3,\"name\":\"Tour Privado a la Aurora Boreal y Tromso\"}]},{\"@type\":\"WebSite\",\"@id\":\"https:\/\/tourtravelandmore.com\/es\/#website\",\"url\":\"https:\/\/tourtravelandmore.com\/es\/\",\"name\":\"Tour Travel And More\",\"description\":\"Private sightseeing tours and luxury transfers in Spain\",\"publisher\":{\"@id\":\"https:\/\/tourtravelandmore.com\/es\/#organization\"},\"potentialAction\":[{\"@type\":\"SearchAction\",\"target\":{\"@type\":\"EntryPoint\",\"urlTemplate\":\"https:\/\/tourtravelandmore.com\/es\/?s={search_term_string}\"},\"query-input\":{\"@type\":\"PropertyValueSpecification\",\"valueRequired\":true,\"valueName\":\"search_term_string\"}}],\"inLanguage\":\"es\"},{\"@type\":\"Organization\",\"@id\":\"https:\/\/tourtravelandmore.com\/es\/#organization\",\"name\":\"Tour Travel And More\",\"url\":\"https:\/\/tourtravelandmore.com\/es\/\",\"logo\":{\"@type\":\"ImageObject\",\"inLanguage\":\"es\",\"@id\":\"https:\/\/tourtravelandmore.com\/es\/#\/schema\/logo\/image\/\",\"url\":\"https:\/\/tourtravelandmore.com\/wp-content\/uploads\/2022\/12\/cropped-logo-cabecera-new.png\",\"contentUrl\":\"https:\/\/tourtravelandmore.com\/wp-content\/uploads\/2022\/12\/cropped-logo-cabecera-new.png\",\"width\":430,\"height\":61,\"caption\":\"Tour Travel And More\"},\"image\":{\"@id\":\"https:\/\/tourtravelandmore.com\/es\/#\/schema\/logo\/image\/\"},\"sameAs\":[\"https:\/\/www.facebook.com\/tourtravelandmore\/\",\"https:\/\/x.com\/TourTravel_More\"]}]}<\/script>\n<!-- \/ Yoast SEO Premium plugin. -->","yoast_head_json":{"title":"\u27a1\ufe0f Tour Privado a la Aurora Boreal y Tromso con chofer y gu\u00eda oficial | Tour Travel & More","description":"Disfrute de este Tour Privado a la Aurora Boreal y Tromso. Descubra una ciudad hermosa y \u00fanica con un equipo profesional local \u2705","robots":{"index":"index","follow":"follow","max-snippet":"max-snippet:-1","max-image-preview":"max-image-preview:large","max-video-preview":"max-video-preview:-1"},"canonical":"https:\/\/tourtravelandmore.com\/es\/tours\/noruega-es\/tromso-es\/tour-privado-a-la-aurora-boreal-y-tromso\/","og_locale":"es_ES","og_type":"article","og_title":"Tour Privado a la Aurora Boreal y Tromso","og_description":"Disfrute de este Tour Privado a la Aurora Boreal y Tromso. Descubra una ciudad hermosa y \u00fanica con un equipo profesional local \u2705","og_url":"https:\/\/tourtravelandmore.com\/es\/tours\/noruega-es\/tromso-es\/tour-privado-a-la-aurora-boreal-y-tromso\/","og_site_name":"Tour Travel And More","article_publisher":"https:\/\/www.facebook.com\/tourtravelandmore\/","article_modified_time":"2023-12-18T09:52:34+00:00","og_image":[{"width":1024,"height":768,"url":"https:\/\/tourtravelandmore.com\/wp-content\/uploads\/2019\/10\/tromso_northern_lights.jpg","type":"image\/jpeg"}],"twitter_card":"summary_large_image","twitter_site":"@TourTravel_More","twitter_misc":{"Tiempo de lectura":"2 minutos"},"schema":{"@context":"https:\/\/schema.org","@graph":[{"@type":"WebPage","@id":"https:\/\/tourtravelandmore.com\/es\/tours\/noruega-es\/tromso-es\/tour-privado-a-la-aurora-boreal-y-tromso\/","url":"https:\/\/tourtravelandmore.com\/es\/tours\/noruega-es\/tromso-es\/tour-privado-a-la-aurora-boreal-y-tromso\/","name":"\u27a1\ufe0f Tour Privado a la Aurora Boreal y Tromso con chofer y gu\u00eda oficial | Tour Travel & More","isPartOf":{"@id":"https:\/\/tourtravelandmore.com\/es\/#website"},"primaryImageOfPage":{"@id":"https:\/\/tourtravelandmore.com\/es\/tours\/noruega-es\/tromso-es\/tour-privado-a-la-aurora-boreal-y-tromso\/#primaryimage"},"image":{"@id":"https:\/\/tourtravelandmore.com\/es\/tours\/noruega-es\/tromso-es\/tour-privado-a-la-aurora-boreal-y-tromso\/#primaryimage"},"thumbnailUrl":"https:\/\/tourtravelandmore.com\/wp-content\/uploads\/2019\/10\/tromso_northern_lights.jpg","datePublished":"2019-10-10T11:11:44+00:00","dateModified":"2023-12-18T09:52:34+00:00","description":"Disfrute de este Tour Privado a la Aurora Boreal y Tromso. Descubra una ciudad hermosa y \u00fanica con un equipo profesional local \u2705","breadcrumb":{"@id":"https:\/\/tourtravelandmore.com\/es\/tours\/noruega-es\/tromso-es\/tour-privado-a-la-aurora-boreal-y-tromso\/#breadcrumb"},"inLanguage":"es","potentialAction":[{"@type":"ReadAction","target":["https:\/\/tourtravelandmore.com\/es\/tours\/noruega-es\/tromso-es\/tour-privado-a-la-aurora-boreal-y-tromso\/"]}]},{"@type":"ImageObject","inLanguage":"es","@id":"https:\/\/tourtravelandmore.com\/es\/tours\/noruega-es\/tromso-es\/tour-privado-a-la-aurora-boreal-y-tromso\/#primaryimage","url":"https:\/\/tourtravelandmore.com\/wp-content\/uploads\/2019\/10\/tromso_northern_lights.jpg","contentUrl":"https:\/\/tourtravelandmore.com\/wp-content\/uploads\/2019\/10\/tromso_northern_lights.jpg","width":1024,"height":768,"caption":"OLYMPUS DIGITAL CAMERA"},{"@type":"BreadcrumbList","@id":"https:\/\/tourtravelandmore.com\/es\/tours\/noruega-es\/tromso-es\/tour-privado-a-la-aurora-boreal-y-tromso\/#breadcrumb","itemListElement":[{"@type":"ListItem","position":1,"name":"Home","item":"https:\/\/tourtravelandmore.com\/es\/"},{"@type":"ListItem","position":2,"name":"Tours","item":"https:\/\/tourtravelandmore.com\/es\/tours\/"},{"@type":"ListItem","position":3,"name":"Tour Privado a la Aurora Boreal y Tromso"}]},{"@type":"WebSite","@id":"https:\/\/tourtravelandmore.com\/es\/#website","url":"https:\/\/tourtravelandmore.com\/es\/","name":"Tour Travel And More","description":"Private sightseeing tours and luxury transfers in Spain","publisher":{"@id":"https:\/\/tourtravelandmore.com\/es\/#organization"},"potentialAction":[{"@type":"SearchAction","target":{"@type":"EntryPoint","urlTemplate":"https:\/\/tourtravelandmore.com\/es\/?s={search_term_string}"},"query-input":{"@type":"PropertyValueSpecification","valueRequired":true,"valueName":"search_term_string"}}],"inLanguage":"es"},{"@type":"Organization","@id":"https:\/\/tourtravelandmore.com\/es\/#organization","name":"Tour Travel And More","url":"https:\/\/tourtravelandmore.com\/es\/","logo":{"@type":"ImageObject","inLanguage":"es","@id":"https:\/\/tourtravelandmore.com\/es\/#\/schema\/logo\/image\/","url":"https:\/\/tourtravelandmore.com\/wp-content\/uploads\/2022\/12\/cropped-logo-cabecera-new.png","contentUrl":"https:\/\/tourtravelandmore.com\/wp-content\/uploads\/2022\/12\/cropped-logo-cabecera-new.png","width":430,"height":61,"caption":"Tour Travel And More"},"image":{"@id":"https:\/\/tourtravelandmore.com\/es\/#\/schema\/logo\/image\/"},"sameAs":["https:\/\/www.facebook.com\/tourtravelandmore\/","https:\/\/x.com\/TourTravel_More"]}]}},"_links":{"self":[{"href":"https:\/\/tourtravelandmore.com\/es\/wp-json\/wp\/v2\/product\/68010","targetHints":{"allow":["GET"]}}],"collection":[{"href":"https:\/\/tourtravelandmore.com\/es\/wp-json\/wp\/v2\/product"}],"about":[{"href":"https:\/\/tourtravelandmore.com\/es\/wp-json\/wp\/v2\/types\/product"}],"replies":[{"embeddable":true,"href":"https:\/\/tourtravelandmore.com\/es\/wp-json\/wp\/v2\/comments?post=68010"}],"wp:featuredmedia":[{"embeddable":true,"href":"https:\/\/tourtravelandmore.com\/es\/wp-json\/wp\/v2\/media\/68291"}],"wp:attachment":[{"href":"https:\/\/tourtravelandmore.com\/es\/wp-json\/wp\/v2\/media?parent=68010"}],"wp:term":[{"taxonomy":"product_brand","embeddable":true,"href":"https:\/\/tourtravelandmore.com\/es\/wp-json\/wp\/v2\/product_brand?post=68010"},{"taxonomy":"product_cat","embeddable":true,"href":"https:\/\/tourtravelandmore.com\/es\/wp-json\/wp\/v2\/product_cat?post=68010"},{"taxonomy":"product_tag","embeddable":true,"href":"https:\/\/tourtravelandmore.com\/es\/wp-json\/wp\/v2\/product_tag?post=68010"}],"curies":[{"name":"wp","href":"https:\/\/api.w.org\/{rel}","templated":true}]}}