{"id":68004,"date":"2019-10-10T13:11:41","date_gmt":"2019-10-10T11:11:41","guid":{"rendered":"https:\/\/tourtravelandmore.com\/?post_type=product&#038;p=68004"},"modified":"2023-12-18T10:54:20","modified_gmt":"2023-12-18T09:54:20","slug":"tour-privado-a-sommaroy-desde-tromso","status":"publish","type":"product","link":"https:\/\/tourtravelandmore.com\/es\/tours\/noruega-es\/tromso-es\/tour-privado-a-sommaroy-desde-tromso\/","title":{"rendered":"Tour Privado a Sommaroy desde Tromso"},"content":{"rendered":"<h2 id=\"tw-target-text\" class=\"tw-data-text tw-text-large XcVN5d tw-ta\" dir=\"ltr\" data-placeholder=\"Traducci\u00f3n\"><span lang=\"es\">Descripci\u00f3n del Tour Privado a Sommaroy desde Tromso<\/span><\/h2>\n<p>Ven con nosotros y disfruta de esta excursi\u00f3n privada a los lugares m\u00e1s emblem\u00e1ticos de Sommar\u00f8y. Disfrute de este <strong>Tour Privado a Sommaroy desde Tromso<\/strong>.<\/p>\n<p>Un veh\u00edculo privado con ch\u00f3fer lo recoger\u00e1 de su hotel o lugar de elecci\u00f3n en Tromso. Por supuesto, la recogida tambi\u00e9n puede realizarse en el puerto de cruceros. Su ch\u00f3fer privado lo llevar\u00e1 en este tour privado para conocer lo mejor de Sommaroy.<\/p>\n<p>Este es un tour completamente personalizado solo para su familia o grupo. Puede personalizar cada recorrido con solo contactarnos. Aqu\u00ed hay un ejemplo de algunos de los lugares m\u00e1s importantes para darle una idea, pero su recorrido ser\u00e1 completamente personalizado para satisfacer sus necesidades exactas.<\/p>\n<p>Tenemos a tu disposici\u00f3n veh\u00edculos privados con conductor que pueden recogerte desde donde necesites para ofrecerte una experiencia inolvidable y \u00fanica. Abajo hay un recorrido de 8 horas. Siempre podemos ofrecer recorridos m\u00e1s largos si lo desea. El n\u00famero exacto de horas se puede ajustar para satisfacer nuestras necesidades personales.<\/p>\n<h2>Puntos emblem\u00e1ticos y de inter\u00e9s en el Tour Privado a Sommaroy desde Tromso<\/h2>\n<p>Despu\u00e9s de una c\u00f3moda recogida, comenzaremos este Tour privado a Sommaroy.<\/p>\n<p><span class=\"JLqJ4b\" data-language-for-alternatives=\"es\" data-language-to-translate-into=\"en\" data-phrase-index=\"1\"><span class=\"JLqJ4b ChMk0b\" data-language-for-alternatives=\"es\" data-language-to-translate-into=\"en\" data-phrase-index=\"2\">Sommaroy es una isla ubicada a unos 36 km al oeste de la ciudad de Troms\u00f8. Una vez que lleguemos a Sommaroy, su gu\u00eda tur\u00edstico privado le dar\u00e1 un paseo guiado por el pueblo donde apreciar\u00e1 sus impresionantes paisajes. Despu\u00e9s de eso, podemos disfrutar de un almuerzo en Sommaroy Arctic Hotel y deleitarnos con un chocolate caliente o un caf\u00e9. <\/span><\/span><\/p>\n<p><span class=\"JLqJ4b\" data-language-for-alternatives=\"es\" data-language-to-translate-into=\"en\" data-phrase-index=\"1\"><span class=\"JLqJ4b ChMk0b\" data-language-for-alternatives=\"es\" data-language-to-translate-into=\"en\" data-phrase-index=\"2\">Pasaremos por un valle accidentado, siguiendo el camino hacia Kattfjord y el Mar de Noruega. No dejes pasar esta oportunidad y conoce los impresionantes paisajes de los fiordos de Sommaroy caminando por sus playas nevadas. <\/span><\/span><\/p>\n<p><span class=\"JLqJ4b\" data-language-for-alternatives=\"es\" data-language-to-translate-into=\"en\" data-phrase-index=\"1\"><span class=\"JLqJ4b ChMk0b\" data-language-for-alternatives=\"es\" data-language-to-translate-into=\"en\" data-phrase-index=\"2\">Este tour es completamente personalizable. Si tienes curiosidad por visitar m\u00e1s lugares, cont\u00e1ctanos y haremos de tu recorrido una experiencia \u00fanica. Te ofrecemos veh\u00edculos privados a tu disposici\u00f3n para el recorrido. <\/span><\/span><\/p>\n<p><span class=\"JLqJ4b\" data-language-for-alternatives=\"es\" data-language-to-translate-into=\"en\" data-phrase-index=\"1\"><span class=\"JLqJ4b ChMk0b\" data-language-for-alternatives=\"es\" data-language-to-translate-into=\"en\" data-phrase-index=\"2\">Eche un vistazo a nuestros recorridos a medida contactando a uno de nuestros expertos en viajes. <a href=\"https:\/\/tourtravelandmore.com\/es\/ciudad\/noruega-es\/tromso-es\/\">\u00a1Eche un vistazo a nuestros otros tours aqu\u00ed en Tromso!<\/a><\/span><\/span><\/p>\n","protected":false},"excerpt":{"rendered":"<p>Ven con nosotros a esta <strong>excursi\u00f3n privada de 8 horas a Sommaroy desde Tromso<\/strong>\u00a0y disfrute de sus monumentos y lugares de inter\u00e9s m\u00e1s importantes. Aproveche esta oportunidad para conocer la ciudad de <strong>Sommaroy<\/strong> en esta experiencia con su propio gu\u00eda tur\u00edstico oficial privado.<\/p>\n","protected":false},"featured_media":68301,"comment_status":"open","ping_status":"closed","template":"","meta":{"_acf_changed":false},"product_brand":[],"product_cat":[1611,1505,1522,1509],"product_tag":[],"class_list":{"0":"post-68004","1":"product","2":"type-product","3":"status-publish","4":"has-post-thumbnail","6":"product_cat-noruega-es","7":"product_cat-tromso-es","8":"product_cat-estocolmo-actividades-es","9":"product_cat-tromso-excursiones-es","11":"first","12":"instock","13":"shipping-taxable","14":"purchasable","15":"product-type-simple"},"acf":[],"yoast_head":"<!-- This site is optimized with the Yoast SEO Premium plugin v25.3.1 (Yoast SEO v25.3.1) - https:\/\/yoast.com\/wordpress\/plugins\/seo\/ -->\n<title>\u27a1\ufe0f Tour Privado a Sommaroy desde Tromso con chofer privado | Tour Travel &amp; More<\/title>\n<meta name=\"description\" content=\"Avent\u00farese en este Tour Privado a Sommaroy. Disfrute del poblado de Sommaroy y conozca sus monumentos y paisajes m\u00e1s emblem\u00e1ticos \u2705\" \/>\n<meta name=\"robots\" content=\"index, follow, max-snippet:-1, max-image-preview:large, max-video-preview:-1\" \/>\n<link rel=\"canonical\" href=\"https:\/\/tourtravelandmore.com\/es\/tours\/noruega-es\/tromso-es\/tour-privado-a-sommaroy-desde-tromso\/\" \/>\n<meta property=\"og:locale\" content=\"es_ES\" \/>\n<meta property=\"og:type\" content=\"article\" \/>\n<meta property=\"og:title\" content=\"Tour Privado a Sommaroy desde Tromso\" \/>\n<meta property=\"og:description\" content=\"Avent\u00farese en este Tour Privado a Sommaroy. Disfrute del poblado de Sommaroy y conozca sus monumentos y paisajes m\u00e1s emblem\u00e1ticos \u2705\" \/>\n<meta property=\"og:url\" content=\"https:\/\/tourtravelandmore.com\/es\/tours\/noruega-es\/tromso-es\/tour-privado-a-sommaroy-desde-tromso\/\" \/>\n<meta property=\"og:site_name\" content=\"Tour Travel And More\" \/>\n<meta property=\"article:publisher\" content=\"https:\/\/www.facebook.com\/tourtravelandmore\/\" \/>\n<meta property=\"article:modified_time\" content=\"2023-12-18T09:54:20+00:00\" \/>\n<meta property=\"og:image\" content=\"https:\/\/tourtravelandmore.com\/wp-content\/uploads\/2019\/10\/sommaroy_tromso-4.jpg\" \/>\n\t<meta property=\"og:image:width\" content=\"1024\" \/>\n\t<meta property=\"og:image:height\" content=\"683\" \/>\n\t<meta property=\"og:image:type\" content=\"image\/jpeg\" \/>\n<meta name=\"twitter:card\" content=\"summary_large_image\" \/>\n<meta name=\"twitter:site\" content=\"@TourTravel_More\" \/>\n<meta name=\"twitter:label1\" content=\"Tiempo de lectura\" \/>\n\t<meta name=\"twitter:data1\" content=\"2 minutos\" \/>\n<script type=\"application\/ld+json\" class=\"yoast-schema-graph\">{\"@context\":\"https:\/\/schema.org\",\"@graph\":[{\"@type\":\"WebPage\",\"@id\":\"https:\/\/tourtravelandmore.com\/es\/tours\/noruega-es\/tromso-es\/tour-privado-a-sommaroy-desde-tromso\/\",\"url\":\"https:\/\/tourtravelandmore.com\/es\/tours\/noruega-es\/tromso-es\/tour-privado-a-sommaroy-desde-tromso\/\",\"name\":\"\u27a1\ufe0f Tour Privado a Sommaroy desde Tromso con chofer privado | Tour Travel & More\",\"isPartOf\":{\"@id\":\"https:\/\/tourtravelandmore.com\/es\/#website\"},\"primaryImageOfPage\":{\"@id\":\"https:\/\/tourtravelandmore.com\/es\/tours\/noruega-es\/tromso-es\/tour-privado-a-sommaroy-desde-tromso\/#primaryimage\"},\"image\":{\"@id\":\"https:\/\/tourtravelandmore.com\/es\/tours\/noruega-es\/tromso-es\/tour-privado-a-sommaroy-desde-tromso\/#primaryimage\"},\"thumbnailUrl\":\"https:\/\/tourtravelandmore.com\/wp-content\/uploads\/2019\/10\/sommaroy_tromso-4.jpg\",\"datePublished\":\"2019-10-10T11:11:41+00:00\",\"dateModified\":\"2023-12-18T09:54:20+00:00\",\"description\":\"Avent\u00farese en este Tour Privado a Sommaroy. Disfrute del poblado de Sommaroy y conozca sus monumentos y paisajes m\u00e1s emblem\u00e1ticos \u2705\",\"breadcrumb\":{\"@id\":\"https:\/\/tourtravelandmore.com\/es\/tours\/noruega-es\/tromso-es\/tour-privado-a-sommaroy-desde-tromso\/#breadcrumb\"},\"inLanguage\":\"es\",\"potentialAction\":[{\"@type\":\"ReadAction\",\"target\":[\"https:\/\/tourtravelandmore.com\/es\/tours\/noruega-es\/tromso-es\/tour-privado-a-sommaroy-desde-tromso\/\"]}]},{\"@type\":\"ImageObject\",\"inLanguage\":\"es\",\"@id\":\"https:\/\/tourtravelandmore.com\/es\/tours\/noruega-es\/tromso-es\/tour-privado-a-sommaroy-desde-tromso\/#primaryimage\",\"url\":\"https:\/\/tourtravelandmore.com\/wp-content\/uploads\/2019\/10\/sommaroy_tromso-4.jpg\",\"contentUrl\":\"https:\/\/tourtravelandmore.com\/wp-content\/uploads\/2019\/10\/sommaroy_tromso-4.jpg\",\"width\":1024,\"height\":683,\"caption\":\"Shot at Sommaroy outside Tromso, Norway.\"},{\"@type\":\"BreadcrumbList\",\"@id\":\"https:\/\/tourtravelandmore.com\/es\/tours\/noruega-es\/tromso-es\/tour-privado-a-sommaroy-desde-tromso\/#breadcrumb\",\"itemListElement\":[{\"@type\":\"ListItem\",\"position\":1,\"name\":\"Home\",\"item\":\"https:\/\/tourtravelandmore.com\/es\/\"},{\"@type\":\"ListItem\",\"position\":2,\"name\":\"Tours\",\"item\":\"https:\/\/tourtravelandmore.com\/es\/tours\/\"},{\"@type\":\"ListItem\",\"position\":3,\"name\":\"Tour Privado a Sommaroy desde Tromso\"}]},{\"@type\":\"WebSite\",\"@id\":\"https:\/\/tourtravelandmore.com\/es\/#website\",\"url\":\"https:\/\/tourtravelandmore.com\/es\/\",\"name\":\"Tour Travel And More\",\"description\":\"Private sightseeing tours and luxury transfers in Spain\",\"publisher\":{\"@id\":\"https:\/\/tourtravelandmore.com\/es\/#organization\"},\"potentialAction\":[{\"@type\":\"SearchAction\",\"target\":{\"@type\":\"EntryPoint\",\"urlTemplate\":\"https:\/\/tourtravelandmore.com\/es\/?s={search_term_string}\"},\"query-input\":{\"@type\":\"PropertyValueSpecification\",\"valueRequired\":true,\"valueName\":\"search_term_string\"}}],\"inLanguage\":\"es\"},{\"@type\":\"Organization\",\"@id\":\"https:\/\/tourtravelandmore.com\/es\/#organization\",\"name\":\"Tour Travel And More\",\"url\":\"https:\/\/tourtravelandmore.com\/es\/\",\"logo\":{\"@type\":\"ImageObject\",\"inLanguage\":\"es\",\"@id\":\"https:\/\/tourtravelandmore.com\/es\/#\/schema\/logo\/image\/\",\"url\":\"https:\/\/tourtravelandmore.com\/wp-content\/uploads\/2022\/12\/cropped-logo-cabecera-new.png\",\"contentUrl\":\"https:\/\/tourtravelandmore.com\/wp-content\/uploads\/2022\/12\/cropped-logo-cabecera-new.png\",\"width\":430,\"height\":61,\"caption\":\"Tour Travel And More\"},\"image\":{\"@id\":\"https:\/\/tourtravelandmore.com\/es\/#\/schema\/logo\/image\/\"},\"sameAs\":[\"https:\/\/www.facebook.com\/tourtravelandmore\/\",\"https:\/\/x.com\/TourTravel_More\"]}]}<\/script>\n<!-- \/ Yoast SEO Premium plugin. -->","yoast_head_json":{"title":"\u27a1\ufe0f Tour Privado a Sommaroy desde Tromso con chofer privado | Tour Travel & More","description":"Avent\u00farese en este Tour Privado a Sommaroy. Disfrute del poblado de Sommaroy y conozca sus monumentos y paisajes m\u00e1s emblem\u00e1ticos \u2705","robots":{"index":"index","follow":"follow","max-snippet":"max-snippet:-1","max-image-preview":"max-image-preview:large","max-video-preview":"max-video-preview:-1"},"canonical":"https:\/\/tourtravelandmore.com\/es\/tours\/noruega-es\/tromso-es\/tour-privado-a-sommaroy-desde-tromso\/","og_locale":"es_ES","og_type":"article","og_title":"Tour Privado a Sommaroy desde Tromso","og_description":"Avent\u00farese en este Tour Privado a Sommaroy. Disfrute del poblado de Sommaroy y conozca sus monumentos y paisajes m\u00e1s emblem\u00e1ticos \u2705","og_url":"https:\/\/tourtravelandmore.com\/es\/tours\/noruega-es\/tromso-es\/tour-privado-a-sommaroy-desde-tromso\/","og_site_name":"Tour Travel And More","article_publisher":"https:\/\/www.facebook.com\/tourtravelandmore\/","article_modified_time":"2023-12-18T09:54:20+00:00","og_image":[{"width":1024,"height":683,"url":"https:\/\/tourtravelandmore.com\/wp-content\/uploads\/2019\/10\/sommaroy_tromso-4.jpg","type":"image\/jpeg"}],"twitter_card":"summary_large_image","twitter_site":"@TourTravel_More","twitter_misc":{"Tiempo de lectura":"2 minutos"},"schema":{"@context":"https:\/\/schema.org","@graph":[{"@type":"WebPage","@id":"https:\/\/tourtravelandmore.com\/es\/tours\/noruega-es\/tromso-es\/tour-privado-a-sommaroy-desde-tromso\/","url":"https:\/\/tourtravelandmore.com\/es\/tours\/noruega-es\/tromso-es\/tour-privado-a-sommaroy-desde-tromso\/","name":"\u27a1\ufe0f Tour Privado a Sommaroy desde Tromso con chofer privado | Tour Travel & More","isPartOf":{"@id":"https:\/\/tourtravelandmore.com\/es\/#website"},"primaryImageOfPage":{"@id":"https:\/\/tourtravelandmore.com\/es\/tours\/noruega-es\/tromso-es\/tour-privado-a-sommaroy-desde-tromso\/#primaryimage"},"image":{"@id":"https:\/\/tourtravelandmore.com\/es\/tours\/noruega-es\/tromso-es\/tour-privado-a-sommaroy-desde-tromso\/#primaryimage"},"thumbnailUrl":"https:\/\/tourtravelandmore.com\/wp-content\/uploads\/2019\/10\/sommaroy_tromso-4.jpg","datePublished":"2019-10-10T11:11:41+00:00","dateModified":"2023-12-18T09:54:20+00:00","description":"Avent\u00farese en este Tour Privado a Sommaroy. Disfrute del poblado de Sommaroy y conozca sus monumentos y paisajes m\u00e1s emblem\u00e1ticos \u2705","breadcrumb":{"@id":"https:\/\/tourtravelandmore.com\/es\/tours\/noruega-es\/tromso-es\/tour-privado-a-sommaroy-desde-tromso\/#breadcrumb"},"inLanguage":"es","potentialAction":[{"@type":"ReadAction","target":["https:\/\/tourtravelandmore.com\/es\/tours\/noruega-es\/tromso-es\/tour-privado-a-sommaroy-desde-tromso\/"]}]},{"@type":"ImageObject","inLanguage":"es","@id":"https:\/\/tourtravelandmore.com\/es\/tours\/noruega-es\/tromso-es\/tour-privado-a-sommaroy-desde-tromso\/#primaryimage","url":"https:\/\/tourtravelandmore.com\/wp-content\/uploads\/2019\/10\/sommaroy_tromso-4.jpg","contentUrl":"https:\/\/tourtravelandmore.com\/wp-content\/uploads\/2019\/10\/sommaroy_tromso-4.jpg","width":1024,"height":683,"caption":"Shot at Sommaroy outside Tromso, Norway."},{"@type":"BreadcrumbList","@id":"https:\/\/tourtravelandmore.com\/es\/tours\/noruega-es\/tromso-es\/tour-privado-a-sommaroy-desde-tromso\/#breadcrumb","itemListElement":[{"@type":"ListItem","position":1,"name":"Home","item":"https:\/\/tourtravelandmore.com\/es\/"},{"@type":"ListItem","position":2,"name":"Tours","item":"https:\/\/tourtravelandmore.com\/es\/tours\/"},{"@type":"ListItem","position":3,"name":"Tour Privado a Sommaroy desde Tromso"}]},{"@type":"WebSite","@id":"https:\/\/tourtravelandmore.com\/es\/#website","url":"https:\/\/tourtravelandmore.com\/es\/","name":"Tour Travel And More","description":"Private sightseeing tours and luxury transfers in Spain","publisher":{"@id":"https:\/\/tourtravelandmore.com\/es\/#organization"},"potentialAction":[{"@type":"SearchAction","target":{"@type":"EntryPoint","urlTemplate":"https:\/\/tourtravelandmore.com\/es\/?s={search_term_string}"},"query-input":{"@type":"PropertyValueSpecification","valueRequired":true,"valueName":"search_term_string"}}],"inLanguage":"es"},{"@type":"Organization","@id":"https:\/\/tourtravelandmore.com\/es\/#organization","name":"Tour Travel And More","url":"https:\/\/tourtravelandmore.com\/es\/","logo":{"@type":"ImageObject","inLanguage":"es","@id":"https:\/\/tourtravelandmore.com\/es\/#\/schema\/logo\/image\/","url":"https:\/\/tourtravelandmore.com\/wp-content\/uploads\/2022\/12\/cropped-logo-cabecera-new.png","contentUrl":"https:\/\/tourtravelandmore.com\/wp-content\/uploads\/2022\/12\/cropped-logo-cabecera-new.png","width":430,"height":61,"caption":"Tour Travel And More"},"image":{"@id":"https:\/\/tourtravelandmore.com\/es\/#\/schema\/logo\/image\/"},"sameAs":["https:\/\/www.facebook.com\/tourtravelandmore\/","https:\/\/x.com\/TourTravel_More"]}]}},"_links":{"self":[{"href":"https:\/\/tourtravelandmore.com\/es\/wp-json\/wp\/v2\/product\/68004","targetHints":{"allow":["GET"]}}],"collection":[{"href":"https:\/\/tourtravelandmore.com\/es\/wp-json\/wp\/v2\/product"}],"about":[{"href":"https:\/\/tourtravelandmore.com\/es\/wp-json\/wp\/v2\/types\/product"}],"replies":[{"embeddable":true,"href":"https:\/\/tourtravelandmore.com\/es\/wp-json\/wp\/v2\/comments?post=68004"}],"wp:featuredmedia":[{"embeddable":true,"href":"https:\/\/tourtravelandmore.com\/es\/wp-json\/wp\/v2\/media\/68301"}],"wp:attachment":[{"href":"https:\/\/tourtravelandmore.com\/es\/wp-json\/wp\/v2\/media?parent=68004"}],"wp:term":[{"taxonomy":"product_brand","embeddable":true,"href":"https:\/\/tourtravelandmore.com\/es\/wp-json\/wp\/v2\/product_brand?post=68004"},{"taxonomy":"product_cat","embeddable":true,"href":"https:\/\/tourtravelandmore.com\/es\/wp-json\/wp\/v2\/product_cat?post=68004"},{"taxonomy":"product_tag","embeddable":true,"href":"https:\/\/tourtravelandmore.com\/es\/wp-json\/wp\/v2\/product_tag?post=68004"}],"curies":[{"name":"wp","href":"https:\/\/api.w.org\/{rel}","templated":true}]}}