{"id":67971,"date":"2019-10-10T13:10:04","date_gmt":"2019-10-10T11:10:05","guid":{"rendered":"https:\/\/tourtravelandmore.com\/?post_type=product&#038;p=67971"},"modified":"2024-08-09T16:06:59","modified_gmt":"2024-08-09T14:06:59","slug":"tour-privado-por-oslo","status":"publish","type":"product","link":"https:\/\/tourtravelandmore.com\/es\/tours\/noruega-es\/oslo-es\/tour-privado-por-oslo\/","title":{"rendered":"Tour Privado por Oslo"},"content":{"rendered":"<h2 id=\"tw-target-text\" class=\"tw-data-text tw-text-large XcVN5d tw-ta\" dir=\"ltr\" data-placeholder=\"Traducci\u00f3n\"><span lang=\"es\">Descripci\u00f3n del Tour Privado por Oslo<\/span><\/h2>\n<p>Disfrute de este <strong>Tour Privado por Oslo<\/strong>\u00a0junto con su gu\u00eda oficial privado y su veh\u00edculo privado. Conozca lo mejor de lo que Oslo tiene para ofrecer en este tour privado. Este recorrido se centrar\u00e1 en el lado central de Oslo, el sentrum.<\/p>\n<p>Lo recogeremos en su hotel o lugar a elecci\u00f3n en Oslo. Nuestra primera parada ser\u00e1 la <strong>Iglesia de Oslo<\/strong>, anteriormente conocida como la Iglesia de Nuestro Salvador. Comenzaremos nuestro recorrido desde all\u00ed y nos dirigiremos a la <strong>Sala de Conciertos de Oslo<\/strong>, ubicada en el distrito Vika del centro de la ciudad, que tambi\u00e9n es el hogar de la <strong>Orquesta Filarm\u00f3nica de Oslo<\/strong>.<\/p>\n<p>Continuaremos hasta <strong>GlasMagasinet<\/strong>, los grandes almacenes m\u00e1s antiguos de Oslo que contin\u00faa hasta nuestros d\u00edas la tradici\u00f3n de vender cristal antiguo noruego y otras artesan\u00edas hechas a mano.<\/p>\n<p>Entre los muchos lugares famosos que visitaremos, conoceremos el <strong>Palacio Real o Slottet<\/strong> en Oslo. El Palacio fue construido en la primera mitad del siglo XIX como residencia noruega del rey Carlos III de Noruega, nacido en Francia, que rein\u00f3 como rey de Noruega y Suecia. El palacio es la residencia oficial del actual monarca noruego, mientras que el Pr\u00edncipe Heredero reside en Skaugum en Asker al oeste de Oslo.<\/p>\n<p>Hay muchos m\u00e1s lugares donde su gu\u00eda tur\u00edstico privado puede ayudarlo a explorar, incluso los lugares m\u00e1s emblem\u00e1ticos e impresionantes de Oslo, donde puede tomar las mejores fotos cuando y donde quiera a lo largo de su recorrido privado.<\/p>\n<h2>Puntos emblem\u00e1ticos y de inter\u00e9s en el Tour Privado por Oslo<\/h2>\n<p>Durante su Tour Privado por Oslo, descubrir\u00e1 algunos de los lugares m\u00e1s reconocidos de la ciudad. <span class=\"JLqJ4b ChMk0b\" data-language-for-alternatives=\"es\" data-language-to-translate-into=\"en\" data-phrase-index=\"1\">Ser\u00e1s testigo de su singular belleza arquitect\u00f3nica. <\/span><\/p>\n<p><span class=\"JLqJ4b ChMk0b\" data-language-for-alternatives=\"es\" data-language-to-translate-into=\"en\" data-phrase-index=\"1\">Entre los sitios que cubriremos desde el Sentrum, visitar\u00e1:<\/span><\/p>\n<ul>\n<li><strong>Catedral de Oslo <\/strong><\/li>\n<li><strong><span class=\"JLqJ4b\" data-language-for-alternatives=\"es\" data-language-to-translate-into=\"en\" data-phrase-index=\"1\"><span class=\"JLqJ4b ChMk0b\" data-language-for-alternatives=\"es\" data-language-to-translate-into=\"en\" data-phrase-index=\"2\">Sala de conciertos cubierta de Oslo <\/span><\/span><\/strong><\/li>\n<li><strong><span class=\"JLqJ4b\" data-language-for-alternatives=\"es\" data-language-to-translate-into=\"en\" data-phrase-index=\"1\"><span class=\"JLqJ4b ChMk0b\" data-language-for-alternatives=\"es\" data-language-to-translate-into=\"en\" data-phrase-index=\"2\">GlasMagasinet <\/span><\/span><\/strong><\/li>\n<li><strong><span class=\"JLqJ4b\" data-language-for-alternatives=\"es\" data-language-to-translate-into=\"en\" data-phrase-index=\"1\"><span class=\"JLqJ4b ChMk0b\" data-language-for-alternatives=\"es\" data-language-to-translate-into=\"en\" data-phrase-index=\"2\">Stortovet <\/span><\/span><\/strong><\/li>\n<li><strong><span class=\"JLqJ4b\" data-language-for-alternatives=\"es\" data-language-to-translate-into=\"en\" data-phrase-index=\"1\"><span class=\"JLqJ4b ChMk0b\" data-language-for-alternatives=\"es\" data-language-to-translate-into=\"en\" data-phrase-index=\"2\">Heimen Husflid <\/span><\/span><\/strong><\/li>\n<li><strong><span class=\"JLqJ4b\" data-language-for-alternatives=\"es\" data-language-to-translate-into=\"en\" data-phrase-index=\"1\"><span class=\"JLqJ4b ChMk0b\" data-language-for-alternatives=\"es\" data-language-to-translate-into=\"en\" data-phrase-index=\"2\">Universidad de Oslo<\/span><\/span><\/strong><\/li>\n<li><strong><span class=\"JLqJ4b\" data-language-for-alternatives=\"es\" data-language-to-translate-into=\"en\" data-phrase-index=\"1\"><span class=\"JLqJ4b ChMk0b\" data-language-for-alternatives=\"es\" data-language-to-translate-into=\"en\" data-phrase-index=\"2\">Stortinget <\/span><\/span><\/strong><\/li>\n<li><strong><span class=\"JLqJ4b\" data-language-for-alternatives=\"es\" data-language-to-translate-into=\"en\" data-phrase-index=\"1\"><span class=\"JLqJ4b ChMk0b\" data-language-for-alternatives=\"es\" data-language-to-translate-into=\"en\" data-phrase-index=\"2\">Teatrocaf\u00e9en <\/span><\/span><\/strong><\/li>\n<li><strong><span class=\"JLqJ4b\" data-language-for-alternatives=\"es\" data-language-to-translate-into=\"en\" data-phrase-index=\"1\"><span class=\"JLqJ4b ChMk0b\" data-language-for-alternatives=\"es\" data-language-to-translate-into=\"en\" data-phrase-index=\"2\">Teatro Nacional<\/span><\/span><\/strong><\/li>\n<li><strong><span class=\"JLqJ4b\" data-language-for-alternatives=\"es\" data-language-to-translate-into=\"en\" data-phrase-index=\"1\"><span class=\"JLqJ4b ChMk0b\" data-language-for-alternatives=\"es\" data-language-to-translate-into=\"en\" data-phrase-index=\"2\">Palacio Real <\/span><\/span><\/strong><\/li>\n<li><span class=\"JLqJ4b\" data-language-for-alternatives=\"es\" data-language-to-translate-into=\"en\" data-phrase-index=\"1\"><span class=\"JLqJ4b ChMk0b\" data-language-for-alternatives=\"es\" data-language-to-translate-into=\"en\" data-phrase-index=\"2\">Y muchos m\u00e1s lugares en este tour privado por Oslo.<\/span><\/span><\/li>\n<\/ul>\n<p>Este tour es completamente personalizable. <span class=\"JLqJ4b ChMk0b\" data-language-for-alternatives=\"es\" data-language-to-translate-into=\"en\" data-phrase-index=\"1\">Comun\u00edquese con nosotros para que su experiencia sea \u00fanica y le ayudemos a organizar su recorrido privado.<\/span><\/p>\n<p><a href=\"https:\/\/tourtravelandmore.com\/es\/ciudad\/noruega-es\/oslo-es\/\"><span class=\"JLqJ4b ChMk0b\" data-language-for-alternatives=\"es\" data-language-to-translate-into=\"en\" data-phrase-index=\"1\"><span class=\"JLqJ4b\" data-language-for-alternatives=\"es\" data-language-to-translate-into=\"en\" data-phrase-index=\"2\"> \u00a1Eche un vistazo a nuestros otros tours privados en Oslo aqu\u00ed!<\/span><\/span><\/a><\/p>\n","protected":false},"excerpt":{"rendered":"<p>Tome esta oportunidad para conocer y disfrutar de <strong>Oslo<\/strong> durante este <strong>tour privado<\/strong> con vuestro guia oficial privado. Disfruta de los monumentos y zonas m\u00e1s emblem\u00e1ticas de Oslo como <strong>Theatercaf\u00e9en, Plaza Central de Stortovet, Catedral de oslo, Sala de conciertos cubierta de Oslo<\/strong> y muchos lugares m\u00e1s.<\/p>\n","protected":false},"featured_media":176041,"comment_status":"open","ping_status":"closed","template":"","meta":{"_acf_changed":false},"product_brand":[],"product_cat":[1611,1477,1510,1481],"product_tag":[],"class_list":{"0":"post-67971","1":"product","2":"type-product","3":"status-publish","4":"has-post-thumbnail","6":"product_cat-noruega-es","7":"product_cat-oslo-es","8":"product_cat-tromso-actividades-es","9":"product_cat-oslo-rutas-turisticas-privadas-es","11":"first","12":"instock","13":"shipping-taxable","14":"purchasable","15":"product-type-simple"},"acf":[],"yoast_head":"<!-- This site is optimized with the Yoast SEO Premium plugin v25.3.1 (Yoast SEO v25.3.1) - https:\/\/yoast.com\/wordpress\/plugins\/seo\/ -->\n<title>\u27a1\ufe0f Tour Privado por Oslo con chofer y gu\u00eda oficial local | Tour Travel &amp; More<\/title>\n<meta name=\"description\" content=\"Tour privado por la ciudad de Oslo. Disfrute Oslo desde la comodidad de un veh\u00edculo privado y conozca sus monumentos m\u00e1s emblem\u00e1ticos \u2705\" \/>\n<meta name=\"robots\" content=\"index, follow, max-snippet:-1, max-image-preview:large, max-video-preview:-1\" \/>\n<link rel=\"canonical\" href=\"https:\/\/tourtravelandmore.com\/es\/tours\/noruega-es\/oslo-es\/tour-privado-por-oslo\/\" \/>\n<meta property=\"og:locale\" content=\"es_ES\" \/>\n<meta property=\"og:type\" content=\"article\" \/>\n<meta property=\"og:title\" content=\"Tour Privado por Oslo\" \/>\n<meta property=\"og:description\" content=\"Tour privado por la ciudad de Oslo. Disfrute Oslo desde la comodidad de un veh\u00edculo privado y conozca sus monumentos m\u00e1s emblem\u00e1ticos \u2705\" \/>\n<meta property=\"og:url\" content=\"https:\/\/tourtravelandmore.com\/es\/tours\/noruega-es\/oslo-es\/tour-privado-por-oslo\/\" \/>\n<meta property=\"og:site_name\" content=\"Tour Travel And More\" \/>\n<meta property=\"article:publisher\" content=\"https:\/\/www.facebook.com\/tourtravelandmore\/\" \/>\n<meta property=\"article:modified_time\" content=\"2024-08-09T14:06:59+00:00\" \/>\n<meta property=\"og:image\" content=\"https:\/\/tourtravelandmore.com\/wp-content\/uploads\/2019\/10\/pexels-naren-yogarajah-2550806-4150060.jpg\" \/>\n\t<meta property=\"og:image:width\" content=\"1920\" \/>\n\t<meta property=\"og:image:height\" content=\"1280\" \/>\n\t<meta property=\"og:image:type\" content=\"image\/jpeg\" \/>\n<meta name=\"twitter:card\" content=\"summary_large_image\" \/>\n<meta name=\"twitter:site\" content=\"@TourTravel_More\" \/>\n<meta name=\"twitter:label1\" content=\"Tiempo de lectura\" \/>\n\t<meta name=\"twitter:data1\" content=\"2 minutos\" \/>\n<script type=\"application\/ld+json\" class=\"yoast-schema-graph\">{\"@context\":\"https:\/\/schema.org\",\"@graph\":[{\"@type\":\"WebPage\",\"@id\":\"https:\/\/tourtravelandmore.com\/es\/tours\/noruega-es\/oslo-es\/tour-privado-por-oslo\/\",\"url\":\"https:\/\/tourtravelandmore.com\/es\/tours\/noruega-es\/oslo-es\/tour-privado-por-oslo\/\",\"name\":\"\u27a1\ufe0f Tour Privado por Oslo con chofer y gu\u00eda oficial local | Tour Travel & More\",\"isPartOf\":{\"@id\":\"https:\/\/tourtravelandmore.com\/es\/#website\"},\"primaryImageOfPage\":{\"@id\":\"https:\/\/tourtravelandmore.com\/es\/tours\/noruega-es\/oslo-es\/tour-privado-por-oslo\/#primaryimage\"},\"image\":{\"@id\":\"https:\/\/tourtravelandmore.com\/es\/tours\/noruega-es\/oslo-es\/tour-privado-por-oslo\/#primaryimage\"},\"thumbnailUrl\":\"https:\/\/tourtravelandmore.com\/wp-content\/uploads\/2019\/10\/pexels-naren-yogarajah-2550806-4150060.jpg\",\"datePublished\":\"2019-10-10T11:10:05+00:00\",\"dateModified\":\"2024-08-09T14:06:59+00:00\",\"description\":\"Tour privado por la ciudad de Oslo. Disfrute Oslo desde la comodidad de un veh\u00edculo privado y conozca sus monumentos m\u00e1s emblem\u00e1ticos \u2705\",\"breadcrumb\":{\"@id\":\"https:\/\/tourtravelandmore.com\/es\/tours\/noruega-es\/oslo-es\/tour-privado-por-oslo\/#breadcrumb\"},\"inLanguage\":\"es\",\"potentialAction\":[{\"@type\":\"ReadAction\",\"target\":[\"https:\/\/tourtravelandmore.com\/es\/tours\/noruega-es\/oslo-es\/tour-privado-por-oslo\/\"]}]},{\"@type\":\"ImageObject\",\"inLanguage\":\"es\",\"@id\":\"https:\/\/tourtravelandmore.com\/es\/tours\/noruega-es\/oslo-es\/tour-privado-por-oslo\/#primaryimage\",\"url\":\"https:\/\/tourtravelandmore.com\/wp-content\/uploads\/2019\/10\/pexels-naren-yogarajah-2550806-4150060.jpg\",\"contentUrl\":\"https:\/\/tourtravelandmore.com\/wp-content\/uploads\/2019\/10\/pexels-naren-yogarajah-2550806-4150060.jpg\",\"width\":1920,\"height\":1280},{\"@type\":\"BreadcrumbList\",\"@id\":\"https:\/\/tourtravelandmore.com\/es\/tours\/noruega-es\/oslo-es\/tour-privado-por-oslo\/#breadcrumb\",\"itemListElement\":[{\"@type\":\"ListItem\",\"position\":1,\"name\":\"Home\",\"item\":\"https:\/\/tourtravelandmore.com\/es\/\"},{\"@type\":\"ListItem\",\"position\":2,\"name\":\"Tours\",\"item\":\"https:\/\/tourtravelandmore.com\/es\/tours\/\"},{\"@type\":\"ListItem\",\"position\":3,\"name\":\"Tour Privado por Oslo\"}]},{\"@type\":\"WebSite\",\"@id\":\"https:\/\/tourtravelandmore.com\/es\/#website\",\"url\":\"https:\/\/tourtravelandmore.com\/es\/\",\"name\":\"Tour Travel And More\",\"description\":\"Private sightseeing tours and luxury transfers in Spain\",\"publisher\":{\"@id\":\"https:\/\/tourtravelandmore.com\/es\/#organization\"},\"potentialAction\":[{\"@type\":\"SearchAction\",\"target\":{\"@type\":\"EntryPoint\",\"urlTemplate\":\"https:\/\/tourtravelandmore.com\/es\/?s={search_term_string}\"},\"query-input\":{\"@type\":\"PropertyValueSpecification\",\"valueRequired\":true,\"valueName\":\"search_term_string\"}}],\"inLanguage\":\"es\"},{\"@type\":\"Organization\",\"@id\":\"https:\/\/tourtravelandmore.com\/es\/#organization\",\"name\":\"Tour Travel And More\",\"url\":\"https:\/\/tourtravelandmore.com\/es\/\",\"logo\":{\"@type\":\"ImageObject\",\"inLanguage\":\"es\",\"@id\":\"https:\/\/tourtravelandmore.com\/es\/#\/schema\/logo\/image\/\",\"url\":\"https:\/\/tourtravelandmore.com\/wp-content\/uploads\/2022\/12\/cropped-logo-cabecera-new.png\",\"contentUrl\":\"https:\/\/tourtravelandmore.com\/wp-content\/uploads\/2022\/12\/cropped-logo-cabecera-new.png\",\"width\":430,\"height\":61,\"caption\":\"Tour Travel And More\"},\"image\":{\"@id\":\"https:\/\/tourtravelandmore.com\/es\/#\/schema\/logo\/image\/\"},\"sameAs\":[\"https:\/\/www.facebook.com\/tourtravelandmore\/\",\"https:\/\/x.com\/TourTravel_More\"]}]}<\/script>\n<!-- \/ Yoast SEO Premium plugin. -->","yoast_head_json":{"title":"\u27a1\ufe0f Tour Privado por Oslo con chofer y gu\u00eda oficial local | Tour Travel & More","description":"Tour privado por la ciudad de Oslo. Disfrute Oslo desde la comodidad de un veh\u00edculo privado y conozca sus monumentos m\u00e1s emblem\u00e1ticos \u2705","robots":{"index":"index","follow":"follow","max-snippet":"max-snippet:-1","max-image-preview":"max-image-preview:large","max-video-preview":"max-video-preview:-1"},"canonical":"https:\/\/tourtravelandmore.com\/es\/tours\/noruega-es\/oslo-es\/tour-privado-por-oslo\/","og_locale":"es_ES","og_type":"article","og_title":"Tour Privado por Oslo","og_description":"Tour privado por la ciudad de Oslo. Disfrute Oslo desde la comodidad de un veh\u00edculo privado y conozca sus monumentos m\u00e1s emblem\u00e1ticos \u2705","og_url":"https:\/\/tourtravelandmore.com\/es\/tours\/noruega-es\/oslo-es\/tour-privado-por-oslo\/","og_site_name":"Tour Travel And More","article_publisher":"https:\/\/www.facebook.com\/tourtravelandmore\/","article_modified_time":"2024-08-09T14:06:59+00:00","og_image":[{"width":1920,"height":1280,"url":"https:\/\/tourtravelandmore.com\/wp-content\/uploads\/2019\/10\/pexels-naren-yogarajah-2550806-4150060.jpg","type":"image\/jpeg"}],"twitter_card":"summary_large_image","twitter_site":"@TourTravel_More","twitter_misc":{"Tiempo de lectura":"2 minutos"},"schema":{"@context":"https:\/\/schema.org","@graph":[{"@type":"WebPage","@id":"https:\/\/tourtravelandmore.com\/es\/tours\/noruega-es\/oslo-es\/tour-privado-por-oslo\/","url":"https:\/\/tourtravelandmore.com\/es\/tours\/noruega-es\/oslo-es\/tour-privado-por-oslo\/","name":"\u27a1\ufe0f Tour Privado por Oslo con chofer y gu\u00eda oficial local | Tour Travel & More","isPartOf":{"@id":"https:\/\/tourtravelandmore.com\/es\/#website"},"primaryImageOfPage":{"@id":"https:\/\/tourtravelandmore.com\/es\/tours\/noruega-es\/oslo-es\/tour-privado-por-oslo\/#primaryimage"},"image":{"@id":"https:\/\/tourtravelandmore.com\/es\/tours\/noruega-es\/oslo-es\/tour-privado-por-oslo\/#primaryimage"},"thumbnailUrl":"https:\/\/tourtravelandmore.com\/wp-content\/uploads\/2019\/10\/pexels-naren-yogarajah-2550806-4150060.jpg","datePublished":"2019-10-10T11:10:05+00:00","dateModified":"2024-08-09T14:06:59+00:00","description":"Tour privado por la ciudad de Oslo. Disfrute Oslo desde la comodidad de un veh\u00edculo privado y conozca sus monumentos m\u00e1s emblem\u00e1ticos \u2705","breadcrumb":{"@id":"https:\/\/tourtravelandmore.com\/es\/tours\/noruega-es\/oslo-es\/tour-privado-por-oslo\/#breadcrumb"},"inLanguage":"es","potentialAction":[{"@type":"ReadAction","target":["https:\/\/tourtravelandmore.com\/es\/tours\/noruega-es\/oslo-es\/tour-privado-por-oslo\/"]}]},{"@type":"ImageObject","inLanguage":"es","@id":"https:\/\/tourtravelandmore.com\/es\/tours\/noruega-es\/oslo-es\/tour-privado-por-oslo\/#primaryimage","url":"https:\/\/tourtravelandmore.com\/wp-content\/uploads\/2019\/10\/pexels-naren-yogarajah-2550806-4150060.jpg","contentUrl":"https:\/\/tourtravelandmore.com\/wp-content\/uploads\/2019\/10\/pexels-naren-yogarajah-2550806-4150060.jpg","width":1920,"height":1280},{"@type":"BreadcrumbList","@id":"https:\/\/tourtravelandmore.com\/es\/tours\/noruega-es\/oslo-es\/tour-privado-por-oslo\/#breadcrumb","itemListElement":[{"@type":"ListItem","position":1,"name":"Home","item":"https:\/\/tourtravelandmore.com\/es\/"},{"@type":"ListItem","position":2,"name":"Tours","item":"https:\/\/tourtravelandmore.com\/es\/tours\/"},{"@type":"ListItem","position":3,"name":"Tour Privado por Oslo"}]},{"@type":"WebSite","@id":"https:\/\/tourtravelandmore.com\/es\/#website","url":"https:\/\/tourtravelandmore.com\/es\/","name":"Tour Travel And More","description":"Private sightseeing tours and luxury transfers in Spain","publisher":{"@id":"https:\/\/tourtravelandmore.com\/es\/#organization"},"potentialAction":[{"@type":"SearchAction","target":{"@type":"EntryPoint","urlTemplate":"https:\/\/tourtravelandmore.com\/es\/?s={search_term_string}"},"query-input":{"@type":"PropertyValueSpecification","valueRequired":true,"valueName":"search_term_string"}}],"inLanguage":"es"},{"@type":"Organization","@id":"https:\/\/tourtravelandmore.com\/es\/#organization","name":"Tour Travel And More","url":"https:\/\/tourtravelandmore.com\/es\/","logo":{"@type":"ImageObject","inLanguage":"es","@id":"https:\/\/tourtravelandmore.com\/es\/#\/schema\/logo\/image\/","url":"https:\/\/tourtravelandmore.com\/wp-content\/uploads\/2022\/12\/cropped-logo-cabecera-new.png","contentUrl":"https:\/\/tourtravelandmore.com\/wp-content\/uploads\/2022\/12\/cropped-logo-cabecera-new.png","width":430,"height":61,"caption":"Tour Travel And More"},"image":{"@id":"https:\/\/tourtravelandmore.com\/es\/#\/schema\/logo\/image\/"},"sameAs":["https:\/\/www.facebook.com\/tourtravelandmore\/","https:\/\/x.com\/TourTravel_More"]}]}},"_links":{"self":[{"href":"https:\/\/tourtravelandmore.com\/es\/wp-json\/wp\/v2\/product\/67971","targetHints":{"allow":["GET"]}}],"collection":[{"href":"https:\/\/tourtravelandmore.com\/es\/wp-json\/wp\/v2\/product"}],"about":[{"href":"https:\/\/tourtravelandmore.com\/es\/wp-json\/wp\/v2\/types\/product"}],"replies":[{"embeddable":true,"href":"https:\/\/tourtravelandmore.com\/es\/wp-json\/wp\/v2\/comments?post=67971"}],"wp:featuredmedia":[{"embeddable":true,"href":"https:\/\/tourtravelandmore.com\/es\/wp-json\/wp\/v2\/media\/176041"}],"wp:attachment":[{"href":"https:\/\/tourtravelandmore.com\/es\/wp-json\/wp\/v2\/media?parent=67971"}],"wp:term":[{"taxonomy":"product_brand","embeddable":true,"href":"https:\/\/tourtravelandmore.com\/es\/wp-json\/wp\/v2\/product_brand?post=67971"},{"taxonomy":"product_cat","embeddable":true,"href":"https:\/\/tourtravelandmore.com\/es\/wp-json\/wp\/v2\/product_cat?post=67971"},{"taxonomy":"product_tag","embeddable":true,"href":"https:\/\/tourtravelandmore.com\/es\/wp-json\/wp\/v2\/product_tag?post=67971"}],"curies":[{"name":"wp","href":"https:\/\/api.w.org\/{rel}","templated":true}]}}