{"id":67961,"date":"2019-10-10T13:10:00","date_gmt":"2019-10-10T11:10:01","guid":{"rendered":"https:\/\/tourtravelandmore.com\/?post_type=product&#038;p=67961"},"modified":"2023-12-15T11:45:04","modified_gmt":"2023-12-15T10:45:04","slug":"tour-privado-a-pie-por-oslo","status":"publish","type":"product","link":"https:\/\/tourtravelandmore.com\/es\/tours\/noruega-es\/oslo-es\/tour-privado-a-pie-por-oslo\/","title":{"rendered":"Tour Privado a pie por Oslo"},"content":{"rendered":"<h2 id=\"tw-target-text\" class=\"tw-data-text tw-text-large XcVN5d tw-ta\" dir=\"ltr\" data-placeholder=\"Traducci\u00f3n\"><span lang=\"es\">Descripci\u00f3n del Tour Privado a pie por Oslo<\/span><\/h2>\n<p>Disfrute de este<strong> Tour Privado a pie por Oslo<\/strong> con un gu\u00eda oficial local. Conozca lo mejor de lo que Oslo tiene para ofrecer en este tour privado. Este recorrido se centrar\u00e1 en el lado central de Oslo, m\u00e1s espec\u00edficamente Gr\u00fcnerl\u00f8kka y St. Hanshaugen. Para conocer lo mejor de una ciudad, un tour privado es la experiencia perfecta.<\/p>\n<p>Nos reuniremos en un punto central en Oslo. Durante este recorrido, visitaremos los monumentos y sitios m\u00e1s famosos de la ciudad. Caminaremos desde aqu\u00ed hasta uno de los lugares m\u00e1s populares y tranquilos, el parque St. Hanshaugen, ubicado en la colina de Ullev\u00e5lsveien y Collettsgate.<\/p>\n<p>A lo largo de este recorrido a pie, cubriremos algunos de los museos m\u00e1s famosos de Oslo, incluido el Museo Botanisk Hage og, el Museo de Historia Natural y el Museo Zoologisk. Nuestra \u00faltima parada ser\u00e1 el Frognerparken, anteriormente propiedad de Frogner Manor, hoy est\u00e1 abierto al p\u00fablico en general y cuenta con el famoso Parque Vigeland.<\/p>\n<p>Hay muchos m\u00e1s lugares donde su gu\u00eda tur\u00edstico privado puede ayudarlo a explorar, incluso los lugares m\u00e1s emblem\u00e1ticos e impresionantes de Oslo. Aqu\u00ed puede tomar las mejores fotos cuando y donde quiera a lo largo de su recorrido privado.<\/p>\n<h2>Puntos emblem\u00e1ticos y de inter\u00e9s en el Tour Privado a pie por Oslo<\/h2>\n<p>Durante su tour privado a pie por Oslo, descubrir\u00e1 algunos de los lugares m\u00e1s reconocidos de la ciudad.<span class=\"JLqJ4b\" data-language-for-alternatives=\"es\" data-language-to-translate-into=\"en\" data-phrase-index=\"1\"> <span class=\"JLqJ4b ChMk0b\" data-language-for-alternatives=\"es\" data-language-to-translate-into=\"en\" data-phrase-index=\"2\">Ser\u00e1s testigo de su singular belleza arquitect\u00f3nica. <\/span><\/span><\/p>\n<p><span class=\"JLqJ4b\" data-language-for-alternatives=\"es\" data-language-to-translate-into=\"en\" data-phrase-index=\"1\"><span class=\"JLqJ4b ChMk0b\" data-language-for-alternatives=\"es\" data-language-to-translate-into=\"en\" data-phrase-index=\"2\">Entre los sitios que puede visitar a trav\u00e9s de este tour privado, le ofrecemos:<\/span><\/span><\/p>\n<ul>\n<li><strong>Parque St. Hanshaugen<\/strong><\/li>\n<li><strong>Sinagoga de Bergstien<\/strong><\/li>\n<li><strong>Iglesia vieja de Aker<\/strong><\/li>\n<li><strong>Casa de madera<\/strong><\/li>\n<li><strong>Iglesia de pablo<\/strong><\/li>\n<li><strong>Bar Boca<\/strong><\/li>\n<li><strong>Gr\u00fcnerl\u00f8kka<\/strong><\/li>\n<li><strong>Jard\u00edn Bot\u00e1nico y Museo<\/strong><\/li>\n<li><strong>El museo de historia natural<\/strong><\/li>\n<li><strong>Museo zoologico<\/strong><\/li>\n<li><strong>Frogneparken<\/strong><\/li>\n<li>Y muchos m\u00e1s lugares en este recorrido privado a pie por Oslo.<\/li>\n<\/ul>\n<p>Este tour privado terminar\u00e1 en el centro de la ciudad.<\/p>\n<p><a href=\"https:\/\/tourtravelandmore.com\/es\/ciudad\/noruega-es\/oslo-es\/\"><span class=\"JLqJ4b\" data-language-for-alternatives=\"es\" data-language-to-translate-into=\"en\" data-phrase-index=\"1\"><span class=\"JLqJ4b ChMk0b\" data-language-for-alternatives=\"es\" data-language-to-translate-into=\"en\" data-phrase-index=\"2\">\u00a1Eche un vistazo a todas nuestras experiencias privadas para usted en Oslo!<\/span><\/span><\/a><\/p>\n","protected":false},"excerpt":{"rendered":"<p><strong>Oslo<\/strong> es una ciudad incre\u00edble que vale la pena recorrer, y la mejor forma de hacerlo es con nuestro <strong>tour privado a pie por las calles de Oslo<\/strong> con gu\u00eda oficial privado. Podr\u00e1 admirar las hermosas edificaciones y monumentos.<\/p>\n","protected":false},"featured_media":68197,"comment_status":"open","ping_status":"closed","template":"","meta":{"_acf_changed":false},"product_brand":[],"product_cat":[1611,1477,1510,1479],"product_tag":[],"class_list":{"0":"post-67961","1":"product","2":"type-product","3":"status-publish","4":"has-post-thumbnail","6":"product_cat-noruega-es","7":"product_cat-oslo-es","8":"product_cat-tromso-actividades-es","9":"product_cat-oslo-tours-privados-pie-es","11":"first","12":"instock","13":"shipping-taxable","14":"purchasable","15":"product-type-simple"},"acf":[],"yoast_head":"<!-- This site is optimized with the Yoast SEO Premium plugin v25.3.1 (Yoast SEO v25.3.1) - https:\/\/yoast.com\/wordpress\/plugins\/seo\/ -->\n<title>\u27a1\ufe0f Tour Privado a pie por Oslo con gu\u00eda profesional local | Tour Travel &amp; More<\/title>\n<meta name=\"description\" content=\"Disfruta de este Tour Privado a pie por Oslo. Conozca una ciudad llena de historia, cultura y monumentos resaltantes con un gu\u00eda local \u2705\" \/>\n<meta name=\"robots\" content=\"index, follow, max-snippet:-1, max-image-preview:large, max-video-preview:-1\" \/>\n<link rel=\"canonical\" href=\"https:\/\/tourtravelandmore.com\/es\/tours\/noruega-es\/oslo-es\/tour-privado-a-pie-por-oslo\/\" \/>\n<meta property=\"og:locale\" content=\"es_ES\" \/>\n<meta property=\"og:type\" content=\"article\" \/>\n<meta property=\"og:title\" content=\"Tour Privado a pie por Oslo\" \/>\n<meta property=\"og:description\" content=\"Disfruta de este Tour Privado a pie por Oslo. Conozca una ciudad llena de historia, cultura y monumentos resaltantes con un gu\u00eda local \u2705\" \/>\n<meta property=\"og:url\" content=\"https:\/\/tourtravelandmore.com\/es\/tours\/noruega-es\/oslo-es\/tour-privado-a-pie-por-oslo\/\" \/>\n<meta property=\"og:site_name\" content=\"Tour Travel And More\" \/>\n<meta property=\"article:publisher\" content=\"https:\/\/www.facebook.com\/tourtravelandmore\/\" \/>\n<meta property=\"article:modified_time\" content=\"2023-12-15T10:45:04+00:00\" \/>\n<meta property=\"og:image\" content=\"https:\/\/tourtravelandmore.com\/wp-content\/uploads\/2019\/10\/oslo.jpg\" \/>\n\t<meta property=\"og:image:width\" content=\"960\" \/>\n\t<meta property=\"og:image:height\" content=\"640\" \/>\n\t<meta property=\"og:image:type\" content=\"image\/jpeg\" \/>\n<meta name=\"twitter:card\" content=\"summary_large_image\" \/>\n<meta name=\"twitter:site\" content=\"@TourTravel_More\" \/>\n<meta name=\"twitter:label1\" content=\"Tiempo de lectura\" \/>\n\t<meta name=\"twitter:data1\" content=\"2 minutos\" \/>\n<script type=\"application\/ld+json\" class=\"yoast-schema-graph\">{\"@context\":\"https:\/\/schema.org\",\"@graph\":[{\"@type\":\"WebPage\",\"@id\":\"https:\/\/tourtravelandmore.com\/es\/tours\/noruega-es\/oslo-es\/tour-privado-a-pie-por-oslo\/\",\"url\":\"https:\/\/tourtravelandmore.com\/es\/tours\/noruega-es\/oslo-es\/tour-privado-a-pie-por-oslo\/\",\"name\":\"\u27a1\ufe0f Tour Privado a pie por Oslo con gu\u00eda profesional local | Tour Travel & More\",\"isPartOf\":{\"@id\":\"https:\/\/tourtravelandmore.com\/es\/#website\"},\"primaryImageOfPage\":{\"@id\":\"https:\/\/tourtravelandmore.com\/es\/tours\/noruega-es\/oslo-es\/tour-privado-a-pie-por-oslo\/#primaryimage\"},\"image\":{\"@id\":\"https:\/\/tourtravelandmore.com\/es\/tours\/noruega-es\/oslo-es\/tour-privado-a-pie-por-oslo\/#primaryimage\"},\"thumbnailUrl\":\"https:\/\/tourtravelandmore.com\/wp-content\/uploads\/2019\/10\/oslo.jpg\",\"datePublished\":\"2019-10-10T11:10:01+00:00\",\"dateModified\":\"2023-12-15T10:45:04+00:00\",\"description\":\"Disfruta de este Tour Privado a pie por Oslo. Conozca una ciudad llena de historia, cultura y monumentos resaltantes con un gu\u00eda local \u2705\",\"breadcrumb\":{\"@id\":\"https:\/\/tourtravelandmore.com\/es\/tours\/noruega-es\/oslo-es\/tour-privado-a-pie-por-oslo\/#breadcrumb\"},\"inLanguage\":\"es\",\"potentialAction\":[{\"@type\":\"ReadAction\",\"target\":[\"https:\/\/tourtravelandmore.com\/es\/tours\/noruega-es\/oslo-es\/tour-privado-a-pie-por-oslo\/\"]}]},{\"@type\":\"ImageObject\",\"inLanguage\":\"es\",\"@id\":\"https:\/\/tourtravelandmore.com\/es\/tours\/noruega-es\/oslo-es\/tour-privado-a-pie-por-oslo\/#primaryimage\",\"url\":\"https:\/\/tourtravelandmore.com\/wp-content\/uploads\/2019\/10\/oslo.jpg\",\"contentUrl\":\"https:\/\/tourtravelandmore.com\/wp-content\/uploads\/2019\/10\/oslo.jpg\",\"width\":960,\"height\":640},{\"@type\":\"BreadcrumbList\",\"@id\":\"https:\/\/tourtravelandmore.com\/es\/tours\/noruega-es\/oslo-es\/tour-privado-a-pie-por-oslo\/#breadcrumb\",\"itemListElement\":[{\"@type\":\"ListItem\",\"position\":1,\"name\":\"Home\",\"item\":\"https:\/\/tourtravelandmore.com\/es\/\"},{\"@type\":\"ListItem\",\"position\":2,\"name\":\"Tours\",\"item\":\"https:\/\/tourtravelandmore.com\/es\/tours\/\"},{\"@type\":\"ListItem\",\"position\":3,\"name\":\"Tour Privado a pie por Oslo\"}]},{\"@type\":\"WebSite\",\"@id\":\"https:\/\/tourtravelandmore.com\/es\/#website\",\"url\":\"https:\/\/tourtravelandmore.com\/es\/\",\"name\":\"Tour Travel And More\",\"description\":\"Private sightseeing tours and luxury transfers in Spain\",\"publisher\":{\"@id\":\"https:\/\/tourtravelandmore.com\/es\/#organization\"},\"potentialAction\":[{\"@type\":\"SearchAction\",\"target\":{\"@type\":\"EntryPoint\",\"urlTemplate\":\"https:\/\/tourtravelandmore.com\/es\/?s={search_term_string}\"},\"query-input\":{\"@type\":\"PropertyValueSpecification\",\"valueRequired\":true,\"valueName\":\"search_term_string\"}}],\"inLanguage\":\"es\"},{\"@type\":\"Organization\",\"@id\":\"https:\/\/tourtravelandmore.com\/es\/#organization\",\"name\":\"Tour Travel And More\",\"url\":\"https:\/\/tourtravelandmore.com\/es\/\",\"logo\":{\"@type\":\"ImageObject\",\"inLanguage\":\"es\",\"@id\":\"https:\/\/tourtravelandmore.com\/es\/#\/schema\/logo\/image\/\",\"url\":\"https:\/\/tourtravelandmore.com\/wp-content\/uploads\/2022\/12\/cropped-logo-cabecera-new.png\",\"contentUrl\":\"https:\/\/tourtravelandmore.com\/wp-content\/uploads\/2022\/12\/cropped-logo-cabecera-new.png\",\"width\":430,\"height\":61,\"caption\":\"Tour Travel And More\"},\"image\":{\"@id\":\"https:\/\/tourtravelandmore.com\/es\/#\/schema\/logo\/image\/\"},\"sameAs\":[\"https:\/\/www.facebook.com\/tourtravelandmore\/\",\"https:\/\/x.com\/TourTravel_More\"]}]}<\/script>\n<!-- \/ Yoast SEO Premium plugin. -->","yoast_head_json":{"title":"\u27a1\ufe0f Tour Privado a pie por Oslo con gu\u00eda profesional local | Tour Travel & More","description":"Disfruta de este Tour Privado a pie por Oslo. Conozca una ciudad llena de historia, cultura y monumentos resaltantes con un gu\u00eda local \u2705","robots":{"index":"index","follow":"follow","max-snippet":"max-snippet:-1","max-image-preview":"max-image-preview:large","max-video-preview":"max-video-preview:-1"},"canonical":"https:\/\/tourtravelandmore.com\/es\/tours\/noruega-es\/oslo-es\/tour-privado-a-pie-por-oslo\/","og_locale":"es_ES","og_type":"article","og_title":"Tour Privado a pie por Oslo","og_description":"Disfruta de este Tour Privado a pie por Oslo. Conozca una ciudad llena de historia, cultura y monumentos resaltantes con un gu\u00eda local \u2705","og_url":"https:\/\/tourtravelandmore.com\/es\/tours\/noruega-es\/oslo-es\/tour-privado-a-pie-por-oslo\/","og_site_name":"Tour Travel And More","article_publisher":"https:\/\/www.facebook.com\/tourtravelandmore\/","article_modified_time":"2023-12-15T10:45:04+00:00","og_image":[{"width":960,"height":640,"url":"https:\/\/tourtravelandmore.com\/wp-content\/uploads\/2019\/10\/oslo.jpg","type":"image\/jpeg"}],"twitter_card":"summary_large_image","twitter_site":"@TourTravel_More","twitter_misc":{"Tiempo de lectura":"2 minutos"},"schema":{"@context":"https:\/\/schema.org","@graph":[{"@type":"WebPage","@id":"https:\/\/tourtravelandmore.com\/es\/tours\/noruega-es\/oslo-es\/tour-privado-a-pie-por-oslo\/","url":"https:\/\/tourtravelandmore.com\/es\/tours\/noruega-es\/oslo-es\/tour-privado-a-pie-por-oslo\/","name":"\u27a1\ufe0f Tour Privado a pie por Oslo con gu\u00eda profesional local | Tour Travel & More","isPartOf":{"@id":"https:\/\/tourtravelandmore.com\/es\/#website"},"primaryImageOfPage":{"@id":"https:\/\/tourtravelandmore.com\/es\/tours\/noruega-es\/oslo-es\/tour-privado-a-pie-por-oslo\/#primaryimage"},"image":{"@id":"https:\/\/tourtravelandmore.com\/es\/tours\/noruega-es\/oslo-es\/tour-privado-a-pie-por-oslo\/#primaryimage"},"thumbnailUrl":"https:\/\/tourtravelandmore.com\/wp-content\/uploads\/2019\/10\/oslo.jpg","datePublished":"2019-10-10T11:10:01+00:00","dateModified":"2023-12-15T10:45:04+00:00","description":"Disfruta de este Tour Privado a pie por Oslo. Conozca una ciudad llena de historia, cultura y monumentos resaltantes con un gu\u00eda local \u2705","breadcrumb":{"@id":"https:\/\/tourtravelandmore.com\/es\/tours\/noruega-es\/oslo-es\/tour-privado-a-pie-por-oslo\/#breadcrumb"},"inLanguage":"es","potentialAction":[{"@type":"ReadAction","target":["https:\/\/tourtravelandmore.com\/es\/tours\/noruega-es\/oslo-es\/tour-privado-a-pie-por-oslo\/"]}]},{"@type":"ImageObject","inLanguage":"es","@id":"https:\/\/tourtravelandmore.com\/es\/tours\/noruega-es\/oslo-es\/tour-privado-a-pie-por-oslo\/#primaryimage","url":"https:\/\/tourtravelandmore.com\/wp-content\/uploads\/2019\/10\/oslo.jpg","contentUrl":"https:\/\/tourtravelandmore.com\/wp-content\/uploads\/2019\/10\/oslo.jpg","width":960,"height":640},{"@type":"BreadcrumbList","@id":"https:\/\/tourtravelandmore.com\/es\/tours\/noruega-es\/oslo-es\/tour-privado-a-pie-por-oslo\/#breadcrumb","itemListElement":[{"@type":"ListItem","position":1,"name":"Home","item":"https:\/\/tourtravelandmore.com\/es\/"},{"@type":"ListItem","position":2,"name":"Tours","item":"https:\/\/tourtravelandmore.com\/es\/tours\/"},{"@type":"ListItem","position":3,"name":"Tour Privado a pie por Oslo"}]},{"@type":"WebSite","@id":"https:\/\/tourtravelandmore.com\/es\/#website","url":"https:\/\/tourtravelandmore.com\/es\/","name":"Tour Travel And More","description":"Private sightseeing tours and luxury transfers in Spain","publisher":{"@id":"https:\/\/tourtravelandmore.com\/es\/#organization"},"potentialAction":[{"@type":"SearchAction","target":{"@type":"EntryPoint","urlTemplate":"https:\/\/tourtravelandmore.com\/es\/?s={search_term_string}"},"query-input":{"@type":"PropertyValueSpecification","valueRequired":true,"valueName":"search_term_string"}}],"inLanguage":"es"},{"@type":"Organization","@id":"https:\/\/tourtravelandmore.com\/es\/#organization","name":"Tour Travel And More","url":"https:\/\/tourtravelandmore.com\/es\/","logo":{"@type":"ImageObject","inLanguage":"es","@id":"https:\/\/tourtravelandmore.com\/es\/#\/schema\/logo\/image\/","url":"https:\/\/tourtravelandmore.com\/wp-content\/uploads\/2022\/12\/cropped-logo-cabecera-new.png","contentUrl":"https:\/\/tourtravelandmore.com\/wp-content\/uploads\/2022\/12\/cropped-logo-cabecera-new.png","width":430,"height":61,"caption":"Tour Travel And More"},"image":{"@id":"https:\/\/tourtravelandmore.com\/es\/#\/schema\/logo\/image\/"},"sameAs":["https:\/\/www.facebook.com\/tourtravelandmore\/","https:\/\/x.com\/TourTravel_More"]}]}},"_links":{"self":[{"href":"https:\/\/tourtravelandmore.com\/es\/wp-json\/wp\/v2\/product\/67961","targetHints":{"allow":["GET"]}}],"collection":[{"href":"https:\/\/tourtravelandmore.com\/es\/wp-json\/wp\/v2\/product"}],"about":[{"href":"https:\/\/tourtravelandmore.com\/es\/wp-json\/wp\/v2\/types\/product"}],"replies":[{"embeddable":true,"href":"https:\/\/tourtravelandmore.com\/es\/wp-json\/wp\/v2\/comments?post=67961"}],"wp:featuredmedia":[{"embeddable":true,"href":"https:\/\/tourtravelandmore.com\/es\/wp-json\/wp\/v2\/media\/68197"}],"wp:attachment":[{"href":"https:\/\/tourtravelandmore.com\/es\/wp-json\/wp\/v2\/media?parent=67961"}],"wp:term":[{"taxonomy":"product_brand","embeddable":true,"href":"https:\/\/tourtravelandmore.com\/es\/wp-json\/wp\/v2\/product_brand?post=67961"},{"taxonomy":"product_cat","embeddable":true,"href":"https:\/\/tourtravelandmore.com\/es\/wp-json\/wp\/v2\/product_cat?post=67961"},{"taxonomy":"product_tag","embeddable":true,"href":"https:\/\/tourtravelandmore.com\/es\/wp-json\/wp\/v2\/product_tag?post=67961"}],"curies":[{"name":"wp","href":"https:\/\/api.w.org\/{rel}","templated":true}]}}