{"id":67862,"date":"2019-10-08T12:11:56","date_gmt":"2019-10-08T10:11:57","guid":{"rendered":"https:\/\/tourtravelandmore.com\/?post_type=product&#038;p=67862"},"modified":"2024-04-29T15:52:23","modified_gmt":"2024-04-29T13:52:23","slug":"tour-privado-burgos-desde-bilbao-con-guia-oficial-y-vehiculo","status":"publish","type":"product","link":"https:\/\/tourtravelandmore.com\/es\/tours\/espana-es\/bilbao-es\/tour-privado-burgos-desde-bilbao-con-guia-oficial-y-vehiculo\/","title":{"rendered":"Tour privado a Burgos desde Bilbao con chofer y gu\u00eda privado"},"content":{"rendered":"<h2><b>Tour Privado a Burgos desde Bilbao Descripci\u00f3n<\/b><\/h2>\n<p><span style=\"font-weight: 400;\">Descubra las maravillas hist\u00f3ricas de Burgos en este exclusivo Tour Privado desde Bilbao. Nuestro viaje no es s\u00f3lo un tour, sino una puerta al pasado, desplegando el rico tapiz de la Espa\u00f1a medieval. Con un gu\u00eda personal y transporte de lujo incluido, prep\u00e1rese para una exploraci\u00f3n sin igual de los lugares emblem\u00e1ticos y las joyas ocultas de Burgos.<\/span><\/p>\n<p><span style=\"font-weight: 400;\">Su aventura comienza con una c\u00f3moda recogida en el lugar elegido de Bilbao. Mientras viaja con comodidad y estilo, nuestro experto ch\u00f3fer le guiar\u00e1 a trav\u00e9s de los pintorescos paisajes del norte de Espa\u00f1a, marcando la pauta para una enriquecedora experiencia cultural.<\/span><\/p>\n<p><span style=\"font-weight: 400;\">A su llegada a Burgos, ciudad famosa por su impresionante arquitectura g\u00f3tica y su importancia hist\u00f3rica, su gu\u00eda personal le conducir\u00e1 por sus sinuosas calles y majestuosas plazas. El punto culminante de su visita ser\u00e1 la impresionante Catedral G\u00f3tica de Burgos, declarada Patrimonio de la Humanidad por la UNESCO, donde descansa el legendario Cid. Mientras recorre esta maravilla arquitect\u00f3nica, su gu\u00eda le desvelar\u00e1 las historias y secretos que se esconden entre sus muros.<\/span><\/p>\n<p><span style=\"font-weight: 400;\">Este recorrido se extiende m\u00e1s all\u00e1 de la catedral, abarcando el Arco de Santa Mar\u00eda, el imponente Castillo de Burgos y el vibrante casco antiguo. Se adentrar\u00e1 en la fascinante historia del Cid, explorando museos como el Museo de Burgos y el Museo de la Evoluci\u00f3n. Aqu\u00ed descubrir\u00e1 objetos como &#8220;La Tizona&#8221;, la espada del Cid, y se maravillar\u00e1 ante la riqueza art\u00edstica e hist\u00f3rica de la ciudad.<\/span><\/p>\n<h2><b>Excursi\u00f3n Privada a Burgos desde Bilbao | Puntos de Inter\u00e9s y Lugares de Inter\u00e9s Extendidos<\/b><\/h2>\n<ul>\n<li style=\"font-weight: 400;\" aria-level=\"1\"><b>Catedral g\u00f3tica de Burgos: <\/b><span style=\"font-weight: 400;\">Obra maestra de la arquitectura g\u00f3tica espa\u00f1ola, esta catedral no es s\u00f3lo un espect\u00e1culo visual, sino tambi\u00e9n un dep\u00f3sito de siglos de historia.<\/span><\/li>\n<li style=\"font-weight: 400;\" aria-level=\"1\"><b>Tumba del Cid y Plaza del Cid:<\/b><span style=\"font-weight: 400;\"> Rinde homenaje a uno de los h\u00e9roes nacionales de Espa\u00f1a, Rodrigo D\u00edaz de Vivar, conocido como El Cid, y explora la plaza dedicada a su legado.<\/span><\/li>\n<li style=\"font-weight: 400;\" aria-level=\"1\"><b>Arco de Santa Mar\u00eda:<\/b><span style=\"font-weight: 400;\"> Una de las puertas hist\u00f3ricas m\u00e1s significativas de la ciudad, este arco es un s\u00edmbolo de la grandeza medieval de Burgos.<\/span><\/li>\n<li style=\"font-weight: 400;\" aria-level=\"1\"><b>Museo de Burgos y Museo de la Evoluci\u00f3n:<\/b><span style=\"font-weight: 400;\"> Estos museos ofrecen una inmersi\u00f3n profunda en la historia regional y el pasado prehist\u00f3rico, mostrando importantes colecciones arqueol\u00f3gicas y paleontol\u00f3gicas.<\/span><\/li>\n<li style=\"font-weight: 400;\" aria-level=\"1\"><b>Castillo de Burgos<\/b><span style=\"font-weight: 400;\">: Descubra las ruinas de este antiguo castillo, que ofrece vistas panor\u00e1micas de la ciudad y una visi\u00f3n de su pasado defensivo.<\/span><\/li>\n<li style=\"font-weight: 400;\" aria-level=\"1\"><b>Paseo Espol\u00f3n y Plaza Mayor<\/b><span style=\"font-weight: 400;\">: Disfrute de un paseo por el Paseo Espol\u00f3n, bordeado de \u00e1rboles y edificios hist\u00f3ricos, que conduce a la bulliciosa Plaza Mayor.<\/span><\/li>\n<li style=\"font-weight: 400;\" aria-level=\"1\"><b>Monasterio de San Juan: <\/b><span style=\"font-weight: 400;\">Un lugar menos conocido pero de gran importancia hist\u00f3rica, que a\u00f1ade otra capa al rico tapiz de Burgos.<\/span><\/li>\n<li style=\"font-weight: 400;\" aria-level=\"1\"><b>Experiencia personalizada:<\/b><span style=\"font-weight: 400;\"> Su visita es totalmente personalizable. Si desea quedarse en el casco antiguo, explorar m\u00e1s museos o capturar la foto perfecta, adaptamos el viaje a sus intereses.<\/span><\/li>\n<li style=\"font-weight: 400;\" aria-level=\"1\"><b>Centro hist\u00f3rico de Burgos<\/b><span style=\"font-weight: 400;\">: Sum\u00e9rjase en las encantadoras calles medievales del casco antiguo. Descubra plazas escondidas, casas antiguas y tiendas de artesan\u00eda que pintan un cuadro de la vida pasada de Burgos.<\/span><\/li>\n<li style=\"font-weight: 400;\" aria-level=\"1\"><b>Monasterio de las Huelgas:<\/b><span style=\"font-weight: 400;\"> Visite este impresionante monasterio conocido por su rica historia, impresionante arquitectura y conexiones reales, que ofrece una experiencia serena y reflexiva.<\/span><\/li>\n<\/ul>\n<p><span style=\"font-weight: 400;\">Cuando su Tour Privado concluya, rel\u00e1jese mientras nuestro ch\u00f3fer le transporta con seguridad de vuelta a su ubicaci\u00f3n en Bilbao, enriquecido con recuerdos e historias de las maravillas hist\u00f3ricas de Burgos.<\/span><\/p>\n<p><span style=\"font-weight: 400;\">Planifique su escapada perfecta con Tour Travel and More. <\/span><a href=\"https:\/\/tourtravelandmore.com\/es\/ciudad\/espana-es\/bilbao-es\/\"><span style=\"font-weight: 400;\">Nos especializamos en la elaboraci\u00f3n de tours a medida en Bilbao<\/span><\/a><span style=\"font-weight: 400;\">, ofreciendo experiencias \u00fanicas que se adaptan a sus preferencias individuales. Con\u00e9ctese con nosotros para explorar m\u00e1s de Bilbao y m\u00e1s all\u00e1.<\/span><\/p>\n","protected":false},"excerpt":{"rendered":"<p><span style=\"font-weight: 400;\">Viaje de Bilbao a Burgos en un tour privado, explorando la Catedral G\u00f3tica, las calles medievales y el legado del Cid. Disfrute de una gu\u00eda personalizada, transporte de lujo y la flexibilidad de adaptar su experiencia. Explore con nosotros la rica historia de Espa\u00f1a.<\/span><\/p>\n","protected":false},"featured_media":67882,"comment_status":"open","ping_status":"closed","template":"","meta":{"_acf_changed":false},"product_brand":[],"product_cat":[189,191,193,192],"product_tag":[],"class_list":{"0":"post-67862","1":"product","2":"type-product","3":"status-publish","4":"has-post-thumbnail","6":"product_cat-bilbao-es","7":"product_cat-bilbao-actividades-es","8":"product_cat-bilbao-rutas-turisticas-privadas-es","9":"product_cat-bilbao-excursiones-es","11":"first","12":"instock","13":"shipping-taxable","14":"purchasable","15":"product-type-simple"},"acf":[],"yoast_head":"<!-- This site is optimized with the Yoast SEO Premium plugin v25.3.1 (Yoast SEO v25.3.1) - https:\/\/yoast.com\/wordpress\/plugins\/seo\/ -->\n<title>\u27a1\ufe0f Visita guiada privada a Burgos desde Bilbao: Historia y esplendor g\u00f3tico \u2705<\/title>\n<meta name=\"description\" content=\"Conozca la Catedral G\u00f3tica de Burgos, la Tumba del Cid y los monumentos medievales en un tour privado desde Bilbao. Itinerario personalizable con gu\u00edas expertos. \u00a1Reserve ahora! \u2705\" \/>\n<meta name=\"robots\" content=\"index, follow, max-snippet:-1, max-image-preview:large, max-video-preview:-1\" \/>\n<link rel=\"canonical\" href=\"https:\/\/tourtravelandmore.com\/es\/tours\/espana-es\/bilbao-es\/tour-privado-burgos-desde-bilbao-con-guia-oficial-y-vehiculo\/\" \/>\n<meta property=\"og:locale\" content=\"es_ES\" \/>\n<meta property=\"og:type\" content=\"article\" \/>\n<meta property=\"og:title\" content=\"Tour privado a Burgos desde Bilbao con chofer y gu\u00eda privado\" \/>\n<meta property=\"og:description\" content=\"Conozca la Catedral G\u00f3tica de Burgos, la Tumba del Cid y los monumentos medievales en un tour privado desde Bilbao. Itinerario personalizable con gu\u00edas expertos. \u00a1Reserve ahora! \u2705\" \/>\n<meta property=\"og:url\" content=\"https:\/\/tourtravelandmore.com\/es\/tours\/espana-es\/bilbao-es\/tour-privado-burgos-desde-bilbao-con-guia-oficial-y-vehiculo\/\" \/>\n<meta property=\"og:site_name\" content=\"Tour Travel And More\" \/>\n<meta property=\"article:publisher\" content=\"https:\/\/www.facebook.com\/tourtravelandmore\/\" \/>\n<meta property=\"article:modified_time\" content=\"2024-04-29T13:52:23+00:00\" \/>\n<meta property=\"og:image\" content=\"https:\/\/tourtravelandmore.com\/wp-content\/uploads\/2019\/10\/burgos11.jpg\" \/>\n\t<meta property=\"og:image:width\" content=\"800\" \/>\n\t<meta property=\"og:image:height\" content=\"533\" \/>\n\t<meta property=\"og:image:type\" content=\"image\/jpeg\" \/>\n<meta name=\"twitter:card\" content=\"summary_large_image\" \/>\n<meta name=\"twitter:site\" content=\"@TourTravel_More\" \/>\n<meta name=\"twitter:label1\" content=\"Tiempo de lectura\" \/>\n\t<meta name=\"twitter:data1\" content=\"3 minutos\" \/>\n<script type=\"application\/ld+json\" class=\"yoast-schema-graph\">{\"@context\":\"https:\/\/schema.org\",\"@graph\":[{\"@type\":\"WebPage\",\"@id\":\"https:\/\/tourtravelandmore.com\/es\/tours\/espana-es\/bilbao-es\/tour-privado-burgos-desde-bilbao-con-guia-oficial-y-vehiculo\/\",\"url\":\"https:\/\/tourtravelandmore.com\/es\/tours\/espana-es\/bilbao-es\/tour-privado-burgos-desde-bilbao-con-guia-oficial-y-vehiculo\/\",\"name\":\"\u27a1\ufe0f Visita guiada privada a Burgos desde Bilbao: Historia y esplendor g\u00f3tico \u2705\",\"isPartOf\":{\"@id\":\"https:\/\/tourtravelandmore.com\/es\/#website\"},\"primaryImageOfPage\":{\"@id\":\"https:\/\/tourtravelandmore.com\/es\/tours\/espana-es\/bilbao-es\/tour-privado-burgos-desde-bilbao-con-guia-oficial-y-vehiculo\/#primaryimage\"},\"image\":{\"@id\":\"https:\/\/tourtravelandmore.com\/es\/tours\/espana-es\/bilbao-es\/tour-privado-burgos-desde-bilbao-con-guia-oficial-y-vehiculo\/#primaryimage\"},\"thumbnailUrl\":\"https:\/\/tourtravelandmore.com\/wp-content\/uploads\/2019\/10\/burgos11.jpg\",\"datePublished\":\"2019-10-08T10:11:57+00:00\",\"dateModified\":\"2024-04-29T13:52:23+00:00\",\"description\":\"Conozca la Catedral G\u00f3tica de Burgos, la Tumba del Cid y los monumentos medievales en un tour privado desde Bilbao. Itinerario personalizable con gu\u00edas expertos. \u00a1Reserve ahora! \u2705\",\"breadcrumb\":{\"@id\":\"https:\/\/tourtravelandmore.com\/es\/tours\/espana-es\/bilbao-es\/tour-privado-burgos-desde-bilbao-con-guia-oficial-y-vehiculo\/#breadcrumb\"},\"inLanguage\":\"es\",\"potentialAction\":[{\"@type\":\"ReadAction\",\"target\":[\"https:\/\/tourtravelandmore.com\/es\/tours\/espana-es\/bilbao-es\/tour-privado-burgos-desde-bilbao-con-guia-oficial-y-vehiculo\/\"]}]},{\"@type\":\"ImageObject\",\"inLanguage\":\"es\",\"@id\":\"https:\/\/tourtravelandmore.com\/es\/tours\/espana-es\/bilbao-es\/tour-privado-burgos-desde-bilbao-con-guia-oficial-y-vehiculo\/#primaryimage\",\"url\":\"https:\/\/tourtravelandmore.com\/wp-content\/uploads\/2019\/10\/burgos11.jpg\",\"contentUrl\":\"https:\/\/tourtravelandmore.com\/wp-content\/uploads\/2019\/10\/burgos11.jpg\",\"width\":800,\"height\":533},{\"@type\":\"BreadcrumbList\",\"@id\":\"https:\/\/tourtravelandmore.com\/es\/tours\/espana-es\/bilbao-es\/tour-privado-burgos-desde-bilbao-con-guia-oficial-y-vehiculo\/#breadcrumb\",\"itemListElement\":[{\"@type\":\"ListItem\",\"position\":1,\"name\":\"Home\",\"item\":\"https:\/\/tourtravelandmore.com\/es\/\"},{\"@type\":\"ListItem\",\"position\":2,\"name\":\"Tours\",\"item\":\"https:\/\/tourtravelandmore.com\/es\/tours\/\"},{\"@type\":\"ListItem\",\"position\":3,\"name\":\"Tour privado a Burgos desde Bilbao con chofer y gu\u00eda privado\"}]},{\"@type\":\"WebSite\",\"@id\":\"https:\/\/tourtravelandmore.com\/es\/#website\",\"url\":\"https:\/\/tourtravelandmore.com\/es\/\",\"name\":\"Tour Travel And More\",\"description\":\"Private sightseeing tours and luxury transfers in Spain\",\"publisher\":{\"@id\":\"https:\/\/tourtravelandmore.com\/es\/#organization\"},\"potentialAction\":[{\"@type\":\"SearchAction\",\"target\":{\"@type\":\"EntryPoint\",\"urlTemplate\":\"https:\/\/tourtravelandmore.com\/es\/?s={search_term_string}\"},\"query-input\":{\"@type\":\"PropertyValueSpecification\",\"valueRequired\":true,\"valueName\":\"search_term_string\"}}],\"inLanguage\":\"es\"},{\"@type\":\"Organization\",\"@id\":\"https:\/\/tourtravelandmore.com\/es\/#organization\",\"name\":\"Tour Travel And More\",\"url\":\"https:\/\/tourtravelandmore.com\/es\/\",\"logo\":{\"@type\":\"ImageObject\",\"inLanguage\":\"es\",\"@id\":\"https:\/\/tourtravelandmore.com\/es\/#\/schema\/logo\/image\/\",\"url\":\"https:\/\/tourtravelandmore.com\/wp-content\/uploads\/2022\/12\/cropped-logo-cabecera-new.png\",\"contentUrl\":\"https:\/\/tourtravelandmore.com\/wp-content\/uploads\/2022\/12\/cropped-logo-cabecera-new.png\",\"width\":430,\"height\":61,\"caption\":\"Tour Travel And More\"},\"image\":{\"@id\":\"https:\/\/tourtravelandmore.com\/es\/#\/schema\/logo\/image\/\"},\"sameAs\":[\"https:\/\/www.facebook.com\/tourtravelandmore\/\",\"https:\/\/x.com\/TourTravel_More\"]}]}<\/script>\n<!-- \/ Yoast SEO Premium plugin. -->","yoast_head_json":{"title":"\u27a1\ufe0f Visita guiada privada a Burgos desde Bilbao: Historia y esplendor g\u00f3tico \u2705","description":"Conozca la Catedral G\u00f3tica de Burgos, la Tumba del Cid y los monumentos medievales en un tour privado desde Bilbao. Itinerario personalizable con gu\u00edas expertos. \u00a1Reserve ahora! \u2705","robots":{"index":"index","follow":"follow","max-snippet":"max-snippet:-1","max-image-preview":"max-image-preview:large","max-video-preview":"max-video-preview:-1"},"canonical":"https:\/\/tourtravelandmore.com\/es\/tours\/espana-es\/bilbao-es\/tour-privado-burgos-desde-bilbao-con-guia-oficial-y-vehiculo\/","og_locale":"es_ES","og_type":"article","og_title":"Tour privado a Burgos desde Bilbao con chofer y gu\u00eda privado","og_description":"Conozca la Catedral G\u00f3tica de Burgos, la Tumba del Cid y los monumentos medievales en un tour privado desde Bilbao. Itinerario personalizable con gu\u00edas expertos. \u00a1Reserve ahora! \u2705","og_url":"https:\/\/tourtravelandmore.com\/es\/tours\/espana-es\/bilbao-es\/tour-privado-burgos-desde-bilbao-con-guia-oficial-y-vehiculo\/","og_site_name":"Tour Travel And More","article_publisher":"https:\/\/www.facebook.com\/tourtravelandmore\/","article_modified_time":"2024-04-29T13:52:23+00:00","og_image":[{"width":800,"height":533,"url":"https:\/\/tourtravelandmore.com\/wp-content\/uploads\/2019\/10\/burgos11.jpg","type":"image\/jpeg"}],"twitter_card":"summary_large_image","twitter_site":"@TourTravel_More","twitter_misc":{"Tiempo de lectura":"3 minutos"},"schema":{"@context":"https:\/\/schema.org","@graph":[{"@type":"WebPage","@id":"https:\/\/tourtravelandmore.com\/es\/tours\/espana-es\/bilbao-es\/tour-privado-burgos-desde-bilbao-con-guia-oficial-y-vehiculo\/","url":"https:\/\/tourtravelandmore.com\/es\/tours\/espana-es\/bilbao-es\/tour-privado-burgos-desde-bilbao-con-guia-oficial-y-vehiculo\/","name":"\u27a1\ufe0f Visita guiada privada a Burgos desde Bilbao: Historia y esplendor g\u00f3tico \u2705","isPartOf":{"@id":"https:\/\/tourtravelandmore.com\/es\/#website"},"primaryImageOfPage":{"@id":"https:\/\/tourtravelandmore.com\/es\/tours\/espana-es\/bilbao-es\/tour-privado-burgos-desde-bilbao-con-guia-oficial-y-vehiculo\/#primaryimage"},"image":{"@id":"https:\/\/tourtravelandmore.com\/es\/tours\/espana-es\/bilbao-es\/tour-privado-burgos-desde-bilbao-con-guia-oficial-y-vehiculo\/#primaryimage"},"thumbnailUrl":"https:\/\/tourtravelandmore.com\/wp-content\/uploads\/2019\/10\/burgos11.jpg","datePublished":"2019-10-08T10:11:57+00:00","dateModified":"2024-04-29T13:52:23+00:00","description":"Conozca la Catedral G\u00f3tica de Burgos, la Tumba del Cid y los monumentos medievales en un tour privado desde Bilbao. Itinerario personalizable con gu\u00edas expertos. \u00a1Reserve ahora! \u2705","breadcrumb":{"@id":"https:\/\/tourtravelandmore.com\/es\/tours\/espana-es\/bilbao-es\/tour-privado-burgos-desde-bilbao-con-guia-oficial-y-vehiculo\/#breadcrumb"},"inLanguage":"es","potentialAction":[{"@type":"ReadAction","target":["https:\/\/tourtravelandmore.com\/es\/tours\/espana-es\/bilbao-es\/tour-privado-burgos-desde-bilbao-con-guia-oficial-y-vehiculo\/"]}]},{"@type":"ImageObject","inLanguage":"es","@id":"https:\/\/tourtravelandmore.com\/es\/tours\/espana-es\/bilbao-es\/tour-privado-burgos-desde-bilbao-con-guia-oficial-y-vehiculo\/#primaryimage","url":"https:\/\/tourtravelandmore.com\/wp-content\/uploads\/2019\/10\/burgos11.jpg","contentUrl":"https:\/\/tourtravelandmore.com\/wp-content\/uploads\/2019\/10\/burgos11.jpg","width":800,"height":533},{"@type":"BreadcrumbList","@id":"https:\/\/tourtravelandmore.com\/es\/tours\/espana-es\/bilbao-es\/tour-privado-burgos-desde-bilbao-con-guia-oficial-y-vehiculo\/#breadcrumb","itemListElement":[{"@type":"ListItem","position":1,"name":"Home","item":"https:\/\/tourtravelandmore.com\/es\/"},{"@type":"ListItem","position":2,"name":"Tours","item":"https:\/\/tourtravelandmore.com\/es\/tours\/"},{"@type":"ListItem","position":3,"name":"Tour privado a Burgos desde Bilbao con chofer y gu\u00eda privado"}]},{"@type":"WebSite","@id":"https:\/\/tourtravelandmore.com\/es\/#website","url":"https:\/\/tourtravelandmore.com\/es\/","name":"Tour Travel And More","description":"Private sightseeing tours and luxury transfers in Spain","publisher":{"@id":"https:\/\/tourtravelandmore.com\/es\/#organization"},"potentialAction":[{"@type":"SearchAction","target":{"@type":"EntryPoint","urlTemplate":"https:\/\/tourtravelandmore.com\/es\/?s={search_term_string}"},"query-input":{"@type":"PropertyValueSpecification","valueRequired":true,"valueName":"search_term_string"}}],"inLanguage":"es"},{"@type":"Organization","@id":"https:\/\/tourtravelandmore.com\/es\/#organization","name":"Tour Travel And More","url":"https:\/\/tourtravelandmore.com\/es\/","logo":{"@type":"ImageObject","inLanguage":"es","@id":"https:\/\/tourtravelandmore.com\/es\/#\/schema\/logo\/image\/","url":"https:\/\/tourtravelandmore.com\/wp-content\/uploads\/2022\/12\/cropped-logo-cabecera-new.png","contentUrl":"https:\/\/tourtravelandmore.com\/wp-content\/uploads\/2022\/12\/cropped-logo-cabecera-new.png","width":430,"height":61,"caption":"Tour Travel And More"},"image":{"@id":"https:\/\/tourtravelandmore.com\/es\/#\/schema\/logo\/image\/"},"sameAs":["https:\/\/www.facebook.com\/tourtravelandmore\/","https:\/\/x.com\/TourTravel_More"]}]}},"_links":{"self":[{"href":"https:\/\/tourtravelandmore.com\/es\/wp-json\/wp\/v2\/product\/67862","targetHints":{"allow":["GET"]}}],"collection":[{"href":"https:\/\/tourtravelandmore.com\/es\/wp-json\/wp\/v2\/product"}],"about":[{"href":"https:\/\/tourtravelandmore.com\/es\/wp-json\/wp\/v2\/types\/product"}],"replies":[{"embeddable":true,"href":"https:\/\/tourtravelandmore.com\/es\/wp-json\/wp\/v2\/comments?post=67862"}],"wp:featuredmedia":[{"embeddable":true,"href":"https:\/\/tourtravelandmore.com\/es\/wp-json\/wp\/v2\/media\/67882"}],"wp:attachment":[{"href":"https:\/\/tourtravelandmore.com\/es\/wp-json\/wp\/v2\/media?parent=67862"}],"wp:term":[{"taxonomy":"product_brand","embeddable":true,"href":"https:\/\/tourtravelandmore.com\/es\/wp-json\/wp\/v2\/product_brand?post=67862"},{"taxonomy":"product_cat","embeddable":true,"href":"https:\/\/tourtravelandmore.com\/es\/wp-json\/wp\/v2\/product_cat?post=67862"},{"taxonomy":"product_tag","embeddable":true,"href":"https:\/\/tourtravelandmore.com\/es\/wp-json\/wp\/v2\/product_tag?post=67862"}],"curies":[{"name":"wp","href":"https:\/\/api.w.org\/{rel}","templated":true}]}}