{"id":67562,"date":"2019-10-03T05:46:32","date_gmt":"2019-10-03T03:46:32","guid":{"rendered":"https:\/\/tourtravelandmore.com\/?post_type=product&#038;p=67562"},"modified":"2022-12-27T14:52:53","modified_gmt":"2022-12-27T13:52:53","slug":"tour-privado-bruselas-con-guia-oficial-y-chofer-y-recogida","status":"publish","type":"product","link":"https:\/\/tourtravelandmore.com\/es\/tours\/belgica-es\/bruselas-es\/tour-privado-bruselas-con-guia-oficial-y-chofer-y-recogida\/","title":{"rendered":"Tour Privado de Bruselas con gu\u00eda y veh\u00edculo"},"content":{"rendered":"<h2>Descripci\u00f3n del Tour Privado de Bruselas con gu\u00eda y veh\u00edculo<\/h2>\n<p><span style=\"font-weight: 400;\">Reserva este tour privado Bruselas, y disfruta de una gran oportunidad de conocer la fant\u00e1stica ciudad de Bruselas, junto a su gu\u00eda oficial privado y veh\u00edculo.<\/span><\/p>\n<p><span style=\"font-weight: 400;\">Este <\/span><b>tour privado Bruselas<\/b><span style=\"font-weight: 400;\"> tiene una duraci\u00f3n de <\/span><b>4 horas<\/b><span style=\"font-weight: 400;\">. Un tiempo suficiente para recorrer junto a nuestro <\/span><b>gu\u00eda oficial privado<\/b><span style=\"font-weight: 400;\"> y <b>su veh\u00edculo<\/b><\/span><b> de lujo con chofer<\/b><span style=\"font-weight: 400;\">, todos los lugares m\u00e1s atractivos e interesantes de la hermosa capital belga.<\/span><\/p>\n<h2><b>Puntos de inter\u00e9s en el Tour Privado de Bruselas<br \/>\n<\/b><\/h2>\n<p><span style=\"font-weight: 400;\">Le recogeremos desde su Hotel, junto a su gu\u00eda privado oficial para empezar el tour privado Bruselas. L<\/span><span style=\"font-weight: 400;\">a primera parada ser\u00e1 el <\/span><b>Mannekin Pis<\/b><span style=\"font-weight: 400;\">, ubicado en la Rue de l\u2019Etuve. Es una figura icono de la ciudad que data del siglo XIV.<\/span><\/p>\n<p><span style=\"font-weight: 400;\">La siguiente atracci\u00f3n, y una de las m\u00e1s interesantes de Bruselas, es <\/span><b>El Atomium<\/b><span style=\"font-weight: 400;\">, ubicado justo al lado del <\/span><b>Mannekin Pis. <\/b><span style=\"font-weight: 400;\">Es una estructura que mide 102 metros de alto y est\u00e1 construida en aluminio y acero. Su figura representa una mol\u00e9cula de hierro magnificada 165 millones de veces.\u00a0<\/span><\/p>\n<p><span style=\"font-weight: 400;\">La pr\u00f3xima parada ser\u00e1 la <\/span><b>Catedral de<\/b> <b>San Miguel y Santa G\u00fadula<\/b><span style=\"font-weight: 400;\">. Una impresionante estructura levantada entre el siglo XIII y XV, con una arquitectura espectacular donde predominan dos torres gemelas de 69 metros de altura. Su flamante entrada se visualiza de forma majestuosa sobre un c\u00famulo de escaleras.<\/span><\/p>\n<p><span style=\"font-weight: 400;\">Luego conocer\u00e1 <\/span><b>La<\/b> <b>Place Royale,<\/b><span style=\"font-weight: 400;\"> donde se encuentra ubicado uno de los edificios m\u00e1s importantes, <\/span><b>El<\/b> <b>Palacio Real,<\/b><span style=\"font-weight: 400;\"> la residencia oficial de la familia real belga. Alrededor podr\u00e1s presenciar otros edificios como <\/span><b>El Palais des Beaux-Arts<\/b><span style=\"font-weight: 400;\"> y <\/span><b>El Palais des Acad\u00e9mies<\/b><span style=\"font-weight: 400;\">, cuyas fachadas neocl\u00e1sicas son realmente espectaculares.<\/span><\/p>\n<p><span style=\"font-weight: 400;\">Luego en la parte alta de la ciudad, no podr\u00e1 dejar de entrar en la <\/span><b>Iglesia de Notre-Dame du Sablon<\/b><span style=\"font-weight: 400;\">, una de las iglesias m\u00e1s hermosas de B\u00e9lgica, construida entre \u00e9l sigo XV y XVI, con un estilo g\u00f3tico de Bravante.\u00a0<\/span><\/p>\n<p><span style=\"font-weight: 400;\">Tendr\u00e1 tiempo aun de entrar en el Parque del <\/span><b>Cincuentenario de Bruselas<\/b><span style=\"font-weight: 400;\">, un lugar que data del siglo XIX y que ocupa unas treinta hect\u00e1reas en el barrio europeo. Es un ambiente alegre y divertido con varios museos para visitar y sitos para comer, caminar y descansar.<\/span><\/p>\n<p>Si dispone de m\u00e1s d\u00edas puedes consultar <a href=\"https:\/\/tourtravelandmore.com\/es\/ciudad\/belgica-es\/bruselas-es\/\"><strong>aqu\u00ed<\/strong><\/a>, el resto de los tours privados que ofrecemos en la ciudad de Bruselas.<\/p>\n","protected":false},"excerpt":{"rendered":"<p>La mejor manera de conocer <strong>Bruselas<\/strong> es con este <strong>City Tour privado de 4 horas por Bruselas<\/strong>, donde ver\u00e1 y visitar\u00e1 todos los lugares y monumentos m\u00e1s importantes. Personalice su propia experiencia. \u00a1No se pierda los monumentos, lugares de inter\u00e9s, las numerosas iglesias y sus museos como el <strong>Etoile<\/strong>, el <strong>Ayuntamiento<\/strong>, <strong>Le Renard<\/strong> y <strong>Le Cornet<\/strong> y mucho m\u00e1s!<\/p>\n","protected":false},"featured_media":170103,"comment_status":"open","ping_status":"closed","template":"","meta":{"_acf_changed":false},"product_brand":[],"product_cat":[1454,1459,1458],"product_tag":[],"class_list":{"0":"post-67562","1":"product","2":"type-product","3":"status-publish","4":"has-post-thumbnail","6":"product_cat-bruselas-es","7":"product_cat-bruselas-actividades-es","8":"product_cat-bruselas-rutas-turisticas-privadas-es","10":"first","11":"instock","12":"shipping-taxable","13":"purchasable","14":"product-type-simple"},"acf":[],"yoast_head":"<!-- This site is optimized with the Yoast SEO Premium plugin v25.3.1 (Yoast SEO v25.3.1) - https:\/\/yoast.com\/wordpress\/plugins\/seo\/ -->\n<title>Tour Privado Bruselas con guia oficial y chofer y recogida | TTM<\/title>\n<meta name=\"description\" content=\"Reserva este tour privado Bruselas, con gu\u00eda y veh\u00edculo oficial para descubrir la ciudad y los monumentos m\u00e1s importantes.\" \/>\n<meta name=\"robots\" content=\"index, follow, max-snippet:-1, max-image-preview:large, max-video-preview:-1\" \/>\n<link rel=\"canonical\" href=\"https:\/\/tourtravelandmore.com\/es\/tours\/belgica-es\/bruselas-es\/tour-privado-bruselas-con-guia-oficial-y-chofer-y-recogida\/\" \/>\n<meta property=\"og:locale\" content=\"es_ES\" \/>\n<meta property=\"og:type\" content=\"article\" \/>\n<meta property=\"og:title\" content=\"Tour Privado de Bruselas con gu\u00eda y veh\u00edculo\" \/>\n<meta property=\"og:description\" content=\"Reserva este tour privado Bruselas, con gu\u00eda y veh\u00edculo oficial para descubrir la ciudad y los monumentos m\u00e1s importantes.\" \/>\n<meta property=\"og:url\" content=\"https:\/\/tourtravelandmore.com\/es\/tours\/belgica-es\/bruselas-es\/tour-privado-bruselas-con-guia-oficial-y-chofer-y-recogida\/\" \/>\n<meta property=\"og:site_name\" content=\"Tour Travel And More\" \/>\n<meta property=\"article:publisher\" content=\"https:\/\/www.facebook.com\/tourtravelandmore\/\" \/>\n<meta property=\"article:modified_time\" content=\"2022-12-27T13:52:53+00:00\" \/>\n<meta property=\"og:image\" content=\"https:\/\/tourtravelandmore.com\/wp-content\/uploads\/2019\/10\/belgium-3626586_1280.jpg\" \/>\n\t<meta property=\"og:image:width\" content=\"1280\" \/>\n\t<meta property=\"og:image:height\" content=\"853\" \/>\n\t<meta property=\"og:image:type\" content=\"image\/jpeg\" \/>\n<meta name=\"twitter:card\" content=\"summary_large_image\" \/>\n<meta name=\"twitter:site\" content=\"@TourTravel_More\" \/>\n<meta name=\"twitter:label1\" content=\"Tiempo de lectura\" \/>\n\t<meta name=\"twitter:data1\" content=\"2 minutos\" \/>\n<script type=\"application\/ld+json\" class=\"yoast-schema-graph\">{\"@context\":\"https:\/\/schema.org\",\"@graph\":[{\"@type\":\"WebPage\",\"@id\":\"https:\/\/tourtravelandmore.com\/es\/tours\/belgica-es\/bruselas-es\/tour-privado-bruselas-con-guia-oficial-y-chofer-y-recogida\/\",\"url\":\"https:\/\/tourtravelandmore.com\/es\/tours\/belgica-es\/bruselas-es\/tour-privado-bruselas-con-guia-oficial-y-chofer-y-recogida\/\",\"name\":\"Tour Privado Bruselas con guia oficial y chofer y recogida | TTM\",\"isPartOf\":{\"@id\":\"https:\/\/tourtravelandmore.com\/es\/#website\"},\"primaryImageOfPage\":{\"@id\":\"https:\/\/tourtravelandmore.com\/es\/tours\/belgica-es\/bruselas-es\/tour-privado-bruselas-con-guia-oficial-y-chofer-y-recogida\/#primaryimage\"},\"image\":{\"@id\":\"https:\/\/tourtravelandmore.com\/es\/tours\/belgica-es\/bruselas-es\/tour-privado-bruselas-con-guia-oficial-y-chofer-y-recogida\/#primaryimage\"},\"thumbnailUrl\":\"https:\/\/tourtravelandmore.com\/wp-content\/uploads\/2019\/10\/belgium-3626586_1280.jpg\",\"datePublished\":\"2019-10-03T03:46:32+00:00\",\"dateModified\":\"2022-12-27T13:52:53+00:00\",\"description\":\"Reserva este tour privado Bruselas, con gu\u00eda y veh\u00edculo oficial para descubrir la ciudad y los monumentos m\u00e1s importantes.\",\"breadcrumb\":{\"@id\":\"https:\/\/tourtravelandmore.com\/es\/tours\/belgica-es\/bruselas-es\/tour-privado-bruselas-con-guia-oficial-y-chofer-y-recogida\/#breadcrumb\"},\"inLanguage\":\"es\",\"potentialAction\":[{\"@type\":\"ReadAction\",\"target\":[\"https:\/\/tourtravelandmore.com\/es\/tours\/belgica-es\/bruselas-es\/tour-privado-bruselas-con-guia-oficial-y-chofer-y-recogida\/\"]}]},{\"@type\":\"ImageObject\",\"inLanguage\":\"es\",\"@id\":\"https:\/\/tourtravelandmore.com\/es\/tours\/belgica-es\/bruselas-es\/tour-privado-bruselas-con-guia-oficial-y-chofer-y-recogida\/#primaryimage\",\"url\":\"https:\/\/tourtravelandmore.com\/wp-content\/uploads\/2019\/10\/belgium-3626586_1280.jpg\",\"contentUrl\":\"https:\/\/tourtravelandmore.com\/wp-content\/uploads\/2019\/10\/belgium-3626586_1280.jpg\",\"width\":1280,\"height\":853},{\"@type\":\"BreadcrumbList\",\"@id\":\"https:\/\/tourtravelandmore.com\/es\/tours\/belgica-es\/bruselas-es\/tour-privado-bruselas-con-guia-oficial-y-chofer-y-recogida\/#breadcrumb\",\"itemListElement\":[{\"@type\":\"ListItem\",\"position\":1,\"name\":\"Home\",\"item\":\"https:\/\/tourtravelandmore.com\/es\/\"},{\"@type\":\"ListItem\",\"position\":2,\"name\":\"Tours\",\"item\":\"https:\/\/tourtravelandmore.com\/es\/tours\/\"},{\"@type\":\"ListItem\",\"position\":3,\"name\":\"Tour Privado de Bruselas con gu\u00eda y veh\u00edculo\"}]},{\"@type\":\"WebSite\",\"@id\":\"https:\/\/tourtravelandmore.com\/es\/#website\",\"url\":\"https:\/\/tourtravelandmore.com\/es\/\",\"name\":\"Tour Travel And More\",\"description\":\"Private sightseeing tours and luxury transfers in Spain\",\"publisher\":{\"@id\":\"https:\/\/tourtravelandmore.com\/es\/#organization\"},\"potentialAction\":[{\"@type\":\"SearchAction\",\"target\":{\"@type\":\"EntryPoint\",\"urlTemplate\":\"https:\/\/tourtravelandmore.com\/es\/?s={search_term_string}\"},\"query-input\":{\"@type\":\"PropertyValueSpecification\",\"valueRequired\":true,\"valueName\":\"search_term_string\"}}],\"inLanguage\":\"es\"},{\"@type\":\"Organization\",\"@id\":\"https:\/\/tourtravelandmore.com\/es\/#organization\",\"name\":\"Tour Travel And More\",\"url\":\"https:\/\/tourtravelandmore.com\/es\/\",\"logo\":{\"@type\":\"ImageObject\",\"inLanguage\":\"es\",\"@id\":\"https:\/\/tourtravelandmore.com\/es\/#\/schema\/logo\/image\/\",\"url\":\"https:\/\/tourtravelandmore.com\/wp-content\/uploads\/2022\/12\/cropped-logo-cabecera-new.png\",\"contentUrl\":\"https:\/\/tourtravelandmore.com\/wp-content\/uploads\/2022\/12\/cropped-logo-cabecera-new.png\",\"width\":430,\"height\":61,\"caption\":\"Tour Travel And More\"},\"image\":{\"@id\":\"https:\/\/tourtravelandmore.com\/es\/#\/schema\/logo\/image\/\"},\"sameAs\":[\"https:\/\/www.facebook.com\/tourtravelandmore\/\",\"https:\/\/x.com\/TourTravel_More\"]}]}<\/script>\n<!-- \/ Yoast SEO Premium plugin. -->","yoast_head_json":{"title":"Tour Privado Bruselas con guia oficial y chofer y recogida | TTM","description":"Reserva este tour privado Bruselas, con gu\u00eda y veh\u00edculo oficial para descubrir la ciudad y los monumentos m\u00e1s importantes.","robots":{"index":"index","follow":"follow","max-snippet":"max-snippet:-1","max-image-preview":"max-image-preview:large","max-video-preview":"max-video-preview:-1"},"canonical":"https:\/\/tourtravelandmore.com\/es\/tours\/belgica-es\/bruselas-es\/tour-privado-bruselas-con-guia-oficial-y-chofer-y-recogida\/","og_locale":"es_ES","og_type":"article","og_title":"Tour Privado de Bruselas con gu\u00eda y veh\u00edculo","og_description":"Reserva este tour privado Bruselas, con gu\u00eda y veh\u00edculo oficial para descubrir la ciudad y los monumentos m\u00e1s importantes.","og_url":"https:\/\/tourtravelandmore.com\/es\/tours\/belgica-es\/bruselas-es\/tour-privado-bruselas-con-guia-oficial-y-chofer-y-recogida\/","og_site_name":"Tour Travel And More","article_publisher":"https:\/\/www.facebook.com\/tourtravelandmore\/","article_modified_time":"2022-12-27T13:52:53+00:00","og_image":[{"width":1280,"height":853,"url":"https:\/\/tourtravelandmore.com\/wp-content\/uploads\/2019\/10\/belgium-3626586_1280.jpg","type":"image\/jpeg"}],"twitter_card":"summary_large_image","twitter_site":"@TourTravel_More","twitter_misc":{"Tiempo de lectura":"2 minutos"},"schema":{"@context":"https:\/\/schema.org","@graph":[{"@type":"WebPage","@id":"https:\/\/tourtravelandmore.com\/es\/tours\/belgica-es\/bruselas-es\/tour-privado-bruselas-con-guia-oficial-y-chofer-y-recogida\/","url":"https:\/\/tourtravelandmore.com\/es\/tours\/belgica-es\/bruselas-es\/tour-privado-bruselas-con-guia-oficial-y-chofer-y-recogida\/","name":"Tour Privado Bruselas con guia oficial y chofer y recogida | TTM","isPartOf":{"@id":"https:\/\/tourtravelandmore.com\/es\/#website"},"primaryImageOfPage":{"@id":"https:\/\/tourtravelandmore.com\/es\/tours\/belgica-es\/bruselas-es\/tour-privado-bruselas-con-guia-oficial-y-chofer-y-recogida\/#primaryimage"},"image":{"@id":"https:\/\/tourtravelandmore.com\/es\/tours\/belgica-es\/bruselas-es\/tour-privado-bruselas-con-guia-oficial-y-chofer-y-recogida\/#primaryimage"},"thumbnailUrl":"https:\/\/tourtravelandmore.com\/wp-content\/uploads\/2019\/10\/belgium-3626586_1280.jpg","datePublished":"2019-10-03T03:46:32+00:00","dateModified":"2022-12-27T13:52:53+00:00","description":"Reserva este tour privado Bruselas, con gu\u00eda y veh\u00edculo oficial para descubrir la ciudad y los monumentos m\u00e1s importantes.","breadcrumb":{"@id":"https:\/\/tourtravelandmore.com\/es\/tours\/belgica-es\/bruselas-es\/tour-privado-bruselas-con-guia-oficial-y-chofer-y-recogida\/#breadcrumb"},"inLanguage":"es","potentialAction":[{"@type":"ReadAction","target":["https:\/\/tourtravelandmore.com\/es\/tours\/belgica-es\/bruselas-es\/tour-privado-bruselas-con-guia-oficial-y-chofer-y-recogida\/"]}]},{"@type":"ImageObject","inLanguage":"es","@id":"https:\/\/tourtravelandmore.com\/es\/tours\/belgica-es\/bruselas-es\/tour-privado-bruselas-con-guia-oficial-y-chofer-y-recogida\/#primaryimage","url":"https:\/\/tourtravelandmore.com\/wp-content\/uploads\/2019\/10\/belgium-3626586_1280.jpg","contentUrl":"https:\/\/tourtravelandmore.com\/wp-content\/uploads\/2019\/10\/belgium-3626586_1280.jpg","width":1280,"height":853},{"@type":"BreadcrumbList","@id":"https:\/\/tourtravelandmore.com\/es\/tours\/belgica-es\/bruselas-es\/tour-privado-bruselas-con-guia-oficial-y-chofer-y-recogida\/#breadcrumb","itemListElement":[{"@type":"ListItem","position":1,"name":"Home","item":"https:\/\/tourtravelandmore.com\/es\/"},{"@type":"ListItem","position":2,"name":"Tours","item":"https:\/\/tourtravelandmore.com\/es\/tours\/"},{"@type":"ListItem","position":3,"name":"Tour Privado de Bruselas con gu\u00eda y veh\u00edculo"}]},{"@type":"WebSite","@id":"https:\/\/tourtravelandmore.com\/es\/#website","url":"https:\/\/tourtravelandmore.com\/es\/","name":"Tour Travel And More","description":"Private sightseeing tours and luxury transfers in Spain","publisher":{"@id":"https:\/\/tourtravelandmore.com\/es\/#organization"},"potentialAction":[{"@type":"SearchAction","target":{"@type":"EntryPoint","urlTemplate":"https:\/\/tourtravelandmore.com\/es\/?s={search_term_string}"},"query-input":{"@type":"PropertyValueSpecification","valueRequired":true,"valueName":"search_term_string"}}],"inLanguage":"es"},{"@type":"Organization","@id":"https:\/\/tourtravelandmore.com\/es\/#organization","name":"Tour Travel And More","url":"https:\/\/tourtravelandmore.com\/es\/","logo":{"@type":"ImageObject","inLanguage":"es","@id":"https:\/\/tourtravelandmore.com\/es\/#\/schema\/logo\/image\/","url":"https:\/\/tourtravelandmore.com\/wp-content\/uploads\/2022\/12\/cropped-logo-cabecera-new.png","contentUrl":"https:\/\/tourtravelandmore.com\/wp-content\/uploads\/2022\/12\/cropped-logo-cabecera-new.png","width":430,"height":61,"caption":"Tour Travel And More"},"image":{"@id":"https:\/\/tourtravelandmore.com\/es\/#\/schema\/logo\/image\/"},"sameAs":["https:\/\/www.facebook.com\/tourtravelandmore\/","https:\/\/x.com\/TourTravel_More"]}]}},"_links":{"self":[{"href":"https:\/\/tourtravelandmore.com\/es\/wp-json\/wp\/v2\/product\/67562","targetHints":{"allow":["GET"]}}],"collection":[{"href":"https:\/\/tourtravelandmore.com\/es\/wp-json\/wp\/v2\/product"}],"about":[{"href":"https:\/\/tourtravelandmore.com\/es\/wp-json\/wp\/v2\/types\/product"}],"replies":[{"embeddable":true,"href":"https:\/\/tourtravelandmore.com\/es\/wp-json\/wp\/v2\/comments?post=67562"}],"wp:featuredmedia":[{"embeddable":true,"href":"https:\/\/tourtravelandmore.com\/es\/wp-json\/wp\/v2\/media\/170103"}],"wp:attachment":[{"href":"https:\/\/tourtravelandmore.com\/es\/wp-json\/wp\/v2\/media?parent=67562"}],"wp:term":[{"taxonomy":"product_brand","embeddable":true,"href":"https:\/\/tourtravelandmore.com\/es\/wp-json\/wp\/v2\/product_brand?post=67562"},{"taxonomy":"product_cat","embeddable":true,"href":"https:\/\/tourtravelandmore.com\/es\/wp-json\/wp\/v2\/product_cat?post=67562"},{"taxonomy":"product_tag","embeddable":true,"href":"https:\/\/tourtravelandmore.com\/es\/wp-json\/wp\/v2\/product_tag?post=67562"}],"curies":[{"name":"wp","href":"https:\/\/api.w.org\/{rel}","templated":true}]}}