{"id":67545,"date":"2019-10-03T05:46:26","date_gmt":"2019-10-03T03:46:27","guid":{"rendered":"https:\/\/tourtravelandmore.com\/?post_type=product&#038;p=67545"},"modified":"2022-12-27T18:05:47","modified_gmt":"2022-12-27T17:05:47","slug":"tour-a-paris-desde-bruselas-con-guia-y-vehiculo-privado","status":"publish","type":"product","link":"https:\/\/tourtravelandmore.com\/es\/tours\/belgica-es\/bruselas-es\/tour-a-paris-desde-bruselas-con-guia-y-vehiculo-privado\/","title":{"rendered":"Excursi\u00f3n de d\u00eda completo a Par\u00eds desde Bruselas"},"content":{"rendered":"<h2>Descripci\u00f3n de la Excursi\u00f3n de d\u00eda completa a Par\u00eds desde Bruselas<\/h2>\n<p>Ven con nosotros y disfruta de este Tour<strong> a Par\u00eds desde Bruselas<\/strong> con tu gu\u00eda oficial y veh\u00edculo privado. Descubre los lugares m\u00e1s emblem\u00e1ticos de <strong>Par\u00eds<\/strong> y disfruta de este<strong> tour privado<\/strong>.<\/p>\n<p>La duraci\u00f3n de este tour a Par\u00eds desde Bruselas es de 12 Horas. Es un tour completamente privado, pueden escoger la hora y lugar de comienzo.<\/p>\n<p>A la hora establecida, un veh\u00edculo privado con chofer lo recoger\u00e1 de su hotel o lugar de elecci\u00f3n en Bruselas y su gu\u00eda privado estar\u00e1 esperando en Par\u00eds para empezar un tour de 4 Horas de la ciudad.<\/p>\n<h2>Puntos de inter\u00e9s en la Excursi\u00f3n de d\u00eda completo a Par\u00eds desde Bruselas<\/h2>\n<p>Durante su recorrido privado de d\u00eda completo descubrir\u00e1 algunos de los lugares m\u00e1s reconocidos de la ciudad.<\/p>\n<p>Ser\u00e1s testigo de su belleza arquitect\u00f3nica \u00fanica.<\/p>\n<p>Entre los sitios que puede visitar a trav\u00e9s de este recorrido privado, ofrecemos:<\/p>\n<ul>\n<li><strong>Torre Eiffel<\/strong><\/li>\n<li><strong>Museo Louvre<\/strong><\/li>\n<li><strong>catedral de Notre Dame<\/strong><\/li>\n<li><strong>Arco de triunfo<\/strong><\/li>\n<li><strong>Basilique Sacre Coeur<\/strong><\/li>\n<li><strong>Jardines de luxemburgo<\/strong><\/li>\n<li><strong>Place de la Concorde<\/strong><\/li>\n<li><strong>Jard\u00edn de las Tuller\u00edas<\/strong><\/li>\n<li><strong>Camps \u00c9lys\u00e9es<\/strong><\/li>\n<li><strong>Grand Palais<\/strong><\/li>\n<li><strong>Les Invalides<\/strong><\/li>\n<li><strong>Museo de Orly<\/strong><\/li>\n<li><b>Pante\u00f3n\u00a0de Par\u00eds<\/b><\/li>\n<li><strong>Petit Palais<\/strong><\/li>\n<li><strong>Palacio de luxemburgo<\/strong><\/li>\n<li><strong>Trocadero<\/strong><\/li>\n<li><strong>Moulin Rouge<\/strong><\/li>\n<li><strong>Y muchos m\u00e1s lugares en este tour privado.<\/strong><\/li>\n<\/ul>\n<p>Si dispones de m\u00e1s d\u00edas en Bruselas, puedes consultar <a href=\"https:\/\/tourtravelandmore.com\/es\/ciudad\/belgica-es\/bruselas-es\/\"><strong>aqu\u00ed<\/strong><\/a> el resto de los tours privados que ofrecemos en Bruselas.<\/p>\n<h3>La ciudad: Par\u00eds<\/h3>\n<p>Par\u00eds es la capital y ciudad m\u00e1s popular de Francia. Su poblaci\u00f3n oficial supera los 2 millones. Desde el siglo XVII, Par\u00eds es y ha sido una de las ciudades m\u00e1s importantes de Europa en finanzas, comercio, moda, ciencia e incluso artes. Lo llevaremos a recorridos privados y experiencias para conocer la ciudad m\u00e1s importante de Francia. Podemos recogerlo en su hotel, el aeropuerto de Par\u00eds-Charles de Gaulle o el aeropuerto de Par\u00eds-Orly, Gare du Nord o cualquier apartamento dentro de la ciudad para llevarlo a una experiencia especial y \u00fanica. \u00a1Conozca los museos y monumentos arquitect\u00f3nicos \u00fanicos de Par\u00eds, como el Louvre, el Museo de Orsay, la Torre Eiffel, el r\u00edo Sena, los Campos El\u00edseos, Montmartre y mucho m\u00e1s!<\/p>\n","protected":false},"excerpt":{"rendered":"<p><strong>Bruselas<\/strong> te brinda la posibilidad de conocer <strong>Paris<\/strong> en un d\u00eda gracias a su tren de alta velocidad. Es por eso, que nuestro <strong>tour privado de d\u00eda completo a Paris desde Bruselas<\/strong> es la mejor opci\u00f3n para conocer la famosa capital de Francia. A su llegada a Paris, tendr\u00e1 a su disposicion un veh\u00edculo privado de lujo por 8 horas y un gu\u00eda oficial local.<\/p>\n","protected":false},"featured_media":29297,"comment_status":"open","ping_status":"closed","template":"","meta":{"_acf_changed":false},"product_brand":[],"product_cat":[1454,1459,1457],"product_tag":[],"class_list":{"0":"post-67545","1":"product","2":"type-product","3":"status-publish","4":"has-post-thumbnail","6":"product_cat-bruselas-es","7":"product_cat-bruselas-actividades-es","8":"product_cat-bruselas-excursiones-es","10":"first","11":"instock","12":"shipping-taxable","13":"purchasable","14":"product-type-simple"},"acf":[],"yoast_head":"<!-- This site is optimized with the Yoast SEO Premium plugin v25.3.1 (Yoast SEO v25.3.1) - https:\/\/yoast.com\/wordpress\/plugins\/seo\/ -->\n<title>Tour a Paris desde Bruselas con guia y vehiculo privado | TTM<\/title>\n<meta name=\"description\" content=\"Reserva un tour a Paris desde Bruselas con guia y vehiculo privado y descubre una de las ciudades m\u00e1s importantes de Europa.\" \/>\n<meta name=\"robots\" content=\"index, follow, max-snippet:-1, max-image-preview:large, max-video-preview:-1\" \/>\n<link rel=\"canonical\" href=\"https:\/\/tourtravelandmore.com\/es\/tours\/belgica-es\/bruselas-es\/tour-a-paris-desde-bruselas-con-guia-y-vehiculo-privado\/\" \/>\n<meta property=\"og:locale\" content=\"es_ES\" \/>\n<meta property=\"og:type\" content=\"article\" \/>\n<meta property=\"og:title\" content=\"Excursi\u00f3n de d\u00eda completo a Par\u00eds desde Bruselas\" \/>\n<meta property=\"og:description\" content=\"Reserva un tour a Paris desde Bruselas con guia y vehiculo privado y descubre una de las ciudades m\u00e1s importantes de Europa.\" \/>\n<meta property=\"og:url\" content=\"https:\/\/tourtravelandmore.com\/es\/tours\/belgica-es\/bruselas-es\/tour-a-paris-desde-bruselas-con-guia-y-vehiculo-privado\/\" \/>\n<meta property=\"og:site_name\" content=\"Tour Travel And More\" \/>\n<meta property=\"article:publisher\" content=\"https:\/\/www.facebook.com\/tourtravelandmore\/\" \/>\n<meta property=\"article:modified_time\" content=\"2022-12-27T17:05:47+00:00\" \/>\n<meta property=\"og:image\" content=\"https:\/\/tourtravelandmore.com\/wp-content\/uploads\/2018\/11\/chrismasparis.jpg\" \/>\n\t<meta property=\"og:image:width\" content=\"1024\" \/>\n\t<meta property=\"og:image:height\" content=\"554\" \/>\n\t<meta property=\"og:image:type\" content=\"image\/jpeg\" \/>\n<meta name=\"twitter:card\" content=\"summary_large_image\" \/>\n<meta name=\"twitter:site\" content=\"@TourTravel_More\" \/>\n<meta name=\"twitter:label1\" content=\"Tiempo de lectura\" \/>\n\t<meta name=\"twitter:data1\" content=\"2 minutos\" \/>\n<script type=\"application\/ld+json\" class=\"yoast-schema-graph\">{\"@context\":\"https:\/\/schema.org\",\"@graph\":[{\"@type\":\"WebPage\",\"@id\":\"https:\/\/tourtravelandmore.com\/es\/tours\/belgica-es\/bruselas-es\/tour-a-paris-desde-bruselas-con-guia-y-vehiculo-privado\/\",\"url\":\"https:\/\/tourtravelandmore.com\/es\/tours\/belgica-es\/bruselas-es\/tour-a-paris-desde-bruselas-con-guia-y-vehiculo-privado\/\",\"name\":\"Tour a Paris desde Bruselas con guia y vehiculo privado | TTM\",\"isPartOf\":{\"@id\":\"https:\/\/tourtravelandmore.com\/es\/#website\"},\"primaryImageOfPage\":{\"@id\":\"https:\/\/tourtravelandmore.com\/es\/tours\/belgica-es\/bruselas-es\/tour-a-paris-desde-bruselas-con-guia-y-vehiculo-privado\/#primaryimage\"},\"image\":{\"@id\":\"https:\/\/tourtravelandmore.com\/es\/tours\/belgica-es\/bruselas-es\/tour-a-paris-desde-bruselas-con-guia-y-vehiculo-privado\/#primaryimage\"},\"thumbnailUrl\":\"https:\/\/tourtravelandmore.com\/wp-content\/uploads\/2018\/11\/chrismasparis.jpg\",\"datePublished\":\"2019-10-03T03:46:27+00:00\",\"dateModified\":\"2022-12-27T17:05:47+00:00\",\"description\":\"Reserva un tour a Paris desde Bruselas con guia y vehiculo privado y descubre una de las ciudades m\u00e1s importantes de Europa.\",\"breadcrumb\":{\"@id\":\"https:\/\/tourtravelandmore.com\/es\/tours\/belgica-es\/bruselas-es\/tour-a-paris-desde-bruselas-con-guia-y-vehiculo-privado\/#breadcrumb\"},\"inLanguage\":\"es\",\"potentialAction\":[{\"@type\":\"ReadAction\",\"target\":[\"https:\/\/tourtravelandmore.com\/es\/tours\/belgica-es\/bruselas-es\/tour-a-paris-desde-bruselas-con-guia-y-vehiculo-privado\/\"]}]},{\"@type\":\"ImageObject\",\"inLanguage\":\"es\",\"@id\":\"https:\/\/tourtravelandmore.com\/es\/tours\/belgica-es\/bruselas-es\/tour-a-paris-desde-bruselas-con-guia-y-vehiculo-privado\/#primaryimage\",\"url\":\"https:\/\/tourtravelandmore.com\/wp-content\/uploads\/2018\/11\/chrismasparis.jpg\",\"contentUrl\":\"https:\/\/tourtravelandmore.com\/wp-content\/uploads\/2018\/11\/chrismasparis.jpg\",\"width\":1024,\"height\":554},{\"@type\":\"BreadcrumbList\",\"@id\":\"https:\/\/tourtravelandmore.com\/es\/tours\/belgica-es\/bruselas-es\/tour-a-paris-desde-bruselas-con-guia-y-vehiculo-privado\/#breadcrumb\",\"itemListElement\":[{\"@type\":\"ListItem\",\"position\":1,\"name\":\"Home\",\"item\":\"https:\/\/tourtravelandmore.com\/es\/\"},{\"@type\":\"ListItem\",\"position\":2,\"name\":\"Tours\",\"item\":\"https:\/\/tourtravelandmore.com\/es\/tours\/\"},{\"@type\":\"ListItem\",\"position\":3,\"name\":\"Excursi\u00f3n de d\u00eda completo a Par\u00eds desde Bruselas\"}]},{\"@type\":\"WebSite\",\"@id\":\"https:\/\/tourtravelandmore.com\/es\/#website\",\"url\":\"https:\/\/tourtravelandmore.com\/es\/\",\"name\":\"Tour Travel And More\",\"description\":\"Private sightseeing tours and luxury transfers in Spain\",\"publisher\":{\"@id\":\"https:\/\/tourtravelandmore.com\/es\/#organization\"},\"potentialAction\":[{\"@type\":\"SearchAction\",\"target\":{\"@type\":\"EntryPoint\",\"urlTemplate\":\"https:\/\/tourtravelandmore.com\/es\/?s={search_term_string}\"},\"query-input\":{\"@type\":\"PropertyValueSpecification\",\"valueRequired\":true,\"valueName\":\"search_term_string\"}}],\"inLanguage\":\"es\"},{\"@type\":\"Organization\",\"@id\":\"https:\/\/tourtravelandmore.com\/es\/#organization\",\"name\":\"Tour Travel And More\",\"url\":\"https:\/\/tourtravelandmore.com\/es\/\",\"logo\":{\"@type\":\"ImageObject\",\"inLanguage\":\"es\",\"@id\":\"https:\/\/tourtravelandmore.com\/es\/#\/schema\/logo\/image\/\",\"url\":\"https:\/\/tourtravelandmore.com\/wp-content\/uploads\/2022\/12\/cropped-logo-cabecera-new.png\",\"contentUrl\":\"https:\/\/tourtravelandmore.com\/wp-content\/uploads\/2022\/12\/cropped-logo-cabecera-new.png\",\"width\":430,\"height\":61,\"caption\":\"Tour Travel And More\"},\"image\":{\"@id\":\"https:\/\/tourtravelandmore.com\/es\/#\/schema\/logo\/image\/\"},\"sameAs\":[\"https:\/\/www.facebook.com\/tourtravelandmore\/\",\"https:\/\/x.com\/TourTravel_More\"]}]}<\/script>\n<!-- \/ Yoast SEO Premium plugin. -->","yoast_head_json":{"title":"Tour a Paris desde Bruselas con guia y vehiculo privado | TTM","description":"Reserva un tour a Paris desde Bruselas con guia y vehiculo privado y descubre una de las ciudades m\u00e1s importantes de Europa.","robots":{"index":"index","follow":"follow","max-snippet":"max-snippet:-1","max-image-preview":"max-image-preview:large","max-video-preview":"max-video-preview:-1"},"canonical":"https:\/\/tourtravelandmore.com\/es\/tours\/belgica-es\/bruselas-es\/tour-a-paris-desde-bruselas-con-guia-y-vehiculo-privado\/","og_locale":"es_ES","og_type":"article","og_title":"Excursi\u00f3n de d\u00eda completo a Par\u00eds desde Bruselas","og_description":"Reserva un tour a Paris desde Bruselas con guia y vehiculo privado y descubre una de las ciudades m\u00e1s importantes de Europa.","og_url":"https:\/\/tourtravelandmore.com\/es\/tours\/belgica-es\/bruselas-es\/tour-a-paris-desde-bruselas-con-guia-y-vehiculo-privado\/","og_site_name":"Tour Travel And More","article_publisher":"https:\/\/www.facebook.com\/tourtravelandmore\/","article_modified_time":"2022-12-27T17:05:47+00:00","og_image":[{"width":1024,"height":554,"url":"https:\/\/tourtravelandmore.com\/wp-content\/uploads\/2018\/11\/chrismasparis.jpg","type":"image\/jpeg"}],"twitter_card":"summary_large_image","twitter_site":"@TourTravel_More","twitter_misc":{"Tiempo de lectura":"2 minutos"},"schema":{"@context":"https:\/\/schema.org","@graph":[{"@type":"WebPage","@id":"https:\/\/tourtravelandmore.com\/es\/tours\/belgica-es\/bruselas-es\/tour-a-paris-desde-bruselas-con-guia-y-vehiculo-privado\/","url":"https:\/\/tourtravelandmore.com\/es\/tours\/belgica-es\/bruselas-es\/tour-a-paris-desde-bruselas-con-guia-y-vehiculo-privado\/","name":"Tour a Paris desde Bruselas con guia y vehiculo privado | TTM","isPartOf":{"@id":"https:\/\/tourtravelandmore.com\/es\/#website"},"primaryImageOfPage":{"@id":"https:\/\/tourtravelandmore.com\/es\/tours\/belgica-es\/bruselas-es\/tour-a-paris-desde-bruselas-con-guia-y-vehiculo-privado\/#primaryimage"},"image":{"@id":"https:\/\/tourtravelandmore.com\/es\/tours\/belgica-es\/bruselas-es\/tour-a-paris-desde-bruselas-con-guia-y-vehiculo-privado\/#primaryimage"},"thumbnailUrl":"https:\/\/tourtravelandmore.com\/wp-content\/uploads\/2018\/11\/chrismasparis.jpg","datePublished":"2019-10-03T03:46:27+00:00","dateModified":"2022-12-27T17:05:47+00:00","description":"Reserva un tour a Paris desde Bruselas con guia y vehiculo privado y descubre una de las ciudades m\u00e1s importantes de Europa.","breadcrumb":{"@id":"https:\/\/tourtravelandmore.com\/es\/tours\/belgica-es\/bruselas-es\/tour-a-paris-desde-bruselas-con-guia-y-vehiculo-privado\/#breadcrumb"},"inLanguage":"es","potentialAction":[{"@type":"ReadAction","target":["https:\/\/tourtravelandmore.com\/es\/tours\/belgica-es\/bruselas-es\/tour-a-paris-desde-bruselas-con-guia-y-vehiculo-privado\/"]}]},{"@type":"ImageObject","inLanguage":"es","@id":"https:\/\/tourtravelandmore.com\/es\/tours\/belgica-es\/bruselas-es\/tour-a-paris-desde-bruselas-con-guia-y-vehiculo-privado\/#primaryimage","url":"https:\/\/tourtravelandmore.com\/wp-content\/uploads\/2018\/11\/chrismasparis.jpg","contentUrl":"https:\/\/tourtravelandmore.com\/wp-content\/uploads\/2018\/11\/chrismasparis.jpg","width":1024,"height":554},{"@type":"BreadcrumbList","@id":"https:\/\/tourtravelandmore.com\/es\/tours\/belgica-es\/bruselas-es\/tour-a-paris-desde-bruselas-con-guia-y-vehiculo-privado\/#breadcrumb","itemListElement":[{"@type":"ListItem","position":1,"name":"Home","item":"https:\/\/tourtravelandmore.com\/es\/"},{"@type":"ListItem","position":2,"name":"Tours","item":"https:\/\/tourtravelandmore.com\/es\/tours\/"},{"@type":"ListItem","position":3,"name":"Excursi\u00f3n de d\u00eda completo a Par\u00eds desde Bruselas"}]},{"@type":"WebSite","@id":"https:\/\/tourtravelandmore.com\/es\/#website","url":"https:\/\/tourtravelandmore.com\/es\/","name":"Tour Travel And More","description":"Private sightseeing tours and luxury transfers in Spain","publisher":{"@id":"https:\/\/tourtravelandmore.com\/es\/#organization"},"potentialAction":[{"@type":"SearchAction","target":{"@type":"EntryPoint","urlTemplate":"https:\/\/tourtravelandmore.com\/es\/?s={search_term_string}"},"query-input":{"@type":"PropertyValueSpecification","valueRequired":true,"valueName":"search_term_string"}}],"inLanguage":"es"},{"@type":"Organization","@id":"https:\/\/tourtravelandmore.com\/es\/#organization","name":"Tour Travel And More","url":"https:\/\/tourtravelandmore.com\/es\/","logo":{"@type":"ImageObject","inLanguage":"es","@id":"https:\/\/tourtravelandmore.com\/es\/#\/schema\/logo\/image\/","url":"https:\/\/tourtravelandmore.com\/wp-content\/uploads\/2022\/12\/cropped-logo-cabecera-new.png","contentUrl":"https:\/\/tourtravelandmore.com\/wp-content\/uploads\/2022\/12\/cropped-logo-cabecera-new.png","width":430,"height":61,"caption":"Tour Travel And More"},"image":{"@id":"https:\/\/tourtravelandmore.com\/es\/#\/schema\/logo\/image\/"},"sameAs":["https:\/\/www.facebook.com\/tourtravelandmore\/","https:\/\/x.com\/TourTravel_More"]}]}},"_links":{"self":[{"href":"https:\/\/tourtravelandmore.com\/es\/wp-json\/wp\/v2\/product\/67545","targetHints":{"allow":["GET"]}}],"collection":[{"href":"https:\/\/tourtravelandmore.com\/es\/wp-json\/wp\/v2\/product"}],"about":[{"href":"https:\/\/tourtravelandmore.com\/es\/wp-json\/wp\/v2\/types\/product"}],"replies":[{"embeddable":true,"href":"https:\/\/tourtravelandmore.com\/es\/wp-json\/wp\/v2\/comments?post=67545"}],"wp:featuredmedia":[{"embeddable":true,"href":"https:\/\/tourtravelandmore.com\/es\/wp-json\/wp\/v2\/media\/29297"}],"wp:attachment":[{"href":"https:\/\/tourtravelandmore.com\/es\/wp-json\/wp\/v2\/media?parent=67545"}],"wp:term":[{"taxonomy":"product_brand","embeddable":true,"href":"https:\/\/tourtravelandmore.com\/es\/wp-json\/wp\/v2\/product_brand?post=67545"},{"taxonomy":"product_cat","embeddable":true,"href":"https:\/\/tourtravelandmore.com\/es\/wp-json\/wp\/v2\/product_cat?post=67545"},{"taxonomy":"product_tag","embeddable":true,"href":"https:\/\/tourtravelandmore.com\/es\/wp-json\/wp\/v2\/product_tag?post=67545"}],"curies":[{"name":"wp","href":"https:\/\/api.w.org\/{rel}","templated":true}]}}