{"id":67540,"date":"2019-10-03T05:46:25","date_gmt":"2019-10-03T03:46:25","guid":{"rendered":"https:\/\/tourtravelandmore.com\/?post_type=product&#038;p=67540"},"modified":"2022-12-27T15:18:36","modified_gmt":"2022-12-27T14:18:36","slug":"tour-privado-a-pie-por-bruselas-con-guia-oficial-turistico-en-su-idioma","status":"publish","type":"product","link":"https:\/\/tourtravelandmore.com\/es\/tours\/belgica-es\/bruselas-es\/tour-privado-a-pie-por-bruselas-con-guia-oficial-turistico-en-su-idioma\/","title":{"rendered":"Tour Privado a pie Bruselas"},"content":{"rendered":"<h2>Descripci\u00f3n del Tour Privado a pie Bruselas<\/h2>\n<p><span style=\"font-weight: 400;\">Reserva un tour a pie Bruselas, con gu\u00eda oficial privado y descubre esta maravillosa ciudad<\/span><span style=\"font-weight: 400;\">. Te sorprender\u00e1 de la amplia cultura que esta capital belga tiene para deleitarle en cada paso. Amar\u00e1 su casco antiguo y sus callejuelas estrechas llenas de encanto.<\/span><\/p>\n<p>La duraci\u00f3n de este<strong> tour a pie Bruselas es de 4 Horas<\/strong>. Al ser un tour privado, pueden escoger la hora y lugar de comienzo. Si el Hotel no es c\u00e9ntrico le indicaremos un punto de encuentro.<\/p>\n<p>Bruselas es la capital belga. Es sede de la Uni\u00f3n Europea y la OTAN y tambi\u00e9n el principal centro financiero administrativo de la regi\u00f3n<\/p>\n<p>Tiene una posici\u00f3n econ\u00f3mica muy estable y flexible y cuenta con un potencial cient\u00edfico de niveles superiores. Su poblaci\u00f3n asciende a 1.1 millones de habitantes y su ubicaci\u00f3n entre Suiza, Alemania y Francia, la hacen estrat\u00e9gicamente interesante.<\/p>\n<p>Su cultura, historia y dise\u00f1o arquitect\u00f3nico, la convierten tambi\u00e9n en una excelente opci\u00f3n para el turismo.<\/p>\n<h2>Puntos de inter\u00e9s del Tour Privado a pie Bruselas<\/h2>\n<p><span style=\"font-weight: 400;\">Nuestra recomendaci\u00f3n es iniciar un encuentro en el <\/span><b>casco antiguo de Bruselas<\/b><span style=\"font-weight: 400;\">, espec\u00edficamente en la fastuosa <\/span><b>Grand Place<\/b><span style=\"font-weight: 400;\">, reconocido por la Unesco. Desde ah\u00ed comenzar\u00e1 a recorrer el casco hist\u00f3rico a pie, que aunque es un per\u00edmetro bastante peque\u00f1o, ofrece una gran cantidad de atracciones e intereses tur\u00edsticos.\u00a0<\/span><\/p>\n<p><span style=\"font-weight: 400;\">El lugar est\u00e1 dise\u00f1ado con una hermosa arquitectura que representan las distintas \u00e9pocas. Se encuentra repleto de restaurantes, tiendas y bares donde podr\u00e1 degustar una de los tantos tipos de cervezas belgas.\u00a0<\/span><\/p>\n<p><span style=\"font-weight: 400;\">Alrededor podr\u00e1 admirar una gran cantidad de <\/span><b>edificios g\u00f3ticos<\/b><span style=\"font-weight: 400;\">, especialmente cuando se iluminan al caer la noche. A unos pocos pasos se encuentra <strong>el Ayuntamiento<\/strong>, <\/span><b>la Casa del Rey <\/b><span style=\"font-weight: 400;\">y otras residencias bonitas que delimitan su per\u00edmetro.<\/span><\/p>\n<p><span style=\"font-weight: 400;\">Las calles adoquinadas lo llevar\u00e1n a <\/span><b>la Place Royale, el Grand Sablon<\/b><span style=\"font-weight: 400;\">, <strong>y <\/strong><\/span><b>la Plaza de la Bolsa<\/b><span style=\"font-weight: 400;\"> donde se encuentra el <\/span><b>edificio de la Bolsa de Valores<\/b><span style=\"font-weight: 400;\">. Se perder\u00e1 entre muchas iglesias, y los numerosos callejones estrechos.<\/span><\/p>\n<p><span style=\"font-weight: 400;\">En la siguiente parada podr\u00e1 tomar una foto frente al <\/span><b>Manneken-Pis<\/b><span style=\"font-weight: 400;\">, el s\u00edmbolo de Bruselas que muestra a un ni\u00f1o haciendo pis. Este peque\u00f1o ni\u00f1o de bronce del siglo XVII es admirado por sus tantas leyendas y funciona como una fuente p\u00fablica. Regularmente, la administraci\u00f3n lo viste con un atuendo distinto.<\/span><\/p>\n<p><span style=\"font-weight: 400;\">Otra parada interesante son las <\/span><b>galer\u00edas reales de Saint-Hubert<\/b><span style=\"font-weight: 400;\">. En este lugar puede hacer largas caminatas por tiendas, cafeter\u00edas y restaurantes muy elegantes. Su estructura conserva una arquitectura muy hermosa con techos de cristal.<\/span><\/p>\n<p><span style=\"font-weight: 400;\">M\u00e1s adelante descubra la <\/span><b>ruta del c\u00f3mic<\/b><span style=\"font-weight: 400;\">, donde docenas de estos adornan los edificios de la ciudad, muchos de ellos hechos incluso, por dise\u00f1adores y personajes famosos. Cada c\u00f3mic cobrar\u00e1 vida al o\u00edr la historia contada por su gu\u00eda privado.<\/span><\/p>\n<h3><b>Otros lugares para conocer en este tour privado<\/b><\/h3>\n<ul>\n<li style=\"font-weight: 400;\"><strong>Catedral de San Miguel y Santa Gudula<\/strong><\/li>\n<li style=\"font-weight: 400;\"><strong>Iglesia de San Nicol\u00e1s<\/strong><\/li>\n<li style=\"font-weight: 400;\"><strong>Iglesia de Notre-Dame du Sablon<\/strong><\/li>\n<li style=\"font-weight: 400;\"><strong>Boutique Tint\u00edn<\/strong><\/li>\n<li style=\"font-weight: 400;\"><strong>Palacio Real<\/strong><\/li>\n<li style=\"font-weight: 400;\"><strong>Parque Real<\/strong><\/li>\n<li style=\"font-weight: 400;\"><strong>Museo Magritte<\/strong><\/li>\n<li style=\"font-weight: 400;\"><strong>Museos Reales de Bellas Artes<\/strong><\/li>\n<li style=\"font-weight: 400;\"><strong>Arts Mountain<\/strong><\/li>\n<\/ul>\n<p>Si dispone de m\u00e1s d\u00eda en Bruselas, puedes consultar <a href=\"https:\/\/tourtravelandmore.com\/es\/ciudad\/belgica-es\/bruselas-es\/\"><strong>aqu\u00ed<\/strong><\/a>, el resto de tours privados que ofrecemos en la ciudad.<\/p>\n","protected":false},"excerpt":{"rendered":"<p>Avent\u00farese en este <strong>recorrido a pie privado de 4 horas totalmente personalizado por las calles de Bruselas<\/strong>, donde podr\u00e1 admirar la belleza urbana de sus calles, monumentos y edificios renacentistas m\u00e1s importantes. En el camino, su gu\u00eda oficial privado lo llevar\u00e1 a explorar la belleza que ofrece la ciudad y sus edificios medievales, como la<strong> Boutique Tint\u00edn<\/strong>, las <strong>Galer\u00edas Reales de Saint-Hubert<\/strong>, el <strong>Edificio de la Bolsa de Valores<\/strong> y muchos m\u00e1s sitios.<\/p>\n","protected":false},"featured_media":67576,"comment_status":"open","ping_status":"closed","template":"","meta":{"_acf_changed":false},"product_brand":[],"product_cat":[1454,1459,1456],"product_tag":[],"class_list":{"0":"post-67540","1":"product","2":"type-product","3":"status-publish","4":"has-post-thumbnail","6":"product_cat-bruselas-es","7":"product_cat-bruselas-actividades-es","8":"product_cat-bruselas-tours-privados-pie-es","10":"first","11":"instock","12":"shipping-taxable","13":"purchasable","14":"product-type-simple"},"acf":[],"yoast_head":"<!-- This site is optimized with the Yoast SEO Premium plugin v25.3.1 (Yoast SEO v25.3.1) - https:\/\/yoast.com\/wordpress\/plugins\/seo\/ -->\n<title>Tour Privado a pie por Bruselas con guia oficial turistico en su idioma | TTM<\/title>\n<meta name=\"description\" content=\"Disfruta de este tour privado personalizable y conozca Bruselas a pie, una ciudad llena de historia y conozca sus monumentos m\u00e1s resaltantes.\" \/>\n<meta name=\"robots\" content=\"index, follow, max-snippet:-1, max-image-preview:large, max-video-preview:-1\" \/>\n<link rel=\"canonical\" href=\"https:\/\/tourtravelandmore.com\/es\/tours\/belgica-es\/bruselas-es\/tour-privado-a-pie-por-bruselas-con-guia-oficial-turistico-en-su-idioma\/\" \/>\n<meta property=\"og:locale\" content=\"es_ES\" \/>\n<meta property=\"og:type\" content=\"article\" \/>\n<meta property=\"og:title\" content=\"Tour Privado a pie Bruselas\" \/>\n<meta property=\"og:description\" content=\"Disfruta de este tour privado personalizable y conozca Bruselas a pie, una ciudad llena de historia y conozca sus monumentos m\u00e1s resaltantes.\" \/>\n<meta property=\"og:url\" content=\"https:\/\/tourtravelandmore.com\/es\/tours\/belgica-es\/bruselas-es\/tour-privado-a-pie-por-bruselas-con-guia-oficial-turistico-en-su-idioma\/\" \/>\n<meta property=\"og:site_name\" content=\"Tour Travel And More\" \/>\n<meta property=\"article:publisher\" content=\"https:\/\/www.facebook.com\/tourtravelandmore\/\" \/>\n<meta property=\"article:modified_time\" content=\"2022-12-27T14:18:36+00:00\" \/>\n<meta property=\"og:image\" content=\"https:\/\/tourtravelandmore.com\/wp-content\/uploads\/2019\/10\/brussels.1.jpg\" \/>\n\t<meta property=\"og:image:width\" content=\"960\" \/>\n\t<meta property=\"og:image:height\" content=\"707\" \/>\n\t<meta property=\"og:image:type\" content=\"image\/jpeg\" \/>\n<meta name=\"twitter:card\" content=\"summary_large_image\" \/>\n<meta name=\"twitter:site\" content=\"@TourTravel_More\" \/>\n<meta name=\"twitter:label1\" content=\"Tiempo de lectura\" \/>\n\t<meta name=\"twitter:data1\" content=\"3 minutos\" \/>\n<script type=\"application\/ld+json\" class=\"yoast-schema-graph\">{\"@context\":\"https:\/\/schema.org\",\"@graph\":[{\"@type\":\"WebPage\",\"@id\":\"https:\/\/tourtravelandmore.com\/es\/tours\/belgica-es\/bruselas-es\/tour-privado-a-pie-por-bruselas-con-guia-oficial-turistico-en-su-idioma\/\",\"url\":\"https:\/\/tourtravelandmore.com\/es\/tours\/belgica-es\/bruselas-es\/tour-privado-a-pie-por-bruselas-con-guia-oficial-turistico-en-su-idioma\/\",\"name\":\"Tour Privado a pie por Bruselas con guia oficial turistico en su idioma | TTM\",\"isPartOf\":{\"@id\":\"https:\/\/tourtravelandmore.com\/es\/#website\"},\"primaryImageOfPage\":{\"@id\":\"https:\/\/tourtravelandmore.com\/es\/tours\/belgica-es\/bruselas-es\/tour-privado-a-pie-por-bruselas-con-guia-oficial-turistico-en-su-idioma\/#primaryimage\"},\"image\":{\"@id\":\"https:\/\/tourtravelandmore.com\/es\/tours\/belgica-es\/bruselas-es\/tour-privado-a-pie-por-bruselas-con-guia-oficial-turistico-en-su-idioma\/#primaryimage\"},\"thumbnailUrl\":\"https:\/\/tourtravelandmore.com\/wp-content\/uploads\/2019\/10\/brussels.1.jpg\",\"datePublished\":\"2019-10-03T03:46:25+00:00\",\"dateModified\":\"2022-12-27T14:18:36+00:00\",\"description\":\"Disfruta de este tour privado personalizable y conozca Bruselas a pie, una ciudad llena de historia y conozca sus monumentos m\u00e1s resaltantes.\",\"breadcrumb\":{\"@id\":\"https:\/\/tourtravelandmore.com\/es\/tours\/belgica-es\/bruselas-es\/tour-privado-a-pie-por-bruselas-con-guia-oficial-turistico-en-su-idioma\/#breadcrumb\"},\"inLanguage\":\"es\",\"potentialAction\":[{\"@type\":\"ReadAction\",\"target\":[\"https:\/\/tourtravelandmore.com\/es\/tours\/belgica-es\/bruselas-es\/tour-privado-a-pie-por-bruselas-con-guia-oficial-turistico-en-su-idioma\/\"]}]},{\"@type\":\"ImageObject\",\"inLanguage\":\"es\",\"@id\":\"https:\/\/tourtravelandmore.com\/es\/tours\/belgica-es\/bruselas-es\/tour-privado-a-pie-por-bruselas-con-guia-oficial-turistico-en-su-idioma\/#primaryimage\",\"url\":\"https:\/\/tourtravelandmore.com\/wp-content\/uploads\/2019\/10\/brussels.1.jpg\",\"contentUrl\":\"https:\/\/tourtravelandmore.com\/wp-content\/uploads\/2019\/10\/brussels.1.jpg\",\"width\":960,\"height\":707},{\"@type\":\"BreadcrumbList\",\"@id\":\"https:\/\/tourtravelandmore.com\/es\/tours\/belgica-es\/bruselas-es\/tour-privado-a-pie-por-bruselas-con-guia-oficial-turistico-en-su-idioma\/#breadcrumb\",\"itemListElement\":[{\"@type\":\"ListItem\",\"position\":1,\"name\":\"Home\",\"item\":\"https:\/\/tourtravelandmore.com\/es\/\"},{\"@type\":\"ListItem\",\"position\":2,\"name\":\"Tours\",\"item\":\"https:\/\/tourtravelandmore.com\/es\/tours\/\"},{\"@type\":\"ListItem\",\"position\":3,\"name\":\"Tour Privado a pie Bruselas\"}]},{\"@type\":\"WebSite\",\"@id\":\"https:\/\/tourtravelandmore.com\/es\/#website\",\"url\":\"https:\/\/tourtravelandmore.com\/es\/\",\"name\":\"Tour Travel And More\",\"description\":\"Private sightseeing tours and luxury transfers in Spain\",\"publisher\":{\"@id\":\"https:\/\/tourtravelandmore.com\/es\/#organization\"},\"potentialAction\":[{\"@type\":\"SearchAction\",\"target\":{\"@type\":\"EntryPoint\",\"urlTemplate\":\"https:\/\/tourtravelandmore.com\/es\/?s={search_term_string}\"},\"query-input\":{\"@type\":\"PropertyValueSpecification\",\"valueRequired\":true,\"valueName\":\"search_term_string\"}}],\"inLanguage\":\"es\"},{\"@type\":\"Organization\",\"@id\":\"https:\/\/tourtravelandmore.com\/es\/#organization\",\"name\":\"Tour Travel And More\",\"url\":\"https:\/\/tourtravelandmore.com\/es\/\",\"logo\":{\"@type\":\"ImageObject\",\"inLanguage\":\"es\",\"@id\":\"https:\/\/tourtravelandmore.com\/es\/#\/schema\/logo\/image\/\",\"url\":\"https:\/\/tourtravelandmore.com\/wp-content\/uploads\/2022\/12\/cropped-logo-cabecera-new.png\",\"contentUrl\":\"https:\/\/tourtravelandmore.com\/wp-content\/uploads\/2022\/12\/cropped-logo-cabecera-new.png\",\"width\":430,\"height\":61,\"caption\":\"Tour Travel And More\"},\"image\":{\"@id\":\"https:\/\/tourtravelandmore.com\/es\/#\/schema\/logo\/image\/\"},\"sameAs\":[\"https:\/\/www.facebook.com\/tourtravelandmore\/\",\"https:\/\/x.com\/TourTravel_More\"]}]}<\/script>\n<!-- \/ Yoast SEO Premium plugin. -->","yoast_head_json":{"title":"Tour Privado a pie por Bruselas con guia oficial turistico en su idioma | TTM","description":"Disfruta de este tour privado personalizable y conozca Bruselas a pie, una ciudad llena de historia y conozca sus monumentos m\u00e1s resaltantes.","robots":{"index":"index","follow":"follow","max-snippet":"max-snippet:-1","max-image-preview":"max-image-preview:large","max-video-preview":"max-video-preview:-1"},"canonical":"https:\/\/tourtravelandmore.com\/es\/tours\/belgica-es\/bruselas-es\/tour-privado-a-pie-por-bruselas-con-guia-oficial-turistico-en-su-idioma\/","og_locale":"es_ES","og_type":"article","og_title":"Tour Privado a pie Bruselas","og_description":"Disfruta de este tour privado personalizable y conozca Bruselas a pie, una ciudad llena de historia y conozca sus monumentos m\u00e1s resaltantes.","og_url":"https:\/\/tourtravelandmore.com\/es\/tours\/belgica-es\/bruselas-es\/tour-privado-a-pie-por-bruselas-con-guia-oficial-turistico-en-su-idioma\/","og_site_name":"Tour Travel And More","article_publisher":"https:\/\/www.facebook.com\/tourtravelandmore\/","article_modified_time":"2022-12-27T14:18:36+00:00","og_image":[{"width":960,"height":707,"url":"https:\/\/tourtravelandmore.com\/wp-content\/uploads\/2019\/10\/brussels.1.jpg","type":"image\/jpeg"}],"twitter_card":"summary_large_image","twitter_site":"@TourTravel_More","twitter_misc":{"Tiempo de lectura":"3 minutos"},"schema":{"@context":"https:\/\/schema.org","@graph":[{"@type":"WebPage","@id":"https:\/\/tourtravelandmore.com\/es\/tours\/belgica-es\/bruselas-es\/tour-privado-a-pie-por-bruselas-con-guia-oficial-turistico-en-su-idioma\/","url":"https:\/\/tourtravelandmore.com\/es\/tours\/belgica-es\/bruselas-es\/tour-privado-a-pie-por-bruselas-con-guia-oficial-turistico-en-su-idioma\/","name":"Tour Privado a pie por Bruselas con guia oficial turistico en su idioma | TTM","isPartOf":{"@id":"https:\/\/tourtravelandmore.com\/es\/#website"},"primaryImageOfPage":{"@id":"https:\/\/tourtravelandmore.com\/es\/tours\/belgica-es\/bruselas-es\/tour-privado-a-pie-por-bruselas-con-guia-oficial-turistico-en-su-idioma\/#primaryimage"},"image":{"@id":"https:\/\/tourtravelandmore.com\/es\/tours\/belgica-es\/bruselas-es\/tour-privado-a-pie-por-bruselas-con-guia-oficial-turistico-en-su-idioma\/#primaryimage"},"thumbnailUrl":"https:\/\/tourtravelandmore.com\/wp-content\/uploads\/2019\/10\/brussels.1.jpg","datePublished":"2019-10-03T03:46:25+00:00","dateModified":"2022-12-27T14:18:36+00:00","description":"Disfruta de este tour privado personalizable y conozca Bruselas a pie, una ciudad llena de historia y conozca sus monumentos m\u00e1s resaltantes.","breadcrumb":{"@id":"https:\/\/tourtravelandmore.com\/es\/tours\/belgica-es\/bruselas-es\/tour-privado-a-pie-por-bruselas-con-guia-oficial-turistico-en-su-idioma\/#breadcrumb"},"inLanguage":"es","potentialAction":[{"@type":"ReadAction","target":["https:\/\/tourtravelandmore.com\/es\/tours\/belgica-es\/bruselas-es\/tour-privado-a-pie-por-bruselas-con-guia-oficial-turistico-en-su-idioma\/"]}]},{"@type":"ImageObject","inLanguage":"es","@id":"https:\/\/tourtravelandmore.com\/es\/tours\/belgica-es\/bruselas-es\/tour-privado-a-pie-por-bruselas-con-guia-oficial-turistico-en-su-idioma\/#primaryimage","url":"https:\/\/tourtravelandmore.com\/wp-content\/uploads\/2019\/10\/brussels.1.jpg","contentUrl":"https:\/\/tourtravelandmore.com\/wp-content\/uploads\/2019\/10\/brussels.1.jpg","width":960,"height":707},{"@type":"BreadcrumbList","@id":"https:\/\/tourtravelandmore.com\/es\/tours\/belgica-es\/bruselas-es\/tour-privado-a-pie-por-bruselas-con-guia-oficial-turistico-en-su-idioma\/#breadcrumb","itemListElement":[{"@type":"ListItem","position":1,"name":"Home","item":"https:\/\/tourtravelandmore.com\/es\/"},{"@type":"ListItem","position":2,"name":"Tours","item":"https:\/\/tourtravelandmore.com\/es\/tours\/"},{"@type":"ListItem","position":3,"name":"Tour Privado a pie Bruselas"}]},{"@type":"WebSite","@id":"https:\/\/tourtravelandmore.com\/es\/#website","url":"https:\/\/tourtravelandmore.com\/es\/","name":"Tour Travel And More","description":"Private sightseeing tours and luxury transfers in Spain","publisher":{"@id":"https:\/\/tourtravelandmore.com\/es\/#organization"},"potentialAction":[{"@type":"SearchAction","target":{"@type":"EntryPoint","urlTemplate":"https:\/\/tourtravelandmore.com\/es\/?s={search_term_string}"},"query-input":{"@type":"PropertyValueSpecification","valueRequired":true,"valueName":"search_term_string"}}],"inLanguage":"es"},{"@type":"Organization","@id":"https:\/\/tourtravelandmore.com\/es\/#organization","name":"Tour Travel And More","url":"https:\/\/tourtravelandmore.com\/es\/","logo":{"@type":"ImageObject","inLanguage":"es","@id":"https:\/\/tourtravelandmore.com\/es\/#\/schema\/logo\/image\/","url":"https:\/\/tourtravelandmore.com\/wp-content\/uploads\/2022\/12\/cropped-logo-cabecera-new.png","contentUrl":"https:\/\/tourtravelandmore.com\/wp-content\/uploads\/2022\/12\/cropped-logo-cabecera-new.png","width":430,"height":61,"caption":"Tour Travel And More"},"image":{"@id":"https:\/\/tourtravelandmore.com\/es\/#\/schema\/logo\/image\/"},"sameAs":["https:\/\/www.facebook.com\/tourtravelandmore\/","https:\/\/x.com\/TourTravel_More"]}]}},"_links":{"self":[{"href":"https:\/\/tourtravelandmore.com\/es\/wp-json\/wp\/v2\/product\/67540","targetHints":{"allow":["GET"]}}],"collection":[{"href":"https:\/\/tourtravelandmore.com\/es\/wp-json\/wp\/v2\/product"}],"about":[{"href":"https:\/\/tourtravelandmore.com\/es\/wp-json\/wp\/v2\/types\/product"}],"replies":[{"embeddable":true,"href":"https:\/\/tourtravelandmore.com\/es\/wp-json\/wp\/v2\/comments?post=67540"}],"wp:featuredmedia":[{"embeddable":true,"href":"https:\/\/tourtravelandmore.com\/es\/wp-json\/wp\/v2\/media\/67576"}],"wp:attachment":[{"href":"https:\/\/tourtravelandmore.com\/es\/wp-json\/wp\/v2\/media?parent=67540"}],"wp:term":[{"taxonomy":"product_brand","embeddable":true,"href":"https:\/\/tourtravelandmore.com\/es\/wp-json\/wp\/v2\/product_brand?post=67540"},{"taxonomy":"product_cat","embeddable":true,"href":"https:\/\/tourtravelandmore.com\/es\/wp-json\/wp\/v2\/product_cat?post=67540"},{"taxonomy":"product_tag","embeddable":true,"href":"https:\/\/tourtravelandmore.com\/es\/wp-json\/wp\/v2\/product_tag?post=67540"}],"curies":[{"name":"wp","href":"https:\/\/api.w.org\/{rel}","templated":true}]}}