{"id":67534,"date":"2019-10-03T05:46:22","date_gmt":"2019-10-03T03:46:23","guid":{"rendered":"https:\/\/tourtravelandmore.com\/?post_type=product&#038;p=67534"},"modified":"2022-12-27T17:51:17","modified_gmt":"2022-12-27T16:51:17","slug":"transfer-privado-bruselas-desde-el-aeropuerto-o-cualquier-lugar","status":"publish","type":"product","link":"https:\/\/tourtravelandmore.com\/es\/tours\/belgica-es\/bruselas-es\/transfer-privado-bruselas-desde-el-aeropuerto-o-cualquier-lugar\/","title":{"rendered":"Traslado privado en Bruselas desde el Aeropuerto o cualquier lugar"},"content":{"rendered":"<h2>Descripci\u00f3n de los traslados privados en Bruselas<\/h2>\n<p>Con nuestro <strong>traslado privado<\/strong> <b>Bruselas<\/b>, le ofrecemos llegar a su destino r\u00e1pidamente y sin colas.<\/p>\n<p>Disfruta de una experiencia relajante en uno de nuestros<strong> veh\u00edculos privados<\/strong> de lujo. Ofrecemos todo tipo de traslados como, por ejemplo, traslados al aeropuerto, traslados a restaurantes o traslados a cualquier lugar.<\/p>\n<p>Una vez que llegue a su destino, nuestro personal lo estar\u00e1 esperando con un cartel en la terminal de llegadas. Tambi\u00e9n podr\u00e1 disfrutar del paisaje panor\u00e1mico de la ciudad en su veh\u00edculo privado de lujo.<\/p>\n<p>Ofrecemos<strong> traslado privado<\/strong> <strong><b>Bruselas<\/b><\/strong> para grupos privados e incluso incentivos y grupos grandes y ofrecemos un servicio personalizado. Todo lo que necesita hacer es contactarnos y organizaremos su traslado de la mejor manera posible.<\/p>\n<p>Le pedimos nos inform\u00e9 con cu\u00e1nto equipaje viajar\u00e1 solo por cuestiones de log\u00edstica, ya que a veces puede ser necesario un veh\u00edculo m\u00e1s grande.<\/p>\n<p>Si necesita un asiento para beb\u00e9 o ni\u00f1o, p\u00f3ngase en contacto con nosotros antes de su traslado para organizarlo correctamente.<\/p>\n<p>Si dispone de m\u00e1s de d\u00edas en Bruselas, puedes consultar <a href=\"https:\/\/tourtravelandmore.com\/es\/ciudad\/belgica-es\/bruselas-es\/\"><strong>aqu\u00ed<\/strong><\/a> el resto de tours privados que ofrecemos en la ciudad.<\/p>\n<h2>Puntos de inter\u00e9s de los traslados privados en Bruselas<b><\/b><\/h2>\n<p>Es la capital y ciudad m\u00e1s grande de la provincia de Flandes Occidental en la regi\u00f3n flamenca de B\u00e9lgica, en el noroeste del pa\u00eds. Junto con algunas otras ciudades del norte dise\u00f1adas en canales, es tambi\u00e9n conocida como la Venecia del Norte. El \u00e1rea metropolitana, incluida la zona exterior de cercan\u00edas, tiene un total de 255.844 habitantes. El centro hist\u00f3rico de la ciudad es un destacado Patrimonio de la Humanidad de la Unesco. Muchos de sus edificios medievales son notables, incluida la Iglesia de Nuestra Se\u00f1ora, que es la segunda torre \/ edificio de ladrillo m\u00e1s alto del mundo. Se cree que la escultura &#8220;Madonna and Child&#8221; es la \u00fanica de las esculturas de Miguel \u00c1ngel que dej\u00f3 Italia durante su vida.<\/p>\n","protected":false},"excerpt":{"rendered":"<p>Aproveche esta oportunidad para <strong>llegar a su destino final en Bruselas<\/strong>\u00a0de la manera m\u00e1s c\u00f3moda y r\u00e1pida posible.<br \/>\nOrganizamos recogidas desde su hotel, aeropuerto, estaci\u00f3n de tren o cualquier lugar de <strong>Bruselas<\/strong>. Es posible coordinar transfers privados desde\/hasta Bruselas desde otras ciudades en B\u00e9lgica o pa\u00edses cercanos.<\/p>\n","protected":false},"featured_media":59378,"comment_status":"open","ping_status":"closed","template":"","meta":{"_acf_changed":false},"product_brand":[],"product_cat":[1454,1459,1586],"product_tag":[4041,4040],"class_list":{"0":"post-67534","1":"product","2":"type-product","3":"status-publish","4":"has-post-thumbnail","6":"product_cat-bruselas-es","7":"product_cat-bruselas-actividades-es","8":"product_cat-bruselas-traslados-privados-es","9":"product_tag-private-es","10":"product_tag-transfer-es","12":"first","13":"instock","14":"shipping-taxable","15":"purchasable","16":"product-type-simple"},"acf":[],"yoast_head":"<!-- This site is optimized with the Yoast SEO Premium plugin v25.3.1 (Yoast SEO v25.3.1) - https:\/\/yoast.com\/wordpress\/plugins\/seo\/ -->\n<title>Transfer privado Bruselas desde el aeropuerto o cualquier lugar | TTM<\/title>\n<meta name=\"description\" content=\"Reserva un Transfer privado Bruselas desde el aeropuerto o desde cualquier lugar y evita colas y esperas. Realizamos cualquier transfer!\" \/>\n<meta name=\"robots\" content=\"index, follow, max-snippet:-1, max-image-preview:large, max-video-preview:-1\" \/>\n<link rel=\"canonical\" href=\"https:\/\/tourtravelandmore.com\/es\/tours\/belgica-es\/bruselas-es\/transfer-privado-bruselas-desde-el-aeropuerto-o-cualquier-lugar\/\" \/>\n<meta property=\"og:locale\" content=\"es_ES\" \/>\n<meta property=\"og:type\" content=\"article\" \/>\n<meta property=\"og:title\" content=\"Traslado privado en Bruselas desde el Aeropuerto o cualquier lugar\" \/>\n<meta property=\"og:description\" content=\"Reserva un Transfer privado Bruselas desde el aeropuerto o desde cualquier lugar y evita colas y esperas. Realizamos cualquier transfer!\" \/>\n<meta property=\"og:url\" content=\"https:\/\/tourtravelandmore.com\/es\/tours\/belgica-es\/bruselas-es\/transfer-privado-bruselas-desde-el-aeropuerto-o-cualquier-lugar\/\" \/>\n<meta property=\"og:site_name\" content=\"Tour Travel And More\" \/>\n<meta property=\"article:publisher\" content=\"https:\/\/www.facebook.com\/tourtravelandmore\/\" \/>\n<meta property=\"article:modified_time\" content=\"2022-12-27T16:51:17+00:00\" \/>\n<meta property=\"og:image\" content=\"https:\/\/tourtravelandmore.com\/wp-content\/uploads\/2016\/11\/TrasladoAlicante-1.png\" \/>\n\t<meta property=\"og:image:width\" content=\"640\" \/>\n\t<meta property=\"og:image:height\" content=\"425\" \/>\n\t<meta property=\"og:image:type\" content=\"image\/png\" \/>\n<meta name=\"twitter:card\" content=\"summary_large_image\" \/>\n<meta name=\"twitter:site\" content=\"@TourTravel_More\" \/>\n<meta name=\"twitter:label1\" content=\"Tiempo de lectura\" \/>\n\t<meta name=\"twitter:data1\" content=\"2 minutos\" \/>\n<script type=\"application\/ld+json\" class=\"yoast-schema-graph\">{\"@context\":\"https:\/\/schema.org\",\"@graph\":[{\"@type\":\"WebPage\",\"@id\":\"https:\/\/tourtravelandmore.com\/es\/tours\/belgica-es\/bruselas-es\/transfer-privado-bruselas-desde-el-aeropuerto-o-cualquier-lugar\/\",\"url\":\"https:\/\/tourtravelandmore.com\/es\/tours\/belgica-es\/bruselas-es\/transfer-privado-bruselas-desde-el-aeropuerto-o-cualquier-lugar\/\",\"name\":\"Transfer privado Bruselas desde el aeropuerto o cualquier lugar | TTM\",\"isPartOf\":{\"@id\":\"https:\/\/tourtravelandmore.com\/es\/#website\"},\"primaryImageOfPage\":{\"@id\":\"https:\/\/tourtravelandmore.com\/es\/tours\/belgica-es\/bruselas-es\/transfer-privado-bruselas-desde-el-aeropuerto-o-cualquier-lugar\/#primaryimage\"},\"image\":{\"@id\":\"https:\/\/tourtravelandmore.com\/es\/tours\/belgica-es\/bruselas-es\/transfer-privado-bruselas-desde-el-aeropuerto-o-cualquier-lugar\/#primaryimage\"},\"thumbnailUrl\":\"https:\/\/tourtravelandmore.com\/wp-content\/uploads\/2016\/11\/TrasladoAlicante-1.png\",\"datePublished\":\"2019-10-03T03:46:23+00:00\",\"dateModified\":\"2022-12-27T16:51:17+00:00\",\"description\":\"Reserva un Transfer privado Bruselas desde el aeropuerto o desde cualquier lugar y evita colas y esperas. Realizamos cualquier transfer!\",\"breadcrumb\":{\"@id\":\"https:\/\/tourtravelandmore.com\/es\/tours\/belgica-es\/bruselas-es\/transfer-privado-bruselas-desde-el-aeropuerto-o-cualquier-lugar\/#breadcrumb\"},\"inLanguage\":\"es\",\"potentialAction\":[{\"@type\":\"ReadAction\",\"target\":[\"https:\/\/tourtravelandmore.com\/es\/tours\/belgica-es\/bruselas-es\/transfer-privado-bruselas-desde-el-aeropuerto-o-cualquier-lugar\/\"]}]},{\"@type\":\"ImageObject\",\"inLanguage\":\"es\",\"@id\":\"https:\/\/tourtravelandmore.com\/es\/tours\/belgica-es\/bruselas-es\/transfer-privado-bruselas-desde-el-aeropuerto-o-cualquier-lugar\/#primaryimage\",\"url\":\"https:\/\/tourtravelandmore.com\/wp-content\/uploads\/2016\/11\/TrasladoAlicante-1.png\",\"contentUrl\":\"https:\/\/tourtravelandmore.com\/wp-content\/uploads\/2016\/11\/TrasladoAlicante-1.png\",\"width\":640,\"height\":425},{\"@type\":\"BreadcrumbList\",\"@id\":\"https:\/\/tourtravelandmore.com\/es\/tours\/belgica-es\/bruselas-es\/transfer-privado-bruselas-desde-el-aeropuerto-o-cualquier-lugar\/#breadcrumb\",\"itemListElement\":[{\"@type\":\"ListItem\",\"position\":1,\"name\":\"Home\",\"item\":\"https:\/\/tourtravelandmore.com\/es\/\"},{\"@type\":\"ListItem\",\"position\":2,\"name\":\"Tours\",\"item\":\"https:\/\/tourtravelandmore.com\/es\/tours\/\"},{\"@type\":\"ListItem\",\"position\":3,\"name\":\"Traslado privado en Bruselas desde el Aeropuerto o cualquier lugar\"}]},{\"@type\":\"WebSite\",\"@id\":\"https:\/\/tourtravelandmore.com\/es\/#website\",\"url\":\"https:\/\/tourtravelandmore.com\/es\/\",\"name\":\"Tour Travel And More\",\"description\":\"Private sightseeing tours and luxury transfers in Spain\",\"publisher\":{\"@id\":\"https:\/\/tourtravelandmore.com\/es\/#organization\"},\"potentialAction\":[{\"@type\":\"SearchAction\",\"target\":{\"@type\":\"EntryPoint\",\"urlTemplate\":\"https:\/\/tourtravelandmore.com\/es\/?s={search_term_string}\"},\"query-input\":{\"@type\":\"PropertyValueSpecification\",\"valueRequired\":true,\"valueName\":\"search_term_string\"}}],\"inLanguage\":\"es\"},{\"@type\":\"Organization\",\"@id\":\"https:\/\/tourtravelandmore.com\/es\/#organization\",\"name\":\"Tour Travel And More\",\"url\":\"https:\/\/tourtravelandmore.com\/es\/\",\"logo\":{\"@type\":\"ImageObject\",\"inLanguage\":\"es\",\"@id\":\"https:\/\/tourtravelandmore.com\/es\/#\/schema\/logo\/image\/\",\"url\":\"https:\/\/tourtravelandmore.com\/wp-content\/uploads\/2022\/12\/cropped-logo-cabecera-new.png\",\"contentUrl\":\"https:\/\/tourtravelandmore.com\/wp-content\/uploads\/2022\/12\/cropped-logo-cabecera-new.png\",\"width\":430,\"height\":61,\"caption\":\"Tour Travel And More\"},\"image\":{\"@id\":\"https:\/\/tourtravelandmore.com\/es\/#\/schema\/logo\/image\/\"},\"sameAs\":[\"https:\/\/www.facebook.com\/tourtravelandmore\/\",\"https:\/\/x.com\/TourTravel_More\"]}]}<\/script>\n<!-- \/ Yoast SEO Premium plugin. -->","yoast_head_json":{"title":"Transfer privado Bruselas desde el aeropuerto o cualquier lugar | TTM","description":"Reserva un Transfer privado Bruselas desde el aeropuerto o desde cualquier lugar y evita colas y esperas. Realizamos cualquier transfer!","robots":{"index":"index","follow":"follow","max-snippet":"max-snippet:-1","max-image-preview":"max-image-preview:large","max-video-preview":"max-video-preview:-1"},"canonical":"https:\/\/tourtravelandmore.com\/es\/tours\/belgica-es\/bruselas-es\/transfer-privado-bruselas-desde-el-aeropuerto-o-cualquier-lugar\/","og_locale":"es_ES","og_type":"article","og_title":"Traslado privado en Bruselas desde el Aeropuerto o cualquier lugar","og_description":"Reserva un Transfer privado Bruselas desde el aeropuerto o desde cualquier lugar y evita colas y esperas. Realizamos cualquier transfer!","og_url":"https:\/\/tourtravelandmore.com\/es\/tours\/belgica-es\/bruselas-es\/transfer-privado-bruselas-desde-el-aeropuerto-o-cualquier-lugar\/","og_site_name":"Tour Travel And More","article_publisher":"https:\/\/www.facebook.com\/tourtravelandmore\/","article_modified_time":"2022-12-27T16:51:17+00:00","og_image":[{"width":640,"height":425,"url":"https:\/\/tourtravelandmore.com\/wp-content\/uploads\/2016\/11\/TrasladoAlicante-1.png","type":"image\/png"}],"twitter_card":"summary_large_image","twitter_site":"@TourTravel_More","twitter_misc":{"Tiempo de lectura":"2 minutos"},"schema":{"@context":"https:\/\/schema.org","@graph":[{"@type":"WebPage","@id":"https:\/\/tourtravelandmore.com\/es\/tours\/belgica-es\/bruselas-es\/transfer-privado-bruselas-desde-el-aeropuerto-o-cualquier-lugar\/","url":"https:\/\/tourtravelandmore.com\/es\/tours\/belgica-es\/bruselas-es\/transfer-privado-bruselas-desde-el-aeropuerto-o-cualquier-lugar\/","name":"Transfer privado Bruselas desde el aeropuerto o cualquier lugar | TTM","isPartOf":{"@id":"https:\/\/tourtravelandmore.com\/es\/#website"},"primaryImageOfPage":{"@id":"https:\/\/tourtravelandmore.com\/es\/tours\/belgica-es\/bruselas-es\/transfer-privado-bruselas-desde-el-aeropuerto-o-cualquier-lugar\/#primaryimage"},"image":{"@id":"https:\/\/tourtravelandmore.com\/es\/tours\/belgica-es\/bruselas-es\/transfer-privado-bruselas-desde-el-aeropuerto-o-cualquier-lugar\/#primaryimage"},"thumbnailUrl":"https:\/\/tourtravelandmore.com\/wp-content\/uploads\/2016\/11\/TrasladoAlicante-1.png","datePublished":"2019-10-03T03:46:23+00:00","dateModified":"2022-12-27T16:51:17+00:00","description":"Reserva un Transfer privado Bruselas desde el aeropuerto o desde cualquier lugar y evita colas y esperas. Realizamos cualquier transfer!","breadcrumb":{"@id":"https:\/\/tourtravelandmore.com\/es\/tours\/belgica-es\/bruselas-es\/transfer-privado-bruselas-desde-el-aeropuerto-o-cualquier-lugar\/#breadcrumb"},"inLanguage":"es","potentialAction":[{"@type":"ReadAction","target":["https:\/\/tourtravelandmore.com\/es\/tours\/belgica-es\/bruselas-es\/transfer-privado-bruselas-desde-el-aeropuerto-o-cualquier-lugar\/"]}]},{"@type":"ImageObject","inLanguage":"es","@id":"https:\/\/tourtravelandmore.com\/es\/tours\/belgica-es\/bruselas-es\/transfer-privado-bruselas-desde-el-aeropuerto-o-cualquier-lugar\/#primaryimage","url":"https:\/\/tourtravelandmore.com\/wp-content\/uploads\/2016\/11\/TrasladoAlicante-1.png","contentUrl":"https:\/\/tourtravelandmore.com\/wp-content\/uploads\/2016\/11\/TrasladoAlicante-1.png","width":640,"height":425},{"@type":"BreadcrumbList","@id":"https:\/\/tourtravelandmore.com\/es\/tours\/belgica-es\/bruselas-es\/transfer-privado-bruselas-desde-el-aeropuerto-o-cualquier-lugar\/#breadcrumb","itemListElement":[{"@type":"ListItem","position":1,"name":"Home","item":"https:\/\/tourtravelandmore.com\/es\/"},{"@type":"ListItem","position":2,"name":"Tours","item":"https:\/\/tourtravelandmore.com\/es\/tours\/"},{"@type":"ListItem","position":3,"name":"Traslado privado en Bruselas desde el Aeropuerto o cualquier lugar"}]},{"@type":"WebSite","@id":"https:\/\/tourtravelandmore.com\/es\/#website","url":"https:\/\/tourtravelandmore.com\/es\/","name":"Tour Travel And More","description":"Private sightseeing tours and luxury transfers in Spain","publisher":{"@id":"https:\/\/tourtravelandmore.com\/es\/#organization"},"potentialAction":[{"@type":"SearchAction","target":{"@type":"EntryPoint","urlTemplate":"https:\/\/tourtravelandmore.com\/es\/?s={search_term_string}"},"query-input":{"@type":"PropertyValueSpecification","valueRequired":true,"valueName":"search_term_string"}}],"inLanguage":"es"},{"@type":"Organization","@id":"https:\/\/tourtravelandmore.com\/es\/#organization","name":"Tour Travel And More","url":"https:\/\/tourtravelandmore.com\/es\/","logo":{"@type":"ImageObject","inLanguage":"es","@id":"https:\/\/tourtravelandmore.com\/es\/#\/schema\/logo\/image\/","url":"https:\/\/tourtravelandmore.com\/wp-content\/uploads\/2022\/12\/cropped-logo-cabecera-new.png","contentUrl":"https:\/\/tourtravelandmore.com\/wp-content\/uploads\/2022\/12\/cropped-logo-cabecera-new.png","width":430,"height":61,"caption":"Tour Travel And More"},"image":{"@id":"https:\/\/tourtravelandmore.com\/es\/#\/schema\/logo\/image\/"},"sameAs":["https:\/\/www.facebook.com\/tourtravelandmore\/","https:\/\/x.com\/TourTravel_More"]}]}},"_links":{"self":[{"href":"https:\/\/tourtravelandmore.com\/es\/wp-json\/wp\/v2\/product\/67534","targetHints":{"allow":["GET"]}}],"collection":[{"href":"https:\/\/tourtravelandmore.com\/es\/wp-json\/wp\/v2\/product"}],"about":[{"href":"https:\/\/tourtravelandmore.com\/es\/wp-json\/wp\/v2\/types\/product"}],"replies":[{"embeddable":true,"href":"https:\/\/tourtravelandmore.com\/es\/wp-json\/wp\/v2\/comments?post=67534"}],"wp:featuredmedia":[{"embeddable":true,"href":"https:\/\/tourtravelandmore.com\/es\/wp-json\/wp\/v2\/media\/59378"}],"wp:attachment":[{"href":"https:\/\/tourtravelandmore.com\/es\/wp-json\/wp\/v2\/media?parent=67534"}],"wp:term":[{"taxonomy":"product_brand","embeddable":true,"href":"https:\/\/tourtravelandmore.com\/es\/wp-json\/wp\/v2\/product_brand?post=67534"},{"taxonomy":"product_cat","embeddable":true,"href":"https:\/\/tourtravelandmore.com\/es\/wp-json\/wp\/v2\/product_cat?post=67534"},{"taxonomy":"product_tag","embeddable":true,"href":"https:\/\/tourtravelandmore.com\/es\/wp-json\/wp\/v2\/product_tag?post=67534"}],"curies":[{"name":"wp","href":"https:\/\/api.w.org\/{rel}","templated":true}]}}