{"id":67219,"date":"2019-09-27T16:18:38","date_gmt":"2019-09-27T14:18:39","guid":{"rendered":"https:\/\/tourtravelandmore.com\/?post_type=product&#038;p=67219"},"modified":"2021-10-10T12:28:13","modified_gmt":"2021-10-10T10:28:13","slug":"traslado-privado-brujas-desde-aeropuerto-o-terminal-de-cruceros","status":"publish","type":"product","link":"https:\/\/tourtravelandmore.com\/es\/tours\/belgica-es\/brujas-es\/traslado-privado-brujas-desde-aeropuerto-o-terminal-de-cruceros\/","title":{"rendered":"Traslados privado en Brujas con ch\u00f3fer"},"content":{"rendered":"<h2>Descripci\u00f3n de los Traslados privados en Brujas con ch\u00f3fer<\/h2>\n<p>Con nuestro <strong>traslado privado <\/strong><b>Brujas<\/b>, le ofrecemos llegar a su destino r\u00e1pidamente en <b>Brujas<\/b>.<\/p>\n<p>Disfruta de una experiencia relajante en uno de nuestros<strong> veh\u00edculos privados<\/strong> de lujo.<\/p>\n<p>Ofrecemos todo tipo de traslado privado Brujas, por ejemplo: <strong>Traslados al aeropuerto<\/strong>, Traslados desde la Terminal de Cruceros, Traslados para ir a otras ciudades, Disposiciones y tours y excursiones.<\/p>\n<p>Todos nuestro traslado privado Brujas, son privados, puede escoger la Hora y lugar de comienzo. Todos nuestros conductores son expertos y conocen la ciudad.<\/p>\n<p>Puedes consultar <a href=\"https:\/\/tourtravelandmore.com\/es\/ciudad\/belgica-es\/brujas-es\/\"><strong>aqu\u00ed<\/strong><\/a>, nuestros tours privados que ofrecemos en la ciudad de Brujas.<\/p>\n<p>Una vez que llegue a su destino, nuestro personal lo estar\u00e1 esperando con un cartel en la terminal de llegadas, con su nombre, para que pueda localizar el conductor. Tambi\u00e9n podr\u00e1 disfrutar del paisaje panor\u00e1mico de la ciudad en su veh\u00edculo privado de lujo.<\/p>\n<p>Le pedimos nos inform\u00e9 con cu\u00e1nto equipaje viajar\u00e1 solo por cuestiones de log\u00edstica, ya que a veces puede ser necesario un veh\u00edculo m\u00e1s grande.<br \/>\nSi necesita un asiento para beb\u00e9 o ni\u00f1o, p\u00f3ngase en contacto con nosotros antes de su traslado para organizarlo correctamente.<\/p>\n<h2>Puntos de inter\u00e9s de nuestros traslados privados<b><\/b><\/h2>\n<p>Brujas es la capital y ciudad m\u00e1s grande de la provincia de Flandes Occidental en la regi\u00f3n flamenca de B\u00e9lgica, en el noroeste del pa\u00eds.<\/p>\n<p>Junto con algunas otras ciudades del norte dise\u00f1adas en canales, es tambi\u00e9n conocida como la Venecia del Norte.<\/p>\n<p>El \u00e1rea metropolitana, incluida la zona exterior de cercan\u00edas, tiene un total de 255.844 habitantes.<\/p>\n<p>El centro hist\u00f3rico de la ciudad es un destacado Patrimonio de la Humanidad de la Unesco.<\/p>\n<p>Muchos de sus edificios medievales son notables, incluida la Iglesia de Nuestra Se\u00f1ora, que es la segunda torre \/ edificio de ladrillo m\u00e1s alto del mundo. Se cree que la escultura &#8220;Madonna and Child&#8221; es la \u00fanica de las esculturas de Miguel \u00c1ngel que dej\u00f3 Italia durante su vida.<\/p>\n","protected":false},"excerpt":{"rendered":"<p>Aproveche esta oportunidad para <strong>llegar a su destino final en Brujas<\/strong>\u00a0de la manera m\u00e1s c\u00f3moda y r\u00e1pida posible.<br \/>\nOrganizamos recogidas desde su hotel, aeropuerto, estaci\u00f3n de tren o cualquier lugar de <strong>Brujas<\/strong>. Es posible coordinar <strong>traslados privados desde\/hasta Brujas<\/strong> desde otras ciudades en B\u00e9lgica.<\/p>\n","protected":false},"featured_media":8090,"comment_status":"open","ping_status":"closed","template":"","meta":{"_acf_changed":false},"product_brand":[],"product_cat":[1435,1443,1585],"product_tag":[],"class_list":{"0":"post-67219","1":"product","2":"type-product","3":"status-publish","4":"has-post-thumbnail","6":"product_cat-brujas-es","7":"product_cat-brujas-actividades-es","8":"product_cat-traslados-privados-es","10":"first","11":"instock","12":"shipping-taxable","13":"purchasable","14":"product-type-simple"},"acf":[],"yoast_head":"<!-- This site is optimized with the Yoast SEO Premium plugin v25.3.1 (Yoast SEO v25.3.1) - https:\/\/yoast.com\/wordpress\/plugins\/seo\/ -->\n<title>Traslado Privado Brujas desde Aeropuerto o Terminal de Cruceros | TTM<\/title>\n<meta name=\"description\" content=\"\u2192 Reserve un traslado privado Brujas, desde el Aeropuerto, Terminal de Cruceros, Hotel, o cualquier lugar para llegar a su destino sin esperas \u2705\" \/>\n<meta name=\"robots\" content=\"index, follow, max-snippet:-1, max-image-preview:large, max-video-preview:-1\" \/>\n<link rel=\"canonical\" href=\"https:\/\/tourtravelandmore.com\/es\/tours\/belgica-es\/brujas-es\/traslado-privado-brujas-desde-aeropuerto-o-terminal-de-cruceros\/\" \/>\n<meta property=\"og:locale\" content=\"es_ES\" \/>\n<meta property=\"og:type\" content=\"article\" \/>\n<meta property=\"og:title\" content=\"Traslados privado en Brujas con ch\u00f3fer\" \/>\n<meta property=\"og:description\" content=\"\u2192 Reserve un traslado privado Brujas, desde el Aeropuerto, Terminal de Cruceros, Hotel, o cualquier lugar para llegar a su destino sin esperas \u2705\" \/>\n<meta property=\"og:url\" content=\"https:\/\/tourtravelandmore.com\/es\/tours\/belgica-es\/brujas-es\/traslado-privado-brujas-desde-aeropuerto-o-terminal-de-cruceros\/\" \/>\n<meta property=\"og:site_name\" content=\"Tour Travel And More\" \/>\n<meta property=\"article:publisher\" content=\"https:\/\/www.facebook.com\/tourtravelandmore\/\" \/>\n<meta property=\"article:modified_time\" content=\"2021-10-10T10:28:13+00:00\" \/>\n<meta property=\"og:image\" content=\"https:\/\/tourtravelandmore.com\/wp-content\/uploads\/2016\/10\/transfer-port-barcelonajpg.jpg\" \/>\n\t<meta property=\"og:image:width\" content=\"955\" \/>\n\t<meta property=\"og:image:height\" content=\"523\" \/>\n\t<meta property=\"og:image:type\" content=\"image\/jpeg\" \/>\n<meta name=\"twitter:card\" content=\"summary_large_image\" \/>\n<meta name=\"twitter:site\" content=\"@TourTravel_More\" \/>\n<meta name=\"twitter:label1\" content=\"Tiempo de lectura\" \/>\n\t<meta name=\"twitter:data1\" content=\"2 minutos\" \/>\n<script type=\"application\/ld+json\" class=\"yoast-schema-graph\">{\"@context\":\"https:\/\/schema.org\",\"@graph\":[{\"@type\":\"WebPage\",\"@id\":\"https:\/\/tourtravelandmore.com\/es\/tours\/belgica-es\/brujas-es\/traslado-privado-brujas-desde-aeropuerto-o-terminal-de-cruceros\/\",\"url\":\"https:\/\/tourtravelandmore.com\/es\/tours\/belgica-es\/brujas-es\/traslado-privado-brujas-desde-aeropuerto-o-terminal-de-cruceros\/\",\"name\":\"Traslado Privado Brujas desde Aeropuerto o Terminal de Cruceros | TTM\",\"isPartOf\":{\"@id\":\"https:\/\/tourtravelandmore.com\/es\/#website\"},\"primaryImageOfPage\":{\"@id\":\"https:\/\/tourtravelandmore.com\/es\/tours\/belgica-es\/brujas-es\/traslado-privado-brujas-desde-aeropuerto-o-terminal-de-cruceros\/#primaryimage\"},\"image\":{\"@id\":\"https:\/\/tourtravelandmore.com\/es\/tours\/belgica-es\/brujas-es\/traslado-privado-brujas-desde-aeropuerto-o-terminal-de-cruceros\/#primaryimage\"},\"thumbnailUrl\":\"https:\/\/tourtravelandmore.com\/wp-content\/uploads\/2016\/10\/transfer-port-barcelonajpg.jpg\",\"datePublished\":\"2019-09-27T14:18:39+00:00\",\"dateModified\":\"2021-10-10T10:28:13+00:00\",\"description\":\"\u2192 Reserve un traslado privado Brujas, desde el Aeropuerto, Terminal de Cruceros, Hotel, o cualquier lugar para llegar a su destino sin esperas \u2705\",\"breadcrumb\":{\"@id\":\"https:\/\/tourtravelandmore.com\/es\/tours\/belgica-es\/brujas-es\/traslado-privado-brujas-desde-aeropuerto-o-terminal-de-cruceros\/#breadcrumb\"},\"inLanguage\":\"es\",\"potentialAction\":[{\"@type\":\"ReadAction\",\"target\":[\"https:\/\/tourtravelandmore.com\/es\/tours\/belgica-es\/brujas-es\/traslado-privado-brujas-desde-aeropuerto-o-terminal-de-cruceros\/\"]}]},{\"@type\":\"ImageObject\",\"inLanguage\":\"es\",\"@id\":\"https:\/\/tourtravelandmore.com\/es\/tours\/belgica-es\/brujas-es\/traslado-privado-brujas-desde-aeropuerto-o-terminal-de-cruceros\/#primaryimage\",\"url\":\"https:\/\/tourtravelandmore.com\/wp-content\/uploads\/2016\/10\/transfer-port-barcelonajpg.jpg\",\"contentUrl\":\"https:\/\/tourtravelandmore.com\/wp-content\/uploads\/2016\/10\/transfer-port-barcelonajpg.jpg\",\"width\":955,\"height\":523,\"caption\":\"Private Transfer\"},{\"@type\":\"BreadcrumbList\",\"@id\":\"https:\/\/tourtravelandmore.com\/es\/tours\/belgica-es\/brujas-es\/traslado-privado-brujas-desde-aeropuerto-o-terminal-de-cruceros\/#breadcrumb\",\"itemListElement\":[{\"@type\":\"ListItem\",\"position\":1,\"name\":\"Home\",\"item\":\"https:\/\/tourtravelandmore.com\/es\/\"},{\"@type\":\"ListItem\",\"position\":2,\"name\":\"Tours\",\"item\":\"https:\/\/tourtravelandmore.com\/es\/tours\/\"},{\"@type\":\"ListItem\",\"position\":3,\"name\":\"Traslados privado en Brujas con ch\u00f3fer\"}]},{\"@type\":\"WebSite\",\"@id\":\"https:\/\/tourtravelandmore.com\/es\/#website\",\"url\":\"https:\/\/tourtravelandmore.com\/es\/\",\"name\":\"Tour Travel And More\",\"description\":\"Private sightseeing tours and luxury transfers in Spain\",\"publisher\":{\"@id\":\"https:\/\/tourtravelandmore.com\/es\/#organization\"},\"potentialAction\":[{\"@type\":\"SearchAction\",\"target\":{\"@type\":\"EntryPoint\",\"urlTemplate\":\"https:\/\/tourtravelandmore.com\/es\/?s={search_term_string}\"},\"query-input\":{\"@type\":\"PropertyValueSpecification\",\"valueRequired\":true,\"valueName\":\"search_term_string\"}}],\"inLanguage\":\"es\"},{\"@type\":\"Organization\",\"@id\":\"https:\/\/tourtravelandmore.com\/es\/#organization\",\"name\":\"Tour Travel And More\",\"url\":\"https:\/\/tourtravelandmore.com\/es\/\",\"logo\":{\"@type\":\"ImageObject\",\"inLanguage\":\"es\",\"@id\":\"https:\/\/tourtravelandmore.com\/es\/#\/schema\/logo\/image\/\",\"url\":\"https:\/\/tourtravelandmore.com\/wp-content\/uploads\/2022\/12\/cropped-logo-cabecera-new.png\",\"contentUrl\":\"https:\/\/tourtravelandmore.com\/wp-content\/uploads\/2022\/12\/cropped-logo-cabecera-new.png\",\"width\":430,\"height\":61,\"caption\":\"Tour Travel And More\"},\"image\":{\"@id\":\"https:\/\/tourtravelandmore.com\/es\/#\/schema\/logo\/image\/\"},\"sameAs\":[\"https:\/\/www.facebook.com\/tourtravelandmore\/\",\"https:\/\/x.com\/TourTravel_More\"]}]}<\/script>\n<!-- \/ Yoast SEO Premium plugin. -->","yoast_head_json":{"title":"Traslado Privado Brujas desde Aeropuerto o Terminal de Cruceros | TTM","description":"\u2192 Reserve un traslado privado Brujas, desde el Aeropuerto, Terminal de Cruceros, Hotel, o cualquier lugar para llegar a su destino sin esperas \u2705","robots":{"index":"index","follow":"follow","max-snippet":"max-snippet:-1","max-image-preview":"max-image-preview:large","max-video-preview":"max-video-preview:-1"},"canonical":"https:\/\/tourtravelandmore.com\/es\/tours\/belgica-es\/brujas-es\/traslado-privado-brujas-desde-aeropuerto-o-terminal-de-cruceros\/","og_locale":"es_ES","og_type":"article","og_title":"Traslados privado en Brujas con ch\u00f3fer","og_description":"\u2192 Reserve un traslado privado Brujas, desde el Aeropuerto, Terminal de Cruceros, Hotel, o cualquier lugar para llegar a su destino sin esperas \u2705","og_url":"https:\/\/tourtravelandmore.com\/es\/tours\/belgica-es\/brujas-es\/traslado-privado-brujas-desde-aeropuerto-o-terminal-de-cruceros\/","og_site_name":"Tour Travel And More","article_publisher":"https:\/\/www.facebook.com\/tourtravelandmore\/","article_modified_time":"2021-10-10T10:28:13+00:00","og_image":[{"width":955,"height":523,"url":"https:\/\/tourtravelandmore.com\/wp-content\/uploads\/2016\/10\/transfer-port-barcelonajpg.jpg","type":"image\/jpeg"}],"twitter_card":"summary_large_image","twitter_site":"@TourTravel_More","twitter_misc":{"Tiempo de lectura":"2 minutos"},"schema":{"@context":"https:\/\/schema.org","@graph":[{"@type":"WebPage","@id":"https:\/\/tourtravelandmore.com\/es\/tours\/belgica-es\/brujas-es\/traslado-privado-brujas-desde-aeropuerto-o-terminal-de-cruceros\/","url":"https:\/\/tourtravelandmore.com\/es\/tours\/belgica-es\/brujas-es\/traslado-privado-brujas-desde-aeropuerto-o-terminal-de-cruceros\/","name":"Traslado Privado Brujas desde Aeropuerto o Terminal de Cruceros | TTM","isPartOf":{"@id":"https:\/\/tourtravelandmore.com\/es\/#website"},"primaryImageOfPage":{"@id":"https:\/\/tourtravelandmore.com\/es\/tours\/belgica-es\/brujas-es\/traslado-privado-brujas-desde-aeropuerto-o-terminal-de-cruceros\/#primaryimage"},"image":{"@id":"https:\/\/tourtravelandmore.com\/es\/tours\/belgica-es\/brujas-es\/traslado-privado-brujas-desde-aeropuerto-o-terminal-de-cruceros\/#primaryimage"},"thumbnailUrl":"https:\/\/tourtravelandmore.com\/wp-content\/uploads\/2016\/10\/transfer-port-barcelonajpg.jpg","datePublished":"2019-09-27T14:18:39+00:00","dateModified":"2021-10-10T10:28:13+00:00","description":"\u2192 Reserve un traslado privado Brujas, desde el Aeropuerto, Terminal de Cruceros, Hotel, o cualquier lugar para llegar a su destino sin esperas \u2705","breadcrumb":{"@id":"https:\/\/tourtravelandmore.com\/es\/tours\/belgica-es\/brujas-es\/traslado-privado-brujas-desde-aeropuerto-o-terminal-de-cruceros\/#breadcrumb"},"inLanguage":"es","potentialAction":[{"@type":"ReadAction","target":["https:\/\/tourtravelandmore.com\/es\/tours\/belgica-es\/brujas-es\/traslado-privado-brujas-desde-aeropuerto-o-terminal-de-cruceros\/"]}]},{"@type":"ImageObject","inLanguage":"es","@id":"https:\/\/tourtravelandmore.com\/es\/tours\/belgica-es\/brujas-es\/traslado-privado-brujas-desde-aeropuerto-o-terminal-de-cruceros\/#primaryimage","url":"https:\/\/tourtravelandmore.com\/wp-content\/uploads\/2016\/10\/transfer-port-barcelonajpg.jpg","contentUrl":"https:\/\/tourtravelandmore.com\/wp-content\/uploads\/2016\/10\/transfer-port-barcelonajpg.jpg","width":955,"height":523,"caption":"Private Transfer"},{"@type":"BreadcrumbList","@id":"https:\/\/tourtravelandmore.com\/es\/tours\/belgica-es\/brujas-es\/traslado-privado-brujas-desde-aeropuerto-o-terminal-de-cruceros\/#breadcrumb","itemListElement":[{"@type":"ListItem","position":1,"name":"Home","item":"https:\/\/tourtravelandmore.com\/es\/"},{"@type":"ListItem","position":2,"name":"Tours","item":"https:\/\/tourtravelandmore.com\/es\/tours\/"},{"@type":"ListItem","position":3,"name":"Traslados privado en Brujas con ch\u00f3fer"}]},{"@type":"WebSite","@id":"https:\/\/tourtravelandmore.com\/es\/#website","url":"https:\/\/tourtravelandmore.com\/es\/","name":"Tour Travel And More","description":"Private sightseeing tours and luxury transfers in Spain","publisher":{"@id":"https:\/\/tourtravelandmore.com\/es\/#organization"},"potentialAction":[{"@type":"SearchAction","target":{"@type":"EntryPoint","urlTemplate":"https:\/\/tourtravelandmore.com\/es\/?s={search_term_string}"},"query-input":{"@type":"PropertyValueSpecification","valueRequired":true,"valueName":"search_term_string"}}],"inLanguage":"es"},{"@type":"Organization","@id":"https:\/\/tourtravelandmore.com\/es\/#organization","name":"Tour Travel And More","url":"https:\/\/tourtravelandmore.com\/es\/","logo":{"@type":"ImageObject","inLanguage":"es","@id":"https:\/\/tourtravelandmore.com\/es\/#\/schema\/logo\/image\/","url":"https:\/\/tourtravelandmore.com\/wp-content\/uploads\/2022\/12\/cropped-logo-cabecera-new.png","contentUrl":"https:\/\/tourtravelandmore.com\/wp-content\/uploads\/2022\/12\/cropped-logo-cabecera-new.png","width":430,"height":61,"caption":"Tour Travel And More"},"image":{"@id":"https:\/\/tourtravelandmore.com\/es\/#\/schema\/logo\/image\/"},"sameAs":["https:\/\/www.facebook.com\/tourtravelandmore\/","https:\/\/x.com\/TourTravel_More"]}]}},"_links":{"self":[{"href":"https:\/\/tourtravelandmore.com\/es\/wp-json\/wp\/v2\/product\/67219","targetHints":{"allow":["GET"]}}],"collection":[{"href":"https:\/\/tourtravelandmore.com\/es\/wp-json\/wp\/v2\/product"}],"about":[{"href":"https:\/\/tourtravelandmore.com\/es\/wp-json\/wp\/v2\/types\/product"}],"replies":[{"embeddable":true,"href":"https:\/\/tourtravelandmore.com\/es\/wp-json\/wp\/v2\/comments?post=67219"}],"wp:featuredmedia":[{"embeddable":true,"href":"https:\/\/tourtravelandmore.com\/es\/wp-json\/wp\/v2\/media\/8090"}],"wp:attachment":[{"href":"https:\/\/tourtravelandmore.com\/es\/wp-json\/wp\/v2\/media?parent=67219"}],"wp:term":[{"taxonomy":"product_brand","embeddable":true,"href":"https:\/\/tourtravelandmore.com\/es\/wp-json\/wp\/v2\/product_brand?post=67219"},{"taxonomy":"product_cat","embeddable":true,"href":"https:\/\/tourtravelandmore.com\/es\/wp-json\/wp\/v2\/product_cat?post=67219"},{"taxonomy":"product_tag","embeddable":true,"href":"https:\/\/tourtravelandmore.com\/es\/wp-json\/wp\/v2\/product_tag?post=67219"}],"curies":[{"name":"wp","href":"https:\/\/api.w.org\/{rel}","templated":true}]}}