{"id":67210,"date":"2019-09-27T16:18:35","date_gmt":"2019-09-27T14:18:35","guid":{"rendered":"https:\/\/tourtravelandmore.com\/?post_type=product&#038;p=67210"},"modified":"2026-02-19T16:49:55","modified_gmt":"2026-02-19T15:49:55","slug":"tour-privado-brujas-a-pie-con-guia-oficial-y-recogida","status":"publish","type":"product","link":"https:\/\/tourtravelandmore.com\/es\/tours\/belgica-es\/brujas-es\/tour-privado-brujas-a-pie-con-guia-oficial-y-recogida\/","title":{"rendered":"Tour privado a pie Brujas con guia oficial"},"content":{"rendered":"<h2>Descripci\u00f3n del Tour privado a pie Brujas con gu\u00eda oficial<\/h2>\n<p>Disfrute de este <strong>tour privado Brujas<\/strong> junto con su gu\u00eda oficial y conozca lo m\u00e1s importante de la ciudad. Este <strong>tour<\/strong> se centrar\u00e1 en el barrio m\u00e1s antiguo de <b>Brujas<\/b>.<\/p>\n<p>La duraci\u00f3n de este tour privado Brujas es de 3 Horas. Al ser un tour privado pueden escoger la Hora de comienzo. Si su Hotel est\u00e1 c\u00e9ntrico, nuestro gu\u00eda le puede recoger desde ah\u00ed, si no quedaremos en un punto c\u00e9ntrico de la ciudad.<\/p>\n<p>Empezaremos el tour privado, en la <strong>Plaza del Mercado<\/strong>. Durante este recorrido, visitaremos los monumentos y sitios m\u00e1s famosos de la ciudad. Caminaremos desde aqu\u00ed hasta la encantadora estructura ubicada en <strong>Gr\u00f4te Markt<\/strong>,<strong> el Provinciaal Hof<\/strong>. Todav\u00eda en la plaza, visitaremos el <strong>Xpo Salvador Dal\u00ed y el campanario medieval de Belfort.<\/strong><\/p>\n<p>A continuaci\u00f3n nos dirigiremos hacia la <strong>estatua de Simon Stevin<\/strong> para llegar a nuestra pr\u00f3xima parada, la Catedral de San Salvador, la iglesia principal de la ciudad.<\/p>\n<p>Continuaremos hacia el <strong>Museo Arqueol\u00f3gico<\/strong> y de all\u00ed a la impresionante <strong>Iglesia de Nuestra Se\u00f1ora<\/strong>, la estructura m\u00e1s alta de la ciudad y la segunda torre de ladrillo m\u00e1s alta del mundo.<\/p>\n<p>La \u00faltima parada, pero no menos importante, es la <strong>Plaza Burg<\/strong>. Ubicada en el coraz\u00f3n de Brujas, justo al lado de la plaza principal, la Plaza Burg es una hermosa plaza flanqueada por muchos edificios medievales como el Ayuntamiento.<\/p>\n<h2>Puntos de inter\u00e9s en nuestro Tour privado a pie Brujas con guia oficial<\/h2>\n<p>Durante su tour privado <strong>Brujas<\/strong>\u00a0descubrir\u00e1 algunos de los lugares m\u00e1s reconocidos de la ciudad.<\/p>\n<p>Ser\u00e1s testigo de su belleza arquitect\u00f3nica \u00fanica.<\/p>\n<p>Entre los sitios que puede visitar a trav\u00e9s de este tour privado, ofrecemos:<\/p>\n<ul>\n<li><strong>Provinciaal Hof<\/strong><\/li>\n<li><strong>Plaza del Mercado<\/strong><\/li>\n<li><strong>Belfort, campanario y carill\u00f3n<\/strong><\/li>\n<li><strong>Estatua de Simon Stevin<\/strong><\/li>\n<li><strong>Catedral de San Salvador<\/strong><\/li>\n<li><strong>Museo de Arqueologia<\/strong><\/li>\n<li><strong>Iglesia de nuestra se\u00f1ora<\/strong><\/li>\n<li><strong>Memling en Sint-Jan<\/strong><\/li>\n<li><strong>Puente de San Bonifacio<\/strong><\/li>\n<li><strong>Museo Groeninge<\/strong><\/li>\n<li><strong>Plaza Burg<\/strong><\/li>\n<li>Y muchos m\u00e1s lugares en este recorrido privado a pie por Brujas<\/li>\n<\/ul>\n<p>Si dispone de m\u00e1s d\u00edas, puedes consultar <a href=\"https:\/\/tourtravelandmore.com\/es\/ciudad\/belgica-es\/brujas-es\/\"><strong>aqu\u00ed<\/strong><\/a>, el resto de tours privados que ofrecemos en la ciudad de Brujas.<\/p>\n","protected":false},"excerpt":{"rendered":"<p>Acomp\u00e1\u00f1enos en este <strong>tour privado de 3 horas a pie<\/strong> <strong>totalmente personalizado<\/strong> <strong>por las calles de<\/strong> <strong>Brujas<\/strong>, donde podr\u00e1 admirar la belleza urbana de sus calles, monumentos y edificios renacentistas m\u00e1s importantes. A lo largo del tour, su <strong>gu\u00eda oficial privado<\/strong> lo llevar\u00e1 a observar y apreciar la belleza que ofrece la ciudad y sus edificaciones renacentistas y medievales.<\/p>\n","protected":false},"featured_media":67245,"comment_status":"open","ping_status":"closed","template":"","meta":{"_acf_changed":false},"product_brand":[],"product_cat":[1435,1443,1439],"product_tag":[],"class_list":{"0":"post-67210","1":"product","2":"type-product","3":"status-publish","4":"has-post-thumbnail","6":"product_cat-brujas-es","7":"product_cat-brujas-actividades-es","8":"product_cat-brujas-tours-privados-pie-es","10":"first","11":"instock","12":"shipping-taxable","13":"purchasable","14":"product-type-simple"},"acf":[],"yoast_head":"<!-- This site is optimized with the Yoast SEO Premium plugin v25.3.1 (Yoast SEO v25.3.1) - https:\/\/yoast.com\/wordpress\/plugins\/seo\/ -->\n<title>Tour Privado Brujas a pie con gu\u00eda oficial y recogida | Tour Travel and More<\/title>\n<meta name=\"description\" content=\"\u2192 Reserva un tour privado Brujas con gu\u00eda oficial y descubre a pie una de las ciudades m\u00e1s bonita e impresionantes de Europa \u2705\" \/>\n<meta name=\"robots\" content=\"index, follow, max-snippet:-1, max-image-preview:large, max-video-preview:-1\" \/>\n<link rel=\"canonical\" href=\"https:\/\/tourtravelandmore.com\/es\/tours\/belgica-es\/brujas-es\/tour-privado-brujas-a-pie-con-guia-oficial-y-recogida\/\" \/>\n<meta property=\"og:locale\" content=\"es_ES\" \/>\n<meta property=\"og:type\" content=\"article\" \/>\n<meta property=\"og:title\" content=\"Tour privado a pie Brujas con guia oficial\" \/>\n<meta property=\"og:description\" content=\"\u2192 Reserva un tour privado Brujas con gu\u00eda oficial y descubre a pie una de las ciudades m\u00e1s bonita e impresionantes de Europa \u2705\" \/>\n<meta property=\"og:url\" content=\"https:\/\/tourtravelandmore.com\/es\/tours\/belgica-es\/brujas-es\/tour-privado-brujas-a-pie-con-guia-oficial-y-recogida\/\" \/>\n<meta property=\"og:site_name\" content=\"Tour Travel And More\" \/>\n<meta property=\"article:publisher\" content=\"https:\/\/www.facebook.com\/tourtravelandmore\/\" \/>\n<meta property=\"article:modified_time\" content=\"2026-02-19T15:49:55+00:00\" \/>\n<meta property=\"og:image\" content=\"https:\/\/tourtravelandmore.com\/wp-content\/uploads\/2019\/09\/brugges.jpg\" \/>\n\t<meta property=\"og:image:width\" content=\"1024\" \/>\n\t<meta property=\"og:image:height\" content=\"680\" \/>\n\t<meta property=\"og:image:type\" content=\"image\/jpeg\" \/>\n<meta name=\"twitter:card\" content=\"summary_large_image\" \/>\n<meta name=\"twitter:site\" content=\"@TourTravel_More\" \/>\n<meta name=\"twitter:label1\" content=\"Tiempo de lectura\" \/>\n\t<meta name=\"twitter:data1\" content=\"2 minutos\" \/>\n<script type=\"application\/ld+json\" class=\"yoast-schema-graph\">{\"@context\":\"https:\/\/schema.org\",\"@graph\":[{\"@type\":\"WebPage\",\"@id\":\"https:\/\/tourtravelandmore.com\/es\/tours\/belgica-es\/brujas-es\/tour-privado-brujas-a-pie-con-guia-oficial-y-recogida\/\",\"url\":\"https:\/\/tourtravelandmore.com\/es\/tours\/belgica-es\/brujas-es\/tour-privado-brujas-a-pie-con-guia-oficial-y-recogida\/\",\"name\":\"Tour Privado Brujas a pie con gu\u00eda oficial y recogida | Tour Travel and More\",\"isPartOf\":{\"@id\":\"https:\/\/tourtravelandmore.com\/es\/#website\"},\"primaryImageOfPage\":{\"@id\":\"https:\/\/tourtravelandmore.com\/es\/tours\/belgica-es\/brujas-es\/tour-privado-brujas-a-pie-con-guia-oficial-y-recogida\/#primaryimage\"},\"image\":{\"@id\":\"https:\/\/tourtravelandmore.com\/es\/tours\/belgica-es\/brujas-es\/tour-privado-brujas-a-pie-con-guia-oficial-y-recogida\/#primaryimage\"},\"thumbnailUrl\":\"https:\/\/tourtravelandmore.com\/wp-content\/uploads\/2019\/09\/brugges.jpg\",\"datePublished\":\"2019-09-27T14:18:35+00:00\",\"dateModified\":\"2026-02-19T15:49:55+00:00\",\"description\":\"\u2192 Reserva un tour privado Brujas con gu\u00eda oficial y descubre a pie una de las ciudades m\u00e1s bonita e impresionantes de Europa \u2705\",\"breadcrumb\":{\"@id\":\"https:\/\/tourtravelandmore.com\/es\/tours\/belgica-es\/brujas-es\/tour-privado-brujas-a-pie-con-guia-oficial-y-recogida\/#breadcrumb\"},\"inLanguage\":\"es\",\"potentialAction\":[{\"@type\":\"ReadAction\",\"target\":[\"https:\/\/tourtravelandmore.com\/es\/tours\/belgica-es\/brujas-es\/tour-privado-brujas-a-pie-con-guia-oficial-y-recogida\/\"]}]},{\"@type\":\"ImageObject\",\"inLanguage\":\"es\",\"@id\":\"https:\/\/tourtravelandmore.com\/es\/tours\/belgica-es\/brujas-es\/tour-privado-brujas-a-pie-con-guia-oficial-y-recogida\/#primaryimage\",\"url\":\"https:\/\/tourtravelandmore.com\/wp-content\/uploads\/2019\/09\/brugges.jpg\",\"contentUrl\":\"https:\/\/tourtravelandmore.com\/wp-content\/uploads\/2019\/09\/brugges.jpg\",\"width\":1024,\"height\":680,\"caption\":\"bruges\"},{\"@type\":\"BreadcrumbList\",\"@id\":\"https:\/\/tourtravelandmore.com\/es\/tours\/belgica-es\/brujas-es\/tour-privado-brujas-a-pie-con-guia-oficial-y-recogida\/#breadcrumb\",\"itemListElement\":[{\"@type\":\"ListItem\",\"position\":1,\"name\":\"Home\",\"item\":\"https:\/\/tourtravelandmore.com\/es\/\"},{\"@type\":\"ListItem\",\"position\":2,\"name\":\"Tours\",\"item\":\"https:\/\/tourtravelandmore.com\/es\/tours\/\"},{\"@type\":\"ListItem\",\"position\":3,\"name\":\"Tour privado a pie Brujas con guia oficial\"}]},{\"@type\":\"WebSite\",\"@id\":\"https:\/\/tourtravelandmore.com\/es\/#website\",\"url\":\"https:\/\/tourtravelandmore.com\/es\/\",\"name\":\"Tour Travel And More\",\"description\":\"Private sightseeing tours and luxury transfers in Spain\",\"publisher\":{\"@id\":\"https:\/\/tourtravelandmore.com\/es\/#organization\"},\"potentialAction\":[{\"@type\":\"SearchAction\",\"target\":{\"@type\":\"EntryPoint\",\"urlTemplate\":\"https:\/\/tourtravelandmore.com\/es\/?s={search_term_string}\"},\"query-input\":{\"@type\":\"PropertyValueSpecification\",\"valueRequired\":true,\"valueName\":\"search_term_string\"}}],\"inLanguage\":\"es\"},{\"@type\":\"Organization\",\"@id\":\"https:\/\/tourtravelandmore.com\/es\/#organization\",\"name\":\"Tour Travel And More\",\"url\":\"https:\/\/tourtravelandmore.com\/es\/\",\"logo\":{\"@type\":\"ImageObject\",\"inLanguage\":\"es\",\"@id\":\"https:\/\/tourtravelandmore.com\/es\/#\/schema\/logo\/image\/\",\"url\":\"https:\/\/tourtravelandmore.com\/wp-content\/uploads\/2022\/12\/cropped-logo-cabecera-new.png\",\"contentUrl\":\"https:\/\/tourtravelandmore.com\/wp-content\/uploads\/2022\/12\/cropped-logo-cabecera-new.png\",\"width\":430,\"height\":61,\"caption\":\"Tour Travel And More\"},\"image\":{\"@id\":\"https:\/\/tourtravelandmore.com\/es\/#\/schema\/logo\/image\/\"},\"sameAs\":[\"https:\/\/www.facebook.com\/tourtravelandmore\/\",\"https:\/\/x.com\/TourTravel_More\"]}]}<\/script>\n<!-- \/ Yoast SEO Premium plugin. -->","yoast_head_json":{"title":"Tour Privado Brujas a pie con gu\u00eda oficial y recogida | Tour Travel and More","description":"\u2192 Reserva un tour privado Brujas con gu\u00eda oficial y descubre a pie una de las ciudades m\u00e1s bonita e impresionantes de Europa \u2705","robots":{"index":"index","follow":"follow","max-snippet":"max-snippet:-1","max-image-preview":"max-image-preview:large","max-video-preview":"max-video-preview:-1"},"canonical":"https:\/\/tourtravelandmore.com\/es\/tours\/belgica-es\/brujas-es\/tour-privado-brujas-a-pie-con-guia-oficial-y-recogida\/","og_locale":"es_ES","og_type":"article","og_title":"Tour privado a pie Brujas con guia oficial","og_description":"\u2192 Reserva un tour privado Brujas con gu\u00eda oficial y descubre a pie una de las ciudades m\u00e1s bonita e impresionantes de Europa \u2705","og_url":"https:\/\/tourtravelandmore.com\/es\/tours\/belgica-es\/brujas-es\/tour-privado-brujas-a-pie-con-guia-oficial-y-recogida\/","og_site_name":"Tour Travel And More","article_publisher":"https:\/\/www.facebook.com\/tourtravelandmore\/","article_modified_time":"2026-02-19T15:49:55+00:00","og_image":[{"width":1024,"height":680,"url":"https:\/\/tourtravelandmore.com\/wp-content\/uploads\/2019\/09\/brugges.jpg","type":"image\/jpeg"}],"twitter_card":"summary_large_image","twitter_site":"@TourTravel_More","twitter_misc":{"Tiempo de lectura":"2 minutos"},"schema":{"@context":"https:\/\/schema.org","@graph":[{"@type":"WebPage","@id":"https:\/\/tourtravelandmore.com\/es\/tours\/belgica-es\/brujas-es\/tour-privado-brujas-a-pie-con-guia-oficial-y-recogida\/","url":"https:\/\/tourtravelandmore.com\/es\/tours\/belgica-es\/brujas-es\/tour-privado-brujas-a-pie-con-guia-oficial-y-recogida\/","name":"Tour Privado Brujas a pie con gu\u00eda oficial y recogida | Tour Travel and More","isPartOf":{"@id":"https:\/\/tourtravelandmore.com\/es\/#website"},"primaryImageOfPage":{"@id":"https:\/\/tourtravelandmore.com\/es\/tours\/belgica-es\/brujas-es\/tour-privado-brujas-a-pie-con-guia-oficial-y-recogida\/#primaryimage"},"image":{"@id":"https:\/\/tourtravelandmore.com\/es\/tours\/belgica-es\/brujas-es\/tour-privado-brujas-a-pie-con-guia-oficial-y-recogida\/#primaryimage"},"thumbnailUrl":"https:\/\/tourtravelandmore.com\/wp-content\/uploads\/2019\/09\/brugges.jpg","datePublished":"2019-09-27T14:18:35+00:00","dateModified":"2026-02-19T15:49:55+00:00","description":"\u2192 Reserva un tour privado Brujas con gu\u00eda oficial y descubre a pie una de las ciudades m\u00e1s bonita e impresionantes de Europa \u2705","breadcrumb":{"@id":"https:\/\/tourtravelandmore.com\/es\/tours\/belgica-es\/brujas-es\/tour-privado-brujas-a-pie-con-guia-oficial-y-recogida\/#breadcrumb"},"inLanguage":"es","potentialAction":[{"@type":"ReadAction","target":["https:\/\/tourtravelandmore.com\/es\/tours\/belgica-es\/brujas-es\/tour-privado-brujas-a-pie-con-guia-oficial-y-recogida\/"]}]},{"@type":"ImageObject","inLanguage":"es","@id":"https:\/\/tourtravelandmore.com\/es\/tours\/belgica-es\/brujas-es\/tour-privado-brujas-a-pie-con-guia-oficial-y-recogida\/#primaryimage","url":"https:\/\/tourtravelandmore.com\/wp-content\/uploads\/2019\/09\/brugges.jpg","contentUrl":"https:\/\/tourtravelandmore.com\/wp-content\/uploads\/2019\/09\/brugges.jpg","width":1024,"height":680,"caption":"bruges"},{"@type":"BreadcrumbList","@id":"https:\/\/tourtravelandmore.com\/es\/tours\/belgica-es\/brujas-es\/tour-privado-brujas-a-pie-con-guia-oficial-y-recogida\/#breadcrumb","itemListElement":[{"@type":"ListItem","position":1,"name":"Home","item":"https:\/\/tourtravelandmore.com\/es\/"},{"@type":"ListItem","position":2,"name":"Tours","item":"https:\/\/tourtravelandmore.com\/es\/tours\/"},{"@type":"ListItem","position":3,"name":"Tour privado a pie Brujas con guia oficial"}]},{"@type":"WebSite","@id":"https:\/\/tourtravelandmore.com\/es\/#website","url":"https:\/\/tourtravelandmore.com\/es\/","name":"Tour Travel And More","description":"Private sightseeing tours and luxury transfers in Spain","publisher":{"@id":"https:\/\/tourtravelandmore.com\/es\/#organization"},"potentialAction":[{"@type":"SearchAction","target":{"@type":"EntryPoint","urlTemplate":"https:\/\/tourtravelandmore.com\/es\/?s={search_term_string}"},"query-input":{"@type":"PropertyValueSpecification","valueRequired":true,"valueName":"search_term_string"}}],"inLanguage":"es"},{"@type":"Organization","@id":"https:\/\/tourtravelandmore.com\/es\/#organization","name":"Tour Travel And More","url":"https:\/\/tourtravelandmore.com\/es\/","logo":{"@type":"ImageObject","inLanguage":"es","@id":"https:\/\/tourtravelandmore.com\/es\/#\/schema\/logo\/image\/","url":"https:\/\/tourtravelandmore.com\/wp-content\/uploads\/2022\/12\/cropped-logo-cabecera-new.png","contentUrl":"https:\/\/tourtravelandmore.com\/wp-content\/uploads\/2022\/12\/cropped-logo-cabecera-new.png","width":430,"height":61,"caption":"Tour Travel And More"},"image":{"@id":"https:\/\/tourtravelandmore.com\/es\/#\/schema\/logo\/image\/"},"sameAs":["https:\/\/www.facebook.com\/tourtravelandmore\/","https:\/\/x.com\/TourTravel_More"]}]}},"_links":{"self":[{"href":"https:\/\/tourtravelandmore.com\/es\/wp-json\/wp\/v2\/product\/67210","targetHints":{"allow":["GET"]}}],"collection":[{"href":"https:\/\/tourtravelandmore.com\/es\/wp-json\/wp\/v2\/product"}],"about":[{"href":"https:\/\/tourtravelandmore.com\/es\/wp-json\/wp\/v2\/types\/product"}],"replies":[{"embeddable":true,"href":"https:\/\/tourtravelandmore.com\/es\/wp-json\/wp\/v2\/comments?post=67210"}],"wp:featuredmedia":[{"embeddable":true,"href":"https:\/\/tourtravelandmore.com\/es\/wp-json\/wp\/v2\/media\/67245"}],"wp:attachment":[{"href":"https:\/\/tourtravelandmore.com\/es\/wp-json\/wp\/v2\/media?parent=67210"}],"wp:term":[{"taxonomy":"product_brand","embeddable":true,"href":"https:\/\/tourtravelandmore.com\/es\/wp-json\/wp\/v2\/product_brand?post=67210"},{"taxonomy":"product_cat","embeddable":true,"href":"https:\/\/tourtravelandmore.com\/es\/wp-json\/wp\/v2\/product_cat?post=67210"},{"taxonomy":"product_tag","embeddable":true,"href":"https:\/\/tourtravelandmore.com\/es\/wp-json\/wp\/v2\/product_tag?post=67210"}],"curies":[{"name":"wp","href":"https:\/\/api.w.org\/{rel}","templated":true}]}}